{"id":4747,"date":"2026-02-06T11:13:32","date_gmt":"2026-02-06T14:13:32","guid":{"rendered":"http:\/\/ww16.ce.gov.br\/hm\/?page_id=4747"},"modified":"2026-02-06T11:13:34","modified_gmt":"2026-02-06T14:13:34","slug":"hospital-de-messejana-divulga-novos-numeros-de-telefone-confira","status":"publish","type":"page","link":"https:\/\/ww16.ce.gov.br\/hm\/hospital-de-messejana-divulga-novos-numeros-de-telefone-confira\/","title":{"rendered":"Hospital de Messejana divulga novos n\u00fameros de telefone. Confira!"},"content":{"rendered":"\n<figure class=\"wp-block-image size-full\"><img loading=\"lazy\" decoding=\"async\" width=\"775\" height=\"485\" src=\"https:\/\/ww16.ce.gov.br\/hm\/wp-content\/uploads\/sites\/25\/2026\/02\/WhatsApp-Image-2025-10-13-at-15.19.44-1.jpeg\" alt=\"\" class=\"wp-image-4749\" srcset=\"https:\/\/ww16.ce.gov.br\/hm\/wp-content\/uploads\/sites\/25\/2026\/02\/WhatsApp-Image-2025-10-13-at-15.19.44-1.jpeg 775w, https:\/\/ww16.ce.gov.br\/hm\/wp-content\/uploads\/sites\/25\/2026\/02\/WhatsApp-Image-2025-10-13-at-15.19.44-1-600x375.jpeg 600w, https:\/\/ww16.ce.gov.br\/hm\/wp-content\/uploads\/sites\/25\/2026\/02\/WhatsApp-Image-2025-10-13-at-15.19.44-1-768x481.jpeg 768w\" sizes=\"auto, (max-width: 775px) 100vw, 775px\" \/><\/figure>\n\n\n\n<p>O Hospital de Messejana Dr. Carlos Alberto Studart Gomes (HM), unidade da Secretaria da Sa\u00fade do Cear\u00e1 (Sesa), est\u00e1 com novos n\u00fameros de telefone para atendimento ao p\u00fablico. A mudan\u00e7a integra a moderniza\u00e7\u00e3o da infraestrutura de comunica\u00e7\u00e3o da unidade e utiliza a tecnologia com transmiss\u00e3o via cabo e sem uso da rede telef\u00f4nica tradicional.<\/p>\n\n\n\n<p>Os novos contatos j\u00e1 est\u00e3o dispon\u00edveis para diversos setores que mant\u00eam atendimento direto com o p\u00fablico. A implanta\u00e7\u00e3o do sistema oferece maior qualidade nas liga\u00e7\u00f5es, estabilidade no servi\u00e7o e amplia as possibilidades de comunica\u00e7\u00e3o com a popula\u00e7\u00e3o que busca os servi\u00e7os do hospital.<\/p>\n\n\n\n<p>O Hospital refor\u00e7a o compromisso em oferecer um atendimento mais \u00e1gil, moderno e acess\u00edvel, com melhoria cont\u00ednua dos servi\u00e7os prestados \u00e0 popula\u00e7\u00e3o.<\/p>\n\n\n\n<p><strong>Confira a lista dos novos contatos:<\/strong><\/p>\n\n\n\n<p><strong>Assessoria de Comunica\u00e7\u00e3o:<\/strong>&nbsp;(85) 3125-9625<\/p>\n\n\n\n<p><strong>Broncoscopia:<\/strong>&nbsp;(85) 3125-9661<\/p>\n\n\n\n<p><strong>Centro de Estudos, Aperfei\u00e7oamento e Pesquisa (Ceap):<\/strong>&nbsp;3125-9721<\/p>\n\n\n\n<p><strong>Dire\u00e7\u00e3o-geral:<\/strong>&nbsp;(85) 3125-9722<\/p>\n\n\n\n<p><strong>Dire\u00e7\u00e3o M\u00e9dica:<\/strong>&nbsp;(85) 3125-9723<\/p>\n\n\n\n<p><strong>Dire\u00e7\u00e3o T\u00e9cnica:<\/strong>&nbsp;(85) 3125-9724<\/p>\n\n\n\n<p><strong>Dire\u00e7\u00e3o Administrativa Financeira:<\/strong>&nbsp;(85) 3125-9726<\/p>\n\n\n\n<p><strong>Emerg\u00eancia (Administra\u00e7\u00e3o):<\/strong>&nbsp;3125-9696<\/p>\n\n\n\n<p><strong>Ger\u00eancia de Enfermagem:<\/strong>&nbsp;(85)&nbsp;3125-9729<\/p>\n\n\n\n<p><strong>Hemodin\u00e2mica:<\/strong>&nbsp;(85) 3125-9714<\/p>\n\n\n\n<p><strong>Marca\u00e7\u00e3o de Consultas:<\/strong>&nbsp;(85) 3125-9636 e (85) 3125-9637<\/p>\n\n\n\n<p><strong>Marca\u00e7\u00e3o de Exames:<\/strong>&nbsp;(85) 3125-9639<\/p>\n\n\n\n<p><strong>N\u00facleo de Atendimento ao Cliente (NAC):<\/strong>&nbsp;(85) 3125-9675<\/p>\n\n\n\n<p><strong>N\u00facleo de Educa\u00e7\u00e3o Permanente em Sa\u00fade (Neps):<\/strong>&nbsp;(85) 3106-4298<\/p>\n\n\n\n<p><strong>Ouvidoria:<\/strong>&nbsp;(85) 3125-9672<\/p>\n\n\n\n<p><strong>Protocolo:<\/strong>&nbsp;(85) 31259673<\/p>\n\n\n\n<p><strong>Recep\u00e7\u00e3o:<\/strong>&nbsp;(85) 3125-9727<\/p>\n\n\n\n<p><strong>Reabilita\u00e7\u00e3o Pulmonar:<\/strong>&nbsp;(85) 3125-9728<\/p>\n\n\n\n<p><strong>Servi\u00e7o Social Pediatria:<\/strong>&nbsp;(85) 3125-9710<\/p>\n\n\n\n<p><strong>Servi\u00e7o Social da Emerg\u00eancia:<\/strong>&nbsp;(85) 3125-9693<\/p>\n\n\n\n<p><strong>Servi\u00e7o Social UTIs:<\/strong>&nbsp;(85) 3125-9671<\/p>\n\n\n\n<p><strong>Servi\u00e7o de Cirurgia Eletiva:<\/strong>&nbsp;(85) 3106-4323<\/p>\n\n\n\n<p><strong>Servi\u00e7o de Cirurgia Tor\u00e1cica e Transplante Pulmonar:<\/strong>&nbsp;(85) 3125-9664 \/ (85) 3125-9663<\/p>\n\n\n\n<p><strong>Unidade de Transplante e Insufici\u00eancia Card\u00edaca:<\/strong>&nbsp;(85) 3125-9731<\/p>\n\n\n\n<p><strong>Unidade de Material e Patrim\u00f4nio:&nbsp;<\/strong>(85) 3106-4367<\/p>\n\n\n\n<p><\/p>\n","protected":false},"excerpt":{"rendered":"<p>O Hospital de Messejana Dr. Carlos Alberto Studart Gomes (HM), unidade da Secretaria da Sa\u00fade do Cear\u00e1 (Sesa), est\u00e1 com novos n\u00fameros de telefone para atendimento ao p\u00fablico. A mudan\u00e7a integra a moderniza\u00e7\u00e3o da infraestrutura de comunica\u00e7\u00e3o da unidade e utiliza a tecnologia com transmiss\u00e3o via cabo e sem uso da rede telef\u00f4nica tradicional. Os [&hellip;]<\/p>\n","protected":false},"author":38,"featured_media":0,"parent":0,"menu_order":0,"comment_status":"closed","ping_status":"closed","template":"","meta":{"_acf_changed":false,"inline_featured_image":false,"footnotes":""},"class_list":["post-4747","page","type-page","status-publish","hentry"],"acf":[],"yoast_head":"<!-- This site is optimized with the Yoast SEO plugin v26.9 - https:\/\/yoast.com\/product\/yoast-seo-wordpress\/ -->\n<title>Hospital de Messejana divulga novos n\u00fameros de telefone. Confira! - Hospital de Messejana<\/title>\n<meta name=\"robots\" content=\"index, follow, max-snippet:-1, max-image-preview:large, max-video-preview:-1\" \/>\n<link rel=\"canonical\" href=\"https:\/\/ww16.ce.gov.br\/hm\/hospital-de-messejana-divulga-novos-numeros-de-telefone-confira\/\" \/>\n<meta property=\"og:locale\" content=\"pt_BR\" \/>\n<meta property=\"og:type\" content=\"article\" \/>\n<meta property=\"og:title\" content=\"Hospital de Messejana divulga novos n\u00fameros de telefone. Confira! - Hospital de Messejana\" \/>\n<meta property=\"og:description\" content=\"O Hospital de Messejana Dr. Carlos Alberto Studart Gomes (HM), unidade da Secretaria da Sa\u00fade do Cear\u00e1 (Sesa), est\u00e1 com novos n\u00fameros de telefone para atendimento ao p\u00fablico. A mudan\u00e7a integra a moderniza\u00e7\u00e3o da infraestrutura de comunica\u00e7\u00e3o da unidade e utiliza a tecnologia com transmiss\u00e3o via cabo e sem uso da rede telef\u00f4nica tradicional. Os [&hellip;]\" \/>\n<meta property=\"og:url\" content=\"https:\/\/ww16.ce.gov.br\/hm\/hospital-de-messejana-divulga-novos-numeros-de-telefone-confira\/\" \/>\n<meta property=\"og:site_name\" content=\"Hospital de Messejana\" \/>\n<meta property=\"article:modified_time\" content=\"2026-02-06T14:13:34+00:00\" \/>\n<meta property=\"og:image\" content=\"http:\/\/ww16.ce.gov.br\/hm\/wp-content\/uploads\/sites\/25\/2026\/02\/WhatsApp-Image-2025-10-13-at-15.19.44-1.jpeg\" \/>\n<meta name=\"twitter:card\" content=\"summary_large_image\" \/>\n<meta name=\"twitter:label1\" content=\"Est. reading time\" \/>\n\t<meta name=\"twitter:data1\" content=\"2 minutos\" \/>\n<script type=\"application\/ld+json\" class=\"yoast-schema-graph\">{\"@context\":\"https:\/\/schema.org\",\"@graph\":[{\"@type\":\"WebPage\",\"@id\":\"https:\/\/ww16.ce.gov.br\/hm\/hospital-de-messejana-divulga-novos-numeros-de-telefone-confira\/\",\"url\":\"https:\/\/ww16.ce.gov.br\/hm\/hospital-de-messejana-divulga-novos-numeros-de-telefone-confira\/\",\"name\":\"Hospital de Messejana divulga novos n\u00fameros de telefone. Confira! - Hospital de Messejana\",\"isPartOf\":{\"@id\":\"https:\/\/ww16.ce.gov.br\/hm\/#website\"},\"primaryImageOfPage\":{\"@id\":\"https:\/\/ww16.ce.gov.br\/hm\/hospital-de-messejana-divulga-novos-numeros-de-telefone-confira\/#primaryimage\"},\"image\":{\"@id\":\"https:\/\/ww16.ce.gov.br\/hm\/hospital-de-messejana-divulga-novos-numeros-de-telefone-confira\/#primaryimage\"},\"thumbnailUrl\":\"http:\/\/ww16.ce.gov.br\/hm\/wp-content\/uploads\/sites\/25\/2026\/02\/WhatsApp-Image-2025-10-13-at-15.19.44-1.jpeg\",\"datePublished\":\"2026-02-06T14:13:32+00:00\",\"dateModified\":\"2026-02-06T14:13:34+00:00\",\"breadcrumb\":{\"@id\":\"https:\/\/ww16.ce.gov.br\/hm\/hospital-de-messejana-divulga-novos-numeros-de-telefone-confira\/#breadcrumb\"},\"inLanguage\":\"pt-BR\",\"potentialAction\":[{\"@type\":\"ReadAction\",\"target\":[\"https:\/\/ww16.ce.gov.br\/hm\/hospital-de-messejana-divulga-novos-numeros-de-telefone-confira\/\"]}]},{\"@type\":\"ImageObject\",\"inLanguage\":\"pt-BR\",\"@id\":\"https:\/\/ww16.ce.gov.br\/hm\/hospital-de-messejana-divulga-novos-numeros-de-telefone-confira\/#primaryimage\",\"url\":\"https:\/\/ww16.ce.gov.br\/hm\/wp-content\/uploads\/sites\/25\/2026\/02\/WhatsApp-Image-2025-10-13-at-15.19.44-1.jpeg\",\"contentUrl\":\"https:\/\/ww16.ce.gov.br\/hm\/wp-content\/uploads\/sites\/25\/2026\/02\/WhatsApp-Image-2025-10-13-at-15.19.44-1.jpeg\",\"width\":775,\"height\":485},{\"@type\":\"BreadcrumbList\",\"@id\":\"https:\/\/ww16.ce.gov.br\/hm\/hospital-de-messejana-divulga-novos-numeros-de-telefone-confira\/#breadcrumb\",\"itemListElement\":[{\"@type\":\"ListItem\",\"position\":1,\"name\":\"In\u00edcio\",\"item\":\"https:\/\/ww16.ce.gov.br\/hm\/\"},{\"@type\":\"ListItem\",\"position\":2,\"name\":\"Hospital de Messejana divulga novos n\u00fameros de telefone. Confira!\"}]},{\"@type\":\"WebSite\",\"@id\":\"https:\/\/ww16.ce.gov.br\/hm\/#website\",\"url\":\"https:\/\/ww16.ce.gov.br\/hm\/\",\"name\":\"Hospital de Messejana\",\"description\":\"Modelo Padr\u00e3o do Estado\",\"potentialAction\":[{\"@type\":\"SearchAction\",\"target\":{\"@type\":\"EntryPoint\",\"urlTemplate\":\"https:\/\/ww16.ce.gov.br\/hm\/?s={search_term_string}\"},\"query-input\":{\"@type\":\"PropertyValueSpecification\",\"valueRequired\":true,\"valueName\":\"search_term_string\"}}],\"inLanguage\":\"pt-BR\"}]}<\/script>\n<!-- \/ Yoast SEO plugin. -->","yoast_head_json":{"title":"Hospital de Messejana divulga novos n\u00fameros de telefone. Confira! - Hospital de Messejana","robots":{"index":"index","follow":"follow","max-snippet":"max-snippet:-1","max-image-preview":"max-image-preview:large","max-video-preview":"max-video-preview:-1"},"canonical":"https:\/\/ww16.ce.gov.br\/hm\/hospital-de-messejana-divulga-novos-numeros-de-telefone-confira\/","og_locale":"pt_BR","og_type":"article","og_title":"Hospital de Messejana divulga novos n\u00fameros de telefone. Confira! - Hospital de Messejana","og_description":"O Hospital de Messejana Dr. Carlos Alberto Studart Gomes (HM), unidade da Secretaria da Sa\u00fade do Cear\u00e1 (Sesa), est\u00e1 com novos n\u00fameros de telefone para atendimento ao p\u00fablico. A mudan\u00e7a integra a moderniza\u00e7\u00e3o da infraestrutura de comunica\u00e7\u00e3o da unidade e utiliza a tecnologia com transmiss\u00e3o via cabo e sem uso da rede telef\u00f4nica tradicional. Os [&hellip;]","og_url":"https:\/\/ww16.ce.gov.br\/hm\/hospital-de-messejana-divulga-novos-numeros-de-telefone-confira\/","og_site_name":"Hospital de Messejana","article_modified_time":"2026-02-06T14:13:34+00:00","og_image":[{"url":"http:\/\/ww16.ce.gov.br\/hm\/wp-content\/uploads\/sites\/25\/2026\/02\/WhatsApp-Image-2025-10-13-at-15.19.44-1.jpeg","type":"","width":"","height":""}],"twitter_card":"summary_large_image","twitter_misc":{"Est. reading time":"2 minutos"},"schema":{"@context":"https:\/\/schema.org","@graph":[{"@type":"WebPage","@id":"https:\/\/ww16.ce.gov.br\/hm\/hospital-de-messejana-divulga-novos-numeros-de-telefone-confira\/","url":"https:\/\/ww16.ce.gov.br\/hm\/hospital-de-messejana-divulga-novos-numeros-de-telefone-confira\/","name":"Hospital de Messejana divulga novos n\u00fameros de telefone. Confira! - Hospital de Messejana","isPartOf":{"@id":"https:\/\/ww16.ce.gov.br\/hm\/#website"},"primaryImageOfPage":{"@id":"https:\/\/ww16.ce.gov.br\/hm\/hospital-de-messejana-divulga-novos-numeros-de-telefone-confira\/#primaryimage"},"image":{"@id":"https:\/\/ww16.ce.gov.br\/hm\/hospital-de-messejana-divulga-novos-numeros-de-telefone-confira\/#primaryimage"},"thumbnailUrl":"http:\/\/ww16.ce.gov.br\/hm\/wp-content\/uploads\/sites\/25\/2026\/02\/WhatsApp-Image-2025-10-13-at-15.19.44-1.jpeg","datePublished":"2026-02-06T14:13:32+00:00","dateModified":"2026-02-06T14:13:34+00:00","breadcrumb":{"@id":"https:\/\/ww16.ce.gov.br\/hm\/hospital-de-messejana-divulga-novos-numeros-de-telefone-confira\/#breadcrumb"},"inLanguage":"pt-BR","potentialAction":[{"@type":"ReadAction","target":["https:\/\/ww16.ce.gov.br\/hm\/hospital-de-messejana-divulga-novos-numeros-de-telefone-confira\/"]}]},{"@type":"ImageObject","inLanguage":"pt-BR","@id":"https:\/\/ww16.ce.gov.br\/hm\/hospital-de-messejana-divulga-novos-numeros-de-telefone-confira\/#primaryimage","url":"https:\/\/ww16.ce.gov.br\/hm\/wp-content\/uploads\/sites\/25\/2026\/02\/WhatsApp-Image-2025-10-13-at-15.19.44-1.jpeg","contentUrl":"https:\/\/ww16.ce.gov.br\/hm\/wp-content\/uploads\/sites\/25\/2026\/02\/WhatsApp-Image-2025-10-13-at-15.19.44-1.jpeg","width":775,"height":485},{"@type":"BreadcrumbList","@id":"https:\/\/ww16.ce.gov.br\/hm\/hospital-de-messejana-divulga-novos-numeros-de-telefone-confira\/#breadcrumb","itemListElement":[{"@type":"ListItem","position":1,"name":"In\u00edcio","item":"https:\/\/ww16.ce.gov.br\/hm\/"},{"@type":"ListItem","position":2,"name":"Hospital de Messejana divulga novos n\u00fameros de telefone. Confira!"}]},{"@type":"WebSite","@id":"https:\/\/ww16.ce.gov.br\/hm\/#website","url":"https:\/\/ww16.ce.gov.br\/hm\/","name":"Hospital de Messejana","description":"Modelo Padr\u00e3o do Estado","potentialAction":[{"@type":"SearchAction","target":{"@type":"EntryPoint","urlTemplate":"https:\/\/ww16.ce.gov.br\/hm\/?s={search_term_string}"},"query-input":{"@type":"PropertyValueSpecification","valueRequired":true,"valueName":"search_term_string"}}],"inLanguage":"pt-BR"}]}},"_links":{"self":[{"href":"https:\/\/ww16.ce.gov.br\/hm\/wp-json\/wp\/v2\/pages\/4747","targetHints":{"allow":["GET"]}}],"collection":[{"href":"https:\/\/ww16.ce.gov.br\/hm\/wp-json\/wp\/v2\/pages"}],"about":[{"href":"https:\/\/ww16.ce.gov.br\/hm\/wp-json\/wp\/v2\/types\/page"}],"author":[{"embeddable":true,"href":"https:\/\/ww16.ce.gov.br\/hm\/wp-json\/wp\/v2\/users\/38"}],"replies":[{"embeddable":true,"href":"https:\/\/ww16.ce.gov.br\/hm\/wp-json\/wp\/v2\/comments?post=4747"}],"version-history":[{"count":1,"href":"https:\/\/ww16.ce.gov.br\/hm\/wp-json\/wp\/v2\/pages\/4747\/revisions"}],"predecessor-version":[{"id":4750,"href":"https:\/\/ww16.ce.gov.br\/hm\/wp-json\/wp\/v2\/pages\/4747\/revisions\/4750"}],"wp:attachment":[{"href":"https:\/\/ww16.ce.gov.br\/hm\/wp-json\/wp\/v2\/media?parent=4747"}],"curies":[{"name":"wp","href":"https:\/\/api.w.org\/{rel}","templated":true}]}}