{"id":4736,"date":"2026-02-06T10:56:32","date_gmt":"2026-02-06T13:56:32","guid":{"rendered":"http:\/\/ww16.ce.gov.br\/hm\/?page_id=4736"},"modified":"2026-02-06T10:56:35","modified_gmt":"2026-02-06T13:56:35","slug":"horarios-de-visitas-e-trocas-de-acompanhantes-2","status":"publish","type":"page","link":"https:\/\/ww16.ce.gov.br\/hm\/horarios-de-visitas-e-trocas-de-acompanhantes-2\/","title":{"rendered":"Hor\u00e1rios de visitas e trocas de acompanhantes"},"content":{"rendered":"\n<p><\/p>\n\n\n\n<h3 class=\"wp-block-heading has-black-color has-text-color has-link-color wp-elements-3d88dd10c8bb87aa0e7891e6b6a82c60\"><strong>Orienta\u00e7\u00f5es para visitas nas Enfermarias<\/strong><\/h3>\n\n\n\n<p><strong>Todos os dias<\/strong><br><strong>Hor\u00e1rio:<\/strong>&nbsp;das 15h30 \u00e0s 17h<br>Dois visitantes diariamente<\/p>\n\n\n\n<h3 class=\"wp-block-heading\"><strong>Orienta\u00e7\u00f5es para as visitas no Risco<\/strong><\/h3>\n\n\n\n<p><strong>Todos os dias<\/strong><br><strong>Hor\u00e1rio:<\/strong>&nbsp;das 15h \u00e0s 16h<br>Dois visitantes diariamente<\/p>\n\n\n\n<h3 class=\"wp-block-heading\"><strong>Orienta\u00e7\u00f5es para as visitas nas Unidades de Terapia Intensiva (UTIs)*<\/strong><\/h3>\n\n\n\n<p><strong>Todos os dias<\/strong><\/p>\n\n\n\n<p>UTI Respirat\u00f3ria \u2013 das 15h30 \u00e0s 16h30 (dois visitantes diariamente)<\/p>\n\n\n\n<p>UTI P\u00f3s-Operat\u00f3ria Adulto \u2013 das 15h30 \u00e0s 16h30 (um visitante diariamente)<\/p>\n\n\n\n<p>Uti Semi-Intensiva \u2013 das 15h30 \u00e0s 16h30 (dois visitantes diariamente)<\/p>\n\n\n\n<p>UTI Coronariana e UTI Cardiopulmonar \u2013 das 15h \u00e0s 16 (dois visitantes diariamente)<\/p>\n\n\n\n<h3 class=\"wp-block-heading\"><strong>Hor\u00e1rios para trocas de acompanhantes<\/strong><\/h3>\n\n\n\n<p><strong>Todos os dias<\/strong><\/p>\n\n\n\n<p>\u2022 Das 7h \u00e0s 9h<br>\u2022 Das 17h \u00e0s 19h<\/p>\n\n\n\n<h3 class=\"wp-block-heading\"><strong>Observa\u00e7\u00f5es<\/strong><\/h3>\n\n\n\n<p>\u00b7 S\u00f3 \u00e9 permitida a entrada de pessoas devidamente identificadas, portando documento oficial (RG, carteira de motorista e\/ou passaporte);<\/p>\n\n\n\n<p>\u00b7 N\u00e3o \u00e9 permitida a entrada de visitantes com roupas curta. Fica permitida a entrada de mulheres de saia e shorts no joelho e homens somente de cal\u00e7a;<\/p>\n\n\n\n<p>\u00b7 N\u00e3o \u00e9 permitida a entrada de alimentos;<\/p>\n\n\n\n<p>\u00b7 Visita fora do hor\u00e1rio apenas com autoriza\u00e7\u00e3o do Servi\u00e7o Social. Orienta\u00e7\u00f5es acerca dos direitos sociais tamb\u00e9m devem ser tratadas com o Servi\u00e7o Social.<\/p>\n\n\n\n<h3 class=\"wp-block-heading\"><strong>Contatos<\/strong><\/h3>\n\n\n\n<p>O hor\u00e1rio de atendimento de alguns servi\u00e7os do Hospital de Messejana \u00e9 de segunda a sexta-feira, das 8h \u00e0s 17h. Outros, como o Plant\u00e3o do Servi\u00e7o Social, funcionam 24h, todos os dias da semana.<\/p>\n\n\n\n<p>\u2022&nbsp;<strong>Servi\u00e7o Social:<\/strong>&nbsp;(85) 3101-4133<br>\u2022&nbsp;<strong>Ouvidoria:<\/strong>&nbsp;(85) 3101-4158<br>\u2022&nbsp;<strong>Recep\u00e7\u00e3o principal:<\/strong>&nbsp;(85) 3101-4151<br>\u2022&nbsp;<strong>N\u00facleo de Atendimento ao Cliente (NAC):<\/strong>&nbsp;(85) 3101-4138<br>\u2022&nbsp;<strong>N\u00facleo Interno de Regula\u00e7\u00e3o (NIR):<\/strong>&nbsp;(85) 3274-7678<br>\u2022&nbsp;<strong>Centro de Estudos Aperfei\u00e7oamento e Pesquisa:<\/strong>&nbsp;(85) 3101-4162<br>\u2022&nbsp;<strong>Marca\u00e7\u00e3o de Consultas:<\/strong>&nbsp;(85) 3101-4112 \/ 3101-4156 \/ 3101-4075 \/ 3274-6586<\/p>\n","protected":false},"excerpt":{"rendered":"<p>Orienta\u00e7\u00f5es para visitas nas Enfermarias Todos os diasHor\u00e1rio:&nbsp;das 15h30 \u00e0s 17hDois visitantes diariamente Orienta\u00e7\u00f5es para as visitas no Risco Todos os diasHor\u00e1rio:&nbsp;das 15h \u00e0s 16hDois visitantes diariamente Orienta\u00e7\u00f5es para as visitas nas Unidades de Terapia Intensiva (UTIs)* Todos os dias UTI Respirat\u00f3ria \u2013 das 15h30 \u00e0s 16h30 (dois visitantes diariamente) UTI P\u00f3s-Operat\u00f3ria Adulto \u2013 das [&hellip;]<\/p>\n","protected":false},"author":38,"featured_media":0,"parent":0,"menu_order":0,"comment_status":"closed","ping_status":"closed","template":"","meta":{"_acf_changed":false,"inline_featured_image":false,"footnotes":""},"class_list":["post-4736","page","type-page","status-publish","hentry"],"acf":[],"yoast_head":"<!-- This site is optimized with the Yoast SEO plugin v26.9 - https:\/\/yoast.com\/product\/yoast-seo-wordpress\/ -->\n<title>Hor\u00e1rios de visitas e trocas de acompanhantes - Hospital de Messejana<\/title>\n<meta name=\"robots\" content=\"index, follow, max-snippet:-1, max-image-preview:large, max-video-preview:-1\" \/>\n<link rel=\"canonical\" href=\"https:\/\/ww16.ce.gov.br\/hm\/horarios-de-visitas-e-trocas-de-acompanhantes-2\/\" \/>\n<meta property=\"og:locale\" content=\"pt_BR\" \/>\n<meta property=\"og:type\" content=\"article\" \/>\n<meta property=\"og:title\" content=\"Hor\u00e1rios de visitas e trocas de acompanhantes - Hospital de Messejana\" \/>\n<meta property=\"og:description\" content=\"Orienta\u00e7\u00f5es para visitas nas Enfermarias Todos os diasHor\u00e1rio:&nbsp;das 15h30 \u00e0s 17hDois visitantes diariamente Orienta\u00e7\u00f5es para as visitas no Risco Todos os diasHor\u00e1rio:&nbsp;das 15h \u00e0s 16hDois visitantes diariamente Orienta\u00e7\u00f5es para as visitas nas Unidades de Terapia Intensiva (UTIs)* Todos os dias UTI Respirat\u00f3ria \u2013 das 15h30 \u00e0s 16h30 (dois visitantes diariamente) UTI P\u00f3s-Operat\u00f3ria Adulto \u2013 das [&hellip;]\" \/>\n<meta property=\"og:url\" content=\"https:\/\/ww16.ce.gov.br\/hm\/horarios-de-visitas-e-trocas-de-acompanhantes-2\/\" \/>\n<meta property=\"og:site_name\" content=\"Hospital de Messejana\" \/>\n<meta property=\"article:modified_time\" content=\"2026-02-06T13:56:35+00:00\" \/>\n<meta name=\"twitter:card\" content=\"summary_large_image\" \/>\n<meta name=\"twitter:label1\" content=\"Est. reading time\" \/>\n\t<meta name=\"twitter:data1\" content=\"2 minutos\" \/>\n<script type=\"application\/ld+json\" class=\"yoast-schema-graph\">{\"@context\":\"https:\/\/schema.org\",\"@graph\":[{\"@type\":\"WebPage\",\"@id\":\"https:\/\/ww16.ce.gov.br\/hm\/horarios-de-visitas-e-trocas-de-acompanhantes-2\/\",\"url\":\"https:\/\/ww16.ce.gov.br\/hm\/horarios-de-visitas-e-trocas-de-acompanhantes-2\/\",\"name\":\"Hor\u00e1rios de visitas e trocas de acompanhantes - Hospital de Messejana\",\"isPartOf\":{\"@id\":\"https:\/\/ww16.ce.gov.br\/hm\/#website\"},\"datePublished\":\"2026-02-06T13:56:32+00:00\",\"dateModified\":\"2026-02-06T13:56:35+00:00\",\"breadcrumb\":{\"@id\":\"https:\/\/ww16.ce.gov.br\/hm\/horarios-de-visitas-e-trocas-de-acompanhantes-2\/#breadcrumb\"},\"inLanguage\":\"pt-BR\",\"potentialAction\":[{\"@type\":\"ReadAction\",\"target\":[\"https:\/\/ww16.ce.gov.br\/hm\/horarios-de-visitas-e-trocas-de-acompanhantes-2\/\"]}]},{\"@type\":\"BreadcrumbList\",\"@id\":\"https:\/\/ww16.ce.gov.br\/hm\/horarios-de-visitas-e-trocas-de-acompanhantes-2\/#breadcrumb\",\"itemListElement\":[{\"@type\":\"ListItem\",\"position\":1,\"name\":\"In\u00edcio\",\"item\":\"https:\/\/ww16.ce.gov.br\/hm\/\"},{\"@type\":\"ListItem\",\"position\":2,\"name\":\"Hor\u00e1rios de visitas e trocas de acompanhantes\"}]},{\"@type\":\"WebSite\",\"@id\":\"https:\/\/ww16.ce.gov.br\/hm\/#website\",\"url\":\"https:\/\/ww16.ce.gov.br\/hm\/\",\"name\":\"Hospital de Messejana\",\"description\":\"Modelo Padr\u00e3o do Estado\",\"potentialAction\":[{\"@type\":\"SearchAction\",\"target\":{\"@type\":\"EntryPoint\",\"urlTemplate\":\"https:\/\/ww16.ce.gov.br\/hm\/?s={search_term_string}\"},\"query-input\":{\"@type\":\"PropertyValueSpecification\",\"valueRequired\":true,\"valueName\":\"search_term_string\"}}],\"inLanguage\":\"pt-BR\"}]}<\/script>\n<!-- \/ Yoast SEO plugin. -->","yoast_head_json":{"title":"Hor\u00e1rios de visitas e trocas de acompanhantes - Hospital de Messejana","robots":{"index":"index","follow":"follow","max-snippet":"max-snippet:-1","max-image-preview":"max-image-preview:large","max-video-preview":"max-video-preview:-1"},"canonical":"https:\/\/ww16.ce.gov.br\/hm\/horarios-de-visitas-e-trocas-de-acompanhantes-2\/","og_locale":"pt_BR","og_type":"article","og_title":"Hor\u00e1rios de visitas e trocas de acompanhantes - Hospital de Messejana","og_description":"Orienta\u00e7\u00f5es para visitas nas Enfermarias Todos os diasHor\u00e1rio:&nbsp;das 15h30 \u00e0s 17hDois visitantes diariamente Orienta\u00e7\u00f5es para as visitas no Risco Todos os diasHor\u00e1rio:&nbsp;das 15h \u00e0s 16hDois visitantes diariamente Orienta\u00e7\u00f5es para as visitas nas Unidades de Terapia Intensiva (UTIs)* Todos os dias UTI Respirat\u00f3ria \u2013 das 15h30 \u00e0s 16h30 (dois visitantes diariamente) UTI P\u00f3s-Operat\u00f3ria Adulto \u2013 das [&hellip;]","og_url":"https:\/\/ww16.ce.gov.br\/hm\/horarios-de-visitas-e-trocas-de-acompanhantes-2\/","og_site_name":"Hospital de Messejana","article_modified_time":"2026-02-06T13:56:35+00:00","twitter_card":"summary_large_image","twitter_misc":{"Est. reading time":"2 minutos"},"schema":{"@context":"https:\/\/schema.org","@graph":[{"@type":"WebPage","@id":"https:\/\/ww16.ce.gov.br\/hm\/horarios-de-visitas-e-trocas-de-acompanhantes-2\/","url":"https:\/\/ww16.ce.gov.br\/hm\/horarios-de-visitas-e-trocas-de-acompanhantes-2\/","name":"Hor\u00e1rios de visitas e trocas de acompanhantes - Hospital de Messejana","isPartOf":{"@id":"https:\/\/ww16.ce.gov.br\/hm\/#website"},"datePublished":"2026-02-06T13:56:32+00:00","dateModified":"2026-02-06T13:56:35+00:00","breadcrumb":{"@id":"https:\/\/ww16.ce.gov.br\/hm\/horarios-de-visitas-e-trocas-de-acompanhantes-2\/#breadcrumb"},"inLanguage":"pt-BR","potentialAction":[{"@type":"ReadAction","target":["https:\/\/ww16.ce.gov.br\/hm\/horarios-de-visitas-e-trocas-de-acompanhantes-2\/"]}]},{"@type":"BreadcrumbList","@id":"https:\/\/ww16.ce.gov.br\/hm\/horarios-de-visitas-e-trocas-de-acompanhantes-2\/#breadcrumb","itemListElement":[{"@type":"ListItem","position":1,"name":"In\u00edcio","item":"https:\/\/ww16.ce.gov.br\/hm\/"},{"@type":"ListItem","position":2,"name":"Hor\u00e1rios de visitas e trocas de acompanhantes"}]},{"@type":"WebSite","@id":"https:\/\/ww16.ce.gov.br\/hm\/#website","url":"https:\/\/ww16.ce.gov.br\/hm\/","name":"Hospital de Messejana","description":"Modelo Padr\u00e3o do Estado","potentialAction":[{"@type":"SearchAction","target":{"@type":"EntryPoint","urlTemplate":"https:\/\/ww16.ce.gov.br\/hm\/?s={search_term_string}"},"query-input":{"@type":"PropertyValueSpecification","valueRequired":true,"valueName":"search_term_string"}}],"inLanguage":"pt-BR"}]}},"_links":{"self":[{"href":"https:\/\/ww16.ce.gov.br\/hm\/wp-json\/wp\/v2\/pages\/4736","targetHints":{"allow":["GET"]}}],"collection":[{"href":"https:\/\/ww16.ce.gov.br\/hm\/wp-json\/wp\/v2\/pages"}],"about":[{"href":"https:\/\/ww16.ce.gov.br\/hm\/wp-json\/wp\/v2\/types\/page"}],"author":[{"embeddable":true,"href":"https:\/\/ww16.ce.gov.br\/hm\/wp-json\/wp\/v2\/users\/38"}],"replies":[{"embeddable":true,"href":"https:\/\/ww16.ce.gov.br\/hm\/wp-json\/wp\/v2\/comments?post=4736"}],"version-history":[{"count":1,"href":"https:\/\/ww16.ce.gov.br\/hm\/wp-json\/wp\/v2\/pages\/4736\/revisions"}],"predecessor-version":[{"id":4738,"href":"https:\/\/ww16.ce.gov.br\/hm\/wp-json\/wp\/v2\/pages\/4736\/revisions\/4738"}],"wp:attachment":[{"href":"https:\/\/ww16.ce.gov.br\/hm\/wp-json\/wp\/v2\/media?parent=4736"}],"curies":[{"name":"wp","href":"https:\/\/api.w.org\/{rel}","templated":true}]}}