{"id":4715,"date":"2026-02-06T10:02:17","date_gmt":"2026-02-06T13:02:17","guid":{"rendered":"http:\/\/ww16.ce.gov.br\/hm\/?page_id=4715"},"modified":"2026-05-07T12:39:24","modified_gmt":"2026-05-07T15:39:24","slug":"marcacao-de-consultas-e-exames-2","status":"publish","type":"page","link":"https:\/\/ww16.ce.gov.br\/hm\/marcacao-de-consultas-e-exames-2\/","title":{"rendered":"Marca\u00e7\u00e3o de Consultas e Exames"},"content":{"rendered":"\n<p>O Hospital de Messejana Dr. Carlos Alberto Studart Gomes \u00e9 uma institui\u00e7\u00e3o de n\u00edvel terci\u00e1rio pertencente \u00e0 Secretaria da Sa\u00fade do Cear\u00e1 (Sesa), refer\u00eancia em atendimentos de alta complexidade nas \u00e1reas cardiovascular e respirat\u00f3ria.<\/p>\n\n\n\n<h3 class=\"wp-block-heading\"><\/h3>\n\n\n\n<h3 class=\"wp-block-heading\"><strong>Emerg\u00eancia<\/strong><\/h3>\n\n\n\n<p>A emerg\u00eancia funciona 24 horas por dia, todos os dias da semana, voltada exclusivamente para casos cardiorrespirat\u00f3rios de alta complexidade.<\/p>\n\n\n\n<h3 class=\"wp-block-heading\"><strong>Servi\u00e7o de Pacientes Externos (SPE) \u2013 Ambulat\u00f3rios<\/strong><\/h3>\n\n\n\n<p>O Servi\u00e7o de Pacientes Externos (SPE) re\u00fane 25 ambulat\u00f3rios especializados no diagn\u00f3stico, tratamento, controle e preven\u00e7\u00e3o de doen\u00e7as card\u00edacas, pulmonares e vasculares.<\/p>\n\n\n\n<p>O acesso aos ambulat\u00f3rios \u00e9 realizado mediante encaminhamentos. As consultas s\u00e3o previamente agendadas por meio da Central de Marca\u00e7\u00e3o de Consultas ou via Central de Regula\u00e7\u00e3o do Estado.<\/p>\n\n\n\n<p><strong>Hor\u00e1rio de funcionamento dos ambulat\u00f3rios:<\/strong><br>Segunda a sexta-feira, das 7h \u00e0s 18h.<\/p>\n\n\n\n<h3 class=\"wp-block-heading\"><strong>Marca\u00e7\u00e3o de consultas<\/strong><\/h3>\n\n\n\n<p>Presencial ou por telefone, de segunda a sexta-feira, das 7h \u00e0s 16h<\/p>\n\n\n\n<p><strong>Telefones:<\/strong><\/p>\n\n\n\n<p>(85) 3125-9636<br>(85) 3125-9637<br><\/p>\n\n\n\n<h3 class=\"wp-block-heading\"><strong>Marca\u00e7\u00e3o de Exames<\/strong><\/h3>\n\n\n\n<p>Marca\u00e7\u00f5es presenciais de exames laboratoriais, broncoscopia, tomografia e ultrassom.<\/p>\n\n\n\n<p><strong>Informa\u00e7\u00f5es:<\/strong><\/p>\n\n\n\n<p>(85) 3125-9639<br>(85) 98812-6362 (WhatsApp)<\/p>\n\n\n\n<p>Os agendamentos de Ecocardiograma s\u00e3o realizados atrav\u00e9s do n\u00famero (85) 98812-6362 (WhatsApp)<\/p>\n","protected":false},"excerpt":{"rendered":"<p>O Hospital de Messejana Dr. Carlos Alberto Studart Gomes \u00e9 uma institui\u00e7\u00e3o de n\u00edvel terci\u00e1rio pertencente \u00e0 Secretaria da Sa\u00fade do Cear\u00e1 (Sesa), refer\u00eancia em atendimentos de alta complexidade nas \u00e1reas cardiovascular e respirat\u00f3ria. Emerg\u00eancia A emerg\u00eancia funciona 24 horas por dia, todos os dias da semana, voltada exclusivamente para casos cardiorrespirat\u00f3rios de alta complexidade. [&hellip;]<\/p>\n","protected":false},"author":38,"featured_media":0,"parent":0,"menu_order":0,"comment_status":"closed","ping_status":"closed","template":"","meta":{"_acf_changed":false,"inline_featured_image":false,"footnotes":""},"class_list":["post-4715","page","type-page","status-publish","hentry"],"acf":[],"yoast_head":"<!-- This site is optimized with the Yoast SEO plugin v26.9 - https:\/\/yoast.com\/product\/yoast-seo-wordpress\/ -->\n<title>Marca\u00e7\u00e3o de Consultas e Exames - Hospital de Messejana<\/title>\n<meta name=\"robots\" content=\"index, follow, max-snippet:-1, max-image-preview:large, max-video-preview:-1\" \/>\n<link rel=\"canonical\" href=\"https:\/\/ww16.ce.gov.br\/hm\/marcacao-de-consultas-e-exames-2\/\" \/>\n<meta property=\"og:locale\" content=\"pt_BR\" \/>\n<meta property=\"og:type\" content=\"article\" \/>\n<meta property=\"og:title\" content=\"Marca\u00e7\u00e3o de Consultas e Exames - Hospital de Messejana\" \/>\n<meta property=\"og:description\" content=\"O Hospital de Messejana Dr. Carlos Alberto Studart Gomes \u00e9 uma institui\u00e7\u00e3o de n\u00edvel terci\u00e1rio pertencente \u00e0 Secretaria da Sa\u00fade do Cear\u00e1 (Sesa), refer\u00eancia em atendimentos de alta complexidade nas \u00e1reas cardiovascular e respirat\u00f3ria. Emerg\u00eancia A emerg\u00eancia funciona 24 horas por dia, todos os dias da semana, voltada exclusivamente para casos cardiorrespirat\u00f3rios de alta complexidade. [&hellip;]\" \/>\n<meta property=\"og:url\" content=\"https:\/\/ww16.ce.gov.br\/hm\/marcacao-de-consultas-e-exames-2\/\" \/>\n<meta property=\"og:site_name\" content=\"Hospital de Messejana\" \/>\n<meta property=\"article:modified_time\" content=\"2026-05-07T15:39:24+00:00\" \/>\n<meta name=\"twitter:card\" content=\"summary_large_image\" \/>\n<meta name=\"twitter:label1\" content=\"Est. reading time\" \/>\n\t<meta name=\"twitter:data1\" content=\"1 minuto\" \/>\n<script type=\"application\/ld+json\" class=\"yoast-schema-graph\">{\"@context\":\"https:\/\/schema.org\",\"@graph\":[{\"@type\":\"WebPage\",\"@id\":\"https:\/\/ww16.ce.gov.br\/hm\/marcacao-de-consultas-e-exames-2\/\",\"url\":\"https:\/\/ww16.ce.gov.br\/hm\/marcacao-de-consultas-e-exames-2\/\",\"name\":\"Marca\u00e7\u00e3o de Consultas e Exames - Hospital de Messejana\",\"isPartOf\":{\"@id\":\"https:\/\/ww16.ce.gov.br\/hm\/#website\"},\"datePublished\":\"2026-02-06T13:02:17+00:00\",\"dateModified\":\"2026-05-07T15:39:24+00:00\",\"breadcrumb\":{\"@id\":\"https:\/\/ww16.ce.gov.br\/hm\/marcacao-de-consultas-e-exames-2\/#breadcrumb\"},\"inLanguage\":\"pt-BR\",\"potentialAction\":[{\"@type\":\"ReadAction\",\"target\":[\"https:\/\/ww16.ce.gov.br\/hm\/marcacao-de-consultas-e-exames-2\/\"]}]},{\"@type\":\"BreadcrumbList\",\"@id\":\"https:\/\/ww16.ce.gov.br\/hm\/marcacao-de-consultas-e-exames-2\/#breadcrumb\",\"itemListElement\":[{\"@type\":\"ListItem\",\"position\":1,\"name\":\"In\u00edcio\",\"item\":\"https:\/\/ww16.ce.gov.br\/hm\/\"},{\"@type\":\"ListItem\",\"position\":2,\"name\":\"Marca\u00e7\u00e3o de Consultas e Exames\"}]},{\"@type\":\"WebSite\",\"@id\":\"https:\/\/ww16.ce.gov.br\/hm\/#website\",\"url\":\"https:\/\/ww16.ce.gov.br\/hm\/\",\"name\":\"Hospital de Messejana\",\"description\":\"Modelo Padr\u00e3o do Estado\",\"potentialAction\":[{\"@type\":\"SearchAction\",\"target\":{\"@type\":\"EntryPoint\",\"urlTemplate\":\"https:\/\/ww16.ce.gov.br\/hm\/?s={search_term_string}\"},\"query-input\":{\"@type\":\"PropertyValueSpecification\",\"valueRequired\":true,\"valueName\":\"search_term_string\"}}],\"inLanguage\":\"pt-BR\"}]}<\/script>\n<!-- \/ Yoast SEO plugin. -->","yoast_head_json":{"title":"Marca\u00e7\u00e3o de Consultas e Exames - Hospital de Messejana","robots":{"index":"index","follow":"follow","max-snippet":"max-snippet:-1","max-image-preview":"max-image-preview:large","max-video-preview":"max-video-preview:-1"},"canonical":"https:\/\/ww16.ce.gov.br\/hm\/marcacao-de-consultas-e-exames-2\/","og_locale":"pt_BR","og_type":"article","og_title":"Marca\u00e7\u00e3o de Consultas e Exames - Hospital de Messejana","og_description":"O Hospital de Messejana Dr. Carlos Alberto Studart Gomes \u00e9 uma institui\u00e7\u00e3o de n\u00edvel terci\u00e1rio pertencente \u00e0 Secretaria da Sa\u00fade do Cear\u00e1 (Sesa), refer\u00eancia em atendimentos de alta complexidade nas \u00e1reas cardiovascular e respirat\u00f3ria. Emerg\u00eancia A emerg\u00eancia funciona 24 horas por dia, todos os dias da semana, voltada exclusivamente para casos cardiorrespirat\u00f3rios de alta complexidade. [&hellip;]","og_url":"https:\/\/ww16.ce.gov.br\/hm\/marcacao-de-consultas-e-exames-2\/","og_site_name":"Hospital de Messejana","article_modified_time":"2026-05-07T15:39:24+00:00","twitter_card":"summary_large_image","twitter_misc":{"Est. reading time":"1 minuto"},"schema":{"@context":"https:\/\/schema.org","@graph":[{"@type":"WebPage","@id":"https:\/\/ww16.ce.gov.br\/hm\/marcacao-de-consultas-e-exames-2\/","url":"https:\/\/ww16.ce.gov.br\/hm\/marcacao-de-consultas-e-exames-2\/","name":"Marca\u00e7\u00e3o de Consultas e Exames - Hospital de Messejana","isPartOf":{"@id":"https:\/\/ww16.ce.gov.br\/hm\/#website"},"datePublished":"2026-02-06T13:02:17+00:00","dateModified":"2026-05-07T15:39:24+00:00","breadcrumb":{"@id":"https:\/\/ww16.ce.gov.br\/hm\/marcacao-de-consultas-e-exames-2\/#breadcrumb"},"inLanguage":"pt-BR","potentialAction":[{"@type":"ReadAction","target":["https:\/\/ww16.ce.gov.br\/hm\/marcacao-de-consultas-e-exames-2\/"]}]},{"@type":"BreadcrumbList","@id":"https:\/\/ww16.ce.gov.br\/hm\/marcacao-de-consultas-e-exames-2\/#breadcrumb","itemListElement":[{"@type":"ListItem","position":1,"name":"In\u00edcio","item":"https:\/\/ww16.ce.gov.br\/hm\/"},{"@type":"ListItem","position":2,"name":"Marca\u00e7\u00e3o de Consultas e Exames"}]},{"@type":"WebSite","@id":"https:\/\/ww16.ce.gov.br\/hm\/#website","url":"https:\/\/ww16.ce.gov.br\/hm\/","name":"Hospital de Messejana","description":"Modelo Padr\u00e3o do Estado","potentialAction":[{"@type":"SearchAction","target":{"@type":"EntryPoint","urlTemplate":"https:\/\/ww16.ce.gov.br\/hm\/?s={search_term_string}"},"query-input":{"@type":"PropertyValueSpecification","valueRequired":true,"valueName":"search_term_string"}}],"inLanguage":"pt-BR"}]}},"_links":{"self":[{"href":"https:\/\/ww16.ce.gov.br\/hm\/wp-json\/wp\/v2\/pages\/4715","targetHints":{"allow":["GET"]}}],"collection":[{"href":"https:\/\/ww16.ce.gov.br\/hm\/wp-json\/wp\/v2\/pages"}],"about":[{"href":"https:\/\/ww16.ce.gov.br\/hm\/wp-json\/wp\/v2\/types\/page"}],"author":[{"embeddable":true,"href":"https:\/\/ww16.ce.gov.br\/hm\/wp-json\/wp\/v2\/users\/38"}],"replies":[{"embeddable":true,"href":"https:\/\/ww16.ce.gov.br\/hm\/wp-json\/wp\/v2\/comments?post=4715"}],"version-history":[{"count":2,"href":"https:\/\/ww16.ce.gov.br\/hm\/wp-json\/wp\/v2\/pages\/4715\/revisions"}],"predecessor-version":[{"id":4874,"href":"https:\/\/ww16.ce.gov.br\/hm\/wp-json\/wp\/v2\/pages\/4715\/revisions\/4874"}],"wp:attachment":[{"href":"https:\/\/ww16.ce.gov.br\/hm\/wp-json\/wp\/v2\/media?parent=4715"}],"curies":[{"name":"wp","href":"https:\/\/api.w.org\/{rel}","templated":true}]}}