{"id":4685,"date":"2026-02-05T15:48:43","date_gmt":"2026-02-05T18:48:43","guid":{"rendered":"http:\/\/ww16.ce.gov.br\/hm\/?page_id=4685"},"modified":"2026-02-05T16:01:51","modified_gmt":"2026-02-05T19:01:51","slug":"comite-setorial-de-acesso-a-informacao","status":"publish","type":"page","link":"https:\/\/ww16.ce.gov.br\/hm\/comite-setorial-de-acesso-a-informacao\/","title":{"rendered":"Comit\u00ea Setorial de Acesso \u00e0 Informa\u00e7\u00e3o"},"content":{"rendered":"\n<div style=\"height:30px\" aria-hidden=\"true\" class=\"wp-block-spacer\"><\/div>\n\n\n\n<p><strong>Jo\u00e9lia Rodrigues da Silva<\/strong><\/p>\n\n\n\n<p><em>Coordenadora de Desenvolvimento Institucional e Planejamento<\/em><\/p>\n\n\n\n<p><strong>Contato:<\/strong>&nbsp;(85) 3101-5187<\/p>\n\n\n\n<p><strong>E-mail:<\/strong>&nbsp;joelia.rodrigues@saude.ce.gov.br<\/p>\n\n\n\n<div style=\"height:30px\" aria-hidden=\"true\" class=\"wp-block-spacer\"><\/div>\n\n\n\n<p><strong>M\u00e1rcia M\u00e1rcia Moror\u00f3 Monteiro Muniz<\/strong><\/p>\n\n\n\n<p><em>Ouvidora Setorial<\/em><\/p>\n\n\n\n<p><strong>Contato:<\/strong>&nbsp;(85) 3101-5226<\/p>\n\n\n\n<p><strong>E-mail:&nbsp;<\/strong>marcia.monteiro@saude.ce.gov.br<\/p>\n\n\n\n<div style=\"height:30px\" aria-hidden=\"true\" class=\"wp-block-spacer\"><\/div>\n\n\n\n<p><strong>Valniza Ara\u00fajo da Silva<\/strong><\/p>\n\n\n\n<p><em>Respons\u00e1vel pelo Servi\u00e7o de Informa\u00e7\u00e3o ao Cidad\u00e3o \u2013 SIC<\/em><\/p>\n\n\n\n<p><strong>Contato:&nbsp;<\/strong>(85) 3101-5227<\/p>\n\n\n\n<p><strong>E-mail:&nbsp;<\/strong>valniza.silva@saude.ce.gov.br<\/p>\n\n\n\n<div style=\"height:30px\" aria-hidden=\"true\" class=\"wp-block-spacer\"><\/div>\n\n\n\n<p><strong>K\u00e9lvia Maria Oliveira Borges<\/strong><\/p>\n\n\n\n<p><em>Assessora da Secretaria Executiva de Vigil\u00e2ncia em Sa\u00fade<\/em><\/p>\n\n\n\n<p><strong>Contato:&nbsp;<\/strong>(85) 3101.5275<\/p>\n\n\n\n<p><strong>E-mail:&nbsp;<\/strong>kelvia.oliveira@saude.ce.gov.br.<\/p>\n","protected":false},"excerpt":{"rendered":"<p>Jo\u00e9lia Rodrigues da Silva Coordenadora de Desenvolvimento Institucional e Planejamento Contato:&nbsp;(85) 3101-5187 E-mail:&nbsp;joelia.rodrigues@saude.ce.gov.br M\u00e1rcia M\u00e1rcia Moror\u00f3 Monteiro Muniz Ouvidora Setorial Contato:&nbsp;(85) 3101-5226 E-mail:&nbsp;marcia.monteiro@saude.ce.gov.br Valniza Ara\u00fajo da Silva Respons\u00e1vel pelo Servi\u00e7o de Informa\u00e7\u00e3o ao Cidad\u00e3o \u2013 SIC Contato:&nbsp;(85) 3101-5227 E-mail:&nbsp;valniza.silva@saude.ce.gov.br K\u00e9lvia Maria Oliveira Borges Assessora da Secretaria Executiva de Vigil\u00e2ncia em Sa\u00fade Contato:&nbsp;(85) 3101.5275 E-mail:&nbsp;kelvia.oliveira@saude.ce.gov.br.<\/p>\n","protected":false},"author":39,"featured_media":0,"parent":0,"menu_order":0,"comment_status":"closed","ping_status":"closed","template":"page-comite-setorial.php","meta":{"_acf_changed":false,"inline_featured_image":false,"footnotes":""},"class_list":["post-4685","page","type-page","status-publish","hentry"],"acf":[],"yoast_head":"<!-- This site is optimized with the Yoast SEO plugin v26.9 - https:\/\/yoast.com\/product\/yoast-seo-wordpress\/ -->\n<title>Comit\u00ea Setorial de Acesso \u00e0 Informa\u00e7\u00e3o - Hospital de Messejana<\/title>\n<meta name=\"robots\" content=\"index, follow, max-snippet:-1, max-image-preview:large, max-video-preview:-1\" \/>\n<link rel=\"canonical\" href=\"https:\/\/ww16.ce.gov.br\/hm\/comite-setorial-de-acesso-a-informacao\/\" \/>\n<meta property=\"og:locale\" content=\"pt_BR\" \/>\n<meta property=\"og:type\" content=\"article\" \/>\n<meta property=\"og:title\" content=\"Comit\u00ea Setorial de Acesso \u00e0 Informa\u00e7\u00e3o - Hospital de Messejana\" \/>\n<meta property=\"og:description\" content=\"Jo\u00e9lia Rodrigues da Silva Coordenadora de Desenvolvimento Institucional e Planejamento Contato:&nbsp;(85) 3101-5187 E-mail:&nbsp;joelia.rodrigues@saude.ce.gov.br M\u00e1rcia M\u00e1rcia Moror\u00f3 Monteiro Muniz Ouvidora Setorial Contato:&nbsp;(85) 3101-5226 E-mail:&nbsp;marcia.monteiro@saude.ce.gov.br Valniza Ara\u00fajo da Silva Respons\u00e1vel pelo Servi\u00e7o de Informa\u00e7\u00e3o ao Cidad\u00e3o \u2013 SIC Contato:&nbsp;(85) 3101-5227 E-mail:&nbsp;valniza.silva@saude.ce.gov.br K\u00e9lvia Maria Oliveira Borges Assessora da Secretaria Executiva de Vigil\u00e2ncia em Sa\u00fade Contato:&nbsp;(85) 3101.5275 E-mail:&nbsp;kelvia.oliveira@saude.ce.gov.br.\" \/>\n<meta property=\"og:url\" content=\"https:\/\/ww16.ce.gov.br\/hm\/comite-setorial-de-acesso-a-informacao\/\" \/>\n<meta property=\"og:site_name\" content=\"Hospital de Messejana\" \/>\n<meta property=\"article:modified_time\" content=\"2026-02-05T19:01:51+00:00\" \/>\n<meta name=\"twitter:card\" content=\"summary_large_image\" \/>\n<meta name=\"twitter:label1\" content=\"Est. reading time\" \/>\n\t<meta name=\"twitter:data1\" content=\"1 minuto\" \/>\n<script type=\"application\/ld+json\" class=\"yoast-schema-graph\">{\"@context\":\"https:\/\/schema.org\",\"@graph\":[{\"@type\":\"WebPage\",\"@id\":\"https:\/\/ww16.ce.gov.br\/hm\/comite-setorial-de-acesso-a-informacao\/\",\"url\":\"https:\/\/ww16.ce.gov.br\/hm\/comite-setorial-de-acesso-a-informacao\/\",\"name\":\"Comit\u00ea Setorial de Acesso \u00e0 Informa\u00e7\u00e3o - Hospital de Messejana\",\"isPartOf\":{\"@id\":\"https:\/\/ww16.ce.gov.br\/hm\/#website\"},\"datePublished\":\"2026-02-05T18:48:43+00:00\",\"dateModified\":\"2026-02-05T19:01:51+00:00\",\"breadcrumb\":{\"@id\":\"https:\/\/ww16.ce.gov.br\/hm\/comite-setorial-de-acesso-a-informacao\/#breadcrumb\"},\"inLanguage\":\"pt-BR\",\"potentialAction\":[{\"@type\":\"ReadAction\",\"target\":[\"https:\/\/ww16.ce.gov.br\/hm\/comite-setorial-de-acesso-a-informacao\/\"]}]},{\"@type\":\"BreadcrumbList\",\"@id\":\"https:\/\/ww16.ce.gov.br\/hm\/comite-setorial-de-acesso-a-informacao\/#breadcrumb\",\"itemListElement\":[{\"@type\":\"ListItem\",\"position\":1,\"name\":\"In\u00edcio\",\"item\":\"https:\/\/ww16.ce.gov.br\/hm\/\"},{\"@type\":\"ListItem\",\"position\":2,\"name\":\"Comit\u00ea Setorial de Acesso \u00e0 Informa\u00e7\u00e3o\"}]},{\"@type\":\"WebSite\",\"@id\":\"https:\/\/ww16.ce.gov.br\/hm\/#website\",\"url\":\"https:\/\/ww16.ce.gov.br\/hm\/\",\"name\":\"Hospital de Messejana\",\"description\":\"Modelo Padr\u00e3o do Estado\",\"potentialAction\":[{\"@type\":\"SearchAction\",\"target\":{\"@type\":\"EntryPoint\",\"urlTemplate\":\"https:\/\/ww16.ce.gov.br\/hm\/?s={search_term_string}\"},\"query-input\":{\"@type\":\"PropertyValueSpecification\",\"valueRequired\":true,\"valueName\":\"search_term_string\"}}],\"inLanguage\":\"pt-BR\"}]}<\/script>\n<!-- \/ Yoast SEO plugin. -->","yoast_head_json":{"title":"Comit\u00ea Setorial de Acesso \u00e0 Informa\u00e7\u00e3o - Hospital de Messejana","robots":{"index":"index","follow":"follow","max-snippet":"max-snippet:-1","max-image-preview":"max-image-preview:large","max-video-preview":"max-video-preview:-1"},"canonical":"https:\/\/ww16.ce.gov.br\/hm\/comite-setorial-de-acesso-a-informacao\/","og_locale":"pt_BR","og_type":"article","og_title":"Comit\u00ea Setorial de Acesso \u00e0 Informa\u00e7\u00e3o - Hospital de Messejana","og_description":"Jo\u00e9lia Rodrigues da Silva Coordenadora de Desenvolvimento Institucional e Planejamento Contato:&nbsp;(85) 3101-5187 E-mail:&nbsp;joelia.rodrigues@saude.ce.gov.br M\u00e1rcia M\u00e1rcia Moror\u00f3 Monteiro Muniz Ouvidora Setorial Contato:&nbsp;(85) 3101-5226 E-mail:&nbsp;marcia.monteiro@saude.ce.gov.br Valniza Ara\u00fajo da Silva Respons\u00e1vel pelo Servi\u00e7o de Informa\u00e7\u00e3o ao Cidad\u00e3o \u2013 SIC Contato:&nbsp;(85) 3101-5227 E-mail:&nbsp;valniza.silva@saude.ce.gov.br K\u00e9lvia Maria Oliveira Borges Assessora da Secretaria Executiva de Vigil\u00e2ncia em Sa\u00fade Contato:&nbsp;(85) 3101.5275 E-mail:&nbsp;kelvia.oliveira@saude.ce.gov.br.","og_url":"https:\/\/ww16.ce.gov.br\/hm\/comite-setorial-de-acesso-a-informacao\/","og_site_name":"Hospital de Messejana","article_modified_time":"2026-02-05T19:01:51+00:00","twitter_card":"summary_large_image","twitter_misc":{"Est. reading time":"1 minuto"},"schema":{"@context":"https:\/\/schema.org","@graph":[{"@type":"WebPage","@id":"https:\/\/ww16.ce.gov.br\/hm\/comite-setorial-de-acesso-a-informacao\/","url":"https:\/\/ww16.ce.gov.br\/hm\/comite-setorial-de-acesso-a-informacao\/","name":"Comit\u00ea Setorial de Acesso \u00e0 Informa\u00e7\u00e3o - Hospital de Messejana","isPartOf":{"@id":"https:\/\/ww16.ce.gov.br\/hm\/#website"},"datePublished":"2026-02-05T18:48:43+00:00","dateModified":"2026-02-05T19:01:51+00:00","breadcrumb":{"@id":"https:\/\/ww16.ce.gov.br\/hm\/comite-setorial-de-acesso-a-informacao\/#breadcrumb"},"inLanguage":"pt-BR","potentialAction":[{"@type":"ReadAction","target":["https:\/\/ww16.ce.gov.br\/hm\/comite-setorial-de-acesso-a-informacao\/"]}]},{"@type":"BreadcrumbList","@id":"https:\/\/ww16.ce.gov.br\/hm\/comite-setorial-de-acesso-a-informacao\/#breadcrumb","itemListElement":[{"@type":"ListItem","position":1,"name":"In\u00edcio","item":"https:\/\/ww16.ce.gov.br\/hm\/"},{"@type":"ListItem","position":2,"name":"Comit\u00ea Setorial de Acesso \u00e0 Informa\u00e7\u00e3o"}]},{"@type":"WebSite","@id":"https:\/\/ww16.ce.gov.br\/hm\/#website","url":"https:\/\/ww16.ce.gov.br\/hm\/","name":"Hospital de Messejana","description":"Modelo Padr\u00e3o do Estado","potentialAction":[{"@type":"SearchAction","target":{"@type":"EntryPoint","urlTemplate":"https:\/\/ww16.ce.gov.br\/hm\/?s={search_term_string}"},"query-input":{"@type":"PropertyValueSpecification","valueRequired":true,"valueName":"search_term_string"}}],"inLanguage":"pt-BR"}]}},"_links":{"self":[{"href":"https:\/\/ww16.ce.gov.br\/hm\/wp-json\/wp\/v2\/pages\/4685","targetHints":{"allow":["GET"]}}],"collection":[{"href":"https:\/\/ww16.ce.gov.br\/hm\/wp-json\/wp\/v2\/pages"}],"about":[{"href":"https:\/\/ww16.ce.gov.br\/hm\/wp-json\/wp\/v2\/types\/page"}],"author":[{"embeddable":true,"href":"https:\/\/ww16.ce.gov.br\/hm\/wp-json\/wp\/v2\/users\/39"}],"replies":[{"embeddable":true,"href":"https:\/\/ww16.ce.gov.br\/hm\/wp-json\/wp\/v2\/comments?post=4685"}],"version-history":[{"count":5,"href":"https:\/\/ww16.ce.gov.br\/hm\/wp-json\/wp\/v2\/pages\/4685\/revisions"}],"predecessor-version":[{"id":4700,"href":"https:\/\/ww16.ce.gov.br\/hm\/wp-json\/wp\/v2\/pages\/4685\/revisions\/4700"}],"wp:attachment":[{"href":"https:\/\/ww16.ce.gov.br\/hm\/wp-json\/wp\/v2\/media?parent=4685"}],"curies":[{"name":"wp","href":"https:\/\/api.w.org\/{rel}","templated":true}]}}