{"id":4630,"date":"2026-02-05T13:42:33","date_gmt":"2026-02-05T16:42:33","guid":{"rendered":"http:\/\/ww16.ce.gov.br\/hm\/?page_id=4630"},"modified":"2026-02-05T13:45:27","modified_gmt":"2026-02-05T16:45:27","slug":"comissao-de-controle-de-infeccao-hospitalar-2","status":"publish","type":"page","link":"https:\/\/ww16.ce.gov.br\/hm\/comissao-de-controle-de-infeccao-hospitalar-2\/","title":{"rendered":"Comiss\u00e3o de Controle de Infec\u00e7\u00e3o Hospitalar"},"content":{"rendered":"\n<p>A CCIH tem por finalidade elaborar, programar, manter e avaliar o Programa de Controle de Infec\u00e7\u00e3o relacionada \u00e0 assist\u00eancia \u00e0 sa\u00fade, adequado \u00e0s caracter\u00edsticas e necessidades da institui\u00e7\u00e3o, com vistas de garantir maior seguran\u00e7a aos pacientes, contemplando, no m\u00ednimo, a\u00e7\u00f5es relativas a:<br>&nbsp;<\/p>\n\n\n\n<p>I \u2013 Implanta\u00e7\u00e3o de um sistema de Vigil\u00e2ncia Epidemiol\u00f3gica das infec\u00e7\u00f5es hospitalares de acordo com a portaria MS n\u00ba. 2626 do Minist\u00e9rio da Sa\u00fade;<\/p>\n\n\n\n<p>II \u2013 Adequa\u00e7\u00e3o, implementa\u00e7\u00e3o e supervis\u00e3o das normas e rotinas t\u00e9cnico-operacionais, visando \u00e0 preven\u00e7\u00e3o e controle das Infec\u00e7\u00f5es Relacionadas \u00e0 Assist\u00eancia \u00e0 Sa\u00fade (IRA\u2019s);<\/p>\n\n\n\n<p>III \u2013 Capacita\u00e7\u00e3o do quadro de funcion\u00e1rios e profissionais da institui\u00e7\u00e3o, no que diz respeito \u00e1 preven\u00e7\u00e3o e controle das IRA\u2019s;<\/p>\n\n\n\n<p>IV \u2013 Controle e uso racional de antimicrobiano e germicida.<\/p>\n\n\n\n<p><\/p>\n","protected":false},"excerpt":{"rendered":"<p>A CCIH tem por finalidade elaborar, programar, manter e avaliar o Programa de Controle de Infec\u00e7\u00e3o relacionada \u00e0 assist\u00eancia \u00e0 sa\u00fade, adequado \u00e0s caracter\u00edsticas e necessidades da institui\u00e7\u00e3o, com vistas de garantir maior seguran\u00e7a aos pacientes, contemplando, no m\u00ednimo, a\u00e7\u00f5es relativas a:&nbsp; I \u2013 Implanta\u00e7\u00e3o de um sistema de Vigil\u00e2ncia Epidemiol\u00f3gica das infec\u00e7\u00f5es hospitalares de [&hellip;]<\/p>\n","protected":false},"author":38,"featured_media":0,"parent":0,"menu_order":0,"comment_status":"closed","ping_status":"closed","template":"","meta":{"_acf_changed":false,"inline_featured_image":false,"footnotes":""},"class_list":["post-4630","page","type-page","status-publish","hentry"],"acf":[],"yoast_head":"<!-- This site is optimized with the Yoast SEO plugin v26.9 - https:\/\/yoast.com\/product\/yoast-seo-wordpress\/ -->\n<title>Comiss\u00e3o de Controle de Infec\u00e7\u00e3o Hospitalar - Hospital de Messejana<\/title>\n<meta name=\"robots\" content=\"index, follow, max-snippet:-1, max-image-preview:large, max-video-preview:-1\" \/>\n<link rel=\"canonical\" href=\"https:\/\/ww16.ce.gov.br\/hm\/comissao-de-controle-de-infeccao-hospitalar-2\/\" \/>\n<meta property=\"og:locale\" content=\"pt_BR\" \/>\n<meta property=\"og:type\" content=\"article\" \/>\n<meta property=\"og:title\" content=\"Comiss\u00e3o de Controle de Infec\u00e7\u00e3o Hospitalar - Hospital de Messejana\" \/>\n<meta property=\"og:description\" content=\"A CCIH tem por finalidade elaborar, programar, manter e avaliar o Programa de Controle de Infec\u00e7\u00e3o relacionada \u00e0 assist\u00eancia \u00e0 sa\u00fade, adequado \u00e0s caracter\u00edsticas e necessidades da institui\u00e7\u00e3o, com vistas de garantir maior seguran\u00e7a aos pacientes, contemplando, no m\u00ednimo, a\u00e7\u00f5es relativas a:&nbsp; I \u2013 Implanta\u00e7\u00e3o de um sistema de Vigil\u00e2ncia Epidemiol\u00f3gica das infec\u00e7\u00f5es hospitalares de [&hellip;]\" \/>\n<meta property=\"og:url\" content=\"https:\/\/ww16.ce.gov.br\/hm\/comissao-de-controle-de-infeccao-hospitalar-2\/\" \/>\n<meta property=\"og:site_name\" content=\"Hospital de Messejana\" \/>\n<meta property=\"article:modified_time\" content=\"2026-02-05T16:45:27+00:00\" \/>\n<meta name=\"twitter:card\" content=\"summary_large_image\" \/>\n<meta name=\"twitter:label1\" content=\"Est. reading time\" \/>\n\t<meta name=\"twitter:data1\" content=\"1 minuto\" \/>\n<script type=\"application\/ld+json\" class=\"yoast-schema-graph\">{\"@context\":\"https:\/\/schema.org\",\"@graph\":[{\"@type\":\"WebPage\",\"@id\":\"https:\/\/ww16.ce.gov.br\/hm\/comissao-de-controle-de-infeccao-hospitalar-2\/\",\"url\":\"https:\/\/ww16.ce.gov.br\/hm\/comissao-de-controle-de-infeccao-hospitalar-2\/\",\"name\":\"Comiss\u00e3o de Controle de Infec\u00e7\u00e3o Hospitalar - Hospital de Messejana\",\"isPartOf\":{\"@id\":\"https:\/\/ww16.ce.gov.br\/hm\/#website\"},\"datePublished\":\"2026-02-05T16:42:33+00:00\",\"dateModified\":\"2026-02-05T16:45:27+00:00\",\"breadcrumb\":{\"@id\":\"https:\/\/ww16.ce.gov.br\/hm\/comissao-de-controle-de-infeccao-hospitalar-2\/#breadcrumb\"},\"inLanguage\":\"pt-BR\",\"potentialAction\":[{\"@type\":\"ReadAction\",\"target\":[\"https:\/\/ww16.ce.gov.br\/hm\/comissao-de-controle-de-infeccao-hospitalar-2\/\"]}]},{\"@type\":\"BreadcrumbList\",\"@id\":\"https:\/\/ww16.ce.gov.br\/hm\/comissao-de-controle-de-infeccao-hospitalar-2\/#breadcrumb\",\"itemListElement\":[{\"@type\":\"ListItem\",\"position\":1,\"name\":\"In\u00edcio\",\"item\":\"https:\/\/ww16.ce.gov.br\/hm\/\"},{\"@type\":\"ListItem\",\"position\":2,\"name\":\"Comiss\u00e3o de Controle de Infec\u00e7\u00e3o Hospitalar\"}]},{\"@type\":\"WebSite\",\"@id\":\"https:\/\/ww16.ce.gov.br\/hm\/#website\",\"url\":\"https:\/\/ww16.ce.gov.br\/hm\/\",\"name\":\"Hospital de Messejana\",\"description\":\"Modelo Padr\u00e3o do Estado\",\"potentialAction\":[{\"@type\":\"SearchAction\",\"target\":{\"@type\":\"EntryPoint\",\"urlTemplate\":\"https:\/\/ww16.ce.gov.br\/hm\/?s={search_term_string}\"},\"query-input\":{\"@type\":\"PropertyValueSpecification\",\"valueRequired\":true,\"valueName\":\"search_term_string\"}}],\"inLanguage\":\"pt-BR\"}]}<\/script>\n<!-- \/ Yoast SEO plugin. -->","yoast_head_json":{"title":"Comiss\u00e3o de Controle de Infec\u00e7\u00e3o Hospitalar - Hospital de Messejana","robots":{"index":"index","follow":"follow","max-snippet":"max-snippet:-1","max-image-preview":"max-image-preview:large","max-video-preview":"max-video-preview:-1"},"canonical":"https:\/\/ww16.ce.gov.br\/hm\/comissao-de-controle-de-infeccao-hospitalar-2\/","og_locale":"pt_BR","og_type":"article","og_title":"Comiss\u00e3o de Controle de Infec\u00e7\u00e3o Hospitalar - Hospital de Messejana","og_description":"A CCIH tem por finalidade elaborar, programar, manter e avaliar o Programa de Controle de Infec\u00e7\u00e3o relacionada \u00e0 assist\u00eancia \u00e0 sa\u00fade, adequado \u00e0s caracter\u00edsticas e necessidades da institui\u00e7\u00e3o, com vistas de garantir maior seguran\u00e7a aos pacientes, contemplando, no m\u00ednimo, a\u00e7\u00f5es relativas a:&nbsp; I \u2013 Implanta\u00e7\u00e3o de um sistema de Vigil\u00e2ncia Epidemiol\u00f3gica das infec\u00e7\u00f5es hospitalares de [&hellip;]","og_url":"https:\/\/ww16.ce.gov.br\/hm\/comissao-de-controle-de-infeccao-hospitalar-2\/","og_site_name":"Hospital de Messejana","article_modified_time":"2026-02-05T16:45:27+00:00","twitter_card":"summary_large_image","twitter_misc":{"Est. reading time":"1 minuto"},"schema":{"@context":"https:\/\/schema.org","@graph":[{"@type":"WebPage","@id":"https:\/\/ww16.ce.gov.br\/hm\/comissao-de-controle-de-infeccao-hospitalar-2\/","url":"https:\/\/ww16.ce.gov.br\/hm\/comissao-de-controle-de-infeccao-hospitalar-2\/","name":"Comiss\u00e3o de Controle de Infec\u00e7\u00e3o Hospitalar - Hospital de Messejana","isPartOf":{"@id":"https:\/\/ww16.ce.gov.br\/hm\/#website"},"datePublished":"2026-02-05T16:42:33+00:00","dateModified":"2026-02-05T16:45:27+00:00","breadcrumb":{"@id":"https:\/\/ww16.ce.gov.br\/hm\/comissao-de-controle-de-infeccao-hospitalar-2\/#breadcrumb"},"inLanguage":"pt-BR","potentialAction":[{"@type":"ReadAction","target":["https:\/\/ww16.ce.gov.br\/hm\/comissao-de-controle-de-infeccao-hospitalar-2\/"]}]},{"@type":"BreadcrumbList","@id":"https:\/\/ww16.ce.gov.br\/hm\/comissao-de-controle-de-infeccao-hospitalar-2\/#breadcrumb","itemListElement":[{"@type":"ListItem","position":1,"name":"In\u00edcio","item":"https:\/\/ww16.ce.gov.br\/hm\/"},{"@type":"ListItem","position":2,"name":"Comiss\u00e3o de Controle de Infec\u00e7\u00e3o Hospitalar"}]},{"@type":"WebSite","@id":"https:\/\/ww16.ce.gov.br\/hm\/#website","url":"https:\/\/ww16.ce.gov.br\/hm\/","name":"Hospital de Messejana","description":"Modelo Padr\u00e3o do Estado","potentialAction":[{"@type":"SearchAction","target":{"@type":"EntryPoint","urlTemplate":"https:\/\/ww16.ce.gov.br\/hm\/?s={search_term_string}"},"query-input":{"@type":"PropertyValueSpecification","valueRequired":true,"valueName":"search_term_string"}}],"inLanguage":"pt-BR"}]}},"_links":{"self":[{"href":"https:\/\/ww16.ce.gov.br\/hm\/wp-json\/wp\/v2\/pages\/4630","targetHints":{"allow":["GET"]}}],"collection":[{"href":"https:\/\/ww16.ce.gov.br\/hm\/wp-json\/wp\/v2\/pages"}],"about":[{"href":"https:\/\/ww16.ce.gov.br\/hm\/wp-json\/wp\/v2\/types\/page"}],"author":[{"embeddable":true,"href":"https:\/\/ww16.ce.gov.br\/hm\/wp-json\/wp\/v2\/users\/38"}],"replies":[{"embeddable":true,"href":"https:\/\/ww16.ce.gov.br\/hm\/wp-json\/wp\/v2\/comments?post=4630"}],"version-history":[{"count":1,"href":"https:\/\/ww16.ce.gov.br\/hm\/wp-json\/wp\/v2\/pages\/4630\/revisions"}],"predecessor-version":[{"id":4632,"href":"https:\/\/ww16.ce.gov.br\/hm\/wp-json\/wp\/v2\/pages\/4630\/revisions\/4632"}],"wp:attachment":[{"href":"https:\/\/ww16.ce.gov.br\/hm\/wp-json\/wp\/v2\/media?parent=4630"}],"curies":[{"name":"wp","href":"https:\/\/api.w.org\/{rel}","templated":true}]}}