{"id":4599,"date":"2026-02-04T16:23:03","date_gmt":"2026-02-04T19:23:03","guid":{"rendered":"http:\/\/ww16.ce.gov.br\/hm\/?page_id=4599"},"modified":"2026-02-04T16:23:05","modified_gmt":"2026-02-04T19:23:05","slug":"outros-servicos-2","status":"publish","type":"page","link":"https:\/\/ww16.ce.gov.br\/hm\/outros-servicos-2\/","title":{"rendered":"Outros servi\u00e7os"},"content":{"rendered":"\n<p><strong>Consultas Cardiologia (diversas especialidades)<\/strong><\/p>\n\n\n\n<p><strong>Consultas Pneumologia (diversas especialidades)<\/strong><\/p>\n\n\n\n<p><strong>Atendimento na Emerg\u00eancia<\/strong><\/p>\n\n\n\n<p><strong>Atendimento Ambulatorial<\/strong><\/p>\n\n\n\n<p><strong>Atendimento Multidisciplinar (Enfermagem, Nutri\u00e7\u00e3o, Servi\u00e7o Social, Fisioterapia, Terapia Ocupacional, Fonoaudiologia, Odontologia, Psicologia e Farm\u00e1cia)<\/strong><\/p>\n\n\n\n<p><strong>Interna\u00e7\u00f5es Cardiologia<\/strong><\/p>\n\n\n\n<p><strong>Interna\u00e7\u00f5es Pneumologia<\/strong><\/p>\n\n\n\n<p><strong>Interna\u00e7\u00f5es Tratamento Intensivo<\/strong><\/p>\n\n\n\n<p><strong>Cirurgia Tor\u00e1cica<\/strong><\/p>\n\n\n\n<p><strong>Cirurgia Cardiovascular<\/strong><\/p>\n\n\n\n<p><strong>Transplante Card\u00edaco<\/strong><\/p>\n\n\n\n<p><strong>Transplante Card\u00edaco Infantil<\/strong><\/p>\n\n\n\n<p><strong>Transplante Pulmonar<\/strong><\/p>\n\n\n\n<p><strong>Eletrofisiologia<\/strong><\/p>\n\n\n\n<p><strong>Pequenas Cirurgias<\/strong><\/p>\n\n\n\n<h3 class=\"wp-block-heading\"><strong>Exames complementares<\/strong><\/h3>\n\n\n\n<p><strong>Avalia\u00e7\u00e3o de Marca-passo<\/strong><\/p>\n\n\n\n<p><strong>Broncoscopia \/ Videobroncoscopia<\/strong><\/p>\n\n\n\n<p><strong>Ecocardiograma<\/strong><\/p>\n\n\n\n<p><strong>Eletrocardiograma (ECG de alta resolu\u00e7\u00e3o)<\/strong><\/p>\n\n\n\n<p><strong>Espirometria<\/strong><\/p>\n\n\n\n<p><strong>Hemodin\u00e2mica<\/strong><\/p>\n\n\n\n<p><strong>Holter \u2013 Mapa<\/strong><\/p>\n\n\n\n<p><strong>Laboratoriais: Hematologia, Bioqu\u00edmica, Imunologia, Nefroparasitol\u00f3gicos e Microbiologia (Laborat\u00f3rio de Patologia Cl\u00ednica)<\/strong><\/p>\n\n\n\n<p><strong>Radiografias \u2013 Ultrassonografias<\/strong><\/p>\n\n\n\n<p><strong>Teste Ergom\u00e9trico<\/strong><\/p>\n\n\n\n<p><strong>Tomografia Computadorizada<\/strong><\/p>\n","protected":false},"excerpt":{"rendered":"<p>Consultas Cardiologia (diversas especialidades) Consultas Pneumologia (diversas especialidades) Atendimento na Emerg\u00eancia Atendimento Ambulatorial Atendimento Multidisciplinar (Enfermagem, Nutri\u00e7\u00e3o, Servi\u00e7o Social, Fisioterapia, Terapia Ocupacional, Fonoaudiologia, Odontologia, Psicologia e Farm\u00e1cia) Interna\u00e7\u00f5es Cardiologia Interna\u00e7\u00f5es Pneumologia Interna\u00e7\u00f5es Tratamento Intensivo Cirurgia Tor\u00e1cica Cirurgia Cardiovascular Transplante Card\u00edaco Transplante Card\u00edaco Infantil Transplante Pulmonar Eletrofisiologia Pequenas Cirurgias Exames complementares Avalia\u00e7\u00e3o de Marca-passo Broncoscopia \/ [&hellip;]<\/p>\n","protected":false},"author":38,"featured_media":0,"parent":0,"menu_order":0,"comment_status":"closed","ping_status":"closed","template":"","meta":{"_acf_changed":false,"inline_featured_image":false,"footnotes":""},"class_list":["post-4599","page","type-page","status-publish","hentry"],"acf":[],"yoast_head":"<!-- This site is optimized with the Yoast SEO plugin v26.9 - https:\/\/yoast.com\/product\/yoast-seo-wordpress\/ -->\n<title>Outros servi\u00e7os - Hospital de Messejana<\/title>\n<meta name=\"robots\" content=\"index, follow, max-snippet:-1, max-image-preview:large, max-video-preview:-1\" \/>\n<link rel=\"canonical\" href=\"https:\/\/ww16.ce.gov.br\/hm\/outros-servicos-2\/\" \/>\n<meta property=\"og:locale\" content=\"pt_BR\" \/>\n<meta property=\"og:type\" content=\"article\" \/>\n<meta property=\"og:title\" content=\"Outros servi\u00e7os - Hospital de Messejana\" \/>\n<meta property=\"og:description\" content=\"Consultas Cardiologia (diversas especialidades) Consultas Pneumologia (diversas especialidades) Atendimento na Emerg\u00eancia Atendimento Ambulatorial Atendimento Multidisciplinar (Enfermagem, Nutri\u00e7\u00e3o, Servi\u00e7o Social, Fisioterapia, Terapia Ocupacional, Fonoaudiologia, Odontologia, Psicologia e Farm\u00e1cia) Interna\u00e7\u00f5es Cardiologia Interna\u00e7\u00f5es Pneumologia Interna\u00e7\u00f5es Tratamento Intensivo Cirurgia Tor\u00e1cica Cirurgia Cardiovascular Transplante Card\u00edaco Transplante Card\u00edaco Infantil Transplante Pulmonar Eletrofisiologia Pequenas Cirurgias Exames complementares Avalia\u00e7\u00e3o de Marca-passo Broncoscopia \/ [&hellip;]\" \/>\n<meta property=\"og:url\" content=\"https:\/\/ww16.ce.gov.br\/hm\/outros-servicos-2\/\" \/>\n<meta property=\"og:site_name\" content=\"Hospital de Messejana\" \/>\n<meta property=\"article:modified_time\" content=\"2026-02-04T19:23:05+00:00\" \/>\n<meta name=\"twitter:card\" content=\"summary_large_image\" \/>\n<meta name=\"twitter:label1\" content=\"Est. reading time\" \/>\n\t<meta name=\"twitter:data1\" content=\"1 minuto\" \/>\n<script type=\"application\/ld+json\" class=\"yoast-schema-graph\">{\"@context\":\"https:\/\/schema.org\",\"@graph\":[{\"@type\":\"WebPage\",\"@id\":\"https:\/\/ww16.ce.gov.br\/hm\/outros-servicos-2\/\",\"url\":\"https:\/\/ww16.ce.gov.br\/hm\/outros-servicos-2\/\",\"name\":\"Outros servi\u00e7os - Hospital de Messejana\",\"isPartOf\":{\"@id\":\"https:\/\/ww16.ce.gov.br\/hm\/#website\"},\"datePublished\":\"2026-02-04T19:23:03+00:00\",\"dateModified\":\"2026-02-04T19:23:05+00:00\",\"breadcrumb\":{\"@id\":\"https:\/\/ww16.ce.gov.br\/hm\/outros-servicos-2\/#breadcrumb\"},\"inLanguage\":\"pt-BR\",\"potentialAction\":[{\"@type\":\"ReadAction\",\"target\":[\"https:\/\/ww16.ce.gov.br\/hm\/outros-servicos-2\/\"]}]},{\"@type\":\"BreadcrumbList\",\"@id\":\"https:\/\/ww16.ce.gov.br\/hm\/outros-servicos-2\/#breadcrumb\",\"itemListElement\":[{\"@type\":\"ListItem\",\"position\":1,\"name\":\"In\u00edcio\",\"item\":\"https:\/\/ww16.ce.gov.br\/hm\/\"},{\"@type\":\"ListItem\",\"position\":2,\"name\":\"Outros servi\u00e7os\"}]},{\"@type\":\"WebSite\",\"@id\":\"https:\/\/ww16.ce.gov.br\/hm\/#website\",\"url\":\"https:\/\/ww16.ce.gov.br\/hm\/\",\"name\":\"Hospital de Messejana\",\"description\":\"Modelo Padr\u00e3o do Estado\",\"potentialAction\":[{\"@type\":\"SearchAction\",\"target\":{\"@type\":\"EntryPoint\",\"urlTemplate\":\"https:\/\/ww16.ce.gov.br\/hm\/?s={search_term_string}\"},\"query-input\":{\"@type\":\"PropertyValueSpecification\",\"valueRequired\":true,\"valueName\":\"search_term_string\"}}],\"inLanguage\":\"pt-BR\"}]}<\/script>\n<!-- \/ Yoast SEO plugin. -->","yoast_head_json":{"title":"Outros servi\u00e7os - Hospital de Messejana","robots":{"index":"index","follow":"follow","max-snippet":"max-snippet:-1","max-image-preview":"max-image-preview:large","max-video-preview":"max-video-preview:-1"},"canonical":"https:\/\/ww16.ce.gov.br\/hm\/outros-servicos-2\/","og_locale":"pt_BR","og_type":"article","og_title":"Outros servi\u00e7os - Hospital de Messejana","og_description":"Consultas Cardiologia (diversas especialidades) Consultas Pneumologia (diversas especialidades) Atendimento na Emerg\u00eancia Atendimento Ambulatorial Atendimento Multidisciplinar (Enfermagem, Nutri\u00e7\u00e3o, Servi\u00e7o Social, Fisioterapia, Terapia Ocupacional, Fonoaudiologia, Odontologia, Psicologia e Farm\u00e1cia) Interna\u00e7\u00f5es Cardiologia Interna\u00e7\u00f5es Pneumologia Interna\u00e7\u00f5es Tratamento Intensivo Cirurgia Tor\u00e1cica Cirurgia Cardiovascular Transplante Card\u00edaco Transplante Card\u00edaco Infantil Transplante Pulmonar Eletrofisiologia Pequenas Cirurgias Exames complementares Avalia\u00e7\u00e3o de Marca-passo Broncoscopia \/ [&hellip;]","og_url":"https:\/\/ww16.ce.gov.br\/hm\/outros-servicos-2\/","og_site_name":"Hospital de Messejana","article_modified_time":"2026-02-04T19:23:05+00:00","twitter_card":"summary_large_image","twitter_misc":{"Est. reading time":"1 minuto"},"schema":{"@context":"https:\/\/schema.org","@graph":[{"@type":"WebPage","@id":"https:\/\/ww16.ce.gov.br\/hm\/outros-servicos-2\/","url":"https:\/\/ww16.ce.gov.br\/hm\/outros-servicos-2\/","name":"Outros servi\u00e7os - Hospital de Messejana","isPartOf":{"@id":"https:\/\/ww16.ce.gov.br\/hm\/#website"},"datePublished":"2026-02-04T19:23:03+00:00","dateModified":"2026-02-04T19:23:05+00:00","breadcrumb":{"@id":"https:\/\/ww16.ce.gov.br\/hm\/outros-servicos-2\/#breadcrumb"},"inLanguage":"pt-BR","potentialAction":[{"@type":"ReadAction","target":["https:\/\/ww16.ce.gov.br\/hm\/outros-servicos-2\/"]}]},{"@type":"BreadcrumbList","@id":"https:\/\/ww16.ce.gov.br\/hm\/outros-servicos-2\/#breadcrumb","itemListElement":[{"@type":"ListItem","position":1,"name":"In\u00edcio","item":"https:\/\/ww16.ce.gov.br\/hm\/"},{"@type":"ListItem","position":2,"name":"Outros servi\u00e7os"}]},{"@type":"WebSite","@id":"https:\/\/ww16.ce.gov.br\/hm\/#website","url":"https:\/\/ww16.ce.gov.br\/hm\/","name":"Hospital de Messejana","description":"Modelo Padr\u00e3o do Estado","potentialAction":[{"@type":"SearchAction","target":{"@type":"EntryPoint","urlTemplate":"https:\/\/ww16.ce.gov.br\/hm\/?s={search_term_string}"},"query-input":{"@type":"PropertyValueSpecification","valueRequired":true,"valueName":"search_term_string"}}],"inLanguage":"pt-BR"}]}},"_links":{"self":[{"href":"https:\/\/ww16.ce.gov.br\/hm\/wp-json\/wp\/v2\/pages\/4599","targetHints":{"allow":["GET"]}}],"collection":[{"href":"https:\/\/ww16.ce.gov.br\/hm\/wp-json\/wp\/v2\/pages"}],"about":[{"href":"https:\/\/ww16.ce.gov.br\/hm\/wp-json\/wp\/v2\/types\/page"}],"author":[{"embeddable":true,"href":"https:\/\/ww16.ce.gov.br\/hm\/wp-json\/wp\/v2\/users\/38"}],"replies":[{"embeddable":true,"href":"https:\/\/ww16.ce.gov.br\/hm\/wp-json\/wp\/v2\/comments?post=4599"}],"version-history":[{"count":1,"href":"https:\/\/ww16.ce.gov.br\/hm\/wp-json\/wp\/v2\/pages\/4599\/revisions"}],"predecessor-version":[{"id":4601,"href":"https:\/\/ww16.ce.gov.br\/hm\/wp-json\/wp\/v2\/pages\/4599\/revisions\/4601"}],"wp:attachment":[{"href":"https:\/\/ww16.ce.gov.br\/hm\/wp-json\/wp\/v2\/media?parent=4599"}],"curies":[{"name":"wp","href":"https:\/\/api.w.org\/{rel}","templated":true}]}}