{"id":4570,"date":"2026-02-04T15:07:09","date_gmt":"2026-02-04T18:07:09","guid":{"rendered":"http:\/\/ww16.ce.gov.br\/hm\/?page_id=4570"},"modified":"2026-02-04T16:33:57","modified_gmt":"2026-02-04T19:33:57","slug":"ambulatorio","status":"publish","type":"page","link":"https:\/\/ww16.ce.gov.br\/hm\/ambulatorio\/","title":{"rendered":"Ambulat\u00f3rio"},"content":{"rendered":"\n<figure class=\"wp-block-image size-full\"><img loading=\"lazy\" decoding=\"async\" width=\"768\" height=\"512\" src=\"https:\/\/ww16.ce.gov.br\/hm\/wp-content\/uploads\/sites\/25\/2026\/02\/240221_HOSPITAL-DO-CORACAO-MESSEJANA_TS4873-768x512-1.jpg\" alt=\"\" class=\"wp-image-4572\" srcset=\"https:\/\/ww16.ce.gov.br\/hm\/wp-content\/uploads\/sites\/25\/2026\/02\/240221_HOSPITAL-DO-CORACAO-MESSEJANA_TS4873-768x512-1.jpg 768w, https:\/\/ww16.ce.gov.br\/hm\/wp-content\/uploads\/sites\/25\/2026\/02\/240221_HOSPITAL-DO-CORACAO-MESSEJANA_TS4873-768x512-1-600x400.jpg 600w\" sizes=\"auto, (max-width: 768px) 100vw, 768px\" \/><\/figure>\n\n\n\n<p><\/p>\n\n\n\n<p>O Hospital de Messejana re\u00fane, na Unidade de Pacientes Externos, 25 ambulat\u00f3rios especializados no diagn\u00f3stico, tratamento, controle e preven\u00e7\u00e3o de doen\u00e7as card\u00edacas, pulmonares e vasculares.<\/p>\n\n\n\n<p><strong>Acesso \u00e0s consultas<\/strong><\/p>\n\n\n\n<p>Por ser um ambulat\u00f3rio de especialidades, de alta complexidade, de n\u00edvel terci\u00e1rio, a marca\u00e7\u00e3o para consultas de primeira vez se d\u00e1 por meio das Unidades B\u00e1sicas de Sa\u00fade (UBS), via Central de Regula\u00e7\u00e3o do Munic\u00edpio, para quem reside em Fortaleza.<\/p>\n\n\n\n<p>Moradores de outros munic\u00edpios do Cear\u00e1 podem acessar os servi\u00e7os ambulatoriais por meio das secretarias de sa\u00fade de cada cidade, tamb\u00e9m pela Central de Regula\u00e7\u00e3o do Estado.<\/p>\n\n\n\n<h2 class=\"wp-block-heading\"><strong>Especialidades<\/strong><\/h2>\n\n\n\n<p><strong>Cardiologia<\/strong>&nbsp;\u2013 Angioplastia, Arritmia, Cardiologia Geral, Cardiopediatria, Cong\u00eanito Adulto, Doen\u00e7a de Chagas, Insufici\u00eancia Card\u00edaca, Miocardiopatias, Marcapasso, Valvopatias, Pr\u00e9 e P\u00f3s-Operat\u00f3rio Card\u00edaco, P\u00f3s-Cateterismo<\/p>\n\n\n\n<p><strong>Pneumologia<\/strong>&nbsp;\u2013 Asma, Bronquiectasia, Cirurgi\u00e3o Tor\u00e1cico, Doen\u00e7as Intersticiais, DPOC, Fibrose C\u00edstica, Hipertens\u00e3o Pulmonar, Pneumologia Geral, Tisiologia (incluindo Tuberculose Multirresistente) e Ambulat\u00f3rio do Sono (para diagn\u00f3stico e manejo de dist\u00farbios respirat\u00f3rios durante o sono)<\/p>\n\n\n\n<p><strong>Enfermagem<\/strong>&nbsp;\u2013 Asma, Controle de Anticoagula\u00e7\u00e3o, P\u00f3s-Angioplastia, Tisiologia<\/p>\n\n\n\n<p><strong>Nutri\u00e7\u00e3o<\/strong>&nbsp;\u2013 Nutri\u00e7\u00e3o Geral, Nutri\u00e7\u00e3o Pedi\u00e1trica e acompanhamento especializado em Fibrose C\u00edstica<\/p>\n\n\n\n<p><strong>E mais:<\/strong>&nbsp;Angiologia, Endocrinologia e Servi\u00e7o Social<\/p>\n\n\n\n<p>A partir da primeira consulta, realizada na unidade ambulatorial, os pacientes que necessitam de acompanhamento, seguem com as marca\u00e7\u00f5es internas para interconsultas e exames complementares.<\/p>\n\n\n\n<p><strong>Central de Marca\u00e7\u00e3o de Consultas:<\/strong>&nbsp;(85) 3101-4112 e (85) 3101-4156 (liga\u00e7\u00e3o e Whatsapp)<\/p>\n\n\n\n<p><strong>Hor\u00e1rio de funcionamento:<\/strong>&nbsp;Segunda a sexta-feira, das 7h \u00e0s 18h<\/p>\n","protected":false},"excerpt":{"rendered":"<p>O Hospital de Messejana re\u00fane, na Unidade de Pacientes Externos, 25 ambulat\u00f3rios especializados no diagn\u00f3stico, tratamento, controle e preven\u00e7\u00e3o de doen\u00e7as card\u00edacas, pulmonares e vasculares. Acesso \u00e0s consultas Por ser um ambulat\u00f3rio de especialidades, de alta complexidade, de n\u00edvel terci\u00e1rio, a marca\u00e7\u00e3o para consultas de primeira vez se d\u00e1 por meio das Unidades B\u00e1sicas de [&hellip;]<\/p>\n","protected":false},"author":38,"featured_media":0,"parent":0,"menu_order":0,"comment_status":"closed","ping_status":"closed","template":"","meta":{"_acf_changed":false,"inline_featured_image":false,"footnotes":""},"class_list":["post-4570","page","type-page","status-publish","hentry"],"acf":[],"yoast_head":"<!-- This site is optimized with the Yoast SEO plugin v26.9 - https:\/\/yoast.com\/product\/yoast-seo-wordpress\/ -->\n<title>Ambulat\u00f3rio - Hospital de Messejana<\/title>\n<meta name=\"robots\" content=\"index, follow, max-snippet:-1, max-image-preview:large, max-video-preview:-1\" \/>\n<link rel=\"canonical\" href=\"https:\/\/ww16.ce.gov.br\/hm\/ambulatorio\/\" \/>\n<meta property=\"og:locale\" content=\"pt_BR\" \/>\n<meta property=\"og:type\" content=\"article\" \/>\n<meta property=\"og:title\" content=\"Ambulat\u00f3rio - Hospital de Messejana\" \/>\n<meta property=\"og:description\" content=\"O Hospital de Messejana re\u00fane, na Unidade de Pacientes Externos, 25 ambulat\u00f3rios especializados no diagn\u00f3stico, tratamento, controle e preven\u00e7\u00e3o de doen\u00e7as card\u00edacas, pulmonares e vasculares. Acesso \u00e0s consultas Por ser um ambulat\u00f3rio de especialidades, de alta complexidade, de n\u00edvel terci\u00e1rio, a marca\u00e7\u00e3o para consultas de primeira vez se d\u00e1 por meio das Unidades B\u00e1sicas de [&hellip;]\" \/>\n<meta property=\"og:url\" content=\"https:\/\/ww16.ce.gov.br\/hm\/ambulatorio\/\" \/>\n<meta property=\"og:site_name\" content=\"Hospital de Messejana\" \/>\n<meta property=\"article:modified_time\" content=\"2026-02-04T19:33:57+00:00\" \/>\n<meta property=\"og:image\" content=\"http:\/\/ww16.ce.gov.br\/hm\/wp-content\/uploads\/sites\/25\/2026\/02\/240221_HOSPITAL-DO-CORACAO-MESSEJANA_TS4873-768x512-1.jpg\" \/>\n<meta name=\"twitter:card\" content=\"summary_large_image\" \/>\n<meta name=\"twitter:label1\" content=\"Est. reading time\" \/>\n\t<meta name=\"twitter:data1\" content=\"2 minutos\" \/>\n<script type=\"application\/ld+json\" class=\"yoast-schema-graph\">{\"@context\":\"https:\/\/schema.org\",\"@graph\":[{\"@type\":\"WebPage\",\"@id\":\"https:\/\/ww16.ce.gov.br\/hm\/ambulatorio\/\",\"url\":\"https:\/\/ww16.ce.gov.br\/hm\/ambulatorio\/\",\"name\":\"Ambulat\u00f3rio - Hospital de Messejana\",\"isPartOf\":{\"@id\":\"https:\/\/ww16.ce.gov.br\/hm\/#website\"},\"primaryImageOfPage\":{\"@id\":\"https:\/\/ww16.ce.gov.br\/hm\/ambulatorio\/#primaryimage\"},\"image\":{\"@id\":\"https:\/\/ww16.ce.gov.br\/hm\/ambulatorio\/#primaryimage\"},\"thumbnailUrl\":\"http:\/\/ww16.ce.gov.br\/hm\/wp-content\/uploads\/sites\/25\/2026\/02\/240221_HOSPITAL-DO-CORACAO-MESSEJANA_TS4873-768x512-1.jpg\",\"datePublished\":\"2026-02-04T18:07:09+00:00\",\"dateModified\":\"2026-02-04T19:33:57+00:00\",\"breadcrumb\":{\"@id\":\"https:\/\/ww16.ce.gov.br\/hm\/ambulatorio\/#breadcrumb\"},\"inLanguage\":\"pt-BR\",\"potentialAction\":[{\"@type\":\"ReadAction\",\"target\":[\"https:\/\/ww16.ce.gov.br\/hm\/ambulatorio\/\"]}]},{\"@type\":\"ImageObject\",\"inLanguage\":\"pt-BR\",\"@id\":\"https:\/\/ww16.ce.gov.br\/hm\/ambulatorio\/#primaryimage\",\"url\":\"https:\/\/ww16.ce.gov.br\/hm\/wp-content\/uploads\/sites\/25\/2026\/02\/240221_HOSPITAL-DO-CORACAO-MESSEJANA_TS4873-768x512-1.jpg\",\"contentUrl\":\"https:\/\/ww16.ce.gov.br\/hm\/wp-content\/uploads\/sites\/25\/2026\/02\/240221_HOSPITAL-DO-CORACAO-MESSEJANA_TS4873-768x512-1.jpg\",\"width\":768,\"height\":512},{\"@type\":\"BreadcrumbList\",\"@id\":\"https:\/\/ww16.ce.gov.br\/hm\/ambulatorio\/#breadcrumb\",\"itemListElement\":[{\"@type\":\"ListItem\",\"position\":1,\"name\":\"In\u00edcio\",\"item\":\"https:\/\/ww16.ce.gov.br\/hm\/\"},{\"@type\":\"ListItem\",\"position\":2,\"name\":\"Ambulat\u00f3rio\"}]},{\"@type\":\"WebSite\",\"@id\":\"https:\/\/ww16.ce.gov.br\/hm\/#website\",\"url\":\"https:\/\/ww16.ce.gov.br\/hm\/\",\"name\":\"Hospital de Messejana\",\"description\":\"Modelo Padr\u00e3o do Estado\",\"potentialAction\":[{\"@type\":\"SearchAction\",\"target\":{\"@type\":\"EntryPoint\",\"urlTemplate\":\"https:\/\/ww16.ce.gov.br\/hm\/?s={search_term_string}\"},\"query-input\":{\"@type\":\"PropertyValueSpecification\",\"valueRequired\":true,\"valueName\":\"search_term_string\"}}],\"inLanguage\":\"pt-BR\"}]}<\/script>\n<!-- \/ Yoast SEO plugin. -->","yoast_head_json":{"title":"Ambulat\u00f3rio - Hospital de Messejana","robots":{"index":"index","follow":"follow","max-snippet":"max-snippet:-1","max-image-preview":"max-image-preview:large","max-video-preview":"max-video-preview:-1"},"canonical":"https:\/\/ww16.ce.gov.br\/hm\/ambulatorio\/","og_locale":"pt_BR","og_type":"article","og_title":"Ambulat\u00f3rio - Hospital de Messejana","og_description":"O Hospital de Messejana re\u00fane, na Unidade de Pacientes Externos, 25 ambulat\u00f3rios especializados no diagn\u00f3stico, tratamento, controle e preven\u00e7\u00e3o de doen\u00e7as card\u00edacas, pulmonares e vasculares. Acesso \u00e0s consultas Por ser um ambulat\u00f3rio de especialidades, de alta complexidade, de n\u00edvel terci\u00e1rio, a marca\u00e7\u00e3o para consultas de primeira vez se d\u00e1 por meio das Unidades B\u00e1sicas de [&hellip;]","og_url":"https:\/\/ww16.ce.gov.br\/hm\/ambulatorio\/","og_site_name":"Hospital de Messejana","article_modified_time":"2026-02-04T19:33:57+00:00","og_image":[{"url":"http:\/\/ww16.ce.gov.br\/hm\/wp-content\/uploads\/sites\/25\/2026\/02\/240221_HOSPITAL-DO-CORACAO-MESSEJANA_TS4873-768x512-1.jpg","type":"","width":"","height":""}],"twitter_card":"summary_large_image","twitter_misc":{"Est. reading time":"2 minutos"},"schema":{"@context":"https:\/\/schema.org","@graph":[{"@type":"WebPage","@id":"https:\/\/ww16.ce.gov.br\/hm\/ambulatorio\/","url":"https:\/\/ww16.ce.gov.br\/hm\/ambulatorio\/","name":"Ambulat\u00f3rio - Hospital de Messejana","isPartOf":{"@id":"https:\/\/ww16.ce.gov.br\/hm\/#website"},"primaryImageOfPage":{"@id":"https:\/\/ww16.ce.gov.br\/hm\/ambulatorio\/#primaryimage"},"image":{"@id":"https:\/\/ww16.ce.gov.br\/hm\/ambulatorio\/#primaryimage"},"thumbnailUrl":"http:\/\/ww16.ce.gov.br\/hm\/wp-content\/uploads\/sites\/25\/2026\/02\/240221_HOSPITAL-DO-CORACAO-MESSEJANA_TS4873-768x512-1.jpg","datePublished":"2026-02-04T18:07:09+00:00","dateModified":"2026-02-04T19:33:57+00:00","breadcrumb":{"@id":"https:\/\/ww16.ce.gov.br\/hm\/ambulatorio\/#breadcrumb"},"inLanguage":"pt-BR","potentialAction":[{"@type":"ReadAction","target":["https:\/\/ww16.ce.gov.br\/hm\/ambulatorio\/"]}]},{"@type":"ImageObject","inLanguage":"pt-BR","@id":"https:\/\/ww16.ce.gov.br\/hm\/ambulatorio\/#primaryimage","url":"https:\/\/ww16.ce.gov.br\/hm\/wp-content\/uploads\/sites\/25\/2026\/02\/240221_HOSPITAL-DO-CORACAO-MESSEJANA_TS4873-768x512-1.jpg","contentUrl":"https:\/\/ww16.ce.gov.br\/hm\/wp-content\/uploads\/sites\/25\/2026\/02\/240221_HOSPITAL-DO-CORACAO-MESSEJANA_TS4873-768x512-1.jpg","width":768,"height":512},{"@type":"BreadcrumbList","@id":"https:\/\/ww16.ce.gov.br\/hm\/ambulatorio\/#breadcrumb","itemListElement":[{"@type":"ListItem","position":1,"name":"In\u00edcio","item":"https:\/\/ww16.ce.gov.br\/hm\/"},{"@type":"ListItem","position":2,"name":"Ambulat\u00f3rio"}]},{"@type":"WebSite","@id":"https:\/\/ww16.ce.gov.br\/hm\/#website","url":"https:\/\/ww16.ce.gov.br\/hm\/","name":"Hospital de Messejana","description":"Modelo Padr\u00e3o do Estado","potentialAction":[{"@type":"SearchAction","target":{"@type":"EntryPoint","urlTemplate":"https:\/\/ww16.ce.gov.br\/hm\/?s={search_term_string}"},"query-input":{"@type":"PropertyValueSpecification","valueRequired":true,"valueName":"search_term_string"}}],"inLanguage":"pt-BR"}]}},"_links":{"self":[{"href":"https:\/\/ww16.ce.gov.br\/hm\/wp-json\/wp\/v2\/pages\/4570","targetHints":{"allow":["GET"]}}],"collection":[{"href":"https:\/\/ww16.ce.gov.br\/hm\/wp-json\/wp\/v2\/pages"}],"about":[{"href":"https:\/\/ww16.ce.gov.br\/hm\/wp-json\/wp\/v2\/types\/page"}],"author":[{"embeddable":true,"href":"https:\/\/ww16.ce.gov.br\/hm\/wp-json\/wp\/v2\/users\/38"}],"replies":[{"embeddable":true,"href":"https:\/\/ww16.ce.gov.br\/hm\/wp-json\/wp\/v2\/comments?post=4570"}],"version-history":[{"count":4,"href":"https:\/\/ww16.ce.gov.br\/hm\/wp-json\/wp\/v2\/pages\/4570\/revisions"}],"predecessor-version":[{"id":4606,"href":"https:\/\/ww16.ce.gov.br\/hm\/wp-json\/wp\/v2\/pages\/4570\/revisions\/4606"}],"wp:attachment":[{"href":"https:\/\/ww16.ce.gov.br\/hm\/wp-json\/wp\/v2\/media?parent=4570"}],"curies":[{"name":"wp","href":"https:\/\/api.w.org\/{rel}","templated":true}]}}