{"id":4564,"date":"2026-02-04T14:59:38","date_gmt":"2026-02-04T17:59:38","guid":{"rendered":"http:\/\/ww16.ce.gov.br\/hm\/?page_id=4564"},"modified":"2026-02-04T16:04:09","modified_gmt":"2026-02-04T19:04:09","slug":"emergencia","status":"publish","type":"page","link":"https:\/\/ww16.ce.gov.br\/hm\/emergencia\/","title":{"rendered":"Emerg\u00eancia"},"content":{"rendered":"\n<figure class=\"wp-block-image size-full\"><img loading=\"lazy\" decoding=\"async\" width=\"1200\" height=\"772\" src=\"https:\/\/ww16.ce.gov.br\/hm\/wp-content\/uploads\/sites\/25\/2026\/02\/Dia-do-Cardiologista_HM-1-e1708717617249-1200x772-1.jpg\" alt=\"\" class=\"wp-image-4567\" srcset=\"https:\/\/ww16.ce.gov.br\/hm\/wp-content\/uploads\/sites\/25\/2026\/02\/Dia-do-Cardiologista_HM-1-e1708717617249-1200x772-1.jpg 1200w, https:\/\/ww16.ce.gov.br\/hm\/wp-content\/uploads\/sites\/25\/2026\/02\/Dia-do-Cardiologista_HM-1-e1708717617249-1200x772-1-600x386.jpg 600w, https:\/\/ww16.ce.gov.br\/hm\/wp-content\/uploads\/sites\/25\/2026\/02\/Dia-do-Cardiologista_HM-1-e1708717617249-1200x772-1-768x494.jpg 768w\" sizes=\"auto, (max-width: 1200px) 100vw, 1200px\" \/><\/figure>\n\n\n\n<p>A Emerg\u00eancia do Hospital de Messejana Dr. Carlos Alberto Studart Gomes (HM), unidade da Secretaria da Sa\u00fade do Cear\u00e1 (Sesa), \u00e9<strong>&nbsp;refer\u00eancia no atendimento especializado em cardiologia e pneumologia.<\/strong>&nbsp;Com funcionamento&nbsp;<strong>24 horas por dia, todos os dias da semana<\/strong>, a unidade oferece assist\u00eancia r\u00e1pida, segura e de qualidade a pacientes em situa\u00e7\u00f5es cr\u00edticas nessas especialidades.<\/p>\n\n\n\n<p>O atendimento \u00e9 realizado por equipe multiprofissional qualificada, com base na classifica\u00e7\u00e3o de risco, que prioriza a gravidade do quadro cl\u00ednico de cada paciente. Como hospital de portas abertas e integrado&nbsp;\u00e0 Central de Regula\u00e7\u00e3o do Estado do Cear\u00e1, a Emerg\u00eancia do HM recebe e encaminha pacientes de diversas regi\u00f5es do estado, garantindo um fluxo assistencial organizado e acesso a procedimentos de alta complexidade, tanto cl\u00ednicos quanto cir\u00fargicos.<\/p>\n\n\n\n<p><strong>Localiza\u00e7\u00e3o:<\/strong>&nbsp;Rua Alberto Torres, esquina com Avenida Frei Cirilo \u2013 Messejana<\/p>\n\n\n\n<p><\/p>\n\n\n\n<p><\/p>\n","protected":false},"excerpt":{"rendered":"<p>A Emerg\u00eancia do Hospital de Messejana Dr. Carlos Alberto Studart Gomes (HM), unidade da Secretaria da Sa\u00fade do Cear\u00e1 (Sesa), \u00e9&nbsp;refer\u00eancia no atendimento especializado em cardiologia e pneumologia.&nbsp;Com funcionamento&nbsp;24 horas por dia, todos os dias da semana, a unidade oferece assist\u00eancia r\u00e1pida, segura e de qualidade a pacientes em situa\u00e7\u00f5es cr\u00edticas nessas especialidades. O atendimento [&hellip;]<\/p>\n","protected":false},"author":38,"featured_media":0,"parent":0,"menu_order":0,"comment_status":"closed","ping_status":"closed","template":"","meta":{"_acf_changed":false,"inline_featured_image":false,"footnotes":""},"class_list":["post-4564","page","type-page","status-publish","hentry"],"acf":[],"yoast_head":"<!-- This site is optimized with the Yoast SEO plugin v26.9 - https:\/\/yoast.com\/product\/yoast-seo-wordpress\/ -->\n<title>Emerg\u00eancia - Hospital de Messejana<\/title>\n<meta name=\"robots\" content=\"index, follow, max-snippet:-1, max-image-preview:large, max-video-preview:-1\" \/>\n<link rel=\"canonical\" href=\"https:\/\/ww16.ce.gov.br\/hm\/emergencia\/\" \/>\n<meta property=\"og:locale\" content=\"pt_BR\" \/>\n<meta property=\"og:type\" content=\"article\" \/>\n<meta property=\"og:title\" content=\"Emerg\u00eancia - Hospital de Messejana\" \/>\n<meta property=\"og:description\" content=\"A Emerg\u00eancia do Hospital de Messejana Dr. Carlos Alberto Studart Gomes (HM), unidade da Secretaria da Sa\u00fade do Cear\u00e1 (Sesa), \u00e9&nbsp;refer\u00eancia no atendimento especializado em cardiologia e pneumologia.&nbsp;Com funcionamento&nbsp;24 horas por dia, todos os dias da semana, a unidade oferece assist\u00eancia r\u00e1pida, segura e de qualidade a pacientes em situa\u00e7\u00f5es cr\u00edticas nessas especialidades. O atendimento [&hellip;]\" \/>\n<meta property=\"og:url\" content=\"https:\/\/ww16.ce.gov.br\/hm\/emergencia\/\" \/>\n<meta property=\"og:site_name\" content=\"Hospital de Messejana\" \/>\n<meta property=\"article:modified_time\" content=\"2026-02-04T19:04:09+00:00\" \/>\n<meta property=\"og:image\" content=\"http:\/\/ww16.ce.gov.br\/hm\/wp-content\/uploads\/sites\/25\/2026\/02\/Dia-do-Cardiologista_HM-1-e1708717617249-1200x772-1.jpg\" \/>\n<meta name=\"twitter:card\" content=\"summary_large_image\" \/>\n<meta name=\"twitter:label1\" content=\"Est. reading time\" \/>\n\t<meta name=\"twitter:data1\" content=\"1 minuto\" \/>\n<script type=\"application\/ld+json\" class=\"yoast-schema-graph\">{\"@context\":\"https:\/\/schema.org\",\"@graph\":[{\"@type\":\"WebPage\",\"@id\":\"https:\/\/ww16.ce.gov.br\/hm\/emergencia\/\",\"url\":\"https:\/\/ww16.ce.gov.br\/hm\/emergencia\/\",\"name\":\"Emerg\u00eancia - Hospital de Messejana\",\"isPartOf\":{\"@id\":\"https:\/\/ww16.ce.gov.br\/hm\/#website\"},\"primaryImageOfPage\":{\"@id\":\"https:\/\/ww16.ce.gov.br\/hm\/emergencia\/#primaryimage\"},\"image\":{\"@id\":\"https:\/\/ww16.ce.gov.br\/hm\/emergencia\/#primaryimage\"},\"thumbnailUrl\":\"http:\/\/ww16.ce.gov.br\/hm\/wp-content\/uploads\/sites\/25\/2026\/02\/Dia-do-Cardiologista_HM-1-e1708717617249-1200x772-1.jpg\",\"datePublished\":\"2026-02-04T17:59:38+00:00\",\"dateModified\":\"2026-02-04T19:04:09+00:00\",\"breadcrumb\":{\"@id\":\"https:\/\/ww16.ce.gov.br\/hm\/emergencia\/#breadcrumb\"},\"inLanguage\":\"pt-BR\",\"potentialAction\":[{\"@type\":\"ReadAction\",\"target\":[\"https:\/\/ww16.ce.gov.br\/hm\/emergencia\/\"]}]},{\"@type\":\"ImageObject\",\"inLanguage\":\"pt-BR\",\"@id\":\"https:\/\/ww16.ce.gov.br\/hm\/emergencia\/#primaryimage\",\"url\":\"https:\/\/ww16.ce.gov.br\/hm\/wp-content\/uploads\/sites\/25\/2026\/02\/Dia-do-Cardiologista_HM-1-e1708717617249-1200x772-1.jpg\",\"contentUrl\":\"https:\/\/ww16.ce.gov.br\/hm\/wp-content\/uploads\/sites\/25\/2026\/02\/Dia-do-Cardiologista_HM-1-e1708717617249-1200x772-1.jpg\",\"width\":1200,\"height\":772,\"caption\":\"PREPARACAO DO HOSPITAL DE CAMPANHA DE MESSEJANA; ANEXO DO HOSPITAL DE MESSEJANA - HM PARA O INICIO DO ATENDIMENTO A PACIENTES INFECTADOS PELO VIRUS COVID19;CORONAVIRUS;COVID19;ACOES PARA COMBATE AO CORONAVIRUS;PANDEMIALEITOS;HOSPITAL;SESA;SAUDE;SERVIDORES DA SAUDE;M\u00c9DICOS;ENFEIMEIROS; LEITOS;UTI; FOTO \u00a9 TATIANA FORTES\/GOV DO CEARA\"},{\"@type\":\"BreadcrumbList\",\"@id\":\"https:\/\/ww16.ce.gov.br\/hm\/emergencia\/#breadcrumb\",\"itemListElement\":[{\"@type\":\"ListItem\",\"position\":1,\"name\":\"In\u00edcio\",\"item\":\"https:\/\/ww16.ce.gov.br\/hm\/\"},{\"@type\":\"ListItem\",\"position\":2,\"name\":\"Emerg\u00eancia\"}]},{\"@type\":\"WebSite\",\"@id\":\"https:\/\/ww16.ce.gov.br\/hm\/#website\",\"url\":\"https:\/\/ww16.ce.gov.br\/hm\/\",\"name\":\"Hospital de Messejana\",\"description\":\"Modelo Padr\u00e3o do Estado\",\"potentialAction\":[{\"@type\":\"SearchAction\",\"target\":{\"@type\":\"EntryPoint\",\"urlTemplate\":\"https:\/\/ww16.ce.gov.br\/hm\/?s={search_term_string}\"},\"query-input\":{\"@type\":\"PropertyValueSpecification\",\"valueRequired\":true,\"valueName\":\"search_term_string\"}}],\"inLanguage\":\"pt-BR\"}]}<\/script>\n<!-- \/ Yoast SEO plugin. -->","yoast_head_json":{"title":"Emerg\u00eancia - Hospital de Messejana","robots":{"index":"index","follow":"follow","max-snippet":"max-snippet:-1","max-image-preview":"max-image-preview:large","max-video-preview":"max-video-preview:-1"},"canonical":"https:\/\/ww16.ce.gov.br\/hm\/emergencia\/","og_locale":"pt_BR","og_type":"article","og_title":"Emerg\u00eancia - Hospital de Messejana","og_description":"A Emerg\u00eancia do Hospital de Messejana Dr. Carlos Alberto Studart Gomes (HM), unidade da Secretaria da Sa\u00fade do Cear\u00e1 (Sesa), \u00e9&nbsp;refer\u00eancia no atendimento especializado em cardiologia e pneumologia.&nbsp;Com funcionamento&nbsp;24 horas por dia, todos os dias da semana, a unidade oferece assist\u00eancia r\u00e1pida, segura e de qualidade a pacientes em situa\u00e7\u00f5es cr\u00edticas nessas especialidades. O atendimento [&hellip;]","og_url":"https:\/\/ww16.ce.gov.br\/hm\/emergencia\/","og_site_name":"Hospital de Messejana","article_modified_time":"2026-02-04T19:04:09+00:00","og_image":[{"url":"http:\/\/ww16.ce.gov.br\/hm\/wp-content\/uploads\/sites\/25\/2026\/02\/Dia-do-Cardiologista_HM-1-e1708717617249-1200x772-1.jpg","type":"","width":"","height":""}],"twitter_card":"summary_large_image","twitter_misc":{"Est. reading time":"1 minuto"},"schema":{"@context":"https:\/\/schema.org","@graph":[{"@type":"WebPage","@id":"https:\/\/ww16.ce.gov.br\/hm\/emergencia\/","url":"https:\/\/ww16.ce.gov.br\/hm\/emergencia\/","name":"Emerg\u00eancia - Hospital de Messejana","isPartOf":{"@id":"https:\/\/ww16.ce.gov.br\/hm\/#website"},"primaryImageOfPage":{"@id":"https:\/\/ww16.ce.gov.br\/hm\/emergencia\/#primaryimage"},"image":{"@id":"https:\/\/ww16.ce.gov.br\/hm\/emergencia\/#primaryimage"},"thumbnailUrl":"http:\/\/ww16.ce.gov.br\/hm\/wp-content\/uploads\/sites\/25\/2026\/02\/Dia-do-Cardiologista_HM-1-e1708717617249-1200x772-1.jpg","datePublished":"2026-02-04T17:59:38+00:00","dateModified":"2026-02-04T19:04:09+00:00","breadcrumb":{"@id":"https:\/\/ww16.ce.gov.br\/hm\/emergencia\/#breadcrumb"},"inLanguage":"pt-BR","potentialAction":[{"@type":"ReadAction","target":["https:\/\/ww16.ce.gov.br\/hm\/emergencia\/"]}]},{"@type":"ImageObject","inLanguage":"pt-BR","@id":"https:\/\/ww16.ce.gov.br\/hm\/emergencia\/#primaryimage","url":"https:\/\/ww16.ce.gov.br\/hm\/wp-content\/uploads\/sites\/25\/2026\/02\/Dia-do-Cardiologista_HM-1-e1708717617249-1200x772-1.jpg","contentUrl":"https:\/\/ww16.ce.gov.br\/hm\/wp-content\/uploads\/sites\/25\/2026\/02\/Dia-do-Cardiologista_HM-1-e1708717617249-1200x772-1.jpg","width":1200,"height":772,"caption":"PREPARACAO DO HOSPITAL DE CAMPANHA DE MESSEJANA; ANEXO DO HOSPITAL DE MESSEJANA - HM PARA O INICIO DO ATENDIMENTO A PACIENTES INFECTADOS PELO VIRUS COVID19;CORONAVIRUS;COVID19;ACOES PARA COMBATE AO CORONAVIRUS;PANDEMIALEITOS;HOSPITAL;SESA;SAUDE;SERVIDORES DA SAUDE;M\u00c9DICOS;ENFEIMEIROS; LEITOS;UTI; FOTO \u00a9 TATIANA FORTES\/GOV DO CEARA"},{"@type":"BreadcrumbList","@id":"https:\/\/ww16.ce.gov.br\/hm\/emergencia\/#breadcrumb","itemListElement":[{"@type":"ListItem","position":1,"name":"In\u00edcio","item":"https:\/\/ww16.ce.gov.br\/hm\/"},{"@type":"ListItem","position":2,"name":"Emerg\u00eancia"}]},{"@type":"WebSite","@id":"https:\/\/ww16.ce.gov.br\/hm\/#website","url":"https:\/\/ww16.ce.gov.br\/hm\/","name":"Hospital de Messejana","description":"Modelo Padr\u00e3o do Estado","potentialAction":[{"@type":"SearchAction","target":{"@type":"EntryPoint","urlTemplate":"https:\/\/ww16.ce.gov.br\/hm\/?s={search_term_string}"},"query-input":{"@type":"PropertyValueSpecification","valueRequired":true,"valueName":"search_term_string"}}],"inLanguage":"pt-BR"}]}},"_links":{"self":[{"href":"https:\/\/ww16.ce.gov.br\/hm\/wp-json\/wp\/v2\/pages\/4564","targetHints":{"allow":["GET"]}}],"collection":[{"href":"https:\/\/ww16.ce.gov.br\/hm\/wp-json\/wp\/v2\/pages"}],"about":[{"href":"https:\/\/ww16.ce.gov.br\/hm\/wp-json\/wp\/v2\/types\/page"}],"author":[{"embeddable":true,"href":"https:\/\/ww16.ce.gov.br\/hm\/wp-json\/wp\/v2\/users\/38"}],"replies":[{"embeddable":true,"href":"https:\/\/ww16.ce.gov.br\/hm\/wp-json\/wp\/v2\/comments?post=4564"}],"version-history":[{"count":2,"href":"https:\/\/ww16.ce.gov.br\/hm\/wp-json\/wp\/v2\/pages\/4564\/revisions"}],"predecessor-version":[{"id":4576,"href":"https:\/\/ww16.ce.gov.br\/hm\/wp-json\/wp\/v2\/pages\/4564\/revisions\/4576"}],"wp:attachment":[{"href":"https:\/\/ww16.ce.gov.br\/hm\/wp-json\/wp\/v2\/media?parent=4564"}],"curies":[{"name":"wp","href":"https:\/\/api.w.org\/{rel}","templated":true}]}}