{"id":2808,"date":"2022-11-18T13:42:03","date_gmt":"2022-11-18T16:42:03","guid":{"rendered":"http:\/\/ww16.ce.gov.br\/hm\/?page_id=2808"},"modified":"2026-02-05T16:09:06","modified_gmt":"2026-02-05T19:09:06","slug":"acesso-a-informacao","status":"publish","type":"page","link":"https:\/\/ww16.ce.gov.br\/hm\/acesso-a-informacao\/","title":{"rendered":"Acesso \u00e0 Informa\u00e7\u00e3o"},"content":{"rendered":"<\/p>\n<h2 class=\"-laranja\"><strong>Acesso \u00e0 Informa\u00e7\u00e3o<\/strong><\/h2>\n<p><img loading=\"lazy\" decoding=\"async\" class=\"alignnone wp-image-67220 size-full\" src=\"https:\/\/www.ceara.gov.br\/wp-content\/uploads\/2018\/02\/banner-acesso-informacao3.png\" alt=\"\" width=\"800\" height=\"280\" \/><\/p>\n<div>\u00a0<\/div>\n<p>A Lei Estadual de Acesso \u00e0 Informa\u00e7\u00e3o, Lei n\u00ba 15.175\/2012, institui como princ\u00edpio fundamental que o acesso \u00e0 informa\u00e7\u00e3o p\u00fablica \u00e9 a regra e o sigilo a exce\u00e7\u00e3o. Sua san\u00e7\u00e3o representa mais um importante passo para a consolida\u00e7\u00e3o do regime democr\u00e1tico e para o fortalecimento das pol\u00edticas de transpar\u00eancia p\u00fablica. A legisla\u00e7\u00e3o estadual vem\u00a0complementar, no \u00e2mbito do Cear\u00e1, a Lei Geral de Acesso \u00e0 Informa\u00e7\u00e3o, Lei n\u00ba 12.527\/2011.<\/p>\n<p>A mencionada Lei Estadual e o Decreto Estadual n\u00b0 31.199\/2013 determinam um rol m\u00ednimo de informa\u00e7\u00f5es que devem estar divulgadas proativamente (transpar\u00eancia ativa) nos s\u00edtios institucionais dos \u00f3rg\u00e3os e entidades, listadas no menu ao lado. As informa\u00e7\u00f5es de interesse do cidad\u00e3o que n\u00e3o estejam dispon\u00edveis na forma ativa, podem ser solicitadas clicando nos links abaixo (transpar\u00eancia passiva).\u00a0<\/p>\n<ul class=\"ListaDecorada\">\n<li><a href=\"https:\/\/www.cidades.ce.gov.br\/wp-content\/uploads\/sites\/12\/2012\/12\/Lei-n%C2%BA-15.175-28-de-junho-de-2012.pdf\" target=\"_blank\" rel=\"noopener noreferrer\">Conhe\u00e7a a \u00edntegra da Lei Estadual de Acesso \u00e0 Informa\u00e7\u00e3o \u2013 n\u00ba 15.175<\/a><\/li>\n<li><a href=\"https:\/\/www.planalto.gov.br\/ccivil_03\/_ato2011-2014\/2011\/lei\/l12527.htm\" target=\"_blank\" rel=\"noopener noreferrer\">Conhe\u00e7a a \u00edntegra da Lei Federal<\/a><\/li>\n<li><a href=\"https:\/\/cearatransparente.ce.gov.br\" target=\"_blank\" rel=\"noopener noreferrer\">Acesse o Cear\u00e1 Transparente<\/a><\/li>\n<li><a href=\"https:\/\/sou.cge.ce.gov.br\/inicialPublico.seam\" target=\"_blank\" rel=\"noopener noreferrer\">Contate a Ouvidoria<\/a><\/li>\n<li><a href=\"https:\/\/www.saude.ce.gov.br\/wp-content\/uploads\/sites\/9\/2018\/06\/portaria_n_-2020_268_nova_composicao_csai-.pdf\" target=\"_blank\" rel=\"noopener noreferrer\">Comit\u00ea Setorial de Acesso \u00e0 Informa\u00e7\u00e3o \u2013 CSAI \u2013 Portaria N\u00ba 268\/2020<\/a><\/li>\n<\/ul>\n\n\n<hr class=\"wp-block-separator has-alpha-channel-opacity\" \/>\n\n\n\n<h2 class=\"wp-block-heading\"><strong>LGPD na Sesa<\/strong><\/h2>\n\n\n\n<figure class=\"wp-block-image size-full is-resized\"><img loading=\"lazy\" decoding=\"async\" width=\"800\" height=\"280\" src=\"https:\/\/ww16.ce.gov.br\/hm\/wp-content\/uploads\/sites\/25\/2026\/02\/LGPD.png\" alt=\"\" class=\"wp-image-4682\" style=\"aspect-ratio:2.8572107953869934;width:637px;height:auto\" srcset=\"https:\/\/ww16.ce.gov.br\/hm\/wp-content\/uploads\/sites\/25\/2026\/02\/LGPD.png 800w, https:\/\/ww16.ce.gov.br\/hm\/wp-content\/uploads\/sites\/25\/2026\/02\/LGPD-600x210.png 600w, https:\/\/ww16.ce.gov.br\/hm\/wp-content\/uploads\/sites\/25\/2026\/02\/LGPD-768x269.png 768w\" sizes=\"auto, (max-width: 800px) 100vw, 800px\" \/><\/figure>\n\n\n\n<p>A Secretaria da Sa\u00fade do Estado do Cear\u00e1 (Sesa) reconhece a import\u00e2ncia da prote\u00e7\u00e3o dos dados pessoais de todos os cidad\u00e3os, especialmente no contexto do atendimento ao Sistema \u00danico de Sa\u00fade (SUS). Em conformidade com a Lei Geral de Prote\u00e7\u00e3o de Dados Pessoais (Lei n\u00ba 13.709\/2018), a Sesa adota medidas t\u00e9cnicas, administrativas e organizacionais para garantir a privacidade, a seguran\u00e7a e a transpar\u00eancia no tratamento das informa\u00e7\u00f5es pessoais sob sua responsabilidade.<br>&nbsp;<br>A aplica\u00e7\u00e3o da LGPD na Sesa est\u00e1 alinhada ao compromisso institucional com a \u00e9tica, o respeito aos direitos do titular dos dados e a melhoria cont\u00ednua da gest\u00e3o da informa\u00e7\u00e3o. Todas as unidades da secretaria seguem diretrizes para o tratamento adequado dos dados, especialmente aqueles considerados sens\u00edveis, como informa\u00e7\u00f5es de sa\u00fade. O objetivo \u00e9 assegurar que o uso desses dados seja sempre feito com base legal, finalidade leg\u00edtima e prote\u00e7\u00e3o integral dos direitos dos cidad\u00e3os.<\/p>\n\n\n\n<div style=\"height:30px\" aria-hidden=\"true\" class=\"wp-block-spacer\"><\/div>\n\n\n\n<hr class=\"wp-block-separator has-alpha-channel-opacity\" \/>\n\n\n\n<h2 class=\"wp-block-heading\"><strong>Encarregado pelo Tratamento de Dados Pessoais (DPO)<\/strong><\/h2>\n\n\n\n<p><strong>Titular:<\/strong>&nbsp;Everton Paulo Homem de Lavor<br><strong>Suplente:<\/strong>&nbsp;Manoela Fleck de Paula Pessoa<br><strong>E-mail institucional:<\/strong>&nbsp;gencarregado.lgpd@saude.ce.gov.br<\/p>\n\n\n\n<div style=\"height:30px\" aria-hidden=\"true\" class=\"wp-block-spacer\"><\/div>\n\n\n\n<h3 class=\"wp-block-heading\"><strong>Canais de Comunica\u00e7\u00e3o com a Sesa<\/strong><\/h3>\n\n\n\n<p>Para tratar de assuntos relacionados \u00e0 prote\u00e7\u00e3o de dados pessoais, o cidad\u00e3o pode entrar em contato com a Sesa por meio do e-mail gencarregado.lgpd@saude.ce.gov.br ou por qualquer outro canal oficial de comunica\u00e7\u00e3o da secretaria, como a Ouvidoria (Cear\u00e1 Transparente) ou o Protocolo Institucional (presencialmente ou por meio do e-mail: protocolo.geral@saude.ce.gov.br). Todos os pedidos ser\u00e3o devidamente encaminhados ao Encarregado pelo Tratamento de Dados Pessoais.<\/p>\n\n\n\n<p><\/p>\n","protected":false},"excerpt":{"rendered":"<p>Acesso \u00e0 Informa\u00e7\u00e3o \u00a0 A Lei Estadual de Acesso \u00e0 Informa\u00e7\u00e3o, Lei n\u00ba 15.175\/2012, institui como princ\u00edpio fundamental que o acesso \u00e0 informa\u00e7\u00e3o p\u00fablica \u00e9 a regra e o sigilo a exce\u00e7\u00e3o. Sua san\u00e7\u00e3o representa mais um importante passo para a consolida\u00e7\u00e3o do regime democr\u00e1tico e para o fortalecimento das pol\u00edticas de transpar\u00eancia p\u00fablica. A [&hellip;]<\/p>\n","protected":false},"author":499,"featured_media":0,"parent":0,"menu_order":0,"comment_status":"closed","ping_status":"closed","template":"page-acesso-a-informacao.php","meta":{"_acf_changed":false,"inline_featured_image":false,"footnotes":""},"class_list":["post-2808","page","type-page","status-publish","hentry"],"acf":[],"yoast_head":"<!-- This site is optimized with the Yoast SEO plugin v26.9 - https:\/\/yoast.com\/product\/yoast-seo-wordpress\/ -->\n<title>Acesso \u00e0 Informa\u00e7\u00e3o - Hospital de Messejana<\/title>\n<meta name=\"robots\" content=\"index, follow, max-snippet:-1, max-image-preview:large, max-video-preview:-1\" \/>\n<link rel=\"canonical\" href=\"https:\/\/ww16.ce.gov.br\/hm\/acesso-a-informacao\/\" \/>\n<meta property=\"og:locale\" content=\"pt_BR\" \/>\n<meta property=\"og:type\" content=\"article\" \/>\n<meta property=\"og:title\" content=\"Acesso \u00e0 Informa\u00e7\u00e3o - Hospital de Messejana\" \/>\n<meta property=\"og:description\" content=\"Acesso \u00e0 Informa\u00e7\u00e3o \u00a0 A Lei Estadual de Acesso \u00e0 Informa\u00e7\u00e3o, Lei n\u00ba 15.175\/2012, institui como princ\u00edpio fundamental que o acesso \u00e0 informa\u00e7\u00e3o p\u00fablica \u00e9 a regra e o sigilo a exce\u00e7\u00e3o. Sua san\u00e7\u00e3o representa mais um importante passo para a consolida\u00e7\u00e3o do regime democr\u00e1tico e para o fortalecimento das pol\u00edticas de transpar\u00eancia p\u00fablica. A [&hellip;]\" \/>\n<meta property=\"og:url\" content=\"https:\/\/ww16.ce.gov.br\/hm\/acesso-a-informacao\/\" \/>\n<meta property=\"og:site_name\" content=\"Hospital de Messejana\" \/>\n<meta property=\"article:modified_time\" content=\"2026-02-05T19:09:06+00:00\" \/>\n<meta property=\"og:image\" content=\"http:\/\/www.ceara.gov.br\/wp-content\/uploads\/2018\/02\/banner-acesso-informacao3.png\" \/>\n<meta name=\"twitter:card\" content=\"summary_large_image\" \/>\n<meta name=\"twitter:label1\" content=\"Est. reading time\" \/>\n\t<meta name=\"twitter:data1\" content=\"3 minutos\" \/>\n<script type=\"application\/ld+json\" class=\"yoast-schema-graph\">{\"@context\":\"https:\/\/schema.org\",\"@graph\":[{\"@type\":\"WebPage\",\"@id\":\"https:\/\/ww16.ce.gov.br\/hm\/acesso-a-informacao\/\",\"url\":\"https:\/\/ww16.ce.gov.br\/hm\/acesso-a-informacao\/\",\"name\":\"Acesso \u00e0 Informa\u00e7\u00e3o - Hospital de Messejana\",\"isPartOf\":{\"@id\":\"https:\/\/ww16.ce.gov.br\/hm\/#website\"},\"primaryImageOfPage\":{\"@id\":\"https:\/\/ww16.ce.gov.br\/hm\/acesso-a-informacao\/#primaryimage\"},\"image\":{\"@id\":\"https:\/\/ww16.ce.gov.br\/hm\/acesso-a-informacao\/#primaryimage\"},\"thumbnailUrl\":\"http:\/\/www.ceara.gov.br\/wp-content\/uploads\/2018\/02\/banner-acesso-informacao3.png\",\"datePublished\":\"2022-11-18T16:42:03+00:00\",\"dateModified\":\"2026-02-05T19:09:06+00:00\",\"breadcrumb\":{\"@id\":\"https:\/\/ww16.ce.gov.br\/hm\/acesso-a-informacao\/#breadcrumb\"},\"inLanguage\":\"pt-BR\",\"potentialAction\":[{\"@type\":\"ReadAction\",\"target\":[\"https:\/\/ww16.ce.gov.br\/hm\/acesso-a-informacao\/\"]}]},{\"@type\":\"ImageObject\",\"inLanguage\":\"pt-BR\",\"@id\":\"https:\/\/ww16.ce.gov.br\/hm\/acesso-a-informacao\/#primaryimage\",\"url\":\"http:\/\/www.ceara.gov.br\/wp-content\/uploads\/2018\/02\/banner-acesso-informacao3.png\",\"contentUrl\":\"http:\/\/www.ceara.gov.br\/wp-content\/uploads\/2018\/02\/banner-acesso-informacao3.png\"},{\"@type\":\"BreadcrumbList\",\"@id\":\"https:\/\/ww16.ce.gov.br\/hm\/acesso-a-informacao\/#breadcrumb\",\"itemListElement\":[{\"@type\":\"ListItem\",\"position\":1,\"name\":\"In\u00edcio\",\"item\":\"https:\/\/ww16.ce.gov.br\/hm\/\"},{\"@type\":\"ListItem\",\"position\":2,\"name\":\"Acesso \u00e0 Informa\u00e7\u00e3o\"}]},{\"@type\":\"WebSite\",\"@id\":\"https:\/\/ww16.ce.gov.br\/hm\/#website\",\"url\":\"https:\/\/ww16.ce.gov.br\/hm\/\",\"name\":\"Hospital de Messejana\",\"description\":\"Modelo Padr\u00e3o do Estado\",\"potentialAction\":[{\"@type\":\"SearchAction\",\"target\":{\"@type\":\"EntryPoint\",\"urlTemplate\":\"https:\/\/ww16.ce.gov.br\/hm\/?s={search_term_string}\"},\"query-input\":{\"@type\":\"PropertyValueSpecification\",\"valueRequired\":true,\"valueName\":\"search_term_string\"}}],\"inLanguage\":\"pt-BR\"}]}<\/script>\n<!-- \/ Yoast SEO plugin. -->","yoast_head_json":{"title":"Acesso \u00e0 Informa\u00e7\u00e3o - Hospital de Messejana","robots":{"index":"index","follow":"follow","max-snippet":"max-snippet:-1","max-image-preview":"max-image-preview:large","max-video-preview":"max-video-preview:-1"},"canonical":"https:\/\/ww16.ce.gov.br\/hm\/acesso-a-informacao\/","og_locale":"pt_BR","og_type":"article","og_title":"Acesso \u00e0 Informa\u00e7\u00e3o - Hospital de Messejana","og_description":"Acesso \u00e0 Informa\u00e7\u00e3o \u00a0 A Lei Estadual de Acesso \u00e0 Informa\u00e7\u00e3o, Lei n\u00ba 15.175\/2012, institui como princ\u00edpio fundamental que o acesso \u00e0 informa\u00e7\u00e3o p\u00fablica \u00e9 a regra e o sigilo a exce\u00e7\u00e3o. Sua san\u00e7\u00e3o representa mais um importante passo para a consolida\u00e7\u00e3o do regime democr\u00e1tico e para o fortalecimento das pol\u00edticas de transpar\u00eancia p\u00fablica. A [&hellip;]","og_url":"https:\/\/ww16.ce.gov.br\/hm\/acesso-a-informacao\/","og_site_name":"Hospital de Messejana","article_modified_time":"2026-02-05T19:09:06+00:00","og_image":[{"url":"http:\/\/www.ceara.gov.br\/wp-content\/uploads\/2018\/02\/banner-acesso-informacao3.png","type":"","width":"","height":""}],"twitter_card":"summary_large_image","twitter_misc":{"Est. reading time":"3 minutos"},"schema":{"@context":"https:\/\/schema.org","@graph":[{"@type":"WebPage","@id":"https:\/\/ww16.ce.gov.br\/hm\/acesso-a-informacao\/","url":"https:\/\/ww16.ce.gov.br\/hm\/acesso-a-informacao\/","name":"Acesso \u00e0 Informa\u00e7\u00e3o - Hospital de Messejana","isPartOf":{"@id":"https:\/\/ww16.ce.gov.br\/hm\/#website"},"primaryImageOfPage":{"@id":"https:\/\/ww16.ce.gov.br\/hm\/acesso-a-informacao\/#primaryimage"},"image":{"@id":"https:\/\/ww16.ce.gov.br\/hm\/acesso-a-informacao\/#primaryimage"},"thumbnailUrl":"http:\/\/www.ceara.gov.br\/wp-content\/uploads\/2018\/02\/banner-acesso-informacao3.png","datePublished":"2022-11-18T16:42:03+00:00","dateModified":"2026-02-05T19:09:06+00:00","breadcrumb":{"@id":"https:\/\/ww16.ce.gov.br\/hm\/acesso-a-informacao\/#breadcrumb"},"inLanguage":"pt-BR","potentialAction":[{"@type":"ReadAction","target":["https:\/\/ww16.ce.gov.br\/hm\/acesso-a-informacao\/"]}]},{"@type":"ImageObject","inLanguage":"pt-BR","@id":"https:\/\/ww16.ce.gov.br\/hm\/acesso-a-informacao\/#primaryimage","url":"http:\/\/www.ceara.gov.br\/wp-content\/uploads\/2018\/02\/banner-acesso-informacao3.png","contentUrl":"http:\/\/www.ceara.gov.br\/wp-content\/uploads\/2018\/02\/banner-acesso-informacao3.png"},{"@type":"BreadcrumbList","@id":"https:\/\/ww16.ce.gov.br\/hm\/acesso-a-informacao\/#breadcrumb","itemListElement":[{"@type":"ListItem","position":1,"name":"In\u00edcio","item":"https:\/\/ww16.ce.gov.br\/hm\/"},{"@type":"ListItem","position":2,"name":"Acesso \u00e0 Informa\u00e7\u00e3o"}]},{"@type":"WebSite","@id":"https:\/\/ww16.ce.gov.br\/hm\/#website","url":"https:\/\/ww16.ce.gov.br\/hm\/","name":"Hospital de Messejana","description":"Modelo Padr\u00e3o do Estado","potentialAction":[{"@type":"SearchAction","target":{"@type":"EntryPoint","urlTemplate":"https:\/\/ww16.ce.gov.br\/hm\/?s={search_term_string}"},"query-input":{"@type":"PropertyValueSpecification","valueRequired":true,"valueName":"search_term_string"}}],"inLanguage":"pt-BR"}]}},"_links":{"self":[{"href":"https:\/\/ww16.ce.gov.br\/hm\/wp-json\/wp\/v2\/pages\/2808","targetHints":{"allow":["GET"]}}],"collection":[{"href":"https:\/\/ww16.ce.gov.br\/hm\/wp-json\/wp\/v2\/pages"}],"about":[{"href":"https:\/\/ww16.ce.gov.br\/hm\/wp-json\/wp\/v2\/types\/page"}],"author":[{"embeddable":true,"href":"https:\/\/ww16.ce.gov.br\/hm\/wp-json\/wp\/v2\/users\/499"}],"replies":[{"embeddable":true,"href":"https:\/\/ww16.ce.gov.br\/hm\/wp-json\/wp\/v2\/comments?post=2808"}],"version-history":[{"count":8,"href":"https:\/\/ww16.ce.gov.br\/hm\/wp-json\/wp\/v2\/pages\/2808\/revisions"}],"predecessor-version":[{"id":4702,"href":"https:\/\/ww16.ce.gov.br\/hm\/wp-json\/wp\/v2\/pages\/2808\/revisions\/4702"}],"wp:attachment":[{"href":"https:\/\/ww16.ce.gov.br\/hm\/wp-json\/wp\/v2\/media?parent=2808"}],"curies":[{"name":"wp","href":"https:\/\/api.w.org\/{rel}","templated":true}]}}