{"id":28,"date":"2017-11-20T12:57:39","date_gmt":"2017-11-20T14:57:39","guid":{"rendered":"http:\/\/www.ceara.gov.br\/hm\/?page_id=28"},"modified":"2017-11-21T16:53:09","modified_gmt":"2017-11-21T18:53:09","slug":"ultimas-noticias","status":"publish","type":"page","link":"https:\/\/ww16.ce.gov.br\/hm\/ultimas-noticias\/","title":{"rendered":"\u00daltimas Not\u00edcias"},"content":{"rendered":"\n<div class=\"ListagemManchetes row \">\n\n\n    <div class=\"  dt-8  \">\n\n        <div class=\"separador\">\n\n            \n        <\/div>\n\n            \n                    <div class=\"UltimasNoticias\">\n\n                                                    <h2 class=\"-SmallTitle\"> \u00daltimas Not\u00edcias <\/h2>\n                        \n                        <div class=\"SliderManchetes\">\n                            \n                                <figure class=\"frame\">\n                                    <img decoding=\"async\" src=\"https:\/\/ww16.ce.gov.br\/hm\/wp-content\/uploads\/sites\/25\/2025\/08\/Card-Confira-o-resultado-Curso-de-Aprimoramento.png\" class=\"attachment-medio size-medio\" alt=\"Confira o resultado da sele\u00e7\u00e3o para Curso de Aprimoramento em Fisioterapia Cardiorrespirat\u00f3ria\" srcset=\"https:\/\/ww16.ce.gov.br\/hm\/wp-content\/uploads\/sites\/25\/2025\/08\/Card-Confira-o-resultado-Curso-de-Aprimoramento.png 2520w, https:\/\/ww16.ce.gov.br\/hm\/wp-content\/uploads\/sites\/25\/2025\/08\/Card-Confira-o-resultado-Curso-de-Aprimoramento-600x375.png 600w, https:\/\/ww16.ce.gov.br\/hm\/wp-content\/uploads\/sites\/25\/2025\/08\/Card-Confira-o-resultado-Curso-de-Aprimoramento-1200x750.png 1200w, https:\/\/ww16.ce.gov.br\/hm\/wp-content\/uploads\/sites\/25\/2025\/08\/Card-Confira-o-resultado-Curso-de-Aprimoramento-768x480.png 768w, https:\/\/ww16.ce.gov.br\/hm\/wp-content\/uploads\/sites\/25\/2025\/08\/Card-Confira-o-resultado-Curso-de-Aprimoramento-1536x961.png 1536w, https:\/\/ww16.ce.gov.br\/hm\/wp-content\/uploads\/sites\/25\/2025\/08\/Card-Confira-o-resultado-Curso-de-Aprimoramento-2048x1281.png 2048w\" sizes=\"(max-width: 2520px) 100vw, 2520px\" \/>                                    <figcaption>\n                                                                                    <a href=\"https:\/\/ww16.ce.gov.br\/hm\/categoria\/institucional\/\" class=\"categoria\">INSTITUCIONAL<\/a>\n                                                                                <a href=\"https:\/\/ww16.ce.gov.br\/hm\/2025\/08\/27\/confira-o-resultado-da-selecao-para-curso-de-aprimoramento-em-fisioterapia-cardiorrespiratoria-2\/\">\n                                            <h3 class=\"-bold\">Confira o resultado da sele\u00e7\u00e3o para Curso de Aprimoramento em Fisioterapia Cardiorrespirat\u00f3ria<\/h3>\n                                        <\/a>\n\n                                        <div class=\"actions\">\n                                                                                                                                <\/div>\n                                    <\/figcaption>\n                                <\/figure>\n\n                            \n                                <figure class=\"frame\">\n                                    <img decoding=\"async\" src=\"https:\/\/ww16.ce.gov.br\/hm\/wp-content\/uploads\/sites\/25\/2025\/08\/20250820_141250-1-scaled.jpg\" class=\"attachment-medio size-medio\" alt=\"Hospital de Messejana treina m\u00e9dicos de outros estados em procedimento card\u00edaco de alta complexidade\" srcset=\"https:\/\/ww16.ce.gov.br\/hm\/wp-content\/uploads\/sites\/25\/2025\/08\/20250820_141250-1-scaled.jpg 2560w, https:\/\/ww16.ce.gov.br\/hm\/wp-content\/uploads\/sites\/25\/2025\/08\/20250820_141250-1-600x417.jpg 600w, https:\/\/ww16.ce.gov.br\/hm\/wp-content\/uploads\/sites\/25\/2025\/08\/20250820_141250-1-1200x835.jpg 1200w, https:\/\/ww16.ce.gov.br\/hm\/wp-content\/uploads\/sites\/25\/2025\/08\/20250820_141250-1-768x534.jpg 768w, https:\/\/ww16.ce.gov.br\/hm\/wp-content\/uploads\/sites\/25\/2025\/08\/20250820_141250-1-1536x1068.jpg 1536w, https:\/\/ww16.ce.gov.br\/hm\/wp-content\/uploads\/sites\/25\/2025\/08\/20250820_141250-1-2048x1424.jpg 2048w\" sizes=\"(max-width: 2560px) 100vw, 2560px\" \/>                                    <figcaption>\n                                                                                    <a href=\"https:\/\/ww16.ce.gov.br\/hm\/categoria\/institucional\/\" class=\"categoria\">INSTITUCIONAL<\/a>\n                                                                                <a href=\"https:\/\/ww16.ce.gov.br\/hm\/2025\/08\/25\/hm-treina-medicos-de-outros-estados-em-procedimento-cardiaco-de-alta-complexidade\/\">\n                                            <h3 class=\"-bold\">Hospital de Messejana treina m\u00e9dicos de outros estados em procedimento card\u00edaco de alta complexidade<\/h3>\n                                        <\/a>\n\n                                        <div class=\"actions\">\n                                                                                                                                <\/div>\n                                    <\/figcaption>\n                                <\/figure>\n\n                                                    <\/div>\n\n                    <\/div>\n\n            \n\n\n    <\/div>\n\n    <div class=\"Side dt-4\">\n                                                        <div class=\"Card  Calendario  BgVerde  row\">\n        \n                        <div class=\"mp-9\">\n                            <h2>AGENDA DX XXXX XXXXXXXXXXX<\/h2>\n                            <p>Xxxxx Xxxxxxxxx<\/p>\n                            <h3> <b>14<\/b> MAIO <\/h3>\n                        <\/div>\n                        <div class=\"mp-3  -right\">\n        \n                            <i class=\"icone  calendar \"><\/i>\n                            <a href=\"\"> + Veja mais <\/a>\n        \n                        <\/div>\n        \n                    <\/div>\n                                        \n\n        <div class=\"destacado\">\n                    <a class=\"categoria\" href=\"https:\/\/ww16.ce.gov.br\/hm\/categoria\/materias-especiais\/\">Mat\u00e9rias Especiais<\/a>\n                <a href=\"https:\/\/ww16.ce.gov.br\/hm\/2026\/02\/03\/respirar-o-novo-pacientes-do-hospital-de-messejana-ressignificam-doencas-por-meio-da-musica-e-da-atividade-fisica\/\">\n                        <h2 class=\"-bold\">\u201cRespirar o novo\u201d: pacientes do Hospital de Messejana ressignificam doen\u00e7as por meio da m\u00fasica e da atividade f\u00edsica<\/h2>\n                    <\/a>\n    <\/div><hr \/>\n    \n\n        <div class=\"destacado\">\n                    <a class=\"categoria\" href=\"https:\/\/ww16.ce.gov.br\/hm\/categoria\/hospital-de-messejana\/\">Hospital de Messejana<\/a>\n                <a href=\"https:\/\/ww16.ce.gov.br\/hm\/2026\/02\/03\/confira-o-resultado-da-selecao-para-curso-de-aprimoramento-em-fisioterapia-cardiorrespiratoria-3\/\">\n                            <h3>Confira o resultado da sele\u00e7\u00e3o para Curso de Aprimoramento em Fisioterapia Cardiorrespirat\u00f3ria<\/h3>\n                    <\/a>\n    <\/div><hr \/>\n    \n\n        <div class=\"destacado\">\n                    <a class=\"categoria\" href=\"https:\/\/ww16.ce.gov.br\/hm\/categoria\/institucional\/\">INSTITUCIONAL<\/a>\n                <a href=\"https:\/\/ww16.ce.gov.br\/hm\/2025\/08\/27\/confira-o-resultado-da-selecao-para-curso-de-aprimoramento-em-fisioterapia-cardiorrespiratoria-2\/\">\n                            <h3>Confira o resultado da sele\u00e7\u00e3o para Curso de Aprimoramento em Fisioterapia Cardiorrespirat\u00f3ria<\/h3>\n                    <\/a>\n    <\/div><hr \/>\n    \n        \n    <\/div>\n\n<\/div>\n\n<span id=\"destaques\" class=\"ancora-vazia\"><\/span>\n<p>&nbsp;<\/p>\n","protected":false},"excerpt":{"rendered":"<p>&nbsp;<\/p>\n","protected":false},"author":38,"featured_media":0,"parent":0,"menu_order":0,"comment_status":"closed","ping_status":"closed","template":"","meta":{"_acf_changed":false,"inline_featured_image":false,"footnotes":""},"class_list":["post-28","page","type-page","status-publish","hentry"],"acf":[],"yoast_head":"<!-- This site is optimized with the Yoast SEO plugin v26.9 - https:\/\/yoast.com\/product\/yoast-seo-wordpress\/ -->\n<title>\u00daltimas Not\u00edcias - Hospital de Messejana<\/title>\n<meta name=\"robots\" content=\"index, follow, max-snippet:-1, max-image-preview:large, max-video-preview:-1\" \/>\n<link rel=\"canonical\" href=\"https:\/\/ww16.ce.gov.br\/hm\/ultimas-noticias\/\" \/>\n<meta property=\"og:locale\" content=\"pt_BR\" \/>\n<meta property=\"og:type\" content=\"article\" \/>\n<meta property=\"og:title\" content=\"\u00daltimas Not\u00edcias - Hospital de Messejana\" \/>\n<meta property=\"og:description\" content=\"&nbsp;\" \/>\n<meta property=\"og:url\" content=\"https:\/\/ww16.ce.gov.br\/hm\/ultimas-noticias\/\" \/>\n<meta property=\"og:site_name\" content=\"Hospital de Messejana\" \/>\n<meta property=\"article:modified_time\" content=\"2017-11-21T18:53:09+00:00\" \/>\n<meta name=\"twitter:card\" content=\"summary_large_image\" \/>\n<script type=\"application\/ld+json\" class=\"yoast-schema-graph\">{\"@context\":\"https:\/\/schema.org\",\"@graph\":[{\"@type\":\"WebPage\",\"@id\":\"https:\/\/ww16.ce.gov.br\/hm\/ultimas-noticias\/\",\"url\":\"https:\/\/ww16.ce.gov.br\/hm\/ultimas-noticias\/\",\"name\":\"\u00daltimas Not\u00edcias - Hospital de Messejana\",\"isPartOf\":{\"@id\":\"https:\/\/ww16.ce.gov.br\/hm\/#website\"},\"datePublished\":\"2017-11-20T14:57:39+00:00\",\"dateModified\":\"2017-11-21T18:53:09+00:00\",\"breadcrumb\":{\"@id\":\"https:\/\/ww16.ce.gov.br\/hm\/ultimas-noticias\/#breadcrumb\"},\"inLanguage\":\"pt-BR\",\"potentialAction\":[{\"@type\":\"ReadAction\",\"target\":[\"https:\/\/ww16.ce.gov.br\/hm\/ultimas-noticias\/\"]}]},{\"@type\":\"BreadcrumbList\",\"@id\":\"https:\/\/ww16.ce.gov.br\/hm\/ultimas-noticias\/#breadcrumb\",\"itemListElement\":[{\"@type\":\"ListItem\",\"position\":1,\"name\":\"In\u00edcio\",\"item\":\"https:\/\/ww16.ce.gov.br\/hm\/\"},{\"@type\":\"ListItem\",\"position\":2,\"name\":\"\u00daltimas Not\u00edcias\"}]},{\"@type\":\"WebSite\",\"@id\":\"https:\/\/ww16.ce.gov.br\/hm\/#website\",\"url\":\"https:\/\/ww16.ce.gov.br\/hm\/\",\"name\":\"Hospital de Messejana\",\"description\":\"Modelo Padr\u00e3o do Estado\",\"potentialAction\":[{\"@type\":\"SearchAction\",\"target\":{\"@type\":\"EntryPoint\",\"urlTemplate\":\"https:\/\/ww16.ce.gov.br\/hm\/?s={search_term_string}\"},\"query-input\":{\"@type\":\"PropertyValueSpecification\",\"valueRequired\":true,\"valueName\":\"search_term_string\"}}],\"inLanguage\":\"pt-BR\"}]}<\/script>\n<!-- \/ Yoast SEO plugin. -->","yoast_head_json":{"title":"\u00daltimas Not\u00edcias - Hospital de Messejana","robots":{"index":"index","follow":"follow","max-snippet":"max-snippet:-1","max-image-preview":"max-image-preview:large","max-video-preview":"max-video-preview:-1"},"canonical":"https:\/\/ww16.ce.gov.br\/hm\/ultimas-noticias\/","og_locale":"pt_BR","og_type":"article","og_title":"\u00daltimas Not\u00edcias - Hospital de Messejana","og_description":"&nbsp;","og_url":"https:\/\/ww16.ce.gov.br\/hm\/ultimas-noticias\/","og_site_name":"Hospital de Messejana","article_modified_time":"2017-11-21T18:53:09+00:00","twitter_card":"summary_large_image","schema":{"@context":"https:\/\/schema.org","@graph":[{"@type":"WebPage","@id":"https:\/\/ww16.ce.gov.br\/hm\/ultimas-noticias\/","url":"https:\/\/ww16.ce.gov.br\/hm\/ultimas-noticias\/","name":"\u00daltimas Not\u00edcias - Hospital de Messejana","isPartOf":{"@id":"https:\/\/ww16.ce.gov.br\/hm\/#website"},"datePublished":"2017-11-20T14:57:39+00:00","dateModified":"2017-11-21T18:53:09+00:00","breadcrumb":{"@id":"https:\/\/ww16.ce.gov.br\/hm\/ultimas-noticias\/#breadcrumb"},"inLanguage":"pt-BR","potentialAction":[{"@type":"ReadAction","target":["https:\/\/ww16.ce.gov.br\/hm\/ultimas-noticias\/"]}]},{"@type":"BreadcrumbList","@id":"https:\/\/ww16.ce.gov.br\/hm\/ultimas-noticias\/#breadcrumb","itemListElement":[{"@type":"ListItem","position":1,"name":"In\u00edcio","item":"https:\/\/ww16.ce.gov.br\/hm\/"},{"@type":"ListItem","position":2,"name":"\u00daltimas Not\u00edcias"}]},{"@type":"WebSite","@id":"https:\/\/ww16.ce.gov.br\/hm\/#website","url":"https:\/\/ww16.ce.gov.br\/hm\/","name":"Hospital de Messejana","description":"Modelo Padr\u00e3o do Estado","potentialAction":[{"@type":"SearchAction","target":{"@type":"EntryPoint","urlTemplate":"https:\/\/ww16.ce.gov.br\/hm\/?s={search_term_string}"},"query-input":{"@type":"PropertyValueSpecification","valueRequired":true,"valueName":"search_term_string"}}],"inLanguage":"pt-BR"}]}},"_links":{"self":[{"href":"https:\/\/ww16.ce.gov.br\/hm\/wp-json\/wp\/v2\/pages\/28","targetHints":{"allow":["GET"]}}],"collection":[{"href":"https:\/\/ww16.ce.gov.br\/hm\/wp-json\/wp\/v2\/pages"}],"about":[{"href":"https:\/\/ww16.ce.gov.br\/hm\/wp-json\/wp\/v2\/types\/page"}],"author":[{"embeddable":true,"href":"https:\/\/ww16.ce.gov.br\/hm\/wp-json\/wp\/v2\/users\/38"}],"replies":[{"embeddable":true,"href":"https:\/\/ww16.ce.gov.br\/hm\/wp-json\/wp\/v2\/comments?post=28"}],"version-history":[{"count":5,"href":"https:\/\/ww16.ce.gov.br\/hm\/wp-json\/wp\/v2\/pages\/28\/revisions"}],"predecessor-version":[{"id":142,"href":"https:\/\/ww16.ce.gov.br\/hm\/wp-json\/wp\/v2\/pages\/28\/revisions\/142"}],"wp:attachment":[{"href":"https:\/\/ww16.ce.gov.br\/hm\/wp-json\/wp\/v2\/media?parent=28"}],"curies":[{"name":"wp","href":"https:\/\/api.w.org\/{rel}","templated":true}]}}