{"id":2609,"date":"2022-09-01T12:44:51","date_gmt":"2022-09-01T15:44:51","guid":{"rendered":"http:\/\/ww16.ce.gov.br\/hm\/?page_id=2609"},"modified":"2022-09-01T12:45:55","modified_gmt":"2022-09-01T15:45:55","slug":"programa-de-atendimento-domiciliar","status":"publish","type":"page","link":"https:\/\/ww16.ce.gov.br\/hm\/programa-de-atendimento-domiciliar\/","title":{"rendered":"Programa de Atendimento Domiciliar"},"content":{"rendered":"<h1><strong>Programa de Atendimento Domiciliar<\/h1>\n<\/p>\n<p>&nbsp;<\/p>\n<p>O Programa de Atendimento Domiciliar (PAD) leva atendimento \u00e0s resid\u00eancias de mais de 300 pacientes com doen\u00e7as card\u00edacas e pulmonares. O PAD possibilita o retorno ao conv\u00edvio familiar e oferece atendimento humanizado. Os cuidados s\u00e3o prestados por equipes multidisciplinares, compostas por m\u00e9dicos cardiologistas e pneumologistas, enfermeiros, assistentes sociais, nutricionistas, psic\u00f3logos, fisioterapeutas e t\u00e9cnicos de laborat\u00f3rios, que os visitam em suas resid\u00eancias.<\/p>\n","protected":false},"excerpt":{"rendered":"<p>Programa de Atendimento Domiciliar &nbsp; O Programa de Atendimento Domiciliar (PAD) leva atendimento \u00e0s resid\u00eancias de mais de 300 pacientes com doen\u00e7as card\u00edacas e pulmonares. O PAD possibilita o retorno ao conv\u00edvio familiar e oferece atendimento humanizado. Os cuidados s\u00e3o prestados por equipes multidisciplinares, compostas por m\u00e9dicos cardiologistas e pneumologistas, enfermeiros, assistentes sociais, nutricionistas, psic\u00f3logos, [&hellip;]<\/p>\n","protected":false},"author":499,"featured_media":0,"parent":0,"menu_order":0,"comment_status":"closed","ping_status":"closed","template":"","meta":{"_acf_changed":false,"inline_featured_image":false,"footnotes":""},"class_list":["post-2609","page","type-page","status-publish","hentry"],"acf":[],"yoast_head":"<!-- This site is optimized with the Yoast SEO plugin v26.9 - https:\/\/yoast.com\/product\/yoast-seo-wordpress\/ -->\n<title>Programa de Atendimento Domiciliar - Hospital de Messejana<\/title>\n<meta name=\"robots\" content=\"index, follow, max-snippet:-1, max-image-preview:large, max-video-preview:-1\" \/>\n<link rel=\"canonical\" href=\"https:\/\/ww16.ce.gov.br\/hm\/programa-de-atendimento-domiciliar\/\" \/>\n<meta property=\"og:locale\" content=\"pt_BR\" \/>\n<meta property=\"og:type\" content=\"article\" \/>\n<meta property=\"og:title\" content=\"Programa de Atendimento Domiciliar - Hospital de Messejana\" \/>\n<meta property=\"og:description\" content=\"Programa de Atendimento Domiciliar &nbsp; O Programa de Atendimento Domiciliar (PAD) leva atendimento \u00e0s resid\u00eancias de mais de 300 pacientes com doen\u00e7as card\u00edacas e pulmonares. O PAD possibilita o retorno ao conv\u00edvio familiar e oferece atendimento humanizado. Os cuidados s\u00e3o prestados por equipes multidisciplinares, compostas por m\u00e9dicos cardiologistas e pneumologistas, enfermeiros, assistentes sociais, nutricionistas, psic\u00f3logos, [&hellip;]\" \/>\n<meta property=\"og:url\" content=\"https:\/\/ww16.ce.gov.br\/hm\/programa-de-atendimento-domiciliar\/\" \/>\n<meta property=\"og:site_name\" content=\"Hospital de Messejana\" \/>\n<meta property=\"article:modified_time\" content=\"2022-09-01T15:45:55+00:00\" \/>\n<meta name=\"twitter:card\" content=\"summary_large_image\" \/>\n<script type=\"application\/ld+json\" class=\"yoast-schema-graph\">{\"@context\":\"https:\/\/schema.org\",\"@graph\":[{\"@type\":\"WebPage\",\"@id\":\"https:\/\/ww16.ce.gov.br\/hm\/programa-de-atendimento-domiciliar\/\",\"url\":\"https:\/\/ww16.ce.gov.br\/hm\/programa-de-atendimento-domiciliar\/\",\"name\":\"Programa de Atendimento Domiciliar - Hospital de Messejana\",\"isPartOf\":{\"@id\":\"https:\/\/ww16.ce.gov.br\/hm\/#website\"},\"datePublished\":\"2022-09-01T15:44:51+00:00\",\"dateModified\":\"2022-09-01T15:45:55+00:00\",\"breadcrumb\":{\"@id\":\"https:\/\/ww16.ce.gov.br\/hm\/programa-de-atendimento-domiciliar\/#breadcrumb\"},\"inLanguage\":\"pt-BR\",\"potentialAction\":[{\"@type\":\"ReadAction\",\"target\":[\"https:\/\/ww16.ce.gov.br\/hm\/programa-de-atendimento-domiciliar\/\"]}]},{\"@type\":\"BreadcrumbList\",\"@id\":\"https:\/\/ww16.ce.gov.br\/hm\/programa-de-atendimento-domiciliar\/#breadcrumb\",\"itemListElement\":[{\"@type\":\"ListItem\",\"position\":1,\"name\":\"In\u00edcio\",\"item\":\"https:\/\/ww16.ce.gov.br\/hm\/\"},{\"@type\":\"ListItem\",\"position\":2,\"name\":\"Programa de Atendimento Domiciliar\"}]},{\"@type\":\"WebSite\",\"@id\":\"https:\/\/ww16.ce.gov.br\/hm\/#website\",\"url\":\"https:\/\/ww16.ce.gov.br\/hm\/\",\"name\":\"Hospital de Messejana\",\"description\":\"Modelo Padr\u00e3o do Estado\",\"potentialAction\":[{\"@type\":\"SearchAction\",\"target\":{\"@type\":\"EntryPoint\",\"urlTemplate\":\"https:\/\/ww16.ce.gov.br\/hm\/?s={search_term_string}\"},\"query-input\":{\"@type\":\"PropertyValueSpecification\",\"valueRequired\":true,\"valueName\":\"search_term_string\"}}],\"inLanguage\":\"pt-BR\"}]}<\/script>\n<!-- \/ Yoast SEO plugin. -->","yoast_head_json":{"title":"Programa de Atendimento Domiciliar - Hospital de Messejana","robots":{"index":"index","follow":"follow","max-snippet":"max-snippet:-1","max-image-preview":"max-image-preview:large","max-video-preview":"max-video-preview:-1"},"canonical":"https:\/\/ww16.ce.gov.br\/hm\/programa-de-atendimento-domiciliar\/","og_locale":"pt_BR","og_type":"article","og_title":"Programa de Atendimento Domiciliar - Hospital de Messejana","og_description":"Programa de Atendimento Domiciliar &nbsp; O Programa de Atendimento Domiciliar (PAD) leva atendimento \u00e0s resid\u00eancias de mais de 300 pacientes com doen\u00e7as card\u00edacas e pulmonares. O PAD possibilita o retorno ao conv\u00edvio familiar e oferece atendimento humanizado. Os cuidados s\u00e3o prestados por equipes multidisciplinares, compostas por m\u00e9dicos cardiologistas e pneumologistas, enfermeiros, assistentes sociais, nutricionistas, psic\u00f3logos, [&hellip;]","og_url":"https:\/\/ww16.ce.gov.br\/hm\/programa-de-atendimento-domiciliar\/","og_site_name":"Hospital de Messejana","article_modified_time":"2022-09-01T15:45:55+00:00","twitter_card":"summary_large_image","schema":{"@context":"https:\/\/schema.org","@graph":[{"@type":"WebPage","@id":"https:\/\/ww16.ce.gov.br\/hm\/programa-de-atendimento-domiciliar\/","url":"https:\/\/ww16.ce.gov.br\/hm\/programa-de-atendimento-domiciliar\/","name":"Programa de Atendimento Domiciliar - Hospital de Messejana","isPartOf":{"@id":"https:\/\/ww16.ce.gov.br\/hm\/#website"},"datePublished":"2022-09-01T15:44:51+00:00","dateModified":"2022-09-01T15:45:55+00:00","breadcrumb":{"@id":"https:\/\/ww16.ce.gov.br\/hm\/programa-de-atendimento-domiciliar\/#breadcrumb"},"inLanguage":"pt-BR","potentialAction":[{"@type":"ReadAction","target":["https:\/\/ww16.ce.gov.br\/hm\/programa-de-atendimento-domiciliar\/"]}]},{"@type":"BreadcrumbList","@id":"https:\/\/ww16.ce.gov.br\/hm\/programa-de-atendimento-domiciliar\/#breadcrumb","itemListElement":[{"@type":"ListItem","position":1,"name":"In\u00edcio","item":"https:\/\/ww16.ce.gov.br\/hm\/"},{"@type":"ListItem","position":2,"name":"Programa de Atendimento Domiciliar"}]},{"@type":"WebSite","@id":"https:\/\/ww16.ce.gov.br\/hm\/#website","url":"https:\/\/ww16.ce.gov.br\/hm\/","name":"Hospital de Messejana","description":"Modelo Padr\u00e3o do Estado","potentialAction":[{"@type":"SearchAction","target":{"@type":"EntryPoint","urlTemplate":"https:\/\/ww16.ce.gov.br\/hm\/?s={search_term_string}"},"query-input":{"@type":"PropertyValueSpecification","valueRequired":true,"valueName":"search_term_string"}}],"inLanguage":"pt-BR"}]}},"_links":{"self":[{"href":"https:\/\/ww16.ce.gov.br\/hm\/wp-json\/wp\/v2\/pages\/2609","targetHints":{"allow":["GET"]}}],"collection":[{"href":"https:\/\/ww16.ce.gov.br\/hm\/wp-json\/wp\/v2\/pages"}],"about":[{"href":"https:\/\/ww16.ce.gov.br\/hm\/wp-json\/wp\/v2\/types\/page"}],"author":[{"embeddable":true,"href":"https:\/\/ww16.ce.gov.br\/hm\/wp-json\/wp\/v2\/users\/499"}],"replies":[{"embeddable":true,"href":"https:\/\/ww16.ce.gov.br\/hm\/wp-json\/wp\/v2\/comments?post=2609"}],"version-history":[{"count":1,"href":"https:\/\/ww16.ce.gov.br\/hm\/wp-json\/wp\/v2\/pages\/2609\/revisions"}],"predecessor-version":[{"id":2610,"href":"https:\/\/ww16.ce.gov.br\/hm\/wp-json\/wp\/v2\/pages\/2609\/revisions\/2610"}],"wp:attachment":[{"href":"https:\/\/ww16.ce.gov.br\/hm\/wp-json\/wp\/v2\/media?parent=2609"}],"curies":[{"name":"wp","href":"https:\/\/api.w.org\/{rel}","templated":true}]}}