{"id":2607,"date":"2022-09-01T12:40:47","date_gmt":"2022-09-01T15:40:47","guid":{"rendered":"http:\/\/ww16.ce.gov.br\/hm\/?page_id=2607"},"modified":"2022-09-01T12:43:08","modified_gmt":"2022-09-01T15:43:08","slug":"programa-de-controle-do-tabagismo","status":"publish","type":"page","link":"https:\/\/ww16.ce.gov.br\/hm\/programa-de-controle-do-tabagismo\/","title":{"rendered":"Programa de Controle do Tabagismo"},"content":{"rendered":"<h1><strong>Programa de Controle do Tabagismo<\/h1>\n<\/p>\n<p>&nbsp;<\/p>\n<p>O Programa de Controle do Tabagismo do Hospital de Messejana j\u00e1 ajudou muitos homens e mulheres a largar o h\u00e1bito. Criado em maio de 2001, por ocasi\u00e3o do Dia Mundial de Combate ao Fumo, a iniciativa surgiu com o objetivo de atender pessoas que apresentam o desejo de parar de fumar.<\/p>\n<p>&nbsp;<\/p>\n<p>O ambulat\u00f3rio funciona desde outubro de 2002 e foi o <strong>primeiro servi\u00e7o p\u00fablico de Fortaleza voltado ao tratamento do fumante<\/strong>. Uma vez inscrito, o paciente passa por uma triagem m\u00e9dica, onde s\u00e3o colhidas informa\u00e7\u00f5es pessoais relativas ao estado psicol\u00f3gico e quanto \u00e0 motiva\u00e7\u00e3o para deixar o cigarro. Exames importantes s\u00e3o realizados para revelar como est\u00e1 a sa\u00fade e o grau de depend\u00eancia. Ap\u00f3s a avalia\u00e7\u00e3o inicial, o usu\u00e1rio passa a fazer parte do grupo de apoio, no qual \u00e9 realizado o tratamento padr\u00e3o baseado na abordagem cognitivo-comportamental, no uso de antidepressivos e na terapia de reposi\u00e7\u00e3o nicot\u00ednica.<\/p>\n","protected":false},"excerpt":{"rendered":"<p>Programa de Controle do Tabagismo &nbsp; O Programa de Controle do Tabagismo do Hospital de Messejana j\u00e1 ajudou muitos homens e mulheres a largar o h\u00e1bito. Criado em maio de 2001, por ocasi\u00e3o do Dia Mundial de Combate ao Fumo, a iniciativa surgiu com o objetivo de atender pessoas que apresentam o desejo de parar [&hellip;]<\/p>\n","protected":false},"author":499,"featured_media":0,"parent":0,"menu_order":0,"comment_status":"closed","ping_status":"closed","template":"","meta":{"_acf_changed":false,"inline_featured_image":false,"footnotes":""},"class_list":["post-2607","page","type-page","status-publish","hentry"],"acf":[],"yoast_head":"<!-- This site is optimized with the Yoast SEO plugin v26.9 - https:\/\/yoast.com\/product\/yoast-seo-wordpress\/ -->\n<title>Programa de Controle do Tabagismo - Hospital de Messejana<\/title>\n<meta name=\"robots\" content=\"index, follow, max-snippet:-1, max-image-preview:large, max-video-preview:-1\" \/>\n<link rel=\"canonical\" href=\"https:\/\/ww16.ce.gov.br\/hm\/programa-de-controle-do-tabagismo\/\" \/>\n<meta property=\"og:locale\" content=\"pt_BR\" \/>\n<meta property=\"og:type\" content=\"article\" \/>\n<meta property=\"og:title\" content=\"Programa de Controle do Tabagismo - Hospital de Messejana\" \/>\n<meta property=\"og:description\" content=\"Programa de Controle do Tabagismo &nbsp; O Programa de Controle do Tabagismo do Hospital de Messejana j\u00e1 ajudou muitos homens e mulheres a largar o h\u00e1bito. Criado em maio de 2001, por ocasi\u00e3o do Dia Mundial de Combate ao Fumo, a iniciativa surgiu com o objetivo de atender pessoas que apresentam o desejo de parar [&hellip;]\" \/>\n<meta property=\"og:url\" content=\"https:\/\/ww16.ce.gov.br\/hm\/programa-de-controle-do-tabagismo\/\" \/>\n<meta property=\"og:site_name\" content=\"Hospital de Messejana\" \/>\n<meta property=\"article:modified_time\" content=\"2022-09-01T15:43:08+00:00\" \/>\n<meta name=\"twitter:card\" content=\"summary_large_image\" \/>\n<meta name=\"twitter:label1\" content=\"Est. reading time\" \/>\n\t<meta name=\"twitter:data1\" content=\"1 minuto\" \/>\n<script type=\"application\/ld+json\" class=\"yoast-schema-graph\">{\"@context\":\"https:\/\/schema.org\",\"@graph\":[{\"@type\":\"WebPage\",\"@id\":\"https:\/\/ww16.ce.gov.br\/hm\/programa-de-controle-do-tabagismo\/\",\"url\":\"https:\/\/ww16.ce.gov.br\/hm\/programa-de-controle-do-tabagismo\/\",\"name\":\"Programa de Controle do Tabagismo - Hospital de Messejana\",\"isPartOf\":{\"@id\":\"https:\/\/ww16.ce.gov.br\/hm\/#website\"},\"datePublished\":\"2022-09-01T15:40:47+00:00\",\"dateModified\":\"2022-09-01T15:43:08+00:00\",\"breadcrumb\":{\"@id\":\"https:\/\/ww16.ce.gov.br\/hm\/programa-de-controle-do-tabagismo\/#breadcrumb\"},\"inLanguage\":\"pt-BR\",\"potentialAction\":[{\"@type\":\"ReadAction\",\"target\":[\"https:\/\/ww16.ce.gov.br\/hm\/programa-de-controle-do-tabagismo\/\"]}]},{\"@type\":\"BreadcrumbList\",\"@id\":\"https:\/\/ww16.ce.gov.br\/hm\/programa-de-controle-do-tabagismo\/#breadcrumb\",\"itemListElement\":[{\"@type\":\"ListItem\",\"position\":1,\"name\":\"In\u00edcio\",\"item\":\"https:\/\/ww16.ce.gov.br\/hm\/\"},{\"@type\":\"ListItem\",\"position\":2,\"name\":\"Programa de Controle do Tabagismo\"}]},{\"@type\":\"WebSite\",\"@id\":\"https:\/\/ww16.ce.gov.br\/hm\/#website\",\"url\":\"https:\/\/ww16.ce.gov.br\/hm\/\",\"name\":\"Hospital de Messejana\",\"description\":\"Modelo Padr\u00e3o do Estado\",\"potentialAction\":[{\"@type\":\"SearchAction\",\"target\":{\"@type\":\"EntryPoint\",\"urlTemplate\":\"https:\/\/ww16.ce.gov.br\/hm\/?s={search_term_string}\"},\"query-input\":{\"@type\":\"PropertyValueSpecification\",\"valueRequired\":true,\"valueName\":\"search_term_string\"}}],\"inLanguage\":\"pt-BR\"}]}<\/script>\n<!-- \/ Yoast SEO plugin. -->","yoast_head_json":{"title":"Programa de Controle do Tabagismo - Hospital de Messejana","robots":{"index":"index","follow":"follow","max-snippet":"max-snippet:-1","max-image-preview":"max-image-preview:large","max-video-preview":"max-video-preview:-1"},"canonical":"https:\/\/ww16.ce.gov.br\/hm\/programa-de-controle-do-tabagismo\/","og_locale":"pt_BR","og_type":"article","og_title":"Programa de Controle do Tabagismo - Hospital de Messejana","og_description":"Programa de Controle do Tabagismo &nbsp; O Programa de Controle do Tabagismo do Hospital de Messejana j\u00e1 ajudou muitos homens e mulheres a largar o h\u00e1bito. Criado em maio de 2001, por ocasi\u00e3o do Dia Mundial de Combate ao Fumo, a iniciativa surgiu com o objetivo de atender pessoas que apresentam o desejo de parar [&hellip;]","og_url":"https:\/\/ww16.ce.gov.br\/hm\/programa-de-controle-do-tabagismo\/","og_site_name":"Hospital de Messejana","article_modified_time":"2022-09-01T15:43:08+00:00","twitter_card":"summary_large_image","twitter_misc":{"Est. reading time":"1 minuto"},"schema":{"@context":"https:\/\/schema.org","@graph":[{"@type":"WebPage","@id":"https:\/\/ww16.ce.gov.br\/hm\/programa-de-controle-do-tabagismo\/","url":"https:\/\/ww16.ce.gov.br\/hm\/programa-de-controle-do-tabagismo\/","name":"Programa de Controle do Tabagismo - Hospital de Messejana","isPartOf":{"@id":"https:\/\/ww16.ce.gov.br\/hm\/#website"},"datePublished":"2022-09-01T15:40:47+00:00","dateModified":"2022-09-01T15:43:08+00:00","breadcrumb":{"@id":"https:\/\/ww16.ce.gov.br\/hm\/programa-de-controle-do-tabagismo\/#breadcrumb"},"inLanguage":"pt-BR","potentialAction":[{"@type":"ReadAction","target":["https:\/\/ww16.ce.gov.br\/hm\/programa-de-controle-do-tabagismo\/"]}]},{"@type":"BreadcrumbList","@id":"https:\/\/ww16.ce.gov.br\/hm\/programa-de-controle-do-tabagismo\/#breadcrumb","itemListElement":[{"@type":"ListItem","position":1,"name":"In\u00edcio","item":"https:\/\/ww16.ce.gov.br\/hm\/"},{"@type":"ListItem","position":2,"name":"Programa de Controle do Tabagismo"}]},{"@type":"WebSite","@id":"https:\/\/ww16.ce.gov.br\/hm\/#website","url":"https:\/\/ww16.ce.gov.br\/hm\/","name":"Hospital de Messejana","description":"Modelo Padr\u00e3o do Estado","potentialAction":[{"@type":"SearchAction","target":{"@type":"EntryPoint","urlTemplate":"https:\/\/ww16.ce.gov.br\/hm\/?s={search_term_string}"},"query-input":{"@type":"PropertyValueSpecification","valueRequired":true,"valueName":"search_term_string"}}],"inLanguage":"pt-BR"}]}},"_links":{"self":[{"href":"https:\/\/ww16.ce.gov.br\/hm\/wp-json\/wp\/v2\/pages\/2607","targetHints":{"allow":["GET"]}}],"collection":[{"href":"https:\/\/ww16.ce.gov.br\/hm\/wp-json\/wp\/v2\/pages"}],"about":[{"href":"https:\/\/ww16.ce.gov.br\/hm\/wp-json\/wp\/v2\/types\/page"}],"author":[{"embeddable":true,"href":"https:\/\/ww16.ce.gov.br\/hm\/wp-json\/wp\/v2\/users\/499"}],"replies":[{"embeddable":true,"href":"https:\/\/ww16.ce.gov.br\/hm\/wp-json\/wp\/v2\/comments?post=2607"}],"version-history":[{"count":1,"href":"https:\/\/ww16.ce.gov.br\/hm\/wp-json\/wp\/v2\/pages\/2607\/revisions"}],"predecessor-version":[{"id":2608,"href":"https:\/\/ww16.ce.gov.br\/hm\/wp-json\/wp\/v2\/pages\/2607\/revisions\/2608"}],"wp:attachment":[{"href":"https:\/\/ww16.ce.gov.br\/hm\/wp-json\/wp\/v2\/media?parent=2607"}],"curies":[{"name":"wp","href":"https:\/\/api.w.org\/{rel}","templated":true}]}}