{"id":136,"date":"2017-11-21T16:36:42","date_gmt":"2017-11-21T19:36:42","guid":{"rendered":"http:\/\/www.ceara.gov.br\/hm\/?page_id=136"},"modified":"2023-02-06T11:03:18","modified_gmt":"2023-02-06T14:03:18","slug":"servicos","status":"publish","type":"page","link":"https:\/\/ww16.ce.gov.br\/hm\/home\/servicos\/","title":{"rendered":"Servi\u00e7os"},"content":{"rendered":"\n\n&nbsp;\r\n<div class=\"\">\r\n<div class=\"row\" style=\"text-align: center\">\r\n\r\n<div class=\"mp-6 ml-6 tp-4 tl-2 dt-2\">\r\n\r\n<a href=\"https:\/\/ww16.ce.gov.br\/hm\/marcacao-de-consultas-e-exames\/\" target=\"_blank\" rel=\"noopener noreferrer\">\r\n<img decoding=\"async\" src=\"https:\/\/ww16.ce.gov.br\/hm\/wp-content\/uploads\/sites\/25\/2022\/08\/novo_icon_hm_marcacao.svg\" alt=\"\u00cdcone que representa uma prancheta\">\r\n<\/a>\r\n<h4>Marca\u00e7\u00e3o de consultas<br>e exames<\/h4>\r\n<\/div>\r\n\r\n<div class=\"mp-6 ml-6 tp-4 tl-2 dt-2\">\r\n\r\n<a href=\"https:\/\/www.google.com\/maps\/place\/Hospital+do+Cora%C3%A7%C3%A3o+de+Messejana\/@-3.815588,-38.5020075,17z\/data=!3m1!4b1!4m5!3m4!1s0x7c74f9360c8768f:0x338c6e82fa5bc81b!8m2!3d-3.815588!4d-38.4998135?hl=pt-BR\">\r\n<img decoding=\"async\" src=\"https:\/\/ww16.ce.gov.br\/hm\/wp-content\/uploads\/sites\/25\/2022\/08\/novo_icon_hm_acesso.svg\" alt=\"\u00cdcone que representa um pin de localiza\u00e7\u00e3o\">\r\n<\/a>\r\n<h4>Acesso ao HM<\/h4>\r\n<\/div>\r\n\r\n<div class=\"mp-6 ml-6 tp-4 tl-2 dt-2\">\r\n\r\n<a href=\"https:\/\/ww16.ce.gov.br\/hm\/horarios-de-visitas-e-trocas-de-acompanhantes\/\" rel=\"noopener noreferrer\">\r\n<img decoding=\"async\" src=\"https:\/\/ww16.ce.gov.br\/hm\/wp-content\/uploads\/sites\/25\/2022\/08\/novo_icon_hm_horario.svg\" alt=\"\u00cdcone que representa de um rel\u00f3gio\">\r\n<\/a>\r\n<h4>Visitas e acompanhantes<\/h4>\r\n<\/div>\r\n\r\n<div class=\"mp-6 ml-6 tp-4 tl-2 dt-2\">\r\n\r\n<a href=\"https:\/\/ww16.ce.gov.br\/hm\/quem-e-quem\/\" rel=\"noopener noreferrer\">\r\n<img decoding=\"async\" src=\"https:\/\/ww16.ce.gov.br\/hm\/wp-content\/uploads\/sites\/25\/2022\/08\/novo_icon_hm_contato.svg\" alt=\"\u00cdcone que representa uma camisinha e uma profilaxia pr\u00e9-exposi\u00e7\u00e3o\">\r\n<\/a>\r\n<h4>Contatos<\/h4>\r\n<\/div>\r\n\r\n<div class=\"mp-6 ml-6 tp-4 tl-2 dt-2\">\r\n\r\n<a href=\"https:\/\/www.saude.ce.gov.br\/saudemental\/\" rel=\"noopener noreferrer\">\r\n<img decoding=\"async\" src=\"https:\/\/ww16.ce.gov.br\/hm\/wp-content\/uploads\/sites\/25\/2022\/08\/novo_icon_hm_cuidados.svg\" alt=\"\u00cdcone que representa uma m\u00e3o e o s\u00edmbolo da sa\u00fade\">\r\n<\/a>\r\n<h4>Cuidados com<br>a sa\u00fade mental<\/h4>\r\n<\/div>\r\n\r\n\r\n\n","protected":false},"excerpt":{"rendered":"","protected":false},"author":38,"featured_media":0,"parent":2507,"menu_order":10,"comment_status":"closed","ping_status":"closed","template":"","meta":{"_acf_changed":false,"inline_featured_image":false,"footnotes":""},"class_list":["post-136","page","type-page","status-publish","hentry"],"acf":[],"yoast_head":"<!-- This site is optimized with the Yoast SEO plugin v26.9 - https:\/\/yoast.com\/product\/yoast-seo-wordpress\/ -->\n<title>Servi\u00e7os - Hospital de Messejana<\/title>\n<meta name=\"robots\" content=\"index, follow, max-snippet:-1, max-image-preview:large, max-video-preview:-1\" \/>\n<link rel=\"canonical\" href=\"https:\/\/ww16.ce.gov.br\/hm\/home\/servicos\/\" \/>\n<meta property=\"og:locale\" content=\"pt_BR\" \/>\n<meta property=\"og:type\" content=\"article\" \/>\n<meta property=\"og:title\" content=\"Servi\u00e7os - Hospital de Messejana\" \/>\n<meta property=\"og:url\" content=\"https:\/\/ww16.ce.gov.br\/hm\/home\/servicos\/\" \/>\n<meta property=\"og:site_name\" content=\"Hospital de Messejana\" \/>\n<meta property=\"article:modified_time\" content=\"2023-02-06T14:03:18+00:00\" \/>\n<meta name=\"twitter:card\" content=\"summary_large_image\" \/>\n<script type=\"application\/ld+json\" class=\"yoast-schema-graph\">{\"@context\":\"https:\/\/schema.org\",\"@graph\":[{\"@type\":\"WebPage\",\"@id\":\"https:\/\/ww16.ce.gov.br\/hm\/home\/servicos\/\",\"url\":\"https:\/\/ww16.ce.gov.br\/hm\/home\/servicos\/\",\"name\":\"Servi\u00e7os - Hospital de Messejana\",\"isPartOf\":{\"@id\":\"https:\/\/ww16.ce.gov.br\/hm\/#website\"},\"datePublished\":\"2017-11-21T19:36:42+00:00\",\"dateModified\":\"2023-02-06T14:03:18+00:00\",\"breadcrumb\":{\"@id\":\"https:\/\/ww16.ce.gov.br\/hm\/home\/servicos\/#breadcrumb\"},\"inLanguage\":\"pt-BR\",\"potentialAction\":[{\"@type\":\"ReadAction\",\"target\":[\"https:\/\/ww16.ce.gov.br\/hm\/home\/servicos\/\"]}]},{\"@type\":\"BreadcrumbList\",\"@id\":\"https:\/\/ww16.ce.gov.br\/hm\/home\/servicos\/#breadcrumb\",\"itemListElement\":[{\"@type\":\"ListItem\",\"position\":1,\"name\":\"In\u00edcio\",\"item\":\"https:\/\/ww16.ce.gov.br\/hm\/\"},{\"@type\":\"ListItem\",\"position\":2,\"name\":\"Home\",\"item\":\"https:\/\/ww16.ce.gov.br\/hm\/\"},{\"@type\":\"ListItem\",\"position\":3,\"name\":\"Servi\u00e7os\"}]},{\"@type\":\"WebSite\",\"@id\":\"https:\/\/ww16.ce.gov.br\/hm\/#website\",\"url\":\"https:\/\/ww16.ce.gov.br\/hm\/\",\"name\":\"Hospital de Messejana\",\"description\":\"Modelo Padr\u00e3o do Estado\",\"potentialAction\":[{\"@type\":\"SearchAction\",\"target\":{\"@type\":\"EntryPoint\",\"urlTemplate\":\"https:\/\/ww16.ce.gov.br\/hm\/?s={search_term_string}\"},\"query-input\":{\"@type\":\"PropertyValueSpecification\",\"valueRequired\":true,\"valueName\":\"search_term_string\"}}],\"inLanguage\":\"pt-BR\"}]}<\/script>\n<!-- \/ Yoast SEO plugin. -->","yoast_head_json":{"title":"Servi\u00e7os - Hospital de Messejana","robots":{"index":"index","follow":"follow","max-snippet":"max-snippet:-1","max-image-preview":"max-image-preview:large","max-video-preview":"max-video-preview:-1"},"canonical":"https:\/\/ww16.ce.gov.br\/hm\/home\/servicos\/","og_locale":"pt_BR","og_type":"article","og_title":"Servi\u00e7os - Hospital de Messejana","og_url":"https:\/\/ww16.ce.gov.br\/hm\/home\/servicos\/","og_site_name":"Hospital de Messejana","article_modified_time":"2023-02-06T14:03:18+00:00","twitter_card":"summary_large_image","schema":{"@context":"https:\/\/schema.org","@graph":[{"@type":"WebPage","@id":"https:\/\/ww16.ce.gov.br\/hm\/home\/servicos\/","url":"https:\/\/ww16.ce.gov.br\/hm\/home\/servicos\/","name":"Servi\u00e7os - Hospital de Messejana","isPartOf":{"@id":"https:\/\/ww16.ce.gov.br\/hm\/#website"},"datePublished":"2017-11-21T19:36:42+00:00","dateModified":"2023-02-06T14:03:18+00:00","breadcrumb":{"@id":"https:\/\/ww16.ce.gov.br\/hm\/home\/servicos\/#breadcrumb"},"inLanguage":"pt-BR","potentialAction":[{"@type":"ReadAction","target":["https:\/\/ww16.ce.gov.br\/hm\/home\/servicos\/"]}]},{"@type":"BreadcrumbList","@id":"https:\/\/ww16.ce.gov.br\/hm\/home\/servicos\/#breadcrumb","itemListElement":[{"@type":"ListItem","position":1,"name":"In\u00edcio","item":"https:\/\/ww16.ce.gov.br\/hm\/"},{"@type":"ListItem","position":2,"name":"Home","item":"https:\/\/ww16.ce.gov.br\/hm\/"},{"@type":"ListItem","position":3,"name":"Servi\u00e7os"}]},{"@type":"WebSite","@id":"https:\/\/ww16.ce.gov.br\/hm\/#website","url":"https:\/\/ww16.ce.gov.br\/hm\/","name":"Hospital de Messejana","description":"Modelo Padr\u00e3o do Estado","potentialAction":[{"@type":"SearchAction","target":{"@type":"EntryPoint","urlTemplate":"https:\/\/ww16.ce.gov.br\/hm\/?s={search_term_string}"},"query-input":{"@type":"PropertyValueSpecification","valueRequired":true,"valueName":"search_term_string"}}],"inLanguage":"pt-BR"}]}},"_links":{"self":[{"href":"https:\/\/ww16.ce.gov.br\/hm\/wp-json\/wp\/v2\/pages\/136","targetHints":{"allow":["GET"]}}],"collection":[{"href":"https:\/\/ww16.ce.gov.br\/hm\/wp-json\/wp\/v2\/pages"}],"about":[{"href":"https:\/\/ww16.ce.gov.br\/hm\/wp-json\/wp\/v2\/types\/page"}],"author":[{"embeddable":true,"href":"https:\/\/ww16.ce.gov.br\/hm\/wp-json\/wp\/v2\/users\/38"}],"replies":[{"embeddable":true,"href":"https:\/\/ww16.ce.gov.br\/hm\/wp-json\/wp\/v2\/comments?post=136"}],"version-history":[{"count":34,"href":"https:\/\/ww16.ce.gov.br\/hm\/wp-json\/wp\/v2\/pages\/136\/revisions"}],"predecessor-version":[{"id":2874,"href":"https:\/\/ww16.ce.gov.br\/hm\/wp-json\/wp\/v2\/pages\/136\/revisions\/2874"}],"up":[{"embeddable":true,"href":"https:\/\/ww16.ce.gov.br\/hm\/wp-json\/wp\/v2\/pages\/2507"}],"wp:attachment":[{"href":"https:\/\/ww16.ce.gov.br\/hm\/wp-json\/wp\/v2\/media?parent=136"}],"curies":[{"name":"wp","href":"https:\/\/api.w.org\/{rel}","templated":true}]}}