{"id":718,"date":"2026-05-05T15:12:14","date_gmt":"2026-05-05T18:12:14","guid":{"rendered":"https:\/\/ww16.ce.gov.br\/detran\/?page_id=718"},"modified":"2026-05-05T16:00:49","modified_gmt":"2026-05-05T19:00:49","slug":"lgpd","status":"publish","type":"page","link":"https:\/\/ww16.ce.gov.br\/detran\/lgpd\/","title":{"rendered":"LGPD"},"content":{"rendered":"\n<p><strong><mark style=\"background-color:#1c9d45\" class=\"has-inline-color has-white-color\">DATA PROTECTION OFFICER (DPO)<\/mark><\/strong><\/p>\n\n\n\n<h2 class=\"wp-block-heading\"><strong>ODAIR JOS\u00c9 FACUNDO OLIVEIRA<\/strong><\/h2>\n\n\n\n<p><strong>Email: encarregado.dados@detran.ce.gov.br<\/strong><\/p>\n\n\n\n<div style=\"height:33px\" aria-hidden=\"true\" class=\"wp-block-spacer\"><\/div>\n\n\n\n<h2 class=\"wp-block-heading\"><strong><mark style=\"background-color:#1c9d45\" class=\"has-inline-color has-white-color\">Lei de Geral de Prote\u00e7\u00e3o de Dados<\/mark><\/strong><\/h2>\n\n\n\n<div style=\"height:40px\" aria-hidden=\"true\" class=\"wp-block-spacer\"><\/div>\n\n\n\n<h4 class=\"wp-block-heading has-text-align-left has-text-color has-link-color wp-elements-e7204d1f67b972d95af05a05414f822a\" style=\"color:#1c9d45\"><strong><mark style=\"color:#1c9d45\" class=\"has-inline-color\">APRESENTA\u00c7\u00c3O<\/mark><\/strong><\/h4>\n\n\n\n<p>A Lei n\u00ba 13.709, de 14 de agosto de 2018, popularmente conhecida como Lei Geral de Prote\u00e7\u00e3o de Dados Pessoais (LGPD), disp\u00f5e sobre o tratamento de dados pessoais, inclusive nos meios digitais, por pessoa natural ou por pessoa jur\u00eddica de direito p\u00fablico ou privado, com o objetivo de proteger os direitos fundamentais de liberdade e de privacidade e o livre desenvolvimento da personalidade da pessoa natural.<\/p>\n\n\n\n<div style=\"height:40px\" aria-hidden=\"true\" class=\"wp-block-spacer\"><\/div>\n\n\n\n<h4 class=\"wp-block-heading has-text-align-left\"><strong><mark style=\"color:#1c9d45\" class=\"has-inline-color\">PRINC\u00cdPIOS<\/mark><\/strong><\/h4>\n\n\n\n<p><strong>A lei estabelece que as atividades de tratamento de dados pessoais dever\u00e3o observar a boa-f\u00e9 e os seguintes princ\u00edpios:<\/strong><\/p>\n\n\n\n<p>\u2013 Finalidade: realiza\u00e7\u00e3o do tratamento para prop\u00f3sitos leg\u00edtimos, espec\u00edficos, expl\u00edcitos e informados ao titular, sem possibilidade de tratamento posterior de forma incompat\u00edvel com essas finalidades;<\/p>\n\n\n\n<p>\u2013 Adequa\u00e7\u00e3o: compatibilidade do tratamento com as finalidades informadas ao titular, de acordo com o contexto do tratamento;<\/p>\n\n\n\n<p>\u2013 Necessidade: limita\u00e7\u00e3o do tratamento ao m\u00ednimo necess\u00e1rio para a realiza\u00e7\u00e3o de suas finalidades, com abrang\u00eancia dos dados pertinentes, proporcionais e n\u00e3o excessivos em rela\u00e7\u00e3o \u00e0s finalidades do tratamento de dados;<\/p>\n\n\n\n<p>\u2013 Livre acesso: garantia, aos titulares, de consulta facilitada e gratuita sobre a forma e a dura\u00e7\u00e3o do tratamento, bem como sobre a integralidade de seus dados pessoais;<\/p>\n\n\n\n<p>\u2013 Qualidade dos dados: garantia, aos titulares, de exatid\u00e3o, clareza, relev\u00e2ncia e atualiza\u00e7\u00e3o dos dados, de acordo com a necessidade e para o cumprimento da finalidade de seu tratamento;<\/p>\n\n\n\n<p>\u2013 Transpar\u00eancia: garantia, aos titulares, de informa\u00e7\u00f5es claras, precisas e facilmente acess\u00edveis sobre a realiza\u00e7\u00e3o do tratamento e os respectivos agentes de tratamento, observados os segredos comercial e industrial;<\/p>\n\n\n\n<p>\u2013 Seguran\u00e7a: utiliza\u00e7\u00e3o de medidas t\u00e9cnicas e administrativas aptas a proteger os dados pessoais de acessos n\u00e3o autorizados e de situa\u00e7\u00f5es acidentais ou il\u00edcitas de destrui\u00e7\u00e3o, perda, altera\u00e7\u00e3o, comunica\u00e7\u00e3o ou difus\u00e3o;<\/p>\n\n\n\n<p>\u2013 Preven\u00e7\u00e3o: ado\u00e7\u00e3o de medidas para prevenir a ocorr\u00eancia de danos em virtude do tratamento de dados pessoais;<\/p>\n\n\n\n<p>\u2013 N\u00e3o discrimina\u00e7\u00e3o: impossibilidade de realiza\u00e7\u00e3o do tratamento para fins discriminat\u00f3rios il\u00edcitos ou abusivos; e<\/p>\n\n\n\n<p>\u2013 Responsabiliza\u00e7\u00e3o e presta\u00e7\u00e3o de contas: demonstra\u00e7\u00e3o, pelo agente, da ado\u00e7\u00e3o de medidas eficazes e capazes de comprovar a observ\u00e2ncia e o cumprimento das normas de prote\u00e7\u00e3o de dados pessoais e, inclusive, da efic\u00e1cia dessas medidas.<\/p>\n\n\n\n<div style=\"height:40px\" aria-hidden=\"true\" class=\"wp-block-spacer\"><\/div>\n\n\n\n<h4 class=\"wp-block-heading\"><strong><mark style=\"color:#1c9d45\" class=\"has-inline-color\">DIREITOS DO TITULAR<\/mark><\/strong><\/h4>\n\n\n\n<p><strong>A LGPD assegura ao titular dos dados pessoais os seguintes direitos:<\/strong><\/p>\n\n\n\n<p>\u2013 Confirma\u00e7\u00e3o da exist\u00eancia de tratamento;<\/p>\n\n\n\n<p>\u2013 Acesso aos dados;<\/p>\n\n\n\n<p>\u2013 Corre\u00e7\u00e3o de dados incompletos, inexatos ou desatualizados;<\/p>\n\n\n\n<p>\u2013 Anonimiza\u00e7\u00e3o, bloqueio ou elimina\u00e7\u00e3o de dados desnecess\u00e1rios, excessivos ou tratados em desconformidade com o disposto nesta Lei;<\/p>\n\n\n\n<p>\u2013 Portabilidade dos dados a outro fornecedor de servi\u00e7o ou produto, mediante requisi\u00e7\u00e3o expressa, de acordo com a regulamenta\u00e7\u00e3o da autoridade nacional, observados os segredos comercial e industrial;<\/p>\n\n\n\n<p>\u2013 Elimina\u00e7\u00e3o dos dados pessoais tratados com o consentimento do titular, como regra;<\/p>\n\n\n\n<p>\u2013 Informa\u00e7\u00e3o das entidades p\u00fablicas e privadas com as quais o controlador realizou uso compartilhado de dados;<\/p>\n\n\n\n<p>\u2013 Informa\u00e7\u00e3o sobre a possibilidade de n\u00e3o fornecer consentimento e sobre as consequ\u00eancias da negativa; e<\/p>\n\n\n\n<p>\u2013 Revoga\u00e7\u00e3o do consentimento.<\/p>\n\n\n\n<div style=\"height:40px\" aria-hidden=\"true\" class=\"wp-block-spacer\"><\/div>\n\n\n\n<h4 class=\"wp-block-heading\"><strong><mark style=\"color:#1c9d45\" class=\"has-inline-color\">AGENTES DE TRATAMENTO<\/mark><\/strong><\/h4>\n\n\n\n<p><strong>A Lei 13.709\/2018 prev\u00ea os seguintes agentes de tratamento de dados pessoais:<\/strong><\/p>\n\n\n\n<p>\u2013 Controlador: pessoa natural ou jur\u00eddica, de direito p\u00fablico ou privado, a quem competem as decis\u00f5es referentes ao tratamento de dados pessoais;<\/p>\n\n\n\n<p>\u2013 Operador: pessoa natural ou jur\u00eddica, de direito p\u00fablico ou privado, que realiza o tratamento de dados pessoais em nome do controlador; e<\/p>\n\n\n\n<p>\u2013 Encarregado: pessoa indicada pelo controlador e operador para atuar como canal de comunica\u00e7\u00e3o entre o controlador, os titulares dos dados e a Autoridade Nacional de Prote\u00e7\u00e3o de Dados (ANPD).<\/p>\n\n\n\n<p><strong>As atividades do encarregado consistem em:<\/strong><\/p>\n\n\n\n<p>\u2013 Aceitar reclama\u00e7\u00f5es e comunica\u00e7\u00f5es dos titulares, prestar esclarecimentos e adotar provid\u00eancias;<\/p>\n\n\n\n<p>\u2013 Receber comunica\u00e7\u00f5es da autoridade nacional e adotar provid\u00eancias;<\/p>\n\n\n\n<p>\u2013 Orientar os funcion\u00e1rios e os contratados da entidade a respeito das pr\u00e1ticas a serem tomadas em rela\u00e7\u00e3o \u00e0 prote\u00e7\u00e3o de dados pessoais; e<\/p>\n\n\n\n<p>\u2013 Executar as demais atribui\u00e7\u00f5es determinadas pelo controlador ou estabelecidas em normas complementares.<\/p>\n\n\n\n<div style=\"height:45px\" aria-hidden=\"true\" class=\"wp-block-spacer\"><\/div>\n\n\n\n<p><strong>Links:<\/strong><\/p>\n\n\n\n<p>LGPD: <a href=\"https:\/\/www.planalto.gov.br\/ccivil_03\/_ato2015-2018\/2018\/lei\/L13709.htm\">Lei n\u00ba 13.709, de 14 de agosto de 2018<\/a><\/p>\n\n\n\n<p>Designa\u00e7\u00e3o do DPO: <a href=\"https:\/\/www.detran.ce.gov.br\/wp-content\/uploads\/2024\/02\/DIARIOOFICIAL_dpo_DetranCE1772024.pdf\">Portaria 177\/2024, publicada em 30\/01\/2024.<\/a><\/p>\n\n\n\n<p><\/p>\n","protected":false},"excerpt":{"rendered":"<p>DATA PROTECTION OFFICER (DPO) ODAIR JOS\u00c9 FACUNDO OLIVEIRA Email: encarregado.dados@detran.ce.gov.br Lei de Geral de Prote\u00e7\u00e3o de Dados APRESENTA\u00c7\u00c3O A Lei n\u00ba 13.709, de 14 de agosto de 2018, popularmente conhecida como Lei Geral de Prote\u00e7\u00e3o de Dados Pessoais (LGPD), disp\u00f5e sobre o tratamento de dados pessoais, inclusive nos meios digitais, por pessoa natural ou por [&hellip;]<\/p>\n","protected":false},"author":93,"featured_media":0,"parent":0,"menu_order":0,"comment_status":"closed","ping_status":"closed","template":"","meta":{"_acf_changed":false,"inline_featured_image":false,"footnotes":""},"class_list":["post-718","page","type-page","status-publish","hentry"],"acf":[],"yoast_head":"<!-- This site is optimized with the Yoast SEO plugin v26.9 - https:\/\/yoast.com\/product\/yoast-seo-wordpress\/ -->\n<title>LGPD - Departamento Estadual de Tr\u00e2nsito<\/title>\n<meta name=\"robots\" content=\"noindex, follow, max-snippet:-1, max-image-preview:large, max-video-preview:-1\" \/>\n<meta property=\"og:locale\" content=\"pt_BR\" \/>\n<meta property=\"og:type\" content=\"article\" \/>\n<meta property=\"og:title\" content=\"LGPD - Departamento Estadual de Tr\u00e2nsito\" \/>\n<meta property=\"og:description\" content=\"DATA PROTECTION OFFICER (DPO) ODAIR JOS\u00c9 FACUNDO OLIVEIRA Email: encarregado.dados@detran.ce.gov.br Lei de Geral de Prote\u00e7\u00e3o de Dados APRESENTA\u00c7\u00c3O A Lei n\u00ba 13.709, de 14 de agosto de 2018, popularmente conhecida como Lei Geral de Prote\u00e7\u00e3o de Dados Pessoais (LGPD), disp\u00f5e sobre o tratamento de dados pessoais, inclusive nos meios digitais, por pessoa natural ou por [&hellip;]\" \/>\n<meta property=\"og:url\" content=\"https:\/\/ww16.ce.gov.br\/detran\/lgpd\/\" \/>\n<meta property=\"og:site_name\" content=\"Departamento Estadual de Tr\u00e2nsito\" \/>\n<meta property=\"article:modified_time\" content=\"2026-05-05T19:00:49+00:00\" \/>\n<meta name=\"twitter:card\" content=\"summary_large_image\" \/>\n<meta name=\"twitter:label1\" content=\"Est. reading time\" \/>\n\t<meta name=\"twitter:data1\" content=\"4 minutos\" \/>\n<script type=\"application\/ld+json\" class=\"yoast-schema-graph\">{\"@context\":\"https:\/\/schema.org\",\"@graph\":[{\"@type\":\"WebPage\",\"@id\":\"https:\/\/ww16.ce.gov.br\/detran\/lgpd\/\",\"url\":\"https:\/\/ww16.ce.gov.br\/detran\/lgpd\/\",\"name\":\"LGPD - Departamento Estadual de Tr\u00e2nsito\",\"isPartOf\":{\"@id\":\"https:\/\/ww16.ce.gov.br\/detran\/#website\"},\"datePublished\":\"2026-05-05T18:12:14+00:00\",\"dateModified\":\"2026-05-05T19:00:49+00:00\",\"breadcrumb\":{\"@id\":\"https:\/\/ww16.ce.gov.br\/detran\/lgpd\/#breadcrumb\"},\"inLanguage\":\"pt-BR\",\"potentialAction\":[{\"@type\":\"ReadAction\",\"target\":[\"https:\/\/ww16.ce.gov.br\/detran\/lgpd\/\"]}]},{\"@type\":\"BreadcrumbList\",\"@id\":\"https:\/\/ww16.ce.gov.br\/detran\/lgpd\/#breadcrumb\",\"itemListElement\":[{\"@type\":\"ListItem\",\"position\":1,\"name\":\"In\u00edcio\",\"item\":\"https:\/\/ww16.ce.gov.br\/detran\/\"},{\"@type\":\"ListItem\",\"position\":2,\"name\":\"LGPD\"}]},{\"@type\":\"WebSite\",\"@id\":\"https:\/\/ww16.ce.gov.br\/detran\/#website\",\"url\":\"https:\/\/ww16.ce.gov.br\/detran\/\",\"name\":\"Departamento Estadual de Tr\u00e2nsito\",\"description\":\"Modelo Padr\u00e3o do Estado\",\"potentialAction\":[{\"@type\":\"SearchAction\",\"target\":{\"@type\":\"EntryPoint\",\"urlTemplate\":\"https:\/\/ww16.ce.gov.br\/detran\/?s={search_term_string}\"},\"query-input\":{\"@type\":\"PropertyValueSpecification\",\"valueRequired\":true,\"valueName\":\"search_term_string\"}}],\"inLanguage\":\"pt-BR\"}]}<\/script>\n<!-- \/ Yoast SEO plugin. -->","yoast_head_json":{"title":"LGPD - Departamento Estadual de Tr\u00e2nsito","robots":{"index":"noindex","follow":"follow","max-snippet":"max-snippet:-1","max-image-preview":"max-image-preview:large","max-video-preview":"max-video-preview:-1"},"og_locale":"pt_BR","og_type":"article","og_title":"LGPD - Departamento Estadual de Tr\u00e2nsito","og_description":"DATA PROTECTION OFFICER (DPO) ODAIR JOS\u00c9 FACUNDO OLIVEIRA Email: encarregado.dados@detran.ce.gov.br Lei de Geral de Prote\u00e7\u00e3o de Dados APRESENTA\u00c7\u00c3O A Lei n\u00ba 13.709, de 14 de agosto de 2018, popularmente conhecida como Lei Geral de Prote\u00e7\u00e3o de Dados Pessoais (LGPD), disp\u00f5e sobre o tratamento de dados pessoais, inclusive nos meios digitais, por pessoa natural ou por [&hellip;]","og_url":"https:\/\/ww16.ce.gov.br\/detran\/lgpd\/","og_site_name":"Departamento Estadual de Tr\u00e2nsito","article_modified_time":"2026-05-05T19:00:49+00:00","twitter_card":"summary_large_image","twitter_misc":{"Est. reading time":"4 minutos"},"schema":{"@context":"https:\/\/schema.org","@graph":[{"@type":"WebPage","@id":"https:\/\/ww16.ce.gov.br\/detran\/lgpd\/","url":"https:\/\/ww16.ce.gov.br\/detran\/lgpd\/","name":"LGPD - Departamento Estadual de Tr\u00e2nsito","isPartOf":{"@id":"https:\/\/ww16.ce.gov.br\/detran\/#website"},"datePublished":"2026-05-05T18:12:14+00:00","dateModified":"2026-05-05T19:00:49+00:00","breadcrumb":{"@id":"https:\/\/ww16.ce.gov.br\/detran\/lgpd\/#breadcrumb"},"inLanguage":"pt-BR","potentialAction":[{"@type":"ReadAction","target":["https:\/\/ww16.ce.gov.br\/detran\/lgpd\/"]}]},{"@type":"BreadcrumbList","@id":"https:\/\/ww16.ce.gov.br\/detran\/lgpd\/#breadcrumb","itemListElement":[{"@type":"ListItem","position":1,"name":"In\u00edcio","item":"https:\/\/ww16.ce.gov.br\/detran\/"},{"@type":"ListItem","position":2,"name":"LGPD"}]},{"@type":"WebSite","@id":"https:\/\/ww16.ce.gov.br\/detran\/#website","url":"https:\/\/ww16.ce.gov.br\/detran\/","name":"Departamento Estadual de Tr\u00e2nsito","description":"Modelo Padr\u00e3o do Estado","potentialAction":[{"@type":"SearchAction","target":{"@type":"EntryPoint","urlTemplate":"https:\/\/ww16.ce.gov.br\/detran\/?s={search_term_string}"},"query-input":{"@type":"PropertyValueSpecification","valueRequired":true,"valueName":"search_term_string"}}],"inLanguage":"pt-BR"}]}},"_links":{"self":[{"href":"https:\/\/ww16.ce.gov.br\/detran\/wp-json\/wp\/v2\/pages\/718","targetHints":{"allow":["GET"]}}],"collection":[{"href":"https:\/\/ww16.ce.gov.br\/detran\/wp-json\/wp\/v2\/pages"}],"about":[{"href":"https:\/\/ww16.ce.gov.br\/detran\/wp-json\/wp\/v2\/types\/page"}],"author":[{"embeddable":true,"href":"https:\/\/ww16.ce.gov.br\/detran\/wp-json\/wp\/v2\/users\/93"}],"replies":[{"embeddable":true,"href":"https:\/\/ww16.ce.gov.br\/detran\/wp-json\/wp\/v2\/comments?post=718"}],"version-history":[{"count":19,"href":"https:\/\/ww16.ce.gov.br\/detran\/wp-json\/wp\/v2\/pages\/718\/revisions"}],"predecessor-version":[{"id":753,"href":"https:\/\/ww16.ce.gov.br\/detran\/wp-json\/wp\/v2\/pages\/718\/revisions\/753"}],"wp:attachment":[{"href":"https:\/\/ww16.ce.gov.br\/detran\/wp-json\/wp\/v2\/media?parent=718"}],"curies":[{"name":"wp","href":"https:\/\/api.w.org\/{rel}","templated":true}]}}