{"id":573,"date":"2026-03-05T15:37:18","date_gmt":"2026-03-05T18:37:18","guid":{"rendered":"http:\/\/ww16.ce.gov.br\/detran\/?page_id=573"},"modified":"2026-03-05T15:37:46","modified_gmt":"2026-03-05T18:37:46","slug":"perguntas-frequentes","status":"publish","type":"page","link":"https:\/\/ww16.ce.gov.br\/detran\/acesso-a-informacao\/perguntas-frequentes\/","title":{"rendered":"Perguntas Frequentes"},"content":{"rendered":"","protected":false},"excerpt":{"rendered":"","protected":false},"author":93,"featured_media":0,"parent":561,"menu_order":0,"comment_status":"closed","ping_status":"closed","template":"page-perguntas-frequentes.php","meta":{"_acf_changed":false,"inline_featured_image":false,"footnotes":""},"class_list":["post-573","page","type-page","status-publish","hentry"],"acf":[],"yoast_head":"<!-- This site is optimized with the Yoast SEO plugin v26.9 - https:\/\/yoast.com\/product\/yoast-seo-wordpress\/ -->\n<title>Perguntas Frequentes - Departamento Estadual de Tr\u00e2nsito<\/title>\n<meta name=\"robots\" content=\"noindex, follow, max-snippet:-1, max-image-preview:large, max-video-preview:-1\" \/>\n<meta property=\"og:locale\" content=\"pt_BR\" \/>\n<meta property=\"og:type\" content=\"article\" \/>\n<meta property=\"og:title\" content=\"Perguntas Frequentes - Departamento Estadual de Tr\u00e2nsito\" \/>\n<meta property=\"og:url\" content=\"https:\/\/ww16.ce.gov.br\/detran\/acesso-a-informacao\/perguntas-frequentes\/\" \/>\n<meta property=\"og:site_name\" content=\"Departamento Estadual de Tr\u00e2nsito\" \/>\n<meta property=\"article:modified_time\" content=\"2026-03-05T18:37:46+00:00\" \/>\n<meta name=\"twitter:card\" content=\"summary_large_image\" \/>\n<script type=\"application\/ld+json\" class=\"yoast-schema-graph\">{\"@context\":\"https:\/\/schema.org\",\"@graph\":[{\"@type\":\"WebPage\",\"@id\":\"https:\/\/ww16.ce.gov.br\/detran\/acesso-a-informacao\/perguntas-frequentes\/\",\"url\":\"https:\/\/ww16.ce.gov.br\/detran\/acesso-a-informacao\/perguntas-frequentes\/\",\"name\":\"Perguntas Frequentes - Departamento Estadual de Tr\u00e2nsito\",\"isPartOf\":{\"@id\":\"https:\/\/ww16.ce.gov.br\/detran\/#website\"},\"datePublished\":\"2026-03-05T18:37:18+00:00\",\"dateModified\":\"2026-03-05T18:37:46+00:00\",\"breadcrumb\":{\"@id\":\"https:\/\/ww16.ce.gov.br\/detran\/acesso-a-informacao\/perguntas-frequentes\/#breadcrumb\"},\"inLanguage\":\"pt-BR\",\"potentialAction\":[{\"@type\":\"ReadAction\",\"target\":[\"https:\/\/ww16.ce.gov.br\/detran\/acesso-a-informacao\/perguntas-frequentes\/\"]}]},{\"@type\":\"BreadcrumbList\",\"@id\":\"https:\/\/ww16.ce.gov.br\/detran\/acesso-a-informacao\/perguntas-frequentes\/#breadcrumb\",\"itemListElement\":[{\"@type\":\"ListItem\",\"position\":1,\"name\":\"In\u00edcio\",\"item\":\"https:\/\/ww16.ce.gov.br\/detran\/\"},{\"@type\":\"ListItem\",\"position\":2,\"name\":\"Acesso \u00e0 Informa\u00e7\u00e3o\",\"item\":\"https:\/\/ww16.ce.gov.br\/detran\/acesso-a-informacao\/\"},{\"@type\":\"ListItem\",\"position\":3,\"name\":\"Perguntas Frequentes\"}]},{\"@type\":\"WebSite\",\"@id\":\"https:\/\/ww16.ce.gov.br\/detran\/#website\",\"url\":\"https:\/\/ww16.ce.gov.br\/detran\/\",\"name\":\"Departamento Estadual de Tr\u00e2nsito\",\"description\":\"Modelo Padr\u00e3o do Estado\",\"potentialAction\":[{\"@type\":\"SearchAction\",\"target\":{\"@type\":\"EntryPoint\",\"urlTemplate\":\"https:\/\/ww16.ce.gov.br\/detran\/?s={search_term_string}\"},\"query-input\":{\"@type\":\"PropertyValueSpecification\",\"valueRequired\":true,\"valueName\":\"search_term_string\"}}],\"inLanguage\":\"pt-BR\"}]}<\/script>\n<!-- \/ Yoast SEO plugin. -->","yoast_head_json":{"title":"Perguntas Frequentes - Departamento Estadual de Tr\u00e2nsito","robots":{"index":"noindex","follow":"follow","max-snippet":"max-snippet:-1","max-image-preview":"max-image-preview:large","max-video-preview":"max-video-preview:-1"},"og_locale":"pt_BR","og_type":"article","og_title":"Perguntas Frequentes - Departamento Estadual de Tr\u00e2nsito","og_url":"https:\/\/ww16.ce.gov.br\/detran\/acesso-a-informacao\/perguntas-frequentes\/","og_site_name":"Departamento Estadual de Tr\u00e2nsito","article_modified_time":"2026-03-05T18:37:46+00:00","twitter_card":"summary_large_image","schema":{"@context":"https:\/\/schema.org","@graph":[{"@type":"WebPage","@id":"https:\/\/ww16.ce.gov.br\/detran\/acesso-a-informacao\/perguntas-frequentes\/","url":"https:\/\/ww16.ce.gov.br\/detran\/acesso-a-informacao\/perguntas-frequentes\/","name":"Perguntas Frequentes - Departamento Estadual de Tr\u00e2nsito","isPartOf":{"@id":"https:\/\/ww16.ce.gov.br\/detran\/#website"},"datePublished":"2026-03-05T18:37:18+00:00","dateModified":"2026-03-05T18:37:46+00:00","breadcrumb":{"@id":"https:\/\/ww16.ce.gov.br\/detran\/acesso-a-informacao\/perguntas-frequentes\/#breadcrumb"},"inLanguage":"pt-BR","potentialAction":[{"@type":"ReadAction","target":["https:\/\/ww16.ce.gov.br\/detran\/acesso-a-informacao\/perguntas-frequentes\/"]}]},{"@type":"BreadcrumbList","@id":"https:\/\/ww16.ce.gov.br\/detran\/acesso-a-informacao\/perguntas-frequentes\/#breadcrumb","itemListElement":[{"@type":"ListItem","position":1,"name":"In\u00edcio","item":"https:\/\/ww16.ce.gov.br\/detran\/"},{"@type":"ListItem","position":2,"name":"Acesso \u00e0 Informa\u00e7\u00e3o","item":"https:\/\/ww16.ce.gov.br\/detran\/acesso-a-informacao\/"},{"@type":"ListItem","position":3,"name":"Perguntas Frequentes"}]},{"@type":"WebSite","@id":"https:\/\/ww16.ce.gov.br\/detran\/#website","url":"https:\/\/ww16.ce.gov.br\/detran\/","name":"Departamento Estadual de Tr\u00e2nsito","description":"Modelo Padr\u00e3o do Estado","potentialAction":[{"@type":"SearchAction","target":{"@type":"EntryPoint","urlTemplate":"https:\/\/ww16.ce.gov.br\/detran\/?s={search_term_string}"},"query-input":{"@type":"PropertyValueSpecification","valueRequired":true,"valueName":"search_term_string"}}],"inLanguage":"pt-BR"}]}},"_links":{"self":[{"href":"https:\/\/ww16.ce.gov.br\/detran\/wp-json\/wp\/v2\/pages\/573","targetHints":{"allow":["GET"]}}],"collection":[{"href":"https:\/\/ww16.ce.gov.br\/detran\/wp-json\/wp\/v2\/pages"}],"about":[{"href":"https:\/\/ww16.ce.gov.br\/detran\/wp-json\/wp\/v2\/types\/page"}],"author":[{"embeddable":true,"href":"https:\/\/ww16.ce.gov.br\/detran\/wp-json\/wp\/v2\/users\/93"}],"replies":[{"embeddable":true,"href":"https:\/\/ww16.ce.gov.br\/detran\/wp-json\/wp\/v2\/comments?post=573"}],"version-history":[{"count":1,"href":"https:\/\/ww16.ce.gov.br\/detran\/wp-json\/wp\/v2\/pages\/573\/revisions"}],"predecessor-version":[{"id":575,"href":"https:\/\/ww16.ce.gov.br\/detran\/wp-json\/wp\/v2\/pages\/573\/revisions\/575"}],"up":[{"embeddable":true,"href":"https:\/\/ww16.ce.gov.br\/detran\/wp-json\/wp\/v2\/pages\/561"}],"wp:attachment":[{"href":"https:\/\/ww16.ce.gov.br\/detran\/wp-json\/wp\/v2\/media?parent=573"}],"curies":[{"name":"wp","href":"https:\/\/api.w.org\/{rel}","templated":true}]}}