{"id":568,"date":"2026-03-05T15:29:29","date_gmt":"2026-03-05T18:29:29","guid":{"rendered":"http:\/\/ww16.ce.gov.br\/detran\/?page_id=568"},"modified":"2026-03-05T15:53:19","modified_gmt":"2026-03-05T18:53:19","slug":"relacao-de-informacoes-sigilosas","status":"publish","type":"page","link":"https:\/\/ww16.ce.gov.br\/detran\/acesso-a-informacao\/relacao-de-informacoes-sigilosas\/","title":{"rendered":"Rela\u00e7\u00e3o de Informa\u00e7\u00f5es Sigilosas"},"content":{"rendered":"\n<p>O Comit\u00ea Gestor de Acesso \u00e0 Informa\u00e7\u00e3o apresenta o rol de documentos classificados com grau de sigilo e o rol de documentos desclassificados dos \u00f3rg\u00e3os e entidades do Poder Executivo Estadual.<\/p>\n\n\n\n<p><strong>Informa\u00e7\u00f5es Classificadas e Desclassificadas<\/strong><\/p>\n\n\n\n<p>AUTORIDADE CLASSIFICADORA: Comit\u00ea Gestor de Acesso \u00e0 Informa\u00e7\u00e3o \u2013 CGAI<\/p>\n\n\n\n<p><a href=\"https:\/\/cegovbr.test\/relacao-de-informacoes-sigilosas\/\">Relat\u00f3rio de Informa\u00e7\u00f5es Sigilosas de Todos os \u00d3rg\u00e3os&nbsp;\u2b08<\/a><\/p>\n","protected":false},"excerpt":{"rendered":"<p>O Comit\u00ea Gestor de Acesso \u00e0 Informa\u00e7\u00e3o apresenta o rol de documentos classificados com grau de sigilo e o rol de documentos desclassificados dos \u00f3rg\u00e3os e entidades do Poder Executivo Estadual. Informa\u00e7\u00f5es Classificadas e Desclassificadas AUTORIDADE CLASSIFICADORA: Comit\u00ea Gestor de Acesso \u00e0 Informa\u00e7\u00e3o \u2013 CGAI Relat\u00f3rio de Informa\u00e7\u00f5es Sigilosas de Todos os \u00d3rg\u00e3os&nbsp;\u2b08<\/p>\n","protected":false},"author":93,"featured_media":0,"parent":561,"menu_order":0,"comment_status":"closed","ping_status":"closed","template":"page-relacao-de-informacao-sigilosa.php","meta":{"_acf_changed":false,"inline_featured_image":false,"footnotes":""},"class_list":["post-568","page","type-page","status-publish","hentry"],"acf":[],"yoast_head":"<!-- This site is optimized with the Yoast SEO plugin v26.9 - https:\/\/yoast.com\/product\/yoast-seo-wordpress\/ -->\n<title>Rela\u00e7\u00e3o de Informa\u00e7\u00f5es Sigilosas - Departamento Estadual de Tr\u00e2nsito<\/title>\n<meta name=\"robots\" content=\"noindex, follow, max-snippet:-1, max-image-preview:large, max-video-preview:-1\" \/>\n<meta property=\"og:locale\" content=\"pt_BR\" \/>\n<meta property=\"og:type\" content=\"article\" \/>\n<meta property=\"og:title\" content=\"Rela\u00e7\u00e3o de Informa\u00e7\u00f5es Sigilosas - Departamento Estadual de Tr\u00e2nsito\" \/>\n<meta property=\"og:description\" content=\"O Comit\u00ea Gestor de Acesso \u00e0 Informa\u00e7\u00e3o apresenta o rol de documentos classificados com grau de sigilo e o rol de documentos desclassificados dos \u00f3rg\u00e3os e entidades do Poder Executivo Estadual. Informa\u00e7\u00f5es Classificadas e Desclassificadas AUTORIDADE CLASSIFICADORA: Comit\u00ea Gestor de Acesso \u00e0 Informa\u00e7\u00e3o \u2013 CGAI Relat\u00f3rio de Informa\u00e7\u00f5es Sigilosas de Todos os \u00d3rg\u00e3os&nbsp;\u2b08\" \/>\n<meta property=\"og:url\" content=\"https:\/\/ww16.ce.gov.br\/detran\/acesso-a-informacao\/relacao-de-informacoes-sigilosas\/\" \/>\n<meta property=\"og:site_name\" content=\"Departamento Estadual de Tr\u00e2nsito\" \/>\n<meta property=\"article:modified_time\" content=\"2026-03-05T18:53:19+00:00\" \/>\n<meta name=\"twitter:card\" content=\"summary_large_image\" \/>\n<meta name=\"twitter:label1\" content=\"Est. reading time\" \/>\n\t<meta name=\"twitter:data1\" content=\"1 minuto\" \/>\n<script type=\"application\/ld+json\" class=\"yoast-schema-graph\">{\"@context\":\"https:\/\/schema.org\",\"@graph\":[{\"@type\":\"WebPage\",\"@id\":\"https:\/\/ww16.ce.gov.br\/detran\/acesso-a-informacao\/relacao-de-informacoes-sigilosas\/\",\"url\":\"https:\/\/ww16.ce.gov.br\/detran\/acesso-a-informacao\/relacao-de-informacoes-sigilosas\/\",\"name\":\"Rela\u00e7\u00e3o de Informa\u00e7\u00f5es Sigilosas - Departamento Estadual de Tr\u00e2nsito\",\"isPartOf\":{\"@id\":\"https:\/\/ww16.ce.gov.br\/detran\/#website\"},\"datePublished\":\"2026-03-05T18:29:29+00:00\",\"dateModified\":\"2026-03-05T18:53:19+00:00\",\"breadcrumb\":{\"@id\":\"https:\/\/ww16.ce.gov.br\/detran\/acesso-a-informacao\/relacao-de-informacoes-sigilosas\/#breadcrumb\"},\"inLanguage\":\"pt-BR\",\"potentialAction\":[{\"@type\":\"ReadAction\",\"target\":[\"https:\/\/ww16.ce.gov.br\/detran\/acesso-a-informacao\/relacao-de-informacoes-sigilosas\/\"]}]},{\"@type\":\"BreadcrumbList\",\"@id\":\"https:\/\/ww16.ce.gov.br\/detran\/acesso-a-informacao\/relacao-de-informacoes-sigilosas\/#breadcrumb\",\"itemListElement\":[{\"@type\":\"ListItem\",\"position\":1,\"name\":\"In\u00edcio\",\"item\":\"https:\/\/ww16.ce.gov.br\/detran\/\"},{\"@type\":\"ListItem\",\"position\":2,\"name\":\"Acesso \u00e0 Informa\u00e7\u00e3o\",\"item\":\"https:\/\/ww16.ce.gov.br\/detran\/acesso-a-informacao\/\"},{\"@type\":\"ListItem\",\"position\":3,\"name\":\"Rela\u00e7\u00e3o de Informa\u00e7\u00f5es Sigilosas\"}]},{\"@type\":\"WebSite\",\"@id\":\"https:\/\/ww16.ce.gov.br\/detran\/#website\",\"url\":\"https:\/\/ww16.ce.gov.br\/detran\/\",\"name\":\"Departamento Estadual de Tr\u00e2nsito\",\"description\":\"Modelo Padr\u00e3o do Estado\",\"potentialAction\":[{\"@type\":\"SearchAction\",\"target\":{\"@type\":\"EntryPoint\",\"urlTemplate\":\"https:\/\/ww16.ce.gov.br\/detran\/?s={search_term_string}\"},\"query-input\":{\"@type\":\"PropertyValueSpecification\",\"valueRequired\":true,\"valueName\":\"search_term_string\"}}],\"inLanguage\":\"pt-BR\"}]}<\/script>\n<!-- \/ Yoast SEO plugin. -->","yoast_head_json":{"title":"Rela\u00e7\u00e3o de Informa\u00e7\u00f5es Sigilosas - Departamento Estadual de Tr\u00e2nsito","robots":{"index":"noindex","follow":"follow","max-snippet":"max-snippet:-1","max-image-preview":"max-image-preview:large","max-video-preview":"max-video-preview:-1"},"og_locale":"pt_BR","og_type":"article","og_title":"Rela\u00e7\u00e3o de Informa\u00e7\u00f5es Sigilosas - Departamento Estadual de Tr\u00e2nsito","og_description":"O Comit\u00ea Gestor de Acesso \u00e0 Informa\u00e7\u00e3o apresenta o rol de documentos classificados com grau de sigilo e o rol de documentos desclassificados dos \u00f3rg\u00e3os e entidades do Poder Executivo Estadual. Informa\u00e7\u00f5es Classificadas e Desclassificadas AUTORIDADE CLASSIFICADORA: Comit\u00ea Gestor de Acesso \u00e0 Informa\u00e7\u00e3o \u2013 CGAI Relat\u00f3rio de Informa\u00e7\u00f5es Sigilosas de Todos os \u00d3rg\u00e3os&nbsp;\u2b08","og_url":"https:\/\/ww16.ce.gov.br\/detran\/acesso-a-informacao\/relacao-de-informacoes-sigilosas\/","og_site_name":"Departamento Estadual de Tr\u00e2nsito","article_modified_time":"2026-03-05T18:53:19+00:00","twitter_card":"summary_large_image","twitter_misc":{"Est. reading time":"1 minuto"},"schema":{"@context":"https:\/\/schema.org","@graph":[{"@type":"WebPage","@id":"https:\/\/ww16.ce.gov.br\/detran\/acesso-a-informacao\/relacao-de-informacoes-sigilosas\/","url":"https:\/\/ww16.ce.gov.br\/detran\/acesso-a-informacao\/relacao-de-informacoes-sigilosas\/","name":"Rela\u00e7\u00e3o de Informa\u00e7\u00f5es Sigilosas - Departamento Estadual de Tr\u00e2nsito","isPartOf":{"@id":"https:\/\/ww16.ce.gov.br\/detran\/#website"},"datePublished":"2026-03-05T18:29:29+00:00","dateModified":"2026-03-05T18:53:19+00:00","breadcrumb":{"@id":"https:\/\/ww16.ce.gov.br\/detran\/acesso-a-informacao\/relacao-de-informacoes-sigilosas\/#breadcrumb"},"inLanguage":"pt-BR","potentialAction":[{"@type":"ReadAction","target":["https:\/\/ww16.ce.gov.br\/detran\/acesso-a-informacao\/relacao-de-informacoes-sigilosas\/"]}]},{"@type":"BreadcrumbList","@id":"https:\/\/ww16.ce.gov.br\/detran\/acesso-a-informacao\/relacao-de-informacoes-sigilosas\/#breadcrumb","itemListElement":[{"@type":"ListItem","position":1,"name":"In\u00edcio","item":"https:\/\/ww16.ce.gov.br\/detran\/"},{"@type":"ListItem","position":2,"name":"Acesso \u00e0 Informa\u00e7\u00e3o","item":"https:\/\/ww16.ce.gov.br\/detran\/acesso-a-informacao\/"},{"@type":"ListItem","position":3,"name":"Rela\u00e7\u00e3o de Informa\u00e7\u00f5es Sigilosas"}]},{"@type":"WebSite","@id":"https:\/\/ww16.ce.gov.br\/detran\/#website","url":"https:\/\/ww16.ce.gov.br\/detran\/","name":"Departamento Estadual de Tr\u00e2nsito","description":"Modelo Padr\u00e3o do Estado","potentialAction":[{"@type":"SearchAction","target":{"@type":"EntryPoint","urlTemplate":"https:\/\/ww16.ce.gov.br\/detran\/?s={search_term_string}"},"query-input":{"@type":"PropertyValueSpecification","valueRequired":true,"valueName":"search_term_string"}}],"inLanguage":"pt-BR"}]}},"_links":{"self":[{"href":"https:\/\/ww16.ce.gov.br\/detran\/wp-json\/wp\/v2\/pages\/568","targetHints":{"allow":["GET"]}}],"collection":[{"href":"https:\/\/ww16.ce.gov.br\/detran\/wp-json\/wp\/v2\/pages"}],"about":[{"href":"https:\/\/ww16.ce.gov.br\/detran\/wp-json\/wp\/v2\/types\/page"}],"author":[{"embeddable":true,"href":"https:\/\/ww16.ce.gov.br\/detran\/wp-json\/wp\/v2\/users\/93"}],"replies":[{"embeddable":true,"href":"https:\/\/ww16.ce.gov.br\/detran\/wp-json\/wp\/v2\/comments?post=568"}],"version-history":[{"count":3,"href":"https:\/\/ww16.ce.gov.br\/detran\/wp-json\/wp\/v2\/pages\/568\/revisions"}],"predecessor-version":[{"id":579,"href":"https:\/\/ww16.ce.gov.br\/detran\/wp-json\/wp\/v2\/pages\/568\/revisions\/579"}],"up":[{"embeddable":true,"href":"https:\/\/ww16.ce.gov.br\/detran\/wp-json\/wp\/v2\/pages\/561"}],"wp:attachment":[{"href":"https:\/\/ww16.ce.gov.br\/detran\/wp-json\/wp\/v2\/media?parent=568"}],"curies":[{"name":"wp","href":"https:\/\/api.w.org\/{rel}","templated":true}]}}