{"id":561,"date":"2026-03-05T15:26:15","date_gmt":"2026-03-05T18:26:15","guid":{"rendered":"http:\/\/ww16.ce.gov.br\/detran\/?page_id=561"},"modified":"2026-03-05T15:49:35","modified_gmt":"2026-03-05T18:49:35","slug":"acesso-a-informacao","status":"publish","type":"page","link":"https:\/\/ww16.ce.gov.br\/detran\/acesso-a-informacao\/","title":{"rendered":"Acesso \u00e0 Informa\u00e7\u00e3o"},"content":{"rendered":"\n<figure class=\"wp-block-image size-full\"><img loading=\"lazy\" decoding=\"async\" width=\"800\" height=\"280\" src=\"https:\/\/ww16.ce.gov.br\/detran\/wp-content\/uploads\/sites\/91\/2026\/03\/image-7.png\" alt=\"\" class=\"wp-image-563\" srcset=\"https:\/\/ww16.ce.gov.br\/detran\/wp-content\/uploads\/sites\/91\/2026\/03\/image-7.png 800w, https:\/\/ww16.ce.gov.br\/detran\/wp-content\/uploads\/sites\/91\/2026\/03\/image-7-600x210.png 600w, https:\/\/ww16.ce.gov.br\/detran\/wp-content\/uploads\/sites\/91\/2026\/03\/image-7-768x269.png 768w\" sizes=\"auto, (max-width: 800px) 100vw, 800px\" \/><\/figure>\n\n\n\n<p>A Lei Estadual de Acesso \u00e0 Informa\u00e7\u00e3o, Lei n\u00ba 15.175\/2012, institui como princ\u00edpio fundamental que o acesso \u00e0 informa\u00e7\u00e3o p\u00fablica \u00e9 a regra e o sigilo a exce\u00e7\u00e3o. Sua san\u00e7\u00e3o representa mais um importante passo para a consolida\u00e7\u00e3o do regime democr\u00e1tico e para o fortalecimento das pol\u00edticas de transpar\u00eancia p\u00fablica. A legisla\u00e7\u00e3o estadual vem&nbsp;complementar, no \u00e2mbito do Cear\u00e1, a Lei Geral de Acesso \u00e0 Informa\u00e7\u00e3o, Lei n\u00ba 12.527\/2011.<\/p>\n\n\n\n<p>A mencionada Lei Estadual e o Decreto Estadual n\u00b0 31.199\/2013 determinam um rol m\u00ednimo de informa\u00e7\u00f5es que devem estar divulgadas proativamente (transpar\u00eancia ativa) nos s\u00edtios institucionais dos \u00f3rg\u00e3os e entidades. As informa\u00e7\u00f5es de interesse do cidad\u00e3o que n\u00e3o estejam dispon\u00edveis na forma ativa, podem ser solicitadas clicando no bot\u00e3o abaixo (Fa\u00e7a Seu Pedido).<\/p>\n\n\n\n<p><a href=\"https:\/\/belt.al.ce.gov.br\/index.php\/legislacao-do-ceara\/organizacao-tematica\/trabalho-administracao-e-servico-publico\/item\/1976-lei-n-15-175-de-28-06-12-d-o-11-07-12\">Conhe\u00e7a a \u00edntegra da Lei Estadual de Acesso \u00e0 Informa\u00e7\u00e3o \u2013 n\u00ba 15.175 \u2b08<\/a><br><a href=\"https:\/\/www.planalto.gov.br\/ccivil_03\/_ato2011-2014\/2011\/lei\/l12527.htm\">Conhe\u00e7a a \u00edntegra da lei federal \u2b08<\/a><br><a href=\"https:\/\/cearatransparente.ce.gov.br\/portal-da-transparencia\/servidores?locale=pt-BR&amp;__=__\">Acesse o Portal da Transpar\u00eancia \u2b08<\/a><br><a href=\"https:\/\/cearatransparente.ce.gov.br\/portal-da-transparencia\/ouvidoria?locale=pt-BR\">Contate a Ouvidoria \u2b08<\/a><\/p>\n\n\n\n<p><\/p>\n","protected":false},"excerpt":{"rendered":"<p>A Lei Estadual de Acesso \u00e0 Informa\u00e7\u00e3o, Lei n\u00ba 15.175\/2012, institui como princ\u00edpio fundamental que o acesso \u00e0 informa\u00e7\u00e3o p\u00fablica \u00e9 a regra e o sigilo a exce\u00e7\u00e3o. Sua san\u00e7\u00e3o representa mais um importante passo para a consolida\u00e7\u00e3o do regime democr\u00e1tico e para o fortalecimento das pol\u00edticas de transpar\u00eancia p\u00fablica. A legisla\u00e7\u00e3o estadual vem&nbsp;complementar, no [&hellip;]<\/p>\n","protected":false},"author":93,"featured_media":0,"parent":0,"menu_order":0,"comment_status":"closed","ping_status":"closed","template":"page-acesso-a-informacao.php","meta":{"_acf_changed":false,"inline_featured_image":false,"footnotes":""},"class_list":["post-561","page","type-page","status-publish","hentry"],"acf":[],"yoast_head":"<!-- This site is optimized with the Yoast SEO plugin v26.9 - https:\/\/yoast.com\/product\/yoast-seo-wordpress\/ -->\n<title>Acesso \u00e0 Informa\u00e7\u00e3o - Departamento Estadual de Tr\u00e2nsito<\/title>\n<meta name=\"robots\" content=\"noindex, follow, max-snippet:-1, max-image-preview:large, max-video-preview:-1\" \/>\n<meta property=\"og:locale\" content=\"pt_BR\" \/>\n<meta property=\"og:type\" content=\"article\" \/>\n<meta property=\"og:title\" content=\"Acesso \u00e0 Informa\u00e7\u00e3o - Departamento Estadual de Tr\u00e2nsito\" \/>\n<meta property=\"og:description\" content=\"A Lei Estadual de Acesso \u00e0 Informa\u00e7\u00e3o, Lei n\u00ba 15.175\/2012, institui como princ\u00edpio fundamental que o acesso \u00e0 informa\u00e7\u00e3o p\u00fablica \u00e9 a regra e o sigilo a exce\u00e7\u00e3o. Sua san\u00e7\u00e3o representa mais um importante passo para a consolida\u00e7\u00e3o do regime democr\u00e1tico e para o fortalecimento das pol\u00edticas de transpar\u00eancia p\u00fablica. A legisla\u00e7\u00e3o estadual vem&nbsp;complementar, no [&hellip;]\" \/>\n<meta property=\"og:url\" content=\"https:\/\/ww16.ce.gov.br\/detran\/acesso-a-informacao\/\" \/>\n<meta property=\"og:site_name\" content=\"Departamento Estadual de Tr\u00e2nsito\" \/>\n<meta property=\"article:modified_time\" content=\"2026-03-05T18:49:35+00:00\" \/>\n<meta property=\"og:image\" content=\"http:\/\/ww16.ce.gov.br\/detran\/wp-content\/uploads\/sites\/91\/2026\/03\/image-7.png\" \/>\n<meta name=\"twitter:card\" content=\"summary_large_image\" \/>\n<meta name=\"twitter:label1\" content=\"Est. reading time\" \/>\n\t<meta name=\"twitter:data1\" content=\"2 minutos\" \/>\n<script type=\"application\/ld+json\" class=\"yoast-schema-graph\">{\"@context\":\"https:\/\/schema.org\",\"@graph\":[{\"@type\":\"WebPage\",\"@id\":\"https:\/\/ww16.ce.gov.br\/detran\/acesso-a-informacao\/\",\"url\":\"https:\/\/ww16.ce.gov.br\/detran\/acesso-a-informacao\/\",\"name\":\"Acesso \u00e0 Informa\u00e7\u00e3o - Departamento Estadual de Tr\u00e2nsito\",\"isPartOf\":{\"@id\":\"https:\/\/ww16.ce.gov.br\/detran\/#website\"},\"primaryImageOfPage\":{\"@id\":\"https:\/\/ww16.ce.gov.br\/detran\/acesso-a-informacao\/#primaryimage\"},\"image\":{\"@id\":\"https:\/\/ww16.ce.gov.br\/detran\/acesso-a-informacao\/#primaryimage\"},\"thumbnailUrl\":\"http:\/\/ww16.ce.gov.br\/detran\/wp-content\/uploads\/sites\/91\/2026\/03\/image-7.png\",\"datePublished\":\"2026-03-05T18:26:15+00:00\",\"dateModified\":\"2026-03-05T18:49:35+00:00\",\"breadcrumb\":{\"@id\":\"https:\/\/ww16.ce.gov.br\/detran\/acesso-a-informacao\/#breadcrumb\"},\"inLanguage\":\"pt-BR\",\"potentialAction\":[{\"@type\":\"ReadAction\",\"target\":[\"https:\/\/ww16.ce.gov.br\/detran\/acesso-a-informacao\/\"]}]},{\"@type\":\"ImageObject\",\"inLanguage\":\"pt-BR\",\"@id\":\"https:\/\/ww16.ce.gov.br\/detran\/acesso-a-informacao\/#primaryimage\",\"url\":\"https:\/\/ww16.ce.gov.br\/detran\/wp-content\/uploads\/sites\/91\/2026\/03\/image-7.png\",\"contentUrl\":\"https:\/\/ww16.ce.gov.br\/detran\/wp-content\/uploads\/sites\/91\/2026\/03\/image-7.png\",\"width\":800,\"height\":280},{\"@type\":\"BreadcrumbList\",\"@id\":\"https:\/\/ww16.ce.gov.br\/detran\/acesso-a-informacao\/#breadcrumb\",\"itemListElement\":[{\"@type\":\"ListItem\",\"position\":1,\"name\":\"In\u00edcio\",\"item\":\"https:\/\/ww16.ce.gov.br\/detran\/\"},{\"@type\":\"ListItem\",\"position\":2,\"name\":\"Acesso \u00e0 Informa\u00e7\u00e3o\"}]},{\"@type\":\"WebSite\",\"@id\":\"https:\/\/ww16.ce.gov.br\/detran\/#website\",\"url\":\"https:\/\/ww16.ce.gov.br\/detran\/\",\"name\":\"Departamento Estadual de Tr\u00e2nsito\",\"description\":\"Modelo Padr\u00e3o do Estado\",\"potentialAction\":[{\"@type\":\"SearchAction\",\"target\":{\"@type\":\"EntryPoint\",\"urlTemplate\":\"https:\/\/ww16.ce.gov.br\/detran\/?s={search_term_string}\"},\"query-input\":{\"@type\":\"PropertyValueSpecification\",\"valueRequired\":true,\"valueName\":\"search_term_string\"}}],\"inLanguage\":\"pt-BR\"}]}<\/script>\n<!-- \/ Yoast SEO plugin. -->","yoast_head_json":{"title":"Acesso \u00e0 Informa\u00e7\u00e3o - Departamento Estadual de Tr\u00e2nsito","robots":{"index":"noindex","follow":"follow","max-snippet":"max-snippet:-1","max-image-preview":"max-image-preview:large","max-video-preview":"max-video-preview:-1"},"og_locale":"pt_BR","og_type":"article","og_title":"Acesso \u00e0 Informa\u00e7\u00e3o - Departamento Estadual de Tr\u00e2nsito","og_description":"A Lei Estadual de Acesso \u00e0 Informa\u00e7\u00e3o, Lei n\u00ba 15.175\/2012, institui como princ\u00edpio fundamental que o acesso \u00e0 informa\u00e7\u00e3o p\u00fablica \u00e9 a regra e o sigilo a exce\u00e7\u00e3o. Sua san\u00e7\u00e3o representa mais um importante passo para a consolida\u00e7\u00e3o do regime democr\u00e1tico e para o fortalecimento das pol\u00edticas de transpar\u00eancia p\u00fablica. A legisla\u00e7\u00e3o estadual vem&nbsp;complementar, no [&hellip;]","og_url":"https:\/\/ww16.ce.gov.br\/detran\/acesso-a-informacao\/","og_site_name":"Departamento Estadual de Tr\u00e2nsito","article_modified_time":"2026-03-05T18:49:35+00:00","og_image":[{"url":"http:\/\/ww16.ce.gov.br\/detran\/wp-content\/uploads\/sites\/91\/2026\/03\/image-7.png","type":"","width":"","height":""}],"twitter_card":"summary_large_image","twitter_misc":{"Est. reading time":"2 minutos"},"schema":{"@context":"https:\/\/schema.org","@graph":[{"@type":"WebPage","@id":"https:\/\/ww16.ce.gov.br\/detran\/acesso-a-informacao\/","url":"https:\/\/ww16.ce.gov.br\/detran\/acesso-a-informacao\/","name":"Acesso \u00e0 Informa\u00e7\u00e3o - Departamento Estadual de Tr\u00e2nsito","isPartOf":{"@id":"https:\/\/ww16.ce.gov.br\/detran\/#website"},"primaryImageOfPage":{"@id":"https:\/\/ww16.ce.gov.br\/detran\/acesso-a-informacao\/#primaryimage"},"image":{"@id":"https:\/\/ww16.ce.gov.br\/detran\/acesso-a-informacao\/#primaryimage"},"thumbnailUrl":"http:\/\/ww16.ce.gov.br\/detran\/wp-content\/uploads\/sites\/91\/2026\/03\/image-7.png","datePublished":"2026-03-05T18:26:15+00:00","dateModified":"2026-03-05T18:49:35+00:00","breadcrumb":{"@id":"https:\/\/ww16.ce.gov.br\/detran\/acesso-a-informacao\/#breadcrumb"},"inLanguage":"pt-BR","potentialAction":[{"@type":"ReadAction","target":["https:\/\/ww16.ce.gov.br\/detran\/acesso-a-informacao\/"]}]},{"@type":"ImageObject","inLanguage":"pt-BR","@id":"https:\/\/ww16.ce.gov.br\/detran\/acesso-a-informacao\/#primaryimage","url":"https:\/\/ww16.ce.gov.br\/detran\/wp-content\/uploads\/sites\/91\/2026\/03\/image-7.png","contentUrl":"https:\/\/ww16.ce.gov.br\/detran\/wp-content\/uploads\/sites\/91\/2026\/03\/image-7.png","width":800,"height":280},{"@type":"BreadcrumbList","@id":"https:\/\/ww16.ce.gov.br\/detran\/acesso-a-informacao\/#breadcrumb","itemListElement":[{"@type":"ListItem","position":1,"name":"In\u00edcio","item":"https:\/\/ww16.ce.gov.br\/detran\/"},{"@type":"ListItem","position":2,"name":"Acesso \u00e0 Informa\u00e7\u00e3o"}]},{"@type":"WebSite","@id":"https:\/\/ww16.ce.gov.br\/detran\/#website","url":"https:\/\/ww16.ce.gov.br\/detran\/","name":"Departamento Estadual de Tr\u00e2nsito","description":"Modelo Padr\u00e3o do Estado","potentialAction":[{"@type":"SearchAction","target":{"@type":"EntryPoint","urlTemplate":"https:\/\/ww16.ce.gov.br\/detran\/?s={search_term_string}"},"query-input":{"@type":"PropertyValueSpecification","valueRequired":true,"valueName":"search_term_string"}}],"inLanguage":"pt-BR"}]}},"_links":{"self":[{"href":"https:\/\/ww16.ce.gov.br\/detran\/wp-json\/wp\/v2\/pages\/561","targetHints":{"allow":["GET"]}}],"collection":[{"href":"https:\/\/ww16.ce.gov.br\/detran\/wp-json\/wp\/v2\/pages"}],"about":[{"href":"https:\/\/ww16.ce.gov.br\/detran\/wp-json\/wp\/v2\/types\/page"}],"author":[{"embeddable":true,"href":"https:\/\/ww16.ce.gov.br\/detran\/wp-json\/wp\/v2\/users\/93"}],"replies":[{"embeddable":true,"href":"https:\/\/ww16.ce.gov.br\/detran\/wp-json\/wp\/v2\/comments?post=561"}],"version-history":[{"count":2,"href":"https:\/\/ww16.ce.gov.br\/detran\/wp-json\/wp\/v2\/pages\/561\/revisions"}],"predecessor-version":[{"id":578,"href":"https:\/\/ww16.ce.gov.br\/detran\/wp-json\/wp\/v2\/pages\/561\/revisions\/578"}],"wp:attachment":[{"href":"https:\/\/ww16.ce.gov.br\/detran\/wp-json\/wp\/v2\/media?parent=561"}],"curies":[{"name":"wp","href":"https:\/\/api.w.org\/{rel}","templated":true}]}}