{"id":28,"date":"2017-11-20T12:57:39","date_gmt":"2017-11-20T14:57:39","guid":{"rendered":"http:\/\/www.fecop.seplag.ce.gov.br\/?page_id=28"},"modified":"2017-11-21T16:53:09","modified_gmt":"2017-11-21T18:53:09","slug":"ultimas-noticias","status":"publish","type":"page","link":"https:\/\/ww16.ce.gov.br\/detran\/imprensa\/ultimas-noticias\/","title":{"rendered":"\u00daltimas Not\u00edcias"},"content":{"rendered":"\n<div class=\"ListagemManchetes row \">\n\n\n    <div class=\"  dt-8  \">\n\n        <div class=\"separador\">\n\n            \n        <\/div>\n\n            \n                    <div class=\"UltimasNoticias\">\n\n                                                    <h2 class=\"-SmallTitle\"> \u00daltimas Not\u00edcias <\/h2>\n                        \n                        <div class=\"SliderManchetes\">\n                            \n                                <figure class=\"frame\">\n                                    <img decoding=\"async\" src=\"https:\/\/ww16.ce.gov.br\/detran\/wp-content\/uploads\/sites\/91\/2017\/11\/exemplo-imagem-manchete-1.jpg\" class=\"attachment-medio size-medio\" alt=\"Uma not\u00edcia para testar as manchetes\" \/>                                    <figcaption>\n                                                                                    <a href=\"https:\/\/ww16.ce.gov.br\/detran\/categoria\/comunicado-oficial\/\" class=\"categoria\">COMUNICADO OFICIAL<\/a>\n                                                                                <a href=\"\/2017\/11\/20\/uma-noticia-para-testar-as-manchetes\/\">\n                                            <h3 class=\"-bold\">Uma not\u00edcia para testar as manchetes<\/h3>\n                                        <\/a>\n\n                                        <div class=\"actions\">\n                                                                                                                                <\/div>\n                                    <\/figcaption>\n                                <\/figure>\n\n                                                    <\/div>\n\n                    <\/div>\n\n            \n\n\n    <\/div>\n\n    <div class=\"Side dt-4\">\n                                                        <div class=\"Card  Calendario  BgVerde  row\">\n        \n                        <div class=\"mp-9\">\n                            <h2>AGENDA DX XXXX XXXXXXXXXXX<\/h2>\n                            <p>Xxxxx Xxxxxxxxx<\/p>\n                            <h3> <b>14<\/b> MAIO <\/h3>\n                        <\/div>\n                        <div class=\"mp-3  -right\">\n        \n                            <i class=\"icone  calendar \"><\/i>\n                            <a href=\"\"> + Veja mais <\/a>\n        \n                        <\/div>\n        \n                    <\/div>\n                                        \n\n        <div class=\"destacado\">\n                    <a class=\"categoria\" href=\"https:\/\/ww16.ce.gov.br\/detran\/categoria\/sem-categoria\/\">Sem categoria<\/a>\n                <a href=\"https:\/\/ww16.ce.gov.br\/detran\/2026\/05\/05\/detran-ce-atende-candidatos-da-cnh-popular-em-quatro-municipios-nos-dias-2-e-3-de-maio\/\">\n                        <h2 class=\"-bold\">Detran-CE atende candidatos da CNH Popular em quatro munic\u00edpios nos dias 2 e 3 de maio<\/h2>\n                    <\/a>\n    <\/div><hr \/>\n    \n\n        <div class=\"destacado\">\n                    <a class=\"categoria\" href=\"https:\/\/ww16.ce.gov.br\/detran\/categoria\/sem-categoria\/\">Sem categoria<\/a>\n                <a href=\"https:\/\/ww16.ce.gov.br\/detran\/2026\/05\/05\/detran-ce-inaugura-novo-posto-de-atendimento-ao-publico-em-frecheirinha\/\">\n                            <h3>Detran-CE inaugura novo posto de atendimento ao p\u00fablico em Frecheirinha<\/h3>\n                    <\/a>\n    <\/div><hr \/>\n    \n        \n    <\/div>\n\n<\/div>\n\n<span id=\"destaques\" class=\"ancora-vazia\"><\/span>\n<p>&nbsp;<\/p>\n","protected":false},"excerpt":{"rendered":"<p>&nbsp;<\/p>\n","protected":false},"author":38,"featured_media":0,"parent":121,"menu_order":0,"comment_status":"closed","ping_status":"closed","template":"","meta":{"_acf_changed":false,"inline_featured_image":false,"footnotes":""},"class_list":["post-28","page","type-page","status-publish","hentry"],"acf":[],"yoast_head":"<!-- This site is optimized with the Yoast SEO plugin v26.9 - https:\/\/yoast.com\/product\/yoast-seo-wordpress\/ -->\n<title>\u00daltimas Not\u00edcias - Departamento Estadual de Tr\u00e2nsito<\/title>\n<meta name=\"robots\" content=\"noindex, follow, max-snippet:-1, max-image-preview:large, max-video-preview:-1\" \/>\n<meta property=\"og:locale\" content=\"pt_BR\" \/>\n<meta property=\"og:type\" content=\"article\" \/>\n<meta property=\"og:title\" content=\"\u00daltimas Not\u00edcias - Departamento Estadual de Tr\u00e2nsito\" \/>\n<meta property=\"og:description\" content=\"&nbsp;\" \/>\n<meta property=\"og:url\" content=\"https:\/\/ww16.ce.gov.br\/detran\/imprensa\/ultimas-noticias\/\" \/>\n<meta property=\"og:site_name\" content=\"Departamento Estadual de Tr\u00e2nsito\" \/>\n<meta property=\"article:modified_time\" content=\"2017-11-21T18:53:09+00:00\" \/>\n<meta name=\"twitter:card\" content=\"summary_large_image\" \/>\n<script type=\"application\/ld+json\" class=\"yoast-schema-graph\">{\"@context\":\"https:\/\/schema.org\",\"@graph\":[{\"@type\":\"WebPage\",\"@id\":\"https:\/\/ww16.ce.gov.br\/detran\/imprensa\/ultimas-noticias\/\",\"url\":\"https:\/\/ww16.ce.gov.br\/detran\/imprensa\/ultimas-noticias\/\",\"name\":\"\u00daltimas Not\u00edcias - Departamento Estadual de Tr\u00e2nsito\",\"isPartOf\":{\"@id\":\"https:\/\/ww16.ce.gov.br\/detran\/#website\"},\"datePublished\":\"2017-11-20T14:57:39+00:00\",\"dateModified\":\"2017-11-21T18:53:09+00:00\",\"breadcrumb\":{\"@id\":\"https:\/\/ww16.ce.gov.br\/detran\/imprensa\/ultimas-noticias\/#breadcrumb\"},\"inLanguage\":\"pt-BR\",\"potentialAction\":[{\"@type\":\"ReadAction\",\"target\":[\"https:\/\/ww16.ce.gov.br\/detran\/imprensa\/ultimas-noticias\/\"]}]},{\"@type\":\"BreadcrumbList\",\"@id\":\"https:\/\/ww16.ce.gov.br\/detran\/imprensa\/ultimas-noticias\/#breadcrumb\",\"itemListElement\":[{\"@type\":\"ListItem\",\"position\":1,\"name\":\"In\u00edcio\",\"item\":\"https:\/\/ww16.ce.gov.br\/detran\/\"},{\"@type\":\"ListItem\",\"position\":2,\"name\":\"Pagina Inicial\",\"item\":\"https:\/\/ww16.ce.gov.br\/detran\/\"},{\"@type\":\"ListItem\",\"position\":3,\"name\":\"\u00daltimas Not\u00edcias\"}]},{\"@type\":\"WebSite\",\"@id\":\"https:\/\/ww16.ce.gov.br\/detran\/#website\",\"url\":\"https:\/\/ww16.ce.gov.br\/detran\/\",\"name\":\"Departamento Estadual de Tr\u00e2nsito\",\"description\":\"Modelo Padr\u00e3o do Estado\",\"potentialAction\":[{\"@type\":\"SearchAction\",\"target\":{\"@type\":\"EntryPoint\",\"urlTemplate\":\"https:\/\/ww16.ce.gov.br\/detran\/?s={search_term_string}\"},\"query-input\":{\"@type\":\"PropertyValueSpecification\",\"valueRequired\":true,\"valueName\":\"search_term_string\"}}],\"inLanguage\":\"pt-BR\"}]}<\/script>\n<!-- \/ Yoast SEO plugin. -->","yoast_head_json":{"title":"\u00daltimas Not\u00edcias - Departamento Estadual de Tr\u00e2nsito","robots":{"index":"noindex","follow":"follow","max-snippet":"max-snippet:-1","max-image-preview":"max-image-preview:large","max-video-preview":"max-video-preview:-1"},"og_locale":"pt_BR","og_type":"article","og_title":"\u00daltimas Not\u00edcias - Departamento Estadual de Tr\u00e2nsito","og_description":"&nbsp;","og_url":"https:\/\/ww16.ce.gov.br\/detran\/imprensa\/ultimas-noticias\/","og_site_name":"Departamento Estadual de Tr\u00e2nsito","article_modified_time":"2017-11-21T18:53:09+00:00","twitter_card":"summary_large_image","schema":{"@context":"https:\/\/schema.org","@graph":[{"@type":"WebPage","@id":"https:\/\/ww16.ce.gov.br\/detran\/imprensa\/ultimas-noticias\/","url":"https:\/\/ww16.ce.gov.br\/detran\/imprensa\/ultimas-noticias\/","name":"\u00daltimas Not\u00edcias - Departamento Estadual de Tr\u00e2nsito","isPartOf":{"@id":"https:\/\/ww16.ce.gov.br\/detran\/#website"},"datePublished":"2017-11-20T14:57:39+00:00","dateModified":"2017-11-21T18:53:09+00:00","breadcrumb":{"@id":"https:\/\/ww16.ce.gov.br\/detran\/imprensa\/ultimas-noticias\/#breadcrumb"},"inLanguage":"pt-BR","potentialAction":[{"@type":"ReadAction","target":["https:\/\/ww16.ce.gov.br\/detran\/imprensa\/ultimas-noticias\/"]}]},{"@type":"BreadcrumbList","@id":"https:\/\/ww16.ce.gov.br\/detran\/imprensa\/ultimas-noticias\/#breadcrumb","itemListElement":[{"@type":"ListItem","position":1,"name":"In\u00edcio","item":"https:\/\/ww16.ce.gov.br\/detran\/"},{"@type":"ListItem","position":2,"name":"Pagina Inicial","item":"https:\/\/ww16.ce.gov.br\/detran\/"},{"@type":"ListItem","position":3,"name":"\u00daltimas Not\u00edcias"}]},{"@type":"WebSite","@id":"https:\/\/ww16.ce.gov.br\/detran\/#website","url":"https:\/\/ww16.ce.gov.br\/detran\/","name":"Departamento Estadual de Tr\u00e2nsito","description":"Modelo Padr\u00e3o do Estado","potentialAction":[{"@type":"SearchAction","target":{"@type":"EntryPoint","urlTemplate":"https:\/\/ww16.ce.gov.br\/detran\/?s={search_term_string}"},"query-input":{"@type":"PropertyValueSpecification","valueRequired":true,"valueName":"search_term_string"}}],"inLanguage":"pt-BR"}]}},"_links":{"self":[{"href":"https:\/\/ww16.ce.gov.br\/detran\/wp-json\/wp\/v2\/pages\/28","targetHints":{"allow":["GET"]}}],"collection":[{"href":"https:\/\/ww16.ce.gov.br\/detran\/wp-json\/wp\/v2\/pages"}],"about":[{"href":"https:\/\/ww16.ce.gov.br\/detran\/wp-json\/wp\/v2\/types\/page"}],"author":[{"embeddable":true,"href":"https:\/\/ww16.ce.gov.br\/detran\/wp-json\/wp\/v2\/users\/38"}],"replies":[{"embeddable":true,"href":"https:\/\/ww16.ce.gov.br\/detran\/wp-json\/wp\/v2\/comments?post=28"}],"version-history":[{"count":5,"href":"https:\/\/ww16.ce.gov.br\/detran\/wp-json\/wp\/v2\/pages\/28\/revisions"}],"predecessor-version":[{"id":142,"href":"https:\/\/ww16.ce.gov.br\/detran\/wp-json\/wp\/v2\/pages\/28\/revisions\/142"}],"up":[{"embeddable":true,"href":"https:\/\/ww16.ce.gov.br\/detran\/wp-json\/wp\/v2\/pages\/121"}],"wp:attachment":[{"href":"https:\/\/ww16.ce.gov.br\/detran\/wp-json\/wp\/v2\/media?parent=28"}],"curies":[{"name":"wp","href":"https:\/\/api.w.org\/{rel}","templated":true}]}}