{"id":71,"date":"2017-11-21T10:11:14","date_gmt":"2017-11-21T13:11:14","guid":{"rendered":"http:\/\/www.ceara.gov.br\/crede17\/?page_id=71"},"modified":"2023-04-05T08:21:38","modified_gmt":"2023-04-05T11:21:38","slug":"quem-e-quem","status":"publish","type":"page","link":"https:\/\/ww16.ce.gov.br\/crede17-seduc\/quem-e-quem\/","title":{"rendered":"Quem \u00e9 quem"},"content":{"rendered":"<p>&nbsp;<\/p>\n    \n        <div id=\"destaque1\" class=\"descricaoPessoal\">\n            <figure>\n                <img decoding=\"async\" src=\"https:\/\/ww16.ce.gov.br\/crede17-seduc\/wp-content\/uploads\/sites\/111\/2021\/09\/elival.jpg\" class=\"attachment-large size-large\" alt=\"\" srcset=\"https:\/\/ww16.ce.gov.br\/crede17-seduc\/wp-content\/uploads\/sites\/111\/2021\/09\/elival.jpg 1192w, https:\/\/ww16.ce.gov.br\/crede17-seduc\/wp-content\/uploads\/sites\/111\/2021\/09\/elival-600x805.jpg 600w, https:\/\/ww16.ce.gov.br\/crede17-seduc\/wp-content\/uploads\/sites\/111\/2021\/09\/elival-768x1031.jpg 768w, https:\/\/ww16.ce.gov.br\/crede17-seduc\/wp-content\/uploads\/sites\/111\/2021\/09\/elival-1144x1536.jpg 1144w\" sizes=\"(max-width: 343px) 100vw, 343px\" \/>                <figcaption>\n                    <ul>    \n                              \n                            <li>\n                                <a href=\"https:\/\/www.facebook.com\/elival.pereira\">\n                                    <img decoding=\"async\" src=\"https:\/\/ww16.ce.gov.br\/crede17-seduc\/wp-content\/themes\/cegovbr\/assets\/images\/redesSociais\/facebook.png\" alt=\"Facebook\">\n                                <\/a>\n                            <\/li> \n                           \n                              \n                            <li>\n                                <a href=\"https:\/\/www.instagram.com\/prof.elival_p\/\">\n                                    <img decoding=\"async\" src=\"https:\/\/ww16.ce.gov.br\/crede17-seduc\/wp-content\/themes\/cegovbr\/assets\/images\/redesSociais\/instagram.png\" alt=\"Instagram\">\n                                <\/a>\n                            <\/li> \n                         \n                         \n                         \n                              \n                            <li>\n                                <a href=\"mailto:elival.pereira@crede17.seduc.ce.gov.br\">\n                                    <img decoding=\"async\" src=\"https:\/\/ww16.ce.gov.br\/crede17-seduc\/wp-content\/themes\/cegovbr\/assets\/images\/redesSociais\/email.png\" alt=\"E-mail\">\n                                <\/a>\n                            <\/li> \n                             \n                    <\/ul>\n                <\/figcaption>\n            <\/figure>\n            <div class=\"info\"> \n                <h4>Coordenador da CREDE17 - Ic\u00f3<\/h4>           \n                <h2>Ant\u00f4nio Elival Pereira<\/h2>           \n                <p style=\"text-align: justify\">Mestre em Gest\u00e3o e Avalia\u00e7\u00e3o da Educa\u00e7\u00e3o P\u00fablica pela UFJF\/CAEd (2013). Especialista em Gest\u00e3o Escolar pela Universidade Federal de Juiz de Fora (UFJF) e em Lingu\u00edstica pela Universidade Regional do Cariri (URCA). Possui gradua\u00e7\u00e3o em LETRAS pela Universidade Estadual do Cear\u00e1 (2000) . Experi\u00eancia em gest\u00e3o escolar na fun\u00e7\u00e3o de diretor da Escola Estadual de Educa\u00e7\u00e3o Profissional Am\u00e9lia Figueiredo de Lavor, em Iguatu-CE, e da Escola Estadual de Educa\u00e7\u00e3o Profissional Rita Matos Luna, em Juc\u00e1s-CE. Assistente de Coordena\u00e7\u00e3o Pedag\u00f3gica do Programa C\u00edrculos de Leitura, do Instituto Fernand Braudel de Economia Mundial, em S\u00e3o Paulo. Tem experi\u00eancia no magist\u00e9rio na \u00e1rea de Letras, com \u00eanfase em L\u00edngua Portuguesa, atuando principalmente nos seguintes temas: escrita, leitura, metodologias, projeto, gest\u00e3o e g\u00eaneros textuais. Na gest\u00e3o escolar s\u00e3o 14 anos, sendo 2 deles em Coordena\u00e7\u00e3o Pedag\u00f3gica, 5 em Dire\u00e7\u00e3o Escolar e 7 em Orienta\u00e7\u00e3o da CEDEA.<\/p>\n      \n            <\/div>\n        <\/div>\n    \n                <h3 id=\"secretarios\" class=\"titulo\">Orientadores de C\u00e9lula<\/h3>\n                        <div class=\"listagem-servidores\">\n                <div class=\"grid-servidores\">\n                                            <div class=\"item\">\n                            <figure>\n                                                                    <div class=\"mascara-img\">\n                                        <img decoding=\"async\" src=\"https:\/\/ww16.ce.gov.br\/crede17-seduc\/wp-content\/uploads\/sites\/111\/2023\/05\/conceicao.jpg\" class=\"attachment-large size-large\" alt=\"\" srcset=\"https:\/\/ww16.ce.gov.br\/crede17-seduc\/wp-content\/uploads\/sites\/111\/2023\/05\/conceicao.jpg 640w, https:\/\/ww16.ce.gov.br\/crede17-seduc\/wp-content\/uploads\/sites\/111\/2023\/05\/conceicao-600x600.jpg 600w\" sizes=\"(max-width: 460px) 100vw, 460px\" \/>                                    <\/div>\n                                                                <figcaption>\n                                    <h4>Maria da Concei\u00e7\u00e3o Pereira<\/h4>\n                                    <p>Orientadora da CEDEA<\/p>\n                                                                            <a href=\"https:\/\/www.facebook.com\/mariadaconceicao.conceicao.509\">\n                                            <img decoding=\"async\" src=\"https:\/\/ww16.ce.gov.br\/crede17-seduc\/wp-content\/themes\/cegovbr\/assets\/images\/redesSociais\/facebook-grey.png\" alt=\"Facebook\" \/>\n                                        <\/a>\n                                                                                                                <a href=\"https:\/\/www.instagram.com\/mariaceicao_\">\n                                            <img decoding=\"async\" src=\"https:\/\/ww16.ce.gov.br\/crede17-seduc\/wp-content\/themes\/cegovbr\/assets\/images\/redesSociais\/instagram-grey.png\" alt=\"Instagram\" \/>\n                                        <\/a>\n                                                                                                                                                                                        <a href=\"mailto:conceicao.pereira@crede17.seduc.ce.gov.br\">\n                                            <img decoding=\"async\" src=\"https:\/\/ww16.ce.gov.br\/crede17-seduc\/wp-content\/themes\/cegovbr\/assets\/images\/redesSociais\/email-grey.png\" alt=\"E-mail\" \/>\n                                        <\/a>\n                                                                    <\/figcaption>\n                            <\/figure>\n                        <\/div>\n                                            <div class=\"item\">\n                            <figure>\n                                                                    <div class=\"mascara-img\">\n                                        <img decoding=\"async\" src=\"https:\/\/ww16.ce.gov.br\/crede17-seduc\/wp-content\/uploads\/sites\/111\/2023\/05\/antonio-jose.jpg\" class=\"attachment-large size-large\" alt=\"\" \/>                                    <\/div>\n                                                                <figcaption>\n                                    <h4>Ant\u00f4nio Jos\u00e9 Lima Pereira<\/h4>\n                                    <p>Orientador da CEGAF<\/p>\n                                                                            <a href=\"https:\/\/www.facebook.com\/antonio.lima.5220\">\n                                            <img decoding=\"async\" src=\"https:\/\/ww16.ce.gov.br\/crede17-seduc\/wp-content\/themes\/cegovbr\/assets\/images\/redesSociais\/facebook-grey.png\" alt=\"Facebook\" \/>\n                                        <\/a>\n                                                                                                                <a href=\"https:\/\/www.instagram.com\/antonio.lima.5220\">\n                                            <img decoding=\"async\" src=\"https:\/\/ww16.ce.gov.br\/crede17-seduc\/wp-content\/themes\/cegovbr\/assets\/images\/redesSociais\/instagram-grey.png\" alt=\"Instagram\" \/>\n                                        <\/a>\n                                                                                                                                                                                        <a href=\"mailto:jose.pereira@crede17.seduc.ce.gov.br\">\n                                            <img decoding=\"async\" src=\"https:\/\/ww16.ce.gov.br\/crede17-seduc\/wp-content\/themes\/cegovbr\/assets\/images\/redesSociais\/email-grey.png\" alt=\"E-mail\" \/>\n                                        <\/a>\n                                                                    <\/figcaption>\n                            <\/figure>\n                        <\/div>\n                                            <div class=\"item\">\n                            <figure>\n                                                                    <div class=\"mascara-img\">\n                                        <img decoding=\"async\" src=\"https:\/\/ww16.ce.gov.br\/crede17-seduc\/wp-content\/uploads\/sites\/111\/2021\/09\/Jean-Lucas.jpg\" class=\"attachment-large size-large\" alt=\"\" \/>                                    <\/div>\n                                                                <figcaption>\n                                    <h4>Ant\u00f4nio Jean Lucas Pereira<\/h4>\n                                    <p>ORIENTADOR DA CECOM<\/p>\n                                                                            <a href=\"https:\/\/www.facebook.com\/jeanbioman\">\n                                            <img decoding=\"async\" src=\"https:\/\/ww16.ce.gov.br\/crede17-seduc\/wp-content\/themes\/cegovbr\/assets\/images\/redesSociais\/facebook-grey.png\" alt=\"Facebook\" \/>\n                                        <\/a>\n                                                                                                                <a href=\"https:\/\/www.instagram.com\/prof.jean_lucas\/\">\n                                            <img decoding=\"async\" src=\"https:\/\/ww16.ce.gov.br\/crede17-seduc\/wp-content\/themes\/cegovbr\/assets\/images\/redesSociais\/instagram-grey.png\" alt=\"Instagram\" \/>\n                                        <\/a>\n                                                                                                                                                                                        <a href=\"mailto:jean.lucas@crede17.seduc.ce.gov.br\">\n                                            <img decoding=\"async\" src=\"https:\/\/ww16.ce.gov.br\/crede17-seduc\/wp-content\/themes\/cegovbr\/assets\/images\/redesSociais\/email-grey.png\" alt=\"E-mail\" \/>\n                                        <\/a>\n                                                                    <\/figcaption>\n                            <\/figure>\n                        <\/div>\n                                    <\/div>\n                            <\/div>\n        \n","protected":false},"excerpt":{"rendered":"<p>&nbsp;<\/p>\n","protected":false},"author":38,"featured_media":0,"parent":0,"menu_order":0,"comment_status":"closed","ping_status":"closed","template":"pagina-lista-filhas.php","meta":{"_acf_changed":false,"inline_featured_image":false,"footnotes":""},"class_list":["post-71","page","type-page","status-publish","hentry"],"acf":[],"yoast_head":"<!-- This site is optimized with the Yoast SEO plugin v26.9 - https:\/\/yoast.com\/product\/yoast-seo-wordpress\/ -->\n<title>Quem \u00e9 quem - CREDE17-SEDUC<\/title>\n<meta name=\"robots\" content=\"index, follow, max-snippet:-1, max-image-preview:large, max-video-preview:-1\" \/>\n<link rel=\"canonical\" href=\"https:\/\/ww16.ce.gov.br\/crede17-seduc\/quem-e-quem\/\" \/>\n<meta property=\"og:locale\" content=\"pt_BR\" \/>\n<meta property=\"og:type\" content=\"article\" \/>\n<meta property=\"og:title\" content=\"Quem \u00e9 quem - CREDE17-SEDUC\" \/>\n<meta property=\"og:description\" content=\"&nbsp;\" \/>\n<meta property=\"og:url\" content=\"https:\/\/ww16.ce.gov.br\/crede17-seduc\/quem-e-quem\/\" \/>\n<meta property=\"og:site_name\" content=\"CREDE17-SEDUC\" \/>\n<meta property=\"article:modified_time\" content=\"2023-04-05T11:21:38+00:00\" \/>\n<meta name=\"twitter:card\" content=\"summary_large_image\" \/>\n<meta name=\"twitter:label1\" content=\"Est. reading time\" \/>\n\t<meta name=\"twitter:data1\" content=\"1 minuto\" \/>\n<script type=\"application\/ld+json\" class=\"yoast-schema-graph\">{\"@context\":\"https:\/\/schema.org\",\"@graph\":[{\"@type\":\"WebPage\",\"@id\":\"https:\/\/ww16.ce.gov.br\/crede17-seduc\/quem-e-quem\/\",\"url\":\"https:\/\/ww16.ce.gov.br\/crede17-seduc\/quem-e-quem\/\",\"name\":\"Quem \u00e9 quem - CREDE17-SEDUC\",\"isPartOf\":{\"@id\":\"https:\/\/ww16.ce.gov.br\/crede17-seduc\/#website\"},\"datePublished\":\"2017-11-21T13:11:14+00:00\",\"dateModified\":\"2023-04-05T11:21:38+00:00\",\"breadcrumb\":{\"@id\":\"https:\/\/ww16.ce.gov.br\/crede17-seduc\/quem-e-quem\/#breadcrumb\"},\"inLanguage\":\"pt-BR\",\"potentialAction\":[{\"@type\":\"ReadAction\",\"target\":[\"https:\/\/ww16.ce.gov.br\/crede17-seduc\/quem-e-quem\/\"]}]},{\"@type\":\"BreadcrumbList\",\"@id\":\"https:\/\/ww16.ce.gov.br\/crede17-seduc\/quem-e-quem\/#breadcrumb\",\"itemListElement\":[{\"@type\":\"ListItem\",\"position\":1,\"name\":\"In\u00edcio\",\"item\":\"https:\/\/ww16.ce.gov.br\/crede17-seduc\/\"},{\"@type\":\"ListItem\",\"position\":2,\"name\":\"Quem \u00e9 quem\"}]},{\"@type\":\"WebSite\",\"@id\":\"https:\/\/ww16.ce.gov.br\/crede17-seduc\/#website\",\"url\":\"https:\/\/ww16.ce.gov.br\/crede17-seduc\/\",\"name\":\"CREDE17-SEDUC\",\"description\":\"Portal CREDE17-SEDUC\",\"potentialAction\":[{\"@type\":\"SearchAction\",\"target\":{\"@type\":\"EntryPoint\",\"urlTemplate\":\"https:\/\/ww16.ce.gov.br\/crede17-seduc\/?s={search_term_string}\"},\"query-input\":{\"@type\":\"PropertyValueSpecification\",\"valueRequired\":true,\"valueName\":\"search_term_string\"}}],\"inLanguage\":\"pt-BR\"}]}<\/script>\n<!-- \/ Yoast SEO plugin. -->","yoast_head_json":{"title":"Quem \u00e9 quem - CREDE17-SEDUC","robots":{"index":"index","follow":"follow","max-snippet":"max-snippet:-1","max-image-preview":"max-image-preview:large","max-video-preview":"max-video-preview:-1"},"canonical":"https:\/\/ww16.ce.gov.br\/crede17-seduc\/quem-e-quem\/","og_locale":"pt_BR","og_type":"article","og_title":"Quem \u00e9 quem - CREDE17-SEDUC","og_description":"&nbsp;","og_url":"https:\/\/ww16.ce.gov.br\/crede17-seduc\/quem-e-quem\/","og_site_name":"CREDE17-SEDUC","article_modified_time":"2023-04-05T11:21:38+00:00","twitter_card":"summary_large_image","twitter_misc":{"Est. reading time":"1 minuto"},"schema":{"@context":"https:\/\/schema.org","@graph":[{"@type":"WebPage","@id":"https:\/\/ww16.ce.gov.br\/crede17-seduc\/quem-e-quem\/","url":"https:\/\/ww16.ce.gov.br\/crede17-seduc\/quem-e-quem\/","name":"Quem \u00e9 quem - CREDE17-SEDUC","isPartOf":{"@id":"https:\/\/ww16.ce.gov.br\/crede17-seduc\/#website"},"datePublished":"2017-11-21T13:11:14+00:00","dateModified":"2023-04-05T11:21:38+00:00","breadcrumb":{"@id":"https:\/\/ww16.ce.gov.br\/crede17-seduc\/quem-e-quem\/#breadcrumb"},"inLanguage":"pt-BR","potentialAction":[{"@type":"ReadAction","target":["https:\/\/ww16.ce.gov.br\/crede17-seduc\/quem-e-quem\/"]}]},{"@type":"BreadcrumbList","@id":"https:\/\/ww16.ce.gov.br\/crede17-seduc\/quem-e-quem\/#breadcrumb","itemListElement":[{"@type":"ListItem","position":1,"name":"In\u00edcio","item":"https:\/\/ww16.ce.gov.br\/crede17-seduc\/"},{"@type":"ListItem","position":2,"name":"Quem \u00e9 quem"}]},{"@type":"WebSite","@id":"https:\/\/ww16.ce.gov.br\/crede17-seduc\/#website","url":"https:\/\/ww16.ce.gov.br\/crede17-seduc\/","name":"CREDE17-SEDUC","description":"Portal CREDE17-SEDUC","potentialAction":[{"@type":"SearchAction","target":{"@type":"EntryPoint","urlTemplate":"https:\/\/ww16.ce.gov.br\/crede17-seduc\/?s={search_term_string}"},"query-input":{"@type":"PropertyValueSpecification","valueRequired":true,"valueName":"search_term_string"}}],"inLanguage":"pt-BR"}]}},"_links":{"self":[{"href":"https:\/\/ww16.ce.gov.br\/crede17-seduc\/wp-json\/wp\/v2\/pages\/71","targetHints":{"allow":["GET"]}}],"collection":[{"href":"https:\/\/ww16.ce.gov.br\/crede17-seduc\/wp-json\/wp\/v2\/pages"}],"about":[{"href":"https:\/\/ww16.ce.gov.br\/crede17-seduc\/wp-json\/wp\/v2\/types\/page"}],"author":[{"embeddable":true,"href":"https:\/\/ww16.ce.gov.br\/crede17-seduc\/wp-json\/wp\/v2\/users\/38"}],"replies":[{"embeddable":true,"href":"https:\/\/ww16.ce.gov.br\/crede17-seduc\/wp-json\/wp\/v2\/comments?post=71"}],"version-history":[{"count":31,"href":"https:\/\/ww16.ce.gov.br\/crede17-seduc\/wp-json\/wp\/v2\/pages\/71\/revisions"}],"predecessor-version":[{"id":5292,"href":"https:\/\/ww16.ce.gov.br\/crede17-seduc\/wp-json\/wp\/v2\/pages\/71\/revisions\/5292"}],"wp:attachment":[{"href":"https:\/\/ww16.ce.gov.br\/crede17-seduc\/wp-json\/wp\/v2\/media?parent=71"}],"curies":[{"name":"wp","href":"https:\/\/api.w.org\/{rel}","templated":true}]}}