{"id":3982,"date":"2022-02-16T11:39:19","date_gmt":"2022-02-16T14:39:19","guid":{"rendered":"http:\/\/www.crede17.seduc.ce.gov.br\/?page_id=3982"},"modified":"2023-03-28T16:10:57","modified_gmt":"2023-03-28T19:10:57","slug":"sistemas-cegaf","status":"publish","type":"page","link":"https:\/\/ww16.ce.gov.br\/crede17-seduc\/sistemas\/sistemas-crede17\/sistemas-cegaf\/","title":{"rendered":"Sistemas CEGAF"},"content":{"rendered":"<p>&nbsp;<\/p>\n<p>&nbsp;<\/p>\n<ul class=\"ListaEst col2\">\n<li><a href=\"https:\/\/docs.google.com\/spreadsheets\/d\/1p2Ofd97YK52F0cvpHZF0pFNVGyQjTF5VNO7xYTmavRU\/edit?usp=sharing\" target=\"_blank\" rel=\"noopener noreferrer\"><span style=\"font-size: 28px\">?<\/span> Farol Financeiro <small>CREDE17<\/small> <\/a><\/li>\n<li><a href=\"https:\/\/docs.google.com\/spreadsheets\/d\/1MiWcqk17NZ_wLyyyqiZFnjwmwpWLGNOA4MTkiQVe-S4\/edit?usp=sharing\" target=\"_blank\" rel=\"noopener noreferrer\"><span style=\"font-size: 28px\">?<\/span> Folha de Frequ\u00eancia<small>Terceirizados<\/small> <\/a><\/li>\n<li><a href=\"https:\/\/siafe.sefaz.ce.gov.br\/Siafe\/faces\/login.jsp\" target=\"_blank\" rel=\"noopener noreferrer\"><span style=\"font-size: 28px\">?<\/span> Gest\u00e3o da Execu\u00e7\u00e3o Financeira <small>SiafeCE<\/small> <\/a><\/li>\n<li><a href=\"https:\/\/sigesaa.seduc.ce.gov.br\/sige-saa\/login.jsf\" target=\"_blank\" rel=\"noopener noreferrer\"><span style=\"font-size: 28px\">?<\/span> Acompanhamento de Aquisi\u00e7\u00f5es <small>SIGE AA<\/small> <\/a><\/li>\n<li><a href=\"https:\/\/viproc.seplag.ce.gov.br\/viproc\/index.jsp\" target=\"_blank\" rel=\"noopener noreferrer\"><span style=\"font-size: 28px\">\u2699\ufe0f<\/span> ViPROC <small>Virtualiza\u00e7\u00e3o de Processos<\/small> <\/a><\/li>\n<li><a href=\"https:\/\/sige-pci.seduc.ce.gov.br\" target=\"_blank\" rel=\"noopener noreferrer\"><span style=\"font-size: 28px\">\u270d<\/span> Presta\u00e7\u00e3o de Contas &#8211; Inadimpl\u00eancia<small>SIGE PCI<\/small> <\/a><\/li>\n<li><a href=\"https:\/\/appsweb.seplag.ce.gov.br\/cviproc\/pages\/principal.seam\" target=\"_blank\" rel=\"noopener noreferrer\"><span style=\"font-size: 28px\">?<\/span> ViProc Consulta<small>SEPLAG<\/small> <\/a><\/li>\n<li><a href=\"https:\/\/contas.tcu.gov.br\/ords\/f?p=1660:3:0\" target=\"_blank\" rel=\"noopener noreferrer\"><span style=\"font-size: 28px\">?<\/span> Certid\u00e3o Negativa <small>TCU<\/small> <\/a><\/li>\n<li><a href=\"https:\/\/appsweb.seplag.ce.gov.br\/cac\/pages\/formulario\/aceitarTermos.seam\" target=\"_blank\" rel=\"noopener noreferrer\"><span style=\"font-size: 28px\">?<\/span> Certid\u00e3o de Acumula\u00e7\u00e3o de Cargos<small>SEPLAG<\/small> <\/a><\/li>\n<\/ul>\n<p>&nbsp;<\/p>\n<p>&nbsp;<\/p>\n<h2>Sistemas CEGAF &#8211; Gest\u00e3o de Pessoas<\/h2>\n<p>&nbsp;<\/p>\n<p>&nbsp;<\/p>\n<ul class=\"ListaEst col2\">\n<li><a href=\"https:\/\/guardiaov4.seplag.ce.gov.br\/auth\" target=\"_blank\" rel=\"noopener noreferrer\"><span style=\"font-size: 28px\">?\ufe0f<\/span> Guardi\u00e3o <small>SEPLAG<\/small> <\/a><\/li>\n<li><a href=\"https:\/\/sige.seduc.ce.gov.br\/\" target=\"_blank\" rel=\"noopener noreferrer\"><span style=\"font-size: 28px\">?\u200d?<\/span> Lota\u00e7\u00e3o <small>SIGE ESCOLA<\/small> <\/a><\/li>\n<li><a href=\"https:\/\/sigect.seduc.ce.gov.br\/sigect\/faces\/login.jsp\" target=\"_blank\" rel=\"noopener noreferrer\"><span style=\"font-size: 28px\">?\u200d?<\/span> Contrato Tempor\u00e1rio <small>SIGE CT<\/small> <\/a><\/li>\n<li><a href=\"https:\/\/frequencia.seduc.ce.gov.br\/frequencia\/login.jsf\" target=\"_blank\" rel=\"noopener noreferrer\"><span style=\"font-size: 28px\">?<\/span> Frequ\u00eancia <small>SIGE RH<\/small> <\/a><\/li>\n<li><a href=\"https:\/\/sigerh.seduc.ce.gov.br\/sigerh\/login.jsf\" target=\"_blank\" rel=\"noopener noreferrer\"><span style=\"font-size: 28px\">?<\/span> Gest\u00e3o de Recursos Humanos <small>SIGE RH<\/small> <\/a><\/li>\n<li><a href=\"https:\/\/concurso.seduc.ce.gov.br\/concurso\/faces\/login.jsp\" target=\"_blank\" rel=\"noopener noreferrer\"><span style=\"font-size: 28px\">?<\/span> Concurso <small>SIGE<\/small> <\/a><\/li>\n<\/ul>\n","protected":false},"excerpt":{"rendered":"<p>&nbsp; &nbsp; ? Farol Financeiro CREDE17 ? Folha de Frequ\u00eanciaTerceirizados ? Gest\u00e3o da Execu\u00e7\u00e3o Financeira SiafeCE ? Acompanhamento de Aquisi\u00e7\u00f5es SIGE AA \u2699\ufe0f ViPROC Virtualiza\u00e7\u00e3o de Processos \u270d Presta\u00e7\u00e3o de Contas &#8211; Inadimpl\u00eanciaSIGE PCI ? ViProc ConsultaSEPLAG ? Certid\u00e3o Negativa TCU ? Certid\u00e3o de Acumula\u00e7\u00e3o de CargosSEPLAG &nbsp; &nbsp; Sistemas CEGAF &#8211; Gest\u00e3o de Pessoas [&hellip;]<\/p>\n","protected":false},"author":574,"featured_media":0,"parent":3177,"menu_order":0,"comment_status":"closed","ping_status":"closed","template":"","meta":{"_acf_changed":false,"inline_featured_image":false,"footnotes":""},"class_list":["post-3982","page","type-page","status-publish","hentry"],"acf":[],"yoast_head":"<!-- This site is optimized with the Yoast SEO plugin v26.9 - https:\/\/yoast.com\/product\/yoast-seo-wordpress\/ -->\n<title>Sistemas CEGAF - CREDE17-SEDUC<\/title>\n<meta name=\"robots\" content=\"index, follow, max-snippet:-1, max-image-preview:large, max-video-preview:-1\" \/>\n<link rel=\"canonical\" href=\"https:\/\/ww16.ce.gov.br\/crede17-seduc\/sistemas\/sistemas-crede17\/sistemas-cegaf\/\" \/>\n<meta property=\"og:locale\" content=\"pt_BR\" \/>\n<meta property=\"og:type\" content=\"article\" \/>\n<meta property=\"og:title\" content=\"Sistemas CEGAF - CREDE17-SEDUC\" \/>\n<meta property=\"og:description\" content=\"&nbsp; &nbsp; ? Farol Financeiro CREDE17 ? Folha de Frequ\u00eanciaTerceirizados ? Gest\u00e3o da Execu\u00e7\u00e3o Financeira SiafeCE ? Acompanhamento de Aquisi\u00e7\u00f5es SIGE AA \u2699\ufe0f ViPROC Virtualiza\u00e7\u00e3o de Processos \u270d Presta\u00e7\u00e3o de Contas &#8211; Inadimpl\u00eanciaSIGE PCI ? ViProc ConsultaSEPLAG ? Certid\u00e3o Negativa TCU ? Certid\u00e3o de Acumula\u00e7\u00e3o de CargosSEPLAG &nbsp; &nbsp; Sistemas CEGAF &#8211; Gest\u00e3o de Pessoas [&hellip;]\" \/>\n<meta property=\"og:url\" content=\"https:\/\/ww16.ce.gov.br\/crede17-seduc\/sistemas\/sistemas-crede17\/sistemas-cegaf\/\" \/>\n<meta property=\"og:site_name\" content=\"CREDE17-SEDUC\" \/>\n<meta property=\"article:modified_time\" content=\"2023-03-28T19:10:57+00:00\" \/>\n<meta name=\"twitter:card\" content=\"summary_large_image\" \/>\n<script type=\"application\/ld+json\" class=\"yoast-schema-graph\">{\"@context\":\"https:\/\/schema.org\",\"@graph\":[{\"@type\":\"WebPage\",\"@id\":\"https:\/\/ww16.ce.gov.br\/crede17-seduc\/sistemas\/sistemas-crede17\/sistemas-cegaf\/\",\"url\":\"https:\/\/ww16.ce.gov.br\/crede17-seduc\/sistemas\/sistemas-crede17\/sistemas-cegaf\/\",\"name\":\"Sistemas CEGAF - CREDE17-SEDUC\",\"isPartOf\":{\"@id\":\"https:\/\/ww16.ce.gov.br\/crede17-seduc\/#website\"},\"datePublished\":\"2022-02-16T14:39:19+00:00\",\"dateModified\":\"2023-03-28T19:10:57+00:00\",\"breadcrumb\":{\"@id\":\"https:\/\/ww16.ce.gov.br\/crede17-seduc\/sistemas\/sistemas-crede17\/sistemas-cegaf\/#breadcrumb\"},\"inLanguage\":\"pt-BR\",\"potentialAction\":[{\"@type\":\"ReadAction\",\"target\":[\"https:\/\/ww16.ce.gov.br\/crede17-seduc\/sistemas\/sistemas-crede17\/sistemas-cegaf\/\"]}]},{\"@type\":\"BreadcrumbList\",\"@id\":\"https:\/\/ww16.ce.gov.br\/crede17-seduc\/sistemas\/sistemas-crede17\/sistemas-cegaf\/#breadcrumb\",\"itemListElement\":[{\"@type\":\"ListItem\",\"position\":1,\"name\":\"In\u00edcio\",\"item\":\"https:\/\/ww16.ce.gov.br\/crede17-seduc\/\"},{\"@type\":\"ListItem\",\"position\":2,\"name\":\"Sistemas\",\"item\":\"https:\/\/ww16.ce.gov.br\/crede17-seduc\/sistemas\/\"},{\"@type\":\"ListItem\",\"position\":3,\"name\":\"Sistemas CREDE17\",\"item\":\"https:\/\/ww16.ce.gov.br\/crede17-seduc\/sistemas\/sistemas-crede17\/\"},{\"@type\":\"ListItem\",\"position\":4,\"name\":\"Sistemas CEGAF\"}]},{\"@type\":\"WebSite\",\"@id\":\"https:\/\/ww16.ce.gov.br\/crede17-seduc\/#website\",\"url\":\"https:\/\/ww16.ce.gov.br\/crede17-seduc\/\",\"name\":\"CREDE17-SEDUC\",\"description\":\"Portal CREDE17-SEDUC\",\"potentialAction\":[{\"@type\":\"SearchAction\",\"target\":{\"@type\":\"EntryPoint\",\"urlTemplate\":\"https:\/\/ww16.ce.gov.br\/crede17-seduc\/?s={search_term_string}\"},\"query-input\":{\"@type\":\"PropertyValueSpecification\",\"valueRequired\":true,\"valueName\":\"search_term_string\"}}],\"inLanguage\":\"pt-BR\"}]}<\/script>\n<!-- \/ Yoast SEO plugin. -->","yoast_head_json":{"title":"Sistemas CEGAF - CREDE17-SEDUC","robots":{"index":"index","follow":"follow","max-snippet":"max-snippet:-1","max-image-preview":"max-image-preview:large","max-video-preview":"max-video-preview:-1"},"canonical":"https:\/\/ww16.ce.gov.br\/crede17-seduc\/sistemas\/sistemas-crede17\/sistemas-cegaf\/","og_locale":"pt_BR","og_type":"article","og_title":"Sistemas CEGAF - CREDE17-SEDUC","og_description":"&nbsp; &nbsp; ? Farol Financeiro CREDE17 ? Folha de Frequ\u00eanciaTerceirizados ? Gest\u00e3o da Execu\u00e7\u00e3o Financeira SiafeCE ? Acompanhamento de Aquisi\u00e7\u00f5es SIGE AA \u2699\ufe0f ViPROC Virtualiza\u00e7\u00e3o de Processos \u270d Presta\u00e7\u00e3o de Contas &#8211; Inadimpl\u00eanciaSIGE PCI ? ViProc ConsultaSEPLAG ? Certid\u00e3o Negativa TCU ? Certid\u00e3o de Acumula\u00e7\u00e3o de CargosSEPLAG &nbsp; &nbsp; Sistemas CEGAF &#8211; Gest\u00e3o de Pessoas [&hellip;]","og_url":"https:\/\/ww16.ce.gov.br\/crede17-seduc\/sistemas\/sistemas-crede17\/sistemas-cegaf\/","og_site_name":"CREDE17-SEDUC","article_modified_time":"2023-03-28T19:10:57+00:00","twitter_card":"summary_large_image","schema":{"@context":"https:\/\/schema.org","@graph":[{"@type":"WebPage","@id":"https:\/\/ww16.ce.gov.br\/crede17-seduc\/sistemas\/sistemas-crede17\/sistemas-cegaf\/","url":"https:\/\/ww16.ce.gov.br\/crede17-seduc\/sistemas\/sistemas-crede17\/sistemas-cegaf\/","name":"Sistemas CEGAF - CREDE17-SEDUC","isPartOf":{"@id":"https:\/\/ww16.ce.gov.br\/crede17-seduc\/#website"},"datePublished":"2022-02-16T14:39:19+00:00","dateModified":"2023-03-28T19:10:57+00:00","breadcrumb":{"@id":"https:\/\/ww16.ce.gov.br\/crede17-seduc\/sistemas\/sistemas-crede17\/sistemas-cegaf\/#breadcrumb"},"inLanguage":"pt-BR","potentialAction":[{"@type":"ReadAction","target":["https:\/\/ww16.ce.gov.br\/crede17-seduc\/sistemas\/sistemas-crede17\/sistemas-cegaf\/"]}]},{"@type":"BreadcrumbList","@id":"https:\/\/ww16.ce.gov.br\/crede17-seduc\/sistemas\/sistemas-crede17\/sistemas-cegaf\/#breadcrumb","itemListElement":[{"@type":"ListItem","position":1,"name":"In\u00edcio","item":"https:\/\/ww16.ce.gov.br\/crede17-seduc\/"},{"@type":"ListItem","position":2,"name":"Sistemas","item":"https:\/\/ww16.ce.gov.br\/crede17-seduc\/sistemas\/"},{"@type":"ListItem","position":3,"name":"Sistemas CREDE17","item":"https:\/\/ww16.ce.gov.br\/crede17-seduc\/sistemas\/sistemas-crede17\/"},{"@type":"ListItem","position":4,"name":"Sistemas CEGAF"}]},{"@type":"WebSite","@id":"https:\/\/ww16.ce.gov.br\/crede17-seduc\/#website","url":"https:\/\/ww16.ce.gov.br\/crede17-seduc\/","name":"CREDE17-SEDUC","description":"Portal CREDE17-SEDUC","potentialAction":[{"@type":"SearchAction","target":{"@type":"EntryPoint","urlTemplate":"https:\/\/ww16.ce.gov.br\/crede17-seduc\/?s={search_term_string}"},"query-input":{"@type":"PropertyValueSpecification","valueRequired":true,"valueName":"search_term_string"}}],"inLanguage":"pt-BR"}]}},"_links":{"self":[{"href":"https:\/\/ww16.ce.gov.br\/crede17-seduc\/wp-json\/wp\/v2\/pages\/3982","targetHints":{"allow":["GET"]}}],"collection":[{"href":"https:\/\/ww16.ce.gov.br\/crede17-seduc\/wp-json\/wp\/v2\/pages"}],"about":[{"href":"https:\/\/ww16.ce.gov.br\/crede17-seduc\/wp-json\/wp\/v2\/types\/page"}],"author":[{"embeddable":true,"href":"https:\/\/ww16.ce.gov.br\/crede17-seduc\/wp-json\/wp\/v2\/users\/574"}],"replies":[{"embeddable":true,"href":"https:\/\/ww16.ce.gov.br\/crede17-seduc\/wp-json\/wp\/v2\/comments?post=3982"}],"version-history":[{"count":28,"href":"https:\/\/ww16.ce.gov.br\/crede17-seduc\/wp-json\/wp\/v2\/pages\/3982\/revisions"}],"predecessor-version":[{"id":5261,"href":"https:\/\/ww16.ce.gov.br\/crede17-seduc\/wp-json\/wp\/v2\/pages\/3982\/revisions\/5261"}],"up":[{"embeddable":true,"href":"https:\/\/ww16.ce.gov.br\/crede17-seduc\/wp-json\/wp\/v2\/pages\/3177"}],"wp:attachment":[{"href":"https:\/\/ww16.ce.gov.br\/crede17-seduc\/wp-json\/wp\/v2\/media?parent=3982"}],"curies":[{"name":"wp","href":"https:\/\/api.w.org\/{rel}","templated":true}]}}