{"id":3980,"date":"2022-02-16T11:37:21","date_gmt":"2022-02-16T14:37:21","guid":{"rendered":"http:\/\/www.crede17.seduc.ce.gov.br\/?page_id=3980"},"modified":"2022-05-24T19:46:48","modified_gmt":"2022-05-24T22:46:48","slug":"sistemas-cedea","status":"publish","type":"page","link":"https:\/\/ww16.ce.gov.br\/crede17-seduc\/sistemas\/sistemas-crede17\/sistemas-cedea\/","title":{"rendered":"Sistemas CEDEA"},"content":{"rendered":"<p>&nbsp;<\/p>\n<p>&nbsp;<\/p>\n<ul class=\"ListaEst col2\">\n<li><a href=\"https:\/\/sige.seduc.ce.gov.br\/\" target=\"_blank\" rel=\"noopener noreferrer\">?\u200d? SIGE <small>Acad\u00eamico<\/small> <\/a><\/li>\n<li><a href=\"https:\/\/saladesituacao.seduc.ce.gov.br\/\" target=\"_blank\" rel=\"noopener noreferrer\">? Sala de Situa\u00e7\u00e3o <small>SEDUC<\/small> <\/a><\/li>\n<li><a href=\"https:\/\/sistec.mec.gov.br\/\" target=\"_blank\" rel=\"noopener noreferrer\">?\ufe0f SISTEC <small>MEC<\/small> <\/a><\/li>\n<\/ul>\n","protected":false},"excerpt":{"rendered":"<p>&nbsp; &nbsp; ?\u200d? SIGE Acad\u00eamico ? Sala de Situa\u00e7\u00e3o SEDUC ?\ufe0f SISTEC MEC<\/p>\n","protected":false},"author":574,"featured_media":0,"parent":3177,"menu_order":2,"comment_status":"closed","ping_status":"closed","template":"","meta":{"_acf_changed":false,"inline_featured_image":false,"footnotes":""},"class_list":["post-3980","page","type-page","status-publish","hentry"],"acf":[],"yoast_head":"<!-- This site is optimized with the Yoast SEO plugin v26.9 - https:\/\/yoast.com\/product\/yoast-seo-wordpress\/ -->\n<title>Sistemas CEDEA - CREDE17-SEDUC<\/title>\n<meta name=\"robots\" content=\"index, follow, max-snippet:-1, max-image-preview:large, max-video-preview:-1\" \/>\n<link rel=\"canonical\" href=\"https:\/\/ww16.ce.gov.br\/crede17-seduc\/sistemas\/sistemas-crede17\/sistemas-cedea\/\" \/>\n<meta property=\"og:locale\" content=\"pt_BR\" \/>\n<meta property=\"og:type\" content=\"article\" \/>\n<meta property=\"og:title\" content=\"Sistemas CEDEA - CREDE17-SEDUC\" \/>\n<meta property=\"og:description\" content=\"&nbsp; &nbsp; ?\u200d? SIGE Acad\u00eamico ? Sala de Situa\u00e7\u00e3o SEDUC ?\ufe0f SISTEC MEC\" \/>\n<meta property=\"og:url\" content=\"https:\/\/ww16.ce.gov.br\/crede17-seduc\/sistemas\/sistemas-crede17\/sistemas-cedea\/\" \/>\n<meta property=\"og:site_name\" content=\"CREDE17-SEDUC\" \/>\n<meta property=\"article:modified_time\" content=\"2022-05-24T22:46:48+00:00\" \/>\n<meta name=\"twitter:card\" content=\"summary_large_image\" \/>\n<script type=\"application\/ld+json\" class=\"yoast-schema-graph\">{\"@context\":\"https:\/\/schema.org\",\"@graph\":[{\"@type\":\"WebPage\",\"@id\":\"https:\/\/ww16.ce.gov.br\/crede17-seduc\/sistemas\/sistemas-crede17\/sistemas-cedea\/\",\"url\":\"https:\/\/ww16.ce.gov.br\/crede17-seduc\/sistemas\/sistemas-crede17\/sistemas-cedea\/\",\"name\":\"Sistemas CEDEA - CREDE17-SEDUC\",\"isPartOf\":{\"@id\":\"https:\/\/ww16.ce.gov.br\/crede17-seduc\/#website\"},\"datePublished\":\"2022-02-16T14:37:21+00:00\",\"dateModified\":\"2022-05-24T22:46:48+00:00\",\"breadcrumb\":{\"@id\":\"https:\/\/ww16.ce.gov.br\/crede17-seduc\/sistemas\/sistemas-crede17\/sistemas-cedea\/#breadcrumb\"},\"inLanguage\":\"pt-BR\",\"potentialAction\":[{\"@type\":\"ReadAction\",\"target\":[\"https:\/\/ww16.ce.gov.br\/crede17-seduc\/sistemas\/sistemas-crede17\/sistemas-cedea\/\"]}]},{\"@type\":\"BreadcrumbList\",\"@id\":\"https:\/\/ww16.ce.gov.br\/crede17-seduc\/sistemas\/sistemas-crede17\/sistemas-cedea\/#breadcrumb\",\"itemListElement\":[{\"@type\":\"ListItem\",\"position\":1,\"name\":\"In\u00edcio\",\"item\":\"https:\/\/ww16.ce.gov.br\/crede17-seduc\/\"},{\"@type\":\"ListItem\",\"position\":2,\"name\":\"Sistemas\",\"item\":\"https:\/\/ww16.ce.gov.br\/crede17-seduc\/sistemas\/\"},{\"@type\":\"ListItem\",\"position\":3,\"name\":\"Sistemas CREDE17\",\"item\":\"https:\/\/ww16.ce.gov.br\/crede17-seduc\/sistemas\/sistemas-crede17\/\"},{\"@type\":\"ListItem\",\"position\":4,\"name\":\"Sistemas CEDEA\"}]},{\"@type\":\"WebSite\",\"@id\":\"https:\/\/ww16.ce.gov.br\/crede17-seduc\/#website\",\"url\":\"https:\/\/ww16.ce.gov.br\/crede17-seduc\/\",\"name\":\"CREDE17-SEDUC\",\"description\":\"Portal CREDE17-SEDUC\",\"potentialAction\":[{\"@type\":\"SearchAction\",\"target\":{\"@type\":\"EntryPoint\",\"urlTemplate\":\"https:\/\/ww16.ce.gov.br\/crede17-seduc\/?s={search_term_string}\"},\"query-input\":{\"@type\":\"PropertyValueSpecification\",\"valueRequired\":true,\"valueName\":\"search_term_string\"}}],\"inLanguage\":\"pt-BR\"}]}<\/script>\n<!-- \/ Yoast SEO plugin. -->","yoast_head_json":{"title":"Sistemas CEDEA - CREDE17-SEDUC","robots":{"index":"index","follow":"follow","max-snippet":"max-snippet:-1","max-image-preview":"max-image-preview:large","max-video-preview":"max-video-preview:-1"},"canonical":"https:\/\/ww16.ce.gov.br\/crede17-seduc\/sistemas\/sistemas-crede17\/sistemas-cedea\/","og_locale":"pt_BR","og_type":"article","og_title":"Sistemas CEDEA - CREDE17-SEDUC","og_description":"&nbsp; &nbsp; ?\u200d? SIGE Acad\u00eamico ? Sala de Situa\u00e7\u00e3o SEDUC ?\ufe0f SISTEC MEC","og_url":"https:\/\/ww16.ce.gov.br\/crede17-seduc\/sistemas\/sistemas-crede17\/sistemas-cedea\/","og_site_name":"CREDE17-SEDUC","article_modified_time":"2022-05-24T22:46:48+00:00","twitter_card":"summary_large_image","schema":{"@context":"https:\/\/schema.org","@graph":[{"@type":"WebPage","@id":"https:\/\/ww16.ce.gov.br\/crede17-seduc\/sistemas\/sistemas-crede17\/sistemas-cedea\/","url":"https:\/\/ww16.ce.gov.br\/crede17-seduc\/sistemas\/sistemas-crede17\/sistemas-cedea\/","name":"Sistemas CEDEA - CREDE17-SEDUC","isPartOf":{"@id":"https:\/\/ww16.ce.gov.br\/crede17-seduc\/#website"},"datePublished":"2022-02-16T14:37:21+00:00","dateModified":"2022-05-24T22:46:48+00:00","breadcrumb":{"@id":"https:\/\/ww16.ce.gov.br\/crede17-seduc\/sistemas\/sistemas-crede17\/sistemas-cedea\/#breadcrumb"},"inLanguage":"pt-BR","potentialAction":[{"@type":"ReadAction","target":["https:\/\/ww16.ce.gov.br\/crede17-seduc\/sistemas\/sistemas-crede17\/sistemas-cedea\/"]}]},{"@type":"BreadcrumbList","@id":"https:\/\/ww16.ce.gov.br\/crede17-seduc\/sistemas\/sistemas-crede17\/sistemas-cedea\/#breadcrumb","itemListElement":[{"@type":"ListItem","position":1,"name":"In\u00edcio","item":"https:\/\/ww16.ce.gov.br\/crede17-seduc\/"},{"@type":"ListItem","position":2,"name":"Sistemas","item":"https:\/\/ww16.ce.gov.br\/crede17-seduc\/sistemas\/"},{"@type":"ListItem","position":3,"name":"Sistemas CREDE17","item":"https:\/\/ww16.ce.gov.br\/crede17-seduc\/sistemas\/sistemas-crede17\/"},{"@type":"ListItem","position":4,"name":"Sistemas CEDEA"}]},{"@type":"WebSite","@id":"https:\/\/ww16.ce.gov.br\/crede17-seduc\/#website","url":"https:\/\/ww16.ce.gov.br\/crede17-seduc\/","name":"CREDE17-SEDUC","description":"Portal CREDE17-SEDUC","potentialAction":[{"@type":"SearchAction","target":{"@type":"EntryPoint","urlTemplate":"https:\/\/ww16.ce.gov.br\/crede17-seduc\/?s={search_term_string}"},"query-input":{"@type":"PropertyValueSpecification","valueRequired":true,"valueName":"search_term_string"}}],"inLanguage":"pt-BR"}]}},"_links":{"self":[{"href":"https:\/\/ww16.ce.gov.br\/crede17-seduc\/wp-json\/wp\/v2\/pages\/3980","targetHints":{"allow":["GET"]}}],"collection":[{"href":"https:\/\/ww16.ce.gov.br\/crede17-seduc\/wp-json\/wp\/v2\/pages"}],"about":[{"href":"https:\/\/ww16.ce.gov.br\/crede17-seduc\/wp-json\/wp\/v2\/types\/page"}],"author":[{"embeddable":true,"href":"https:\/\/ww16.ce.gov.br\/crede17-seduc\/wp-json\/wp\/v2\/users\/574"}],"replies":[{"embeddable":true,"href":"https:\/\/ww16.ce.gov.br\/crede17-seduc\/wp-json\/wp\/v2\/comments?post=3980"}],"version-history":[{"count":4,"href":"https:\/\/ww16.ce.gov.br\/crede17-seduc\/wp-json\/wp\/v2\/pages\/3980\/revisions"}],"predecessor-version":[{"id":4505,"href":"https:\/\/ww16.ce.gov.br\/crede17-seduc\/wp-json\/wp\/v2\/pages\/3980\/revisions\/4505"}],"up":[{"embeddable":true,"href":"https:\/\/ww16.ce.gov.br\/crede17-seduc\/wp-json\/wp\/v2\/pages\/3177"}],"wp:attachment":[{"href":"https:\/\/ww16.ce.gov.br\/crede17-seduc\/wp-json\/wp\/v2\/media?parent=3980"}],"curies":[{"name":"wp","href":"https:\/\/api.w.org\/{rel}","templated":true}]}}