{"id":3226,"date":"2021-09-20T16:25:18","date_gmt":"2021-09-20T19:25:18","guid":{"rendered":"http:\/\/www.crede17.seduc.ce.gov.br\/?page_id=3226"},"modified":"2023-12-26T12:00:12","modified_gmt":"2023-12-26T15:00:12","slug":"relacao-de-informacoes-sigilosas","status":"publish","type":"page","link":"https:\/\/ww16.ce.gov.br\/crede17-seduc\/acesso-a-informacao\/relacao-de-informacoes-sigilosas\/","title":{"rendered":"Rela\u00e7\u00e3o de Informa\u00e7\u00f5es Sigilosas"},"content":{"rendered":"<h2 class=\"-laranja\"><strong>Rela\u00e7\u00e3o de Informa\u00e7\u00f5es Sigilosas<\/strong><\/h2>\n<p style=\"text-align: justify\">Em atendimento ao disposto no art. 29 da <a href=\"https:\/\/www.cge.ce.gov.br\/wp-content\/uploads\/sites\/20\/2018\/03\/Lei-n%C2%BA-15.175-28-de-junho-de-2012-2.pdf\" target=\"_blank\" rel=\"noopener\">Lei 15.175 de 28 de junho de 2012<\/a>, o Comit\u00ea Setorial de Acesso \u00e0 Informa\u00e7\u00e3o da Secretaria da Educa\u00e7\u00e3o do Estado do Cear\u00e1 (Seduc) informa que esta N\u00c3O possui rol de documentos classificados como sigilosos.<\/p>\n<p>&nbsp;<\/p>\n<p>&nbsp;<\/p>\n","protected":false},"excerpt":{"rendered":"<p>Rela\u00e7\u00e3o de Informa\u00e7\u00f5es Sigilosas Em atendimento ao disposto no art. 29 da Lei 15.175 de 28 de junho de 2012, o Comit\u00ea Setorial de Acesso \u00e0 Informa\u00e7\u00e3o da Secretaria da Educa\u00e7\u00e3o do Estado do Cear\u00e1 (Seduc) informa que esta N\u00c3O possui rol de documentos classificados como sigilosos. &nbsp; &nbsp;<\/p>\n","protected":false},"author":364,"featured_media":0,"parent":3220,"menu_order":0,"comment_status":"closed","ping_status":"closed","template":"","meta":{"_acf_changed":false,"inline_featured_image":false,"footnotes":""},"class_list":["post-3226","page","type-page","status-publish","hentry"],"acf":[],"yoast_head":"<!-- This site is optimized with the Yoast SEO plugin v26.9 - https:\/\/yoast.com\/product\/yoast-seo-wordpress\/ -->\n<title>Rela\u00e7\u00e3o de Informa\u00e7\u00f5es Sigilosas - CREDE17-SEDUC<\/title>\n<meta name=\"robots\" content=\"index, follow, max-snippet:-1, max-image-preview:large, max-video-preview:-1\" \/>\n<link rel=\"canonical\" href=\"https:\/\/ww16.ce.gov.br\/crede17-seduc\/acesso-a-informacao\/relacao-de-informacoes-sigilosas\/\" \/>\n<meta property=\"og:locale\" content=\"pt_BR\" \/>\n<meta property=\"og:type\" content=\"article\" \/>\n<meta property=\"og:title\" content=\"Rela\u00e7\u00e3o de Informa\u00e7\u00f5es Sigilosas - CREDE17-SEDUC\" \/>\n<meta property=\"og:description\" content=\"Rela\u00e7\u00e3o de Informa\u00e7\u00f5es Sigilosas Em atendimento ao disposto no art. 29 da Lei 15.175 de 28 de junho de 2012, o Comit\u00ea Setorial de Acesso \u00e0 Informa\u00e7\u00e3o da Secretaria da Educa\u00e7\u00e3o do Estado do Cear\u00e1 (Seduc) informa que esta N\u00c3O possui rol de documentos classificados como sigilosos. &nbsp; &nbsp;\" \/>\n<meta property=\"og:url\" content=\"https:\/\/ww16.ce.gov.br\/crede17-seduc\/acesso-a-informacao\/relacao-de-informacoes-sigilosas\/\" \/>\n<meta property=\"og:site_name\" content=\"CREDE17-SEDUC\" \/>\n<meta property=\"article:modified_time\" content=\"2023-12-26T15:00:12+00:00\" \/>\n<meta name=\"twitter:card\" content=\"summary_large_image\" \/>\n<meta name=\"twitter:label1\" content=\"Est. reading time\" \/>\n\t<meta name=\"twitter:data1\" content=\"1 minuto\" \/>\n<script type=\"application\/ld+json\" class=\"yoast-schema-graph\">{\"@context\":\"https:\/\/schema.org\",\"@graph\":[{\"@type\":\"WebPage\",\"@id\":\"https:\/\/ww16.ce.gov.br\/crede17-seduc\/acesso-a-informacao\/relacao-de-informacoes-sigilosas\/\",\"url\":\"https:\/\/ww16.ce.gov.br\/crede17-seduc\/acesso-a-informacao\/relacao-de-informacoes-sigilosas\/\",\"name\":\"Rela\u00e7\u00e3o de Informa\u00e7\u00f5es Sigilosas - CREDE17-SEDUC\",\"isPartOf\":{\"@id\":\"https:\/\/ww16.ce.gov.br\/crede17-seduc\/#website\"},\"datePublished\":\"2021-09-20T19:25:18+00:00\",\"dateModified\":\"2023-12-26T15:00:12+00:00\",\"breadcrumb\":{\"@id\":\"https:\/\/ww16.ce.gov.br\/crede17-seduc\/acesso-a-informacao\/relacao-de-informacoes-sigilosas\/#breadcrumb\"},\"inLanguage\":\"pt-BR\",\"potentialAction\":[{\"@type\":\"ReadAction\",\"target\":[\"https:\/\/ww16.ce.gov.br\/crede17-seduc\/acesso-a-informacao\/relacao-de-informacoes-sigilosas\/\"]}]},{\"@type\":\"BreadcrumbList\",\"@id\":\"https:\/\/ww16.ce.gov.br\/crede17-seduc\/acesso-a-informacao\/relacao-de-informacoes-sigilosas\/#breadcrumb\",\"itemListElement\":[{\"@type\":\"ListItem\",\"position\":1,\"name\":\"In\u00edcio\",\"item\":\"https:\/\/ww16.ce.gov.br\/crede17-seduc\/\"},{\"@type\":\"ListItem\",\"position\":2,\"name\":\"Acesso \u00e0 Informa\u00e7\u00e3o\",\"item\":\"https:\/\/ww16.ce.gov.br\/crede17-seduc\/acesso-a-informacao\/\"},{\"@type\":\"ListItem\",\"position\":3,\"name\":\"Rela\u00e7\u00e3o de Informa\u00e7\u00f5es Sigilosas\"}]},{\"@type\":\"WebSite\",\"@id\":\"https:\/\/ww16.ce.gov.br\/crede17-seduc\/#website\",\"url\":\"https:\/\/ww16.ce.gov.br\/crede17-seduc\/\",\"name\":\"CREDE17-SEDUC\",\"description\":\"Portal CREDE17-SEDUC\",\"potentialAction\":[{\"@type\":\"SearchAction\",\"target\":{\"@type\":\"EntryPoint\",\"urlTemplate\":\"https:\/\/ww16.ce.gov.br\/crede17-seduc\/?s={search_term_string}\"},\"query-input\":{\"@type\":\"PropertyValueSpecification\",\"valueRequired\":true,\"valueName\":\"search_term_string\"}}],\"inLanguage\":\"pt-BR\"}]}<\/script>\n<!-- \/ Yoast SEO plugin. -->","yoast_head_json":{"title":"Rela\u00e7\u00e3o de Informa\u00e7\u00f5es Sigilosas - CREDE17-SEDUC","robots":{"index":"index","follow":"follow","max-snippet":"max-snippet:-1","max-image-preview":"max-image-preview:large","max-video-preview":"max-video-preview:-1"},"canonical":"https:\/\/ww16.ce.gov.br\/crede17-seduc\/acesso-a-informacao\/relacao-de-informacoes-sigilosas\/","og_locale":"pt_BR","og_type":"article","og_title":"Rela\u00e7\u00e3o de Informa\u00e7\u00f5es Sigilosas - CREDE17-SEDUC","og_description":"Rela\u00e7\u00e3o de Informa\u00e7\u00f5es Sigilosas Em atendimento ao disposto no art. 29 da Lei 15.175 de 28 de junho de 2012, o Comit\u00ea Setorial de Acesso \u00e0 Informa\u00e7\u00e3o da Secretaria da Educa\u00e7\u00e3o do Estado do Cear\u00e1 (Seduc) informa que esta N\u00c3O possui rol de documentos classificados como sigilosos. &nbsp; &nbsp;","og_url":"https:\/\/ww16.ce.gov.br\/crede17-seduc\/acesso-a-informacao\/relacao-de-informacoes-sigilosas\/","og_site_name":"CREDE17-SEDUC","article_modified_time":"2023-12-26T15:00:12+00:00","twitter_card":"summary_large_image","twitter_misc":{"Est. reading time":"1 minuto"},"schema":{"@context":"https:\/\/schema.org","@graph":[{"@type":"WebPage","@id":"https:\/\/ww16.ce.gov.br\/crede17-seduc\/acesso-a-informacao\/relacao-de-informacoes-sigilosas\/","url":"https:\/\/ww16.ce.gov.br\/crede17-seduc\/acesso-a-informacao\/relacao-de-informacoes-sigilosas\/","name":"Rela\u00e7\u00e3o de Informa\u00e7\u00f5es Sigilosas - CREDE17-SEDUC","isPartOf":{"@id":"https:\/\/ww16.ce.gov.br\/crede17-seduc\/#website"},"datePublished":"2021-09-20T19:25:18+00:00","dateModified":"2023-12-26T15:00:12+00:00","breadcrumb":{"@id":"https:\/\/ww16.ce.gov.br\/crede17-seduc\/acesso-a-informacao\/relacao-de-informacoes-sigilosas\/#breadcrumb"},"inLanguage":"pt-BR","potentialAction":[{"@type":"ReadAction","target":["https:\/\/ww16.ce.gov.br\/crede17-seduc\/acesso-a-informacao\/relacao-de-informacoes-sigilosas\/"]}]},{"@type":"BreadcrumbList","@id":"https:\/\/ww16.ce.gov.br\/crede17-seduc\/acesso-a-informacao\/relacao-de-informacoes-sigilosas\/#breadcrumb","itemListElement":[{"@type":"ListItem","position":1,"name":"In\u00edcio","item":"https:\/\/ww16.ce.gov.br\/crede17-seduc\/"},{"@type":"ListItem","position":2,"name":"Acesso \u00e0 Informa\u00e7\u00e3o","item":"https:\/\/ww16.ce.gov.br\/crede17-seduc\/acesso-a-informacao\/"},{"@type":"ListItem","position":3,"name":"Rela\u00e7\u00e3o de Informa\u00e7\u00f5es Sigilosas"}]},{"@type":"WebSite","@id":"https:\/\/ww16.ce.gov.br\/crede17-seduc\/#website","url":"https:\/\/ww16.ce.gov.br\/crede17-seduc\/","name":"CREDE17-SEDUC","description":"Portal CREDE17-SEDUC","potentialAction":[{"@type":"SearchAction","target":{"@type":"EntryPoint","urlTemplate":"https:\/\/ww16.ce.gov.br\/crede17-seduc\/?s={search_term_string}"},"query-input":{"@type":"PropertyValueSpecification","valueRequired":true,"valueName":"search_term_string"}}],"inLanguage":"pt-BR"}]}},"_links":{"self":[{"href":"https:\/\/ww16.ce.gov.br\/crede17-seduc\/wp-json\/wp\/v2\/pages\/3226","targetHints":{"allow":["GET"]}}],"collection":[{"href":"https:\/\/ww16.ce.gov.br\/crede17-seduc\/wp-json\/wp\/v2\/pages"}],"about":[{"href":"https:\/\/ww16.ce.gov.br\/crede17-seduc\/wp-json\/wp\/v2\/types\/page"}],"author":[{"embeddable":true,"href":"https:\/\/ww16.ce.gov.br\/crede17-seduc\/wp-json\/wp\/v2\/users\/364"}],"replies":[{"embeddable":true,"href":"https:\/\/ww16.ce.gov.br\/crede17-seduc\/wp-json\/wp\/v2\/comments?post=3226"}],"version-history":[{"count":1,"href":"https:\/\/ww16.ce.gov.br\/crede17-seduc\/wp-json\/wp\/v2\/pages\/3226\/revisions"}],"predecessor-version":[{"id":3227,"href":"https:\/\/ww16.ce.gov.br\/crede17-seduc\/wp-json\/wp\/v2\/pages\/3226\/revisions\/3227"}],"up":[{"embeddable":true,"href":"https:\/\/ww16.ce.gov.br\/crede17-seduc\/wp-json\/wp\/v2\/pages\/3220"}],"wp:attachment":[{"href":"https:\/\/ww16.ce.gov.br\/crede17-seduc\/wp-json\/wp\/v2\/media?parent=3226"}],"curies":[{"name":"wp","href":"https:\/\/api.w.org\/{rel}","templated":true}]}}