{"id":3222,"date":"2024-05-02T13:00:26","date_gmt":"2024-05-02T16:00:26","guid":{"rendered":"http:\/\/www.crede17.seduc.ce.gov.br\/?page_id=3222"},"modified":"2025-05-02T13:19:20","modified_gmt":"2025-05-02T16:19:20","slug":"comite-setorial-de-acesso-a-informacao","status":"publish","type":"page","link":"https:\/\/ww16.ce.gov.br\/crede17-seduc\/acesso-a-informacao\/comite-setorial-de-acesso-a-informacao\/","title":{"rendered":"COMIT\u00ca SETORIAL DE ACESSO \u00c0 INFORMA\u00c7\u00c3O"},"content":{"rendered":"<p>&nbsp;<\/p>\n<h2 class=\"-laranja\"><strong>COMIT\u00ca SETORIAL DE ACESSO \u00c0 INFORMA\u00c7\u00c3O<\/strong><\/h2>\n<p>&nbsp;<\/p>\n<div class=\"Card Informativo BgBranco\">\n<p><strong>Olena Marta Bezerra Costa<\/strong><\/p>\n<p>Coordenadora da Assessoria de Controle Interno e Ouvidoria \u2013 Ascov<\/p>\n<\/div>\n<p>&nbsp;<\/p>\n<div class=\"Card Informativo BgBranco\">\n<p><strong>Marta Nayara Freitas<\/strong><\/p>\n<p>C\u00e9lula de Desenvolvimento Institucional &#8211; Cedin\/Codip<\/p>\n<p>&nbsp;<\/p>\n<\/div>\n<div class=\"Card Informativo BgBranco\">\n<p><strong>Iranir Rodrigues Loiola<\/strong><\/p>\n<p class=\"western\" align=\"left\">Articuladora da Assessora de Controle Interno e Ouvidoria \u2013 Ascov<em><br \/>\n<\/em><\/p>\n<\/div>\n<p>&nbsp;<\/p>\n<div class=\"Card Informativo BgBranco\">\n<p><strong>Sandra de C\u00e1cia Gomes Marinho<\/strong><\/p>\n<p>Respons\u00e1vel pelo Servi\u00e7o de Informa\u00e7\u00e3o ao Cidad\u00e3o \u2013 SIC<\/p>\n<\/div>\n<p>&nbsp;<\/p>\n<div>\n<p>Contato: (85) 3101-3911<\/p>\n<p>E-mail: csai@seduc.ce.gov.br<\/p>\n<\/div>\n","protected":false},"excerpt":{"rendered":"<p>&nbsp; COMIT\u00ca SETORIAL DE ACESSO \u00c0 INFORMA\u00c7\u00c3O &nbsp; Olena Marta Bezerra Costa Coordenadora da Assessoria de Controle Interno e Ouvidoria \u2013 Ascov &nbsp; Marta Nayara Freitas C\u00e9lula de Desenvolvimento Institucional &#8211; Cedin\/Codip &nbsp; Iranir Rodrigues Loiola Articuladora da Assessora de Controle Interno e Ouvidoria \u2013 Ascov &nbsp; Sandra de C\u00e1cia Gomes Marinho Respons\u00e1vel pelo Servi\u00e7o [&hellip;]<\/p>\n","protected":false},"author":364,"featured_media":0,"parent":3220,"menu_order":0,"comment_status":"closed","ping_status":"closed","template":"","meta":{"_acf_changed":false,"inline_featured_image":false,"footnotes":""},"class_list":["post-3222","page","type-page","status-publish","hentry"],"acf":[],"yoast_head":"<!-- This site is optimized with the Yoast SEO plugin v26.9 - https:\/\/yoast.com\/product\/yoast-seo-wordpress\/ -->\n<title>COMIT\u00ca SETORIAL DE ACESSO \u00c0 INFORMA\u00c7\u00c3O - CREDE17-SEDUC<\/title>\n<meta name=\"robots\" content=\"index, follow, max-snippet:-1, max-image-preview:large, max-video-preview:-1\" \/>\n<link rel=\"canonical\" href=\"https:\/\/ww16.ce.gov.br\/crede17-seduc\/acesso-a-informacao\/comite-setorial-de-acesso-a-informacao\/\" \/>\n<meta property=\"og:locale\" content=\"pt_BR\" \/>\n<meta property=\"og:type\" content=\"article\" \/>\n<meta property=\"og:title\" content=\"COMIT\u00ca SETORIAL DE ACESSO \u00c0 INFORMA\u00c7\u00c3O - CREDE17-SEDUC\" \/>\n<meta property=\"og:description\" content=\"&nbsp; COMIT\u00ca SETORIAL DE ACESSO \u00c0 INFORMA\u00c7\u00c3O &nbsp; Olena Marta Bezerra Costa Coordenadora da Assessoria de Controle Interno e Ouvidoria \u2013 Ascov &nbsp; Marta Nayara Freitas C\u00e9lula de Desenvolvimento Institucional &#8211; Cedin\/Codip &nbsp; Iranir Rodrigues Loiola Articuladora da Assessora de Controle Interno e Ouvidoria \u2013 Ascov &nbsp; Sandra de C\u00e1cia Gomes Marinho Respons\u00e1vel pelo Servi\u00e7o [&hellip;]\" \/>\n<meta property=\"og:url\" content=\"https:\/\/ww16.ce.gov.br\/crede17-seduc\/acesso-a-informacao\/comite-setorial-de-acesso-a-informacao\/\" \/>\n<meta property=\"og:site_name\" content=\"CREDE17-SEDUC\" \/>\n<meta property=\"article:modified_time\" content=\"2025-05-02T16:19:20+00:00\" \/>\n<meta name=\"twitter:card\" content=\"summary_large_image\" \/>\n<meta name=\"twitter:label1\" content=\"Est. reading time\" \/>\n\t<meta name=\"twitter:data1\" content=\"1 minuto\" \/>\n<script type=\"application\/ld+json\" class=\"yoast-schema-graph\">{\"@context\":\"https:\/\/schema.org\",\"@graph\":[{\"@type\":\"WebPage\",\"@id\":\"https:\/\/ww16.ce.gov.br\/crede17-seduc\/acesso-a-informacao\/comite-setorial-de-acesso-a-informacao\/\",\"url\":\"https:\/\/ww16.ce.gov.br\/crede17-seduc\/acesso-a-informacao\/comite-setorial-de-acesso-a-informacao\/\",\"name\":\"COMIT\u00ca SETORIAL DE ACESSO \u00c0 INFORMA\u00c7\u00c3O - CREDE17-SEDUC\",\"isPartOf\":{\"@id\":\"https:\/\/ww16.ce.gov.br\/crede17-seduc\/#website\"},\"datePublished\":\"2024-05-02T16:00:26+00:00\",\"dateModified\":\"2025-05-02T16:19:20+00:00\",\"breadcrumb\":{\"@id\":\"https:\/\/ww16.ce.gov.br\/crede17-seduc\/acesso-a-informacao\/comite-setorial-de-acesso-a-informacao\/#breadcrumb\"},\"inLanguage\":\"pt-BR\",\"potentialAction\":[{\"@type\":\"ReadAction\",\"target\":[\"https:\/\/ww16.ce.gov.br\/crede17-seduc\/acesso-a-informacao\/comite-setorial-de-acesso-a-informacao\/\"]}]},{\"@type\":\"BreadcrumbList\",\"@id\":\"https:\/\/ww16.ce.gov.br\/crede17-seduc\/acesso-a-informacao\/comite-setorial-de-acesso-a-informacao\/#breadcrumb\",\"itemListElement\":[{\"@type\":\"ListItem\",\"position\":1,\"name\":\"In\u00edcio\",\"item\":\"https:\/\/ww16.ce.gov.br\/crede17-seduc\/\"},{\"@type\":\"ListItem\",\"position\":2,\"name\":\"Acesso \u00e0 Informa\u00e7\u00e3o\",\"item\":\"https:\/\/ww16.ce.gov.br\/crede17-seduc\/acesso-a-informacao\/\"},{\"@type\":\"ListItem\",\"position\":3,\"name\":\"COMIT\u00ca SETORIAL DE ACESSO \u00c0 INFORMA\u00c7\u00c3O\"}]},{\"@type\":\"WebSite\",\"@id\":\"https:\/\/ww16.ce.gov.br\/crede17-seduc\/#website\",\"url\":\"https:\/\/ww16.ce.gov.br\/crede17-seduc\/\",\"name\":\"CREDE17-SEDUC\",\"description\":\"Portal CREDE17-SEDUC\",\"potentialAction\":[{\"@type\":\"SearchAction\",\"target\":{\"@type\":\"EntryPoint\",\"urlTemplate\":\"https:\/\/ww16.ce.gov.br\/crede17-seduc\/?s={search_term_string}\"},\"query-input\":{\"@type\":\"PropertyValueSpecification\",\"valueRequired\":true,\"valueName\":\"search_term_string\"}}],\"inLanguage\":\"pt-BR\"}]}<\/script>\n<!-- \/ Yoast SEO plugin. -->","yoast_head_json":{"title":"COMIT\u00ca SETORIAL DE ACESSO \u00c0 INFORMA\u00c7\u00c3O - CREDE17-SEDUC","robots":{"index":"index","follow":"follow","max-snippet":"max-snippet:-1","max-image-preview":"max-image-preview:large","max-video-preview":"max-video-preview:-1"},"canonical":"https:\/\/ww16.ce.gov.br\/crede17-seduc\/acesso-a-informacao\/comite-setorial-de-acesso-a-informacao\/","og_locale":"pt_BR","og_type":"article","og_title":"COMIT\u00ca SETORIAL DE ACESSO \u00c0 INFORMA\u00c7\u00c3O - CREDE17-SEDUC","og_description":"&nbsp; COMIT\u00ca SETORIAL DE ACESSO \u00c0 INFORMA\u00c7\u00c3O &nbsp; Olena Marta Bezerra Costa Coordenadora da Assessoria de Controle Interno e Ouvidoria \u2013 Ascov &nbsp; Marta Nayara Freitas C\u00e9lula de Desenvolvimento Institucional &#8211; Cedin\/Codip &nbsp; Iranir Rodrigues Loiola Articuladora da Assessora de Controle Interno e Ouvidoria \u2013 Ascov &nbsp; Sandra de C\u00e1cia Gomes Marinho Respons\u00e1vel pelo Servi\u00e7o [&hellip;]","og_url":"https:\/\/ww16.ce.gov.br\/crede17-seduc\/acesso-a-informacao\/comite-setorial-de-acesso-a-informacao\/","og_site_name":"CREDE17-SEDUC","article_modified_time":"2025-05-02T16:19:20+00:00","twitter_card":"summary_large_image","twitter_misc":{"Est. reading time":"1 minuto"},"schema":{"@context":"https:\/\/schema.org","@graph":[{"@type":"WebPage","@id":"https:\/\/ww16.ce.gov.br\/crede17-seduc\/acesso-a-informacao\/comite-setorial-de-acesso-a-informacao\/","url":"https:\/\/ww16.ce.gov.br\/crede17-seduc\/acesso-a-informacao\/comite-setorial-de-acesso-a-informacao\/","name":"COMIT\u00ca SETORIAL DE ACESSO \u00c0 INFORMA\u00c7\u00c3O - CREDE17-SEDUC","isPartOf":{"@id":"https:\/\/ww16.ce.gov.br\/crede17-seduc\/#website"},"datePublished":"2024-05-02T16:00:26+00:00","dateModified":"2025-05-02T16:19:20+00:00","breadcrumb":{"@id":"https:\/\/ww16.ce.gov.br\/crede17-seduc\/acesso-a-informacao\/comite-setorial-de-acesso-a-informacao\/#breadcrumb"},"inLanguage":"pt-BR","potentialAction":[{"@type":"ReadAction","target":["https:\/\/ww16.ce.gov.br\/crede17-seduc\/acesso-a-informacao\/comite-setorial-de-acesso-a-informacao\/"]}]},{"@type":"BreadcrumbList","@id":"https:\/\/ww16.ce.gov.br\/crede17-seduc\/acesso-a-informacao\/comite-setorial-de-acesso-a-informacao\/#breadcrumb","itemListElement":[{"@type":"ListItem","position":1,"name":"In\u00edcio","item":"https:\/\/ww16.ce.gov.br\/crede17-seduc\/"},{"@type":"ListItem","position":2,"name":"Acesso \u00e0 Informa\u00e7\u00e3o","item":"https:\/\/ww16.ce.gov.br\/crede17-seduc\/acesso-a-informacao\/"},{"@type":"ListItem","position":3,"name":"COMIT\u00ca SETORIAL DE ACESSO \u00c0 INFORMA\u00c7\u00c3O"}]},{"@type":"WebSite","@id":"https:\/\/ww16.ce.gov.br\/crede17-seduc\/#website","url":"https:\/\/ww16.ce.gov.br\/crede17-seduc\/","name":"CREDE17-SEDUC","description":"Portal CREDE17-SEDUC","potentialAction":[{"@type":"SearchAction","target":{"@type":"EntryPoint","urlTemplate":"https:\/\/ww16.ce.gov.br\/crede17-seduc\/?s={search_term_string}"},"query-input":{"@type":"PropertyValueSpecification","valueRequired":true,"valueName":"search_term_string"}}],"inLanguage":"pt-BR"}]}},"_links":{"self":[{"href":"https:\/\/ww16.ce.gov.br\/crede17-seduc\/wp-json\/wp\/v2\/pages\/3222","targetHints":{"allow":["GET"]}}],"collection":[{"href":"https:\/\/ww16.ce.gov.br\/crede17-seduc\/wp-json\/wp\/v2\/pages"}],"about":[{"href":"https:\/\/ww16.ce.gov.br\/crede17-seduc\/wp-json\/wp\/v2\/types\/page"}],"author":[{"embeddable":true,"href":"https:\/\/ww16.ce.gov.br\/crede17-seduc\/wp-json\/wp\/v2\/users\/364"}],"replies":[{"embeddable":true,"href":"https:\/\/ww16.ce.gov.br\/crede17-seduc\/wp-json\/wp\/v2\/comments?post=3222"}],"version-history":[{"count":15,"href":"https:\/\/ww16.ce.gov.br\/crede17-seduc\/wp-json\/wp\/v2\/pages\/3222\/revisions"}],"predecessor-version":[{"id":7678,"href":"https:\/\/ww16.ce.gov.br\/crede17-seduc\/wp-json\/wp\/v2\/pages\/3222\/revisions\/7678"}],"up":[{"embeddable":true,"href":"https:\/\/ww16.ce.gov.br\/crede17-seduc\/wp-json\/wp\/v2\/pages\/3220"}],"wp:attachment":[{"href":"https:\/\/ww16.ce.gov.br\/crede17-seduc\/wp-json\/wp\/v2\/media?parent=3222"}],"curies":[{"name":"wp","href":"https:\/\/api.w.org\/{rel}","templated":true}]}}