{"id":3220,"date":"2024-08-27T16:00:34","date_gmt":"2024-08-27T19:00:34","guid":{"rendered":"http:\/\/www.crede17.seduc.ce.gov.br\/?page_id=3220"},"modified":"2024-08-27T16:15:02","modified_gmt":"2024-08-27T19:15:02","slug":"acesso-a-informacao","status":"publish","type":"page","link":"https:\/\/ww16.ce.gov.br\/crede17-seduc\/acesso-a-informacao\/","title":{"rendered":"Acesso \u00e0 Informa\u00e7\u00e3o"},"content":{"rendered":"<h2 class=\"-laranja\"><strong>Acesso \u00e0 Informa\u00e7\u00e3o<\/strong><\/h2>\n<p><img decoding=\"async\" class=\"alignnone size-full wp-image-67220\" src=\"https:\/\/ww2.ceara.gov.br\/wp-content\/uploads\/2018\/02\/banner-acesso-informacao3.png\" alt=\"\" width=\"100%\" \/><\/p>\n<p style=\"text-align: justify\">\n<p style=\"text-align: justify\">A Lei Estadual de Acesso \u00e0 Informa\u00e7\u00e3o, <a href=\"https:\/\/www.cge.ce.gov.br\/wp-content\/uploads\/sites\/20\/2018\/03\/Lei-n%C2%BA-15.175-28-de-junho-de-2012-2.pdf\" target=\"_blank\" rel=\"noopener noreferrer\">Lei n\u00ba 15.175\/2012,<\/a> institui como princ\u00edpio fundamental que o acesso \u00e0 informa\u00e7\u00e3o p\u00fablica \u00e9 a regra e o sigilo a exce\u00e7\u00e3o. Sua san\u00e7\u00e3o representa mais um importante passo para a consolida\u00e7\u00e3o do regime democr\u00e1tico e para o fortalecimento das pol\u00edticas de transpar\u00eancia p\u00fablica. A legisla\u00e7\u00e3o estadual vem complementar, no \u00e2mbito do Cear\u00e1, a Lei Geral de Acesso \u00e0 Informa\u00e7\u00e3o, <a href=\"https:\/\/www.acessoainformacao.gov.br\/assuntos\/conheca-seu-direito\/a-lei-de-acesso-a-informacao\" target=\"_blank\" rel=\"noopener noreferrer\">Lei n\u00ba 12.527\/2011<\/a>.<\/p>\n<p style=\"text-align: justify\">A mencionada <a href=\"https:\/\/www.cge.ce.gov.br\/wp-content\/uploads\/sites\/20\/2018\/04\/Decreto-N.-31.199.pdf\" target=\"_blank\" rel=\"noopener noreferrer\">Lei Estadual e o Decreto Estadual n\u00b0 31.199\/2013<\/a> determinam um rol m\u00ednimo de informa\u00e7\u00f5es que devem estar divulgadas proativamente (transpar\u00eancia ativa) nos s\u00edtios institucionais dos \u00f3rg\u00e3os e entidades, listadas nesta p\u00e1gina. As informa\u00e7\u00f5es de interesse do cidad\u00e3o que n\u00e3o estejam dispon\u00edveis na forma ativa, podem ser solicitadas clicando nos links dispon\u00edveis na guia \u201cFale Conosco\u201d (transpar\u00eancia passiva).<\/p>\n<p style=\"text-align: justify\">\n<p style=\"text-align: justify\">\n","protected":false},"excerpt":{"rendered":"<p>Acesso \u00e0 Informa\u00e7\u00e3o A Lei Estadual de Acesso \u00e0 Informa\u00e7\u00e3o, Lei n\u00ba 15.175\/2012, institui como princ\u00edpio fundamental que o acesso \u00e0 informa\u00e7\u00e3o p\u00fablica \u00e9 a regra e o sigilo a exce\u00e7\u00e3o. Sua san\u00e7\u00e3o representa mais um importante passo para a consolida\u00e7\u00e3o do regime democr\u00e1tico e para o fortalecimento das pol\u00edticas de transpar\u00eancia p\u00fablica. A legisla\u00e7\u00e3o [&hellip;]<\/p>\n","protected":false},"author":364,"featured_media":0,"parent":0,"menu_order":0,"comment_status":"closed","ping_status":"closed","template":"pagina-lista-filhas.php","meta":{"_acf_changed":false,"inline_featured_image":false,"footnotes":""},"class_list":["post-3220","page","type-page","status-publish","hentry"],"acf":[],"yoast_head":"<!-- This site is optimized with the Yoast SEO plugin v26.9 - https:\/\/yoast.com\/product\/yoast-seo-wordpress\/ -->\n<title>Acesso \u00e0 Informa\u00e7\u00e3o - CREDE17-SEDUC<\/title>\n<meta name=\"robots\" content=\"index, follow, max-snippet:-1, max-image-preview:large, max-video-preview:-1\" \/>\n<link rel=\"canonical\" href=\"https:\/\/ww16.ce.gov.br\/crede17-seduc\/acesso-a-informacao\/\" \/>\n<meta property=\"og:locale\" content=\"pt_BR\" \/>\n<meta property=\"og:type\" content=\"article\" \/>\n<meta property=\"og:title\" content=\"Acesso \u00e0 Informa\u00e7\u00e3o - CREDE17-SEDUC\" \/>\n<meta property=\"og:description\" content=\"Acesso \u00e0 Informa\u00e7\u00e3o A Lei Estadual de Acesso \u00e0 Informa\u00e7\u00e3o, Lei n\u00ba 15.175\/2012, institui como princ\u00edpio fundamental que o acesso \u00e0 informa\u00e7\u00e3o p\u00fablica \u00e9 a regra e o sigilo a exce\u00e7\u00e3o. Sua san\u00e7\u00e3o representa mais um importante passo para a consolida\u00e7\u00e3o do regime democr\u00e1tico e para o fortalecimento das pol\u00edticas de transpar\u00eancia p\u00fablica. A legisla\u00e7\u00e3o [&hellip;]\" \/>\n<meta property=\"og:url\" content=\"https:\/\/ww16.ce.gov.br\/crede17-seduc\/acesso-a-informacao\/\" \/>\n<meta property=\"og:site_name\" content=\"CREDE17-SEDUC\" \/>\n<meta property=\"article:modified_time\" content=\"2024-08-27T19:15:02+00:00\" \/>\n<meta property=\"og:image\" content=\"http:\/\/ww2.ceara.gov.br\/wp-content\/uploads\/2018\/02\/banner-acesso-informacao3.png\" \/>\n<meta name=\"twitter:card\" content=\"summary_large_image\" \/>\n<meta name=\"twitter:label1\" content=\"Est. reading time\" \/>\n\t<meta name=\"twitter:data1\" content=\"1 minuto\" \/>\n<script type=\"application\/ld+json\" class=\"yoast-schema-graph\">{\"@context\":\"https:\/\/schema.org\",\"@graph\":[{\"@type\":\"WebPage\",\"@id\":\"https:\/\/ww16.ce.gov.br\/crede17-seduc\/acesso-a-informacao\/\",\"url\":\"https:\/\/ww16.ce.gov.br\/crede17-seduc\/acesso-a-informacao\/\",\"name\":\"Acesso \u00e0 Informa\u00e7\u00e3o - CREDE17-SEDUC\",\"isPartOf\":{\"@id\":\"https:\/\/ww16.ce.gov.br\/crede17-seduc\/#website\"},\"primaryImageOfPage\":{\"@id\":\"https:\/\/ww16.ce.gov.br\/crede17-seduc\/acesso-a-informacao\/#primaryimage\"},\"image\":{\"@id\":\"https:\/\/ww16.ce.gov.br\/crede17-seduc\/acesso-a-informacao\/#primaryimage\"},\"thumbnailUrl\":\"http:\/\/ww2.ceara.gov.br\/wp-content\/uploads\/2018\/02\/banner-acesso-informacao3.png\",\"datePublished\":\"2024-08-27T19:00:34+00:00\",\"dateModified\":\"2024-08-27T19:15:02+00:00\",\"breadcrumb\":{\"@id\":\"https:\/\/ww16.ce.gov.br\/crede17-seduc\/acesso-a-informacao\/#breadcrumb\"},\"inLanguage\":\"pt-BR\",\"potentialAction\":[{\"@type\":\"ReadAction\",\"target\":[\"https:\/\/ww16.ce.gov.br\/crede17-seduc\/acesso-a-informacao\/\"]}]},{\"@type\":\"ImageObject\",\"inLanguage\":\"pt-BR\",\"@id\":\"https:\/\/ww16.ce.gov.br\/crede17-seduc\/acesso-a-informacao\/#primaryimage\",\"url\":\"http:\/\/ww2.ceara.gov.br\/wp-content\/uploads\/2018\/02\/banner-acesso-informacao3.png\",\"contentUrl\":\"http:\/\/ww2.ceara.gov.br\/wp-content\/uploads\/2018\/02\/banner-acesso-informacao3.png\"},{\"@type\":\"BreadcrumbList\",\"@id\":\"https:\/\/ww16.ce.gov.br\/crede17-seduc\/acesso-a-informacao\/#breadcrumb\",\"itemListElement\":[{\"@type\":\"ListItem\",\"position\":1,\"name\":\"In\u00edcio\",\"item\":\"https:\/\/ww16.ce.gov.br\/crede17-seduc\/\"},{\"@type\":\"ListItem\",\"position\":2,\"name\":\"Acesso \u00e0 Informa\u00e7\u00e3o\"}]},{\"@type\":\"WebSite\",\"@id\":\"https:\/\/ww16.ce.gov.br\/crede17-seduc\/#website\",\"url\":\"https:\/\/ww16.ce.gov.br\/crede17-seduc\/\",\"name\":\"CREDE17-SEDUC\",\"description\":\"Portal CREDE17-SEDUC\",\"potentialAction\":[{\"@type\":\"SearchAction\",\"target\":{\"@type\":\"EntryPoint\",\"urlTemplate\":\"https:\/\/ww16.ce.gov.br\/crede17-seduc\/?s={search_term_string}\"},\"query-input\":{\"@type\":\"PropertyValueSpecification\",\"valueRequired\":true,\"valueName\":\"search_term_string\"}}],\"inLanguage\":\"pt-BR\"}]}<\/script>\n<!-- \/ Yoast SEO plugin. -->","yoast_head_json":{"title":"Acesso \u00e0 Informa\u00e7\u00e3o - CREDE17-SEDUC","robots":{"index":"index","follow":"follow","max-snippet":"max-snippet:-1","max-image-preview":"max-image-preview:large","max-video-preview":"max-video-preview:-1"},"canonical":"https:\/\/ww16.ce.gov.br\/crede17-seduc\/acesso-a-informacao\/","og_locale":"pt_BR","og_type":"article","og_title":"Acesso \u00e0 Informa\u00e7\u00e3o - CREDE17-SEDUC","og_description":"Acesso \u00e0 Informa\u00e7\u00e3o A Lei Estadual de Acesso \u00e0 Informa\u00e7\u00e3o, Lei n\u00ba 15.175\/2012, institui como princ\u00edpio fundamental que o acesso \u00e0 informa\u00e7\u00e3o p\u00fablica \u00e9 a regra e o sigilo a exce\u00e7\u00e3o. Sua san\u00e7\u00e3o representa mais um importante passo para a consolida\u00e7\u00e3o do regime democr\u00e1tico e para o fortalecimento das pol\u00edticas de transpar\u00eancia p\u00fablica. A legisla\u00e7\u00e3o [&hellip;]","og_url":"https:\/\/ww16.ce.gov.br\/crede17-seduc\/acesso-a-informacao\/","og_site_name":"CREDE17-SEDUC","article_modified_time":"2024-08-27T19:15:02+00:00","og_image":[{"url":"http:\/\/ww2.ceara.gov.br\/wp-content\/uploads\/2018\/02\/banner-acesso-informacao3.png","type":"","width":"","height":""}],"twitter_card":"summary_large_image","twitter_misc":{"Est. reading time":"1 minuto"},"schema":{"@context":"https:\/\/schema.org","@graph":[{"@type":"WebPage","@id":"https:\/\/ww16.ce.gov.br\/crede17-seduc\/acesso-a-informacao\/","url":"https:\/\/ww16.ce.gov.br\/crede17-seduc\/acesso-a-informacao\/","name":"Acesso \u00e0 Informa\u00e7\u00e3o - CREDE17-SEDUC","isPartOf":{"@id":"https:\/\/ww16.ce.gov.br\/crede17-seduc\/#website"},"primaryImageOfPage":{"@id":"https:\/\/ww16.ce.gov.br\/crede17-seduc\/acesso-a-informacao\/#primaryimage"},"image":{"@id":"https:\/\/ww16.ce.gov.br\/crede17-seduc\/acesso-a-informacao\/#primaryimage"},"thumbnailUrl":"http:\/\/ww2.ceara.gov.br\/wp-content\/uploads\/2018\/02\/banner-acesso-informacao3.png","datePublished":"2024-08-27T19:00:34+00:00","dateModified":"2024-08-27T19:15:02+00:00","breadcrumb":{"@id":"https:\/\/ww16.ce.gov.br\/crede17-seduc\/acesso-a-informacao\/#breadcrumb"},"inLanguage":"pt-BR","potentialAction":[{"@type":"ReadAction","target":["https:\/\/ww16.ce.gov.br\/crede17-seduc\/acesso-a-informacao\/"]}]},{"@type":"ImageObject","inLanguage":"pt-BR","@id":"https:\/\/ww16.ce.gov.br\/crede17-seduc\/acesso-a-informacao\/#primaryimage","url":"http:\/\/ww2.ceara.gov.br\/wp-content\/uploads\/2018\/02\/banner-acesso-informacao3.png","contentUrl":"http:\/\/ww2.ceara.gov.br\/wp-content\/uploads\/2018\/02\/banner-acesso-informacao3.png"},{"@type":"BreadcrumbList","@id":"https:\/\/ww16.ce.gov.br\/crede17-seduc\/acesso-a-informacao\/#breadcrumb","itemListElement":[{"@type":"ListItem","position":1,"name":"In\u00edcio","item":"https:\/\/ww16.ce.gov.br\/crede17-seduc\/"},{"@type":"ListItem","position":2,"name":"Acesso \u00e0 Informa\u00e7\u00e3o"}]},{"@type":"WebSite","@id":"https:\/\/ww16.ce.gov.br\/crede17-seduc\/#website","url":"https:\/\/ww16.ce.gov.br\/crede17-seduc\/","name":"CREDE17-SEDUC","description":"Portal CREDE17-SEDUC","potentialAction":[{"@type":"SearchAction","target":{"@type":"EntryPoint","urlTemplate":"https:\/\/ww16.ce.gov.br\/crede17-seduc\/?s={search_term_string}"},"query-input":{"@type":"PropertyValueSpecification","valueRequired":true,"valueName":"search_term_string"}}],"inLanguage":"pt-BR"}]}},"_links":{"self":[{"href":"https:\/\/ww16.ce.gov.br\/crede17-seduc\/wp-json\/wp\/v2\/pages\/3220","targetHints":{"allow":["GET"]}}],"collection":[{"href":"https:\/\/ww16.ce.gov.br\/crede17-seduc\/wp-json\/wp\/v2\/pages"}],"about":[{"href":"https:\/\/ww16.ce.gov.br\/crede17-seduc\/wp-json\/wp\/v2\/types\/page"}],"author":[{"embeddable":true,"href":"https:\/\/ww16.ce.gov.br\/crede17-seduc\/wp-json\/wp\/v2\/users\/364"}],"replies":[{"embeddable":true,"href":"https:\/\/ww16.ce.gov.br\/crede17-seduc\/wp-json\/wp\/v2\/comments?post=3220"}],"version-history":[{"count":3,"href":"https:\/\/ww16.ce.gov.br\/crede17-seduc\/wp-json\/wp\/v2\/pages\/3220\/revisions"}],"predecessor-version":[{"id":7181,"href":"https:\/\/ww16.ce.gov.br\/crede17-seduc\/wp-json\/wp\/v2\/pages\/3220\/revisions\/7181"}],"wp:attachment":[{"href":"https:\/\/ww16.ce.gov.br\/crede17-seduc\/wp-json\/wp\/v2\/media?parent=3220"}],"curies":[{"name":"wp","href":"https:\/\/api.w.org\/{rel}","templated":true}]}}