{"id":3198,"date":"2021-09-20T11:22:38","date_gmt":"2021-09-20T14:22:38","guid":{"rendered":"http:\/\/www.crede17.seduc.ce.gov.br\/?page_id=3198"},"modified":"2023-06-19T14:12:35","modified_gmt":"2023-06-19T17:12:35","slug":"download","status":"publish","type":"page","link":"https:\/\/ww16.ce.gov.br\/crede17-seduc\/download\/","title":{"rendered":"Downloads"},"content":{"rendered":"<h3>Documentos para escolas, professores e alunos<\/h3>\n\n\n\n<section class=\" ListaMateriais  row\">\n    <hr>\n    \n            <div class=\"Card  Informativo  BgBranco  row\">\n\n            <div class=\"icon\">\n                <img decoding=\"async\" src=\"https:\/\/ww16.ce.gov.br\/crede17-seduc\/wp-content\/themes\/cegovbr\/assets\/images\/icon-clipes.png\" alt=\"\u00cdcone\">            <\/div>\n\n            <div class=\"tl-10  principal\">\n                <small class=\"data\"> 27 de junho de 2023<\/small>\n                <p> Protocolo de Nutri\u00e7\u00e3o Escolar <\/p>\n            <\/div>\n\n            <div class=\"action\"><a href=\"#\">\n                    <a class=\"baixar  ico-download\" href=\"https:\/\/www.crede17.seduc.ce.gov.br\/wp-content\/uploads\/sites\/129\/2023\/06\/Protocolo-de-Nutricao-Escolar-v23.06.27.pdf\">Download pdf<\/a>\n            <\/div>\n\n        <\/div>\n\n            <div class=\"Card  Informativo  BgBranco  row\">\n\n            <div class=\"icon\">\n                <img decoding=\"async\" src=\"https:\/\/ww16.ce.gov.br\/crede17-seduc\/wp-content\/themes\/cegovbr\/assets\/images\/icon-clipes.png\" alt=\"\u00cdcone\">            <\/div>\n\n            <div class=\"tl-10  principal\">\n                <small class=\"data\"> 20 de junho de 2023<\/small>\n                <p> Fluxo de publica\u00e7\u00f5es de portarias de Sele\u00e7\u00e3o de Professores para contrata\u00e7\u00e3o tempor\u00e1ria <\/p>\n            <\/div>\n\n            <div class=\"action\"><a href=\"#\">\n                    <a class=\"baixar  ico-download\" href=\"https:\/\/ww16.ce.gov.br\/crede17-seduc\/wp-content\/uploads\/sites\/129\/2023\/06\/Fluxo-de-publicacoes-de-portarias-de-Selecao-de-Professores-para-contratacao-temporaria.pdf\">Download pdf<\/a>\n            <\/div>\n\n        <\/div>\n\n            <div class=\"Card  Informativo  BgBranco  row\">\n\n            <div class=\"icon\">\n                <img decoding=\"async\" src=\"https:\/\/ww16.ce.gov.br\/crede17-seduc\/wp-content\/themes\/cegovbr\/assets\/images\/icon-clipes.png\" alt=\"\u00cdcone\">            <\/div>\n\n            <div class=\"tl-10  principal\">\n                <small class=\"data\"> 19 de junho de 2023<\/small>\n                <p> Protocolo para solicita\u00e7\u00e3o de toners TecnoSET <\/p>\n            <\/div>\n\n            <div class=\"action\"><a href=\"#\">\n                    <a class=\"baixar  ico-download\" href=\"https:\/\/www.crede17.seduc.ce.gov.br\/wp-content\/uploads\/sites\/129\/2023\/06\/Protocolo_para_Solocitacao_de_Toners_Tecnoset_v23.06.20.pdf\">Download pdf<\/a>\n            <\/div>\n\n        <\/div>\n\n            <div class=\"Card  Informativo  BgBranco  row\">\n\n            <div class=\"icon\">\n                <img decoding=\"async\" src=\"https:\/\/ww16.ce.gov.br\/crede17-seduc\/wp-content\/themes\/cegovbr\/assets\/images\/icon-clipes.png\" alt=\"\u00cdcone\">            <\/div>\n\n            <div class=\"tl-10  principal\">\n                <small class=\"data\"> 09 de mar\u00e7o de 2022<\/small>\n                <p> Forma\u00e7\u00e3o para implementa\u00e7\u00e3o do novo Ensino M\u00e9dio <\/p>\n            <\/div>\n\n            <div class=\"action\"><a href=\"#\">\n                    <a class=\"baixar  ico-download\" href=\"https:\/\/www.crede17.seduc.ce.gov.br\/wp-content\/uploads\/sites\/129\/2022\/03\/Matriz-Seriadas-2021.pdf\">Download pdf<\/a>\n            <\/div>\n\n        <\/div>\n\n            <div class=\"Card  Informativo  BgBranco  row\">\n\n            <div class=\"icon\">\n                <img decoding=\"async\" src=\"https:\/\/ww16.ce.gov.br\/crede17-seduc\/wp-content\/themes\/cegovbr\/assets\/images\/icon-clipes.png\" alt=\"\u00cdcone\">            <\/div>\n\n            <div class=\"tl-10  principal\">\n                <small class=\"data\"> 09 de mar\u00e7o de 2022<\/small>\n                <p> Protocolo Setorial &#8211; Retomada das Atividades Escolares <\/p>\n            <\/div>\n\n            <div class=\"action\"><a href=\"#\">\n                    <a class=\"baixar  ico-download\" href=\"https:\/\/www.crede17.seduc.ce.gov.br\/wp-content\/uploads\/sites\/129\/2022\/03\/1.ProtocoloSetorial_Educacao_N14.pdf\">Download pdf<\/a>\n            <\/div>\n\n        <\/div>\n\n            <div class=\"Card  Informativo  BgBranco  row\">\n\n            <div class=\"icon\">\n                <img decoding=\"async\" src=\"https:\/\/ww16.ce.gov.br\/crede17-seduc\/wp-content\/themes\/cegovbr\/assets\/images\/icon-balao.png\" alt=\"\u00cdcone\">            <\/div>\n\n            <div class=\"tl-10  principal\">\n                <small class=\"data\"> 08 de mar\u00e7o de 2022<\/small>\n                <p> Documento Curricular Referencial do Cear\u00e1 &#8211; Ensino M\u00e9dio <\/p>\n            <\/div>\n\n            <div class=\"action\"><a href=\"#\">\n                    <a class=\"baixar  ico-download\" href=\"https:\/\/www.crede17.seduc.ce.gov.br\/wp-content\/uploads\/sites\/129\/2022\/03\/DCRC-Ensino-Medio.pdf\">Download pdf<\/a>\n            <\/div>\n\n        <\/div>\n\n            <div class=\"Card  Informativo  BgBranco  row\">\n\n            <div class=\"icon\">\n                <img decoding=\"async\" src=\"https:\/\/ww16.ce.gov.br\/crede17-seduc\/wp-content\/themes\/cegovbr\/assets\/images\/icon-balao.png\" alt=\"\u00cdcone\">            <\/div>\n\n            <div class=\"tl-10  principal\">\n                <small class=\"data\"> 08 de mar\u00e7o de 2022<\/small>\n                <p> Diretrizes Ano Letivo 2022 <\/p>\n            <\/div>\n\n            <div class=\"action\"><a href=\"#\">\n                    <a class=\"baixar  ico-download\" href=\"https:\/\/www.crede17.seduc.ce.gov.br\/wp-content\/uploads\/sites\/129\/2022\/03\/Diretrizes-Ano-Letivo-2022.pdf\">Download pdf<\/a>\n            <\/div>\n\n        <\/div>\n\n            <div class=\"Card  Informativo  BgBranco  row\">\n\n            <div class=\"icon\">\n                <img decoding=\"async\" src=\"https:\/\/ww16.ce.gov.br\/crede17-seduc\/wp-content\/themes\/cegovbr\/assets\/images\/icon-balao.png\" alt=\"\u00cdcone\">            <\/div>\n\n            <div class=\"tl-10  principal\">\n                <small class=\"data\"> 22 de setembro de 2021<\/small>\n                <p> Guia dos estudantes &#8211; Tablet Educacional <\/p>\n            <\/div>\n\n            <div class=\"action\"><a href=\"#\">\n                    <a class=\"baixar  ico-download\" href=\"\/wp-content\/uploads\/sites\/129\/2021\/09\/Guia-dos-Estudantes-Tablet-Educacional.pdf\">Download pdf<\/a>\n            <\/div>\n\n        <\/div>\n\n    \n    <hr>\n<\/section>\n\n\n\n\n<h3>Modelos<\/h3>\n\n\n\n<section class=\" ListaMateriais  row\">\n    <hr>\n    \n            <div class=\"Card  Informativo  BgBranco  row\">\n\n            <div class=\"icon\">\n                <img decoding=\"async\" src=\"https:\/\/ww16.ce.gov.br\/crede17-seduc\/wp-content\/themes\/cegovbr\/assets\/images\/icon-clipes.png\" alt=\"\u00cdcone\">            <\/div>\n\n            <div class=\"tl-10  principal\">\n                <small class=\"data\"> 27 de junho de 2023<\/small>\n                <p> Papel timbrado da CREDE17 <\/p>\n            <\/div>\n\n            <div class=\"action\"><a href=\"#\">\n                    <a class=\"baixar  ico-download\" href=\"https:\/\/drive.google.com\/drive\/folders\/1XbgAx-jClTfUz-EizhlXhRIHTnlT54h-?usp=sharing\">Download pdf<\/a>\n            <\/div>\n\n        <\/div>\n\n            <div class=\"Card  Informativo  BgBranco  row\">\n\n            <div class=\"icon\">\n                <img decoding=\"async\" src=\"https:\/\/ww16.ce.gov.br\/crede17-seduc\/wp-content\/themes\/cegovbr\/assets\/images\/icon-clipes.png\" alt=\"\u00cdcone\">            <\/div>\n\n            <div class=\"tl-10  principal\">\n                <small class=\"data\"> 27 de junho de 2023<\/small>\n                <p> S\u00edmbolos e Logos da CREDE17\/SEDUC-CE <\/p>\n            <\/div>\n\n            <div class=\"action\"><a href=\"#\">\n                    <a class=\"baixar  ico-download\" href=\"https:\/\/drive.google.com\/drive\/folders\/155wZ2rGEGRmjVpad4gf3GcpIs46kPJ_r?usp=sharing\">Download pdf<\/a>\n            <\/div>\n\n        <\/div>\n\n    \n    <hr>\n<\/section>\n\n\n\n\n<h3>Documentos internos CREDE17<\/h3>\n\n\n\n<section class=\" ListaMateriais  row\">\n    <hr>\n    \n            <div class=\"Card  Informativo  BgBranco  row\">\n\n            <div class=\"icon\">\n                <img decoding=\"async\" src=\"https:\/\/ww16.ce.gov.br\/crede17-seduc\/wp-content\/themes\/cegovbr\/assets\/images\/icon-clipes.png\" alt=\"\u00cdcone\">            <\/div>\n\n            <div class=\"tl-10  principal\">\n                <small class=\"data\"> 19 de junho de 2023<\/small>\n                <p> Protocolos e Fluxos <\/p>\n            <\/div>\n\n            <div class=\"action\"><a href=\"#\">\n                    <a class=\"baixar  ico-download\" href=\"https:\/\/drive.google.com\/drive\/folders\/1QTVmrBZeqqhA-OnNeft89aUGxTs4Dh6J?usp=sharing\">Download pdf<\/a>\n            <\/div>\n\n        <\/div>\n\n    \n    <hr>\n<\/section>\n\n\n\n\n<p>&nbsp;<\/p>\n","protected":false},"excerpt":{"rendered":"<p>Documentos para escolas, professores e alunos Modelos Documentos internos CREDE17 &nbsp;<\/p>\n","protected":false},"author":520,"featured_media":0,"parent":0,"menu_order":0,"comment_status":"closed","ping_status":"closed","template":"","meta":{"_acf_changed":false,"inline_featured_image":false,"footnotes":""},"class_list":["post-3198","page","type-page","status-publish","hentry"],"acf":[],"yoast_head":"<!-- This site is optimized with the Yoast SEO plugin v26.9 - https:\/\/yoast.com\/product\/yoast-seo-wordpress\/ -->\n<title>Downloads - CREDE17-SEDUC<\/title>\n<meta name=\"robots\" content=\"index, follow, max-snippet:-1, max-image-preview:large, max-video-preview:-1\" \/>\n<link rel=\"canonical\" href=\"https:\/\/ww16.ce.gov.br\/crede17-seduc\/download\/\" \/>\n<meta property=\"og:locale\" content=\"pt_BR\" \/>\n<meta property=\"og:type\" content=\"article\" \/>\n<meta property=\"og:title\" content=\"Downloads - CREDE17-SEDUC\" \/>\n<meta property=\"og:description\" content=\"Documentos para escolas, professores e alunos Modelos Documentos internos CREDE17 &nbsp;\" \/>\n<meta property=\"og:url\" content=\"https:\/\/ww16.ce.gov.br\/crede17-seduc\/download\/\" \/>\n<meta property=\"og:site_name\" content=\"CREDE17-SEDUC\" \/>\n<meta property=\"article:modified_time\" content=\"2023-06-19T17:12:35+00:00\" \/>\n<meta name=\"twitter:card\" content=\"summary_large_image\" \/>\n<meta name=\"twitter:label1\" content=\"Est. reading time\" \/>\n\t<meta name=\"twitter:data1\" content=\"1 minuto\" \/>\n<script type=\"application\/ld+json\" class=\"yoast-schema-graph\">{\"@context\":\"https:\/\/schema.org\",\"@graph\":[{\"@type\":\"WebPage\",\"@id\":\"https:\/\/ww16.ce.gov.br\/crede17-seduc\/download\/\",\"url\":\"https:\/\/ww16.ce.gov.br\/crede17-seduc\/download\/\",\"name\":\"Downloads - CREDE17-SEDUC\",\"isPartOf\":{\"@id\":\"https:\/\/ww16.ce.gov.br\/crede17-seduc\/#website\"},\"datePublished\":\"2021-09-20T14:22:38+00:00\",\"dateModified\":\"2023-06-19T17:12:35+00:00\",\"breadcrumb\":{\"@id\":\"https:\/\/ww16.ce.gov.br\/crede17-seduc\/download\/#breadcrumb\"},\"inLanguage\":\"pt-BR\",\"potentialAction\":[{\"@type\":\"ReadAction\",\"target\":[\"https:\/\/ww16.ce.gov.br\/crede17-seduc\/download\/\"]}]},{\"@type\":\"BreadcrumbList\",\"@id\":\"https:\/\/ww16.ce.gov.br\/crede17-seduc\/download\/#breadcrumb\",\"itemListElement\":[{\"@type\":\"ListItem\",\"position\":1,\"name\":\"In\u00edcio\",\"item\":\"https:\/\/ww16.ce.gov.br\/crede17-seduc\/\"},{\"@type\":\"ListItem\",\"position\":2,\"name\":\"Downloads\"}]},{\"@type\":\"WebSite\",\"@id\":\"https:\/\/ww16.ce.gov.br\/crede17-seduc\/#website\",\"url\":\"https:\/\/ww16.ce.gov.br\/crede17-seduc\/\",\"name\":\"CREDE17-SEDUC\",\"description\":\"Portal CREDE17-SEDUC\",\"potentialAction\":[{\"@type\":\"SearchAction\",\"target\":{\"@type\":\"EntryPoint\",\"urlTemplate\":\"https:\/\/ww16.ce.gov.br\/crede17-seduc\/?s={search_term_string}\"},\"query-input\":{\"@type\":\"PropertyValueSpecification\",\"valueRequired\":true,\"valueName\":\"search_term_string\"}}],\"inLanguage\":\"pt-BR\"}]}<\/script>\n<!-- \/ Yoast SEO plugin. -->","yoast_head_json":{"title":"Downloads - CREDE17-SEDUC","robots":{"index":"index","follow":"follow","max-snippet":"max-snippet:-1","max-image-preview":"max-image-preview:large","max-video-preview":"max-video-preview:-1"},"canonical":"https:\/\/ww16.ce.gov.br\/crede17-seduc\/download\/","og_locale":"pt_BR","og_type":"article","og_title":"Downloads - CREDE17-SEDUC","og_description":"Documentos para escolas, professores e alunos Modelos Documentos internos CREDE17 &nbsp;","og_url":"https:\/\/ww16.ce.gov.br\/crede17-seduc\/download\/","og_site_name":"CREDE17-SEDUC","article_modified_time":"2023-06-19T17:12:35+00:00","twitter_card":"summary_large_image","twitter_misc":{"Est. reading time":"1 minuto"},"schema":{"@context":"https:\/\/schema.org","@graph":[{"@type":"WebPage","@id":"https:\/\/ww16.ce.gov.br\/crede17-seduc\/download\/","url":"https:\/\/ww16.ce.gov.br\/crede17-seduc\/download\/","name":"Downloads - CREDE17-SEDUC","isPartOf":{"@id":"https:\/\/ww16.ce.gov.br\/crede17-seduc\/#website"},"datePublished":"2021-09-20T14:22:38+00:00","dateModified":"2023-06-19T17:12:35+00:00","breadcrumb":{"@id":"https:\/\/ww16.ce.gov.br\/crede17-seduc\/download\/#breadcrumb"},"inLanguage":"pt-BR","potentialAction":[{"@type":"ReadAction","target":["https:\/\/ww16.ce.gov.br\/crede17-seduc\/download\/"]}]},{"@type":"BreadcrumbList","@id":"https:\/\/ww16.ce.gov.br\/crede17-seduc\/download\/#breadcrumb","itemListElement":[{"@type":"ListItem","position":1,"name":"In\u00edcio","item":"https:\/\/ww16.ce.gov.br\/crede17-seduc\/"},{"@type":"ListItem","position":2,"name":"Downloads"}]},{"@type":"WebSite","@id":"https:\/\/ww16.ce.gov.br\/crede17-seduc\/#website","url":"https:\/\/ww16.ce.gov.br\/crede17-seduc\/","name":"CREDE17-SEDUC","description":"Portal CREDE17-SEDUC","potentialAction":[{"@type":"SearchAction","target":{"@type":"EntryPoint","urlTemplate":"https:\/\/ww16.ce.gov.br\/crede17-seduc\/?s={search_term_string}"},"query-input":{"@type":"PropertyValueSpecification","valueRequired":true,"valueName":"search_term_string"}}],"inLanguage":"pt-BR"}]}},"_links":{"self":[{"href":"https:\/\/ww16.ce.gov.br\/crede17-seduc\/wp-json\/wp\/v2\/pages\/3198","targetHints":{"allow":["GET"]}}],"collection":[{"href":"https:\/\/ww16.ce.gov.br\/crede17-seduc\/wp-json\/wp\/v2\/pages"}],"about":[{"href":"https:\/\/ww16.ce.gov.br\/crede17-seduc\/wp-json\/wp\/v2\/types\/page"}],"author":[{"embeddable":true,"href":"https:\/\/ww16.ce.gov.br\/crede17-seduc\/wp-json\/wp\/v2\/users\/520"}],"replies":[{"embeddable":true,"href":"https:\/\/ww16.ce.gov.br\/crede17-seduc\/wp-json\/wp\/v2\/comments?post=3198"}],"version-history":[{"count":17,"href":"https:\/\/ww16.ce.gov.br\/crede17-seduc\/wp-json\/wp\/v2\/pages\/3198\/revisions"}],"predecessor-version":[{"id":5482,"href":"https:\/\/ww16.ce.gov.br\/crede17-seduc\/wp-json\/wp\/v2\/pages\/3198\/revisions\/5482"}],"wp:attachment":[{"href":"https:\/\/ww16.ce.gov.br\/crede17-seduc\/wp-json\/wp\/v2\/media?parent=3198"}],"curies":[{"name":"wp","href":"https:\/\/api.w.org\/{rel}","templated":true}]}}