{"id":3177,"date":"2024-06-25T10:00:29","date_gmt":"2024-06-25T13:00:29","guid":{"rendered":"http:\/\/www.crede17.seduc.ce.gov.br\/?page_id=3177"},"modified":"2024-06-25T10:20:43","modified_gmt":"2024-06-25T13:20:43","slug":"sistemas-crede17","status":"publish","type":"page","link":"https:\/\/ww16.ce.gov.br\/crede17-seduc\/sistemas\/sistemas-crede17\/","title":{"rendered":"Sistemas CREDE17"},"content":{"rendered":"<p>&nbsp;<\/p>\n<p>&nbsp;<\/p>\n<ul class=\"ListaEst col2\">\n<li><a href=\"https:\/\/credeerp.mooo.com\/\" target=\"_blank\" rel=\"noopener noreferrer\"><span style=\"font-size: 28px\">?\u200d?<\/span> Funcion\u00e1rios e escolas <small>CREDE ERP<\/small> <\/a><\/li>\n<li><a href=\"https:\/\/credeerp.mooo.com\/\" target=\"_blank\" rel=\"noopener noreferrer\"><span style=\"font-size: 28px\">?<\/span> Agendamento de Locais e Equipamentos <small>CREDE Reversas<\/small> <\/a><\/li>\n<li><a href=\"https:\/\/docs.google.com\/spreadsheets\/d\/1K2-JukwqBtUnaaKaYDiwomShRSAuBfQD7UsuMvlnpGs\/edit?usp=sharing\" target=\"_blank\" rel=\"noopener noreferrer\"><span style=\"font-size: 28px\">?<\/span> Solicita\u00e7\u00f5es de Materiais<small>para Trabalho<\/small> <\/a><\/li>\n<li><a href=\"https:\/\/docs.google.com\/spreadsheets\/d\/15LzYdS07dmhM6qLQiCpgAGEeYUTtBwWy5xswo0pJwIY\/edit?usp=sharing\" target=\"_blank\" rel=\"noopener noreferrer\"><span style=\"font-size: 28px\">?<\/span> Or\u00e7amento Participativo <small>CREDE17<\/small> <\/a><\/li>\n<li><a href=\"https:\/\/docs.google.com\/spreadsheets\/d\/1fJVqnRGxpdY_29cBa0C8CWZTGPHwZm1Hvo_EOEhl5eY\/edit?usp=sharing\" target=\"_blank\" rel=\"noopener noreferrer\"><span style=\"font-size: 28px\">?\u200d\u2695\ufe0f<\/span> Controle de Faltas e Atestados M\u00e9dicos <small>CREDE17<\/small> <\/a><\/li>\n<\/ul>\n","protected":false},"excerpt":{"rendered":"<p>&nbsp; &nbsp; ?\u200d? Funcion\u00e1rios e escolas CREDE ERP ? Agendamento de Locais e Equipamentos CREDE Reversas ? Solicita\u00e7\u00f5es de Materiaispara Trabalho ? Or\u00e7amento Participativo CREDE17 ?\u200d\u2695\ufe0f Controle de Faltas e Atestados M\u00e9dicos CREDE17<\/p>\n","protected":false},"author":520,"featured_media":0,"parent":3164,"menu_order":0,"comment_status":"closed","ping_status":"closed","template":"pagina-lista-filhas.php","meta":{"_acf_changed":false,"inline_featured_image":false,"footnotes":""},"class_list":["post-3177","page","type-page","status-publish","hentry"],"acf":[],"yoast_head":"<!-- This site is optimized with the Yoast SEO plugin v26.9 - https:\/\/yoast.com\/product\/yoast-seo-wordpress\/ -->\n<title>Sistemas CREDE17 - CREDE17-SEDUC<\/title>\n<meta name=\"robots\" content=\"index, follow, max-snippet:-1, max-image-preview:large, max-video-preview:-1\" \/>\n<link rel=\"canonical\" href=\"https:\/\/ww16.ce.gov.br\/crede17-seduc\/sistemas\/sistemas-crede17\/\" \/>\n<meta property=\"og:locale\" content=\"pt_BR\" \/>\n<meta property=\"og:type\" content=\"article\" \/>\n<meta property=\"og:title\" content=\"Sistemas CREDE17 - CREDE17-SEDUC\" \/>\n<meta property=\"og:description\" content=\"&nbsp; &nbsp; ?\u200d? Funcion\u00e1rios e escolas CREDE ERP ? Agendamento de Locais e Equipamentos CREDE Reversas ? Solicita\u00e7\u00f5es de Materiaispara Trabalho ? Or\u00e7amento Participativo CREDE17 ?\u200d\u2695\ufe0f Controle de Faltas e Atestados M\u00e9dicos CREDE17\" \/>\n<meta property=\"og:url\" content=\"https:\/\/ww16.ce.gov.br\/crede17-seduc\/sistemas\/sistemas-crede17\/\" \/>\n<meta property=\"og:site_name\" content=\"CREDE17-SEDUC\" \/>\n<meta property=\"article:modified_time\" content=\"2024-06-25T13:20:43+00:00\" \/>\n<meta name=\"twitter:card\" content=\"summary_large_image\" \/>\n<meta name=\"twitter:label1\" content=\"Est. reading time\" \/>\n\t<meta name=\"twitter:data1\" content=\"1 minuto\" \/>\n<script type=\"application\/ld+json\" class=\"yoast-schema-graph\">{\"@context\":\"https:\/\/schema.org\",\"@graph\":[{\"@type\":\"WebPage\",\"@id\":\"https:\/\/ww16.ce.gov.br\/crede17-seduc\/sistemas\/sistemas-crede17\/\",\"url\":\"https:\/\/ww16.ce.gov.br\/crede17-seduc\/sistemas\/sistemas-crede17\/\",\"name\":\"Sistemas CREDE17 - CREDE17-SEDUC\",\"isPartOf\":{\"@id\":\"https:\/\/ww16.ce.gov.br\/crede17-seduc\/#website\"},\"datePublished\":\"2024-06-25T13:00:29+00:00\",\"dateModified\":\"2024-06-25T13:20:43+00:00\",\"breadcrumb\":{\"@id\":\"https:\/\/ww16.ce.gov.br\/crede17-seduc\/sistemas\/sistemas-crede17\/#breadcrumb\"},\"inLanguage\":\"pt-BR\",\"potentialAction\":[{\"@type\":\"ReadAction\",\"target\":[\"https:\/\/ww16.ce.gov.br\/crede17-seduc\/sistemas\/sistemas-crede17\/\"]}]},{\"@type\":\"BreadcrumbList\",\"@id\":\"https:\/\/ww16.ce.gov.br\/crede17-seduc\/sistemas\/sistemas-crede17\/#breadcrumb\",\"itemListElement\":[{\"@type\":\"ListItem\",\"position\":1,\"name\":\"In\u00edcio\",\"item\":\"https:\/\/ww16.ce.gov.br\/crede17-seduc\/\"},{\"@type\":\"ListItem\",\"position\":2,\"name\":\"Sistemas\",\"item\":\"https:\/\/ww16.ce.gov.br\/crede17-seduc\/sistemas\/\"},{\"@type\":\"ListItem\",\"position\":3,\"name\":\"Sistemas CREDE17\"}]},{\"@type\":\"WebSite\",\"@id\":\"https:\/\/ww16.ce.gov.br\/crede17-seduc\/#website\",\"url\":\"https:\/\/ww16.ce.gov.br\/crede17-seduc\/\",\"name\":\"CREDE17-SEDUC\",\"description\":\"Portal CREDE17-SEDUC\",\"potentialAction\":[{\"@type\":\"SearchAction\",\"target\":{\"@type\":\"EntryPoint\",\"urlTemplate\":\"https:\/\/ww16.ce.gov.br\/crede17-seduc\/?s={search_term_string}\"},\"query-input\":{\"@type\":\"PropertyValueSpecification\",\"valueRequired\":true,\"valueName\":\"search_term_string\"}}],\"inLanguage\":\"pt-BR\"}]}<\/script>\n<!-- \/ Yoast SEO plugin. -->","yoast_head_json":{"title":"Sistemas CREDE17 - CREDE17-SEDUC","robots":{"index":"index","follow":"follow","max-snippet":"max-snippet:-1","max-image-preview":"max-image-preview:large","max-video-preview":"max-video-preview:-1"},"canonical":"https:\/\/ww16.ce.gov.br\/crede17-seduc\/sistemas\/sistemas-crede17\/","og_locale":"pt_BR","og_type":"article","og_title":"Sistemas CREDE17 - CREDE17-SEDUC","og_description":"&nbsp; &nbsp; ?\u200d? Funcion\u00e1rios e escolas CREDE ERP ? Agendamento de Locais e Equipamentos CREDE Reversas ? Solicita\u00e7\u00f5es de Materiaispara Trabalho ? Or\u00e7amento Participativo CREDE17 ?\u200d\u2695\ufe0f Controle de Faltas e Atestados M\u00e9dicos CREDE17","og_url":"https:\/\/ww16.ce.gov.br\/crede17-seduc\/sistemas\/sistemas-crede17\/","og_site_name":"CREDE17-SEDUC","article_modified_time":"2024-06-25T13:20:43+00:00","twitter_card":"summary_large_image","twitter_misc":{"Est. reading time":"1 minuto"},"schema":{"@context":"https:\/\/schema.org","@graph":[{"@type":"WebPage","@id":"https:\/\/ww16.ce.gov.br\/crede17-seduc\/sistemas\/sistemas-crede17\/","url":"https:\/\/ww16.ce.gov.br\/crede17-seduc\/sistemas\/sistemas-crede17\/","name":"Sistemas CREDE17 - CREDE17-SEDUC","isPartOf":{"@id":"https:\/\/ww16.ce.gov.br\/crede17-seduc\/#website"},"datePublished":"2024-06-25T13:00:29+00:00","dateModified":"2024-06-25T13:20:43+00:00","breadcrumb":{"@id":"https:\/\/ww16.ce.gov.br\/crede17-seduc\/sistemas\/sistemas-crede17\/#breadcrumb"},"inLanguage":"pt-BR","potentialAction":[{"@type":"ReadAction","target":["https:\/\/ww16.ce.gov.br\/crede17-seduc\/sistemas\/sistemas-crede17\/"]}]},{"@type":"BreadcrumbList","@id":"https:\/\/ww16.ce.gov.br\/crede17-seduc\/sistemas\/sistemas-crede17\/#breadcrumb","itemListElement":[{"@type":"ListItem","position":1,"name":"In\u00edcio","item":"https:\/\/ww16.ce.gov.br\/crede17-seduc\/"},{"@type":"ListItem","position":2,"name":"Sistemas","item":"https:\/\/ww16.ce.gov.br\/crede17-seduc\/sistemas\/"},{"@type":"ListItem","position":3,"name":"Sistemas CREDE17"}]},{"@type":"WebSite","@id":"https:\/\/ww16.ce.gov.br\/crede17-seduc\/#website","url":"https:\/\/ww16.ce.gov.br\/crede17-seduc\/","name":"CREDE17-SEDUC","description":"Portal CREDE17-SEDUC","potentialAction":[{"@type":"SearchAction","target":{"@type":"EntryPoint","urlTemplate":"https:\/\/ww16.ce.gov.br\/crede17-seduc\/?s={search_term_string}"},"query-input":{"@type":"PropertyValueSpecification","valueRequired":true,"valueName":"search_term_string"}}],"inLanguage":"pt-BR"}]}},"_links":{"self":[{"href":"https:\/\/ww16.ce.gov.br\/crede17-seduc\/wp-json\/wp\/v2\/pages\/3177","targetHints":{"allow":["GET"]}}],"collection":[{"href":"https:\/\/ww16.ce.gov.br\/crede17-seduc\/wp-json\/wp\/v2\/pages"}],"about":[{"href":"https:\/\/ww16.ce.gov.br\/crede17-seduc\/wp-json\/wp\/v2\/types\/page"}],"author":[{"embeddable":true,"href":"https:\/\/ww16.ce.gov.br\/crede17-seduc\/wp-json\/wp\/v2\/users\/520"}],"replies":[{"embeddable":true,"href":"https:\/\/ww16.ce.gov.br\/crede17-seduc\/wp-json\/wp\/v2\/comments?post=3177"}],"version-history":[{"count":40,"href":"https:\/\/ww16.ce.gov.br\/crede17-seduc\/wp-json\/wp\/v2\/pages\/3177\/revisions"}],"predecessor-version":[{"id":6844,"href":"https:\/\/ww16.ce.gov.br\/crede17-seduc\/wp-json\/wp\/v2\/pages\/3177\/revisions\/6844"}],"up":[{"embeddable":true,"href":"https:\/\/ww16.ce.gov.br\/crede17-seduc\/wp-json\/wp\/v2\/pages\/3164"}],"wp:attachment":[{"href":"https:\/\/ww16.ce.gov.br\/crede17-seduc\/wp-json\/wp\/v2\/media?parent=3177"}],"curies":[{"name":"wp","href":"https:\/\/api.w.org\/{rel}","templated":true}]}}