{"id":3175,"date":"2021-09-20T09:48:56","date_gmt":"2021-09-20T12:48:56","guid":{"rendered":"http:\/\/www.crede17.seduc.ce.gov.br\/?page_id=3175"},"modified":"2023-03-15T15:17:13","modified_gmt":"2023-03-15T18:17:13","slug":"sistemas-para-as-escolas","status":"publish","type":"page","link":"https:\/\/ww16.ce.gov.br\/crede17-seduc\/sistemas\/sistemas-para-as-escolas\/","title":{"rendered":"Sistemas das Escolas"},"content":{"rendered":"<p>&nbsp;<\/p>\n<p>&nbsp;<\/p>\n<ul class=\"ListaEst col2\">\n<li><a href=\"https:\/\/atendimento.seduc.ce.gov.br\/otrs\/customer.pl\" target=\"_blank\" rel=\"noopener noreferrer\"><span style=\"font-size: 28px\">?\u200d?<\/span> Chamados de TI <small>Suporte T\u00e9cnico<\/small> <\/a><\/li>\n<li><a href=\"https:\/\/avisosdemanutencao.etice.ce.gov.br\/avisomanutencao\/cli\/\" target=\"_blank\" rel=\"noopener noreferrer\"><span style=\"font-size: 28px\">?<\/span> Avisos de Manuten\u00e7\u00e3o <small>ETICE<\/small> <\/a><\/li>\n<li><a href=\"https:\/\/docs.google.com\/spreadsheets\/d\/1p2Ofd97YK52F0cvpHZF0pFNVGyQjTF5VNO7xYTmavRU\/edit?usp=sharing\" target=\"_blank\" rel=\"noopener noreferrer\"><span style=\"font-size: 28px\">?<\/span> Farol Financeiro <small>CREDE17<\/small> <\/a><\/li>\n<li><a href=\"https:\/\/sige.seduc.ce.gov.br\/\" target=\"_blank\" rel=\"noopener noreferrer\"><span style=\"font-size: 28px\">?\u200d?<\/span> Lota\u00e7\u00e3o <small>SIGE ESCOLA<\/small> <\/a><\/li>\n<li><a href=\"https:\/\/sigect.seduc.ce.gov.br\/sigect\/faces\/login.jsp\" target=\"_blank\" rel=\"noopener noreferrer\"><span style=\"font-size: 28px\">?<\/span> Contrato Tempor\u00e1rio <small>SIGE CT<\/small> <\/a><\/li>\n<li><a href=\"https:\/\/frequencia.seduc.ce.gov.br\/frequencia\/login.jsf\" target=\"_blank\" rel=\"noopener noreferrer\"><span style=\"font-size: 28px\">?<\/span> Frequ\u00eancia <small>SIGE RH<\/small> <\/a><\/li>\n<li><a href=\"https:\/\/sigerh.seduc.ce.gov.br\/sigerh\/login.jsf\" target=\"_blank\" rel=\"noopener noreferrer\"><span style=\"font-size: 28px\">?\ufe0f<\/span> Gest\u00e3o de Recursos Humanos <small>SIGE RH<\/small> <\/a><\/li>\n<li><a href=\"https:\/\/concurso.seduc.ce.gov.br\/concurso\/faces\/login.jsp\" target=\"_blank\" rel=\"noopener noreferrer\"><span style=\"font-size: 28px\">?\u200d?<\/span> Concurso <small>SIGE<\/small> <\/a><\/li>\n<li><a href=\"https:\/\/diario.seduc.ce.gov.br\" target=\"_blank\" rel=\"noopener noreferrer\"><span style=\"font-size: 28px\">?<\/span> Di\u00e1rio Online<small>SEDUC<\/small> <\/a><\/li>\n<li><a href=\"https:\/\/appsweb.seplag.ce.gov.br\/cviproc\/pages\/principal.seam\" target=\"_blank\" rel=\"noopener noreferrer\"><span style=\"font-size: 28px\">?<\/span> ViProc Consulta<small>SEPLAG<\/small> <\/a><\/li>\n<li><a href=\"https:\/\/appsweb.seplag.ce.gov.br\/cac\/pages\/formulario\/aceitarTermos.seam\" target=\"_blank\" rel=\"noopener noreferrer\"><span style=\"font-size: 28px\">?<\/span> Certid\u00e3o de Acumula\u00e7\u00e3o de Cargos<small>SEPLAG<\/small> <\/a><\/li>\n<\/ul>\n","protected":false},"excerpt":{"rendered":"<p>&nbsp; &nbsp; ?\u200d? Chamados de TI Suporte T\u00e9cnico ? Avisos de Manuten\u00e7\u00e3o ETICE ? Farol Financeiro CREDE17 ?\u200d? Lota\u00e7\u00e3o SIGE ESCOLA ? Contrato Tempor\u00e1rio SIGE CT ? Frequ\u00eancia SIGE RH ?\ufe0f Gest\u00e3o de Recursos Humanos SIGE RH ?\u200d? Concurso SIGE ? Di\u00e1rio OnlineSEDUC ? ViProc ConsultaSEPLAG ? Certid\u00e3o de Acumula\u00e7\u00e3o de CargosSEPLAG<\/p>\n","protected":false},"author":520,"featured_media":0,"parent":3164,"menu_order":0,"comment_status":"closed","ping_status":"closed","template":"","meta":{"_acf_changed":false,"inline_featured_image":false,"footnotes":""},"class_list":["post-3175","page","type-page","status-publish","hentry"],"acf":[],"yoast_head":"<!-- This site is optimized with the Yoast SEO plugin v26.9 - https:\/\/yoast.com\/product\/yoast-seo-wordpress\/ -->\n<title>Sistemas das Escolas - CREDE17-SEDUC<\/title>\n<meta name=\"robots\" content=\"index, follow, max-snippet:-1, max-image-preview:large, max-video-preview:-1\" \/>\n<link rel=\"canonical\" href=\"https:\/\/ww16.ce.gov.br\/crede17-seduc\/sistemas\/sistemas-para-as-escolas\/\" \/>\n<meta property=\"og:locale\" content=\"pt_BR\" \/>\n<meta property=\"og:type\" content=\"article\" \/>\n<meta property=\"og:title\" content=\"Sistemas das Escolas - CREDE17-SEDUC\" \/>\n<meta property=\"og:description\" content=\"&nbsp; &nbsp; ?\u200d? Chamados de TI Suporte T\u00e9cnico ? Avisos de Manuten\u00e7\u00e3o ETICE ? Farol Financeiro CREDE17 ?\u200d? Lota\u00e7\u00e3o SIGE ESCOLA ? Contrato Tempor\u00e1rio SIGE CT ? Frequ\u00eancia SIGE RH ?\ufe0f Gest\u00e3o de Recursos Humanos SIGE RH ?\u200d? Concurso SIGE ? Di\u00e1rio OnlineSEDUC ? ViProc ConsultaSEPLAG ? Certid\u00e3o de Acumula\u00e7\u00e3o de CargosSEPLAG\" \/>\n<meta property=\"og:url\" content=\"https:\/\/ww16.ce.gov.br\/crede17-seduc\/sistemas\/sistemas-para-as-escolas\/\" \/>\n<meta property=\"og:site_name\" content=\"CREDE17-SEDUC\" \/>\n<meta property=\"article:modified_time\" content=\"2023-03-15T18:17:13+00:00\" \/>\n<meta name=\"twitter:card\" content=\"summary_large_image\" \/>\n<script type=\"application\/ld+json\" class=\"yoast-schema-graph\">{\"@context\":\"https:\/\/schema.org\",\"@graph\":[{\"@type\":\"WebPage\",\"@id\":\"https:\/\/ww16.ce.gov.br\/crede17-seduc\/sistemas\/sistemas-para-as-escolas\/\",\"url\":\"https:\/\/ww16.ce.gov.br\/crede17-seduc\/sistemas\/sistemas-para-as-escolas\/\",\"name\":\"Sistemas das Escolas - CREDE17-SEDUC\",\"isPartOf\":{\"@id\":\"https:\/\/ww16.ce.gov.br\/crede17-seduc\/#website\"},\"datePublished\":\"2021-09-20T12:48:56+00:00\",\"dateModified\":\"2023-03-15T18:17:13+00:00\",\"breadcrumb\":{\"@id\":\"https:\/\/ww16.ce.gov.br\/crede17-seduc\/sistemas\/sistemas-para-as-escolas\/#breadcrumb\"},\"inLanguage\":\"pt-BR\",\"potentialAction\":[{\"@type\":\"ReadAction\",\"target\":[\"https:\/\/ww16.ce.gov.br\/crede17-seduc\/sistemas\/sistemas-para-as-escolas\/\"]}]},{\"@type\":\"BreadcrumbList\",\"@id\":\"https:\/\/ww16.ce.gov.br\/crede17-seduc\/sistemas\/sistemas-para-as-escolas\/#breadcrumb\",\"itemListElement\":[{\"@type\":\"ListItem\",\"position\":1,\"name\":\"In\u00edcio\",\"item\":\"https:\/\/ww16.ce.gov.br\/crede17-seduc\/\"},{\"@type\":\"ListItem\",\"position\":2,\"name\":\"Sistemas\",\"item\":\"https:\/\/ww16.ce.gov.br\/crede17-seduc\/sistemas\/\"},{\"@type\":\"ListItem\",\"position\":3,\"name\":\"Sistemas das Escolas\"}]},{\"@type\":\"WebSite\",\"@id\":\"https:\/\/ww16.ce.gov.br\/crede17-seduc\/#website\",\"url\":\"https:\/\/ww16.ce.gov.br\/crede17-seduc\/\",\"name\":\"CREDE17-SEDUC\",\"description\":\"Portal CREDE17-SEDUC\",\"potentialAction\":[{\"@type\":\"SearchAction\",\"target\":{\"@type\":\"EntryPoint\",\"urlTemplate\":\"https:\/\/ww16.ce.gov.br\/crede17-seduc\/?s={search_term_string}\"},\"query-input\":{\"@type\":\"PropertyValueSpecification\",\"valueRequired\":true,\"valueName\":\"search_term_string\"}}],\"inLanguage\":\"pt-BR\"}]}<\/script>\n<!-- \/ Yoast SEO plugin. -->","yoast_head_json":{"title":"Sistemas das Escolas - CREDE17-SEDUC","robots":{"index":"index","follow":"follow","max-snippet":"max-snippet:-1","max-image-preview":"max-image-preview:large","max-video-preview":"max-video-preview:-1"},"canonical":"https:\/\/ww16.ce.gov.br\/crede17-seduc\/sistemas\/sistemas-para-as-escolas\/","og_locale":"pt_BR","og_type":"article","og_title":"Sistemas das Escolas - CREDE17-SEDUC","og_description":"&nbsp; &nbsp; ?\u200d? Chamados de TI Suporte T\u00e9cnico ? Avisos de Manuten\u00e7\u00e3o ETICE ? Farol Financeiro CREDE17 ?\u200d? Lota\u00e7\u00e3o SIGE ESCOLA ? Contrato Tempor\u00e1rio SIGE CT ? Frequ\u00eancia SIGE RH ?\ufe0f Gest\u00e3o de Recursos Humanos SIGE RH ?\u200d? Concurso SIGE ? Di\u00e1rio OnlineSEDUC ? ViProc ConsultaSEPLAG ? Certid\u00e3o de Acumula\u00e7\u00e3o de CargosSEPLAG","og_url":"https:\/\/ww16.ce.gov.br\/crede17-seduc\/sistemas\/sistemas-para-as-escolas\/","og_site_name":"CREDE17-SEDUC","article_modified_time":"2023-03-15T18:17:13+00:00","twitter_card":"summary_large_image","schema":{"@context":"https:\/\/schema.org","@graph":[{"@type":"WebPage","@id":"https:\/\/ww16.ce.gov.br\/crede17-seduc\/sistemas\/sistemas-para-as-escolas\/","url":"https:\/\/ww16.ce.gov.br\/crede17-seduc\/sistemas\/sistemas-para-as-escolas\/","name":"Sistemas das Escolas - CREDE17-SEDUC","isPartOf":{"@id":"https:\/\/ww16.ce.gov.br\/crede17-seduc\/#website"},"datePublished":"2021-09-20T12:48:56+00:00","dateModified":"2023-03-15T18:17:13+00:00","breadcrumb":{"@id":"https:\/\/ww16.ce.gov.br\/crede17-seduc\/sistemas\/sistemas-para-as-escolas\/#breadcrumb"},"inLanguage":"pt-BR","potentialAction":[{"@type":"ReadAction","target":["https:\/\/ww16.ce.gov.br\/crede17-seduc\/sistemas\/sistemas-para-as-escolas\/"]}]},{"@type":"BreadcrumbList","@id":"https:\/\/ww16.ce.gov.br\/crede17-seduc\/sistemas\/sistemas-para-as-escolas\/#breadcrumb","itemListElement":[{"@type":"ListItem","position":1,"name":"In\u00edcio","item":"https:\/\/ww16.ce.gov.br\/crede17-seduc\/"},{"@type":"ListItem","position":2,"name":"Sistemas","item":"https:\/\/ww16.ce.gov.br\/crede17-seduc\/sistemas\/"},{"@type":"ListItem","position":3,"name":"Sistemas das Escolas"}]},{"@type":"WebSite","@id":"https:\/\/ww16.ce.gov.br\/crede17-seduc\/#website","url":"https:\/\/ww16.ce.gov.br\/crede17-seduc\/","name":"CREDE17-SEDUC","description":"Portal CREDE17-SEDUC","potentialAction":[{"@type":"SearchAction","target":{"@type":"EntryPoint","urlTemplate":"https:\/\/ww16.ce.gov.br\/crede17-seduc\/?s={search_term_string}"},"query-input":{"@type":"PropertyValueSpecification","valueRequired":true,"valueName":"search_term_string"}}],"inLanguage":"pt-BR"}]}},"_links":{"self":[{"href":"https:\/\/ww16.ce.gov.br\/crede17-seduc\/wp-json\/wp\/v2\/pages\/3175","targetHints":{"allow":["GET"]}}],"collection":[{"href":"https:\/\/ww16.ce.gov.br\/crede17-seduc\/wp-json\/wp\/v2\/pages"}],"about":[{"href":"https:\/\/ww16.ce.gov.br\/crede17-seduc\/wp-json\/wp\/v2\/types\/page"}],"author":[{"embeddable":true,"href":"https:\/\/ww16.ce.gov.br\/crede17-seduc\/wp-json\/wp\/v2\/users\/520"}],"replies":[{"embeddable":true,"href":"https:\/\/ww16.ce.gov.br\/crede17-seduc\/wp-json\/wp\/v2\/comments?post=3175"}],"version-history":[{"count":40,"href":"https:\/\/ww16.ce.gov.br\/crede17-seduc\/wp-json\/wp\/v2\/pages\/3175\/revisions"}],"predecessor-version":[{"id":5168,"href":"https:\/\/ww16.ce.gov.br\/crede17-seduc\/wp-json\/wp\/v2\/pages\/3175\/revisions\/5168"}],"up":[{"embeddable":true,"href":"https:\/\/ww16.ce.gov.br\/crede17-seduc\/wp-json\/wp\/v2\/pages\/3164"}],"wp:attachment":[{"href":"https:\/\/ww16.ce.gov.br\/crede17-seduc\/wp-json\/wp\/v2\/media?parent=3175"}],"curies":[{"name":"wp","href":"https:\/\/api.w.org\/{rel}","templated":true}]}}