{"id":3154,"date":"2025-09-29T15:00:53","date_gmt":"2025-09-29T18:00:53","guid":{"rendered":"http:\/\/www.crede17.seduc.ce.gov.br\/?page_id=3154"},"modified":"2025-09-30T11:57:16","modified_gmt":"2025-09-30T14:57:16","slug":"cecom","status":"publish","type":"page","link":"https:\/\/ww16.ce.gov.br\/crede17-seduc\/cecom\/","title":{"rendered":"CECOM"},"content":{"rendered":"<section><!-- COLUNA 1 (Nova - CECOM) --><\/p>\n<div class=\"dt-8 -padfix HasSidebar\">\n<p>&nbsp;<\/p>\n<p>Articular e acompanhar juntamente com as SME\u2019s (Secretarias Municipais de Educa\u00e7\u00e3o) as pol\u00edticas educacionais, projetos e programas destinados ao desenvolvimento educacional do estado e dos munic\u00edpios.<\/p>\n<p>&nbsp;<\/p>\n<p><strong>Objetivos:<\/strong><\/p>\n<hr \/>\n<p>Articular a sistem\u00e1tica do transporte escolar;<\/p>\n<p>&nbsp;<\/p>\n<p>Articular as a\u00e7\u00f5es do PAIC juntamente com os prefeitos municipais e equipes das Secretarias Municipais de Educa\u00e7\u00e3o;<\/p>\n<p>&nbsp;<\/p>\n<p>Acompanhar as a\u00e7\u00f5es dos programas e projetos federais e estaduais voltados para a educa\u00e7\u00e3o.<\/p>\n<div><\/div>\n<p><strong>Organograma CECOM<\/strong><\/p>\n<hr \/>\n<p><a href=\"https:\/\/www.crede17.seduc.ce.gov.br\/wp-content\/uploads\/sites\/111\/2025\/09\/II-Forum-CECOM-2025-1.pdf\"><img loading=\"lazy\" decoding=\"async\" class=\"alignnone wp-image-8424 size-full\" src=\"https:\/\/www.crede17.seduc.ce.gov.br\/wp-content\/uploads\/sites\/111\/2025\/09\/cecom-1.png\" alt=\"\" width=\"1798\" height=\"1010\" srcset=\"https:\/\/ww16.ce.gov.br\/crede17-seduc\/wp-content\/uploads\/sites\/111\/2025\/09\/cecom-1.png 1798w, https:\/\/ww16.ce.gov.br\/crede17-seduc\/wp-content\/uploads\/sites\/111\/2025\/09\/cecom-1-600x337.png 600w, https:\/\/ww16.ce.gov.br\/crede17-seduc\/wp-content\/uploads\/sites\/111\/2025\/09\/cecom-1-1200x674.png 1200w, https:\/\/ww16.ce.gov.br\/crede17-seduc\/wp-content\/uploads\/sites\/111\/2025\/09\/cecom-1-768x431.png 768w, https:\/\/ww16.ce.gov.br\/crede17-seduc\/wp-content\/uploads\/sites\/111\/2025\/09\/cecom-1-1536x863.png 1536w\" sizes=\"auto, (max-width: 1798px) 100vw, 1798px\" \/><\/a><\/p>\n<\/div>\n<p><!-- COLUNA 2 (Sidebar mantida) --><\/p>\n<aside class=\"sidebar dt-4 -padfix\"><img loading=\"lazy\" decoding=\"async\" class=\"alignnone wp-image-8407\" src=\"https:\/\/www.crede17.seduc.ce.gov.br\/wp-content\/uploads\/sites\/111\/2025\/09\/Jean-Lucas.jpg\" alt=\"\" width=\"150\" height=\"150\" \/><\/aside>\n<p class=\"sidebar dt-4 -padfix\"><strong>Antonio Jean Lucas Pereira<\/strong><br \/>\nOrientador<br \/>\nContato: (88) 3561-5552<br \/>\nE-mail: jean.lucas@crede17.seduc.ce.gov.br<\/p>\n<\/section>\n","protected":false},"excerpt":{"rendered":"<p>&nbsp; Articular e acompanhar juntamente com as SME\u2019s (Secretarias Municipais de Educa\u00e7\u00e3o) as pol\u00edticas educacionais, projetos e programas destinados ao desenvolvimento educacional do estado e dos munic\u00edpios. &nbsp; Objetivos: Articular a sistem\u00e1tica do transporte escolar; &nbsp; Articular as a\u00e7\u00f5es do PAIC juntamente com os prefeitos municipais e equipes das Secretarias Municipais de Educa\u00e7\u00e3o; &nbsp; Acompanhar [&hellip;]<\/p>\n","protected":false},"author":520,"featured_media":0,"parent":0,"menu_order":0,"comment_status":"closed","ping_status":"closed","template":"","meta":{"_acf_changed":false,"inline_featured_image":false,"footnotes":""},"class_list":["post-3154","page","type-page","status-publish","hentry"],"acf":[],"yoast_head":"<!-- This site is optimized with the Yoast SEO plugin v26.9 - https:\/\/yoast.com\/product\/yoast-seo-wordpress\/ -->\n<title>CECOM - CREDE17-SEDUC<\/title>\n<meta name=\"robots\" content=\"index, follow, max-snippet:-1, max-image-preview:large, max-video-preview:-1\" \/>\n<link rel=\"canonical\" href=\"https:\/\/ww16.ce.gov.br\/crede17-seduc\/cecom\/\" \/>\n<meta property=\"og:locale\" content=\"pt_BR\" \/>\n<meta property=\"og:type\" content=\"article\" \/>\n<meta property=\"og:title\" content=\"CECOM - CREDE17-SEDUC\" \/>\n<meta property=\"og:description\" content=\"&nbsp; Articular e acompanhar juntamente com as SME\u2019s (Secretarias Municipais de Educa\u00e7\u00e3o) as pol\u00edticas educacionais, projetos e programas destinados ao desenvolvimento educacional do estado e dos munic\u00edpios. &nbsp; Objetivos: Articular a sistem\u00e1tica do transporte escolar; &nbsp; Articular as a\u00e7\u00f5es do PAIC juntamente com os prefeitos municipais e equipes das Secretarias Municipais de Educa\u00e7\u00e3o; &nbsp; Acompanhar [&hellip;]\" \/>\n<meta property=\"og:url\" content=\"https:\/\/ww16.ce.gov.br\/crede17-seduc\/cecom\/\" \/>\n<meta property=\"og:site_name\" content=\"CREDE17-SEDUC\" \/>\n<meta property=\"article:modified_time\" content=\"2025-09-30T14:57:16+00:00\" \/>\n<meta property=\"og:image\" content=\"http:\/\/www.crede17.seduc.ce.gov.br\/wp-content\/uploads\/sites\/111\/2025\/09\/cecom-1.png\" \/>\n<meta name=\"twitter:card\" content=\"summary_large_image\" \/>\n<meta name=\"twitter:label1\" content=\"Est. reading time\" \/>\n\t<meta name=\"twitter:data1\" content=\"1 minuto\" \/>\n<script type=\"application\/ld+json\" class=\"yoast-schema-graph\">{\"@context\":\"https:\/\/schema.org\",\"@graph\":[{\"@type\":\"WebPage\",\"@id\":\"https:\/\/ww16.ce.gov.br\/crede17-seduc\/cecom\/\",\"url\":\"https:\/\/ww16.ce.gov.br\/crede17-seduc\/cecom\/\",\"name\":\"CECOM - CREDE17-SEDUC\",\"isPartOf\":{\"@id\":\"https:\/\/ww16.ce.gov.br\/crede17-seduc\/#website\"},\"primaryImageOfPage\":{\"@id\":\"https:\/\/ww16.ce.gov.br\/crede17-seduc\/cecom\/#primaryimage\"},\"image\":{\"@id\":\"https:\/\/ww16.ce.gov.br\/crede17-seduc\/cecom\/#primaryimage\"},\"thumbnailUrl\":\"http:\/\/www.crede17.seduc.ce.gov.br\/wp-content\/uploads\/sites\/111\/2025\/09\/cecom-1.png\",\"datePublished\":\"2025-09-29T18:00:53+00:00\",\"dateModified\":\"2025-09-30T14:57:16+00:00\",\"breadcrumb\":{\"@id\":\"https:\/\/ww16.ce.gov.br\/crede17-seduc\/cecom\/#breadcrumb\"},\"inLanguage\":\"pt-BR\",\"potentialAction\":[{\"@type\":\"ReadAction\",\"target\":[\"https:\/\/ww16.ce.gov.br\/crede17-seduc\/cecom\/\"]}]},{\"@type\":\"ImageObject\",\"inLanguage\":\"pt-BR\",\"@id\":\"https:\/\/ww16.ce.gov.br\/crede17-seduc\/cecom\/#primaryimage\",\"url\":\"http:\/\/www.crede17.seduc.ce.gov.br\/wp-content\/uploads\/sites\/111\/2025\/09\/cecom-1.png\",\"contentUrl\":\"http:\/\/www.crede17.seduc.ce.gov.br\/wp-content\/uploads\/sites\/111\/2025\/09\/cecom-1.png\"},{\"@type\":\"BreadcrumbList\",\"@id\":\"https:\/\/ww16.ce.gov.br\/crede17-seduc\/cecom\/#breadcrumb\",\"itemListElement\":[{\"@type\":\"ListItem\",\"position\":1,\"name\":\"In\u00edcio\",\"item\":\"https:\/\/ww16.ce.gov.br\/crede17-seduc\/\"},{\"@type\":\"ListItem\",\"position\":2,\"name\":\"CECOM\"}]},{\"@type\":\"WebSite\",\"@id\":\"https:\/\/ww16.ce.gov.br\/crede17-seduc\/#website\",\"url\":\"https:\/\/ww16.ce.gov.br\/crede17-seduc\/\",\"name\":\"CREDE17-SEDUC\",\"description\":\"Portal CREDE17-SEDUC\",\"potentialAction\":[{\"@type\":\"SearchAction\",\"target\":{\"@type\":\"EntryPoint\",\"urlTemplate\":\"https:\/\/ww16.ce.gov.br\/crede17-seduc\/?s={search_term_string}\"},\"query-input\":{\"@type\":\"PropertyValueSpecification\",\"valueRequired\":true,\"valueName\":\"search_term_string\"}}],\"inLanguage\":\"pt-BR\"}]}<\/script>\n<!-- \/ Yoast SEO plugin. -->","yoast_head_json":{"title":"CECOM - CREDE17-SEDUC","robots":{"index":"index","follow":"follow","max-snippet":"max-snippet:-1","max-image-preview":"max-image-preview:large","max-video-preview":"max-video-preview:-1"},"canonical":"https:\/\/ww16.ce.gov.br\/crede17-seduc\/cecom\/","og_locale":"pt_BR","og_type":"article","og_title":"CECOM - CREDE17-SEDUC","og_description":"&nbsp; Articular e acompanhar juntamente com as SME\u2019s (Secretarias Municipais de Educa\u00e7\u00e3o) as pol\u00edticas educacionais, projetos e programas destinados ao desenvolvimento educacional do estado e dos munic\u00edpios. &nbsp; Objetivos: Articular a sistem\u00e1tica do transporte escolar; &nbsp; Articular as a\u00e7\u00f5es do PAIC juntamente com os prefeitos municipais e equipes das Secretarias Municipais de Educa\u00e7\u00e3o; &nbsp; Acompanhar [&hellip;]","og_url":"https:\/\/ww16.ce.gov.br\/crede17-seduc\/cecom\/","og_site_name":"CREDE17-SEDUC","article_modified_time":"2025-09-30T14:57:16+00:00","og_image":[{"url":"http:\/\/www.crede17.seduc.ce.gov.br\/wp-content\/uploads\/sites\/111\/2025\/09\/cecom-1.png","type":"","width":"","height":""}],"twitter_card":"summary_large_image","twitter_misc":{"Est. reading time":"1 minuto"},"schema":{"@context":"https:\/\/schema.org","@graph":[{"@type":"WebPage","@id":"https:\/\/ww16.ce.gov.br\/crede17-seduc\/cecom\/","url":"https:\/\/ww16.ce.gov.br\/crede17-seduc\/cecom\/","name":"CECOM - CREDE17-SEDUC","isPartOf":{"@id":"https:\/\/ww16.ce.gov.br\/crede17-seduc\/#website"},"primaryImageOfPage":{"@id":"https:\/\/ww16.ce.gov.br\/crede17-seduc\/cecom\/#primaryimage"},"image":{"@id":"https:\/\/ww16.ce.gov.br\/crede17-seduc\/cecom\/#primaryimage"},"thumbnailUrl":"http:\/\/www.crede17.seduc.ce.gov.br\/wp-content\/uploads\/sites\/111\/2025\/09\/cecom-1.png","datePublished":"2025-09-29T18:00:53+00:00","dateModified":"2025-09-30T14:57:16+00:00","breadcrumb":{"@id":"https:\/\/ww16.ce.gov.br\/crede17-seduc\/cecom\/#breadcrumb"},"inLanguage":"pt-BR","potentialAction":[{"@type":"ReadAction","target":["https:\/\/ww16.ce.gov.br\/crede17-seduc\/cecom\/"]}]},{"@type":"ImageObject","inLanguage":"pt-BR","@id":"https:\/\/ww16.ce.gov.br\/crede17-seduc\/cecom\/#primaryimage","url":"http:\/\/www.crede17.seduc.ce.gov.br\/wp-content\/uploads\/sites\/111\/2025\/09\/cecom-1.png","contentUrl":"http:\/\/www.crede17.seduc.ce.gov.br\/wp-content\/uploads\/sites\/111\/2025\/09\/cecom-1.png"},{"@type":"BreadcrumbList","@id":"https:\/\/ww16.ce.gov.br\/crede17-seduc\/cecom\/#breadcrumb","itemListElement":[{"@type":"ListItem","position":1,"name":"In\u00edcio","item":"https:\/\/ww16.ce.gov.br\/crede17-seduc\/"},{"@type":"ListItem","position":2,"name":"CECOM"}]},{"@type":"WebSite","@id":"https:\/\/ww16.ce.gov.br\/crede17-seduc\/#website","url":"https:\/\/ww16.ce.gov.br\/crede17-seduc\/","name":"CREDE17-SEDUC","description":"Portal CREDE17-SEDUC","potentialAction":[{"@type":"SearchAction","target":{"@type":"EntryPoint","urlTemplate":"https:\/\/ww16.ce.gov.br\/crede17-seduc\/?s={search_term_string}"},"query-input":{"@type":"PropertyValueSpecification","valueRequired":true,"valueName":"search_term_string"}}],"inLanguage":"pt-BR"}]}},"_links":{"self":[{"href":"https:\/\/ww16.ce.gov.br\/crede17-seduc\/wp-json\/wp\/v2\/pages\/3154","targetHints":{"allow":["GET"]}}],"collection":[{"href":"https:\/\/ww16.ce.gov.br\/crede17-seduc\/wp-json\/wp\/v2\/pages"}],"about":[{"href":"https:\/\/ww16.ce.gov.br\/crede17-seduc\/wp-json\/wp\/v2\/types\/page"}],"author":[{"embeddable":true,"href":"https:\/\/ww16.ce.gov.br\/crede17-seduc\/wp-json\/wp\/v2\/users\/520"}],"replies":[{"embeddable":true,"href":"https:\/\/ww16.ce.gov.br\/crede17-seduc\/wp-json\/wp\/v2\/comments?post=3154"}],"version-history":[{"count":17,"href":"https:\/\/ww16.ce.gov.br\/crede17-seduc\/wp-json\/wp\/v2\/pages\/3154\/revisions"}],"predecessor-version":[{"id":8446,"href":"https:\/\/ww16.ce.gov.br\/crede17-seduc\/wp-json\/wp\/v2\/pages\/3154\/revisions\/8446"}],"wp:attachment":[{"href":"https:\/\/ww16.ce.gov.br\/crede17-seduc\/wp-json\/wp\/v2\/media?parent=3154"}],"curies":[{"name":"wp","href":"https:\/\/api.w.org\/{rel}","templated":true}]}}