{"id":3150,"date":"2025-09-26T13:00:16","date_gmt":"2025-09-26T16:00:16","guid":{"rendered":"http:\/\/www.crede17.seduc.ce.gov.br\/?page_id=3150"},"modified":"2025-10-07T08:04:33","modified_gmt":"2025-10-07T11:04:33","slug":"cegaf","status":"publish","type":"page","link":"https:\/\/ww16.ce.gov.br\/crede17-seduc\/cegaf\/","title":{"rendered":"CEGAF"},"content":{"rendered":"<section><!-- COLUNA 1 (Nova - CEGAF) --><\/p>\n<div class=\"dt-8 -padfix HasSidebar\">\n<p><img loading=\"lazy\" decoding=\"async\" class=\"alignnone size-full wp-image-8389\" src=\"https:\/\/www.crede17.seduc.ce.gov.br\/wp-content\/uploads\/sites\/111\/2025\/09\/CEGAF-6.png\" alt=\"Logo CEGAF\" width=\"580\" height=\"60\" \/><\/p>\n<p>C\u00e9lula institucionalizada na orienta\u00e7\u00e3o das escolas estaduais, sob esta jurisdi\u00e7\u00e3o, nas esferas Administrativa e Financeiras em prol da Secretaria de Educa\u00e7\u00e3o do Estado do Cear\u00e1.<\/p>\n<p>&nbsp;<\/p>\n<p><strong>Objetivos:<\/strong><\/p>\n<hr \/>\n<p style=\"text-align: justify\">Analisar os processos de presta\u00e7\u00e3o de contas, assegurando a conformidade com as normas legais e regulamentares vigentes;<\/p>\n<p>&nbsp;<\/p>\n<p style=\"text-align: justify\">Analisar as cota\u00e7\u00f5es eletr\u00f4nicas, verificando a regularidade e a compatibilidade com os crit\u00e9rios t\u00e9cnicos e or\u00e7ament\u00e1rios estabelecidos;<\/p>\n<p>&nbsp;<\/p>\n<p style=\"text-align: justify\">Acompanhar os processos de licita\u00e7\u00e3o, garantindo a transpar\u00eancia, a legalidade e a economicidade nas aquisi\u00e7\u00f5es e contrata\u00e7\u00f5es p\u00fablicas;<\/p>\n<p>&nbsp;<\/p>\n<p style=\"text-align: justify\">Orientar os respons\u00e1veis financeiros das escolas estaduais quanto \u00e0 execu\u00e7\u00e3o or\u00e7ament\u00e1ria e financeira, conforme diretrizes da Seduc;<\/p>\n<p>&nbsp;<\/p>\n<p style=\"text-align: justify\">Realizar a lota\u00e7\u00e3o de professores, observando a necessidade das unidades escolares e os crit\u00e9rios definidos pela legisla\u00e7\u00e3o educacional;<\/p>\n<p>&nbsp;<\/p>\n<p style=\"text-align: justify\">Acompanhar a folha de pagamento dos servidores estaduais vinculados \u00e0 Seduc, assegurando a exatid\u00e3o das informa\u00e7\u00f5es e o cumprimento dos prazos legais;<\/p>\n<p>&nbsp;<\/p>\n<p style=\"text-align: justify\">Efetuar e acompanhar os processos de aposentadoria dos servidores, em conformidade com os requisitos legais e previdenci\u00e1rios;<\/p>\n<p>&nbsp;<\/p>\n<p style=\"text-align: justify\">Lan\u00e7ar chamadas p\u00fablicas e editais, observando os tr\u00e2mites legais e as diretrizes institucionais;<\/p>\n<p>&nbsp;<\/p>\n<p style=\"text-align: justify\">Instruir e acompanhar os processos de nomea\u00e7\u00e3o para cargos comissionados, conforme as normativas vigentes e as demandas da gest\u00e3o.<\/p>\n<p>&nbsp;<\/p>\n<div style=\"margin: 20px 0\"><img loading=\"lazy\" decoding=\"async\" src=\"https:\/\/www.crede17.seduc.ce.gov.br\/wp-content\/uploads\/sites\/111\/2025\/09\/Setor-Financeiro-5.png\" alt=\"Setor 1\" width=\"218\" height=\"65\" \/><img loading=\"lazy\" decoding=\"async\" src=\"https:\/\/www.crede17.seduc.ce.gov.br\/wp-content\/uploads\/sites\/111\/2025\/09\/Setor-Financeiro-1.png\" alt=\"Setor 2\" width=\"218\" height=\"65\" \/><img loading=\"lazy\" decoding=\"async\" src=\"https:\/\/www.crede17.seduc.ce.gov.br\/wp-content\/uploads\/sites\/111\/2025\/09\/Setor-Financeiro-2.png\" alt=\"Setor 3\" width=\"218\" height=\"65\" \/><img loading=\"lazy\" decoding=\"async\" src=\"https:\/\/www.crede17.seduc.ce.gov.br\/wp-content\/uploads\/sites\/111\/2025\/09\/Setor-Financeiro-3.png\" alt=\"Setor 4\" width=\"218\" height=\"65\" \/><img loading=\"lazy\" decoding=\"async\" src=\"https:\/\/www.crede17.seduc.ce.gov.br\/wp-content\/uploads\/sites\/111\/2025\/09\/Setor-Financeiro-4.png\" alt=\"Setor 5\" width=\"218\" height=\"65\" \/><\/div>\n<div><\/div>\n<p><strong>Organograma CEGAF<\/strong><\/p>\n<hr \/>\n<p><a href=\"https:\/\/www.crede17.seduc.ce.gov.br\/wp-content\/uploads\/sites\/111\/2025\/09\/ORGANOGRAMA-2025-CEGAF.pdf\" target=\"_blank\" rel=\"noopener\"><br \/>\n<img decoding=\"async\" style=\"max-width: 100%;height: auto\" src=\"https:\/\/www.crede17.seduc.ce.gov.br\/wp-content\/uploads\/sites\/111\/2025\/09\/ORGANOGRAMA-CEGAF-2025.png\" alt=\"Organograma CEGAF\" \/><br \/>\n<\/a><\/p>\n<p>&nbsp;<\/p>\n<p><strong>Gest\u00e3o de Pessoas<\/strong><\/p>\n<hr \/>\n<p>&nbsp;<\/p>\n<p style=\"text-align: justify\">A Coordenadoria de Gest\u00e3o de Pessoas, conjuntamente com as CREDE e SEFOR coordena os processos funcionais relacionados aos servidores ativos da rede estadual de ensino do Cear\u00e1 e busca o desenvolvimento, o acompanhamento e a divulga\u00e7\u00e3o de direitos, de vantagens, de concess\u00f5es, de deveres e de responsabilidades dos servidores e dos professores. Trabalha-se na perspectiva de melhorar, sempre, a qualidade dos servi\u00e7os prestados a todos os que acessam a esta Secretaria.<\/p>\n<p><strong>Fluxo de atividades<\/strong><\/p>\n<p><a href=\"https:\/\/www.crede17.seduc.ce.gov.br\/wp-content\/uploads\/sites\/111\/2022\/03\/Fluxo-de-atividades-CEGAF-GP-15032022.pdf\" target=\"_blank\" rel=\"noopener\">Clique aqui para conhecer mais o fluxo de atividades do CEGAF &#8211; Gest\u00e3o de Pessoas<\/a><\/p>\n<p><strong>Requerimento padr\u00e3o<\/strong><\/p>\n<p>O servidor utilizar\u00e1 o Requerimento padr\u00e3o para encaminhar sua solicita\u00e7\u00e3o \u00e0 Secretaria da Educa\u00e7\u00e3o do Estado do Cear\u00e1 acompanhado da documenta\u00e7\u00e3o conforme checklist de processos:<\/p>\n<p><a href=\"https:\/\/www.crede17.seduc.ce.gov.br\/wp-content\/uploads\/sites\/111\/2022\/03\/Requerimento-padrao-SEDUC-CE.pdf\" target=\"_blank\" rel=\"noopener\">Requerimento padr\u00e3o do Estado do Cear\u00e1: clique aqui<\/a><\/p>\n<p><strong>Checklist de Processos<\/strong><\/p>\n<ul>\n<li><a href=\"https:\/\/www.crede17.seduc.ce.gov.br\/wp-content\/uploads\/sites\/111\/2021\/11\/Processos-para-Aposentadoria.pdf\" target=\"_blank\" rel=\"noopener\">Processos para Aposentadoria<\/a><\/li>\n<li><a href=\"https:\/\/www.crede17.seduc.ce.gov.br\/wp-content\/uploads\/sites\/111\/2021\/12\/PROCESSOS_PENSAO_CIVIL.pdf\" target=\"_blank\" rel=\"noopener\">Processos para Pens\u00e3o Civil<\/a><\/li>\n<li><a href=\"https:\/\/www.crede17.seduc.ce.gov.br\/wp-content\/uploads\/sites\/111\/2021\/12\/PROCESSOS_TEMPO_DE_CONTRIBUICAO.pdf\" target=\"_blank\" rel=\"noopener\">Processos para Tempo de Contribui\u00e7\u00e3o<\/a><\/li>\n<li><a href=\"https:\/\/www.crede17.seduc.ce.gov.br\/wp-content\/uploads\/sites\/111\/2023\/04\/PROCESSOS-CONTRATACAO-TEMPORARIA-2023.pdf\" target=\"_blank\" rel=\"noopener\">Processos para Contrata\u00e7\u00e3o Tempor\u00e1ria<\/a><\/li>\n<li><a href=\"https:\/\/www.crede17.seduc.ce.gov.br\/wp-content\/uploads\/sites\/111\/2023\/04\/PROCESSOS-LICENCAS-2023.pdf\" target=\"_blank\" rel=\"noopener\">Processos para Licen\u00e7as<\/a><\/li>\n<li><a href=\"https:\/\/www.crede17.seduc.ce.gov.br\/wp-content\/uploads\/sites\/111\/2022\/03\/PROCESSOS_AFASTAMENTOS_DIVERSOS.pdf\" target=\"_blank\" rel=\"noopener\">Processos de Afastamentos Diversos<\/a><\/li>\n<li><a href=\"https:\/\/www.crede17.seduc.ce.gov.br\/wp-content\/uploads\/sites\/111\/2022\/03\/PROCESSOS_AFASTAMENTOS_ESTUDOS.pdf\" target=\"_blank\" rel=\"noopener\">Processos de Afastamentos para Estudos<\/a><\/li>\n<li><a href=\"https:\/\/www.crede17.seduc.ce.gov.br\/wp-content\/uploads\/sites\/111\/2022\/03\/PROCESSOS_DADOS_FUNCIONAIS.pdf\" target=\"_blank\" rel=\"noopener\">Processos de Dados Funcionais<\/a><\/li>\n<li><a href=\"https:\/\/www.crede17.seduc.ce.gov.br\/wp-content\/uploads\/sites\/111\/2022\/03\/PROCESSOS_NOMEACAO_EXONERACAO.pdf\" target=\"_blank\" rel=\"noopener\">Processos de Nomea\u00e7\u00e3o e Exonera\u00e7\u00e3o<\/a><\/li>\n<li><a href=\"https:\/\/www.crede17.seduc.ce.gov.br\/wp-content\/uploads\/sites\/111\/2022\/03\/PROCESSOS_PROMOCAO.pdf\" target=\"_blank\" rel=\"noopener\">Processos de Promo\u00e7\u00e3o<\/a><\/li>\n<\/ul>\n<\/div>\n<p><!-- COLUNA 2 (Sidebar mantida) --><\/p>\n<aside class=\"sidebar dt-4 -padfix\"><img loading=\"lazy\" decoding=\"async\" class=\"alignnone wp-image-8407\" src=\"https:\/\/www.crede17.seduc.ce.gov.br\/wp-content\/uploads\/sites\/111\/2025\/09\/antonio-jose.jpg\" alt=\"\" width=\"150\" height=\"150\" \/><\/aside>\n<p class=\"sidebar dt-4 -padfix\"><strong>Antonio Jos\u00e9 Lima Pereira<\/strong><br \/>\nOrientador<br \/>\nContato: (88) 3561-5552<br \/>\nE-mail: jose.pereira@crede17.seduc.ce.gov.br<\/p>\n<\/section>\n","protected":false},"excerpt":{"rendered":"<p>C\u00e9lula institucionalizada na orienta\u00e7\u00e3o das escolas estaduais, sob esta jurisdi\u00e7\u00e3o, nas esferas Administrativa e Financeiras em prol da Secretaria de Educa\u00e7\u00e3o do Estado do Cear\u00e1. &nbsp; Objetivos: Analisar os processos de presta\u00e7\u00e3o de contas, assegurando a conformidade com as normas legais e regulamentares vigentes; &nbsp; Analisar as cota\u00e7\u00f5es eletr\u00f4nicas, verificando a regularidade e a compatibilidade [&hellip;]<\/p>\n","protected":false},"author":520,"featured_media":0,"parent":0,"menu_order":0,"comment_status":"closed","ping_status":"closed","template":"","meta":{"_acf_changed":false,"inline_featured_image":false,"footnotes":""},"class_list":["post-3150","page","type-page","status-publish","hentry"],"acf":[],"yoast_head":"<!-- This site is optimized with the Yoast SEO plugin v26.9 - https:\/\/yoast.com\/product\/yoast-seo-wordpress\/ -->\n<title>CEGAF - CREDE17-SEDUC<\/title>\n<meta name=\"robots\" content=\"index, follow, max-snippet:-1, max-image-preview:large, max-video-preview:-1\" \/>\n<link rel=\"canonical\" href=\"https:\/\/ww16.ce.gov.br\/crede17-seduc\/cegaf\/\" \/>\n<meta property=\"og:locale\" content=\"pt_BR\" \/>\n<meta property=\"og:type\" content=\"article\" \/>\n<meta property=\"og:title\" content=\"CEGAF - CREDE17-SEDUC\" \/>\n<meta property=\"og:description\" content=\"C\u00e9lula institucionalizada na orienta\u00e7\u00e3o das escolas estaduais, sob esta jurisdi\u00e7\u00e3o, nas esferas Administrativa e Financeiras em prol da Secretaria de Educa\u00e7\u00e3o do Estado do Cear\u00e1. &nbsp; Objetivos: Analisar os processos de presta\u00e7\u00e3o de contas, assegurando a conformidade com as normas legais e regulamentares vigentes; &nbsp; Analisar as cota\u00e7\u00f5es eletr\u00f4nicas, verificando a regularidade e a compatibilidade [&hellip;]\" \/>\n<meta property=\"og:url\" content=\"https:\/\/ww16.ce.gov.br\/crede17-seduc\/cegaf\/\" \/>\n<meta property=\"og:site_name\" content=\"CREDE17-SEDUC\" \/>\n<meta property=\"article:modified_time\" content=\"2025-10-07T11:04:33+00:00\" \/>\n<meta property=\"og:image\" content=\"http:\/\/www.crede17.seduc.ce.gov.br\/wp-content\/uploads\/sites\/111\/2025\/09\/CEGAF-6.png\" \/>\n<meta name=\"twitter:card\" content=\"summary_large_image\" \/>\n<meta name=\"twitter:label1\" content=\"Est. reading time\" \/>\n\t<meta name=\"twitter:data1\" content=\"4 minutos\" \/>\n<script type=\"application\/ld+json\" class=\"yoast-schema-graph\">{\"@context\":\"https:\/\/schema.org\",\"@graph\":[{\"@type\":\"WebPage\",\"@id\":\"https:\/\/ww16.ce.gov.br\/crede17-seduc\/cegaf\/\",\"url\":\"https:\/\/ww16.ce.gov.br\/crede17-seduc\/cegaf\/\",\"name\":\"CEGAF - CREDE17-SEDUC\",\"isPartOf\":{\"@id\":\"https:\/\/ww16.ce.gov.br\/crede17-seduc\/#website\"},\"primaryImageOfPage\":{\"@id\":\"https:\/\/ww16.ce.gov.br\/crede17-seduc\/cegaf\/#primaryimage\"},\"image\":{\"@id\":\"https:\/\/ww16.ce.gov.br\/crede17-seduc\/cegaf\/#primaryimage\"},\"thumbnailUrl\":\"http:\/\/www.crede17.seduc.ce.gov.br\/wp-content\/uploads\/sites\/111\/2025\/09\/CEGAF-6.png\",\"datePublished\":\"2025-09-26T16:00:16+00:00\",\"dateModified\":\"2025-10-07T11:04:33+00:00\",\"breadcrumb\":{\"@id\":\"https:\/\/ww16.ce.gov.br\/crede17-seduc\/cegaf\/#breadcrumb\"},\"inLanguage\":\"pt-BR\",\"potentialAction\":[{\"@type\":\"ReadAction\",\"target\":[\"https:\/\/ww16.ce.gov.br\/crede17-seduc\/cegaf\/\"]}]},{\"@type\":\"ImageObject\",\"inLanguage\":\"pt-BR\",\"@id\":\"https:\/\/ww16.ce.gov.br\/crede17-seduc\/cegaf\/#primaryimage\",\"url\":\"http:\/\/www.crede17.seduc.ce.gov.br\/wp-content\/uploads\/sites\/111\/2025\/09\/CEGAF-6.png\",\"contentUrl\":\"http:\/\/www.crede17.seduc.ce.gov.br\/wp-content\/uploads\/sites\/111\/2025\/09\/CEGAF-6.png\"},{\"@type\":\"BreadcrumbList\",\"@id\":\"https:\/\/ww16.ce.gov.br\/crede17-seduc\/cegaf\/#breadcrumb\",\"itemListElement\":[{\"@type\":\"ListItem\",\"position\":1,\"name\":\"In\u00edcio\",\"item\":\"https:\/\/ww16.ce.gov.br\/crede17-seduc\/\"},{\"@type\":\"ListItem\",\"position\":2,\"name\":\"CEGAF\"}]},{\"@type\":\"WebSite\",\"@id\":\"https:\/\/ww16.ce.gov.br\/crede17-seduc\/#website\",\"url\":\"https:\/\/ww16.ce.gov.br\/crede17-seduc\/\",\"name\":\"CREDE17-SEDUC\",\"description\":\"Portal CREDE17-SEDUC\",\"potentialAction\":[{\"@type\":\"SearchAction\",\"target\":{\"@type\":\"EntryPoint\",\"urlTemplate\":\"https:\/\/ww16.ce.gov.br\/crede17-seduc\/?s={search_term_string}\"},\"query-input\":{\"@type\":\"PropertyValueSpecification\",\"valueRequired\":true,\"valueName\":\"search_term_string\"}}],\"inLanguage\":\"pt-BR\"}]}<\/script>\n<!-- \/ Yoast SEO plugin. -->","yoast_head_json":{"title":"CEGAF - CREDE17-SEDUC","robots":{"index":"index","follow":"follow","max-snippet":"max-snippet:-1","max-image-preview":"max-image-preview:large","max-video-preview":"max-video-preview:-1"},"canonical":"https:\/\/ww16.ce.gov.br\/crede17-seduc\/cegaf\/","og_locale":"pt_BR","og_type":"article","og_title":"CEGAF - CREDE17-SEDUC","og_description":"C\u00e9lula institucionalizada na orienta\u00e7\u00e3o das escolas estaduais, sob esta jurisdi\u00e7\u00e3o, nas esferas Administrativa e Financeiras em prol da Secretaria de Educa\u00e7\u00e3o do Estado do Cear\u00e1. &nbsp; Objetivos: Analisar os processos de presta\u00e7\u00e3o de contas, assegurando a conformidade com as normas legais e regulamentares vigentes; &nbsp; Analisar as cota\u00e7\u00f5es eletr\u00f4nicas, verificando a regularidade e a compatibilidade [&hellip;]","og_url":"https:\/\/ww16.ce.gov.br\/crede17-seduc\/cegaf\/","og_site_name":"CREDE17-SEDUC","article_modified_time":"2025-10-07T11:04:33+00:00","og_image":[{"url":"http:\/\/www.crede17.seduc.ce.gov.br\/wp-content\/uploads\/sites\/111\/2025\/09\/CEGAF-6.png","type":"","width":"","height":""}],"twitter_card":"summary_large_image","twitter_misc":{"Est. reading time":"4 minutos"},"schema":{"@context":"https:\/\/schema.org","@graph":[{"@type":"WebPage","@id":"https:\/\/ww16.ce.gov.br\/crede17-seduc\/cegaf\/","url":"https:\/\/ww16.ce.gov.br\/crede17-seduc\/cegaf\/","name":"CEGAF - CREDE17-SEDUC","isPartOf":{"@id":"https:\/\/ww16.ce.gov.br\/crede17-seduc\/#website"},"primaryImageOfPage":{"@id":"https:\/\/ww16.ce.gov.br\/crede17-seduc\/cegaf\/#primaryimage"},"image":{"@id":"https:\/\/ww16.ce.gov.br\/crede17-seduc\/cegaf\/#primaryimage"},"thumbnailUrl":"http:\/\/www.crede17.seduc.ce.gov.br\/wp-content\/uploads\/sites\/111\/2025\/09\/CEGAF-6.png","datePublished":"2025-09-26T16:00:16+00:00","dateModified":"2025-10-07T11:04:33+00:00","breadcrumb":{"@id":"https:\/\/ww16.ce.gov.br\/crede17-seduc\/cegaf\/#breadcrumb"},"inLanguage":"pt-BR","potentialAction":[{"@type":"ReadAction","target":["https:\/\/ww16.ce.gov.br\/crede17-seduc\/cegaf\/"]}]},{"@type":"ImageObject","inLanguage":"pt-BR","@id":"https:\/\/ww16.ce.gov.br\/crede17-seduc\/cegaf\/#primaryimage","url":"http:\/\/www.crede17.seduc.ce.gov.br\/wp-content\/uploads\/sites\/111\/2025\/09\/CEGAF-6.png","contentUrl":"http:\/\/www.crede17.seduc.ce.gov.br\/wp-content\/uploads\/sites\/111\/2025\/09\/CEGAF-6.png"},{"@type":"BreadcrumbList","@id":"https:\/\/ww16.ce.gov.br\/crede17-seduc\/cegaf\/#breadcrumb","itemListElement":[{"@type":"ListItem","position":1,"name":"In\u00edcio","item":"https:\/\/ww16.ce.gov.br\/crede17-seduc\/"},{"@type":"ListItem","position":2,"name":"CEGAF"}]},{"@type":"WebSite","@id":"https:\/\/ww16.ce.gov.br\/crede17-seduc\/#website","url":"https:\/\/ww16.ce.gov.br\/crede17-seduc\/","name":"CREDE17-SEDUC","description":"Portal CREDE17-SEDUC","potentialAction":[{"@type":"SearchAction","target":{"@type":"EntryPoint","urlTemplate":"https:\/\/ww16.ce.gov.br\/crede17-seduc\/?s={search_term_string}"},"query-input":{"@type":"PropertyValueSpecification","valueRequired":true,"valueName":"search_term_string"}}],"inLanguage":"pt-BR"}]}},"_links":{"self":[{"href":"https:\/\/ww16.ce.gov.br\/crede17-seduc\/wp-json\/wp\/v2\/pages\/3150","targetHints":{"allow":["GET"]}}],"collection":[{"href":"https:\/\/ww16.ce.gov.br\/crede17-seduc\/wp-json\/wp\/v2\/pages"}],"about":[{"href":"https:\/\/ww16.ce.gov.br\/crede17-seduc\/wp-json\/wp\/v2\/types\/page"}],"author":[{"embeddable":true,"href":"https:\/\/ww16.ce.gov.br\/crede17-seduc\/wp-json\/wp\/v2\/users\/520"}],"replies":[{"embeddable":true,"href":"https:\/\/ww16.ce.gov.br\/crede17-seduc\/wp-json\/wp\/v2\/comments?post=3150"}],"version-history":[{"count":83,"href":"https:\/\/ww16.ce.gov.br\/crede17-seduc\/wp-json\/wp\/v2\/pages\/3150\/revisions"}],"predecessor-version":[{"id":8468,"href":"https:\/\/ww16.ce.gov.br\/crede17-seduc\/wp-json\/wp\/v2\/pages\/3150\/revisions\/8468"}],"wp:attachment":[{"href":"https:\/\/ww16.ce.gov.br\/crede17-seduc\/wp-json\/wp\/v2\/media?parent=3150"}],"curies":[{"name":"wp","href":"https:\/\/api.w.org\/{rel}","templated":true}]}}