{"id":3037,"date":"2021-09-18T00:12:31","date_gmt":"2021-09-18T03:12:31","guid":{"rendered":"http:\/\/www.crede17.seduc.ce.gov.br\/?page_id=3037"},"modified":"2026-05-15T14:39:34","modified_gmt":"2026-05-15T17:39:34","slug":"eem","status":"publish","type":"page","link":"https:\/\/ww16.ce.gov.br\/crede17-seduc\/eem\/","title":{"rendered":"EEM"},"content":{"rendered":"\n<h2 class=\"wp-block-heading\">EEM Jos\u00e9 Correia Lima<\/h2>\n\n\n\n<p><strong>INEP:<\/strong>&nbsp;23148349<br><strong>Diretor(a) Escolar:<\/strong>&nbsp;Pedro Carlos Vieira de Lima<br><strong>Coordenador(a) Escolar:<\/strong>&nbsp;Tomaz Caetano Dutra<br><strong>Coordenador(a) Escolar:&nbsp;<\/strong>Michele Machado de Sousa<br><strong>Secret\u00e1rio(a) Escolar:<\/strong>&nbsp;Karla Silvia Fiusa da Silva<br><strong>Assessor(a) Financeiro:<\/strong>&nbsp;Joc\u00e1ssia Costa Ferreira da Silva<\/p>\n\n\n\n<p><strong>Endere\u00e7o:<\/strong>&nbsp;Av. Luiz Afonso Diniz, 213 | Centro \u2013 63540-000 \u2013 V\u00e1rzea Alegre\/CE<br><strong>Telefone:<\/strong>&nbsp;(88) 3541-3951<br><strong>E-mail:<\/strong>&nbsp;jcorreialima@escola.ce.gov.br<br><strong>CNPJ:<\/strong>&nbsp;11.208.230\/0001-67<\/p>\n\n\n\n<figure class=\"wp-block-image is-resized\"><a href=\"https:\/\/www.crede17.seduc.ce.gov.br\/wp-content\/uploads\/sites\/129\/2021\/09\/EEM-Jos%C3%A9-Correia-Lima.jpg\"><img decoding=\"async\" src=\"https:\/\/www.crede17.seduc.ce.gov.br\/wp-content\/uploads\/sites\/129\/2021\/09\/EEM-Jos%C3%A9-Correia-Lima.jpg\" alt=\"Fachada da escola\" class=\"wp-image-2966\" style=\"aspect-ratio:1.58065641781207;width:666px;height:auto\"\/><\/a><\/figure>\n","protected":false},"excerpt":{"rendered":"<p>EEM Jos\u00e9 Correia Lima INEP:&nbsp;23148349Diretor(a) Escolar:&nbsp;Pedro Carlos Vieira de LimaCoordenador(a) Escolar:&nbsp;Tomaz Caetano DutraCoordenador(a) Escolar:&nbsp;Michele Machado de SousaSecret\u00e1rio(a) Escolar:&nbsp;Karla Silvia Fiusa da SilvaAssessor(a) Financeiro:&nbsp;Joc\u00e1ssia Costa Ferreira da Silva Endere\u00e7o:&nbsp;Av. Luiz Afonso Diniz, 213 | Centro \u2013 63540-000 \u2013 V\u00e1rzea Alegre\/CETelefone:&nbsp;(88) 3541-3951E-mail:&nbsp;jcorreialima@escola.ce.gov.brCNPJ:&nbsp;11.208.230\/0001-67<\/p>\n","protected":false},"author":520,"featured_media":0,"parent":0,"menu_order":1,"comment_status":"closed","ping_status":"closed","template":"","meta":{"_acf_changed":false,"inline_featured_image":false,"footnotes":""},"class_list":["post-3037","page","type-page","status-publish","hentry"],"acf":[],"yoast_head":"<!-- This site is optimized with the Yoast SEO plugin v26.9 - https:\/\/yoast.com\/product\/yoast-seo-wordpress\/ -->\n<title>EEM - CREDE17-SEDUC<\/title>\n<meta name=\"robots\" content=\"index, follow, max-snippet:-1, max-image-preview:large, max-video-preview:-1\" \/>\n<link rel=\"canonical\" href=\"https:\/\/ww16.ce.gov.br\/crede17-seduc\/eem\/\" \/>\n<meta property=\"og:locale\" content=\"pt_BR\" \/>\n<meta property=\"og:type\" content=\"article\" \/>\n<meta property=\"og:title\" content=\"EEM - CREDE17-SEDUC\" \/>\n<meta property=\"og:description\" content=\"EEM Jos\u00e9 Correia Lima INEP:&nbsp;23148349Diretor(a) Escolar:&nbsp;Pedro Carlos Vieira de LimaCoordenador(a) Escolar:&nbsp;Tomaz Caetano DutraCoordenador(a) Escolar:&nbsp;Michele Machado de SousaSecret\u00e1rio(a) Escolar:&nbsp;Karla Silvia Fiusa da SilvaAssessor(a) Financeiro:&nbsp;Joc\u00e1ssia Costa Ferreira da Silva Endere\u00e7o:&nbsp;Av. Luiz Afonso Diniz, 213 | Centro \u2013 63540-000 \u2013 V\u00e1rzea Alegre\/CETelefone:&nbsp;(88) 3541-3951E-mail:&nbsp;jcorreialima@escola.ce.gov.brCNPJ:&nbsp;11.208.230\/0001-67\" \/>\n<meta property=\"og:url\" content=\"https:\/\/ww16.ce.gov.br\/crede17-seduc\/eem\/\" \/>\n<meta property=\"og:site_name\" content=\"CREDE17-SEDUC\" \/>\n<meta property=\"article:modified_time\" content=\"2026-05-15T17:39:34+00:00\" \/>\n<meta property=\"og:image\" content=\"https:\/\/ww16.ce.gov.br\/crede17-seduc\/wp-content\/uploads\/sites\/111\/2021\/09\/CEJA-Ana-Vieira-Pinheiro.jpg\" \/>\n\t<meta property=\"og:image:width\" content=\"1500\" \/>\n\t<meta property=\"og:image:height\" content=\"867\" \/>\n\t<meta property=\"og:image:type\" content=\"image\/jpeg\" \/>\n<meta name=\"twitter:card\" content=\"summary_large_image\" \/>\n<meta name=\"twitter:label1\" content=\"Est. reading time\" \/>\n\t<meta name=\"twitter:data1\" content=\"1 minuto\" \/>\n<script type=\"application\/ld+json\" class=\"yoast-schema-graph\">{\"@context\":\"https:\/\/schema.org\",\"@graph\":[{\"@type\":\"WebPage\",\"@id\":\"https:\/\/ww16.ce.gov.br\/crede17-seduc\/eem\/\",\"url\":\"https:\/\/ww16.ce.gov.br\/crede17-seduc\/eem\/\",\"name\":\"EEM - CREDE17-SEDUC\",\"isPartOf\":{\"@id\":\"https:\/\/ww16.ce.gov.br\/crede17-seduc\/#website\"},\"primaryImageOfPage\":{\"@id\":\"https:\/\/ww16.ce.gov.br\/crede17-seduc\/eem\/#primaryimage\"},\"image\":{\"@id\":\"https:\/\/ww16.ce.gov.br\/crede17-seduc\/eem\/#primaryimage\"},\"thumbnailUrl\":\"https:\/\/www.crede17.seduc.ce.gov.br\/wp-content\/uploads\/sites\/129\/2021\/09\/EEM-Jos%C3%A9-Correia-Lima.jpg\",\"datePublished\":\"2021-09-18T03:12:31+00:00\",\"dateModified\":\"2026-05-15T17:39:34+00:00\",\"breadcrumb\":{\"@id\":\"https:\/\/ww16.ce.gov.br\/crede17-seduc\/eem\/#breadcrumb\"},\"inLanguage\":\"pt-BR\",\"potentialAction\":[{\"@type\":\"ReadAction\",\"target\":[\"https:\/\/ww16.ce.gov.br\/crede17-seduc\/eem\/\"]}]},{\"@type\":\"ImageObject\",\"inLanguage\":\"pt-BR\",\"@id\":\"https:\/\/ww16.ce.gov.br\/crede17-seduc\/eem\/#primaryimage\",\"url\":\"https:\/\/www.crede17.seduc.ce.gov.br\/wp-content\/uploads\/sites\/129\/2021\/09\/EEM-Jos%C3%A9-Correia-Lima.jpg\",\"contentUrl\":\"https:\/\/www.crede17.seduc.ce.gov.br\/wp-content\/uploads\/sites\/129\/2021\/09\/EEM-Jos%C3%A9-Correia-Lima.jpg\"},{\"@type\":\"BreadcrumbList\",\"@id\":\"https:\/\/ww16.ce.gov.br\/crede17-seduc\/eem\/#breadcrumb\",\"itemListElement\":[{\"@type\":\"ListItem\",\"position\":1,\"name\":\"In\u00edcio\",\"item\":\"https:\/\/ww16.ce.gov.br\/crede17-seduc\/\"},{\"@type\":\"ListItem\",\"position\":2,\"name\":\"EEM\"}]},{\"@type\":\"WebSite\",\"@id\":\"https:\/\/ww16.ce.gov.br\/crede17-seduc\/#website\",\"url\":\"https:\/\/ww16.ce.gov.br\/crede17-seduc\/\",\"name\":\"CREDE17-SEDUC\",\"description\":\"Portal CREDE17-SEDUC\",\"potentialAction\":[{\"@type\":\"SearchAction\",\"target\":{\"@type\":\"EntryPoint\",\"urlTemplate\":\"https:\/\/ww16.ce.gov.br\/crede17-seduc\/?s={search_term_string}\"},\"query-input\":{\"@type\":\"PropertyValueSpecification\",\"valueRequired\":true,\"valueName\":\"search_term_string\"}}],\"inLanguage\":\"pt-BR\"}]}<\/script>\n<!-- \/ Yoast SEO plugin. -->","yoast_head_json":{"title":"EEM - CREDE17-SEDUC","robots":{"index":"index","follow":"follow","max-snippet":"max-snippet:-1","max-image-preview":"max-image-preview:large","max-video-preview":"max-video-preview:-1"},"canonical":"https:\/\/ww16.ce.gov.br\/crede17-seduc\/eem\/","og_locale":"pt_BR","og_type":"article","og_title":"EEM - CREDE17-SEDUC","og_description":"EEM Jos\u00e9 Correia Lima INEP:&nbsp;23148349Diretor(a) Escolar:&nbsp;Pedro Carlos Vieira de LimaCoordenador(a) Escolar:&nbsp;Tomaz Caetano DutraCoordenador(a) Escolar:&nbsp;Michele Machado de SousaSecret\u00e1rio(a) Escolar:&nbsp;Karla Silvia Fiusa da SilvaAssessor(a) Financeiro:&nbsp;Joc\u00e1ssia Costa Ferreira da Silva Endere\u00e7o:&nbsp;Av. Luiz Afonso Diniz, 213 | Centro \u2013 63540-000 \u2013 V\u00e1rzea Alegre\/CETelefone:&nbsp;(88) 3541-3951E-mail:&nbsp;jcorreialima@escola.ce.gov.brCNPJ:&nbsp;11.208.230\/0001-67","og_url":"https:\/\/ww16.ce.gov.br\/crede17-seduc\/eem\/","og_site_name":"CREDE17-SEDUC","article_modified_time":"2026-05-15T17:39:34+00:00","og_image":[{"width":1500,"height":867,"url":"https:\/\/ww16.ce.gov.br\/crede17-seduc\/wp-content\/uploads\/sites\/111\/2021\/09\/CEJA-Ana-Vieira-Pinheiro.jpg","type":"image\/jpeg"}],"twitter_card":"summary_large_image","twitter_misc":{"Est. reading time":"1 minuto"},"schema":{"@context":"https:\/\/schema.org","@graph":[{"@type":"WebPage","@id":"https:\/\/ww16.ce.gov.br\/crede17-seduc\/eem\/","url":"https:\/\/ww16.ce.gov.br\/crede17-seduc\/eem\/","name":"EEM - CREDE17-SEDUC","isPartOf":{"@id":"https:\/\/ww16.ce.gov.br\/crede17-seduc\/#website"},"primaryImageOfPage":{"@id":"https:\/\/ww16.ce.gov.br\/crede17-seduc\/eem\/#primaryimage"},"image":{"@id":"https:\/\/ww16.ce.gov.br\/crede17-seduc\/eem\/#primaryimage"},"thumbnailUrl":"https:\/\/www.crede17.seduc.ce.gov.br\/wp-content\/uploads\/sites\/129\/2021\/09\/EEM-Jos%C3%A9-Correia-Lima.jpg","datePublished":"2021-09-18T03:12:31+00:00","dateModified":"2026-05-15T17:39:34+00:00","breadcrumb":{"@id":"https:\/\/ww16.ce.gov.br\/crede17-seduc\/eem\/#breadcrumb"},"inLanguage":"pt-BR","potentialAction":[{"@type":"ReadAction","target":["https:\/\/ww16.ce.gov.br\/crede17-seduc\/eem\/"]}]},{"@type":"ImageObject","inLanguage":"pt-BR","@id":"https:\/\/ww16.ce.gov.br\/crede17-seduc\/eem\/#primaryimage","url":"https:\/\/www.crede17.seduc.ce.gov.br\/wp-content\/uploads\/sites\/129\/2021\/09\/EEM-Jos%C3%A9-Correia-Lima.jpg","contentUrl":"https:\/\/www.crede17.seduc.ce.gov.br\/wp-content\/uploads\/sites\/129\/2021\/09\/EEM-Jos%C3%A9-Correia-Lima.jpg"},{"@type":"BreadcrumbList","@id":"https:\/\/ww16.ce.gov.br\/crede17-seduc\/eem\/#breadcrumb","itemListElement":[{"@type":"ListItem","position":1,"name":"In\u00edcio","item":"https:\/\/ww16.ce.gov.br\/crede17-seduc\/"},{"@type":"ListItem","position":2,"name":"EEM"}]},{"@type":"WebSite","@id":"https:\/\/ww16.ce.gov.br\/crede17-seduc\/#website","url":"https:\/\/ww16.ce.gov.br\/crede17-seduc\/","name":"CREDE17-SEDUC","description":"Portal CREDE17-SEDUC","potentialAction":[{"@type":"SearchAction","target":{"@type":"EntryPoint","urlTemplate":"https:\/\/ww16.ce.gov.br\/crede17-seduc\/?s={search_term_string}"},"query-input":{"@type":"PropertyValueSpecification","valueRequired":true,"valueName":"search_term_string"}}],"inLanguage":"pt-BR"}]}},"_links":{"self":[{"href":"https:\/\/ww16.ce.gov.br\/crede17-seduc\/wp-json\/wp\/v2\/pages\/3037","targetHints":{"allow":["GET"]}}],"collection":[{"href":"https:\/\/ww16.ce.gov.br\/crede17-seduc\/wp-json\/wp\/v2\/pages"}],"about":[{"href":"https:\/\/ww16.ce.gov.br\/crede17-seduc\/wp-json\/wp\/v2\/types\/page"}],"author":[{"embeddable":true,"href":"https:\/\/ww16.ce.gov.br\/crede17-seduc\/wp-json\/wp\/v2\/users\/520"}],"replies":[{"embeddable":true,"href":"https:\/\/ww16.ce.gov.br\/crede17-seduc\/wp-json\/wp\/v2\/comments?post=3037"}],"version-history":[{"count":7,"href":"https:\/\/ww16.ce.gov.br\/crede17-seduc\/wp-json\/wp\/v2\/pages\/3037\/revisions"}],"predecessor-version":[{"id":8983,"href":"https:\/\/ww16.ce.gov.br\/crede17-seduc\/wp-json\/wp\/v2\/pages\/3037\/revisions\/8983"}],"wp:attachment":[{"href":"https:\/\/ww16.ce.gov.br\/crede17-seduc\/wp-json\/wp\/v2\/media?parent=3037"}],"curies":[{"name":"wp","href":"https:\/\/api.w.org\/{rel}","templated":true}]}}