{"id":3035,"date":"2025-01-15T08:00:21","date_gmt":"2025-01-15T11:00:21","guid":{"rendered":"http:\/\/www.crede17.seduc.ce.gov.br\/?page_id=3035"},"modified":"2026-01-21T14:44:13","modified_gmt":"2026-01-21T17:44:13","slug":"eemti-professora-maria-afonsina-diniz-macedo","status":"publish","type":"page","link":"https:\/\/ww16.ce.gov.br\/crede17-seduc\/eemti2\/eemti-professora-maria-afonsina-diniz-macedo\/","title":{"rendered":"EEMTI Professora Maria Afonsina Diniz Mac\u00eado"},"content":{"rendered":"<p>&nbsp;<\/p>\n<p><a href=\"https:\/\/www.crede17.seduc.ce.gov.br\/wp-content\/uploads\/sites\/111\/2022\/03\/EEMTI-Professora-Maria-Afonsina-Diniz-Macedo-2022.jpg\"><img decoding=\"async\" class=\"alignright wp-image-2966 size-medium\" src=\"https:\/\/www.crede17.seduc.ce.gov.br\/wp-content\/uploads\/sites\/111\/2022\/03\/EEMTI-Professora-Maria-Afonsina-Diniz-Macedo-2022.jpg\" alt=\"Fachada da escola\" width=\"398\" \/><\/a><strong>INEP:<\/strong> 23148543<br \/>\n<strong>Diretor(a) Escolar:<\/strong> Alice Gon\u00e7alves de Sousa Bezerra<br \/>\n<strong>Coordenador(a) Escolar:<\/strong> Paulo Henrique Costa Bitu<br \/>\n<strong>Coordenador(a) Escolar:<\/strong> Alexandre Alves de Menezes Neto<br \/>\n<strong>Secret\u00e1rio(a) Escolar:<\/strong> Amanda Bezerra De Sousa Duarte<br \/>\n<strong>Assessor(a) Financeiro:<\/strong> Dagmar Pinheiro Costa<\/p>\n<p>&nbsp;<\/p>\n<p><strong>Endere\u00e7o:<\/strong> Av. Tenente Ant\u00f4nio Gon\u00e7alves, SN | Juremal &#8211; 63540-000 &#8211; V\u00e1rzea Alegre\/CE<br \/>\n<strong>Telefone:<\/strong> (88) 3541-3952<br \/>\n<strong>E-mail:<\/strong> afonsinadiniz@escola.ce.gov.br<br \/>\n<strong>CNPJ:<\/strong> 11.208.222\/0001-10<\/p>\n","protected":false},"excerpt":{"rendered":"<p>&nbsp; INEP: 23148543 Diretor(a) Escolar: Alice Gon\u00e7alves de Sousa Bezerra Coordenador(a) Escolar: Paulo Henrique Costa Bitu Coordenador(a) Escolar: Alexandre Alves de Menezes Neto Secret\u00e1rio(a) Escolar: Amanda Bezerra De Sousa Duarte Assessor(a) Financeiro: Dagmar Pinheiro Costa &nbsp; Endere\u00e7o: Av. Tenente Ant\u00f4nio Gon\u00e7alves, SN | Juremal &#8211; 63540-000 &#8211; V\u00e1rzea Alegre\/CE Telefone: (88) 3541-3952 E-mail: afonsinadiniz@escola.ce.gov.br CNPJ: [&hellip;]<\/p>\n","protected":false},"author":520,"featured_media":0,"parent":4806,"menu_order":3,"comment_status":"closed","ping_status":"closed","template":"","meta":{"_acf_changed":false,"inline_featured_image":false,"footnotes":""},"class_list":["post-3035","page","type-page","status-publish","hentry"],"acf":[],"yoast_head":"<!-- This site is optimized with the Yoast SEO plugin v26.9 - https:\/\/yoast.com\/product\/yoast-seo-wordpress\/ -->\n<title>EEMTI Professora Maria Afonsina Diniz Mac\u00eado - CREDE17-SEDUC<\/title>\n<meta name=\"robots\" content=\"index, follow, max-snippet:-1, max-image-preview:large, max-video-preview:-1\" \/>\n<link rel=\"canonical\" href=\"https:\/\/ww16.ce.gov.br\/crede17-seduc\/eemti2\/eemti-professora-maria-afonsina-diniz-macedo\/\" \/>\n<meta property=\"og:locale\" content=\"pt_BR\" \/>\n<meta property=\"og:type\" content=\"article\" \/>\n<meta property=\"og:title\" content=\"EEMTI Professora Maria Afonsina Diniz Mac\u00eado - CREDE17-SEDUC\" \/>\n<meta property=\"og:description\" content=\"&nbsp; INEP: 23148543 Diretor(a) Escolar: Alice Gon\u00e7alves de Sousa Bezerra Coordenador(a) Escolar: Paulo Henrique Costa Bitu Coordenador(a) Escolar: Alexandre Alves de Menezes Neto Secret\u00e1rio(a) Escolar: Amanda Bezerra De Sousa Duarte Assessor(a) Financeiro: Dagmar Pinheiro Costa &nbsp; Endere\u00e7o: Av. Tenente Ant\u00f4nio Gon\u00e7alves, SN | Juremal &#8211; 63540-000 &#8211; V\u00e1rzea Alegre\/CE Telefone: (88) 3541-3952 E-mail: afonsinadiniz@escola.ce.gov.br CNPJ: [&hellip;]\" \/>\n<meta property=\"og:url\" content=\"https:\/\/ww16.ce.gov.br\/crede17-seduc\/eemti2\/eemti-professora-maria-afonsina-diniz-macedo\/\" \/>\n<meta property=\"og:site_name\" content=\"CREDE17-SEDUC\" \/>\n<meta property=\"article:modified_time\" content=\"2026-01-21T17:44:13+00:00\" \/>\n<meta property=\"og:image\" content=\"http:\/\/www.crede17.seduc.ce.gov.br\/wp-content\/uploads\/sites\/111\/2022\/03\/EEMTI-Professora-Maria-Afonsina-Diniz-Macedo-2022.jpg\" \/>\n<meta name=\"twitter:card\" content=\"summary_large_image\" \/>\n<meta name=\"twitter:label1\" content=\"Est. reading time\" \/>\n\t<meta name=\"twitter:data1\" content=\"1 minuto\" \/>\n<script type=\"application\/ld+json\" class=\"yoast-schema-graph\">{\"@context\":\"https:\/\/schema.org\",\"@graph\":[{\"@type\":\"WebPage\",\"@id\":\"https:\/\/ww16.ce.gov.br\/crede17-seduc\/eemti2\/eemti-professora-maria-afonsina-diniz-macedo\/\",\"url\":\"https:\/\/ww16.ce.gov.br\/crede17-seduc\/eemti2\/eemti-professora-maria-afonsina-diniz-macedo\/\",\"name\":\"EEMTI Professora Maria Afonsina Diniz Mac\u00eado - CREDE17-SEDUC\",\"isPartOf\":{\"@id\":\"https:\/\/ww16.ce.gov.br\/crede17-seduc\/#website\"},\"primaryImageOfPage\":{\"@id\":\"https:\/\/ww16.ce.gov.br\/crede17-seduc\/eemti2\/eemti-professora-maria-afonsina-diniz-macedo\/#primaryimage\"},\"image\":{\"@id\":\"https:\/\/ww16.ce.gov.br\/crede17-seduc\/eemti2\/eemti-professora-maria-afonsina-diniz-macedo\/#primaryimage\"},\"thumbnailUrl\":\"http:\/\/www.crede17.seduc.ce.gov.br\/wp-content\/uploads\/sites\/111\/2022\/03\/EEMTI-Professora-Maria-Afonsina-Diniz-Macedo-2022.jpg\",\"datePublished\":\"2025-01-15T11:00:21+00:00\",\"dateModified\":\"2026-01-21T17:44:13+00:00\",\"breadcrumb\":{\"@id\":\"https:\/\/ww16.ce.gov.br\/crede17-seduc\/eemti2\/eemti-professora-maria-afonsina-diniz-macedo\/#breadcrumb\"},\"inLanguage\":\"pt-BR\",\"potentialAction\":[{\"@type\":\"ReadAction\",\"target\":[\"https:\/\/ww16.ce.gov.br\/crede17-seduc\/eemti2\/eemti-professora-maria-afonsina-diniz-macedo\/\"]}]},{\"@type\":\"ImageObject\",\"inLanguage\":\"pt-BR\",\"@id\":\"https:\/\/ww16.ce.gov.br\/crede17-seduc\/eemti2\/eemti-professora-maria-afonsina-diniz-macedo\/#primaryimage\",\"url\":\"http:\/\/www.crede17.seduc.ce.gov.br\/wp-content\/uploads\/sites\/111\/2022\/03\/EEMTI-Professora-Maria-Afonsina-Diniz-Macedo-2022.jpg\",\"contentUrl\":\"http:\/\/www.crede17.seduc.ce.gov.br\/wp-content\/uploads\/sites\/111\/2022\/03\/EEMTI-Professora-Maria-Afonsina-Diniz-Macedo-2022.jpg\"},{\"@type\":\"BreadcrumbList\",\"@id\":\"https:\/\/ww16.ce.gov.br\/crede17-seduc\/eemti2\/eemti-professora-maria-afonsina-diniz-macedo\/#breadcrumb\",\"itemListElement\":[{\"@type\":\"ListItem\",\"position\":1,\"name\":\"In\u00edcio\",\"item\":\"https:\/\/ww16.ce.gov.br\/crede17-seduc\/\"},{\"@type\":\"ListItem\",\"position\":2,\"name\":\"EEMTI\",\"item\":\"https:\/\/ww16.ce.gov.br\/crede17-seduc\/eemti2\/\"},{\"@type\":\"ListItem\",\"position\":3,\"name\":\"EEMTI Professora Maria Afonsina Diniz Mac\u00eado\"}]},{\"@type\":\"WebSite\",\"@id\":\"https:\/\/ww16.ce.gov.br\/crede17-seduc\/#website\",\"url\":\"https:\/\/ww16.ce.gov.br\/crede17-seduc\/\",\"name\":\"CREDE17-SEDUC\",\"description\":\"Portal CREDE17-SEDUC\",\"potentialAction\":[{\"@type\":\"SearchAction\",\"target\":{\"@type\":\"EntryPoint\",\"urlTemplate\":\"https:\/\/ww16.ce.gov.br\/crede17-seduc\/?s={search_term_string}\"},\"query-input\":{\"@type\":\"PropertyValueSpecification\",\"valueRequired\":true,\"valueName\":\"search_term_string\"}}],\"inLanguage\":\"pt-BR\"}]}<\/script>\n<!-- \/ Yoast SEO plugin. -->","yoast_head_json":{"title":"EEMTI Professora Maria Afonsina Diniz Mac\u00eado - CREDE17-SEDUC","robots":{"index":"index","follow":"follow","max-snippet":"max-snippet:-1","max-image-preview":"max-image-preview:large","max-video-preview":"max-video-preview:-1"},"canonical":"https:\/\/ww16.ce.gov.br\/crede17-seduc\/eemti2\/eemti-professora-maria-afonsina-diniz-macedo\/","og_locale":"pt_BR","og_type":"article","og_title":"EEMTI Professora Maria Afonsina Diniz Mac\u00eado - CREDE17-SEDUC","og_description":"&nbsp; INEP: 23148543 Diretor(a) Escolar: Alice Gon\u00e7alves de Sousa Bezerra Coordenador(a) Escolar: Paulo Henrique Costa Bitu Coordenador(a) Escolar: Alexandre Alves de Menezes Neto Secret\u00e1rio(a) Escolar: Amanda Bezerra De Sousa Duarte Assessor(a) Financeiro: Dagmar Pinheiro Costa &nbsp; Endere\u00e7o: Av. Tenente Ant\u00f4nio Gon\u00e7alves, SN | Juremal &#8211; 63540-000 &#8211; V\u00e1rzea Alegre\/CE Telefone: (88) 3541-3952 E-mail: afonsinadiniz@escola.ce.gov.br CNPJ: [&hellip;]","og_url":"https:\/\/ww16.ce.gov.br\/crede17-seduc\/eemti2\/eemti-professora-maria-afonsina-diniz-macedo\/","og_site_name":"CREDE17-SEDUC","article_modified_time":"2026-01-21T17:44:13+00:00","og_image":[{"url":"http:\/\/www.crede17.seduc.ce.gov.br\/wp-content\/uploads\/sites\/111\/2022\/03\/EEMTI-Professora-Maria-Afonsina-Diniz-Macedo-2022.jpg","type":"","width":"","height":""}],"twitter_card":"summary_large_image","twitter_misc":{"Est. reading time":"1 minuto"},"schema":{"@context":"https:\/\/schema.org","@graph":[{"@type":"WebPage","@id":"https:\/\/ww16.ce.gov.br\/crede17-seduc\/eemti2\/eemti-professora-maria-afonsina-diniz-macedo\/","url":"https:\/\/ww16.ce.gov.br\/crede17-seduc\/eemti2\/eemti-professora-maria-afonsina-diniz-macedo\/","name":"EEMTI Professora Maria Afonsina Diniz Mac\u00eado - CREDE17-SEDUC","isPartOf":{"@id":"https:\/\/ww16.ce.gov.br\/crede17-seduc\/#website"},"primaryImageOfPage":{"@id":"https:\/\/ww16.ce.gov.br\/crede17-seduc\/eemti2\/eemti-professora-maria-afonsina-diniz-macedo\/#primaryimage"},"image":{"@id":"https:\/\/ww16.ce.gov.br\/crede17-seduc\/eemti2\/eemti-professora-maria-afonsina-diniz-macedo\/#primaryimage"},"thumbnailUrl":"http:\/\/www.crede17.seduc.ce.gov.br\/wp-content\/uploads\/sites\/111\/2022\/03\/EEMTI-Professora-Maria-Afonsina-Diniz-Macedo-2022.jpg","datePublished":"2025-01-15T11:00:21+00:00","dateModified":"2026-01-21T17:44:13+00:00","breadcrumb":{"@id":"https:\/\/ww16.ce.gov.br\/crede17-seduc\/eemti2\/eemti-professora-maria-afonsina-diniz-macedo\/#breadcrumb"},"inLanguage":"pt-BR","potentialAction":[{"@type":"ReadAction","target":["https:\/\/ww16.ce.gov.br\/crede17-seduc\/eemti2\/eemti-professora-maria-afonsina-diniz-macedo\/"]}]},{"@type":"ImageObject","inLanguage":"pt-BR","@id":"https:\/\/ww16.ce.gov.br\/crede17-seduc\/eemti2\/eemti-professora-maria-afonsina-diniz-macedo\/#primaryimage","url":"http:\/\/www.crede17.seduc.ce.gov.br\/wp-content\/uploads\/sites\/111\/2022\/03\/EEMTI-Professora-Maria-Afonsina-Diniz-Macedo-2022.jpg","contentUrl":"http:\/\/www.crede17.seduc.ce.gov.br\/wp-content\/uploads\/sites\/111\/2022\/03\/EEMTI-Professora-Maria-Afonsina-Diniz-Macedo-2022.jpg"},{"@type":"BreadcrumbList","@id":"https:\/\/ww16.ce.gov.br\/crede17-seduc\/eemti2\/eemti-professora-maria-afonsina-diniz-macedo\/#breadcrumb","itemListElement":[{"@type":"ListItem","position":1,"name":"In\u00edcio","item":"https:\/\/ww16.ce.gov.br\/crede17-seduc\/"},{"@type":"ListItem","position":2,"name":"EEMTI","item":"https:\/\/ww16.ce.gov.br\/crede17-seduc\/eemti2\/"},{"@type":"ListItem","position":3,"name":"EEMTI Professora Maria Afonsina Diniz Mac\u00eado"}]},{"@type":"WebSite","@id":"https:\/\/ww16.ce.gov.br\/crede17-seduc\/#website","url":"https:\/\/ww16.ce.gov.br\/crede17-seduc\/","name":"CREDE17-SEDUC","description":"Portal CREDE17-SEDUC","potentialAction":[{"@type":"SearchAction","target":{"@type":"EntryPoint","urlTemplate":"https:\/\/ww16.ce.gov.br\/crede17-seduc\/?s={search_term_string}"},"query-input":{"@type":"PropertyValueSpecification","valueRequired":true,"valueName":"search_term_string"}}],"inLanguage":"pt-BR"}]}},"_links":{"self":[{"href":"https:\/\/ww16.ce.gov.br\/crede17-seduc\/wp-json\/wp\/v2\/pages\/3035","targetHints":{"allow":["GET"]}}],"collection":[{"href":"https:\/\/ww16.ce.gov.br\/crede17-seduc\/wp-json\/wp\/v2\/pages"}],"about":[{"href":"https:\/\/ww16.ce.gov.br\/crede17-seduc\/wp-json\/wp\/v2\/types\/page"}],"author":[{"embeddable":true,"href":"https:\/\/ww16.ce.gov.br\/crede17-seduc\/wp-json\/wp\/v2\/users\/520"}],"replies":[{"embeddable":true,"href":"https:\/\/ww16.ce.gov.br\/crede17-seduc\/wp-json\/wp\/v2\/comments?post=3035"}],"version-history":[{"count":5,"href":"https:\/\/ww16.ce.gov.br\/crede17-seduc\/wp-json\/wp\/v2\/pages\/3035\/revisions"}],"predecessor-version":[{"id":8599,"href":"https:\/\/ww16.ce.gov.br\/crede17-seduc\/wp-json\/wp\/v2\/pages\/3035\/revisions\/8599"}],"up":[{"embeddable":true,"href":"https:\/\/ww16.ce.gov.br\/crede17-seduc\/wp-json\/wp\/v2\/pages\/4806"}],"wp:attachment":[{"href":"https:\/\/ww16.ce.gov.br\/crede17-seduc\/wp-json\/wp\/v2\/media?parent=3035"}],"curies":[{"name":"wp","href":"https:\/\/api.w.org\/{rel}","templated":true}]}}