{"id":3031,"date":"2025-09-24T08:00:48","date_gmt":"2025-09-24T11:00:48","guid":{"rendered":"http:\/\/www.crede17.seduc.ce.gov.br\/?page_id=3031"},"modified":"2026-01-08T11:38:02","modified_gmt":"2026-01-08T14:38:02","slug":"eemti-alda-ferrer-augusto-dutra","status":"publish","type":"page","link":"https:\/\/ww16.ce.gov.br\/crede17-seduc\/eemti\/eemti-alda-ferrer-augusto-dutra\/","title":{"rendered":"EEMTI Alda Ferrer Augusto Dutra"},"content":{"rendered":"<p>&nbsp;<\/p>\n<p><a href=\"https:\/\/www.crede17.seduc.ce.gov.br\/wp-content\/uploads\/sites\/111\/2022\/03\/EEMTI-Alda-Ferrer-Augusto-Dutra-2022.jpg\"><img decoding=\"async\" class=\"alignright wp-image-2966 size-medium\" src=\"https:\/\/www.crede17.seduc.ce.gov.br\/wp-content\/uploads\/sites\/111\/2022\/03\/EEMTI-Alda-Ferrer-Augusto-Dutra-2022.jpg\" alt=\"Fachada da escola\" width=\"398\" \/><\/a><strong>INEP:<\/strong> 23150173<br \/>\n<strong>Diretor(a) Escolar:<\/strong> Tereza Ivone Lobo Pinheiro Gurgel<br \/>\n<strong>Coordenador(a) Escolar:<\/strong> Rafael da Silva Moreira<br \/>\n<strong>Coordenador(a) Escolar:<\/strong> Tiago de Lima da Silva<br \/>\n<strong>Coordenador(a) Escolar:<\/strong> Joice \u00c9lida Alves Gon\u00e7alves<br \/>\n<strong>Secret\u00e1rio(a) Escolar:<\/strong> Meiryane Pinto Bezerra Laurindo<br \/>\n<strong>Assessor(a) Financeiro:<\/strong> Giana Jorgia Moreira Nobre de Franca<\/p>\n<p>&nbsp;<\/p>\n<p><strong>Endere\u00e7o:<\/strong> Coronel Jo\u00e3o Augusto, 454 | Alto da Repetidora &#8211; 63300-000 &#8211; Lavras da Mangabeira\/CE<br \/>\n<strong>Telefone:<\/strong> (88) 3536-1630<br \/>\n<strong>E-mail:<\/strong> aldaferrer@escola.ce.gov.br<br \/>\n<strong>CNPJ:<\/strong> 11.060.094\/0001-00<\/p>\n","protected":false},"excerpt":{"rendered":"<p>&nbsp; INEP: 23150173 Diretor(a) Escolar: Tereza Ivone Lobo Pinheiro Gurgel Coordenador(a) Escolar: Rafael da Silva Moreira Coordenador(a) Escolar: Tiago de Lima da Silva Coordenador(a) Escolar: Joice \u00c9lida Alves Gon\u00e7alves Secret\u00e1rio(a) Escolar: Meiryane Pinto Bezerra Laurindo Assessor(a) Financeiro: Giana Jorgia Moreira Nobre de Franca &nbsp; Endere\u00e7o: Coronel Jo\u00e3o Augusto, 454 | Alto da Repetidora &#8211; 63300-000 [&hellip;]<\/p>\n","protected":false},"author":520,"featured_media":0,"parent":3028,"menu_order":0,"comment_status":"closed","ping_status":"closed","template":"","meta":{"_acf_changed":false,"inline_featured_image":false,"footnotes":""},"class_list":["post-3031","page","type-page","status-publish","hentry"],"acf":[],"yoast_head":"<!-- This site is optimized with the Yoast SEO plugin v26.9 - https:\/\/yoast.com\/product\/yoast-seo-wordpress\/ -->\n<title>EEMTI Alda Ferrer Augusto Dutra - CREDE17-SEDUC<\/title>\n<meta name=\"robots\" content=\"index, follow, max-snippet:-1, max-image-preview:large, max-video-preview:-1\" \/>\n<link rel=\"canonical\" href=\"https:\/\/ww16.ce.gov.br\/crede17-seduc\/eemti\/eemti-alda-ferrer-augusto-dutra\/\" \/>\n<meta property=\"og:locale\" content=\"pt_BR\" \/>\n<meta property=\"og:type\" content=\"article\" \/>\n<meta property=\"og:title\" content=\"EEMTI Alda Ferrer Augusto Dutra - CREDE17-SEDUC\" \/>\n<meta property=\"og:description\" content=\"&nbsp; INEP: 23150173 Diretor(a) Escolar: Tereza Ivone Lobo Pinheiro Gurgel Coordenador(a) Escolar: Rafael da Silva Moreira Coordenador(a) Escolar: Tiago de Lima da Silva Coordenador(a) Escolar: Joice \u00c9lida Alves Gon\u00e7alves Secret\u00e1rio(a) Escolar: Meiryane Pinto Bezerra Laurindo Assessor(a) Financeiro: Giana Jorgia Moreira Nobre de Franca &nbsp; Endere\u00e7o: Coronel Jo\u00e3o Augusto, 454 | Alto da Repetidora &#8211; 63300-000 [&hellip;]\" \/>\n<meta property=\"og:url\" content=\"https:\/\/ww16.ce.gov.br\/crede17-seduc\/eemti\/eemti-alda-ferrer-augusto-dutra\/\" \/>\n<meta property=\"og:site_name\" content=\"CREDE17-SEDUC\" \/>\n<meta property=\"article:modified_time\" content=\"2026-01-08T14:38:02+00:00\" \/>\n<meta property=\"og:image\" content=\"http:\/\/www.crede17.seduc.ce.gov.br\/wp-content\/uploads\/sites\/111\/2022\/03\/EEMTI-Alda-Ferrer-Augusto-Dutra-2022.jpg\" \/>\n<meta name=\"twitter:card\" content=\"summary_large_image\" \/>\n<meta name=\"twitter:label1\" content=\"Est. reading time\" \/>\n\t<meta name=\"twitter:data1\" content=\"1 minuto\" \/>\n<script type=\"application\/ld+json\" class=\"yoast-schema-graph\">{\"@context\":\"https:\/\/schema.org\",\"@graph\":[{\"@type\":\"WebPage\",\"@id\":\"https:\/\/ww16.ce.gov.br\/crede17-seduc\/eemti\/eemti-alda-ferrer-augusto-dutra\/\",\"url\":\"https:\/\/ww16.ce.gov.br\/crede17-seduc\/eemti\/eemti-alda-ferrer-augusto-dutra\/\",\"name\":\"EEMTI Alda Ferrer Augusto Dutra - CREDE17-SEDUC\",\"isPartOf\":{\"@id\":\"https:\/\/ww16.ce.gov.br\/crede17-seduc\/#website\"},\"primaryImageOfPage\":{\"@id\":\"https:\/\/ww16.ce.gov.br\/crede17-seduc\/eemti\/eemti-alda-ferrer-augusto-dutra\/#primaryimage\"},\"image\":{\"@id\":\"https:\/\/ww16.ce.gov.br\/crede17-seduc\/eemti\/eemti-alda-ferrer-augusto-dutra\/#primaryimage\"},\"thumbnailUrl\":\"http:\/\/www.crede17.seduc.ce.gov.br\/wp-content\/uploads\/sites\/111\/2022\/03\/EEMTI-Alda-Ferrer-Augusto-Dutra-2022.jpg\",\"datePublished\":\"2025-09-24T11:00:48+00:00\",\"dateModified\":\"2026-01-08T14:38:02+00:00\",\"breadcrumb\":{\"@id\":\"https:\/\/ww16.ce.gov.br\/crede17-seduc\/eemti\/eemti-alda-ferrer-augusto-dutra\/#breadcrumb\"},\"inLanguage\":\"pt-BR\",\"potentialAction\":[{\"@type\":\"ReadAction\",\"target\":[\"https:\/\/ww16.ce.gov.br\/crede17-seduc\/eemti\/eemti-alda-ferrer-augusto-dutra\/\"]}]},{\"@type\":\"ImageObject\",\"inLanguage\":\"pt-BR\",\"@id\":\"https:\/\/ww16.ce.gov.br\/crede17-seduc\/eemti\/eemti-alda-ferrer-augusto-dutra\/#primaryimage\",\"url\":\"http:\/\/www.crede17.seduc.ce.gov.br\/wp-content\/uploads\/sites\/111\/2022\/03\/EEMTI-Alda-Ferrer-Augusto-Dutra-2022.jpg\",\"contentUrl\":\"http:\/\/www.crede17.seduc.ce.gov.br\/wp-content\/uploads\/sites\/111\/2022\/03\/EEMTI-Alda-Ferrer-Augusto-Dutra-2022.jpg\"},{\"@type\":\"BreadcrumbList\",\"@id\":\"https:\/\/ww16.ce.gov.br\/crede17-seduc\/eemti\/eemti-alda-ferrer-augusto-dutra\/#breadcrumb\",\"itemListElement\":[{\"@type\":\"ListItem\",\"position\":1,\"name\":\"In\u00edcio\",\"item\":\"https:\/\/ww16.ce.gov.br\/crede17-seduc\/\"},{\"@type\":\"ListItem\",\"position\":2,\"name\":\"EEMTI\",\"item\":\"https:\/\/ww16.ce.gov.br\/crede17-seduc\/eemti\/\"},{\"@type\":\"ListItem\",\"position\":3,\"name\":\"EEMTI Alda Ferrer Augusto Dutra\"}]},{\"@type\":\"WebSite\",\"@id\":\"https:\/\/ww16.ce.gov.br\/crede17-seduc\/#website\",\"url\":\"https:\/\/ww16.ce.gov.br\/crede17-seduc\/\",\"name\":\"CREDE17-SEDUC\",\"description\":\"Portal CREDE17-SEDUC\",\"potentialAction\":[{\"@type\":\"SearchAction\",\"target\":{\"@type\":\"EntryPoint\",\"urlTemplate\":\"https:\/\/ww16.ce.gov.br\/crede17-seduc\/?s={search_term_string}\"},\"query-input\":{\"@type\":\"PropertyValueSpecification\",\"valueRequired\":true,\"valueName\":\"search_term_string\"}}],\"inLanguage\":\"pt-BR\"}]}<\/script>\n<!-- \/ Yoast SEO plugin. -->","yoast_head_json":{"title":"EEMTI Alda Ferrer Augusto Dutra - CREDE17-SEDUC","robots":{"index":"index","follow":"follow","max-snippet":"max-snippet:-1","max-image-preview":"max-image-preview:large","max-video-preview":"max-video-preview:-1"},"canonical":"https:\/\/ww16.ce.gov.br\/crede17-seduc\/eemti\/eemti-alda-ferrer-augusto-dutra\/","og_locale":"pt_BR","og_type":"article","og_title":"EEMTI Alda Ferrer Augusto Dutra - CREDE17-SEDUC","og_description":"&nbsp; INEP: 23150173 Diretor(a) Escolar: Tereza Ivone Lobo Pinheiro Gurgel Coordenador(a) Escolar: Rafael da Silva Moreira Coordenador(a) Escolar: Tiago de Lima da Silva Coordenador(a) Escolar: Joice \u00c9lida Alves Gon\u00e7alves Secret\u00e1rio(a) Escolar: Meiryane Pinto Bezerra Laurindo Assessor(a) Financeiro: Giana Jorgia Moreira Nobre de Franca &nbsp; Endere\u00e7o: Coronel Jo\u00e3o Augusto, 454 | Alto da Repetidora &#8211; 63300-000 [&hellip;]","og_url":"https:\/\/ww16.ce.gov.br\/crede17-seduc\/eemti\/eemti-alda-ferrer-augusto-dutra\/","og_site_name":"CREDE17-SEDUC","article_modified_time":"2026-01-08T14:38:02+00:00","og_image":[{"url":"http:\/\/www.crede17.seduc.ce.gov.br\/wp-content\/uploads\/sites\/111\/2022\/03\/EEMTI-Alda-Ferrer-Augusto-Dutra-2022.jpg","type":"","width":"","height":""}],"twitter_card":"summary_large_image","twitter_misc":{"Est. reading time":"1 minuto"},"schema":{"@context":"https:\/\/schema.org","@graph":[{"@type":"WebPage","@id":"https:\/\/ww16.ce.gov.br\/crede17-seduc\/eemti\/eemti-alda-ferrer-augusto-dutra\/","url":"https:\/\/ww16.ce.gov.br\/crede17-seduc\/eemti\/eemti-alda-ferrer-augusto-dutra\/","name":"EEMTI Alda Ferrer Augusto Dutra - CREDE17-SEDUC","isPartOf":{"@id":"https:\/\/ww16.ce.gov.br\/crede17-seduc\/#website"},"primaryImageOfPage":{"@id":"https:\/\/ww16.ce.gov.br\/crede17-seduc\/eemti\/eemti-alda-ferrer-augusto-dutra\/#primaryimage"},"image":{"@id":"https:\/\/ww16.ce.gov.br\/crede17-seduc\/eemti\/eemti-alda-ferrer-augusto-dutra\/#primaryimage"},"thumbnailUrl":"http:\/\/www.crede17.seduc.ce.gov.br\/wp-content\/uploads\/sites\/111\/2022\/03\/EEMTI-Alda-Ferrer-Augusto-Dutra-2022.jpg","datePublished":"2025-09-24T11:00:48+00:00","dateModified":"2026-01-08T14:38:02+00:00","breadcrumb":{"@id":"https:\/\/ww16.ce.gov.br\/crede17-seduc\/eemti\/eemti-alda-ferrer-augusto-dutra\/#breadcrumb"},"inLanguage":"pt-BR","potentialAction":[{"@type":"ReadAction","target":["https:\/\/ww16.ce.gov.br\/crede17-seduc\/eemti\/eemti-alda-ferrer-augusto-dutra\/"]}]},{"@type":"ImageObject","inLanguage":"pt-BR","@id":"https:\/\/ww16.ce.gov.br\/crede17-seduc\/eemti\/eemti-alda-ferrer-augusto-dutra\/#primaryimage","url":"http:\/\/www.crede17.seduc.ce.gov.br\/wp-content\/uploads\/sites\/111\/2022\/03\/EEMTI-Alda-Ferrer-Augusto-Dutra-2022.jpg","contentUrl":"http:\/\/www.crede17.seduc.ce.gov.br\/wp-content\/uploads\/sites\/111\/2022\/03\/EEMTI-Alda-Ferrer-Augusto-Dutra-2022.jpg"},{"@type":"BreadcrumbList","@id":"https:\/\/ww16.ce.gov.br\/crede17-seduc\/eemti\/eemti-alda-ferrer-augusto-dutra\/#breadcrumb","itemListElement":[{"@type":"ListItem","position":1,"name":"In\u00edcio","item":"https:\/\/ww16.ce.gov.br\/crede17-seduc\/"},{"@type":"ListItem","position":2,"name":"EEMTI","item":"https:\/\/ww16.ce.gov.br\/crede17-seduc\/eemti\/"},{"@type":"ListItem","position":3,"name":"EEMTI Alda Ferrer Augusto Dutra"}]},{"@type":"WebSite","@id":"https:\/\/ww16.ce.gov.br\/crede17-seduc\/#website","url":"https:\/\/ww16.ce.gov.br\/crede17-seduc\/","name":"CREDE17-SEDUC","description":"Portal CREDE17-SEDUC","potentialAction":[{"@type":"SearchAction","target":{"@type":"EntryPoint","urlTemplate":"https:\/\/ww16.ce.gov.br\/crede17-seduc\/?s={search_term_string}"},"query-input":{"@type":"PropertyValueSpecification","valueRequired":true,"valueName":"search_term_string"}}],"inLanguage":"pt-BR"}]}},"_links":{"self":[{"href":"https:\/\/ww16.ce.gov.br\/crede17-seduc\/wp-json\/wp\/v2\/pages\/3031","targetHints":{"allow":["GET"]}}],"collection":[{"href":"https:\/\/ww16.ce.gov.br\/crede17-seduc\/wp-json\/wp\/v2\/pages"}],"about":[{"href":"https:\/\/ww16.ce.gov.br\/crede17-seduc\/wp-json\/wp\/v2\/types\/page"}],"author":[{"embeddable":true,"href":"https:\/\/ww16.ce.gov.br\/crede17-seduc\/wp-json\/wp\/v2\/users\/520"}],"replies":[{"embeddable":true,"href":"https:\/\/ww16.ce.gov.br\/crede17-seduc\/wp-json\/wp\/v2\/comments?post=3031"}],"version-history":[{"count":9,"href":"https:\/\/ww16.ce.gov.br\/crede17-seduc\/wp-json\/wp\/v2\/pages\/3031\/revisions"}],"predecessor-version":[{"id":8596,"href":"https:\/\/ww16.ce.gov.br\/crede17-seduc\/wp-json\/wp\/v2\/pages\/3031\/revisions\/8596"}],"up":[{"embeddable":true,"href":"https:\/\/ww16.ce.gov.br\/crede17-seduc\/wp-json\/wp\/v2\/pages\/3028"}],"wp:attachment":[{"href":"https:\/\/ww16.ce.gov.br\/crede17-seduc\/wp-json\/wp\/v2\/media?parent=3031"}],"curies":[{"name":"wp","href":"https:\/\/api.w.org\/{rel}","templated":true}]}}