{"id":3024,"date":"2025-01-15T08:00:40","date_gmt":"2025-01-15T11:00:40","guid":{"rendered":"http:\/\/www.crede17.seduc.ce.gov.br\/?page_id=3024"},"modified":"2025-04-22T16:16:29","modified_gmt":"2025-04-22T19:16:29","slug":"eeep-francisca-de-albuquerque-moura","status":"publish","type":"page","link":"https:\/\/ww16.ce.gov.br\/crede17-seduc\/eeep\/eeep-francisca-de-albuquerque-moura\/","title":{"rendered":"EEEP Francisca de Albuquerque Moura"},"content":{"rendered":"<p>&nbsp;<\/p>\n<p><a href=\"https:\/\/www.crede17.seduc.ce.gov.br\/wp-content\/uploads\/sites\/111\/2021\/09\/EEEP-Francisca-de-Albuquerque-Moura.jpg\"><img decoding=\"async\" class=\"alignright wp-image-2966 size-medium\" src=\"https:\/\/www.crede17.seduc.ce.gov.br\/wp-content\/uploads\/sites\/111\/2021\/09\/EEEP-Francisca-de-Albuquerque-Moura.jpg\" alt=\"Fachada da escola\" width=\"398\" \/><\/a><strong>INEP:<\/strong> 23139471<br \/>\n<strong>Diretor(a) Escolar:<\/strong> Erich Lopes Fraga<br \/>\n<strong>Coordenador(a) Escolar:<\/strong> Graciene Sales Ferreira<br \/>\n<strong>Coordenador(a) Escolar:<\/strong> Ana Paula Salviano de Alencar<br \/>\n<strong>Coordenador(a) Escolar:<\/strong> Carlos Augusto do Nascimento Vieira<br \/>\n<strong>Secret\u00e1rio(a) Escolar:<\/strong> Izabel Cristina dos Santos Ferreira<br \/>\n<strong>Assessor(a) Financeiro:<\/strong> Keliany Paula Ver\u00edssimo Dos Anjos<\/p>\n<p>&nbsp;<\/p>\n<p><strong>Endere\u00e7o:<\/strong> Rua Vereador Ant\u00f4nio Viana de Ara\u00fajo, SN | F\u00e1tima &#8211; 63400-000 &#8211; Cedro\/CE<br \/>\n<strong>Telefone:<\/strong> (88) 3564-0276<br \/>\n<strong>E-mail:<\/strong> fcaalbuquerquemoura@escola.ce.gov.br<br \/>\n<strong>CNPJ:<\/strong> 10.859.236\/0001-31<\/p>\n","protected":false},"excerpt":{"rendered":"<p>&nbsp; INEP: 23139471 Diretor(a) Escolar: Erich Lopes Fraga Coordenador(a) Escolar: Graciene Sales Ferreira Coordenador(a) Escolar: Ana Paula Salviano de Alencar Coordenador(a) Escolar: Carlos Augusto do Nascimento Vieira Secret\u00e1rio(a) Escolar: Izabel Cristina dos Santos Ferreira Assessor(a) Financeiro: Keliany Paula Ver\u00edssimo Dos Anjos &nbsp; Endere\u00e7o: Rua Vereador Ant\u00f4nio Viana de Ara\u00fajo, SN | F\u00e1tima &#8211; 63400-000 &#8211; [&hellip;]<\/p>\n","protected":false},"author":520,"featured_media":0,"parent":3017,"menu_order":0,"comment_status":"closed","ping_status":"closed","template":"","meta":{"_acf_changed":false,"inline_featured_image":false,"footnotes":""},"class_list":["post-3024","page","type-page","status-publish","hentry"],"acf":[],"yoast_head":"<!-- This site is optimized with the Yoast SEO plugin v26.9 - https:\/\/yoast.com\/product\/yoast-seo-wordpress\/ -->\n<title>EEEP Francisca de Albuquerque Moura - CREDE17-SEDUC<\/title>\n<meta name=\"robots\" content=\"index, follow, max-snippet:-1, max-image-preview:large, max-video-preview:-1\" \/>\n<link rel=\"canonical\" href=\"https:\/\/ww16.ce.gov.br\/crede17-seduc\/eeep\/eeep-francisca-de-albuquerque-moura\/\" \/>\n<meta property=\"og:locale\" content=\"pt_BR\" \/>\n<meta property=\"og:type\" content=\"article\" \/>\n<meta property=\"og:title\" content=\"EEEP Francisca de Albuquerque Moura - CREDE17-SEDUC\" \/>\n<meta property=\"og:description\" content=\"&nbsp; INEP: 23139471 Diretor(a) Escolar: Erich Lopes Fraga Coordenador(a) Escolar: Graciene Sales Ferreira Coordenador(a) Escolar: Ana Paula Salviano de Alencar Coordenador(a) Escolar: Carlos Augusto do Nascimento Vieira Secret\u00e1rio(a) Escolar: Izabel Cristina dos Santos Ferreira Assessor(a) Financeiro: Keliany Paula Ver\u00edssimo Dos Anjos &nbsp; Endere\u00e7o: Rua Vereador Ant\u00f4nio Viana de Ara\u00fajo, SN | F\u00e1tima &#8211; 63400-000 &#8211; [&hellip;]\" \/>\n<meta property=\"og:url\" content=\"https:\/\/ww16.ce.gov.br\/crede17-seduc\/eeep\/eeep-francisca-de-albuquerque-moura\/\" \/>\n<meta property=\"og:site_name\" content=\"CREDE17-SEDUC\" \/>\n<meta property=\"article:modified_time\" content=\"2025-04-22T19:16:29+00:00\" \/>\n<meta property=\"og:image\" content=\"http:\/\/www.crede17.seduc.ce.gov.br\/wp-content\/uploads\/sites\/111\/2021\/09\/EEEP-Francisca-de-Albuquerque-Moura.jpg\" \/>\n<meta name=\"twitter:card\" content=\"summary_large_image\" \/>\n<meta name=\"twitter:label1\" content=\"Est. reading time\" \/>\n\t<meta name=\"twitter:data1\" content=\"1 minuto\" \/>\n<script type=\"application\/ld+json\" class=\"yoast-schema-graph\">{\"@context\":\"https:\/\/schema.org\",\"@graph\":[{\"@type\":\"WebPage\",\"@id\":\"https:\/\/ww16.ce.gov.br\/crede17-seduc\/eeep\/eeep-francisca-de-albuquerque-moura\/\",\"url\":\"https:\/\/ww16.ce.gov.br\/crede17-seduc\/eeep\/eeep-francisca-de-albuquerque-moura\/\",\"name\":\"EEEP Francisca de Albuquerque Moura - CREDE17-SEDUC\",\"isPartOf\":{\"@id\":\"https:\/\/ww16.ce.gov.br\/crede17-seduc\/#website\"},\"primaryImageOfPage\":{\"@id\":\"https:\/\/ww16.ce.gov.br\/crede17-seduc\/eeep\/eeep-francisca-de-albuquerque-moura\/#primaryimage\"},\"image\":{\"@id\":\"https:\/\/ww16.ce.gov.br\/crede17-seduc\/eeep\/eeep-francisca-de-albuquerque-moura\/#primaryimage\"},\"thumbnailUrl\":\"http:\/\/www.crede17.seduc.ce.gov.br\/wp-content\/uploads\/sites\/111\/2021\/09\/EEEP-Francisca-de-Albuquerque-Moura.jpg\",\"datePublished\":\"2025-01-15T11:00:40+00:00\",\"dateModified\":\"2025-04-22T19:16:29+00:00\",\"breadcrumb\":{\"@id\":\"https:\/\/ww16.ce.gov.br\/crede17-seduc\/eeep\/eeep-francisca-de-albuquerque-moura\/#breadcrumb\"},\"inLanguage\":\"pt-BR\",\"potentialAction\":[{\"@type\":\"ReadAction\",\"target\":[\"https:\/\/ww16.ce.gov.br\/crede17-seduc\/eeep\/eeep-francisca-de-albuquerque-moura\/\"]}]},{\"@type\":\"ImageObject\",\"inLanguage\":\"pt-BR\",\"@id\":\"https:\/\/ww16.ce.gov.br\/crede17-seduc\/eeep\/eeep-francisca-de-albuquerque-moura\/#primaryimage\",\"url\":\"http:\/\/www.crede17.seduc.ce.gov.br\/wp-content\/uploads\/sites\/111\/2021\/09\/EEEP-Francisca-de-Albuquerque-Moura.jpg\",\"contentUrl\":\"http:\/\/www.crede17.seduc.ce.gov.br\/wp-content\/uploads\/sites\/111\/2021\/09\/EEEP-Francisca-de-Albuquerque-Moura.jpg\"},{\"@type\":\"BreadcrumbList\",\"@id\":\"https:\/\/ww16.ce.gov.br\/crede17-seduc\/eeep\/eeep-francisca-de-albuquerque-moura\/#breadcrumb\",\"itemListElement\":[{\"@type\":\"ListItem\",\"position\":1,\"name\":\"In\u00edcio\",\"item\":\"https:\/\/ww16.ce.gov.br\/crede17-seduc\/\"},{\"@type\":\"ListItem\",\"position\":2,\"name\":\"EEEP\",\"item\":\"https:\/\/ww16.ce.gov.br\/crede17-seduc\/eeep\/\"},{\"@type\":\"ListItem\",\"position\":3,\"name\":\"EEEP Francisca de Albuquerque Moura\"}]},{\"@type\":\"WebSite\",\"@id\":\"https:\/\/ww16.ce.gov.br\/crede17-seduc\/#website\",\"url\":\"https:\/\/ww16.ce.gov.br\/crede17-seduc\/\",\"name\":\"CREDE17-SEDUC\",\"description\":\"Portal CREDE17-SEDUC\",\"potentialAction\":[{\"@type\":\"SearchAction\",\"target\":{\"@type\":\"EntryPoint\",\"urlTemplate\":\"https:\/\/ww16.ce.gov.br\/crede17-seduc\/?s={search_term_string}\"},\"query-input\":{\"@type\":\"PropertyValueSpecification\",\"valueRequired\":true,\"valueName\":\"search_term_string\"}}],\"inLanguage\":\"pt-BR\"}]}<\/script>\n<!-- \/ Yoast SEO plugin. -->","yoast_head_json":{"title":"EEEP Francisca de Albuquerque Moura - CREDE17-SEDUC","robots":{"index":"index","follow":"follow","max-snippet":"max-snippet:-1","max-image-preview":"max-image-preview:large","max-video-preview":"max-video-preview:-1"},"canonical":"https:\/\/ww16.ce.gov.br\/crede17-seduc\/eeep\/eeep-francisca-de-albuquerque-moura\/","og_locale":"pt_BR","og_type":"article","og_title":"EEEP Francisca de Albuquerque Moura - CREDE17-SEDUC","og_description":"&nbsp; INEP: 23139471 Diretor(a) Escolar: Erich Lopes Fraga Coordenador(a) Escolar: Graciene Sales Ferreira Coordenador(a) Escolar: Ana Paula Salviano de Alencar Coordenador(a) Escolar: Carlos Augusto do Nascimento Vieira Secret\u00e1rio(a) Escolar: Izabel Cristina dos Santos Ferreira Assessor(a) Financeiro: Keliany Paula Ver\u00edssimo Dos Anjos &nbsp; Endere\u00e7o: Rua Vereador Ant\u00f4nio Viana de Ara\u00fajo, SN | F\u00e1tima &#8211; 63400-000 &#8211; [&hellip;]","og_url":"https:\/\/ww16.ce.gov.br\/crede17-seduc\/eeep\/eeep-francisca-de-albuquerque-moura\/","og_site_name":"CREDE17-SEDUC","article_modified_time":"2025-04-22T19:16:29+00:00","og_image":[{"url":"http:\/\/www.crede17.seduc.ce.gov.br\/wp-content\/uploads\/sites\/111\/2021\/09\/EEEP-Francisca-de-Albuquerque-Moura.jpg","type":"","width":"","height":""}],"twitter_card":"summary_large_image","twitter_misc":{"Est. reading time":"1 minuto"},"schema":{"@context":"https:\/\/schema.org","@graph":[{"@type":"WebPage","@id":"https:\/\/ww16.ce.gov.br\/crede17-seduc\/eeep\/eeep-francisca-de-albuquerque-moura\/","url":"https:\/\/ww16.ce.gov.br\/crede17-seduc\/eeep\/eeep-francisca-de-albuquerque-moura\/","name":"EEEP Francisca de Albuquerque Moura - CREDE17-SEDUC","isPartOf":{"@id":"https:\/\/ww16.ce.gov.br\/crede17-seduc\/#website"},"primaryImageOfPage":{"@id":"https:\/\/ww16.ce.gov.br\/crede17-seduc\/eeep\/eeep-francisca-de-albuquerque-moura\/#primaryimage"},"image":{"@id":"https:\/\/ww16.ce.gov.br\/crede17-seduc\/eeep\/eeep-francisca-de-albuquerque-moura\/#primaryimage"},"thumbnailUrl":"http:\/\/www.crede17.seduc.ce.gov.br\/wp-content\/uploads\/sites\/111\/2021\/09\/EEEP-Francisca-de-Albuquerque-Moura.jpg","datePublished":"2025-01-15T11:00:40+00:00","dateModified":"2025-04-22T19:16:29+00:00","breadcrumb":{"@id":"https:\/\/ww16.ce.gov.br\/crede17-seduc\/eeep\/eeep-francisca-de-albuquerque-moura\/#breadcrumb"},"inLanguage":"pt-BR","potentialAction":[{"@type":"ReadAction","target":["https:\/\/ww16.ce.gov.br\/crede17-seduc\/eeep\/eeep-francisca-de-albuquerque-moura\/"]}]},{"@type":"ImageObject","inLanguage":"pt-BR","@id":"https:\/\/ww16.ce.gov.br\/crede17-seduc\/eeep\/eeep-francisca-de-albuquerque-moura\/#primaryimage","url":"http:\/\/www.crede17.seduc.ce.gov.br\/wp-content\/uploads\/sites\/111\/2021\/09\/EEEP-Francisca-de-Albuquerque-Moura.jpg","contentUrl":"http:\/\/www.crede17.seduc.ce.gov.br\/wp-content\/uploads\/sites\/111\/2021\/09\/EEEP-Francisca-de-Albuquerque-Moura.jpg"},{"@type":"BreadcrumbList","@id":"https:\/\/ww16.ce.gov.br\/crede17-seduc\/eeep\/eeep-francisca-de-albuquerque-moura\/#breadcrumb","itemListElement":[{"@type":"ListItem","position":1,"name":"In\u00edcio","item":"https:\/\/ww16.ce.gov.br\/crede17-seduc\/"},{"@type":"ListItem","position":2,"name":"EEEP","item":"https:\/\/ww16.ce.gov.br\/crede17-seduc\/eeep\/"},{"@type":"ListItem","position":3,"name":"EEEP Francisca de Albuquerque Moura"}]},{"@type":"WebSite","@id":"https:\/\/ww16.ce.gov.br\/crede17-seduc\/#website","url":"https:\/\/ww16.ce.gov.br\/crede17-seduc\/","name":"CREDE17-SEDUC","description":"Portal CREDE17-SEDUC","potentialAction":[{"@type":"SearchAction","target":{"@type":"EntryPoint","urlTemplate":"https:\/\/ww16.ce.gov.br\/crede17-seduc\/?s={search_term_string}"},"query-input":{"@type":"PropertyValueSpecification","valueRequired":true,"valueName":"search_term_string"}}],"inLanguage":"pt-BR"}]}},"_links":{"self":[{"href":"https:\/\/ww16.ce.gov.br\/crede17-seduc\/wp-json\/wp\/v2\/pages\/3024","targetHints":{"allow":["GET"]}}],"collection":[{"href":"https:\/\/ww16.ce.gov.br\/crede17-seduc\/wp-json\/wp\/v2\/pages"}],"about":[{"href":"https:\/\/ww16.ce.gov.br\/crede17-seduc\/wp-json\/wp\/v2\/types\/page"}],"author":[{"embeddable":true,"href":"https:\/\/ww16.ce.gov.br\/crede17-seduc\/wp-json\/wp\/v2\/users\/520"}],"replies":[{"embeddable":true,"href":"https:\/\/ww16.ce.gov.br\/crede17-seduc\/wp-json\/wp\/v2\/comments?post=3024"}],"version-history":[{"count":6,"href":"https:\/\/ww16.ce.gov.br\/crede17-seduc\/wp-json\/wp\/v2\/pages\/3024\/revisions"}],"predecessor-version":[{"id":7886,"href":"https:\/\/ww16.ce.gov.br\/crede17-seduc\/wp-json\/wp\/v2\/pages\/3024\/revisions\/7886"}],"up":[{"embeddable":true,"href":"https:\/\/ww16.ce.gov.br\/crede17-seduc\/wp-json\/wp\/v2\/pages\/3017"}],"wp:attachment":[{"href":"https:\/\/ww16.ce.gov.br\/crede17-seduc\/wp-json\/wp\/v2\/media?parent=3024"}],"curies":[{"name":"wp","href":"https:\/\/api.w.org\/{rel}","templated":true}]}}