{"id":3019,"date":"2025-01-15T08:00:25","date_gmt":"2025-01-15T11:00:25","guid":{"rendered":"http:\/\/www.crede17.seduc.ce.gov.br\/?page_id=3019"},"modified":"2025-04-22T16:03:25","modified_gmt":"2025-04-22T19:03:25","slug":"eeep-deputado-jose-walfrido-monteiro","status":"publish","type":"page","link":"https:\/\/ww16.ce.gov.br\/crede17-seduc\/eeep\/eeep-deputado-jose-walfrido-monteiro\/","title":{"rendered":"EEEP Deputado Jos\u00e9 Walfrido Monteiro"},"content":{"rendered":"<p>&nbsp;<\/p>\n<p><a href=\"https:\/\/www.crede17.seduc.ce.gov.br\/wp-content\/uploads\/sites\/111\/2021\/09\/EEEP-Deputado-Jos\u00e9-Walfrido-Monteiro.jpg\"><img decoding=\"async\" class=\"alignright wp-image-2966 size-medium\" src=\"https:\/\/www.crede17.seduc.ce.gov.br\/wp-content\/uploads\/sites\/111\/2021\/09\/EEEP-Deputado-Jos\u00e9-Walfrido-Monteiro.jpg\" alt=\"Fachada da escola\" width=\"398\" \/><\/a><strong>INEP:<\/strong> 23545720<br \/>\n<strong>Diretor(a) Escolar:<\/strong> Domingos Ferreira Alencar Di\u00f3genes<br \/>\n<strong>Coordenador(a) Escolar:<\/strong> Pedro Henrique de Lima<br \/>\n<strong>Coordenador(a) Escolar:<\/strong> Cicera Carneiro Ribeiro dos Santos<br \/>\n<strong>Coordenador(a) Escolar:<\/strong> D\u00e9bora Maria Lopes Camelo<br \/>\n<strong>Secret\u00e1rio(a) Escolar:<\/strong> Giselia Ferreira de Moura Soares<br \/>\n<strong>Assessor(a) Financeiro:<\/strong> Murilo de Sousa Paiva<\/p>\n<p>&nbsp;<\/p>\n<p><strong>Endere\u00e7o:<\/strong> Rua Raimundo Ferreira Lima, SN | Conjunto Gama &#8211; 63430-000 &#8211; Ic\u00f3\/CE<br \/>\n<strong>Telefone:<\/strong> (88) 3561-4609<br \/>\n<strong>E-mail:<\/strong> eeepjwalfrido@escola.ce.gov.br<br \/>\n<strong>CNPJ:<\/strong> 15.576.039\/0001-29<\/p>\n","protected":false},"excerpt":{"rendered":"<p>&nbsp; INEP: 23545720 Diretor(a) Escolar: Domingos Ferreira Alencar Di\u00f3genes Coordenador(a) Escolar: Pedro Henrique de Lima Coordenador(a) Escolar: Cicera Carneiro Ribeiro dos Santos Coordenador(a) Escolar: D\u00e9bora Maria Lopes Camelo Secret\u00e1rio(a) Escolar: Giselia Ferreira de Moura Soares Assessor(a) Financeiro: Murilo de Sousa Paiva &nbsp; Endere\u00e7o: Rua Raimundo Ferreira Lima, SN | Conjunto Gama &#8211; 63430-000 &#8211; Ic\u00f3\/CE [&hellip;]<\/p>\n","protected":false},"author":520,"featured_media":0,"parent":3017,"menu_order":0,"comment_status":"closed","ping_status":"closed","template":"","meta":{"_acf_changed":false,"inline_featured_image":false,"footnotes":""},"class_list":["post-3019","page","type-page","status-publish","hentry"],"acf":[],"yoast_head":"<!-- This site is optimized with the Yoast SEO plugin v26.9 - https:\/\/yoast.com\/product\/yoast-seo-wordpress\/ -->\n<title>EEEP Deputado Jos\u00e9 Walfrido Monteiro - CREDE17-SEDUC<\/title>\n<meta name=\"robots\" content=\"index, follow, max-snippet:-1, max-image-preview:large, max-video-preview:-1\" \/>\n<link rel=\"canonical\" href=\"https:\/\/ww16.ce.gov.br\/crede17-seduc\/eeep\/eeep-deputado-jose-walfrido-monteiro\/\" \/>\n<meta property=\"og:locale\" content=\"pt_BR\" \/>\n<meta property=\"og:type\" content=\"article\" \/>\n<meta property=\"og:title\" content=\"EEEP Deputado Jos\u00e9 Walfrido Monteiro - CREDE17-SEDUC\" \/>\n<meta property=\"og:description\" content=\"&nbsp; INEP: 23545720 Diretor(a) Escolar: Domingos Ferreira Alencar Di\u00f3genes Coordenador(a) Escolar: Pedro Henrique de Lima Coordenador(a) Escolar: Cicera Carneiro Ribeiro dos Santos Coordenador(a) Escolar: D\u00e9bora Maria Lopes Camelo Secret\u00e1rio(a) Escolar: Giselia Ferreira de Moura Soares Assessor(a) Financeiro: Murilo de Sousa Paiva &nbsp; Endere\u00e7o: Rua Raimundo Ferreira Lima, SN | Conjunto Gama &#8211; 63430-000 &#8211; Ic\u00f3\/CE [&hellip;]\" \/>\n<meta property=\"og:url\" content=\"https:\/\/ww16.ce.gov.br\/crede17-seduc\/eeep\/eeep-deputado-jose-walfrido-monteiro\/\" \/>\n<meta property=\"og:site_name\" content=\"CREDE17-SEDUC\" \/>\n<meta property=\"article:modified_time\" content=\"2025-04-22T19:03:25+00:00\" \/>\n<meta name=\"twitter:card\" content=\"summary_large_image\" \/>\n<meta name=\"twitter:label1\" content=\"Est. reading time\" \/>\n\t<meta name=\"twitter:data1\" content=\"1 minuto\" \/>\n<script type=\"application\/ld+json\" class=\"yoast-schema-graph\">{\"@context\":\"https:\/\/schema.org\",\"@graph\":[{\"@type\":\"WebPage\",\"@id\":\"https:\/\/ww16.ce.gov.br\/crede17-seduc\/eeep\/eeep-deputado-jose-walfrido-monteiro\/\",\"url\":\"https:\/\/ww16.ce.gov.br\/crede17-seduc\/eeep\/eeep-deputado-jose-walfrido-monteiro\/\",\"name\":\"EEEP Deputado Jos\u00e9 Walfrido Monteiro - CREDE17-SEDUC\",\"isPartOf\":{\"@id\":\"https:\/\/ww16.ce.gov.br\/crede17-seduc\/#website\"},\"datePublished\":\"2025-01-15T11:00:25+00:00\",\"dateModified\":\"2025-04-22T19:03:25+00:00\",\"breadcrumb\":{\"@id\":\"https:\/\/ww16.ce.gov.br\/crede17-seduc\/eeep\/eeep-deputado-jose-walfrido-monteiro\/#breadcrumb\"},\"inLanguage\":\"pt-BR\",\"potentialAction\":[{\"@type\":\"ReadAction\",\"target\":[\"https:\/\/ww16.ce.gov.br\/crede17-seduc\/eeep\/eeep-deputado-jose-walfrido-monteiro\/\"]}]},{\"@type\":\"BreadcrumbList\",\"@id\":\"https:\/\/ww16.ce.gov.br\/crede17-seduc\/eeep\/eeep-deputado-jose-walfrido-monteiro\/#breadcrumb\",\"itemListElement\":[{\"@type\":\"ListItem\",\"position\":1,\"name\":\"In\u00edcio\",\"item\":\"https:\/\/ww16.ce.gov.br\/crede17-seduc\/\"},{\"@type\":\"ListItem\",\"position\":2,\"name\":\"EEEP\",\"item\":\"https:\/\/ww16.ce.gov.br\/crede17-seduc\/eeep\/\"},{\"@type\":\"ListItem\",\"position\":3,\"name\":\"EEEP Deputado Jos\u00e9 Walfrido Monteiro\"}]},{\"@type\":\"WebSite\",\"@id\":\"https:\/\/ww16.ce.gov.br\/crede17-seduc\/#website\",\"url\":\"https:\/\/ww16.ce.gov.br\/crede17-seduc\/\",\"name\":\"CREDE17-SEDUC\",\"description\":\"Portal CREDE17-SEDUC\",\"potentialAction\":[{\"@type\":\"SearchAction\",\"target\":{\"@type\":\"EntryPoint\",\"urlTemplate\":\"https:\/\/ww16.ce.gov.br\/crede17-seduc\/?s={search_term_string}\"},\"query-input\":{\"@type\":\"PropertyValueSpecification\",\"valueRequired\":true,\"valueName\":\"search_term_string\"}}],\"inLanguage\":\"pt-BR\"}]}<\/script>\n<!-- \/ Yoast SEO plugin. -->","yoast_head_json":{"title":"EEEP Deputado Jos\u00e9 Walfrido Monteiro - CREDE17-SEDUC","robots":{"index":"index","follow":"follow","max-snippet":"max-snippet:-1","max-image-preview":"max-image-preview:large","max-video-preview":"max-video-preview:-1"},"canonical":"https:\/\/ww16.ce.gov.br\/crede17-seduc\/eeep\/eeep-deputado-jose-walfrido-monteiro\/","og_locale":"pt_BR","og_type":"article","og_title":"EEEP Deputado Jos\u00e9 Walfrido Monteiro - CREDE17-SEDUC","og_description":"&nbsp; INEP: 23545720 Diretor(a) Escolar: Domingos Ferreira Alencar Di\u00f3genes Coordenador(a) Escolar: Pedro Henrique de Lima Coordenador(a) Escolar: Cicera Carneiro Ribeiro dos Santos Coordenador(a) Escolar: D\u00e9bora Maria Lopes Camelo Secret\u00e1rio(a) Escolar: Giselia Ferreira de Moura Soares Assessor(a) Financeiro: Murilo de Sousa Paiva &nbsp; Endere\u00e7o: Rua Raimundo Ferreira Lima, SN | Conjunto Gama &#8211; 63430-000 &#8211; Ic\u00f3\/CE [&hellip;]","og_url":"https:\/\/ww16.ce.gov.br\/crede17-seduc\/eeep\/eeep-deputado-jose-walfrido-monteiro\/","og_site_name":"CREDE17-SEDUC","article_modified_time":"2025-04-22T19:03:25+00:00","twitter_card":"summary_large_image","twitter_misc":{"Est. reading time":"1 minuto"},"schema":{"@context":"https:\/\/schema.org","@graph":[{"@type":"WebPage","@id":"https:\/\/ww16.ce.gov.br\/crede17-seduc\/eeep\/eeep-deputado-jose-walfrido-monteiro\/","url":"https:\/\/ww16.ce.gov.br\/crede17-seduc\/eeep\/eeep-deputado-jose-walfrido-monteiro\/","name":"EEEP Deputado Jos\u00e9 Walfrido Monteiro - CREDE17-SEDUC","isPartOf":{"@id":"https:\/\/ww16.ce.gov.br\/crede17-seduc\/#website"},"datePublished":"2025-01-15T11:00:25+00:00","dateModified":"2025-04-22T19:03:25+00:00","breadcrumb":{"@id":"https:\/\/ww16.ce.gov.br\/crede17-seduc\/eeep\/eeep-deputado-jose-walfrido-monteiro\/#breadcrumb"},"inLanguage":"pt-BR","potentialAction":[{"@type":"ReadAction","target":["https:\/\/ww16.ce.gov.br\/crede17-seduc\/eeep\/eeep-deputado-jose-walfrido-monteiro\/"]}]},{"@type":"BreadcrumbList","@id":"https:\/\/ww16.ce.gov.br\/crede17-seduc\/eeep\/eeep-deputado-jose-walfrido-monteiro\/#breadcrumb","itemListElement":[{"@type":"ListItem","position":1,"name":"In\u00edcio","item":"https:\/\/ww16.ce.gov.br\/crede17-seduc\/"},{"@type":"ListItem","position":2,"name":"EEEP","item":"https:\/\/ww16.ce.gov.br\/crede17-seduc\/eeep\/"},{"@type":"ListItem","position":3,"name":"EEEP Deputado Jos\u00e9 Walfrido Monteiro"}]},{"@type":"WebSite","@id":"https:\/\/ww16.ce.gov.br\/crede17-seduc\/#website","url":"https:\/\/ww16.ce.gov.br\/crede17-seduc\/","name":"CREDE17-SEDUC","description":"Portal CREDE17-SEDUC","potentialAction":[{"@type":"SearchAction","target":{"@type":"EntryPoint","urlTemplate":"https:\/\/ww16.ce.gov.br\/crede17-seduc\/?s={search_term_string}"},"query-input":{"@type":"PropertyValueSpecification","valueRequired":true,"valueName":"search_term_string"}}],"inLanguage":"pt-BR"}]}},"_links":{"self":[{"href":"https:\/\/ww16.ce.gov.br\/crede17-seduc\/wp-json\/wp\/v2\/pages\/3019","targetHints":{"allow":["GET"]}}],"collection":[{"href":"https:\/\/ww16.ce.gov.br\/crede17-seduc\/wp-json\/wp\/v2\/pages"}],"about":[{"href":"https:\/\/ww16.ce.gov.br\/crede17-seduc\/wp-json\/wp\/v2\/types\/page"}],"author":[{"embeddable":true,"href":"https:\/\/ww16.ce.gov.br\/crede17-seduc\/wp-json\/wp\/v2\/users\/520"}],"replies":[{"embeddable":true,"href":"https:\/\/ww16.ce.gov.br\/crede17-seduc\/wp-json\/wp\/v2\/comments?post=3019"}],"version-history":[{"count":2,"href":"https:\/\/ww16.ce.gov.br\/crede17-seduc\/wp-json\/wp\/v2\/pages\/3019\/revisions"}],"predecessor-version":[{"id":7534,"href":"https:\/\/ww16.ce.gov.br\/crede17-seduc\/wp-json\/wp\/v2\/pages\/3019\/revisions\/7534"}],"up":[{"embeddable":true,"href":"https:\/\/ww16.ce.gov.br\/crede17-seduc\/wp-json\/wp\/v2\/pages\/3017"}],"wp:attachment":[{"href":"https:\/\/ww16.ce.gov.br\/crede17-seduc\/wp-json\/wp\/v2\/media?parent=3019"}],"curies":[{"name":"wp","href":"https:\/\/api.w.org\/{rel}","templated":true}]}}