{"id":3017,"date":"2021-09-17T23:50:44","date_gmt":"2021-09-18T02:50:44","guid":{"rendered":"http:\/\/www.crede17.seduc.ce.gov.br\/?page_id=3017"},"modified":"2026-05-15T14:40:29","modified_gmt":"2026-05-15T17:40:29","slug":"eeep","status":"publish","type":"page","link":"https:\/\/ww16.ce.gov.br\/crede17-seduc\/eeep\/","title":{"rendered":"EEEP"},"content":{"rendered":"\n<h2 class=\"wp-block-heading\">EEEP Deputado Jos\u00e9 Walfrido Monteiro<\/h2>\n\n\n\n<figure class=\"wp-block-image alignright\"><a href=\"https:\/\/www.crede17.seduc.ce.gov.br\/wp-content\/uploads\/sites\/129\/2021\/09\/EEEP-Deputado-Jos%C3%A9-Walfrido-Monteiro.jpg\"><img decoding=\"async\" src=\"https:\/\/www.crede17.seduc.ce.gov.br\/wp-content\/uploads\/sites\/129\/2021\/09\/EEEP-Deputado-Jos%C3%A9-Walfrido-Monteiro.jpg\" alt=\"Fachada da escola\" class=\"wp-image-2966\"\/><\/a><\/figure>\n\n\n\n<p><strong>INEP:<\/strong>&nbsp;23545720<br><strong>Diretor(a) Escolar:<\/strong>&nbsp;Domingos Ferreira Alencar Di\u00f3genes<br><strong>Coordenador(a) Escolar:<\/strong>&nbsp;Pedro Henrique de Lima<br><strong>Coordenador(a) Escolar:<\/strong>&nbsp;Cicera Carneiro Ribeiro dos Santos<br><strong>Coordenador(a) Escolar:<\/strong>&nbsp;D\u00e9bora Maria Lopes Camelo<br><strong>Secret\u00e1rio(a) Escolar:<\/strong>&nbsp;Giselia Ferreira de Moura Soares<br><strong>Assessor(a) Financeiro:<\/strong>&nbsp;Murilo de Sousa Paiva<\/p>\n\n\n\n<p><strong>Endere\u00e7o:<\/strong>&nbsp;Rua Raimundo Ferreira Lima, SN | Conjunto Gama \u2013 63430-000 \u2013 Ic\u00f3\/CE<br><strong>Telefone:<\/strong>&nbsp;(88) 3561-4609<br><strong>E-mail:<\/strong>&nbsp;eeepjwalfrido@escola.ce.gov.br<br><strong>CNPJ:<\/strong>&nbsp;15.576.039\/0001-29<\/p>\n\n\n\n<h2 class=\"wp-block-heading\">EEEP Doutor Jos\u00e9 Iran Costa<\/h2>\n\n\n\n<figure class=\"wp-block-image alignright\"><a href=\"https:\/\/www.crede17.seduc.ce.gov.br\/wp-content\/uploads\/sites\/129\/2021\/09\/EEEP-Doutor-Jos%C3%A9-Iran-Costa.jpg\"><img decoding=\"async\" src=\"https:\/\/www.crede17.seduc.ce.gov.br\/wp-content\/uploads\/sites\/129\/2021\/09\/EEEP-Doutor-Jos%C3%A9-Iran-Costa.jpg\" alt=\"Fachada da escola\" class=\"wp-image-2966\"\/><\/a><\/figure>\n\n\n\n<p><strong>INEP:<\/strong>&nbsp;23545712<br><strong>Diretor(a) Escolar:<\/strong>&nbsp;Carlos Andr\u00e9 Bezerra Marques<br><strong>Coordenador(a) Escolar:<\/strong>&nbsp;Aucimar Monteiro de Sousa<br><strong>Coordenador(a) Escolar:<\/strong>&nbsp;C\u00edcero Vitorino Pereira<br><strong>Coordenador(a) Escolar:&nbsp;<\/strong>Maria Janaina Bezerra Pinho<br><strong>Secret\u00e1rio(a) Escolar:<\/strong>&nbsp;Ge\u00f3rgia Alves de Morais<br><strong>Assessor(a) Financeiro:<\/strong>&nbsp;Matheus Bezerra de Carvalho<\/p>\n\n\n\n<p><strong>Endere\u00e7o:<\/strong>&nbsp;Rua S\u00e9rgio Pontes, SN | Bet\u00e2nia \u2013 63540-000 \u2013 V\u00e1rzea Alegre\/CE<br><strong>Telefone:<\/strong>&nbsp;(88) 3541-2302<br><strong>E-mail:<\/strong>&nbsp;jirancosta@escola.ce.gov.br<br><strong>CNPJ:<\/strong>&nbsp;16.623.997\/0001-76<\/p>\n\n\n\n<h2 class=\"wp-block-heading\">EEEP Francisca de Albuquerque Moura<\/h2>\n\n\n\n<figure class=\"wp-block-image alignright\"><a href=\"https:\/\/www.crede17.seduc.ce.gov.br\/wp-content\/uploads\/sites\/129\/2021\/09\/EEEP-Francisca-de-Albuquerque-Moura.jpg\"><img decoding=\"async\" src=\"https:\/\/www.crede17.seduc.ce.gov.br\/wp-content\/uploads\/sites\/129\/2021\/09\/EEEP-Francisca-de-Albuquerque-Moura.jpg\" alt=\"Fachada da escola\" class=\"wp-image-2966\"\/><\/a><\/figure>\n\n\n\n<p><strong>INEP:<\/strong>&nbsp;23139471<br><strong>Diretor(a) Escolar:<\/strong>&nbsp;Erich Lopes Fraga<br><strong>Coordenador(a) Escolar:<\/strong>&nbsp;Graciene Sales Ferreira<br><strong>Coordenador(a) Escolar:<\/strong>&nbsp;Ana Paula Salviano de Alencar<br><strong>Coordenador(a) Escolar:<\/strong>&nbsp;Carlos Augusto do Nascimento Vieira<br><strong>Secret\u00e1rio(a) Escolar:<\/strong>&nbsp;Izabel Cristina dos Santos Ferreira<br><strong>Assessor(a) Financeiro:<\/strong>&nbsp;Keliany Paula Ver\u00edssimo Dos Anjos<\/p>\n\n\n\n<p><strong>Endere\u00e7o:<\/strong>&nbsp;Rua Vereador Ant\u00f4nio Viana de Ara\u00fajo, SN | F\u00e1tima \u2013 63400-000 \u2013 Cedro\/CE<br><strong>Telefone:<\/strong>&nbsp;(88) 3564-0276<br><strong>E-mail:<\/strong>&nbsp;fcaalbuquerquemoura@escola.ce.gov.br<br><strong>CNPJ:<\/strong>&nbsp;10.859.236\/0001-31<\/p>\n\n\n\n<h2 class=\"wp-block-heading\">EEEP Professor Gustavo Augusto Lima<\/h2>\n\n\n\n<figure class=\"wp-block-image alignright\"><a href=\"https:\/\/www.crede17.seduc.ce.gov.br\/wp-content\/uploads\/sites\/129\/2021\/09\/EEEP-Professor-Gustavo-Augusto-Lima.jpg\"><img decoding=\"async\" src=\"https:\/\/www.crede17.seduc.ce.gov.br\/wp-content\/uploads\/sites\/129\/2021\/09\/EEEP-Professor-Gustavo-Augusto-Lima.jpg\" alt=\"Fachada da escola\" class=\"wp-image-2966\"\/><\/a><\/figure>\n\n\n\n<p><strong>INEP:<\/strong>&nbsp;23243023<br><strong>Diretor(a) Escolar:<\/strong>&nbsp;Marcelo Gon\u00e7alves de Caldas<br><strong>Coordenador(a) Escolar:<\/strong>&nbsp;Francisco Monteiro de Sousa<br><strong>Coordenador(a) Escolar:<\/strong>&nbsp;Joaquim Lopes Filho<br><strong>Coordenador(a) Escolar:<\/strong>&nbsp;Maria Adriana Leite Alves<br><strong>Secret\u00e1rio(a) Escolar:<\/strong>&nbsp;Libia Pereira Furtado Pinto Fernandes<br><strong>Assessor(a) Financeiro:<\/strong>&nbsp;Rosileuda Belarmino Ribeiro<\/p>\n\n\n\n<p><strong>Endere\u00e7o:<\/strong>&nbsp;Fazenda Pereiros BR 230, SN | S\u00edtio \u2013 63300-000 \u2013 Lavras da Mangabeira\/CE<br><strong>Telefone:<\/strong>&nbsp;(88) 3536-2009<br><strong>E-mail:<\/strong>&nbsp;eeepgustavolima@escola.ce.gov.br<br><strong>CNPJ:<\/strong>&nbsp;18.695.596\/0001-57<\/p>\n","protected":false},"excerpt":{"rendered":"<p>EEEP Deputado Jos\u00e9 Walfrido Monteiro INEP:&nbsp;23545720Diretor(a) Escolar:&nbsp;Domingos Ferreira Alencar Di\u00f3genesCoordenador(a) Escolar:&nbsp;Pedro Henrique de LimaCoordenador(a) Escolar:&nbsp;Cicera Carneiro Ribeiro dos SantosCoordenador(a) Escolar:&nbsp;D\u00e9bora Maria Lopes CameloSecret\u00e1rio(a) Escolar:&nbsp;Giselia Ferreira de Moura SoaresAssessor(a) Financeiro:&nbsp;Murilo de Sousa Paiva Endere\u00e7o:&nbsp;Rua Raimundo Ferreira Lima, SN | Conjunto Gama \u2013 63430-000 \u2013 Ic\u00f3\/CETelefone:&nbsp;(88) 3561-4609E-mail:&nbsp;eeepjwalfrido@escola.ce.gov.brCNPJ:&nbsp;15.576.039\/0001-29 EEEP Doutor Jos\u00e9 Iran Costa INEP:&nbsp;23545712Diretor(a) Escolar:&nbsp;Carlos Andr\u00e9 Bezerra MarquesCoordenador(a) [&hellip;]<\/p>\n","protected":false},"author":520,"featured_media":0,"parent":0,"menu_order":2,"comment_status":"closed","ping_status":"closed","template":"","meta":{"_acf_changed":false,"inline_featured_image":false,"footnotes":""},"class_list":["post-3017","page","type-page","status-publish","hentry"],"acf":[],"yoast_head":"<!-- This site is optimized with the Yoast SEO plugin v26.9 - https:\/\/yoast.com\/product\/yoast-seo-wordpress\/ -->\n<title>EEEP - CREDE17-SEDUC<\/title>\n<meta name=\"robots\" content=\"index, follow, max-snippet:-1, max-image-preview:large, max-video-preview:-1\" \/>\n<link rel=\"canonical\" href=\"https:\/\/ww16.ce.gov.br\/crede17-seduc\/eeep\/\" \/>\n<meta property=\"og:locale\" content=\"pt_BR\" \/>\n<meta property=\"og:type\" content=\"article\" \/>\n<meta property=\"og:title\" content=\"EEEP - CREDE17-SEDUC\" \/>\n<meta property=\"og:description\" content=\"EEEP Deputado Jos\u00e9 Walfrido Monteiro INEP:&nbsp;23545720Diretor(a) Escolar:&nbsp;Domingos Ferreira Alencar Di\u00f3genesCoordenador(a) Escolar:&nbsp;Pedro Henrique de LimaCoordenador(a) Escolar:&nbsp;Cicera Carneiro Ribeiro dos SantosCoordenador(a) Escolar:&nbsp;D\u00e9bora Maria Lopes CameloSecret\u00e1rio(a) Escolar:&nbsp;Giselia Ferreira de Moura SoaresAssessor(a) Financeiro:&nbsp;Murilo de Sousa Paiva Endere\u00e7o:&nbsp;Rua Raimundo Ferreira Lima, SN | Conjunto Gama \u2013 63430-000 \u2013 Ic\u00f3\/CETelefone:&nbsp;(88) 3561-4609E-mail:&nbsp;eeepjwalfrido@escola.ce.gov.brCNPJ:&nbsp;15.576.039\/0001-29 EEEP Doutor Jos\u00e9 Iran Costa INEP:&nbsp;23545712Diretor(a) Escolar:&nbsp;Carlos Andr\u00e9 Bezerra MarquesCoordenador(a) [&hellip;]\" \/>\n<meta property=\"og:url\" content=\"https:\/\/ww16.ce.gov.br\/crede17-seduc\/eeep\/\" \/>\n<meta property=\"og:site_name\" content=\"CREDE17-SEDUC\" \/>\n<meta property=\"article:modified_time\" content=\"2026-05-15T17:40:29+00:00\" \/>\n<meta property=\"og:image\" content=\"https:\/\/ww16.ce.gov.br\/crede17-seduc\/wp-content\/uploads\/sites\/111\/2021\/09\/CEJA-Ana-Vieira-Pinheiro.jpg\" \/>\n\t<meta property=\"og:image:width\" content=\"1500\" \/>\n\t<meta property=\"og:image:height\" content=\"867\" \/>\n\t<meta property=\"og:image:type\" content=\"image\/jpeg\" \/>\n<meta name=\"twitter:card\" content=\"summary_large_image\" \/>\n<meta name=\"twitter:label1\" content=\"Est. reading time\" \/>\n\t<meta name=\"twitter:data1\" content=\"3 minutos\" \/>\n<script type=\"application\/ld+json\" class=\"yoast-schema-graph\">{\"@context\":\"https:\/\/schema.org\",\"@graph\":[{\"@type\":\"WebPage\",\"@id\":\"https:\/\/ww16.ce.gov.br\/crede17-seduc\/eeep\/\",\"url\":\"https:\/\/ww16.ce.gov.br\/crede17-seduc\/eeep\/\",\"name\":\"EEEP - CREDE17-SEDUC\",\"isPartOf\":{\"@id\":\"https:\/\/ww16.ce.gov.br\/crede17-seduc\/#website\"},\"primaryImageOfPage\":{\"@id\":\"https:\/\/ww16.ce.gov.br\/crede17-seduc\/eeep\/#primaryimage\"},\"image\":{\"@id\":\"https:\/\/ww16.ce.gov.br\/crede17-seduc\/eeep\/#primaryimage\"},\"thumbnailUrl\":\"https:\/\/www.crede17.seduc.ce.gov.br\/wp-content\/uploads\/sites\/129\/2021\/09\/EEEP-Deputado-Jos%C3%A9-Walfrido-Monteiro.jpg\",\"datePublished\":\"2021-09-18T02:50:44+00:00\",\"dateModified\":\"2026-05-15T17:40:29+00:00\",\"breadcrumb\":{\"@id\":\"https:\/\/ww16.ce.gov.br\/crede17-seduc\/eeep\/#breadcrumb\"},\"inLanguage\":\"pt-BR\",\"potentialAction\":[{\"@type\":\"ReadAction\",\"target\":[\"https:\/\/ww16.ce.gov.br\/crede17-seduc\/eeep\/\"]}]},{\"@type\":\"ImageObject\",\"inLanguage\":\"pt-BR\",\"@id\":\"https:\/\/ww16.ce.gov.br\/crede17-seduc\/eeep\/#primaryimage\",\"url\":\"https:\/\/www.crede17.seduc.ce.gov.br\/wp-content\/uploads\/sites\/129\/2021\/09\/EEEP-Deputado-Jos%C3%A9-Walfrido-Monteiro.jpg\",\"contentUrl\":\"https:\/\/www.crede17.seduc.ce.gov.br\/wp-content\/uploads\/sites\/129\/2021\/09\/EEEP-Deputado-Jos%C3%A9-Walfrido-Monteiro.jpg\"},{\"@type\":\"BreadcrumbList\",\"@id\":\"https:\/\/ww16.ce.gov.br\/crede17-seduc\/eeep\/#breadcrumb\",\"itemListElement\":[{\"@type\":\"ListItem\",\"position\":1,\"name\":\"In\u00edcio\",\"item\":\"https:\/\/ww16.ce.gov.br\/crede17-seduc\/\"},{\"@type\":\"ListItem\",\"position\":2,\"name\":\"EEEP\"}]},{\"@type\":\"WebSite\",\"@id\":\"https:\/\/ww16.ce.gov.br\/crede17-seduc\/#website\",\"url\":\"https:\/\/ww16.ce.gov.br\/crede17-seduc\/\",\"name\":\"CREDE17-SEDUC\",\"description\":\"Portal CREDE17-SEDUC\",\"potentialAction\":[{\"@type\":\"SearchAction\",\"target\":{\"@type\":\"EntryPoint\",\"urlTemplate\":\"https:\/\/ww16.ce.gov.br\/crede17-seduc\/?s={search_term_string}\"},\"query-input\":{\"@type\":\"PropertyValueSpecification\",\"valueRequired\":true,\"valueName\":\"search_term_string\"}}],\"inLanguage\":\"pt-BR\"}]}<\/script>\n<!-- \/ Yoast SEO plugin. -->","yoast_head_json":{"title":"EEEP - CREDE17-SEDUC","robots":{"index":"index","follow":"follow","max-snippet":"max-snippet:-1","max-image-preview":"max-image-preview:large","max-video-preview":"max-video-preview:-1"},"canonical":"https:\/\/ww16.ce.gov.br\/crede17-seduc\/eeep\/","og_locale":"pt_BR","og_type":"article","og_title":"EEEP - CREDE17-SEDUC","og_description":"EEEP Deputado Jos\u00e9 Walfrido Monteiro INEP:&nbsp;23545720Diretor(a) Escolar:&nbsp;Domingos Ferreira Alencar Di\u00f3genesCoordenador(a) Escolar:&nbsp;Pedro Henrique de LimaCoordenador(a) Escolar:&nbsp;Cicera Carneiro Ribeiro dos SantosCoordenador(a) Escolar:&nbsp;D\u00e9bora Maria Lopes CameloSecret\u00e1rio(a) Escolar:&nbsp;Giselia Ferreira de Moura SoaresAssessor(a) Financeiro:&nbsp;Murilo de Sousa Paiva Endere\u00e7o:&nbsp;Rua Raimundo Ferreira Lima, SN | Conjunto Gama \u2013 63430-000 \u2013 Ic\u00f3\/CETelefone:&nbsp;(88) 3561-4609E-mail:&nbsp;eeepjwalfrido@escola.ce.gov.brCNPJ:&nbsp;15.576.039\/0001-29 EEEP Doutor Jos\u00e9 Iran Costa INEP:&nbsp;23545712Diretor(a) Escolar:&nbsp;Carlos Andr\u00e9 Bezerra MarquesCoordenador(a) [&hellip;]","og_url":"https:\/\/ww16.ce.gov.br\/crede17-seduc\/eeep\/","og_site_name":"CREDE17-SEDUC","article_modified_time":"2026-05-15T17:40:29+00:00","og_image":[{"width":1500,"height":867,"url":"https:\/\/ww16.ce.gov.br\/crede17-seduc\/wp-content\/uploads\/sites\/111\/2021\/09\/CEJA-Ana-Vieira-Pinheiro.jpg","type":"image\/jpeg"}],"twitter_card":"summary_large_image","twitter_misc":{"Est. reading time":"3 minutos"},"schema":{"@context":"https:\/\/schema.org","@graph":[{"@type":"WebPage","@id":"https:\/\/ww16.ce.gov.br\/crede17-seduc\/eeep\/","url":"https:\/\/ww16.ce.gov.br\/crede17-seduc\/eeep\/","name":"EEEP - CREDE17-SEDUC","isPartOf":{"@id":"https:\/\/ww16.ce.gov.br\/crede17-seduc\/#website"},"primaryImageOfPage":{"@id":"https:\/\/ww16.ce.gov.br\/crede17-seduc\/eeep\/#primaryimage"},"image":{"@id":"https:\/\/ww16.ce.gov.br\/crede17-seduc\/eeep\/#primaryimage"},"thumbnailUrl":"https:\/\/www.crede17.seduc.ce.gov.br\/wp-content\/uploads\/sites\/129\/2021\/09\/EEEP-Deputado-Jos%C3%A9-Walfrido-Monteiro.jpg","datePublished":"2021-09-18T02:50:44+00:00","dateModified":"2026-05-15T17:40:29+00:00","breadcrumb":{"@id":"https:\/\/ww16.ce.gov.br\/crede17-seduc\/eeep\/#breadcrumb"},"inLanguage":"pt-BR","potentialAction":[{"@type":"ReadAction","target":["https:\/\/ww16.ce.gov.br\/crede17-seduc\/eeep\/"]}]},{"@type":"ImageObject","inLanguage":"pt-BR","@id":"https:\/\/ww16.ce.gov.br\/crede17-seduc\/eeep\/#primaryimage","url":"https:\/\/www.crede17.seduc.ce.gov.br\/wp-content\/uploads\/sites\/129\/2021\/09\/EEEP-Deputado-Jos%C3%A9-Walfrido-Monteiro.jpg","contentUrl":"https:\/\/www.crede17.seduc.ce.gov.br\/wp-content\/uploads\/sites\/129\/2021\/09\/EEEP-Deputado-Jos%C3%A9-Walfrido-Monteiro.jpg"},{"@type":"BreadcrumbList","@id":"https:\/\/ww16.ce.gov.br\/crede17-seduc\/eeep\/#breadcrumb","itemListElement":[{"@type":"ListItem","position":1,"name":"In\u00edcio","item":"https:\/\/ww16.ce.gov.br\/crede17-seduc\/"},{"@type":"ListItem","position":2,"name":"EEEP"}]},{"@type":"WebSite","@id":"https:\/\/ww16.ce.gov.br\/crede17-seduc\/#website","url":"https:\/\/ww16.ce.gov.br\/crede17-seduc\/","name":"CREDE17-SEDUC","description":"Portal CREDE17-SEDUC","potentialAction":[{"@type":"SearchAction","target":{"@type":"EntryPoint","urlTemplate":"https:\/\/ww16.ce.gov.br\/crede17-seduc\/?s={search_term_string}"},"query-input":{"@type":"PropertyValueSpecification","valueRequired":true,"valueName":"search_term_string"}}],"inLanguage":"pt-BR"}]}},"_links":{"self":[{"href":"https:\/\/ww16.ce.gov.br\/crede17-seduc\/wp-json\/wp\/v2\/pages\/3017","targetHints":{"allow":["GET"]}}],"collection":[{"href":"https:\/\/ww16.ce.gov.br\/crede17-seduc\/wp-json\/wp\/v2\/pages"}],"about":[{"href":"https:\/\/ww16.ce.gov.br\/crede17-seduc\/wp-json\/wp\/v2\/types\/page"}],"author":[{"embeddable":true,"href":"https:\/\/ww16.ce.gov.br\/crede17-seduc\/wp-json\/wp\/v2\/users\/520"}],"replies":[{"embeddable":true,"href":"https:\/\/ww16.ce.gov.br\/crede17-seduc\/wp-json\/wp\/v2\/comments?post=3017"}],"version-history":[{"count":2,"href":"https:\/\/ww16.ce.gov.br\/crede17-seduc\/wp-json\/wp\/v2\/pages\/3017\/revisions"}],"predecessor-version":[{"id":8985,"href":"https:\/\/ww16.ce.gov.br\/crede17-seduc\/wp-json\/wp\/v2\/pages\/3017\/revisions\/8985"}],"wp:attachment":[{"href":"https:\/\/ww16.ce.gov.br\/crede17-seduc\/wp-json\/wp\/v2\/media?parent=3017"}],"curies":[{"name":"wp","href":"https:\/\/api.w.org\/{rel}","templated":true}]}}