{"id":3013,"date":"2025-01-15T08:00:29","date_gmt":"2025-01-15T11:00:29","guid":{"rendered":"http:\/\/www.crede17.seduc.ce.gov.br\/?page_id=3013"},"modified":"2025-04-22T16:35:19","modified_gmt":"2025-04-22T19:35:19","slug":"eemti-professor-miguel-porfirio-de-lima","status":"publish","type":"page","link":"https:\/\/ww16.ce.gov.br\/crede17-seduc\/eemti3\/eemti-professor-miguel-porfirio-de-lima\/","title":{"rendered":"EEMTI Professor Miguel Porf\u00edrio de Lima"},"content":{"rendered":"<p>&nbsp;<\/p>\n<p><a href=\"https:\/\/www.crede17.seduc.ce.gov.br\/wp-content\/uploads\/sites\/111\/2021\/09\/EEM-Professor-Miguel-Porf\u00edrio-de-Lima.jpg\"><img decoding=\"async\" class=\"alignright wp-image-2966 size-medium\" src=\"https:\/\/www.crede17.seduc.ce.gov.br\/wp-content\/uploads\/sites\/111\/2021\/09\/EEM-Professor-Miguel-Porf\u00edrio-de-Lima.jpg\" alt=\"Fachada da escola\" width=\"398\" \/><\/a><strong>INEP:<\/strong> 23545755<br \/>\n<strong>Diretor(a) Escolar:<\/strong> Vin\u00edcius Ribeiro Goveia<br \/>\n<strong>Coordenador(a) Escolar:<\/strong> Claudia Gomes Gurgel Paix\u00e3o<br \/>\n<strong>Coordenador(a) Escolar:<\/strong> Francisco Alves de Andrade<br \/>\n<strong>Secret\u00e1rio(a) Escolar:<\/strong> Josiv\u00e2nia Louren\u00e7o de Andrade<br \/>\n<strong>Assessor(a) Financeiro:<\/strong> Hernandes Adauto de Lima<\/p>\n<p>&nbsp;<\/p>\n<p><strong>Endere\u00e7o:<\/strong> Rua Duque de Caxias, SN | Distrito de Icozinho &#8211; 63445-000 &#8211; Ic\u00f3\/CE<br \/>\n<strong>Telefone:<\/strong> (88) 3563-2077<br \/>\n<strong>E-mail:<\/strong> miguelporfirio.cr17@escola.ce.gov.br<br \/>\n<strong>CNPJ:<\/strong> 16.722.533\/0001-17<\/p>\n","protected":false},"excerpt":{"rendered":"<p>&nbsp; INEP: 23545755 Diretor(a) Escolar: Vin\u00edcius Ribeiro Goveia Coordenador(a) Escolar: Claudia Gomes Gurgel Paix\u00e3o Coordenador(a) Escolar: Francisco Alves de Andrade Secret\u00e1rio(a) Escolar: Josiv\u00e2nia Louren\u00e7o de Andrade Assessor(a) Financeiro: Hernandes Adauto de Lima &nbsp; Endere\u00e7o: Rua Duque de Caxias, SN | Distrito de Icozinho &#8211; 63445-000 &#8211; Ic\u00f3\/CE Telefone: (88) 3563-2077 E-mail: miguelporfirio.cr17@escola.ce.gov.br CNPJ: 16.722.533\/0001-17<\/p>\n","protected":false},"author":520,"featured_media":0,"parent":4898,"menu_order":0,"comment_status":"closed","ping_status":"closed","template":"","meta":{"_acf_changed":false,"inline_featured_image":false,"footnotes":""},"class_list":["post-3013","page","type-page","status-publish","hentry"],"acf":[],"yoast_head":"<!-- This site is optimized with the Yoast SEO plugin v26.9 - https:\/\/yoast.com\/product\/yoast-seo-wordpress\/ -->\n<title>EEMTI Professor Miguel Porf\u00edrio de Lima - CREDE17-SEDUC<\/title>\n<meta name=\"robots\" content=\"index, follow, max-snippet:-1, max-image-preview:large, max-video-preview:-1\" \/>\n<link rel=\"canonical\" href=\"https:\/\/ww16.ce.gov.br\/crede17-seduc\/eemti3\/eemti-professor-miguel-porfirio-de-lima\/\" \/>\n<meta property=\"og:locale\" content=\"pt_BR\" \/>\n<meta property=\"og:type\" content=\"article\" \/>\n<meta property=\"og:title\" content=\"EEMTI Professor Miguel Porf\u00edrio de Lima - CREDE17-SEDUC\" \/>\n<meta property=\"og:description\" content=\"&nbsp; INEP: 23545755 Diretor(a) Escolar: Vin\u00edcius Ribeiro Goveia Coordenador(a) Escolar: Claudia Gomes Gurgel Paix\u00e3o Coordenador(a) Escolar: Francisco Alves de Andrade Secret\u00e1rio(a) Escolar: Josiv\u00e2nia Louren\u00e7o de Andrade Assessor(a) Financeiro: Hernandes Adauto de Lima &nbsp; Endere\u00e7o: Rua Duque de Caxias, SN | Distrito de Icozinho &#8211; 63445-000 &#8211; Ic\u00f3\/CE Telefone: (88) 3563-2077 E-mail: miguelporfirio.cr17@escola.ce.gov.br CNPJ: 16.722.533\/0001-17\" \/>\n<meta property=\"og:url\" content=\"https:\/\/ww16.ce.gov.br\/crede17-seduc\/eemti3\/eemti-professor-miguel-porfirio-de-lima\/\" \/>\n<meta property=\"og:site_name\" content=\"CREDE17-SEDUC\" \/>\n<meta property=\"article:modified_time\" content=\"2025-04-22T19:35:19+00:00\" \/>\n<meta name=\"twitter:card\" content=\"summary_large_image\" \/>\n<meta name=\"twitter:label1\" content=\"Est. reading time\" \/>\n\t<meta name=\"twitter:data1\" content=\"1 minuto\" \/>\n<script type=\"application\/ld+json\" class=\"yoast-schema-graph\">{\"@context\":\"https:\/\/schema.org\",\"@graph\":[{\"@type\":\"WebPage\",\"@id\":\"https:\/\/ww16.ce.gov.br\/crede17-seduc\/eemti3\/eemti-professor-miguel-porfirio-de-lima\/\",\"url\":\"https:\/\/ww16.ce.gov.br\/crede17-seduc\/eemti3\/eemti-professor-miguel-porfirio-de-lima\/\",\"name\":\"EEMTI Professor Miguel Porf\u00edrio de Lima - CREDE17-SEDUC\",\"isPartOf\":{\"@id\":\"https:\/\/ww16.ce.gov.br\/crede17-seduc\/#website\"},\"datePublished\":\"2025-01-15T11:00:29+00:00\",\"dateModified\":\"2025-04-22T19:35:19+00:00\",\"breadcrumb\":{\"@id\":\"https:\/\/ww16.ce.gov.br\/crede17-seduc\/eemti3\/eemti-professor-miguel-porfirio-de-lima\/#breadcrumb\"},\"inLanguage\":\"pt-BR\",\"potentialAction\":[{\"@type\":\"ReadAction\",\"target\":[\"https:\/\/ww16.ce.gov.br\/crede17-seduc\/eemti3\/eemti-professor-miguel-porfirio-de-lima\/\"]}]},{\"@type\":\"BreadcrumbList\",\"@id\":\"https:\/\/ww16.ce.gov.br\/crede17-seduc\/eemti3\/eemti-professor-miguel-porfirio-de-lima\/#breadcrumb\",\"itemListElement\":[{\"@type\":\"ListItem\",\"position\":1,\"name\":\"In\u00edcio\",\"item\":\"https:\/\/ww16.ce.gov.br\/crede17-seduc\/\"},{\"@type\":\"ListItem\",\"position\":2,\"name\":\"EEMTI\",\"item\":\"https:\/\/ww16.ce.gov.br\/crede17-seduc\/eemti3\/\"},{\"@type\":\"ListItem\",\"position\":3,\"name\":\"EEMTI Professor Miguel Porf\u00edrio de Lima\"}]},{\"@type\":\"WebSite\",\"@id\":\"https:\/\/ww16.ce.gov.br\/crede17-seduc\/#website\",\"url\":\"https:\/\/ww16.ce.gov.br\/crede17-seduc\/\",\"name\":\"CREDE17-SEDUC\",\"description\":\"Portal CREDE17-SEDUC\",\"potentialAction\":[{\"@type\":\"SearchAction\",\"target\":{\"@type\":\"EntryPoint\",\"urlTemplate\":\"https:\/\/ww16.ce.gov.br\/crede17-seduc\/?s={search_term_string}\"},\"query-input\":{\"@type\":\"PropertyValueSpecification\",\"valueRequired\":true,\"valueName\":\"search_term_string\"}}],\"inLanguage\":\"pt-BR\"}]}<\/script>\n<!-- \/ Yoast SEO plugin. -->","yoast_head_json":{"title":"EEMTI Professor Miguel Porf\u00edrio de Lima - CREDE17-SEDUC","robots":{"index":"index","follow":"follow","max-snippet":"max-snippet:-1","max-image-preview":"max-image-preview:large","max-video-preview":"max-video-preview:-1"},"canonical":"https:\/\/ww16.ce.gov.br\/crede17-seduc\/eemti3\/eemti-professor-miguel-porfirio-de-lima\/","og_locale":"pt_BR","og_type":"article","og_title":"EEMTI Professor Miguel Porf\u00edrio de Lima - CREDE17-SEDUC","og_description":"&nbsp; INEP: 23545755 Diretor(a) Escolar: Vin\u00edcius Ribeiro Goveia Coordenador(a) Escolar: Claudia Gomes Gurgel Paix\u00e3o Coordenador(a) Escolar: Francisco Alves de Andrade Secret\u00e1rio(a) Escolar: Josiv\u00e2nia Louren\u00e7o de Andrade Assessor(a) Financeiro: Hernandes Adauto de Lima &nbsp; Endere\u00e7o: Rua Duque de Caxias, SN | Distrito de Icozinho &#8211; 63445-000 &#8211; Ic\u00f3\/CE Telefone: (88) 3563-2077 E-mail: miguelporfirio.cr17@escola.ce.gov.br CNPJ: 16.722.533\/0001-17","og_url":"https:\/\/ww16.ce.gov.br\/crede17-seduc\/eemti3\/eemti-professor-miguel-porfirio-de-lima\/","og_site_name":"CREDE17-SEDUC","article_modified_time":"2025-04-22T19:35:19+00:00","twitter_card":"summary_large_image","twitter_misc":{"Est. reading time":"1 minuto"},"schema":{"@context":"https:\/\/schema.org","@graph":[{"@type":"WebPage","@id":"https:\/\/ww16.ce.gov.br\/crede17-seduc\/eemti3\/eemti-professor-miguel-porfirio-de-lima\/","url":"https:\/\/ww16.ce.gov.br\/crede17-seduc\/eemti3\/eemti-professor-miguel-porfirio-de-lima\/","name":"EEMTI Professor Miguel Porf\u00edrio de Lima - CREDE17-SEDUC","isPartOf":{"@id":"https:\/\/ww16.ce.gov.br\/crede17-seduc\/#website"},"datePublished":"2025-01-15T11:00:29+00:00","dateModified":"2025-04-22T19:35:19+00:00","breadcrumb":{"@id":"https:\/\/ww16.ce.gov.br\/crede17-seduc\/eemti3\/eemti-professor-miguel-porfirio-de-lima\/#breadcrumb"},"inLanguage":"pt-BR","potentialAction":[{"@type":"ReadAction","target":["https:\/\/ww16.ce.gov.br\/crede17-seduc\/eemti3\/eemti-professor-miguel-porfirio-de-lima\/"]}]},{"@type":"BreadcrumbList","@id":"https:\/\/ww16.ce.gov.br\/crede17-seduc\/eemti3\/eemti-professor-miguel-porfirio-de-lima\/#breadcrumb","itemListElement":[{"@type":"ListItem","position":1,"name":"In\u00edcio","item":"https:\/\/ww16.ce.gov.br\/crede17-seduc\/"},{"@type":"ListItem","position":2,"name":"EEMTI","item":"https:\/\/ww16.ce.gov.br\/crede17-seduc\/eemti3\/"},{"@type":"ListItem","position":3,"name":"EEMTI Professor Miguel Porf\u00edrio de Lima"}]},{"@type":"WebSite","@id":"https:\/\/ww16.ce.gov.br\/crede17-seduc\/#website","url":"https:\/\/ww16.ce.gov.br\/crede17-seduc\/","name":"CREDE17-SEDUC","description":"Portal CREDE17-SEDUC","potentialAction":[{"@type":"SearchAction","target":{"@type":"EntryPoint","urlTemplate":"https:\/\/ww16.ce.gov.br\/crede17-seduc\/?s={search_term_string}"},"query-input":{"@type":"PropertyValueSpecification","valueRequired":true,"valueName":"search_term_string"}}],"inLanguage":"pt-BR"}]}},"_links":{"self":[{"href":"https:\/\/ww16.ce.gov.br\/crede17-seduc\/wp-json\/wp\/v2\/pages\/3013","targetHints":{"allow":["GET"]}}],"collection":[{"href":"https:\/\/ww16.ce.gov.br\/crede17-seduc\/wp-json\/wp\/v2\/pages"}],"about":[{"href":"https:\/\/ww16.ce.gov.br\/crede17-seduc\/wp-json\/wp\/v2\/types\/page"}],"author":[{"embeddable":true,"href":"https:\/\/ww16.ce.gov.br\/crede17-seduc\/wp-json\/wp\/v2\/users\/520"}],"replies":[{"embeddable":true,"href":"https:\/\/ww16.ce.gov.br\/crede17-seduc\/wp-json\/wp\/v2\/comments?post=3013"}],"version-history":[{"count":10,"href":"https:\/\/ww16.ce.gov.br\/crede17-seduc\/wp-json\/wp\/v2\/pages\/3013\/revisions"}],"predecessor-version":[{"id":7894,"href":"https:\/\/ww16.ce.gov.br\/crede17-seduc\/wp-json\/wp\/v2\/pages\/3013\/revisions\/7894"}],"up":[{"embeddable":true,"href":"https:\/\/ww16.ce.gov.br\/crede17-seduc\/wp-json\/wp\/v2\/pages\/4898"}],"wp:attachment":[{"href":"https:\/\/ww16.ce.gov.br\/crede17-seduc\/wp-json\/wp\/v2\/media?parent=3013"}],"curies":[{"name":"wp","href":"https:\/\/api.w.org\/{rel}","templated":true}]}}