{"id":3009,"date":"2025-01-15T08:00:03","date_gmt":"2025-01-15T11:00:03","guid":{"rendered":"http:\/\/www.crede17.seduc.ce.gov.br\/?page_id=3009"},"modified":"2025-04-22T16:32:54","modified_gmt":"2025-04-22T19:32:54","slug":"eemti-monsenhor-horacio-teixeira","status":"publish","type":"page","link":"https:\/\/ww16.ce.gov.br\/crede17-seduc\/eemti2\/eemti-monsenhor-horacio-teixeira\/","title":{"rendered":"EEMTI Monsenhor Hor\u00e1cio Teixeira"},"content":{"rendered":"<p>&nbsp;<\/p>\n<p><a href=\"https:\/\/www.crede17.seduc.ce.gov.br\/wp-content\/uploads\/sites\/111\/2022\/03\/EEM-Monsenhor-Horacio-Teixeira-2022.jpg\"><img decoding=\"async\" class=\"alignright wp-image-2966 size-medium\" src=\"https:\/\/www.crede17.seduc.ce.gov.br\/wp-content\/uploads\/sites\/111\/2022\/03\/EEM-Monsenhor-Horacio-Teixeira-2022.jpg\" alt=\"Fachada da escola\" width=\"398\" \/><\/a><strong>INEP:<\/strong> 23149434<br \/>\n<strong>Diretor(a) Escolar:<\/strong> Maria Vanda Medeiros de Araujo Ferreira<br \/>\n<strong>Coordenador(a) Escolar:<\/strong> Monalisa Gomes de Castro Gon\u00e7alves<br \/>\n<strong>Coordenador(a) Escolar:<\/strong> Amauri Morais Oliveira<br \/>\n<strong>Secret\u00e1rio(a) Escolar:<\/strong> L\u00facia Maria Quaresma Trigueiro<br \/>\n<strong>Assessor(a) Financeiro:<\/strong> Pedro Rhuan Moura Costa<\/p>\n<p>&nbsp;<\/p>\n<p><strong>Endere\u00e7o:<\/strong> Rua Dona Maria da Gloria, SN | Centro &#8211; 63320-000 &#8211; Baixio\/CE<br \/>\n<strong>Telefone:<\/strong> (88) 3539-1291<br \/>\n<strong>E-mail:<\/strong> horacioteixeira@escola.ce.gov.br<br \/>\n<strong>CNPJ:<\/strong> 10.874.368\/0001-32<\/p>\n","protected":false},"excerpt":{"rendered":"<p>&nbsp; INEP: 23149434 Diretor(a) Escolar: Maria Vanda Medeiros de Araujo Ferreira Coordenador(a) Escolar: Monalisa Gomes de Castro Gon\u00e7alves Coordenador(a) Escolar: Amauri Morais Oliveira Secret\u00e1rio(a) Escolar: L\u00facia Maria Quaresma Trigueiro Assessor(a) Financeiro: Pedro Rhuan Moura Costa &nbsp; Endere\u00e7o: Rua Dona Maria da Gloria, SN | Centro &#8211; 63320-000 &#8211; Baixio\/CE Telefone: (88) 3539-1291 E-mail: horacioteixeira@escola.ce.gov.br CNPJ: [&hellip;]<\/p>\n","protected":false},"author":520,"featured_media":0,"parent":4806,"menu_order":0,"comment_status":"closed","ping_status":"closed","template":"","meta":{"_acf_changed":false,"inline_featured_image":false,"footnotes":""},"class_list":["post-3009","page","type-page","status-publish","hentry"],"acf":[],"yoast_head":"<!-- This site is optimized with the Yoast SEO plugin v26.9 - https:\/\/yoast.com\/product\/yoast-seo-wordpress\/ -->\n<title>EEMTI Monsenhor Hor\u00e1cio Teixeira - CREDE17-SEDUC<\/title>\n<meta name=\"robots\" content=\"index, follow, max-snippet:-1, max-image-preview:large, max-video-preview:-1\" \/>\n<link rel=\"canonical\" href=\"https:\/\/ww16.ce.gov.br\/crede17-seduc\/eemti2\/eemti-monsenhor-horacio-teixeira\/\" \/>\n<meta property=\"og:locale\" content=\"pt_BR\" \/>\n<meta property=\"og:type\" content=\"article\" \/>\n<meta property=\"og:title\" content=\"EEMTI Monsenhor Hor\u00e1cio Teixeira - CREDE17-SEDUC\" \/>\n<meta property=\"og:description\" content=\"&nbsp; INEP: 23149434 Diretor(a) Escolar: Maria Vanda Medeiros de Araujo Ferreira Coordenador(a) Escolar: Monalisa Gomes de Castro Gon\u00e7alves Coordenador(a) Escolar: Amauri Morais Oliveira Secret\u00e1rio(a) Escolar: L\u00facia Maria Quaresma Trigueiro Assessor(a) Financeiro: Pedro Rhuan Moura Costa &nbsp; Endere\u00e7o: Rua Dona Maria da Gloria, SN | Centro &#8211; 63320-000 &#8211; Baixio\/CE Telefone: (88) 3539-1291 E-mail: horacioteixeira@escola.ce.gov.br CNPJ: [&hellip;]\" \/>\n<meta property=\"og:url\" content=\"https:\/\/ww16.ce.gov.br\/crede17-seduc\/eemti2\/eemti-monsenhor-horacio-teixeira\/\" \/>\n<meta property=\"og:site_name\" content=\"CREDE17-SEDUC\" \/>\n<meta property=\"article:modified_time\" content=\"2025-04-22T19:32:54+00:00\" \/>\n<meta property=\"og:image\" content=\"http:\/\/www.crede17.seduc.ce.gov.br\/wp-content\/uploads\/sites\/111\/2022\/03\/EEM-Monsenhor-Horacio-Teixeira-2022.jpg\" \/>\n<meta name=\"twitter:card\" content=\"summary_large_image\" \/>\n<meta name=\"twitter:label1\" content=\"Est. reading time\" \/>\n\t<meta name=\"twitter:data1\" content=\"1 minuto\" \/>\n<script type=\"application\/ld+json\" class=\"yoast-schema-graph\">{\"@context\":\"https:\/\/schema.org\",\"@graph\":[{\"@type\":\"WebPage\",\"@id\":\"https:\/\/ww16.ce.gov.br\/crede17-seduc\/eemti2\/eemti-monsenhor-horacio-teixeira\/\",\"url\":\"https:\/\/ww16.ce.gov.br\/crede17-seduc\/eemti2\/eemti-monsenhor-horacio-teixeira\/\",\"name\":\"EEMTI Monsenhor Hor\u00e1cio Teixeira - CREDE17-SEDUC\",\"isPartOf\":{\"@id\":\"https:\/\/ww16.ce.gov.br\/crede17-seduc\/#website\"},\"primaryImageOfPage\":{\"@id\":\"https:\/\/ww16.ce.gov.br\/crede17-seduc\/eemti2\/eemti-monsenhor-horacio-teixeira\/#primaryimage\"},\"image\":{\"@id\":\"https:\/\/ww16.ce.gov.br\/crede17-seduc\/eemti2\/eemti-monsenhor-horacio-teixeira\/#primaryimage\"},\"thumbnailUrl\":\"http:\/\/www.crede17.seduc.ce.gov.br\/wp-content\/uploads\/sites\/111\/2022\/03\/EEM-Monsenhor-Horacio-Teixeira-2022.jpg\",\"datePublished\":\"2025-01-15T11:00:03+00:00\",\"dateModified\":\"2025-04-22T19:32:54+00:00\",\"breadcrumb\":{\"@id\":\"https:\/\/ww16.ce.gov.br\/crede17-seduc\/eemti2\/eemti-monsenhor-horacio-teixeira\/#breadcrumb\"},\"inLanguage\":\"pt-BR\",\"potentialAction\":[{\"@type\":\"ReadAction\",\"target\":[\"https:\/\/ww16.ce.gov.br\/crede17-seduc\/eemti2\/eemti-monsenhor-horacio-teixeira\/\"]}]},{\"@type\":\"ImageObject\",\"inLanguage\":\"pt-BR\",\"@id\":\"https:\/\/ww16.ce.gov.br\/crede17-seduc\/eemti2\/eemti-monsenhor-horacio-teixeira\/#primaryimage\",\"url\":\"http:\/\/www.crede17.seduc.ce.gov.br\/wp-content\/uploads\/sites\/111\/2022\/03\/EEM-Monsenhor-Horacio-Teixeira-2022.jpg\",\"contentUrl\":\"http:\/\/www.crede17.seduc.ce.gov.br\/wp-content\/uploads\/sites\/111\/2022\/03\/EEM-Monsenhor-Horacio-Teixeira-2022.jpg\"},{\"@type\":\"BreadcrumbList\",\"@id\":\"https:\/\/ww16.ce.gov.br\/crede17-seduc\/eemti2\/eemti-monsenhor-horacio-teixeira\/#breadcrumb\",\"itemListElement\":[{\"@type\":\"ListItem\",\"position\":1,\"name\":\"In\u00edcio\",\"item\":\"https:\/\/ww16.ce.gov.br\/crede17-seduc\/\"},{\"@type\":\"ListItem\",\"position\":2,\"name\":\"EEMTI\",\"item\":\"https:\/\/ww16.ce.gov.br\/crede17-seduc\/eemti2\/\"},{\"@type\":\"ListItem\",\"position\":3,\"name\":\"EEMTI Monsenhor Hor\u00e1cio Teixeira\"}]},{\"@type\":\"WebSite\",\"@id\":\"https:\/\/ww16.ce.gov.br\/crede17-seduc\/#website\",\"url\":\"https:\/\/ww16.ce.gov.br\/crede17-seduc\/\",\"name\":\"CREDE17-SEDUC\",\"description\":\"Portal CREDE17-SEDUC\",\"potentialAction\":[{\"@type\":\"SearchAction\",\"target\":{\"@type\":\"EntryPoint\",\"urlTemplate\":\"https:\/\/ww16.ce.gov.br\/crede17-seduc\/?s={search_term_string}\"},\"query-input\":{\"@type\":\"PropertyValueSpecification\",\"valueRequired\":true,\"valueName\":\"search_term_string\"}}],\"inLanguage\":\"pt-BR\"}]}<\/script>\n<!-- \/ Yoast SEO plugin. -->","yoast_head_json":{"title":"EEMTI Monsenhor Hor\u00e1cio Teixeira - CREDE17-SEDUC","robots":{"index":"index","follow":"follow","max-snippet":"max-snippet:-1","max-image-preview":"max-image-preview:large","max-video-preview":"max-video-preview:-1"},"canonical":"https:\/\/ww16.ce.gov.br\/crede17-seduc\/eemti2\/eemti-monsenhor-horacio-teixeira\/","og_locale":"pt_BR","og_type":"article","og_title":"EEMTI Monsenhor Hor\u00e1cio Teixeira - CREDE17-SEDUC","og_description":"&nbsp; INEP: 23149434 Diretor(a) Escolar: Maria Vanda Medeiros de Araujo Ferreira Coordenador(a) Escolar: Monalisa Gomes de Castro Gon\u00e7alves Coordenador(a) Escolar: Amauri Morais Oliveira Secret\u00e1rio(a) Escolar: L\u00facia Maria Quaresma Trigueiro Assessor(a) Financeiro: Pedro Rhuan Moura Costa &nbsp; Endere\u00e7o: Rua Dona Maria da Gloria, SN | Centro &#8211; 63320-000 &#8211; Baixio\/CE Telefone: (88) 3539-1291 E-mail: horacioteixeira@escola.ce.gov.br CNPJ: [&hellip;]","og_url":"https:\/\/ww16.ce.gov.br\/crede17-seduc\/eemti2\/eemti-monsenhor-horacio-teixeira\/","og_site_name":"CREDE17-SEDUC","article_modified_time":"2025-04-22T19:32:54+00:00","og_image":[{"url":"http:\/\/www.crede17.seduc.ce.gov.br\/wp-content\/uploads\/sites\/111\/2022\/03\/EEM-Monsenhor-Horacio-Teixeira-2022.jpg","type":"","width":"","height":""}],"twitter_card":"summary_large_image","twitter_misc":{"Est. reading time":"1 minuto"},"schema":{"@context":"https:\/\/schema.org","@graph":[{"@type":"WebPage","@id":"https:\/\/ww16.ce.gov.br\/crede17-seduc\/eemti2\/eemti-monsenhor-horacio-teixeira\/","url":"https:\/\/ww16.ce.gov.br\/crede17-seduc\/eemti2\/eemti-monsenhor-horacio-teixeira\/","name":"EEMTI Monsenhor Hor\u00e1cio Teixeira - CREDE17-SEDUC","isPartOf":{"@id":"https:\/\/ww16.ce.gov.br\/crede17-seduc\/#website"},"primaryImageOfPage":{"@id":"https:\/\/ww16.ce.gov.br\/crede17-seduc\/eemti2\/eemti-monsenhor-horacio-teixeira\/#primaryimage"},"image":{"@id":"https:\/\/ww16.ce.gov.br\/crede17-seduc\/eemti2\/eemti-monsenhor-horacio-teixeira\/#primaryimage"},"thumbnailUrl":"http:\/\/www.crede17.seduc.ce.gov.br\/wp-content\/uploads\/sites\/111\/2022\/03\/EEM-Monsenhor-Horacio-Teixeira-2022.jpg","datePublished":"2025-01-15T11:00:03+00:00","dateModified":"2025-04-22T19:32:54+00:00","breadcrumb":{"@id":"https:\/\/ww16.ce.gov.br\/crede17-seduc\/eemti2\/eemti-monsenhor-horacio-teixeira\/#breadcrumb"},"inLanguage":"pt-BR","potentialAction":[{"@type":"ReadAction","target":["https:\/\/ww16.ce.gov.br\/crede17-seduc\/eemti2\/eemti-monsenhor-horacio-teixeira\/"]}]},{"@type":"ImageObject","inLanguage":"pt-BR","@id":"https:\/\/ww16.ce.gov.br\/crede17-seduc\/eemti2\/eemti-monsenhor-horacio-teixeira\/#primaryimage","url":"http:\/\/www.crede17.seduc.ce.gov.br\/wp-content\/uploads\/sites\/111\/2022\/03\/EEM-Monsenhor-Horacio-Teixeira-2022.jpg","contentUrl":"http:\/\/www.crede17.seduc.ce.gov.br\/wp-content\/uploads\/sites\/111\/2022\/03\/EEM-Monsenhor-Horacio-Teixeira-2022.jpg"},{"@type":"BreadcrumbList","@id":"https:\/\/ww16.ce.gov.br\/crede17-seduc\/eemti2\/eemti-monsenhor-horacio-teixeira\/#breadcrumb","itemListElement":[{"@type":"ListItem","position":1,"name":"In\u00edcio","item":"https:\/\/ww16.ce.gov.br\/crede17-seduc\/"},{"@type":"ListItem","position":2,"name":"EEMTI","item":"https:\/\/ww16.ce.gov.br\/crede17-seduc\/eemti2\/"},{"@type":"ListItem","position":3,"name":"EEMTI Monsenhor Hor\u00e1cio Teixeira"}]},{"@type":"WebSite","@id":"https:\/\/ww16.ce.gov.br\/crede17-seduc\/#website","url":"https:\/\/ww16.ce.gov.br\/crede17-seduc\/","name":"CREDE17-SEDUC","description":"Portal CREDE17-SEDUC","potentialAction":[{"@type":"SearchAction","target":{"@type":"EntryPoint","urlTemplate":"https:\/\/ww16.ce.gov.br\/crede17-seduc\/?s={search_term_string}"},"query-input":{"@type":"PropertyValueSpecification","valueRequired":true,"valueName":"search_term_string"}}],"inLanguage":"pt-BR"}]}},"_links":{"self":[{"href":"https:\/\/ww16.ce.gov.br\/crede17-seduc\/wp-json\/wp\/v2\/pages\/3009","targetHints":{"allow":["GET"]}}],"collection":[{"href":"https:\/\/ww16.ce.gov.br\/crede17-seduc\/wp-json\/wp\/v2\/pages"}],"about":[{"href":"https:\/\/ww16.ce.gov.br\/crede17-seduc\/wp-json\/wp\/v2\/types\/page"}],"author":[{"embeddable":true,"href":"https:\/\/ww16.ce.gov.br\/crede17-seduc\/wp-json\/wp\/v2\/users\/520"}],"replies":[{"embeddable":true,"href":"https:\/\/ww16.ce.gov.br\/crede17-seduc\/wp-json\/wp\/v2\/comments?post=3009"}],"version-history":[{"count":6,"href":"https:\/\/ww16.ce.gov.br\/crede17-seduc\/wp-json\/wp\/v2\/pages\/3009\/revisions"}],"predecessor-version":[{"id":7893,"href":"https:\/\/ww16.ce.gov.br\/crede17-seduc\/wp-json\/wp\/v2\/pages\/3009\/revisions\/7893"}],"up":[{"embeddable":true,"href":"https:\/\/ww16.ce.gov.br\/crede17-seduc\/wp-json\/wp\/v2\/pages\/4806"}],"wp:attachment":[{"href":"https:\/\/ww16.ce.gov.br\/crede17-seduc\/wp-json\/wp\/v2\/media?parent=3009"}],"curies":[{"name":"wp","href":"https:\/\/api.w.org\/{rel}","templated":true}]}}