{"id":3007,"date":"2025-09-23T08:00:01","date_gmt":"2025-09-23T11:00:01","guid":{"rendered":"http:\/\/www.crede17.seduc.ce.gov.br\/?page_id=3007"},"modified":"2025-09-23T14:39:40","modified_gmt":"2025-09-23T17:39:41","slug":"eem-jose-correia-lima","status":"publish","type":"page","link":"https:\/\/ww16.ce.gov.br\/crede17-seduc\/eem\/eem-jose-correia-lima\/","title":{"rendered":"EEM Jos\u00e9 Correia Lima"},"content":{"rendered":"<p>&nbsp;<\/p>\n<p><a href=\"https:\/\/www.crede17.seduc.ce.gov.br\/wp-content\/uploads\/sites\/111\/2021\/09\/EEM-Jos\u00e9-Correia-Lima.jpg\"><img decoding=\"async\" class=\"alignright wp-image-2966 size-medium\" src=\"https:\/\/www.crede17.seduc.ce.gov.br\/wp-content\/uploads\/sites\/111\/2021\/09\/EEM-Jos\u00e9-Correia-Lima.jpg\" alt=\"Fachada da escola\" width=\"398\" \/><\/a><strong>INEP:<\/strong> 23148349<br \/>\n<strong>Diretor(a) Escolar:<\/strong> Pedro Carlos Vieira de Lima<br \/>\n<strong>Coordenador(a) Escolar:<\/strong> Tomaz Caetano Dutra<br \/>\n<strong>Coordenador(a) Escolar: <\/strong>Michele Machado de Sousa<br \/>\n<strong>Secret\u00e1rio(a) Escolar:<\/strong> Karla Silvia Fiusa da Silva<br \/>\n<strong>Assessor(a) Financeiro:<\/strong> Joc\u00e1ssia Costa Ferreira da Silva<\/p>\n<p>&nbsp;<\/p>\n<p><strong>Endere\u00e7o:<\/strong> Av. Luiz Afonso Diniz, 213 | Centro &#8211; 63540-000 &#8211; V\u00e1rzea Alegre\/CE<br \/>\n<strong>Telefone:<\/strong> (88) 3541-3951<br \/>\n<strong>E-mail:<\/strong> jcorreialima@escola.ce.gov.br<br \/>\n<strong>CNPJ:<\/strong> 11.208.230\/0001-67<\/p>\n","protected":false},"excerpt":{"rendered":"<p>&nbsp; INEP: 23148349 Diretor(a) Escolar: Pedro Carlos Vieira de Lima Coordenador(a) Escolar: Tomaz Caetano Dutra Coordenador(a) Escolar: Michele Machado de Sousa Secret\u00e1rio(a) Escolar: Karla Silvia Fiusa da Silva Assessor(a) Financeiro: Joc\u00e1ssia Costa Ferreira da Silva &nbsp; Endere\u00e7o: Av. Luiz Afonso Diniz, 213 | Centro &#8211; 63540-000 &#8211; V\u00e1rzea Alegre\/CE Telefone: (88) 3541-3951 E-mail: jcorreialima@escola.ce.gov.br CNPJ: [&hellip;]<\/p>\n","protected":false},"author":520,"featured_media":0,"parent":3037,"menu_order":0,"comment_status":"closed","ping_status":"closed","template":"","meta":{"_acf_changed":false,"inline_featured_image":false,"footnotes":""},"class_list":["post-3007","page","type-page","status-publish","hentry"],"acf":[],"yoast_head":"<!-- This site is optimized with the Yoast SEO plugin v26.9 - https:\/\/yoast.com\/product\/yoast-seo-wordpress\/ -->\n<title>EEM Jos\u00e9 Correia Lima - CREDE17-SEDUC<\/title>\n<meta name=\"robots\" content=\"index, follow, max-snippet:-1, max-image-preview:large, max-video-preview:-1\" \/>\n<link rel=\"canonical\" href=\"https:\/\/ww16.ce.gov.br\/crede17-seduc\/eem\/eem-jose-correia-lima\/\" \/>\n<meta property=\"og:locale\" content=\"pt_BR\" \/>\n<meta property=\"og:type\" content=\"article\" \/>\n<meta property=\"og:title\" content=\"EEM Jos\u00e9 Correia Lima - CREDE17-SEDUC\" \/>\n<meta property=\"og:description\" content=\"&nbsp; INEP: 23148349 Diretor(a) Escolar: Pedro Carlos Vieira de Lima Coordenador(a) Escolar: Tomaz Caetano Dutra Coordenador(a) Escolar: Michele Machado de Sousa Secret\u00e1rio(a) Escolar: Karla Silvia Fiusa da Silva Assessor(a) Financeiro: Joc\u00e1ssia Costa Ferreira da Silva &nbsp; Endere\u00e7o: Av. Luiz Afonso Diniz, 213 | Centro &#8211; 63540-000 &#8211; V\u00e1rzea Alegre\/CE Telefone: (88) 3541-3951 E-mail: jcorreialima@escola.ce.gov.br CNPJ: [&hellip;]\" \/>\n<meta property=\"og:url\" content=\"https:\/\/ww16.ce.gov.br\/crede17-seduc\/eem\/eem-jose-correia-lima\/\" \/>\n<meta property=\"og:site_name\" content=\"CREDE17-SEDUC\" \/>\n<meta property=\"article:modified_time\" content=\"2025-09-23T17:39:41+00:00\" \/>\n<meta name=\"twitter:card\" content=\"summary_large_image\" \/>\n<meta name=\"twitter:label1\" content=\"Est. reading time\" \/>\n\t<meta name=\"twitter:data1\" content=\"1 minuto\" \/>\n<script type=\"application\/ld+json\" class=\"yoast-schema-graph\">{\"@context\":\"https:\/\/schema.org\",\"@graph\":[{\"@type\":\"WebPage\",\"@id\":\"https:\/\/ww16.ce.gov.br\/crede17-seduc\/eem\/eem-jose-correia-lima\/\",\"url\":\"https:\/\/ww16.ce.gov.br\/crede17-seduc\/eem\/eem-jose-correia-lima\/\",\"name\":\"EEM Jos\u00e9 Correia Lima - CREDE17-SEDUC\",\"isPartOf\":{\"@id\":\"https:\/\/ww16.ce.gov.br\/crede17-seduc\/#website\"},\"datePublished\":\"2025-09-23T11:00:01+00:00\",\"dateModified\":\"2025-09-23T17:39:41+00:00\",\"breadcrumb\":{\"@id\":\"https:\/\/ww16.ce.gov.br\/crede17-seduc\/eem\/eem-jose-correia-lima\/#breadcrumb\"},\"inLanguage\":\"pt-BR\",\"potentialAction\":[{\"@type\":\"ReadAction\",\"target\":[\"https:\/\/ww16.ce.gov.br\/crede17-seduc\/eem\/eem-jose-correia-lima\/\"]}]},{\"@type\":\"BreadcrumbList\",\"@id\":\"https:\/\/ww16.ce.gov.br\/crede17-seduc\/eem\/eem-jose-correia-lima\/#breadcrumb\",\"itemListElement\":[{\"@type\":\"ListItem\",\"position\":1,\"name\":\"In\u00edcio\",\"item\":\"https:\/\/ww16.ce.gov.br\/crede17-seduc\/\"},{\"@type\":\"ListItem\",\"position\":2,\"name\":\"EEM\",\"item\":\"https:\/\/ww16.ce.gov.br\/crede17-seduc\/eem\/\"},{\"@type\":\"ListItem\",\"position\":3,\"name\":\"EEM Jos\u00e9 Correia Lima\"}]},{\"@type\":\"WebSite\",\"@id\":\"https:\/\/ww16.ce.gov.br\/crede17-seduc\/#website\",\"url\":\"https:\/\/ww16.ce.gov.br\/crede17-seduc\/\",\"name\":\"CREDE17-SEDUC\",\"description\":\"Portal CREDE17-SEDUC\",\"potentialAction\":[{\"@type\":\"SearchAction\",\"target\":{\"@type\":\"EntryPoint\",\"urlTemplate\":\"https:\/\/ww16.ce.gov.br\/crede17-seduc\/?s={search_term_string}\"},\"query-input\":{\"@type\":\"PropertyValueSpecification\",\"valueRequired\":true,\"valueName\":\"search_term_string\"}}],\"inLanguage\":\"pt-BR\"}]}<\/script>\n<!-- \/ Yoast SEO plugin. -->","yoast_head_json":{"title":"EEM Jos\u00e9 Correia Lima - CREDE17-SEDUC","robots":{"index":"index","follow":"follow","max-snippet":"max-snippet:-1","max-image-preview":"max-image-preview:large","max-video-preview":"max-video-preview:-1"},"canonical":"https:\/\/ww16.ce.gov.br\/crede17-seduc\/eem\/eem-jose-correia-lima\/","og_locale":"pt_BR","og_type":"article","og_title":"EEM Jos\u00e9 Correia Lima - CREDE17-SEDUC","og_description":"&nbsp; INEP: 23148349 Diretor(a) Escolar: Pedro Carlos Vieira de Lima Coordenador(a) Escolar: Tomaz Caetano Dutra Coordenador(a) Escolar: Michele Machado de Sousa Secret\u00e1rio(a) Escolar: Karla Silvia Fiusa da Silva Assessor(a) Financeiro: Joc\u00e1ssia Costa Ferreira da Silva &nbsp; Endere\u00e7o: Av. Luiz Afonso Diniz, 213 | Centro &#8211; 63540-000 &#8211; V\u00e1rzea Alegre\/CE Telefone: (88) 3541-3951 E-mail: jcorreialima@escola.ce.gov.br CNPJ: [&hellip;]","og_url":"https:\/\/ww16.ce.gov.br\/crede17-seduc\/eem\/eem-jose-correia-lima\/","og_site_name":"CREDE17-SEDUC","article_modified_time":"2025-09-23T17:39:41+00:00","twitter_card":"summary_large_image","twitter_misc":{"Est. reading time":"1 minuto"},"schema":{"@context":"https:\/\/schema.org","@graph":[{"@type":"WebPage","@id":"https:\/\/ww16.ce.gov.br\/crede17-seduc\/eem\/eem-jose-correia-lima\/","url":"https:\/\/ww16.ce.gov.br\/crede17-seduc\/eem\/eem-jose-correia-lima\/","name":"EEM Jos\u00e9 Correia Lima - CREDE17-SEDUC","isPartOf":{"@id":"https:\/\/ww16.ce.gov.br\/crede17-seduc\/#website"},"datePublished":"2025-09-23T11:00:01+00:00","dateModified":"2025-09-23T17:39:41+00:00","breadcrumb":{"@id":"https:\/\/ww16.ce.gov.br\/crede17-seduc\/eem\/eem-jose-correia-lima\/#breadcrumb"},"inLanguage":"pt-BR","potentialAction":[{"@type":"ReadAction","target":["https:\/\/ww16.ce.gov.br\/crede17-seduc\/eem\/eem-jose-correia-lima\/"]}]},{"@type":"BreadcrumbList","@id":"https:\/\/ww16.ce.gov.br\/crede17-seduc\/eem\/eem-jose-correia-lima\/#breadcrumb","itemListElement":[{"@type":"ListItem","position":1,"name":"In\u00edcio","item":"https:\/\/ww16.ce.gov.br\/crede17-seduc\/"},{"@type":"ListItem","position":2,"name":"EEM","item":"https:\/\/ww16.ce.gov.br\/crede17-seduc\/eem\/"},{"@type":"ListItem","position":3,"name":"EEM Jos\u00e9 Correia Lima"}]},{"@type":"WebSite","@id":"https:\/\/ww16.ce.gov.br\/crede17-seduc\/#website","url":"https:\/\/ww16.ce.gov.br\/crede17-seduc\/","name":"CREDE17-SEDUC","description":"Portal CREDE17-SEDUC","potentialAction":[{"@type":"SearchAction","target":{"@type":"EntryPoint","urlTemplate":"https:\/\/ww16.ce.gov.br\/crede17-seduc\/?s={search_term_string}"},"query-input":{"@type":"PropertyValueSpecification","valueRequired":true,"valueName":"search_term_string"}}],"inLanguage":"pt-BR"}]}},"_links":{"self":[{"href":"https:\/\/ww16.ce.gov.br\/crede17-seduc\/wp-json\/wp\/v2\/pages\/3007","targetHints":{"allow":["GET"]}}],"collection":[{"href":"https:\/\/ww16.ce.gov.br\/crede17-seduc\/wp-json\/wp\/v2\/pages"}],"about":[{"href":"https:\/\/ww16.ce.gov.br\/crede17-seduc\/wp-json\/wp\/v2\/types\/page"}],"author":[{"embeddable":true,"href":"https:\/\/ww16.ce.gov.br\/crede17-seduc\/wp-json\/wp\/v2\/users\/520"}],"replies":[{"embeddable":true,"href":"https:\/\/ww16.ce.gov.br\/crede17-seduc\/wp-json\/wp\/v2\/comments?post=3007"}],"version-history":[{"count":7,"href":"https:\/\/ww16.ce.gov.br\/crede17-seduc\/wp-json\/wp\/v2\/pages\/3007\/revisions"}],"predecessor-version":[{"id":8338,"href":"https:\/\/ww16.ce.gov.br\/crede17-seduc\/wp-json\/wp\/v2\/pages\/3007\/revisions\/8338"}],"up":[{"embeddable":true,"href":"https:\/\/ww16.ce.gov.br\/crede17-seduc\/wp-json\/wp\/v2\/pages\/3037"}],"wp:attachment":[{"href":"https:\/\/ww16.ce.gov.br\/crede17-seduc\/wp-json\/wp\/v2\/media?parent=3007"}],"curies":[{"name":"wp","href":"https:\/\/api.w.org\/{rel}","templated":true}]}}