{"id":2977,"date":"2021-09-17T16:21:07","date_gmt":"2021-09-17T19:21:07","guid":{"rendered":"http:\/\/www.crede17.seduc.ce.gov.br\/?page_id=2977"},"modified":"2023-07-20T11:50:04","modified_gmt":"2023-07-20T14:50:04","slug":"eemti-celso-araujo","status":"publish","type":"page","link":"https:\/\/ww16.ce.gov.br\/crede17-seduc\/eemti\/eemti-celso-araujo\/","title":{"rendered":"EEMTI Celso Ara\u00fajo"},"content":{"rendered":"<p>&nbsp;<\/p>\n<p><a href=\"https:\/\/www.crede17.seduc.ce.gov.br\/wp-content\/uploads\/sites\/111\/2021\/09\/Col\u00e9gio-Estadual-Celso-Ara\u00fajo.jpg\"><img decoding=\"async\" class=\"alignright wp-image-2966 size-medium\" src=\"https:\/\/www.crede17.seduc.ce.gov.br\/wp-content\/uploads\/sites\/111\/2021\/09\/Col\u00e9gio-Estadual-Celso-Ara\u00fajo.jpg\" alt=\"Fachada da escola\" width=\"398\" \/><\/a><strong>INEP:<\/strong> 23139382<br \/>\n<strong>Diretor(a) Escolar:<\/strong> Francisco Pereira Silv\u00e9rio<br \/>\n<strong>Coordenador(a) Escolar:<\/strong> Luiza Arl\u00eania Fernandes Diniz<br \/>\n<strong>Coordenador(a) Escolar:<\/strong> Maria Gon\u00e7alves de Matos<br \/>\n<strong>Secret\u00e1rio(a) Escolar:<\/strong> Elisomar Maria Barros de Souza<br \/>\n<strong>Assessor(a) Financeiro:<\/strong> Raimundo Nonato Pereira Bezerra<\/p>\n<p>&nbsp;<\/p>\n<p><strong>Endere\u00e7o:<\/strong> Rua Z\u00e9 Paj\u00e9, 241 | Centro &#8211; 63400-000 &#8211; Cedro\/CE<br \/>\n<strong>Telefone:<\/strong> (88) 3564-0315<br \/>\n<strong>E-mail:<\/strong> celsoaraujo@escola.ce.gov.br<br \/>\n<strong>CNPJ:<\/strong> 11.208.182\/0001-07<\/p>\n","protected":false},"excerpt":{"rendered":"<p>&nbsp; INEP: 23139382 Diretor(a) Escolar: Francisco Pereira Silv\u00e9rio Coordenador(a) Escolar: Luiza Arl\u00eania Fernandes Diniz Coordenador(a) Escolar: Maria Gon\u00e7alves de Matos Secret\u00e1rio(a) Escolar: Elisomar Maria Barros de Souza Assessor(a) Financeiro: Raimundo Nonato Pereira Bezerra &nbsp; Endere\u00e7o: Rua Z\u00e9 Paj\u00e9, 241 | Centro &#8211; 63400-000 &#8211; Cedro\/CE Telefone: (88) 3564-0315 E-mail: celsoaraujo@escola.ce.gov.br CNPJ: 11.208.182\/0001-07<\/p>\n","protected":false},"author":520,"featured_media":0,"parent":3028,"menu_order":1,"comment_status":"closed","ping_status":"closed","template":"","meta":{"_acf_changed":false,"inline_featured_image":false,"footnotes":""},"class_list":["post-2977","page","type-page","status-publish","hentry"],"acf":[],"yoast_head":"<!-- This site is optimized with the Yoast SEO plugin v26.9 - https:\/\/yoast.com\/product\/yoast-seo-wordpress\/ -->\n<title>EEMTI Celso Ara\u00fajo - CREDE17-SEDUC<\/title>\n<meta name=\"robots\" content=\"index, follow, max-snippet:-1, max-image-preview:large, max-video-preview:-1\" \/>\n<link rel=\"canonical\" href=\"https:\/\/ww16.ce.gov.br\/crede17-seduc\/eemti\/eemti-celso-araujo\/\" \/>\n<meta property=\"og:locale\" content=\"pt_BR\" \/>\n<meta property=\"og:type\" content=\"article\" \/>\n<meta property=\"og:title\" content=\"EEMTI Celso Ara\u00fajo - CREDE17-SEDUC\" \/>\n<meta property=\"og:description\" content=\"&nbsp; INEP: 23139382 Diretor(a) Escolar: Francisco Pereira Silv\u00e9rio Coordenador(a) Escolar: Luiza Arl\u00eania Fernandes Diniz Coordenador(a) Escolar: Maria Gon\u00e7alves de Matos Secret\u00e1rio(a) Escolar: Elisomar Maria Barros de Souza Assessor(a) Financeiro: Raimundo Nonato Pereira Bezerra &nbsp; Endere\u00e7o: Rua Z\u00e9 Paj\u00e9, 241 | Centro &#8211; 63400-000 &#8211; Cedro\/CE Telefone: (88) 3564-0315 E-mail: celsoaraujo@escola.ce.gov.br CNPJ: 11.208.182\/0001-07\" \/>\n<meta property=\"og:url\" content=\"https:\/\/ww16.ce.gov.br\/crede17-seduc\/eemti\/eemti-celso-araujo\/\" \/>\n<meta property=\"og:site_name\" content=\"CREDE17-SEDUC\" \/>\n<meta property=\"article:modified_time\" content=\"2023-07-20T14:50:04+00:00\" \/>\n<meta name=\"twitter:card\" content=\"summary_large_image\" \/>\n<script type=\"application\/ld+json\" class=\"yoast-schema-graph\">{\"@context\":\"https:\/\/schema.org\",\"@graph\":[{\"@type\":\"WebPage\",\"@id\":\"https:\/\/ww16.ce.gov.br\/crede17-seduc\/eemti\/eemti-celso-araujo\/\",\"url\":\"https:\/\/ww16.ce.gov.br\/crede17-seduc\/eemti\/eemti-celso-araujo\/\",\"name\":\"EEMTI Celso Ara\u00fajo - CREDE17-SEDUC\",\"isPartOf\":{\"@id\":\"https:\/\/ww16.ce.gov.br\/crede17-seduc\/#website\"},\"datePublished\":\"2021-09-17T19:21:07+00:00\",\"dateModified\":\"2023-07-20T14:50:04+00:00\",\"breadcrumb\":{\"@id\":\"https:\/\/ww16.ce.gov.br\/crede17-seduc\/eemti\/eemti-celso-araujo\/#breadcrumb\"},\"inLanguage\":\"pt-BR\",\"potentialAction\":[{\"@type\":\"ReadAction\",\"target\":[\"https:\/\/ww16.ce.gov.br\/crede17-seduc\/eemti\/eemti-celso-araujo\/\"]}]},{\"@type\":\"BreadcrumbList\",\"@id\":\"https:\/\/ww16.ce.gov.br\/crede17-seduc\/eemti\/eemti-celso-araujo\/#breadcrumb\",\"itemListElement\":[{\"@type\":\"ListItem\",\"position\":1,\"name\":\"In\u00edcio\",\"item\":\"https:\/\/ww16.ce.gov.br\/crede17-seduc\/\"},{\"@type\":\"ListItem\",\"position\":2,\"name\":\"EEMTI\",\"item\":\"https:\/\/ww16.ce.gov.br\/crede17-seduc\/eemti\/\"},{\"@type\":\"ListItem\",\"position\":3,\"name\":\"EEMTI Celso Ara\u00fajo\"}]},{\"@type\":\"WebSite\",\"@id\":\"https:\/\/ww16.ce.gov.br\/crede17-seduc\/#website\",\"url\":\"https:\/\/ww16.ce.gov.br\/crede17-seduc\/\",\"name\":\"CREDE17-SEDUC\",\"description\":\"Portal CREDE17-SEDUC\",\"potentialAction\":[{\"@type\":\"SearchAction\",\"target\":{\"@type\":\"EntryPoint\",\"urlTemplate\":\"https:\/\/ww16.ce.gov.br\/crede17-seduc\/?s={search_term_string}\"},\"query-input\":{\"@type\":\"PropertyValueSpecification\",\"valueRequired\":true,\"valueName\":\"search_term_string\"}}],\"inLanguage\":\"pt-BR\"}]}<\/script>\n<!-- \/ Yoast SEO plugin. -->","yoast_head_json":{"title":"EEMTI Celso Ara\u00fajo - CREDE17-SEDUC","robots":{"index":"index","follow":"follow","max-snippet":"max-snippet:-1","max-image-preview":"max-image-preview:large","max-video-preview":"max-video-preview:-1"},"canonical":"https:\/\/ww16.ce.gov.br\/crede17-seduc\/eemti\/eemti-celso-araujo\/","og_locale":"pt_BR","og_type":"article","og_title":"EEMTI Celso Ara\u00fajo - CREDE17-SEDUC","og_description":"&nbsp; INEP: 23139382 Diretor(a) Escolar: Francisco Pereira Silv\u00e9rio Coordenador(a) Escolar: Luiza Arl\u00eania Fernandes Diniz Coordenador(a) Escolar: Maria Gon\u00e7alves de Matos Secret\u00e1rio(a) Escolar: Elisomar Maria Barros de Souza Assessor(a) Financeiro: Raimundo Nonato Pereira Bezerra &nbsp; Endere\u00e7o: Rua Z\u00e9 Paj\u00e9, 241 | Centro &#8211; 63400-000 &#8211; Cedro\/CE Telefone: (88) 3564-0315 E-mail: celsoaraujo@escola.ce.gov.br CNPJ: 11.208.182\/0001-07","og_url":"https:\/\/ww16.ce.gov.br\/crede17-seduc\/eemti\/eemti-celso-araujo\/","og_site_name":"CREDE17-SEDUC","article_modified_time":"2023-07-20T14:50:04+00:00","twitter_card":"summary_large_image","schema":{"@context":"https:\/\/schema.org","@graph":[{"@type":"WebPage","@id":"https:\/\/ww16.ce.gov.br\/crede17-seduc\/eemti\/eemti-celso-araujo\/","url":"https:\/\/ww16.ce.gov.br\/crede17-seduc\/eemti\/eemti-celso-araujo\/","name":"EEMTI Celso Ara\u00fajo - CREDE17-SEDUC","isPartOf":{"@id":"https:\/\/ww16.ce.gov.br\/crede17-seduc\/#website"},"datePublished":"2021-09-17T19:21:07+00:00","dateModified":"2023-07-20T14:50:04+00:00","breadcrumb":{"@id":"https:\/\/ww16.ce.gov.br\/crede17-seduc\/eemti\/eemti-celso-araujo\/#breadcrumb"},"inLanguage":"pt-BR","potentialAction":[{"@type":"ReadAction","target":["https:\/\/ww16.ce.gov.br\/crede17-seduc\/eemti\/eemti-celso-araujo\/"]}]},{"@type":"BreadcrumbList","@id":"https:\/\/ww16.ce.gov.br\/crede17-seduc\/eemti\/eemti-celso-araujo\/#breadcrumb","itemListElement":[{"@type":"ListItem","position":1,"name":"In\u00edcio","item":"https:\/\/ww16.ce.gov.br\/crede17-seduc\/"},{"@type":"ListItem","position":2,"name":"EEMTI","item":"https:\/\/ww16.ce.gov.br\/crede17-seduc\/eemti\/"},{"@type":"ListItem","position":3,"name":"EEMTI Celso Ara\u00fajo"}]},{"@type":"WebSite","@id":"https:\/\/ww16.ce.gov.br\/crede17-seduc\/#website","url":"https:\/\/ww16.ce.gov.br\/crede17-seduc\/","name":"CREDE17-SEDUC","description":"Portal CREDE17-SEDUC","potentialAction":[{"@type":"SearchAction","target":{"@type":"EntryPoint","urlTemplate":"https:\/\/ww16.ce.gov.br\/crede17-seduc\/?s={search_term_string}"},"query-input":{"@type":"PropertyValueSpecification","valueRequired":true,"valueName":"search_term_string"}}],"inLanguage":"pt-BR"}]}},"_links":{"self":[{"href":"https:\/\/ww16.ce.gov.br\/crede17-seduc\/wp-json\/wp\/v2\/pages\/2977","targetHints":{"allow":["GET"]}}],"collection":[{"href":"https:\/\/ww16.ce.gov.br\/crede17-seduc\/wp-json\/wp\/v2\/pages"}],"about":[{"href":"https:\/\/ww16.ce.gov.br\/crede17-seduc\/wp-json\/wp\/v2\/types\/page"}],"author":[{"embeddable":true,"href":"https:\/\/ww16.ce.gov.br\/crede17-seduc\/wp-json\/wp\/v2\/users\/520"}],"replies":[{"embeddable":true,"href":"https:\/\/ww16.ce.gov.br\/crede17-seduc\/wp-json\/wp\/v2\/comments?post=2977"}],"version-history":[{"count":9,"href":"https:\/\/ww16.ce.gov.br\/crede17-seduc\/wp-json\/wp\/v2\/pages\/2977\/revisions"}],"predecessor-version":[{"id":5570,"href":"https:\/\/ww16.ce.gov.br\/crede17-seduc\/wp-json\/wp\/v2\/pages\/2977\/revisions\/5570"}],"up":[{"embeddable":true,"href":"https:\/\/ww16.ce.gov.br\/crede17-seduc\/wp-json\/wp\/v2\/pages\/3028"}],"wp:attachment":[{"href":"https:\/\/ww16.ce.gov.br\/crede17-seduc\/wp-json\/wp\/v2\/media?parent=2977"}],"curies":[{"name":"wp","href":"https:\/\/api.w.org\/{rel}","templated":true}]}}