{"id":2865,"date":"2021-09-16T11:05:50","date_gmt":"2021-09-16T14:05:50","guid":{"rendered":"http:\/\/www.crede17.seduc.ce.gov.br\/?page_id=2865"},"modified":"2023-04-13T13:31:38","modified_gmt":"2023-04-13T16:31:38","slug":"historico","status":"publish","type":"page","link":"https:\/\/ww16.ce.gov.br\/crede17-seduc\/historico\/","title":{"rendered":"Hist\u00f3rico"},"content":{"rendered":"<p style=\"text-align: justify\"><a href=\"https:\/\/www.crede17.seduc.ce.gov.br\/wp-content\/uploads\/sites\/111\/2021\/09\/crede17-sede-jul-2012.png\"><img loading=\"lazy\" decoding=\"async\" class=\"alignleft wp-image-2882 size-medium\" src=\"https:\/\/www.crede17.seduc.ce.gov.br\/wp-content\/uploads\/sites\/111\/2021\/09\/crede17-sede-jul-2012-600x360.png\" alt=\"Frente na CREDE17 no m\u00eas de julho de 2012\" width=\"383\" height=\"230\" srcset=\"https:\/\/ww16.ce.gov.br\/crede17-seduc\/wp-content\/uploads\/sites\/111\/2021\/09\/crede17-sede-jul-2012-600x360.png 600w, https:\/\/ww16.ce.gov.br\/crede17-seduc\/wp-content\/uploads\/sites\/111\/2021\/09\/crede17-sede-jul-2012-768x460.png 768w, https:\/\/ww16.ce.gov.br\/crede17-seduc\/wp-content\/uploads\/sites\/111\/2021\/09\/crede17-sede-jul-2012-1200x719.png 1200w, https:\/\/ww16.ce.gov.br\/crede17-seduc\/wp-content\/uploads\/sites\/111\/2021\/09\/crede17-sede-jul-2012.png 1438w\" sizes=\"auto, (max-width: 383px) 100vw, 383px\" \/><\/a>A Coordenadoria Regional de Desenvolvimento da Educa\u00e7\u00e3o &#8211; CREDE17 \u00e9 um \u00f3rg\u00e3o administrativo descentralizado, parte da estrutura e organiza\u00e7\u00e3o da Secretaria da Educa\u00e7\u00e3o do Estado do Cear\u00e1, cuja hist\u00f3ria passa por diferentes transforma\u00e7\u00f5es, conforme a pol\u00edtica educacional nacional e estadual.<\/p>\n<p>&nbsp;<\/p>\n<p style=\"text-align: justify\">Por for\u00e7a da Lei n\u00ba 6.759 de 13 de novembro de 1963, publicada no D. O. E. de 14\/11\/1963, o Governo do Estado do Cear\u00e1 reorganizou a Secretaria de Educa\u00e7\u00e3o e Cultura, prevendo a distribui\u00e7\u00e3o do Estado em zonas, sediadas nas cidades, para instala\u00e7\u00e3o das Superintend\u00eancias Regionais de Educa\u00e7\u00e3o e Cultura. A partir de 1971, conforme o Decreto n\u00ba 9.551 de 17 de setembro de 1971, publicado no D. O. E. de 20\/09\/1971, o Estado foi organizado em oito Delegacias Regionais, estando a cidade de Ic\u00f3 sob abrang\u00eancia da Quarta Regi\u00e3o com sede na cidade de Iguatu. Posteriormente, conforme o Decreto n\u00ba 10.245 de 02 de maio de 1973, publicado no D. O. E. de 09\/05\/1973, o Estado foi reorganizado em doze Delegacias Regionais, permanecendo a cidade de Ic\u00f3 na Quarta Regi\u00e3o com sede na cidade de Iguatu.<\/p>\n<p>&nbsp;<\/p>\n<p style=\"text-align: justify\">Em 22 de agosto de 1983, o Governo do Estado do Cear\u00e1, criou a 14\u00aa Regi\u00e3o Administrativa com sede na cidade de Ic\u00f3, denominada Delegacia Regional de Educa\u00e7\u00e3o de Ic\u00f3 \u2013 14\u00aa DERE, conforme Decreto n\u00ba 16.071 de 22 de agosto de 1983, publicado no D. O. E. de mesma data. Estavam sob sua abrang\u00eancia as cidades de Baixio, Cedro, Ic\u00f3, Ipaumirim, Lavras da Mangabeira, Or\u00f3s e Umari. Iniciando o seu funcionamento no ano de 1984, estabelecida num sobrado localizado na Avenida Il\u00eddio Sampaio.<\/p>\n<p>&nbsp;<\/p>\n<p style=\"text-align: justify\">As delegacias regionais de educa\u00e7\u00e3o atuavam em ordem burocr\u00e1tica com base nas delega\u00e7\u00f5es emanadas pela Secretaria da Educa\u00e7\u00e3o. Em 1986, passou para a sede pr\u00f3pria, situada na Rua Ana Nunes sn., no bairro Cidade Nova, um pr\u00e9dio constru\u00eddo com arquitetura padr\u00e3o para todo o Estado.<\/p>\n<p>&nbsp;<\/p>\n<p style=\"text-align: justify\">Com a edi\u00e7\u00e3o do Decreto 24.274\/1996, publicado no D. O. E. de 15 de novembro de 1996, a Secretaria da Educa\u00e7\u00e3o extinguiu as Delegacias Regionais &#8211; DEREs e reorganizou a sua estrutura, criando os 21 Centros Regionais de Desenvolvimento da Educa\u00e7\u00e3o \u2013 CREDE, passando o Ic\u00f3 a sediar o 17\u00ba Centro Regional de Desenvolvimento da Educa\u00e7\u00e3o. Assumiu a fun\u00e7\u00e3o de orienta\u00e7\u00e3o das pol\u00edticas educacionais, em colabora\u00e7\u00e3o com as Secretarias Municipais de Educa\u00e7\u00e3o e Unidades Escolares. Nesta reorganiza\u00e7\u00e3o, o 17\u00ba CREDE passou a acompanhar a educa\u00e7\u00e3o nos munic\u00edpios de Baixio, Cedro, Ic\u00f3, Ipaumirim, Lavras da Mangabeira, V\u00e1rzea Alegre e Umari.<\/p>\n<p>&nbsp;<\/p>\n<p style=\"text-align: justify\">Atualmente a Coordenadoria Regional de Desenvolvimento da Educa\u00e7\u00e3o \u2013 CREDE17 tem em sua estrutura 3 C\u00e9lulas: C\u00e9lula de Desenvolvimento da Escola e Aprendizagem \u2013 CEDEA que atua diretamente nas 16 Escolas Ensino M\u00e9dio, sendo 02 Escolas de Ensino M\u00e9dio Convencionais, 04 Escolas Estaduais de Educa\u00e7\u00e3o Profissional, 01 Centro de Educa\u00e7\u00e3o de Jovens e Adultos e 09 Escolas de Ensino M\u00e9dio de Tempo Integral; a C\u00e9lula de Coopera\u00e7\u00e3o com Munic\u00edpios \u2013 CECOM que atua junto \u00e0s Secretarias Municipais de Educa\u00e7\u00e3o; e a C\u00e9lula de Gest\u00e3o Administrativo Financeira \u2013 CEGAF que atua nas quest\u00f5es administrativas, de pessoal e financeira. As C\u00e9lulas s\u00e3o ligadas ao GABINETE sob coordena\u00e7\u00e3o do Prof. Me. Ant\u00f4nio Elival Pereira.<\/p>\n<p style=\"text-align: right\">Texto: Ant\u00f4nio Jos\u00e9 Lima Pereira<\/p>\n<p>&nbsp;<\/p>\n<h3>Hist\u00f3rico dos Gestores<\/h3>\n\n<table id=\"tablepress-1\" class=\"tablepress tablepress-id-1\">\n<thead>\n<tr class=\"row-1\">\n\t<th class=\"column-1\">GESTOR<\/th><th class=\"column-2\">NOMEA\u00c7\u00c3O<\/th><th class=\"column-3\">EXONERA\u00c7\u00c3O<\/th><th class=\"column-4\">CARGO<\/th>\n<\/tr>\n<\/thead>\n<tbody class=\"row-striping row-hover\">\n<tr class=\"row-2\">\n\t<td class=\"column-1\">Maria de Lourdes Maciel de Melo Peixoto<\/td><td class=\"column-2\">27\/03\/1984<\/td><td class=\"column-3\">28\/12\/1987<\/td><td class=\"column-4\">Delegada<\/td>\n<\/tr>\n<tr class=\"row-3\">\n\t<td class=\"column-1\">Maria Aurineide Siqueira<\/td><td class=\"column-2\">18\/12\/1987<\/td><td class=\"column-3\">27\/03\/1991<\/td><td class=\"column-4\">Delegada<\/td>\n<\/tr>\n<tr class=\"row-4\">\n\t<td class=\"column-1\">Yvonise Macedo Lima Feitosa<\/td><td class=\"column-2\">30\/12\/1993<\/td><td class=\"column-3\">31\/10\/1996<\/td><td class=\"column-4\">Delegada<\/td>\n<\/tr>\n<tr class=\"row-5\">\n\t<td class=\"column-1\">Maria Eleneuda de Sousa<\/td><td class=\"column-2\">25\/11\/1996<\/td><td class=\"column-3\">26\/12\/2000<\/td><td class=\"column-4\">Diretora<\/td>\n<\/tr>\n<tr class=\"row-6\">\n\t<td class=\"column-1\">Maria Eleneuda de Sousa<\/td><td class=\"column-2\">26\/12\/2000<\/td><td class=\"column-3\">04\/07\/2003<\/td><td class=\"column-4\">Diretora<\/td>\n<\/tr>\n<tr class=\"row-7\">\n\t<td class=\"column-1\">Maria Eleneuda de Sousa<\/td><td class=\"column-2\">04\/07\/2003<\/td><td class=\"column-3\">14\/07\/2004<\/td><td class=\"column-4\">Orientadora<\/td>\n<\/tr>\n<tr class=\"row-8\">\n\t<td class=\"column-1\">Maria Eleneuda de Sousa<\/td><td class=\"column-2\">14\/07\/2004<\/td><td class=\"column-3\">04\/01\/2007<\/td><td class=\"column-4\">Orientadora<\/td>\n<\/tr>\n<tr class=\"row-9\">\n\t<td class=\"column-1\">Marconier Chagas Mota<\/td><td class=\"column-2\">20\/03\/2007<\/td><td class=\"column-3\">11\/07\/2007<\/td><td class=\"column-4\">Orientador Interino<\/td>\n<\/tr>\n<tr class=\"row-10\">\n\t<td class=\"column-1\">Evanildo Fernandes de Sousa<\/td><td class=\"column-2\">11\/07\/2007<\/td><td class=\"column-3\">31\/01\/2011<\/td><td class=\"column-4\">Coordenador<\/td>\n<\/tr>\n<tr class=\"row-11\">\n\t<td class=\"column-1\">Maria Aparecida Lima de Assis<\/td><td class=\"column-2\">01\/02\/2011<\/td><td class=\"column-3\">29\/05\/2012<\/td><td class=\"column-4\">Coordenadora Interina<\/td>\n<\/tr>\n<tr class=\"row-12\">\n\t<td class=\"column-1\">Emanuelle Grace Kelly Santos de Oliveira<\/td><td class=\"column-2\">01\/06\/2012<\/td><td class=\"column-3\">19\/02\/2015<\/td><td class=\"column-4\">Coordenadora<\/td>\n<\/tr>\n<tr class=\"row-13\">\n\t<td class=\"column-1\">Neyrismar Felipe dos Santos<\/td><td class=\"column-2\">19\/02\/2015<\/td><td class=\"column-3\">09\/01\/2019<\/td><td class=\"column-4\">Coordenador<\/td>\n<\/tr>\n<tr class=\"row-14\">\n\t<td class=\"column-1\">Emanuelle Grace Kelly Santos de Oliveira<\/td><td class=\"column-2\">01\/01\/2019<\/td><td class=\"column-3\">\u00a009\/03\/2022<\/td><td class=\"column-4\">Coordenadora<\/td>\n<\/tr>\n<tr class=\"row-15\">\n\t<td class=\"column-1\">Ant\u00f4nio Elival Pereira<\/td><td class=\"column-2\">04\/04\/2023<\/td><td class=\"column-3\"><\/td><td class=\"column-4\">Coordenador<\/td>\n<\/tr>\n<\/tbody>\n<\/table>\n<!-- #tablepress-1 from cache -->\n<h3>\u00c1rea de Abrang\u00eancia<\/h3>\n<p><img loading=\"lazy\" decoding=\"async\" class=\"aligncenter wp-image-2896 size-full\" src=\"https:\/\/www.crede17.seduc.ce.gov.br\/wp-content\/uploads\/sites\/111\/2021\/09\/mapacrede17.png\" alt=\"Mapa do Estado do Cear\u00e1 com destaque nos munic\u00edpios da CREDE17.\" width=\"800\" height=\"1067\" srcset=\"https:\/\/ww16.ce.gov.br\/crede17-seduc\/wp-content\/uploads\/sites\/111\/2021\/09\/mapacrede17.png 800w, https:\/\/ww16.ce.gov.br\/crede17-seduc\/wp-content\/uploads\/sites\/111\/2021\/09\/mapacrede17-600x800.png 600w, https:\/\/ww16.ce.gov.br\/crede17-seduc\/wp-content\/uploads\/sites\/111\/2021\/09\/mapacrede17-768x1024.png 768w\" sizes=\"auto, (max-width: 800px) 100vw, 800px\" \/><\/p>\n","protected":false},"excerpt":{"rendered":"<p>A Coordenadoria Regional de Desenvolvimento da Educa\u00e7\u00e3o &#8211; CREDE17 \u00e9 um \u00f3rg\u00e3o administrativo descentralizado, parte da estrutura e organiza\u00e7\u00e3o da Secretaria da Educa\u00e7\u00e3o do Estado do Cear\u00e1, cuja hist\u00f3ria passa por diferentes transforma\u00e7\u00f5es, conforme a pol\u00edtica educacional nacional e estadual. &nbsp; Por for\u00e7a da Lei n\u00ba 6.759 de 13 de novembro de 1963, publicada no [&hellip;]<\/p>\n","protected":false},"author":520,"featured_media":0,"parent":0,"menu_order":0,"comment_status":"closed","ping_status":"closed","template":"","meta":{"_acf_changed":false,"inline_featured_image":false,"footnotes":""},"class_list":["post-2865","page","type-page","status-publish","hentry"],"acf":[],"yoast_head":"<!-- This site is optimized with the Yoast SEO plugin v26.9 - https:\/\/yoast.com\/product\/yoast-seo-wordpress\/ -->\n<title>Hist\u00f3rico - CREDE17-SEDUC<\/title>\n<meta name=\"robots\" content=\"index, follow, max-snippet:-1, max-image-preview:large, max-video-preview:-1\" \/>\n<link rel=\"canonical\" href=\"https:\/\/ww16.ce.gov.br\/crede17-seduc\/historico\/\" \/>\n<meta property=\"og:locale\" content=\"pt_BR\" \/>\n<meta property=\"og:type\" content=\"article\" \/>\n<meta property=\"og:title\" content=\"Hist\u00f3rico - CREDE17-SEDUC\" \/>\n<meta property=\"og:description\" content=\"A Coordenadoria Regional de Desenvolvimento da Educa\u00e7\u00e3o &#8211; CREDE17 \u00e9 um \u00f3rg\u00e3o administrativo descentralizado, parte da estrutura e organiza\u00e7\u00e3o da Secretaria da Educa\u00e7\u00e3o do Estado do Cear\u00e1, cuja hist\u00f3ria passa por diferentes transforma\u00e7\u00f5es, conforme a pol\u00edtica educacional nacional e estadual. &nbsp; Por for\u00e7a da Lei n\u00ba 6.759 de 13 de novembro de 1963, publicada no [&hellip;]\" \/>\n<meta property=\"og:url\" content=\"https:\/\/ww16.ce.gov.br\/crede17-seduc\/historico\/\" \/>\n<meta property=\"og:site_name\" content=\"CREDE17-SEDUC\" \/>\n<meta property=\"article:modified_time\" content=\"2023-04-13T16:31:38+00:00\" \/>\n<meta property=\"og:image\" content=\"http:\/\/www.crede17.seduc.ce.gov.br\/wp-content\/uploads\/sites\/111\/2021\/09\/crede17-sede-jul-2012-600x360.png\" \/>\n<meta name=\"twitter:card\" content=\"summary_large_image\" \/>\n<meta name=\"twitter:label1\" content=\"Est. reading time\" \/>\n\t<meta name=\"twitter:data1\" content=\"4 minutos\" \/>\n<script type=\"application\/ld+json\" class=\"yoast-schema-graph\">{\"@context\":\"https:\/\/schema.org\",\"@graph\":[{\"@type\":\"WebPage\",\"@id\":\"https:\/\/ww16.ce.gov.br\/crede17-seduc\/historico\/\",\"url\":\"https:\/\/ww16.ce.gov.br\/crede17-seduc\/historico\/\",\"name\":\"Hist\u00f3rico - CREDE17-SEDUC\",\"isPartOf\":{\"@id\":\"https:\/\/ww16.ce.gov.br\/crede17-seduc\/#website\"},\"primaryImageOfPage\":{\"@id\":\"https:\/\/ww16.ce.gov.br\/crede17-seduc\/historico\/#primaryimage\"},\"image\":{\"@id\":\"https:\/\/ww16.ce.gov.br\/crede17-seduc\/historico\/#primaryimage\"},\"thumbnailUrl\":\"http:\/\/www.crede17.seduc.ce.gov.br\/wp-content\/uploads\/sites\/111\/2021\/09\/crede17-sede-jul-2012-600x360.png\",\"datePublished\":\"2021-09-16T14:05:50+00:00\",\"dateModified\":\"2023-04-13T16:31:38+00:00\",\"breadcrumb\":{\"@id\":\"https:\/\/ww16.ce.gov.br\/crede17-seduc\/historico\/#breadcrumb\"},\"inLanguage\":\"pt-BR\",\"potentialAction\":[{\"@type\":\"ReadAction\",\"target\":[\"https:\/\/ww16.ce.gov.br\/crede17-seduc\/historico\/\"]}]},{\"@type\":\"ImageObject\",\"inLanguage\":\"pt-BR\",\"@id\":\"https:\/\/ww16.ce.gov.br\/crede17-seduc\/historico\/#primaryimage\",\"url\":\"http:\/\/www.crede17.seduc.ce.gov.br\/wp-content\/uploads\/sites\/111\/2021\/09\/crede17-sede-jul-2012-600x360.png\",\"contentUrl\":\"http:\/\/www.crede17.seduc.ce.gov.br\/wp-content\/uploads\/sites\/111\/2021\/09\/crede17-sede-jul-2012-600x360.png\"},{\"@type\":\"BreadcrumbList\",\"@id\":\"https:\/\/ww16.ce.gov.br\/crede17-seduc\/historico\/#breadcrumb\",\"itemListElement\":[{\"@type\":\"ListItem\",\"position\":1,\"name\":\"In\u00edcio\",\"item\":\"https:\/\/ww16.ce.gov.br\/crede17-seduc\/\"},{\"@type\":\"ListItem\",\"position\":2,\"name\":\"Hist\u00f3rico\"}]},{\"@type\":\"WebSite\",\"@id\":\"https:\/\/ww16.ce.gov.br\/crede17-seduc\/#website\",\"url\":\"https:\/\/ww16.ce.gov.br\/crede17-seduc\/\",\"name\":\"CREDE17-SEDUC\",\"description\":\"Portal CREDE17-SEDUC\",\"potentialAction\":[{\"@type\":\"SearchAction\",\"target\":{\"@type\":\"EntryPoint\",\"urlTemplate\":\"https:\/\/ww16.ce.gov.br\/crede17-seduc\/?s={search_term_string}\"},\"query-input\":{\"@type\":\"PropertyValueSpecification\",\"valueRequired\":true,\"valueName\":\"search_term_string\"}}],\"inLanguage\":\"pt-BR\"}]}<\/script>\n<!-- \/ Yoast SEO plugin. -->","yoast_head_json":{"title":"Hist\u00f3rico - CREDE17-SEDUC","robots":{"index":"index","follow":"follow","max-snippet":"max-snippet:-1","max-image-preview":"max-image-preview:large","max-video-preview":"max-video-preview:-1"},"canonical":"https:\/\/ww16.ce.gov.br\/crede17-seduc\/historico\/","og_locale":"pt_BR","og_type":"article","og_title":"Hist\u00f3rico - CREDE17-SEDUC","og_description":"A Coordenadoria Regional de Desenvolvimento da Educa\u00e7\u00e3o &#8211; CREDE17 \u00e9 um \u00f3rg\u00e3o administrativo descentralizado, parte da estrutura e organiza\u00e7\u00e3o da Secretaria da Educa\u00e7\u00e3o do Estado do Cear\u00e1, cuja hist\u00f3ria passa por diferentes transforma\u00e7\u00f5es, conforme a pol\u00edtica educacional nacional e estadual. &nbsp; Por for\u00e7a da Lei n\u00ba 6.759 de 13 de novembro de 1963, publicada no [&hellip;]","og_url":"https:\/\/ww16.ce.gov.br\/crede17-seduc\/historico\/","og_site_name":"CREDE17-SEDUC","article_modified_time":"2023-04-13T16:31:38+00:00","og_image":[{"url":"http:\/\/www.crede17.seduc.ce.gov.br\/wp-content\/uploads\/sites\/111\/2021\/09\/crede17-sede-jul-2012-600x360.png","type":"","width":"","height":""}],"twitter_card":"summary_large_image","twitter_misc":{"Est. reading time":"4 minutos"},"schema":{"@context":"https:\/\/schema.org","@graph":[{"@type":"WebPage","@id":"https:\/\/ww16.ce.gov.br\/crede17-seduc\/historico\/","url":"https:\/\/ww16.ce.gov.br\/crede17-seduc\/historico\/","name":"Hist\u00f3rico - CREDE17-SEDUC","isPartOf":{"@id":"https:\/\/ww16.ce.gov.br\/crede17-seduc\/#website"},"primaryImageOfPage":{"@id":"https:\/\/ww16.ce.gov.br\/crede17-seduc\/historico\/#primaryimage"},"image":{"@id":"https:\/\/ww16.ce.gov.br\/crede17-seduc\/historico\/#primaryimage"},"thumbnailUrl":"http:\/\/www.crede17.seduc.ce.gov.br\/wp-content\/uploads\/sites\/111\/2021\/09\/crede17-sede-jul-2012-600x360.png","datePublished":"2021-09-16T14:05:50+00:00","dateModified":"2023-04-13T16:31:38+00:00","breadcrumb":{"@id":"https:\/\/ww16.ce.gov.br\/crede17-seduc\/historico\/#breadcrumb"},"inLanguage":"pt-BR","potentialAction":[{"@type":"ReadAction","target":["https:\/\/ww16.ce.gov.br\/crede17-seduc\/historico\/"]}]},{"@type":"ImageObject","inLanguage":"pt-BR","@id":"https:\/\/ww16.ce.gov.br\/crede17-seduc\/historico\/#primaryimage","url":"http:\/\/www.crede17.seduc.ce.gov.br\/wp-content\/uploads\/sites\/111\/2021\/09\/crede17-sede-jul-2012-600x360.png","contentUrl":"http:\/\/www.crede17.seduc.ce.gov.br\/wp-content\/uploads\/sites\/111\/2021\/09\/crede17-sede-jul-2012-600x360.png"},{"@type":"BreadcrumbList","@id":"https:\/\/ww16.ce.gov.br\/crede17-seduc\/historico\/#breadcrumb","itemListElement":[{"@type":"ListItem","position":1,"name":"In\u00edcio","item":"https:\/\/ww16.ce.gov.br\/crede17-seduc\/"},{"@type":"ListItem","position":2,"name":"Hist\u00f3rico"}]},{"@type":"WebSite","@id":"https:\/\/ww16.ce.gov.br\/crede17-seduc\/#website","url":"https:\/\/ww16.ce.gov.br\/crede17-seduc\/","name":"CREDE17-SEDUC","description":"Portal CREDE17-SEDUC","potentialAction":[{"@type":"SearchAction","target":{"@type":"EntryPoint","urlTemplate":"https:\/\/ww16.ce.gov.br\/crede17-seduc\/?s={search_term_string}"},"query-input":{"@type":"PropertyValueSpecification","valueRequired":true,"valueName":"search_term_string"}}],"inLanguage":"pt-BR"}]}},"_links":{"self":[{"href":"https:\/\/ww16.ce.gov.br\/crede17-seduc\/wp-json\/wp\/v2\/pages\/2865","targetHints":{"allow":["GET"]}}],"collection":[{"href":"https:\/\/ww16.ce.gov.br\/crede17-seduc\/wp-json\/wp\/v2\/pages"}],"about":[{"href":"https:\/\/ww16.ce.gov.br\/crede17-seduc\/wp-json\/wp\/v2\/types\/page"}],"author":[{"embeddable":true,"href":"https:\/\/ww16.ce.gov.br\/crede17-seduc\/wp-json\/wp\/v2\/users\/520"}],"replies":[{"embeddable":true,"href":"https:\/\/ww16.ce.gov.br\/crede17-seduc\/wp-json\/wp\/v2\/comments?post=2865"}],"version-history":[{"count":26,"href":"https:\/\/ww16.ce.gov.br\/crede17-seduc\/wp-json\/wp\/v2\/pages\/2865\/revisions"}],"predecessor-version":[{"id":5319,"href":"https:\/\/ww16.ce.gov.br\/crede17-seduc\/wp-json\/wp\/v2\/pages\/2865\/revisions\/5319"}],"wp:attachment":[{"href":"https:\/\/ww16.ce.gov.br\/crede17-seduc\/wp-json\/wp\/v2\/media?parent=2865"}],"curies":[{"name":"wp","href":"https:\/\/api.w.org\/{rel}","templated":true}]}}