{"id":28,"date":"2017-11-20T12:57:39","date_gmt":"2017-11-20T14:57:39","guid":{"rendered":"http:\/\/www.ceara.gov.br\/crede17\/?page_id=28"},"modified":"2024-08-13T10:42:33","modified_gmt":"2024-08-13T13:42:33","slug":"ultimas-noticias","status":"publish","type":"page","link":"https:\/\/ww16.ce.gov.br\/crede17-seduc\/imprensa\/ultimas-noticias\/","title":{"rendered":"\u00daltimas Not\u00edcias"},"content":{"rendered":"\n<div class=\"ListagemManchetes row \">\n\n\n    <div class=\"  dt-8  \">\n\n        <div class=\"separador\">\n\n            \n        <\/div>\n\n            \n                    <div class=\"UltimasNoticias\">\n\n                                                    <h2 class=\"-SmallTitle\"> \u00daltimas Not\u00edcias <\/h2>\n                        \n                        <div class=\"SliderManchetes\">\n                            \n                                <figure class=\"frame\">\n                                    <img decoding=\"async\" src=\"https:\/\/ww16.ce.gov.br\/crede17-seduc\/wp-content\/uploads\/sites\/111\/2026\/02\/Brown-and-White-Simple-Photography-Portfolio-Presentation-1.png\" class=\"attachment-medio size-medio\" alt=\"CRPPE da CREDE 17 realiza forma\u00e7\u00f5es durante as Jornadas Pedag\u00f3gicas de 2026\" srcset=\"https:\/\/ww16.ce.gov.br\/crede17-seduc\/wp-content\/uploads\/sites\/111\/2026\/02\/Brown-and-White-Simple-Photography-Portfolio-Presentation-1.png 1920w, https:\/\/ww16.ce.gov.br\/crede17-seduc\/wp-content\/uploads\/sites\/111\/2026\/02\/Brown-and-White-Simple-Photography-Portfolio-Presentation-1-600x338.png 600w, https:\/\/ww16.ce.gov.br\/crede17-seduc\/wp-content\/uploads\/sites\/111\/2026\/02\/Brown-and-White-Simple-Photography-Portfolio-Presentation-1-1200x675.png 1200w, https:\/\/ww16.ce.gov.br\/crede17-seduc\/wp-content\/uploads\/sites\/111\/2026\/02\/Brown-and-White-Simple-Photography-Portfolio-Presentation-1-768x432.png 768w, https:\/\/ww16.ce.gov.br\/crede17-seduc\/wp-content\/uploads\/sites\/111\/2026\/02\/Brown-and-White-Simple-Photography-Portfolio-Presentation-1-1536x864.png 1536w, https:\/\/ww16.ce.gov.br\/crede17-seduc\/wp-content\/uploads\/sites\/111\/2026\/02\/Brown-and-White-Simple-Photography-Portfolio-Presentation-1-480x270.png 480w\" sizes=\"(max-width: 1920px) 100vw, 1920px\" \/>                                    <figcaption>\n                                                                                <a href=\"https:\/\/ww16.ce.gov.br\/crede17-seduc\/2026\/02\/02\/crppe-da-crede-17-realiza-formacoes-durante-as-jornadas-pedagogicas-de-2026\/\">\n                                            <h3 class=\"-bold\">CRPPE da CREDE 17 realiza forma\u00e7\u00f5es durante as Jornadas Pedag\u00f3gicas de 2026<\/h3>\n                                        <\/a>\n\n                                        <div class=\"actions\">\n                                                                                                                                <\/div>\n                                    <\/figcaption>\n                                <\/figure>\n\n                            \n                                <figure class=\"frame\">\n                                    <img decoding=\"async\" src=\"https:\/\/ww16.ce.gov.br\/crede17-seduc\/wp-content\/uploads\/sites\/111\/2026\/01\/rect991-3.png\" class=\"attachment-medio size-medio\" alt=\"Portarias de Designa\u00e7\u00e3o de Gestores e Fiscais de Cong\u00eaneres das Unidades Gestoras\" srcset=\"https:\/\/ww16.ce.gov.br\/crede17-seduc\/wp-content\/uploads\/sites\/111\/2026\/01\/rect991-3.png 1598w, https:\/\/ww16.ce.gov.br\/crede17-seduc\/wp-content\/uploads\/sites\/111\/2026\/01\/rect991-3-600x397.png 600w, https:\/\/ww16.ce.gov.br\/crede17-seduc\/wp-content\/uploads\/sites\/111\/2026\/01\/rect991-3-1200x794.png 1200w, https:\/\/ww16.ce.gov.br\/crede17-seduc\/wp-content\/uploads\/sites\/111\/2026\/01\/rect991-3-768x508.png 768w, https:\/\/ww16.ce.gov.br\/crede17-seduc\/wp-content\/uploads\/sites\/111\/2026\/01\/rect991-3-1536x1016.png 1536w\" sizes=\"(max-width: 1598px) 100vw, 1598px\" \/>                                    <figcaption>\n                                                                                    <a href=\"https:\/\/ww16.ce.gov.br\/crede17-seduc\/categoria\/comunicado-oficial\/\" class=\"categoria\">COMUNICADO OFICIAL<\/a>\n                                                                                <a href=\"https:\/\/ww16.ce.gov.br\/crede17-seduc\/2026\/01\/27\/comunicado-oficial-publicidade-das-portarias-de-designacao-de-gestores-e-fiscais-de-congeneres-das-unidades-gestoras-crede17-escolas\/\">\n                                            <h3 class=\"-bold\">Portarias de Designa\u00e7\u00e3o de Gestores e Fiscais de Cong\u00eaneres das Unidades Gestoras<\/h3>\n                                        <\/a>\n\n                                        <div class=\"actions\">\n                                                                                                                                <\/div>\n                                    <\/figcaption>\n                                <\/figure>\n\n                            \n                                <figure class=\"frame\">\n                                    <img decoding=\"async\" src=\"https:\/\/ww16.ce.gov.br\/crede17-seduc\/wp-content\/uploads\/sites\/111\/2026\/01\/rect990.png\" class=\"attachment-medio size-medio\" alt=\"Sele\u00e7\u00e3o P\u00fablica para Car\u00eancias Tempor\u00e1rias de Professores 2026\" srcset=\"https:\/\/ww16.ce.gov.br\/crede17-seduc\/wp-content\/uploads\/sites\/111\/2026\/01\/rect990.png 1600w, https:\/\/ww16.ce.gov.br\/crede17-seduc\/wp-content\/uploads\/sites\/111\/2026\/01\/rect990-600x398.png 600w, https:\/\/ww16.ce.gov.br\/crede17-seduc\/wp-content\/uploads\/sites\/111\/2026\/01\/rect990-1200x795.png 1200w, https:\/\/ww16.ce.gov.br\/crede17-seduc\/wp-content\/uploads\/sites\/111\/2026\/01\/rect990-768x509.png 768w, https:\/\/ww16.ce.gov.br\/crede17-seduc\/wp-content\/uploads\/sites\/111\/2026\/01\/rect990-1536x1018.png 1536w\" sizes=\"(max-width: 1600px) 100vw, 1600px\" \/>                                    <figcaption>\n                                                                                    <a href=\"https:\/\/ww16.ce.gov.br\/crede17-seduc\/categoria\/pagina-inicial-menu\/escolas\/\" class=\"categoria\">Escolas<\/a>\n                                                                                <a href=\"https:\/\/ww16.ce.gov.br\/crede17-seduc\/2026\/01\/28\/selecao-publica-para-carencias-temporarias-de-professores-2026-1\/\">\n                                            <h3 class=\"-bold\">Sele\u00e7\u00e3o P\u00fablica para Car\u00eancias Tempor\u00e1rias de Professores 2026<\/h3>\n                                        <\/a>\n\n                                        <div class=\"actions\">\n                                                                                                                                <\/div>\n                                    <\/figcaption>\n                                <\/figure>\n\n                            \n                                <figure class=\"frame\">\n                                    <img decoding=\"async\" src=\"https:\/\/ww16.ce.gov.br\/crede17-seduc\/wp-content\/uploads\/sites\/111\/2025\/08\/Ceara.png\" class=\"attachment-medio size-medio\" alt=\"CREDE 17 realiza Encontro Regional do Fortalecimento da Atua\u00e7\u00e3o dos Coordenadores Escolares\" srcset=\"https:\/\/ww16.ce.gov.br\/crede17-seduc\/wp-content\/uploads\/sites\/111\/2025\/08\/Ceara.png 1033w, https:\/\/ww16.ce.gov.br\/crede17-seduc\/wp-content\/uploads\/sites\/111\/2025\/08\/Ceara-600x376.png 600w, https:\/\/ww16.ce.gov.br\/crede17-seduc\/wp-content\/uploads\/sites\/111\/2025\/08\/Ceara-768x481.png 768w\" sizes=\"(max-width: 1033px) 100vw, 1033px\" \/>                                    <figcaption>\n                                                                                <a href=\"https:\/\/ww16.ce.gov.br\/crede17-seduc\/2025\/08\/15\/crede-17-realiza-encontro-regional-do-fortalecimento-da-atuacao-dos-coordenadores-escolares\/\">\n                                            <h3 class=\"-bold\">CREDE 17 realiza Encontro Regional do Fortalecimento da Atua\u00e7\u00e3o dos Coordenadores Escolares<\/h3>\n                                        <\/a>\n\n                                        <div class=\"actions\">\n                                                                                            <a href=\"https:\/\/ww16.ce.gov.br\/crede17-seduc\/2025\/08\/15\/crede-17-realiza-encontro-regional-do-fortalecimento-da-atuacao-dos-coordenadores-escolares\/\"><\/a>\n                                                                                                                                <\/div>\n                                    <\/figcaption>\n                                <\/figure>\n\n                            \n                                <figure class=\"frame\">\n                                    <img decoding=\"async\" src=\"https:\/\/ww16.ce.gov.br\/crede17-seduc\/wp-content\/uploads\/sites\/111\/2024\/10\/Ceara.png\" class=\"attachment-medio size-medio\" alt=\"Cear\u00e1 Cient\u00edfico da CREDE 17 \u00e9 realizado em Ic\u00f3\" srcset=\"https:\/\/ww16.ce.gov.br\/crede17-seduc\/wp-content\/uploads\/sites\/111\/2024\/10\/Ceara.png 1033w, https:\/\/ww16.ce.gov.br\/crede17-seduc\/wp-content\/uploads\/sites\/111\/2024\/10\/Ceara-600x376.png 600w, https:\/\/ww16.ce.gov.br\/crede17-seduc\/wp-content\/uploads\/sites\/111\/2024\/10\/Ceara-768x481.png 768w\" sizes=\"(max-width: 1033px) 100vw, 1033px\" \/>                                    <figcaption>\n                                                                                    <a href=\"https:\/\/ww16.ce.gov.br\/crede17-seduc\/categoria\/sessao-de-noticias\/lista-de-noticias\/\" class=\"categoria\">\u00daltimas Not\u00edcias<\/a>\n                                                                                <a href=\"https:\/\/ww16.ce.gov.br\/crede17-seduc\/2024\/10\/18\/ceara-cientifico-da-crede-17-e-realizado-em-ico\/\">\n                                            <h3 class=\"-bold\">Cear\u00e1 Cient\u00edfico da CREDE 17 \u00e9 realizado em Ic\u00f3<\/h3>\n                                        <\/a>\n\n                                        <div class=\"actions\">\n                                                                                            <a href=\"https:\/\/ww16.ce.gov.br\/crede17-seduc\/2024\/10\/18\/ceara-cientifico-da-crede-17-e-realizado-em-ico\/\"><\/a>\n                                                                                                                                <\/div>\n                                    <\/figcaption>\n                                <\/figure>\n\n                                                    <\/div>\n\n                    <\/div>\n\n            \n\n\n    <\/div>\n\n    <div class=\"Side dt-4\">\n                    <a href=\"https:\/\/www.crede17.seduc.ce.gov.br\/category\/editais-e-chamadas-publicas\/\" style=\"display: block; margin-bottom: 0.9375rem;\">\n                <img decoding=\"async\" src=\"https:\/\/www.crede17.seduc.ce.gov.br\/wp-content\/uploads\/sites\/111\/2021\/09\/banner_editais_chamadaspublicas.png\" style=\"margin: 0; width: 100%;\">\n            <\/a>\n                                \n\n        <div class=\"destacado\">\n                    <a class=\"categoria\" href=\"https:\/\/ww16.ce.gov.br\/crede17-seduc\/categoria\/editais-e-chamadas-publicas\/\">Editais e Chamadas P\u00fablicas<\/a>\n                <a href=\"https:\/\/ww16.ce.gov.br\/crede17-seduc\/2026\/03\/09\/selecao-publica-para-carencias-temporarias-de-professores-2026-1\/\">\n                        <h2 class=\"-bold\">Sele\u00e7\u00e3o P\u00fablica para Car\u00eancias Tempor\u00e1rias de Professores 2026.1<\/h2>\n                    <\/a>\n    <\/div><hr \/>\n    \n\n        <div class=\"destacado\">\n                    <a class=\"categoria\" href=\"https:\/\/ww16.ce.gov.br\/crede17-seduc\/categoria\/sem-categoria\/\">Sem categoria<\/a>\n                <a href=\"https:\/\/ww16.ce.gov.br\/crede17-seduc\/2026\/03\/09\/regulamento-ceara-cientifico-2026\/\">\n                            <h3>Regulamento CEAR\u00c1 CIENT\u00cdFICO 2026<\/h3>\n                    <\/a>\n    <\/div><hr \/>\n    \n\n        <div class=\"destacado\">\n                    <a class=\"categoria\" href=\"https:\/\/ww16.ce.gov.br\/crede17-seduc\/categoria\/comunicado-oficial\/\">COMUNICADO OFICIAL<\/a>\n                <a href=\"https:\/\/ww16.ce.gov.br\/crede17-seduc\/2026\/03\/09\/crede-17-orienta-escolas-sobre-envio-do-relatorio-anual-de-atividades-ano-base-2025\/\">\n                            <h3>CREDE 17 orienta escolas sobre envio do Relat\u00f3rio Anual de Atividades \u2013 Ano Base 2025<\/h3>\n                    <\/a>\n    <\/div><hr \/>\n    \n        \n    <\/div>\n\n<\/div>\n\n<span id=\"destaques\" class=\"ancora-vazia\"><\/span>\n<p>&nbsp;<\/p>\n","protected":false},"excerpt":{"rendered":"<p>&nbsp;<\/p>\n","protected":false},"author":38,"featured_media":0,"parent":121,"menu_order":0,"comment_status":"closed","ping_status":"closed","template":"","meta":{"_acf_changed":false,"inline_featured_image":false,"footnotes":""},"class_list":["post-28","page","type-page","status-publish","hentry"],"acf":[],"yoast_head":"<!-- This site is optimized with the Yoast SEO plugin v26.9 - https:\/\/yoast.com\/product\/yoast-seo-wordpress\/ -->\n<title>\u00daltimas Not\u00edcias - CREDE17-SEDUC<\/title>\n<meta name=\"robots\" content=\"index, follow, max-snippet:-1, max-image-preview:large, max-video-preview:-1\" \/>\n<link rel=\"canonical\" href=\"https:\/\/ww16.ce.gov.br\/crede17-seduc\/imprensa\/ultimas-noticias\/\" \/>\n<meta property=\"og:locale\" content=\"pt_BR\" \/>\n<meta property=\"og:type\" content=\"article\" \/>\n<meta property=\"og:title\" content=\"\u00daltimas Not\u00edcias - CREDE17-SEDUC\" \/>\n<meta property=\"og:description\" content=\"&nbsp;\" \/>\n<meta property=\"og:url\" content=\"https:\/\/ww16.ce.gov.br\/crede17-seduc\/imprensa\/ultimas-noticias\/\" \/>\n<meta property=\"og:site_name\" content=\"CREDE17-SEDUC\" \/>\n<meta property=\"article:modified_time\" content=\"2024-08-13T13:42:33+00:00\" \/>\n<meta name=\"twitter:card\" content=\"summary_large_image\" \/>\n<meta name=\"twitter:label1\" content=\"Est. reading time\" \/>\n\t<meta name=\"twitter:data1\" content=\"1 minuto\" \/>\n<script type=\"application\/ld+json\" class=\"yoast-schema-graph\">{\"@context\":\"https:\/\/schema.org\",\"@graph\":[{\"@type\":\"WebPage\",\"@id\":\"https:\/\/ww16.ce.gov.br\/crede17-seduc\/imprensa\/ultimas-noticias\/\",\"url\":\"https:\/\/ww16.ce.gov.br\/crede17-seduc\/imprensa\/ultimas-noticias\/\",\"name\":\"\u00daltimas Not\u00edcias - CREDE17-SEDUC\",\"isPartOf\":{\"@id\":\"https:\/\/ww16.ce.gov.br\/crede17-seduc\/#website\"},\"datePublished\":\"2017-11-20T14:57:39+00:00\",\"dateModified\":\"2024-08-13T13:42:33+00:00\",\"breadcrumb\":{\"@id\":\"https:\/\/ww16.ce.gov.br\/crede17-seduc\/imprensa\/ultimas-noticias\/#breadcrumb\"},\"inLanguage\":\"pt-BR\",\"potentialAction\":[{\"@type\":\"ReadAction\",\"target\":[\"https:\/\/ww16.ce.gov.br\/crede17-seduc\/imprensa\/ultimas-noticias\/\"]}]},{\"@type\":\"BreadcrumbList\",\"@id\":\"https:\/\/ww16.ce.gov.br\/crede17-seduc\/imprensa\/ultimas-noticias\/#breadcrumb\",\"itemListElement\":[{\"@type\":\"ListItem\",\"position\":1,\"name\":\"In\u00edcio\",\"item\":\"https:\/\/ww16.ce.gov.br\/crede17-seduc\/\"},{\"@type\":\"ListItem\",\"position\":2,\"name\":\"P\u00e1gina Inicial\",\"item\":\"https:\/\/ww16.ce.gov.br\/crede17-seduc\/\"},{\"@type\":\"ListItem\",\"position\":3,\"name\":\"\u00daltimas Not\u00edcias\"}]},{\"@type\":\"WebSite\",\"@id\":\"https:\/\/ww16.ce.gov.br\/crede17-seduc\/#website\",\"url\":\"https:\/\/ww16.ce.gov.br\/crede17-seduc\/\",\"name\":\"CREDE17-SEDUC\",\"description\":\"Portal CREDE17-SEDUC\",\"potentialAction\":[{\"@type\":\"SearchAction\",\"target\":{\"@type\":\"EntryPoint\",\"urlTemplate\":\"https:\/\/ww16.ce.gov.br\/crede17-seduc\/?s={search_term_string}\"},\"query-input\":{\"@type\":\"PropertyValueSpecification\",\"valueRequired\":true,\"valueName\":\"search_term_string\"}}],\"inLanguage\":\"pt-BR\"}]}<\/script>\n<!-- \/ Yoast SEO plugin. -->","yoast_head_json":{"title":"\u00daltimas Not\u00edcias - CREDE17-SEDUC","robots":{"index":"index","follow":"follow","max-snippet":"max-snippet:-1","max-image-preview":"max-image-preview:large","max-video-preview":"max-video-preview:-1"},"canonical":"https:\/\/ww16.ce.gov.br\/crede17-seduc\/imprensa\/ultimas-noticias\/","og_locale":"pt_BR","og_type":"article","og_title":"\u00daltimas Not\u00edcias - CREDE17-SEDUC","og_description":"&nbsp;","og_url":"https:\/\/ww16.ce.gov.br\/crede17-seduc\/imprensa\/ultimas-noticias\/","og_site_name":"CREDE17-SEDUC","article_modified_time":"2024-08-13T13:42:33+00:00","twitter_card":"summary_large_image","twitter_misc":{"Est. reading time":"1 minuto"},"schema":{"@context":"https:\/\/schema.org","@graph":[{"@type":"WebPage","@id":"https:\/\/ww16.ce.gov.br\/crede17-seduc\/imprensa\/ultimas-noticias\/","url":"https:\/\/ww16.ce.gov.br\/crede17-seduc\/imprensa\/ultimas-noticias\/","name":"\u00daltimas Not\u00edcias - CREDE17-SEDUC","isPartOf":{"@id":"https:\/\/ww16.ce.gov.br\/crede17-seduc\/#website"},"datePublished":"2017-11-20T14:57:39+00:00","dateModified":"2024-08-13T13:42:33+00:00","breadcrumb":{"@id":"https:\/\/ww16.ce.gov.br\/crede17-seduc\/imprensa\/ultimas-noticias\/#breadcrumb"},"inLanguage":"pt-BR","potentialAction":[{"@type":"ReadAction","target":["https:\/\/ww16.ce.gov.br\/crede17-seduc\/imprensa\/ultimas-noticias\/"]}]},{"@type":"BreadcrumbList","@id":"https:\/\/ww16.ce.gov.br\/crede17-seduc\/imprensa\/ultimas-noticias\/#breadcrumb","itemListElement":[{"@type":"ListItem","position":1,"name":"In\u00edcio","item":"https:\/\/ww16.ce.gov.br\/crede17-seduc\/"},{"@type":"ListItem","position":2,"name":"P\u00e1gina Inicial","item":"https:\/\/ww16.ce.gov.br\/crede17-seduc\/"},{"@type":"ListItem","position":3,"name":"\u00daltimas Not\u00edcias"}]},{"@type":"WebSite","@id":"https:\/\/ww16.ce.gov.br\/crede17-seduc\/#website","url":"https:\/\/ww16.ce.gov.br\/crede17-seduc\/","name":"CREDE17-SEDUC","description":"Portal CREDE17-SEDUC","potentialAction":[{"@type":"SearchAction","target":{"@type":"EntryPoint","urlTemplate":"https:\/\/ww16.ce.gov.br\/crede17-seduc\/?s={search_term_string}"},"query-input":{"@type":"PropertyValueSpecification","valueRequired":true,"valueName":"search_term_string"}}],"inLanguage":"pt-BR"}]}},"_links":{"self":[{"href":"https:\/\/ww16.ce.gov.br\/crede17-seduc\/wp-json\/wp\/v2\/pages\/28","targetHints":{"allow":["GET"]}}],"collection":[{"href":"https:\/\/ww16.ce.gov.br\/crede17-seduc\/wp-json\/wp\/v2\/pages"}],"about":[{"href":"https:\/\/ww16.ce.gov.br\/crede17-seduc\/wp-json\/wp\/v2\/types\/page"}],"author":[{"embeddable":true,"href":"https:\/\/ww16.ce.gov.br\/crede17-seduc\/wp-json\/wp\/v2\/users\/38"}],"replies":[{"embeddable":true,"href":"https:\/\/ww16.ce.gov.br\/crede17-seduc\/wp-json\/wp\/v2\/comments?post=28"}],"version-history":[{"count":10,"href":"https:\/\/ww16.ce.gov.br\/crede17-seduc\/wp-json\/wp\/v2\/pages\/28\/revisions"}],"predecessor-version":[{"id":7099,"href":"https:\/\/ww16.ce.gov.br\/crede17-seduc\/wp-json\/wp\/v2\/pages\/28\/revisions\/7099"}],"up":[{"embeddable":true,"href":"https:\/\/ww16.ce.gov.br\/crede17-seduc\/wp-json\/wp\/v2\/pages\/121"}],"wp:attachment":[{"href":"https:\/\/ww16.ce.gov.br\/crede17-seduc\/wp-json\/wp\/v2\/media?parent=28"}],"curies":[{"name":"wp","href":"https:\/\/api.w.org\/{rel}","templated":true}]}}