{"id":136,"date":"2017-11-21T16:36:42","date_gmt":"2017-11-21T18:36:42","guid":{"rendered":"http:\/\/www.ceara.gov.br\/crede17\/?page_id=136"},"modified":"2026-02-02T13:59:14","modified_gmt":"2026-02-02T16:59:14","slug":"destaques","status":"publish","type":"page","link":"https:\/\/ww16.ce.gov.br\/crede17-seduc\/imprensa\/destaques\/","title":{"rendered":"Destaques"},"content":{"rendered":"\n\n<div class=\"CardsDestaque  NoticiasDestaque\">\n    <h2 class=\"-SmallTitle  -bold\"> <\/h2>\n                        <a class=\"CardNoticia\" href=\"https:\/\/ww16.ce.gov.br\/crede17-seduc\/2026\/03\/09\/selecao-publica-para-carencias-temporarias-de-professores-2026-1\/\">\n                <figure>\n                    <div class=\"borda\">\n                        <img decoding=\"async\" src=\"https:\/\/ww16.ce.gov.br\/crede17-seduc\/wp-content\/uploads\/sites\/111\/2026\/02\/rect240-170x230.png\" class=\"attachment-destaque size-destaque\" alt=\"Sele\u00e7\u00e3o P\u00fablica para Car\u00eancias Tempor\u00e1rias de Professores 2026.1\" \/>                    <\/div>\n                    <figcaption>\n                                                                            <p>Sele\u00e7\u00e3o P\u00fablica para Car\u00eancias Tempor\u00e1rias de Professores 2026.1<\/p>\n                                            <\/figcaption>\n                <\/figure>\n            <\/a>\n                    <a class=\"CardNoticia\" href=\"https:\/\/ww16.ce.gov.br\/crede17-seduc\/2023\/01\/02\/ceara-educa-mais\/\">\n                <figure>\n                    <div class=\"borda\">\n                        <img decoding=\"async\" src=\"https:\/\/ww16.ce.gov.br\/crede17-seduc\/wp-content\/uploads\/sites\/111\/2026\/01\/rect238-1-170x230.png\" class=\"attachment-destaque size-destaque\" alt=\"Cear\u00e1 Educa Mais\" \/>                    <\/div>\n                    <figcaption>\n                                                                            <p>Cear\u00e1 Educa Mais<\/p>\n                                            <\/figcaption>\n                <\/figure>\n            <\/a>\n                    <a class=\"CardNoticia\" href=\"https:\/\/ww16.ce.gov.br\/crede17-seduc\/2023\/01\/02\/enem-chego-junto-chego-bem\/\">\n                <figure>\n                    <div class=\"borda\">\n                        <img decoding=\"async\" src=\"https:\/\/ww16.ce.gov.br\/crede17-seduc\/wp-content\/uploads\/sites\/111\/2026\/01\/rect237-170x230.png\" class=\"attachment-destaque size-destaque\" alt=\"Enem Chego Junto Chego Bem\" \/>                    <\/div>\n                    <figcaption>\n                                                                            <p>Enem Chego Junto Chego Bem<\/p>\n                                            <\/figcaption>\n                <\/figure>\n            <\/a>\n                    <a class=\"CardNoticia\" href=\"https:\/\/ww16.ce.gov.br\/crede17-seduc\/2021\/02\/01\/spaece\/\">\n                <figure>\n                    <div class=\"borda\">\n                        <img decoding=\"async\" src=\"https:\/\/ww16.ce.gov.br\/crede17-seduc\/wp-content\/uploads\/sites\/111\/2021\/02\/rect238-170x230.png\" class=\"attachment-destaque size-destaque\" alt=\"Spaece\" \/>                    <\/div>\n                    <figcaption>\n                                                                            <p>Spaece<\/p>\n                                            <\/figcaption>\n                <\/figure>\n            <\/a>\n                    <a class=\"CardNoticia\" href=\"https:\/\/ww16.ce.gov.br\/crede17-seduc\/2021\/01\/29\/gestao-de-pessoas\/\">\n                <figure>\n                    <div class=\"borda\">\n                        <img decoding=\"async\" src=\"https:\/\/ww16.ce.gov.br\/crede17-seduc\/wp-content\/uploads\/sites\/111\/2026\/01\/rect236-170x230.png\" class=\"attachment-destaque size-destaque\" alt=\"Gest\u00e3o de Pessoas\" \/>                    <\/div>\n                    <figcaption>\n                                                                            <p>Gest\u00e3o de Pessoas<\/p>\n                                            <\/figcaption>\n                <\/figure>\n            <\/a>\n                    <a class=\"CardNoticia\" href=\"https:\/\/ww16.ce.gov.br\/crede17-seduc\/2021\/01\/29\/indicadores-de-resultado\/\">\n                <figure>\n                    <div class=\"borda\">\n                        <img decoding=\"async\" src=\"https:\/\/ww16.ce.gov.br\/crede17-seduc\/wp-content\/uploads\/sites\/111\/2026\/01\/rect235-170x230.png\" class=\"attachment-destaque size-destaque\" alt=\"Indicadores de Resultado\" \/>                    <\/div>\n                    <figcaption>\n                                                                            <p>Indicadores de Resultado<\/p>\n                                            <\/figcaption>\n                <\/figure>\n            <\/a>\n                    <a class=\"CardNoticia\" href=\"https:\/\/ww16.ce.gov.br\/crede17-seduc\/2020\/01\/29\/legislacao\/\">\n                <figure>\n                    <div class=\"borda\">\n                        <img decoding=\"async\" src=\"https:\/\/ww16.ce.gov.br\/crede17-seduc\/wp-content\/uploads\/sites\/111\/2020\/01\/rect234-1-170x230.png\" class=\"attachment-destaque size-destaque\" alt=\"Legisla\u00e7\u00e3o\" \/>                    <\/div>\n                    <figcaption>\n                                                                            <p>Legisla\u00e7\u00e3o<\/p>\n                                            <\/figcaption>\n                <\/figure>\n            <\/a>\n            <\/div>\n","protected":false},"excerpt":{"rendered":"","protected":false},"author":38,"featured_media":0,"parent":121,"menu_order":10,"comment_status":"closed","ping_status":"closed","template":"","meta":{"_acf_changed":false,"inline_featured_image":false,"footnotes":""},"class_list":["post-136","page","type-page","status-publish","hentry"],"acf":[],"yoast_head":"<!-- This site is optimized with the Yoast SEO plugin v26.9 - https:\/\/yoast.com\/product\/yoast-seo-wordpress\/ -->\n<title>Destaques - CREDE17-SEDUC<\/title>\n<meta name=\"robots\" content=\"index, follow, max-snippet:-1, max-image-preview:large, max-video-preview:-1\" \/>\n<link rel=\"canonical\" href=\"https:\/\/ww16.ce.gov.br\/crede17-seduc\/imprensa\/destaques\/\" \/>\n<meta property=\"og:locale\" content=\"pt_BR\" \/>\n<meta property=\"og:type\" content=\"article\" \/>\n<meta property=\"og:title\" content=\"Destaques - CREDE17-SEDUC\" \/>\n<meta property=\"og:url\" content=\"https:\/\/ww16.ce.gov.br\/crede17-seduc\/imprensa\/destaques\/\" \/>\n<meta property=\"og:site_name\" content=\"CREDE17-SEDUC\" \/>\n<meta property=\"article:modified_time\" content=\"2026-02-02T16:59:14+00:00\" \/>\n<meta name=\"twitter:card\" content=\"summary_large_image\" \/>\n<meta name=\"twitter:label1\" content=\"Est. reading time\" \/>\n\t<meta name=\"twitter:data1\" content=\"1 minuto\" \/>\n<script type=\"application\/ld+json\" class=\"yoast-schema-graph\">{\"@context\":\"https:\/\/schema.org\",\"@graph\":[{\"@type\":\"WebPage\",\"@id\":\"https:\/\/ww16.ce.gov.br\/crede17-seduc\/imprensa\/destaques\/\",\"url\":\"https:\/\/ww16.ce.gov.br\/crede17-seduc\/imprensa\/destaques\/\",\"name\":\"Destaques - CREDE17-SEDUC\",\"isPartOf\":{\"@id\":\"https:\/\/ww16.ce.gov.br\/crede17-seduc\/#website\"},\"datePublished\":\"2017-11-21T18:36:42+00:00\",\"dateModified\":\"2026-02-02T16:59:14+00:00\",\"breadcrumb\":{\"@id\":\"https:\/\/ww16.ce.gov.br\/crede17-seduc\/imprensa\/destaques\/#breadcrumb\"},\"inLanguage\":\"pt-BR\",\"potentialAction\":[{\"@type\":\"ReadAction\",\"target\":[\"https:\/\/ww16.ce.gov.br\/crede17-seduc\/imprensa\/destaques\/\"]}]},{\"@type\":\"BreadcrumbList\",\"@id\":\"https:\/\/ww16.ce.gov.br\/crede17-seduc\/imprensa\/destaques\/#breadcrumb\",\"itemListElement\":[{\"@type\":\"ListItem\",\"position\":1,\"name\":\"In\u00edcio\",\"item\":\"https:\/\/ww16.ce.gov.br\/crede17-seduc\/\"},{\"@type\":\"ListItem\",\"position\":2,\"name\":\"P\u00e1gina Inicial\",\"item\":\"https:\/\/ww16.ce.gov.br\/crede17-seduc\/\"},{\"@type\":\"ListItem\",\"position\":3,\"name\":\"Destaques\"}]},{\"@type\":\"WebSite\",\"@id\":\"https:\/\/ww16.ce.gov.br\/crede17-seduc\/#website\",\"url\":\"https:\/\/ww16.ce.gov.br\/crede17-seduc\/\",\"name\":\"CREDE17-SEDUC\",\"description\":\"Portal CREDE17-SEDUC\",\"potentialAction\":[{\"@type\":\"SearchAction\",\"target\":{\"@type\":\"EntryPoint\",\"urlTemplate\":\"https:\/\/ww16.ce.gov.br\/crede17-seduc\/?s={search_term_string}\"},\"query-input\":{\"@type\":\"PropertyValueSpecification\",\"valueRequired\":true,\"valueName\":\"search_term_string\"}}],\"inLanguage\":\"pt-BR\"}]}<\/script>\n<!-- \/ Yoast SEO plugin. -->","yoast_head_json":{"title":"Destaques - CREDE17-SEDUC","robots":{"index":"index","follow":"follow","max-snippet":"max-snippet:-1","max-image-preview":"max-image-preview:large","max-video-preview":"max-video-preview:-1"},"canonical":"https:\/\/ww16.ce.gov.br\/crede17-seduc\/imprensa\/destaques\/","og_locale":"pt_BR","og_type":"article","og_title":"Destaques - CREDE17-SEDUC","og_url":"https:\/\/ww16.ce.gov.br\/crede17-seduc\/imprensa\/destaques\/","og_site_name":"CREDE17-SEDUC","article_modified_time":"2026-02-02T16:59:14+00:00","twitter_card":"summary_large_image","twitter_misc":{"Est. reading time":"1 minuto"},"schema":{"@context":"https:\/\/schema.org","@graph":[{"@type":"WebPage","@id":"https:\/\/ww16.ce.gov.br\/crede17-seduc\/imprensa\/destaques\/","url":"https:\/\/ww16.ce.gov.br\/crede17-seduc\/imprensa\/destaques\/","name":"Destaques - CREDE17-SEDUC","isPartOf":{"@id":"https:\/\/ww16.ce.gov.br\/crede17-seduc\/#website"},"datePublished":"2017-11-21T18:36:42+00:00","dateModified":"2026-02-02T16:59:14+00:00","breadcrumb":{"@id":"https:\/\/ww16.ce.gov.br\/crede17-seduc\/imprensa\/destaques\/#breadcrumb"},"inLanguage":"pt-BR","potentialAction":[{"@type":"ReadAction","target":["https:\/\/ww16.ce.gov.br\/crede17-seduc\/imprensa\/destaques\/"]}]},{"@type":"BreadcrumbList","@id":"https:\/\/ww16.ce.gov.br\/crede17-seduc\/imprensa\/destaques\/#breadcrumb","itemListElement":[{"@type":"ListItem","position":1,"name":"In\u00edcio","item":"https:\/\/ww16.ce.gov.br\/crede17-seduc\/"},{"@type":"ListItem","position":2,"name":"P\u00e1gina Inicial","item":"https:\/\/ww16.ce.gov.br\/crede17-seduc\/"},{"@type":"ListItem","position":3,"name":"Destaques"}]},{"@type":"WebSite","@id":"https:\/\/ww16.ce.gov.br\/crede17-seduc\/#website","url":"https:\/\/ww16.ce.gov.br\/crede17-seduc\/","name":"CREDE17-SEDUC","description":"Portal CREDE17-SEDUC","potentialAction":[{"@type":"SearchAction","target":{"@type":"EntryPoint","urlTemplate":"https:\/\/ww16.ce.gov.br\/crede17-seduc\/?s={search_term_string}"},"query-input":{"@type":"PropertyValueSpecification","valueRequired":true,"valueName":"search_term_string"}}],"inLanguage":"pt-BR"}]}},"_links":{"self":[{"href":"https:\/\/ww16.ce.gov.br\/crede17-seduc\/wp-json\/wp\/v2\/pages\/136","targetHints":{"allow":["GET"]}}],"collection":[{"href":"https:\/\/ww16.ce.gov.br\/crede17-seduc\/wp-json\/wp\/v2\/pages"}],"about":[{"href":"https:\/\/ww16.ce.gov.br\/crede17-seduc\/wp-json\/wp\/v2\/types\/page"}],"author":[{"embeddable":true,"href":"https:\/\/ww16.ce.gov.br\/crede17-seduc\/wp-json\/wp\/v2\/users\/38"}],"replies":[{"embeddable":true,"href":"https:\/\/ww16.ce.gov.br\/crede17-seduc\/wp-json\/wp\/v2\/comments?post=136"}],"version-history":[{"count":49,"href":"https:\/\/ww16.ce.gov.br\/crede17-seduc\/wp-json\/wp\/v2\/pages\/136\/revisions"}],"predecessor-version":[{"id":8734,"href":"https:\/\/ww16.ce.gov.br\/crede17-seduc\/wp-json\/wp\/v2\/pages\/136\/revisions\/8734"}],"up":[{"embeddable":true,"href":"https:\/\/ww16.ce.gov.br\/crede17-seduc\/wp-json\/wp\/v2\/pages\/121"}],"wp:attachment":[{"href":"https:\/\/ww16.ce.gov.br\/crede17-seduc\/wp-json\/wp\/v2\/media?parent=136"}],"curies":[{"name":"wp","href":"https:\/\/api.w.org\/{rel}","templated":true}]}}