{"id":9380,"date":"2024-01-09T16:37:49","date_gmt":"2024-01-09T19:37:49","guid":{"rendered":"http:\/\/ww16.ce.gov.br\/crede10-seduc\/?page_id=9380"},"modified":"2024-01-11T13:51:37","modified_gmt":"2024-01-11T16:51:37","slug":"cci-2","status":"publish","type":"page","link":"https:\/\/ww16.ce.gov.br\/crede10-seduc\/cci-2\/","title":{"rendered":"CCI"},"content":{"rendered":"<p>&nbsp;<\/p>\n<ul>\n<li>\n<h4><strong>CENTRO CEARENSE DE IDIOMAS UNIDADE &#8211; ARACATI<\/strong><\/h4>\n<\/li>\n<\/ul>\n<p><strong>INEP: 23000249<br \/>\n<\/strong><\/p>\n<p><strong>Diretora:<\/strong> Dulcimaria Porto Carrero Pinheiro<\/p>\n<p><strong>Endere\u00e7o:\u00a0<\/strong>Rua Coronel Alexandrino 1748 Sala 12 Centro Aracati -CE<\/p>\n<p>Cep: 62800-000<\/p>\n<p><strong>Telefone:<\/strong><\/p>\n<p><strong>E-Mail: <\/strong>cciaracati@escola.ce.gov.br<\/p>\n<p>&nbsp;<\/p>\n<ul>\n<li>\n<h4><strong>CENTRO CEARENSE DE IDIOMAS UNIDADE\u00a0 &#8211; RUSSAS<\/strong><\/h4>\n<\/li>\n<\/ul>\n<p><strong>INEP: 23000263<br \/>\n<\/strong><\/p>\n<p><strong>Diretor:<\/strong> Maur\u00edcio de Almeida Vale Filho<\/p>\n<p><strong>Endere\u00e7o: <\/strong>Avenida Coronel Ara\u00fajo Lima, 768, Centro, Russas-CE<strong><br \/>\n<\/strong><\/p>\n<p>Cep: 62900-000<\/p>\n<p><strong>Telefone:\u00a0<\/strong><\/p>\n<p><strong>E-Mail: <\/strong>ccirussas@escola.ce.gov.br<strong><br \/>\n<\/strong><\/p>\n<p>&nbsp;<\/p>\n<p>&nbsp;<\/p>\n","protected":false},"excerpt":{"rendered":"<p>&nbsp; CENTRO CEARENSE DE IDIOMAS UNIDADE &#8211; ARACATI INEP: 23000249 Diretora: Dulcimaria Porto Carrero Pinheiro Endere\u00e7o:\u00a0Rua Coronel Alexandrino 1748 Sala 12 Centro Aracati -CE Cep: 62800-000 Telefone: E-Mail: cciaracati@escola.ce.gov.br &nbsp; CENTRO CEARENSE DE IDIOMAS UNIDADE\u00a0 &#8211; RUSSAS INEP: 23000263 Diretor: Maur\u00edcio de Almeida Vale Filho Endere\u00e7o: Avenida Coronel Ara\u00fajo Lima, 768, Centro, Russas-CE Cep: 62900-000 [&hellip;]<\/p>\n","protected":false},"author":715,"featured_media":0,"parent":0,"menu_order":0,"comment_status":"closed","ping_status":"closed","template":"","meta":{"_acf_changed":false,"inline_featured_image":false,"footnotes":""},"class_list":["post-9380","page","type-page","status-publish","hentry"],"acf":[],"yoast_head":"<!-- This site is optimized with the Yoast SEO plugin v26.9 - https:\/\/yoast.com\/product\/yoast-seo-wordpress\/ -->\n<title>CCI - CREDE10-SEDUC<\/title>\n<meta name=\"robots\" content=\"index, follow, max-snippet:-1, max-image-preview:large, max-video-preview:-1\" \/>\n<link rel=\"canonical\" href=\"https:\/\/ww16.ce.gov.br\/crede10-seduc\/cci-2\/\" \/>\n<meta property=\"og:locale\" content=\"pt_BR\" \/>\n<meta property=\"og:type\" content=\"article\" \/>\n<meta property=\"og:title\" content=\"CCI - CREDE10-SEDUC\" \/>\n<meta property=\"og:description\" content=\"&nbsp; CENTRO CEARENSE DE IDIOMAS UNIDADE &#8211; ARACATI INEP: 23000249 Diretora: Dulcimaria Porto Carrero Pinheiro Endere\u00e7o:\u00a0Rua Coronel Alexandrino 1748 Sala 12 Centro Aracati -CE Cep: 62800-000 Telefone: E-Mail: cciaracati@escola.ce.gov.br &nbsp; CENTRO CEARENSE DE IDIOMAS UNIDADE\u00a0 &#8211; RUSSAS INEP: 23000263 Diretor: Maur\u00edcio de Almeida Vale Filho Endere\u00e7o: Avenida Coronel Ara\u00fajo Lima, 768, Centro, Russas-CE Cep: 62900-000 [&hellip;]\" \/>\n<meta property=\"og:url\" content=\"https:\/\/ww16.ce.gov.br\/crede10-seduc\/cci-2\/\" \/>\n<meta property=\"og:site_name\" content=\"CREDE10-SEDUC\" \/>\n<meta property=\"article:modified_time\" content=\"2024-01-11T16:51:37+00:00\" \/>\n<meta name=\"twitter:card\" content=\"summary_large_image\" \/>\n<meta name=\"twitter:label1\" content=\"Est. reading time\" \/>\n\t<meta name=\"twitter:data1\" content=\"1 minuto\" \/>\n<script type=\"application\/ld+json\" class=\"yoast-schema-graph\">{\"@context\":\"https:\/\/schema.org\",\"@graph\":[{\"@type\":\"WebPage\",\"@id\":\"https:\/\/ww16.ce.gov.br\/crede10-seduc\/cci-2\/\",\"url\":\"https:\/\/ww16.ce.gov.br\/crede10-seduc\/cci-2\/\",\"name\":\"CCI - CREDE10-SEDUC\",\"isPartOf\":{\"@id\":\"https:\/\/ww16.ce.gov.br\/crede10-seduc\/#website\"},\"datePublished\":\"2024-01-09T19:37:49+00:00\",\"dateModified\":\"2024-01-11T16:51:37+00:00\",\"breadcrumb\":{\"@id\":\"https:\/\/ww16.ce.gov.br\/crede10-seduc\/cci-2\/#breadcrumb\"},\"inLanguage\":\"pt-BR\",\"potentialAction\":[{\"@type\":\"ReadAction\",\"target\":[\"https:\/\/ww16.ce.gov.br\/crede10-seduc\/cci-2\/\"]}]},{\"@type\":\"BreadcrumbList\",\"@id\":\"https:\/\/ww16.ce.gov.br\/crede10-seduc\/cci-2\/#breadcrumb\",\"itemListElement\":[{\"@type\":\"ListItem\",\"position\":1,\"name\":\"In\u00edcio\",\"item\":\"https:\/\/ww16.ce.gov.br\/crede10-seduc\/\"},{\"@type\":\"ListItem\",\"position\":2,\"name\":\"CCI\"}]},{\"@type\":\"WebSite\",\"@id\":\"https:\/\/ww16.ce.gov.br\/crede10-seduc\/#website\",\"url\":\"https:\/\/ww16.ce.gov.br\/crede10-seduc\/\",\"name\":\"CREDE10-SEDUC\",\"description\":\"Portal CREDE10-SEDUC\",\"potentialAction\":[{\"@type\":\"SearchAction\",\"target\":{\"@type\":\"EntryPoint\",\"urlTemplate\":\"https:\/\/ww16.ce.gov.br\/crede10-seduc\/?s={search_term_string}\"},\"query-input\":{\"@type\":\"PropertyValueSpecification\",\"valueRequired\":true,\"valueName\":\"search_term_string\"}}],\"inLanguage\":\"pt-BR\"}]}<\/script>\n<!-- \/ Yoast SEO plugin. -->","yoast_head_json":{"title":"CCI - CREDE10-SEDUC","robots":{"index":"index","follow":"follow","max-snippet":"max-snippet:-1","max-image-preview":"max-image-preview:large","max-video-preview":"max-video-preview:-1"},"canonical":"https:\/\/ww16.ce.gov.br\/crede10-seduc\/cci-2\/","og_locale":"pt_BR","og_type":"article","og_title":"CCI - CREDE10-SEDUC","og_description":"&nbsp; CENTRO CEARENSE DE IDIOMAS UNIDADE &#8211; ARACATI INEP: 23000249 Diretora: Dulcimaria Porto Carrero Pinheiro Endere\u00e7o:\u00a0Rua Coronel Alexandrino 1748 Sala 12 Centro Aracati -CE Cep: 62800-000 Telefone: E-Mail: cciaracati@escola.ce.gov.br &nbsp; CENTRO CEARENSE DE IDIOMAS UNIDADE\u00a0 &#8211; RUSSAS INEP: 23000263 Diretor: Maur\u00edcio de Almeida Vale Filho Endere\u00e7o: Avenida Coronel Ara\u00fajo Lima, 768, Centro, Russas-CE Cep: 62900-000 [&hellip;]","og_url":"https:\/\/ww16.ce.gov.br\/crede10-seduc\/cci-2\/","og_site_name":"CREDE10-SEDUC","article_modified_time":"2024-01-11T16:51:37+00:00","twitter_card":"summary_large_image","twitter_misc":{"Est. reading time":"1 minuto"},"schema":{"@context":"https:\/\/schema.org","@graph":[{"@type":"WebPage","@id":"https:\/\/ww16.ce.gov.br\/crede10-seduc\/cci-2\/","url":"https:\/\/ww16.ce.gov.br\/crede10-seduc\/cci-2\/","name":"CCI - CREDE10-SEDUC","isPartOf":{"@id":"https:\/\/ww16.ce.gov.br\/crede10-seduc\/#website"},"datePublished":"2024-01-09T19:37:49+00:00","dateModified":"2024-01-11T16:51:37+00:00","breadcrumb":{"@id":"https:\/\/ww16.ce.gov.br\/crede10-seduc\/cci-2\/#breadcrumb"},"inLanguage":"pt-BR","potentialAction":[{"@type":"ReadAction","target":["https:\/\/ww16.ce.gov.br\/crede10-seduc\/cci-2\/"]}]},{"@type":"BreadcrumbList","@id":"https:\/\/ww16.ce.gov.br\/crede10-seduc\/cci-2\/#breadcrumb","itemListElement":[{"@type":"ListItem","position":1,"name":"In\u00edcio","item":"https:\/\/ww16.ce.gov.br\/crede10-seduc\/"},{"@type":"ListItem","position":2,"name":"CCI"}]},{"@type":"WebSite","@id":"https:\/\/ww16.ce.gov.br\/crede10-seduc\/#website","url":"https:\/\/ww16.ce.gov.br\/crede10-seduc\/","name":"CREDE10-SEDUC","description":"Portal CREDE10-SEDUC","potentialAction":[{"@type":"SearchAction","target":{"@type":"EntryPoint","urlTemplate":"https:\/\/ww16.ce.gov.br\/crede10-seduc\/?s={search_term_string}"},"query-input":{"@type":"PropertyValueSpecification","valueRequired":true,"valueName":"search_term_string"}}],"inLanguage":"pt-BR"}]}},"_links":{"self":[{"href":"https:\/\/ww16.ce.gov.br\/crede10-seduc\/wp-json\/wp\/v2\/pages\/9380","targetHints":{"allow":["GET"]}}],"collection":[{"href":"https:\/\/ww16.ce.gov.br\/crede10-seduc\/wp-json\/wp\/v2\/pages"}],"about":[{"href":"https:\/\/ww16.ce.gov.br\/crede10-seduc\/wp-json\/wp\/v2\/types\/page"}],"author":[{"embeddable":true,"href":"https:\/\/ww16.ce.gov.br\/crede10-seduc\/wp-json\/wp\/v2\/users\/715"}],"replies":[{"embeddable":true,"href":"https:\/\/ww16.ce.gov.br\/crede10-seduc\/wp-json\/wp\/v2\/comments?post=9380"}],"version-history":[{"count":5,"href":"https:\/\/ww16.ce.gov.br\/crede10-seduc\/wp-json\/wp\/v2\/pages\/9380\/revisions"}],"predecessor-version":[{"id":9409,"href":"https:\/\/ww16.ce.gov.br\/crede10-seduc\/wp-json\/wp\/v2\/pages\/9380\/revisions\/9409"}],"wp:attachment":[{"href":"https:\/\/ww16.ce.gov.br\/crede10-seduc\/wp-json\/wp\/v2\/media?parent=9380"}],"curies":[{"name":"wp","href":"https:\/\/api.w.org\/{rel}","templated":true}]}}