{"id":7306,"date":"2021-09-17T09:18:03","date_gmt":"2021-09-17T12:18:03","guid":{"rendered":"http:\/\/www.crede10.seduc.ce.gov.br\/?page_id=7306"},"modified":"2021-09-17T09:18:03","modified_gmt":"2021-09-17T12:18:03","slug":"perguntas-frequentes","status":"publish","type":"page","link":"https:\/\/ww16.ce.gov.br\/crede10-seduc\/acesso-a-informacao-2\/perguntas-frequentes\/","title":{"rendered":"Perguntas Frequentes"},"content":{"rendered":"<h2 class=\"-laranja\"><strong>Perguntas Frequentes<\/strong><\/h2>\n<p>&nbsp;<\/p>\n<h3 class=\"destacado\"><a href=\"https:\/\/www.seduc.ce.gov.br\/2015\/03\/23\/documentacao-escolar\/\" target=\"_blank\" rel=\"noopener\"><strong>Pedidos de documenta\u00e7\u00e3o escolar<\/strong><\/a><\/h3>\n<p>&nbsp;<\/p>\n<p style=\"text-align: justify\">A Secretaria da Educa\u00e7\u00e3o (Seduc) oferece online a emiss\u00e3o de documentos das Escolas Extintas para ex-alunos e o acompanhamento dos requerimentos feitos \u00e0 institui\u00e7\u00e3o. O servi\u00e7o \u00e9 destinado a quem, por diversas raz\u00f5es, n\u00e3o possui seu certificado de conclus\u00e3o dos ensinos fundamental ou m\u00e9dio, precisa obter o documento, mas a escola onde estudou n\u00e3o existe mais. O objetivo \u00e9 agilizar o atendimento, reduzir custos e simplificar a emiss\u00e3o do certificado.<\/p>\n<p>&nbsp;<\/p>\n<h3 class=\"destacado\"><a href=\"https:\/\/www.seduc.ce.gov.br\/coordenadoria-de-gestao-de-pessoas-cogep\/\" target=\"_blank\" rel=\"noopener\"><strong>Pedidos de informa\u00e7\u00f5es sobre servidor<\/strong><\/a><\/h3>\n<p>&nbsp;<\/p>\n<p style=\"text-align: justify\">A Coordena\u00e7\u00e3o de Gest\u00e3o de Pessoas \u00e9 respons\u00e1vel por administrar todos os processos e informa\u00e7\u00f5es funcionais relacionados aos servidores da rede estadual de ensino do Cear\u00e1. Trabalha na perspectiva de melhorias que levem \u00e0 valoriza\u00e7\u00e3o do profissional da educa\u00e7\u00e3o e tem como principal objetivo a qualidade dos servi\u00e7os prestados na Secretaria de Educa\u00e7\u00e3o no \u00e2mbito do desenvolvimento, acompanhamento e divulga\u00e7\u00e3o de direitos, vantagens, concess\u00f5es, deveres e responsabilidades dos servidores e professores.<\/p>\n<p>&nbsp;<\/p>\n<h3 class=\"destacado\"><a href=\"https:\/\/www.seduc.ce.gov.br\/2019\/01\/01\/quemquem\/\" target=\"_blank\" rel=\"noopener\"><strong>Como entrar em contato com a Seduc<\/strong><\/a><\/h3>\n<p>&nbsp;<\/p>\n<p style=\"text-align: justify\">Atrav\u00e9s da Assessoria de Comunica\u00e7\u00e3o (ASCOM) que \u00e9 respons\u00e1vel por atender as demandas de imprensa, redes sociais, site e comunica\u00e7\u00e3o interna.<\/p>\n<p>&nbsp;<\/p>\n<p>&nbsp;<\/p>\n<p>&nbsp;<\/p>\n","protected":false},"excerpt":{"rendered":"<p>Perguntas Frequentes &nbsp; Pedidos de documenta\u00e7\u00e3o escolar &nbsp; A Secretaria da Educa\u00e7\u00e3o (Seduc) oferece online a emiss\u00e3o de documentos das Escolas Extintas para ex-alunos e o acompanhamento dos requerimentos feitos \u00e0 institui\u00e7\u00e3o. O servi\u00e7o \u00e9 destinado a quem, por diversas raz\u00f5es, n\u00e3o possui seu certificado de conclus\u00e3o dos ensinos fundamental ou m\u00e9dio, precisa obter o [&hellip;]<\/p>\n","protected":false},"author":364,"featured_media":0,"parent":7299,"menu_order":0,"comment_status":"closed","ping_status":"closed","template":"","meta":{"_acf_changed":false,"inline_featured_image":false,"footnotes":""},"class_list":["post-7306","page","type-page","status-publish","hentry"],"acf":[],"yoast_head":"<!-- This site is optimized with the Yoast SEO plugin v26.9 - https:\/\/yoast.com\/product\/yoast-seo-wordpress\/ -->\n<title>Perguntas Frequentes - CREDE10-SEDUC<\/title>\n<meta name=\"robots\" content=\"index, follow, max-snippet:-1, max-image-preview:large, max-video-preview:-1\" \/>\n<link rel=\"canonical\" href=\"https:\/\/ww16.ce.gov.br\/crede10-seduc\/acesso-a-informacao-2\/perguntas-frequentes\/\" \/>\n<meta property=\"og:locale\" content=\"pt_BR\" \/>\n<meta property=\"og:type\" content=\"article\" \/>\n<meta property=\"og:title\" content=\"Perguntas Frequentes - CREDE10-SEDUC\" \/>\n<meta property=\"og:description\" content=\"Perguntas Frequentes &nbsp; Pedidos de documenta\u00e7\u00e3o escolar &nbsp; A Secretaria da Educa\u00e7\u00e3o (Seduc) oferece online a emiss\u00e3o de documentos das Escolas Extintas para ex-alunos e o acompanhamento dos requerimentos feitos \u00e0 institui\u00e7\u00e3o. O servi\u00e7o \u00e9 destinado a quem, por diversas raz\u00f5es, n\u00e3o possui seu certificado de conclus\u00e3o dos ensinos fundamental ou m\u00e9dio, precisa obter o [&hellip;]\" \/>\n<meta property=\"og:url\" content=\"https:\/\/ww16.ce.gov.br\/crede10-seduc\/acesso-a-informacao-2\/perguntas-frequentes\/\" \/>\n<meta property=\"og:site_name\" content=\"CREDE10-SEDUC\" \/>\n<meta name=\"twitter:card\" content=\"summary_large_image\" \/>\n<meta name=\"twitter:label1\" content=\"Est. reading time\" \/>\n\t<meta name=\"twitter:data1\" content=\"1 minuto\" \/>\n<script type=\"application\/ld+json\" class=\"yoast-schema-graph\">{\"@context\":\"https:\/\/schema.org\",\"@graph\":[{\"@type\":\"WebPage\",\"@id\":\"https:\/\/ww16.ce.gov.br\/crede10-seduc\/acesso-a-informacao-2\/perguntas-frequentes\/\",\"url\":\"https:\/\/ww16.ce.gov.br\/crede10-seduc\/acesso-a-informacao-2\/perguntas-frequentes\/\",\"name\":\"Perguntas Frequentes - CREDE10-SEDUC\",\"isPartOf\":{\"@id\":\"https:\/\/ww16.ce.gov.br\/crede10-seduc\/#website\"},\"datePublished\":\"2021-09-17T12:18:03+00:00\",\"breadcrumb\":{\"@id\":\"https:\/\/ww16.ce.gov.br\/crede10-seduc\/acesso-a-informacao-2\/perguntas-frequentes\/#breadcrumb\"},\"inLanguage\":\"pt-BR\",\"potentialAction\":[{\"@type\":\"ReadAction\",\"target\":[\"https:\/\/ww16.ce.gov.br\/crede10-seduc\/acesso-a-informacao-2\/perguntas-frequentes\/\"]}]},{\"@type\":\"BreadcrumbList\",\"@id\":\"https:\/\/ww16.ce.gov.br\/crede10-seduc\/acesso-a-informacao-2\/perguntas-frequentes\/#breadcrumb\",\"itemListElement\":[{\"@type\":\"ListItem\",\"position\":1,\"name\":\"In\u00edcio\",\"item\":\"https:\/\/ww16.ce.gov.br\/crede10-seduc\/\"},{\"@type\":\"ListItem\",\"position\":2,\"name\":\"Acesso \u00e0 Informa\u00e7\u00e3o\",\"item\":\"https:\/\/ww16.ce.gov.br\/crede10-seduc\/acesso-a-informacao-2\/\"},{\"@type\":\"ListItem\",\"position\":3,\"name\":\"Perguntas Frequentes\"}]},{\"@type\":\"WebSite\",\"@id\":\"https:\/\/ww16.ce.gov.br\/crede10-seduc\/#website\",\"url\":\"https:\/\/ww16.ce.gov.br\/crede10-seduc\/\",\"name\":\"CREDE10-SEDUC\",\"description\":\"Portal CREDE10-SEDUC\",\"potentialAction\":[{\"@type\":\"SearchAction\",\"target\":{\"@type\":\"EntryPoint\",\"urlTemplate\":\"https:\/\/ww16.ce.gov.br\/crede10-seduc\/?s={search_term_string}\"},\"query-input\":{\"@type\":\"PropertyValueSpecification\",\"valueRequired\":true,\"valueName\":\"search_term_string\"}}],\"inLanguage\":\"pt-BR\"}]}<\/script>\n<!-- \/ Yoast SEO plugin. -->","yoast_head_json":{"title":"Perguntas Frequentes - CREDE10-SEDUC","robots":{"index":"index","follow":"follow","max-snippet":"max-snippet:-1","max-image-preview":"max-image-preview:large","max-video-preview":"max-video-preview:-1"},"canonical":"https:\/\/ww16.ce.gov.br\/crede10-seduc\/acesso-a-informacao-2\/perguntas-frequentes\/","og_locale":"pt_BR","og_type":"article","og_title":"Perguntas Frequentes - CREDE10-SEDUC","og_description":"Perguntas Frequentes &nbsp; Pedidos de documenta\u00e7\u00e3o escolar &nbsp; A Secretaria da Educa\u00e7\u00e3o (Seduc) oferece online a emiss\u00e3o de documentos das Escolas Extintas para ex-alunos e o acompanhamento dos requerimentos feitos \u00e0 institui\u00e7\u00e3o. O servi\u00e7o \u00e9 destinado a quem, por diversas raz\u00f5es, n\u00e3o possui seu certificado de conclus\u00e3o dos ensinos fundamental ou m\u00e9dio, precisa obter o [&hellip;]","og_url":"https:\/\/ww16.ce.gov.br\/crede10-seduc\/acesso-a-informacao-2\/perguntas-frequentes\/","og_site_name":"CREDE10-SEDUC","twitter_card":"summary_large_image","twitter_misc":{"Est. reading time":"1 minuto"},"schema":{"@context":"https:\/\/schema.org","@graph":[{"@type":"WebPage","@id":"https:\/\/ww16.ce.gov.br\/crede10-seduc\/acesso-a-informacao-2\/perguntas-frequentes\/","url":"https:\/\/ww16.ce.gov.br\/crede10-seduc\/acesso-a-informacao-2\/perguntas-frequentes\/","name":"Perguntas Frequentes - CREDE10-SEDUC","isPartOf":{"@id":"https:\/\/ww16.ce.gov.br\/crede10-seduc\/#website"},"datePublished":"2021-09-17T12:18:03+00:00","breadcrumb":{"@id":"https:\/\/ww16.ce.gov.br\/crede10-seduc\/acesso-a-informacao-2\/perguntas-frequentes\/#breadcrumb"},"inLanguage":"pt-BR","potentialAction":[{"@type":"ReadAction","target":["https:\/\/ww16.ce.gov.br\/crede10-seduc\/acesso-a-informacao-2\/perguntas-frequentes\/"]}]},{"@type":"BreadcrumbList","@id":"https:\/\/ww16.ce.gov.br\/crede10-seduc\/acesso-a-informacao-2\/perguntas-frequentes\/#breadcrumb","itemListElement":[{"@type":"ListItem","position":1,"name":"In\u00edcio","item":"https:\/\/ww16.ce.gov.br\/crede10-seduc\/"},{"@type":"ListItem","position":2,"name":"Acesso \u00e0 Informa\u00e7\u00e3o","item":"https:\/\/ww16.ce.gov.br\/crede10-seduc\/acesso-a-informacao-2\/"},{"@type":"ListItem","position":3,"name":"Perguntas Frequentes"}]},{"@type":"WebSite","@id":"https:\/\/ww16.ce.gov.br\/crede10-seduc\/#website","url":"https:\/\/ww16.ce.gov.br\/crede10-seduc\/","name":"CREDE10-SEDUC","description":"Portal CREDE10-SEDUC","potentialAction":[{"@type":"SearchAction","target":{"@type":"EntryPoint","urlTemplate":"https:\/\/ww16.ce.gov.br\/crede10-seduc\/?s={search_term_string}"},"query-input":{"@type":"PropertyValueSpecification","valueRequired":true,"valueName":"search_term_string"}}],"inLanguage":"pt-BR"}]}},"_links":{"self":[{"href":"https:\/\/ww16.ce.gov.br\/crede10-seduc\/wp-json\/wp\/v2\/pages\/7306","targetHints":{"allow":["GET"]}}],"collection":[{"href":"https:\/\/ww16.ce.gov.br\/crede10-seduc\/wp-json\/wp\/v2\/pages"}],"about":[{"href":"https:\/\/ww16.ce.gov.br\/crede10-seduc\/wp-json\/wp\/v2\/types\/page"}],"author":[{"embeddable":true,"href":"https:\/\/ww16.ce.gov.br\/crede10-seduc\/wp-json\/wp\/v2\/users\/364"}],"replies":[{"embeddable":true,"href":"https:\/\/ww16.ce.gov.br\/crede10-seduc\/wp-json\/wp\/v2\/comments?post=7306"}],"version-history":[{"count":1,"href":"https:\/\/ww16.ce.gov.br\/crede10-seduc\/wp-json\/wp\/v2\/pages\/7306\/revisions"}],"predecessor-version":[{"id":7308,"href":"https:\/\/ww16.ce.gov.br\/crede10-seduc\/wp-json\/wp\/v2\/pages\/7306\/revisions\/7308"}],"up":[{"embeddable":true,"href":"https:\/\/ww16.ce.gov.br\/crede10-seduc\/wp-json\/wp\/v2\/pages\/7299"}],"wp:attachment":[{"href":"https:\/\/ww16.ce.gov.br\/crede10-seduc\/wp-json\/wp\/v2\/media?parent=7306"}],"curies":[{"name":"wp","href":"https:\/\/api.w.org\/{rel}","templated":true}]}}