{"id":7185,"date":"2021-09-15T16:36:44","date_gmt":"2021-09-15T19:36:44","guid":{"rendered":"http:\/\/www.crede10.seduc.ce.gov.br\/?page_id=7185"},"modified":"2021-09-20T15:30:41","modified_gmt":"2021-09-20T18:30:41","slug":"sistemas","status":"publish","type":"page","link":"https:\/\/ww16.ce.gov.br\/crede10-seduc\/sistemas\/","title":{"rendered":"Sistemas"},"content":{"rendered":"\n<div class=\"\">\n<h2 class=\"titulo  \"><\/h2>\n<p>&nbsp;<\/p>\n<p><a href=\"https:\/\/conectividade.seduc.ce.gov.br\/WebServiceGeoLocation\/index.html\" target=\"_blank\" rel=\"noopener noreferrer\"><img loading=\"lazy\" decoding=\"async\" class=\"alignnone size-full wp-image-27553\" src=\"https:\/\/www.seduc.ce.gov.br\/wp-content\/uploads\/sites\/37\/2018\/09\/Conectividade-CDC.png\" alt=\"\" width=\"114\" height=\"127\" \/><\/a> <a href=\"https:\/\/repasseescola.seduc.ce.gov.br\/consulta-repasse-escola\/nota-empenho\/consulta-nota-empenho.jsf\" target=\"_blank\" rel=\"noopener noreferrer\"><img loading=\"lazy\" decoding=\"async\" class=\"alignnone size-medium wp-image-27555\" src=\"https:\/\/www.seduc.ce.gov.br\/wp-content\/uploads\/sites\/37\/2018\/09\/Dados-de-pagamento-por-credor.png\" alt=\"\" width=\"114\" height=\"127\" \/><\/a> <a href=\"https:\/\/play.google.com\/store\/apps\/details?id=br.gov.ce.seduc.professoronline&amp;hl=pt\" target=\"_blank\" rel=\"noopener noreferrer\"><img loading=\"lazy\" decoding=\"async\" class=\"alignnone size-medium wp-image-27556\" src=\"https:\/\/www.seduc.ce.gov.br\/wp-content\/uploads\/sites\/37\/2018\/09\/Di\u00e1rio-de-Classe.png\" alt=\"\" width=\"113\" height=\"127\" \/><\/a> <a href=\"https:\/\/mapp.seduc.ce.gov.br\/mapp\/login.jsf\" target=\"_blank\" rel=\"noopener noreferrer\"><img loading=\"lazy\" decoding=\"async\" class=\"alignnone size-full wp-image-27557\" src=\"https:\/\/www.seduc.ce.gov.br\/wp-content\/uploads\/sites\/37\/2018\/09\/MAPP.png\" alt=\"\" width=\"113\" height=\"127\" \/><\/a> <a href=\"https:\/\/alunos_egressos.seduc.ce.gov.br\/\" target=\"_blank\" rel=\"noopener noreferrer\"><img loading=\"lazy\" decoding=\"async\" class=\"alignnone size-medium wp-image-27558\" src=\"https:\/\/www.seduc.ce.gov.br\/wp-content\/uploads\/sites\/37\/2018\/09\/Monitoramento.png\" alt=\"\" width=\"113\" height=\"127\" \/><\/a> <a href=\"https:\/\/multimeios.seduc.ce.gov.br\/\" target=\"_blank\" rel=\"noopener noreferrer\"><img loading=\"lazy\" decoding=\"async\" class=\"alignnone size-medium wp-image-27559\" src=\"https:\/\/www.seduc.ce.gov.br\/wp-content\/uploads\/sites\/37\/2018\/09\/Multimeios.png\" alt=\"\" width=\"113\" height=\"127\" \/><\/a> <a href=\"https:\/\/organismoscolegiados.seduc.ce.gov.br\/\" target=\"_blank\" rel=\"noopener noreferrer\"><img loading=\"lazy\" decoding=\"async\" class=\"alignnone size-medium wp-image-27560\" src=\"https:\/\/www.seduc.ce.gov.br\/wp-content\/uploads\/sites\/37\/2018\/09\/Organismos.png\" alt=\"\" width=\"114\" height=\"127\" \/><\/a> <a href=\"https:\/\/padin.seduc.ce.gov.br\/\" target=\"_blank\" rel=\"noopener noreferrer\"><img loading=\"lazy\" decoding=\"async\" class=\"alignnone size-medium wp-image-27561\" src=\"https:\/\/www.seduc.ce.gov.br\/wp-content\/uploads\/sites\/37\/2018\/09\/PADIN.png\" alt=\"\" width=\"113\" height=\"127\" \/><\/a> <a href=\"https:\/\/contaspublicas.seduc.ce.gov.br\/\" target=\"_blank\" rel=\"noopener noreferrer\"><img loading=\"lazy\" decoding=\"async\" class=\"alignnone size-medium wp-image-27562\" src=\"https:\/\/www.seduc.ce.gov.br\/wp-content\/uploads\/sites\/37\/2018\/09\/Pesquisa-Curstos-\u00c1gua-energia-e-telefone.png\" alt=\"\" width=\"114\" height=\"127\" \/><\/a> <a href=\"https:\/\/portaria.seduc.ce.gov.br\/\" target=\"_blank\" rel=\"noopener noreferrer\"><img loading=\"lazy\" decoding=\"async\" class=\"alignnone size-medium wp-image-27563\" src=\"https:\/\/www.seduc.ce.gov.br\/wp-content\/uploads\/sites\/37\/2018\/09\/Portaria.png\" alt=\"\" width=\"113\" height=\"127\" \/><\/a> <a href=\"https:\/\/prestacao.seduc.ce.gov.br\/prestacao\/main.htm\" target=\"_blank\" rel=\"noopener noreferrer\"><img loading=\"lazy\" decoding=\"async\" class=\"alignnone size-medium wp-image-27564\" src=\"https:\/\/www.seduc.ce.gov.br\/wp-content\/uploads\/sites\/37\/2018\/09\/Presta\u00e7\u00e3o-de-conta-por-credor.png\" alt=\"\" width=\"114\" height=\"127\" \/><\/a> <img loading=\"lazy\" decoding=\"async\" class=\"alignnone size-medium wp-image-27565\" src=\"https:\/\/www.seduc.ce.gov.br\/wp-content\/uploads\/sites\/37\/2018\/09\/Presta\u00e7\u00e3o-de-contas.png\" alt=\"\" width=\"114\" height=\"127\" \/> <a href=\"https:\/\/sige-pci.seduc.ce.gov.br\/\"><img loading=\"lazy\" decoding=\"async\" class=\"alignnone wp-image-27566 size-full\" src=\"https:\/\/www.seduc.ce.gov.br\/wp-content\/uploads\/sites\/37\/2018\/09\/Presta\u00e7\u00e3o-de-contas-nada-consta-por-CPF.png\" alt=\"\" width=\"113\" height=\"127\" \/><\/a> <a href=\"https:\/\/professor.seduc.ce.gov.br\/\"><img loading=\"lazy\" decoding=\"async\" class=\"alignnone size-medium wp-image-27567\" src=\"https:\/\/www.seduc.ce.gov.br\/wp-content\/uploads\/sites\/37\/2018\/09\/Prof.-Web.png\" alt=\"\" width=\"113\" height=\"127\" \/><\/a> <a href=\"https:\/\/promocaosemtitulacao.seduc.ce.gov.br\/\"><img loading=\"lazy\" decoding=\"async\" class=\"alignnone size-medium wp-image-27568\" src=\"https:\/\/www.seduc.ce.gov.br\/wp-content\/uploads\/sites\/37\/2018\/09\/Progress\u00e3o.png\" alt=\"\" width=\"113\" height=\"127\" \/><\/a> <a href=\"https:\/\/play.google.com\/store\/apps\/details?id=br.gov.ce.seduc.quizenem&amp;hl=pt\"><img loading=\"lazy\" decoding=\"async\" class=\"alignnone size-medium wp-image-27569\" src=\"https:\/\/www.seduc.ce.gov.br\/wp-content\/uploads\/sites\/37\/2018\/09\/QUIZ.png\" alt=\"\" width=\"113\" height=\"127\" \/><\/a> <a href=\"https:\/\/redacaoenem.seduc.ce.gov.br\/\"><img loading=\"lazy\" decoding=\"async\" class=\"alignnone size-full wp-image-27570\" src=\"https:\/\/www.seduc.ce.gov.br\/wp-content\/uploads\/sites\/37\/2018\/09\/Reda\u00e7\u00e3o.png\" alt=\"\" width=\"113\" height=\"127\" \/><\/a>  <a href=\"https:\/\/dados.seduc.ce.gov.br\/\"><img loading=\"lazy\" decoding=\"async\" class=\"alignnone size-medium wp-image-27573\" src=\"https:\/\/www.seduc.ce.gov.br\/wp-content\/uploads\/sites\/37\/2018\/09\/Sele\u00e7\u00e3o-de-Professores-Tempor\u00e1rios.png\" alt=\"\" width=\"114\" height=\"127\" \/><\/a> <a href=\"https:\/\/sgdo.seduc.ce.gov.br\/\"><img loading=\"lazy\" decoding=\"async\" class=\"alignnone size-medium wp-image-27574\" src=\"https:\/\/www.seduc.ce.gov.br\/wp-content\/uploads\/sites\/37\/2018\/09\/SGDO-Sistema-de-Gerenciamento-de-obras.png\" alt=\"\" width=\"113\" height=\"127\" \/><\/a> <a href=\"https:\/\/sice-orientador.seduc.ce.gov.br\/\"><img loading=\"lazy\" decoding=\"async\" class=\"alignnone size-medium wp-image-27575\" src=\"https:\/\/www.seduc.ce.gov.br\/wp-content\/uploads\/sites\/37\/2018\/09\/SICE-Orientador.png\" alt=\"\" width=\"113\" height=\"127\" \/><\/a> <a href=\"https:\/\/sice.seduc.ce.gov.br\/\"><img loading=\"lazy\" decoding=\"async\" class=\"alignnone size-medium wp-image-27576\" src=\"https:\/\/www.seduc.ce.gov.br\/wp-content\/uploads\/sites\/37\/2018\/09\/SICE-Sistema-de-Capta\u00e7\u00e3o-de-Est\u00e1gio.png\" alt=\"\" width=\"113\" height=\"127\" \/><\/a> <a href=\"https:\/\/simulado_enem.seduc.ce.gov.br\/\"><img loading=\"lazy\" decoding=\"async\" class=\"alignnone size-medium wp-image-27579\" src=\"https:\/\/www.seduc.ce.gov.br\/wp-content\/uploads\/sites\/37\/2018\/09\/Simulado-ENEM.png\" alt=\"\" width=\"113\" height=\"127\" \/><\/a> <a href=\"https:\/\/sigesaa.seduc.ce.gov.br\/\"><img loading=\"lazy\" decoding=\"async\" class=\"alignnone size-medium wp-image-27580\" src=\"https:\/\/www.seduc.ce.gov.br\/wp-content\/uploads\/sites\/37\/2018\/09\/Sistema-de-acompanhamento-de-aquisi\u00e7\u00f5es.png\" alt=\"\" width=\"114\" height=\"127\" \/><\/a> <a href=\"https:\/\/servicosengenharia.seduc.ce.gov.br\/\"><img loading=\"lazy\" decoding=\"async\" class=\"alignnone size-medium wp-image-27581\" src=\"https:\/\/www.seduc.ce.gov.br\/wp-content\/uploads\/sites\/37\/2018\/09\/Sistema-de-Engenharia.png\" alt=\"\" width=\"113\" height=\"127\" \/><\/a> <a href=\"https:\/\/suprimentofundos.seduc.ce.gov.br\/\"><img loading=\"lazy\" decoding=\"async\" class=\"alignnone size-medium wp-image-27582\" src=\"https:\/\/www.seduc.ce.gov.br\/wp-content\/uploads\/sites\/37\/2018\/09\/Suprimento-de-Fundos.png\" alt=\"\" width=\"113\" height=\"127\" \/><\/a> <a href=\"https:\/\/terceirizado.seduc.ce.gov.br\/\"><img loading=\"lazy\" decoding=\"async\" class=\"alignnone size-medium wp-image-27583\" src=\"https:\/\/www.seduc.ce.gov.br\/wp-content\/uploads\/sites\/37\/2018\/09\/Terceirizados.png\" alt=\"\" width=\"113\" height=\"127\" \/><\/a> <a href=\"https:\/\/transporteescolar.seduc.ce.gov.br\/\"><img loading=\"lazy\" decoding=\"async\" class=\"alignnone size-medium wp-image-27584\" src=\"https:\/\/www.seduc.ce.gov.br\/wp-content\/uploads\/sites\/37\/2018\/09\/Transporte-Escolar.png\" alt=\"\" width=\"114\" height=\"127\" \/><\/a> <a href=\"https:\/\/transportes.seduc.ce.gov.br\/\"><img loading=\"lazy\" decoding=\"async\" class=\"alignnone size-full wp-image-27587\" src=\"https:\/\/www.seduc.ce.gov.br\/wp-content\/uploads\/sites\/37\/2018\/09\/Transporte-SEDUC-1.png\" alt=\"\" width=\"114\" height=\"127\" \/><\/a> <a href=\"https:\/\/sigerh.seduc.ce.gov.br\/\"><img loading=\"lazy\" decoding=\"async\" class=\"alignnone size-full wp-image-27588\" src=\"https:\/\/www.seduc.ce.gov.br\/wp-content\/uploads\/sites\/37\/2018\/09\/SIGE-RH-WEB-1.png\" alt=\"\" width=\"114\" height=\"127\" \/><\/a> <a href=\"https:\/\/remocao.seduc.ce.gov.br\/\"><img loading=\"lazy\" decoding=\"async\" class=\"alignnone size-full wp-image-27589\" src=\"https:\/\/www.seduc.ce.gov.br\/wp-content\/uploads\/sites\/37\/2018\/09\/SIGE-Remo\u00e7\u00e3o-1.png\" alt=\"\" width=\"113\" height=\"127\" \/><\/a> <a href=\"https:\/\/dados.seduc.ce.gov.br\/\"><img loading=\"lazy\" decoding=\"async\" class=\"alignnone size-full wp-image-27590\" src=\"https:\/\/www.seduc.ce.gov.br\/wp-content\/uploads\/sites\/37\/2018\/09\/Seduc-Dados-1.png\" alt=\"\" width=\"113\" height=\"127\" \/><\/a> <a href=\"https:\/\/bolsaaprenderpravaler.seduc.ce.gov.br\/bolsaaprenderpravaler\/login.jsf\"><img loading=\"lazy\" decoding=\"async\" class=\"alignnone size-full wp-image-27592\" src=\"https:\/\/www.seduc.ce.gov.br\/wp-content\/uploads\/sites\/37\/2018\/09\/Relat\u00f3rio-de-credores-1.png\" alt=\"\" width=\"114\" height=\"127\" \/> <img loading=\"lazy\" decoding=\"async\" class=\"alignnone size-full wp-image-27596\" src=\"https:\/\/www.seduc.ce.gov.br\/wp-content\/uploads\/sites\/37\/2018\/09\/Acompanhamento-dos-ve\u00edculOS-da-Seduc.png\" alt=\"\" width=\"113\" height=\"127\" \/> <img loading=\"lazy\" decoding=\"async\" class=\"alignnone size-medium wp-image-27597\" src=\"https:\/\/www.seduc.ce.gov.br\/wp-content\/uploads\/sites\/37\/2018\/09\/Acompanhamento-Luz-do-Saber.png\" alt=\"\" width=\"113\" height=\"127\" \/> <img loading=\"lazy\" decoding=\"async\" class=\"alignnone size-medium wp-image-27599\" src=\"https:\/\/www.seduc.ce.gov.br\/wp-content\/uploads\/sites\/37\/2018\/09\/Agenda-de-Telefones.png\" alt=\"\" width=\"113\" height=\"127\" \/> <img loading=\"lazy\" decoding=\"async\" class=\"alignnone size-medium wp-image-27600\" src=\"https:\/\/www.seduc.ce.gov.br\/wp-content\/uploads\/sites\/37\/2018\/09\/Alimenta\u00e7\u00e3o-Escolar.png\" alt=\"\" width=\"114\" height=\"127\" \/> <img loading=\"lazy\" decoding=\"async\" class=\"alignnone size-medium wp-image-27601\" src=\"https:\/\/www.seduc.ce.gov.br\/wp-content\/uploads\/sites\/37\/2018\/09\/Aluno-Online-APP.png\" alt=\"\" width=\"113\" height=\"127\" \/> <img loading=\"lazy\" decoding=\"async\" class=\"alignnone size-medium wp-image-27602\" src=\"https:\/\/www.seduc.ce.gov.br\/wp-content\/uploads\/sites\/37\/2018\/09\/Aluno-Online-WEB.png\" alt=\"\" width=\"113\" height=\"127\" \/> <img loading=\"lazy\" decoding=\"async\" class=\"alignnone size-medium wp-image-27603\" src=\"https:\/\/www.seduc.ce.gov.br\/wp-content\/uploads\/sites\/37\/2018\/09\/Amplia\u00e7\u00e3o-Definitiva.png\" alt=\"\" width=\"113\" height=\"127\" \/> <img loading=\"lazy\" decoding=\"async\" class=\"alignnone size-medium wp-image-27605\" src=\"https:\/\/www.seduc.ce.gov.br\/wp-content\/uploads\/sites\/37\/2018\/09\/Aquisi\u00e7\u00e3o-de-TI.png\" alt=\"\" width=\"113\" height=\"127\" \/> <img loading=\"lazy\" decoding=\"async\" class=\"alignnone size-medium wp-image-27606\" src=\"https:\/\/www.seduc.ce.gov.br\/wp-content\/uploads\/sites\/37\/2018\/09\/Ascom.png\" alt=\"\" width=\"114\" height=\"127\" \/> <img loading=\"lazy\" decoding=\"async\" class=\"alignnone size-medium wp-image-27607\" src=\"https:\/\/www.seduc.ce.gov.br\/wp-content\/uploads\/sites\/37\/2018\/09\/Avance.png\" alt=\"\" width=\"113\" height=\"127\" \/> <img loading=\"lazy\" decoding=\"async\" class=\"alignnone size-medium wp-image-27608\" src=\"https:\/\/www.seduc.ce.gov.br\/wp-content\/uploads\/sites\/37\/2018\/09\/Banco-de-Itens.png\" alt=\"\" width=\"113\" height=\"127\" \/> <img loading=\"lazy\" decoding=\"async\" class=\"alignnone size-medium wp-image-27609\" src=\"https:\/\/www.seduc.ce.gov.br\/wp-content\/uploads\/sites\/37\/2018\/09\/Bolsas-PAIC.png\" alt=\"\" width=\"113\" height=\"127\" \/> <img loading=\"lazy\" decoding=\"async\" class=\"alignnone size-medium wp-image-27610\" src=\"https:\/\/www.seduc.ce.gov.br\/wp-content\/uploads\/sites\/37\/2018\/09\/Concurso.png\" alt=\"\" width=\"113\" height=\"127\" \/> <img loading=\"lazy\" decoding=\"async\" class=\"alignnone size-medium wp-image-27611\" src=\"https:\/\/www.seduc.ce.gov.br\/wp-content\/uploads\/sites\/37\/2018\/09\/Contrato-Tempor\u00e1rio.png\" alt=\"\" width=\"113\" height=\"128\" \/> <img loading=\"lazy\" decoding=\"async\" class=\"alignnone size-medium wp-image-27612\" src=\"https:\/\/www.seduc.ce.gov.br\/wp-content\/uploads\/sites\/37\/2018\/09\/Coordenador-Pedag\u00f3gico.png\" alt=\"\" width=\"114\" height=\"127\" \/> <img loading=\"lazy\" decoding=\"async\" class=\"alignnone size-medium wp-image-27613\" src=\"https:\/\/www.seduc.ce.gov.br\/wp-content\/uploads\/sites\/37\/2018\/09\/Diretor-de-Turma.png\" alt=\"\" width=\"113\" height=\"127\" \/> <img loading=\"lazy\" decoding=\"async\" class=\"alignnone size-medium wp-image-27615\" src=\"https:\/\/www.seduc.ce.gov.br\/wp-content\/uploads\/sites\/37\/2018\/09\/ENEM.png\" alt=\"\" width=\"113\" height=\"127\" \/> <img loading=\"lazy\" decoding=\"async\" class=\"alignnone size-full wp-image-27644\" src=\"https:\/\/www.seduc.ce.gov.br\/wp-content\/uploads\/sites\/37\/2018\/09\/Aprender-pra-Valer-2.png\" alt=\"\" width=\"113\" height=\"127\" \/> <\/a><a href=\"https:\/\/feiradeciencias.seduc.ce.gov.br\/\"><img loading=\"lazy\" decoding=\"async\" class=\"alignnone wp-image-27617 size-full\" src=\"https:\/\/www.seduc.ce.gov.br\/wp-content\/uploads\/sites\/37\/2018\/09\/Feira-de-Ci\u00eancias.png\" alt=\"\" width=\"113\" height=\"127\" \/><\/a><a href=\"https:\/\/formacao.seduc.ce.gov.br\/projeto-formacao\/login.jsf\"> <img loading=\"lazy\" decoding=\"async\" class=\"alignnone wp-image-27618 size-full\" src=\"https:\/\/www.seduc.ce.gov.br\/wp-content\/uploads\/sites\/37\/2018\/09\/Forma\u00e7\u00e3o-Ind\u00edgena.png\" alt=\"\" width=\"113\" height=\"127\" \/><\/a> <a href=\"https:\/\/frequencia.seduc.ce.gov.br\/novo-frequencia\/login.jsf\"><img loading=\"lazy\" decoding=\"async\" class=\"alignnone wp-image-27619 size-full\" src=\"https:\/\/www.seduc.ce.gov.br\/wp-content\/uploads\/sites\/37\/2018\/09\/Frequ\u00eancia.png\" alt=\"\" width=\"113\" height=\"127\" \/><\/a><a href=\"https:\/\/ged.seduc.ce.gov.br\/ged\/\"><img loading=\"lazy\" decoding=\"async\" class=\"alignnone wp-image-27620 size-full\" src=\"https:\/\/www.seduc.ce.gov.br\/wp-content\/uploads\/sites\/37\/2018\/09\/GED.png\" alt=\"\" width=\"114\" height=\"127\" \/><\/a><a href=\"https:\/\/luzdosaber.seduc.ce.gov.br\/eja\/\"> <img loading=\"lazy\" decoding=\"async\" class=\"alignnone wp-image-27623 size-full\" src=\"https:\/\/www.seduc.ce.gov.br\/wp-content\/uploads\/sites\/37\/2018\/09\/LUZ-DO-SABER.png\" alt=\"\" width=\"114\" height=\"127\" \/><\/a><a href=\"https:\/\/play.google.com\/store\/apps\/details?id=br.gov.ce.seduc.luzdosaber&amp;hl=pt\"> <img loading=\"lazy\" decoding=\"async\" class=\"alignnone wp-image-27624 size-full\" src=\"https:\/\/www.seduc.ce.gov.br\/wp-content\/uploads\/sites\/37\/2018\/09\/Luz-do-Saber-Mobile.png\" alt=\"\" width=\"114\" height=\"127\" \/><\/a><a href=\"https:\/\/luzdosaber.seduc.ce.gov.br\/paic\/\"> <img loading=\"lazy\" decoding=\"async\" class=\"alignnone wp-image-27625 size-full\" src=\"https:\/\/www.seduc.ce.gov.br\/wp-content\/uploads\/sites\/37\/2018\/09\/Luz-do-Saber-paic.png\" alt=\"\" width=\"113\" height=\"127\" \/><\/a><a href=\"https:\/\/play.google.com\/store\/apps\/details?id=br.gov.ce.seduc.alunoonlineapp&amp;hl=pt\"> <img loading=\"lazy\" decoding=\"async\" class=\"alignnone wp-image-27626 size-full\" src=\"https:\/\/www.seduc.ce.gov.br\/wp-content\/uploads\/sites\/37\/2018\/09\/MAPP-1.png\" alt=\"\" width=\"113\" height=\"127\" \/><\/a> <a href=\"https:\/\/www.ipece.ce.gov.br\/index.php\/ceara-em-mapas-interativos\"><img loading=\"lazy\" decoding=\"async\" class=\"alignnone wp-image-27629 size-full\" src=\"https:\/\/www.seduc.ce.gov.br\/wp-content\/uploads\/sites\/37\/2018\/09\/SIG-Sistema-de-Informa\u00e7\u00f5es-Georreferenciadas.png\" alt=\"\" width=\"114\" height=\"127\" \/><\/a><a href=\"https:\/\/lotacao.seduc.ce.gov.br\/\"><img loading=\"lazy\" decoding=\"async\" class=\"alignnone wp-image-27622 size-full\" src=\"https:\/\/www.seduc.ce.gov.br\/wp-content\/uploads\/sites\/37\/2018\/09\/Lota\u00e7\u00e3o.png\" alt=\"\" width=\"114\" height=\"127\" \/><\/a><a href=\"https:\/\/telefoniadet.seduc.ce.gov.br\/telefonia-detalhamento\/telefonia\/ligacao.jsf\"> <img loading=\"lazy\" decoding=\"async\" class=\"alignnone wp-image-27627 size-full\" src=\"https:\/\/www.seduc.ce.gov.br\/wp-content\/uploads\/sites\/37\/2018\/09\/Pesquisa-custos-detalhados-de-telefonia.png\" alt=\"\" width=\"114\" height=\"127\" \/><\/a><a href=\"https:\/\/censobasico.inep.gov.br\/censobasico\/#\/\"> <img loading=\"lazy\" decoding=\"async\" class=\"alignnone wp-image-27614 size-full\" src=\"https:\/\/www.seduc.ce.gov.br\/wp-content\/uploads\/sites\/37\/2018\/09\/Educacenso.png\" alt=\"\" width=\"114\" height=\"127\" \/><\/a><a href=\"https:\/\/sige.seduc.ce.gov.br\/\"> <img loading=\"lazy\" decoding=\"async\" class=\"alignnone wp-image-27628 size-full\" src=\"https:\/\/www.seduc.ce.gov.br\/wp-content\/uploads\/sites\/37\/2018\/09\/Sige-Escola-Sistema-Integrado.png\" alt=\"\" width=\"115\" height=\"127\" \/><\/a> <a href=\"https:\/\/inspecao-escolar.seduc.ce.gov.br\/\"><img loading=\"lazy\" decoding=\"async\" class=\"alignnone size-full wp-image-27657\" src=\"https:\/\/www.seduc.ce.gov.br\/wp-content\/uploads\/sites\/37\/2018\/09\/Inspe\u00e7\u00e3o-Escolar-2.png\" alt=\"\" width=\"114\" height=\"127\" \/><\/a> <a href=\"https:\/\/adminselecao.seduc.ce.gov.br\/\"><img loading=\"lazy\" decoding=\"async\" class=\"alignnone size-medium wp-image-27674\" src=\"https:\/\/www.seduc.ce.gov.br\/wp-content\/uploads\/sites\/37\/2018\/09\/Administrativo.png\" alt=\"\" width=\"114\" height=\"128\" \/> <\/a><a href=\"https:\/\/sigeptee.seduc.ce.gov.br\/\" target=\"_blank\" rel=\"noopener noreferrer\"><img loading=\"lazy\" decoding=\"async\" class=\"alignnone size-full wp-image-27678\" src=\"https:\/\/www.seduc.ce.gov.br\/wp-content\/uploads\/sites\/37\/2018\/09\/Escola-Nota-10.png\" alt=\"\" width=\"114\" height=\"128\" \/> <\/a><a href=\"https:\/\/sigeptee.seduc.ce.gov.br\/\" target=\"_blank\" rel=\"noopener noreferrer\"><img loading=\"lazy\" decoding=\"async\" class=\"alignnone wp-image-32098 size-full\" src=\"https:\/\/www.seduc.ce.gov.br\/wp-content\/uploads\/sites\/37\/2019\/09\/Portal-de-Transpar\u00eancia-Obras-e-Servi\u00e7os-de-Engenharia.png\" alt=\"\" width=\"114\" height=\"128\" \/> <\/a><a href=\"https:\/\/intranet-asp.seduc.ce.gov.br\/sistema\/index.asp\" target=\"_blank\" rel=\"noopener noreferrer\"><img loading=\"lazy\" decoding=\"async\" class=\"alignnone wp-image-33179 size-full\" src=\"https:\/\/www.seduc.ce.gov.br\/wp-content\/uploads\/sites\/37\/2020\/01\/Fluxo-de-processos-2F-CIs-2F-of\u00edcios.png\" alt=\"\" width=\"113\" height=\"127\" \/><\/a><\/p>\n<\/p><\/div>\n<\/p><\/div>\n","protected":false},"excerpt":{"rendered":"<p>&nbsp;<\/p>\n","protected":false},"author":519,"featured_media":0,"parent":0,"menu_order":0,"comment_status":"closed","ping_status":"closed","template":"","meta":{"_acf_changed":false,"inline_featured_image":false,"footnotes":""},"class_list":["post-7185","page","type-page","status-publish","hentry"],"acf":[],"yoast_head":"<!-- This site is optimized with the Yoast SEO plugin v26.9 - https:\/\/yoast.com\/product\/yoast-seo-wordpress\/ -->\n<title>Sistemas - CREDE10-SEDUC<\/title>\n<meta name=\"robots\" content=\"index, follow, max-snippet:-1, max-image-preview:large, max-video-preview:-1\" \/>\n<link rel=\"canonical\" href=\"https:\/\/ww16.ce.gov.br\/crede10-seduc\/sistemas\/\" \/>\n<meta property=\"og:locale\" content=\"pt_BR\" \/>\n<meta property=\"og:type\" content=\"article\" \/>\n<meta property=\"og:title\" content=\"Sistemas - CREDE10-SEDUC\" \/>\n<meta property=\"og:description\" content=\"&nbsp;\" \/>\n<meta property=\"og:url\" content=\"https:\/\/ww16.ce.gov.br\/crede10-seduc\/sistemas\/\" \/>\n<meta property=\"og:site_name\" content=\"CREDE10-SEDUC\" \/>\n<meta property=\"article:modified_time\" content=\"2021-09-20T18:30:41+00:00\" \/>\n<meta property=\"og:image\" content=\"https:\/\/www.seduc.ce.gov.br\/wp-content\/uploads\/sites\/37\/2018\/09\/Conectividade-CDC.png\" \/>\n<meta name=\"twitter:card\" content=\"summary_large_image\" \/>\n<script type=\"application\/ld+json\" class=\"yoast-schema-graph\">{\"@context\":\"https:\/\/schema.org\",\"@graph\":[{\"@type\":\"WebPage\",\"@id\":\"https:\/\/ww16.ce.gov.br\/crede10-seduc\/sistemas\/\",\"url\":\"https:\/\/ww16.ce.gov.br\/crede10-seduc\/sistemas\/\",\"name\":\"Sistemas - CREDE10-SEDUC\",\"isPartOf\":{\"@id\":\"https:\/\/ww16.ce.gov.br\/crede10-seduc\/#website\"},\"primaryImageOfPage\":{\"@id\":\"https:\/\/ww16.ce.gov.br\/crede10-seduc\/sistemas\/#primaryimage\"},\"image\":{\"@id\":\"https:\/\/ww16.ce.gov.br\/crede10-seduc\/sistemas\/#primaryimage\"},\"thumbnailUrl\":\"https:\/\/www.seduc.ce.gov.br\/wp-content\/uploads\/sites\/37\/2018\/09\/Conectividade-CDC.png\",\"datePublished\":\"2021-09-15T19:36:44+00:00\",\"dateModified\":\"2021-09-20T18:30:41+00:00\",\"breadcrumb\":{\"@id\":\"https:\/\/ww16.ce.gov.br\/crede10-seduc\/sistemas\/#breadcrumb\"},\"inLanguage\":\"pt-BR\",\"potentialAction\":[{\"@type\":\"ReadAction\",\"target\":[\"https:\/\/ww16.ce.gov.br\/crede10-seduc\/sistemas\/\"]}]},{\"@type\":\"ImageObject\",\"inLanguage\":\"pt-BR\",\"@id\":\"https:\/\/ww16.ce.gov.br\/crede10-seduc\/sistemas\/#primaryimage\",\"url\":\"https:\/\/www.seduc.ce.gov.br\/wp-content\/uploads\/sites\/37\/2018\/09\/Conectividade-CDC.png\",\"contentUrl\":\"https:\/\/www.seduc.ce.gov.br\/wp-content\/uploads\/sites\/37\/2018\/09\/Conectividade-CDC.png\"},{\"@type\":\"BreadcrumbList\",\"@id\":\"https:\/\/ww16.ce.gov.br\/crede10-seduc\/sistemas\/#breadcrumb\",\"itemListElement\":[{\"@type\":\"ListItem\",\"position\":1,\"name\":\"In\u00edcio\",\"item\":\"https:\/\/ww16.ce.gov.br\/crede10-seduc\/\"},{\"@type\":\"ListItem\",\"position\":2,\"name\":\"Sistemas\"}]},{\"@type\":\"WebSite\",\"@id\":\"https:\/\/ww16.ce.gov.br\/crede10-seduc\/#website\",\"url\":\"https:\/\/ww16.ce.gov.br\/crede10-seduc\/\",\"name\":\"CREDE10-SEDUC\",\"description\":\"Portal CREDE10-SEDUC\",\"potentialAction\":[{\"@type\":\"SearchAction\",\"target\":{\"@type\":\"EntryPoint\",\"urlTemplate\":\"https:\/\/ww16.ce.gov.br\/crede10-seduc\/?s={search_term_string}\"},\"query-input\":{\"@type\":\"PropertyValueSpecification\",\"valueRequired\":true,\"valueName\":\"search_term_string\"}}],\"inLanguage\":\"pt-BR\"}]}<\/script>\n<!-- \/ Yoast SEO plugin. -->","yoast_head_json":{"title":"Sistemas - CREDE10-SEDUC","robots":{"index":"index","follow":"follow","max-snippet":"max-snippet:-1","max-image-preview":"max-image-preview:large","max-video-preview":"max-video-preview:-1"},"canonical":"https:\/\/ww16.ce.gov.br\/crede10-seduc\/sistemas\/","og_locale":"pt_BR","og_type":"article","og_title":"Sistemas - CREDE10-SEDUC","og_description":"&nbsp;","og_url":"https:\/\/ww16.ce.gov.br\/crede10-seduc\/sistemas\/","og_site_name":"CREDE10-SEDUC","article_modified_time":"2021-09-20T18:30:41+00:00","og_image":[{"url":"https:\/\/www.seduc.ce.gov.br\/wp-content\/uploads\/sites\/37\/2018\/09\/Conectividade-CDC.png","type":"","width":"","height":""}],"twitter_card":"summary_large_image","schema":{"@context":"https:\/\/schema.org","@graph":[{"@type":"WebPage","@id":"https:\/\/ww16.ce.gov.br\/crede10-seduc\/sistemas\/","url":"https:\/\/ww16.ce.gov.br\/crede10-seduc\/sistemas\/","name":"Sistemas - CREDE10-SEDUC","isPartOf":{"@id":"https:\/\/ww16.ce.gov.br\/crede10-seduc\/#website"},"primaryImageOfPage":{"@id":"https:\/\/ww16.ce.gov.br\/crede10-seduc\/sistemas\/#primaryimage"},"image":{"@id":"https:\/\/ww16.ce.gov.br\/crede10-seduc\/sistemas\/#primaryimage"},"thumbnailUrl":"https:\/\/www.seduc.ce.gov.br\/wp-content\/uploads\/sites\/37\/2018\/09\/Conectividade-CDC.png","datePublished":"2021-09-15T19:36:44+00:00","dateModified":"2021-09-20T18:30:41+00:00","breadcrumb":{"@id":"https:\/\/ww16.ce.gov.br\/crede10-seduc\/sistemas\/#breadcrumb"},"inLanguage":"pt-BR","potentialAction":[{"@type":"ReadAction","target":["https:\/\/ww16.ce.gov.br\/crede10-seduc\/sistemas\/"]}]},{"@type":"ImageObject","inLanguage":"pt-BR","@id":"https:\/\/ww16.ce.gov.br\/crede10-seduc\/sistemas\/#primaryimage","url":"https:\/\/www.seduc.ce.gov.br\/wp-content\/uploads\/sites\/37\/2018\/09\/Conectividade-CDC.png","contentUrl":"https:\/\/www.seduc.ce.gov.br\/wp-content\/uploads\/sites\/37\/2018\/09\/Conectividade-CDC.png"},{"@type":"BreadcrumbList","@id":"https:\/\/ww16.ce.gov.br\/crede10-seduc\/sistemas\/#breadcrumb","itemListElement":[{"@type":"ListItem","position":1,"name":"In\u00edcio","item":"https:\/\/ww16.ce.gov.br\/crede10-seduc\/"},{"@type":"ListItem","position":2,"name":"Sistemas"}]},{"@type":"WebSite","@id":"https:\/\/ww16.ce.gov.br\/crede10-seduc\/#website","url":"https:\/\/ww16.ce.gov.br\/crede10-seduc\/","name":"CREDE10-SEDUC","description":"Portal CREDE10-SEDUC","potentialAction":[{"@type":"SearchAction","target":{"@type":"EntryPoint","urlTemplate":"https:\/\/ww16.ce.gov.br\/crede10-seduc\/?s={search_term_string}"},"query-input":{"@type":"PropertyValueSpecification","valueRequired":true,"valueName":"search_term_string"}}],"inLanguage":"pt-BR"}]}},"_links":{"self":[{"href":"https:\/\/ww16.ce.gov.br\/crede10-seduc\/wp-json\/wp\/v2\/pages\/7185","targetHints":{"allow":["GET"]}}],"collection":[{"href":"https:\/\/ww16.ce.gov.br\/crede10-seduc\/wp-json\/wp\/v2\/pages"}],"about":[{"href":"https:\/\/ww16.ce.gov.br\/crede10-seduc\/wp-json\/wp\/v2\/types\/page"}],"author":[{"embeddable":true,"href":"https:\/\/ww16.ce.gov.br\/crede10-seduc\/wp-json\/wp\/v2\/users\/519"}],"replies":[{"embeddable":true,"href":"https:\/\/ww16.ce.gov.br\/crede10-seduc\/wp-json\/wp\/v2\/comments?post=7185"}],"version-history":[{"count":6,"href":"https:\/\/ww16.ce.gov.br\/crede10-seduc\/wp-json\/wp\/v2\/pages\/7185\/revisions"}],"predecessor-version":[{"id":7411,"href":"https:\/\/ww16.ce.gov.br\/crede10-seduc\/wp-json\/wp\/v2\/pages\/7185\/revisions\/7411"}],"wp:attachment":[{"href":"https:\/\/ww16.ce.gov.br\/crede10-seduc\/wp-json\/wp\/v2\/media?parent=7185"}],"curies":[{"name":"wp","href":"https:\/\/api.w.org\/{rel}","templated":true}]}}