{"id":7173,"date":"2021-09-15T16:27:22","date_gmt":"2021-09-15T19:27:22","guid":{"rendered":"http:\/\/www.crede10.seduc.ce.gov.br\/?page_id=7173"},"modified":"2025-05-27T13:26:24","modified_gmt":"2025-05-27T16:26:24","slug":"municipios","status":"publish","type":"page","link":"https:\/\/ww16.ce.gov.br\/crede10-seduc\/municipios\/","title":{"rendered":"MUNIC\u00cdPIOS"},"content":{"rendered":"<p>&nbsp;<\/p>\n<p><strong>ALTO SANTO<\/strong><\/p>\n<p>EEM Francisco Nonato Freire<\/p>\n<p>EEEP Vereador Jos\u00e9 Batista Filho<\/p>\n<p>&nbsp;<\/p>\n<p><strong>ARACATI<\/strong><\/p>\n<p>EEMTI Bar\u00e3o de Aracati<\/p>\n<p>EEM Beni Carvalho<\/p>\n<p>EEEP Professora Elsa Maria Porto Costa Lima<\/p>\n<p>CCI de Aracati<\/p>\n<p>&nbsp;<\/p>\n<p><strong>FORTIM<\/strong><\/p>\n<p>EEMTI Helenita Lopes Gurgel Valente<\/p>\n<p>&nbsp;<\/p>\n<p><strong>ICAPU\u00cd<\/strong><\/p>\n<p>EEMTI Prof. Gabriel Epif\u00e2no dos Reis<br \/>\nEEEP Jaime da Cunha Rebou\u00e7as<\/p>\n<p>&nbsp;<\/p>\n<p><strong>ITAI\u00c7ABA<\/strong><\/p>\n<p>EEMTI Jo\u00e3o Barbosa Lima<\/p>\n<p>&nbsp;<\/p>\n<p><strong>JAGUARUANA<\/strong><\/p>\n<p>EEMTI Francisco Jaguaribe<\/p>\n<p>EEMTI Manuel S\u00e1tiro<\/p>\n<p>EEEP Francisca Rocha<\/p>\n<p>&nbsp;<\/p>\n<p><strong>LIMOEIRO DO NORTE<\/strong><\/p>\n<p>EEM Lauro Rebou\u00e7as de Oliveira<\/p>\n<p>EEMTI Ars\u00eanio Ferreira Maia<\/p>\n<p>CEJA \u2013 Dr. Jos\u00e9 Nilson Osterne de Oliveira<\/p>\n<p>&nbsp;<\/p>\n<p><strong>MORADA NOVA<\/strong><\/p>\n<p>EEMTI Maria Em\u00edlia Rabelo \u2013<\/p>\n<p>EEM Eg\u00eddia Cavalcante Chagas<\/p>\n<p>EEEP Osmira Eduardo de Castro<\/p>\n<p>&nbsp;<\/p>\n<p><strong>PALHANO<\/strong><\/p>\n<p>EEMTI Jos\u00e9 Francisco de Moura<\/p>\n<p>&nbsp;<\/p>\n<p><strong>QUIXER\u00c9<\/strong><\/p>\n<p>EEMTI Gov. Manoel de Castro Filho<\/p>\n<p>EEMTI Joaquim Rodrigues de Lima<\/p>\n<p>&nbsp;<\/p>\n<p><strong>RUSSAS<\/strong><\/p>\n<p>Col. Est. Gov. Fl\u00e1vio Marc\u00edlio<\/p>\n<p>EEM Manuel Matoso Flho<\/p>\n<p>EEMTI Maria de Lourdes Oliveira<br \/>\nEEMTI Professor Walquer Cavalcante Maia<\/p>\n<p>EEEP Jeov\u00e1 Costa Lima<\/p>\n<p>CCI de Russas<\/p>\n<p>&nbsp;<\/p>\n<p><strong>S\u00c3O JO\u00c3O DO JAGUARIBE<\/strong><\/p>\n<p>EEMTI Francisco Guerreiro Chaves<\/p>\n<p>&nbsp;<\/p>\n<p><strong>TABULEIRO DO NORTE<br \/>\n<\/strong><\/p>\n<p>EEMTI Ant\u00f4nio Vidal Malveira<\/p>\n<p>EEMTI Francisco Moreira Filho<\/p>\n<p>EEEP Avelino Magalh\u00e3es<\/p>\n","protected":false},"excerpt":{"rendered":"<p>&nbsp; ALTO SANTO EEM Francisco Nonato Freire EEEP Vereador Jos\u00e9 Batista Filho &nbsp; ARACATI EEMTI Bar\u00e3o de Aracati EEM Beni Carvalho EEEP Professora Elsa Maria Porto Costa Lima CCI de Aracati &nbsp; FORTIM EEMTI Helenita Lopes Gurgel Valente &nbsp; ICAPU\u00cd EEMTI Prof. Gabriel Epif\u00e2no dos Reis EEEP Jaime da Cunha Rebou\u00e7as &nbsp; ITAI\u00c7ABA EEMTI Jo\u00e3o [&hellip;]<\/p>\n","protected":false},"author":715,"featured_media":0,"parent":0,"menu_order":0,"comment_status":"closed","ping_status":"closed","template":"","meta":{"_acf_changed":false,"inline_featured_image":false,"footnotes":""},"class_list":["post-7173","page","type-page","status-publish","hentry"],"acf":[],"yoast_head":"<!-- This site is optimized with the Yoast SEO plugin v26.9 - https:\/\/yoast.com\/product\/yoast-seo-wordpress\/ -->\n<title>MUNIC\u00cdPIOS - CREDE10-SEDUC<\/title>\n<meta name=\"robots\" content=\"index, follow, max-snippet:-1, max-image-preview:large, max-video-preview:-1\" \/>\n<link rel=\"canonical\" href=\"https:\/\/ww16.ce.gov.br\/crede10-seduc\/municipios\/\" \/>\n<meta property=\"og:locale\" content=\"pt_BR\" \/>\n<meta property=\"og:type\" content=\"article\" \/>\n<meta property=\"og:title\" content=\"MUNIC\u00cdPIOS - CREDE10-SEDUC\" \/>\n<meta property=\"og:description\" content=\"&nbsp; ALTO SANTO EEM Francisco Nonato Freire EEEP Vereador Jos\u00e9 Batista Filho &nbsp; ARACATI EEMTI Bar\u00e3o de Aracati EEM Beni Carvalho EEEP Professora Elsa Maria Porto Costa Lima CCI de Aracati &nbsp; FORTIM EEMTI Helenita Lopes Gurgel Valente &nbsp; ICAPU\u00cd EEMTI Prof. Gabriel Epif\u00e2no dos Reis EEEP Jaime da Cunha Rebou\u00e7as &nbsp; ITAI\u00c7ABA EEMTI Jo\u00e3o [&hellip;]\" \/>\n<meta property=\"og:url\" content=\"https:\/\/ww16.ce.gov.br\/crede10-seduc\/municipios\/\" \/>\n<meta property=\"og:site_name\" content=\"CREDE10-SEDUC\" \/>\n<meta property=\"article:modified_time\" content=\"2025-05-27T16:26:24+00:00\" \/>\n<meta name=\"twitter:card\" content=\"summary_large_image\" \/>\n<meta name=\"twitter:label1\" content=\"Est. reading time\" \/>\n\t<meta name=\"twitter:data1\" content=\"1 minuto\" \/>\n<script type=\"application\/ld+json\" class=\"yoast-schema-graph\">{\"@context\":\"https:\/\/schema.org\",\"@graph\":[{\"@type\":\"WebPage\",\"@id\":\"https:\/\/ww16.ce.gov.br\/crede10-seduc\/municipios\/\",\"url\":\"https:\/\/ww16.ce.gov.br\/crede10-seduc\/municipios\/\",\"name\":\"MUNIC\u00cdPIOS - CREDE10-SEDUC\",\"isPartOf\":{\"@id\":\"https:\/\/ww16.ce.gov.br\/crede10-seduc\/#website\"},\"datePublished\":\"2021-09-15T19:27:22+00:00\",\"dateModified\":\"2025-05-27T16:26:24+00:00\",\"breadcrumb\":{\"@id\":\"https:\/\/ww16.ce.gov.br\/crede10-seduc\/municipios\/#breadcrumb\"},\"inLanguage\":\"pt-BR\",\"potentialAction\":[{\"@type\":\"ReadAction\",\"target\":[\"https:\/\/ww16.ce.gov.br\/crede10-seduc\/municipios\/\"]}]},{\"@type\":\"BreadcrumbList\",\"@id\":\"https:\/\/ww16.ce.gov.br\/crede10-seduc\/municipios\/#breadcrumb\",\"itemListElement\":[{\"@type\":\"ListItem\",\"position\":1,\"name\":\"In\u00edcio\",\"item\":\"https:\/\/ww16.ce.gov.br\/crede10-seduc\/\"},{\"@type\":\"ListItem\",\"position\":2,\"name\":\"MUNIC\u00cdPIOS\"}]},{\"@type\":\"WebSite\",\"@id\":\"https:\/\/ww16.ce.gov.br\/crede10-seduc\/#website\",\"url\":\"https:\/\/ww16.ce.gov.br\/crede10-seduc\/\",\"name\":\"CREDE10-SEDUC\",\"description\":\"Portal CREDE10-SEDUC\",\"potentialAction\":[{\"@type\":\"SearchAction\",\"target\":{\"@type\":\"EntryPoint\",\"urlTemplate\":\"https:\/\/ww16.ce.gov.br\/crede10-seduc\/?s={search_term_string}\"},\"query-input\":{\"@type\":\"PropertyValueSpecification\",\"valueRequired\":true,\"valueName\":\"search_term_string\"}}],\"inLanguage\":\"pt-BR\"}]}<\/script>\n<!-- \/ Yoast SEO plugin. -->","yoast_head_json":{"title":"MUNIC\u00cdPIOS - CREDE10-SEDUC","robots":{"index":"index","follow":"follow","max-snippet":"max-snippet:-1","max-image-preview":"max-image-preview:large","max-video-preview":"max-video-preview:-1"},"canonical":"https:\/\/ww16.ce.gov.br\/crede10-seduc\/municipios\/","og_locale":"pt_BR","og_type":"article","og_title":"MUNIC\u00cdPIOS - CREDE10-SEDUC","og_description":"&nbsp; ALTO SANTO EEM Francisco Nonato Freire EEEP Vereador Jos\u00e9 Batista Filho &nbsp; ARACATI EEMTI Bar\u00e3o de Aracati EEM Beni Carvalho EEEP Professora Elsa Maria Porto Costa Lima CCI de Aracati &nbsp; FORTIM EEMTI Helenita Lopes Gurgel Valente &nbsp; ICAPU\u00cd EEMTI Prof. Gabriel Epif\u00e2no dos Reis EEEP Jaime da Cunha Rebou\u00e7as &nbsp; ITAI\u00c7ABA EEMTI Jo\u00e3o [&hellip;]","og_url":"https:\/\/ww16.ce.gov.br\/crede10-seduc\/municipios\/","og_site_name":"CREDE10-SEDUC","article_modified_time":"2025-05-27T16:26:24+00:00","twitter_card":"summary_large_image","twitter_misc":{"Est. reading time":"1 minuto"},"schema":{"@context":"https:\/\/schema.org","@graph":[{"@type":"WebPage","@id":"https:\/\/ww16.ce.gov.br\/crede10-seduc\/municipios\/","url":"https:\/\/ww16.ce.gov.br\/crede10-seduc\/municipios\/","name":"MUNIC\u00cdPIOS - CREDE10-SEDUC","isPartOf":{"@id":"https:\/\/ww16.ce.gov.br\/crede10-seduc\/#website"},"datePublished":"2021-09-15T19:27:22+00:00","dateModified":"2025-05-27T16:26:24+00:00","breadcrumb":{"@id":"https:\/\/ww16.ce.gov.br\/crede10-seduc\/municipios\/#breadcrumb"},"inLanguage":"pt-BR","potentialAction":[{"@type":"ReadAction","target":["https:\/\/ww16.ce.gov.br\/crede10-seduc\/municipios\/"]}]},{"@type":"BreadcrumbList","@id":"https:\/\/ww16.ce.gov.br\/crede10-seduc\/municipios\/#breadcrumb","itemListElement":[{"@type":"ListItem","position":1,"name":"In\u00edcio","item":"https:\/\/ww16.ce.gov.br\/crede10-seduc\/"},{"@type":"ListItem","position":2,"name":"MUNIC\u00cdPIOS"}]},{"@type":"WebSite","@id":"https:\/\/ww16.ce.gov.br\/crede10-seduc\/#website","url":"https:\/\/ww16.ce.gov.br\/crede10-seduc\/","name":"CREDE10-SEDUC","description":"Portal CREDE10-SEDUC","potentialAction":[{"@type":"SearchAction","target":{"@type":"EntryPoint","urlTemplate":"https:\/\/ww16.ce.gov.br\/crede10-seduc\/?s={search_term_string}"},"query-input":{"@type":"PropertyValueSpecification","valueRequired":true,"valueName":"search_term_string"}}],"inLanguage":"pt-BR"}]}},"_links":{"self":[{"href":"https:\/\/ww16.ce.gov.br\/crede10-seduc\/wp-json\/wp\/v2\/pages\/7173","targetHints":{"allow":["GET"]}}],"collection":[{"href":"https:\/\/ww16.ce.gov.br\/crede10-seduc\/wp-json\/wp\/v2\/pages"}],"about":[{"href":"https:\/\/ww16.ce.gov.br\/crede10-seduc\/wp-json\/wp\/v2\/types\/page"}],"author":[{"embeddable":true,"href":"https:\/\/ww16.ce.gov.br\/crede10-seduc\/wp-json\/wp\/v2\/users\/715"}],"replies":[{"embeddable":true,"href":"https:\/\/ww16.ce.gov.br\/crede10-seduc\/wp-json\/wp\/v2\/comments?post=7173"}],"version-history":[{"count":14,"href":"https:\/\/ww16.ce.gov.br\/crede10-seduc\/wp-json\/wp\/v2\/pages\/7173\/revisions"}],"predecessor-version":[{"id":11571,"href":"https:\/\/ww16.ce.gov.br\/crede10-seduc\/wp-json\/wp\/v2\/pages\/7173\/revisions\/11571"}],"wp:attachment":[{"href":"https:\/\/ww16.ce.gov.br\/crede10-seduc\/wp-json\/wp\/v2\/media?parent=7173"}],"curies":[{"name":"wp","href":"https:\/\/api.w.org\/{rel}","templated":true}]}}