{"id":7159,"date":"2021-09-15T16:11:25","date_gmt":"2021-09-15T19:11:25","guid":{"rendered":"http:\/\/www.crede10.seduc.ce.gov.br\/?page_id=7159"},"modified":"2025-05-27T13:36:45","modified_gmt":"2025-05-27T16:36:45","slug":"eemti","status":"publish","type":"page","link":"https:\/\/ww16.ce.gov.br\/crede10-seduc\/eemti\/","title":{"rendered":"Ensino M\u00e9dio de Tempo Integral (EEMTI)"},"content":{"rendered":"<p>&nbsp;<\/p>\n<p style=\"text-align: left\"><strong>ARACATI<\/strong><\/p>\n<hr \/>\n<p><strong>EEMTI Bar\u00e3o de Aracati<\/strong><\/p>\n<p>Endere\u00e7o: Pra\u00e7as dos Prazeres, n\u00ba 82 \u2013 Bairro: Centro \u2013 Aracati, Cear\u00e1. CEP:62800-000<\/p>\n<p>Diretor(a): Francisca Val\u00e9ria Silva Melo Braga<\/p>\n<p>Contato: (88) 3446-2608; E-mail: baraoaracati@escola.ce.gov.br<\/p>\n<p>&nbsp;<\/p>\n<p style=\"text-align: left\"><strong>FORTIM<\/strong><\/p>\n<hr \/>\n<p><strong>EEMTI Helenita Lopes Gurgel Valente<\/strong><\/p>\n<p>Endere\u00e7o: Rua Jorge Ferreira, n\u00ba 250 \u2013 Bairro: Vi\u00e7osa \u2013 Fortim, Cear\u00e1 \u2013 CEP: 62815-000<\/p>\n<p>Diretor(a): Ana Leda da Silva<\/p>\n<p>Contato: (88) 3413-1398; E-mail: helenita@escola.ce.gov.br<\/p>\n<p>&nbsp;<\/p>\n<p><strong>ICAPU\u00cd<\/strong><\/p>\n<hr \/>\n<p><strong>EEMTI Prof. Gabriel Epif\u00e2nio dos Reis<\/strong><\/p>\n<p>Rua Filizolina Freitas, n\u00ba 23 \u2013 Bairro: Cajuais \u2013 Icapu\u00ed, Cear\u00e1 \u2013 CEP:62810-000<\/p>\n<p>Diretor(a): Antonio S\u00e9rgio de Paula<\/p>\n<p>Contato:(88) 3432-1079; E-mail: profgabriel@escola.ce.gov.br<\/p>\n<p>&nbsp;<\/p>\n<p><strong>ITAI\u00c7ABA<\/strong><\/p>\n<hr \/>\n<p><strong>EEMTI Jo\u00e3o Barbosa Lima<\/strong><\/p>\n<p>Rua Cel. Jo\u00e3o Batista, n\u00ba 397 \u2013 Bairro: Centro \u2013 Itai\u00e7aba, Cear\u00e1 \u2013 CEP:62800-000<\/p>\n<p>Diretor(a): Regilberto Jos\u00e9 Silva<\/p>\n<p>Contato:(88) 3410-1255; Email:eefmjbl@escola.ce.gov.br<\/p>\n<p>&nbsp;<\/p>\n<p><strong>JAGUARUANA<\/strong><\/p>\n<hr \/>\n<p><strong>EEMTI Manuel S\u00e1tiro<\/strong><br \/>\nAv. Dr. Ant\u00f4nio da Rocha Freitas, n\u00ba 1278 \u2013 Bairro: Centro \u2013 Jaguaruana, Cear\u00e1 \u2013 CEP: 62823-000<br \/>\nDiretor(a): Neyara Oliveira Lima<br \/>\nContato:(88) 3418-1118; E-mail: manuelsatiro@escola.ce.gov.br<\/p>\n<p>&nbsp;<\/p>\n<p><strong>EEMTI Francisco Jaguaribe<\/strong><\/p>\n<p>Av. Cel. Raimundo Francisco, n\u00ba 1135 \u2013 Bairro: Lagoa \u2013 Jaguaruana, Cear\u00e1 \u2013 CEP: 62823-000<\/p>\n<p>Diretor(a): Fco. Glauber de Brito Silva<\/p>\n<p>Contato: (88) 3418-1666; E-mail: fjaguaribe@escola.ce.gov.br<\/p>\n<p>&nbsp;<\/p>\n<p><strong>LIMOEIRO DO NORTE<\/strong><\/p>\n<hr \/>\n<p><strong>EEMTI Ars\u00eanio Ferreira Maia<\/strong><\/p>\n<p>Rua Cel. Jos\u00e9 Nunes, n\u00ba 1245 \u2013 Bairro: Itamb\u00e9 \u2013 Limoeiro do Norte \u2013 Cear\u00e1 \u2013 CEP: 62930-000<\/p>\n<p>Diretor(a): Ant\u00f4nia de Jesus \u00c2ngelo<\/p>\n<p>Contato:(88) 3423-6969; E-mail: arsenio@escola.ce.gov.br<\/p>\n<p>&nbsp;<\/p>\n<p><strong>MORADA NOVA<\/strong><\/p>\n<hr \/>\n<p><strong>EEMTI Maria Em\u00edlia Rabelo<\/strong><\/p>\n<p>Av. Manoel de Castro, n\u00ba 619 \u2013 Bairro: Centro \u2013 Morada Nova, Cear\u00e1 \u2013 CEP: 62940-000<\/p>\n<p>Diretor(a): Paulo Borges Lima Rodrigues<\/p>\n<p>Contato: (88) 3422-2811; E-mail: cemer@escola.ce.gov.br<\/p>\n<p>&nbsp;<\/p>\n<p><strong>PALHANO<\/strong><\/p>\n<hr \/>\n<p><strong>EEMTI Jos\u00e9 Francisco de Moura<\/strong><\/p>\n<p>Av. Possid\u00f4nio Barreto, n\u00ba 459 \u2013 Bairro: Centro \u2013 Palhano, Cear\u00e1 \u2013 CEP: 62910-000<\/p>\n<p>Diretor(a): Josiany Fernandez Bezerra<\/p>\n<p>Contato: (88)3415-1500; E-mail: jfmoura@escola.ce.gov.br<\/p>\n<p>&nbsp;<\/p>\n<p><strong>QUIXER\u00c9<\/strong><\/p>\n<hr \/>\n<p><strong>EEMTI Gov. Manoel de Castro Filho<\/strong><\/p>\n<p>Rua Padre Joaquim de Menezes, n\u00ba 1110, Centro \u2013 Quixer\u00e9 \u2013 Cear\u00e1 \u2013 CEP: 62920-000<\/p>\n<p>Diretor(a): Jose Roberto Ribeiro Lima<\/p>\n<p>Contato: (88) 3443-1400; E-mail: eefmgmcf@escola.ce.gov.br<\/p>\n<p>&nbsp;<\/p>\n<p><strong>EEMTI Joaquim Rodrigues de Lima<\/strong><\/p>\n<p>S\/N\u00ba \u2013 Lagoinha \u2013 Quixer\u00e9 \u2013 Cear\u00e1 \u2013 CEP: 62920-000<\/p>\n<p>Diretor(a): Jos\u00e9 Cl\u00e1udio Brito Ara\u00fajo<\/p>\n<p>Contato: e-mail: claudio.brito@escola.ce.gov.br ; joaquimlima@escola.ce.gov.br<\/p>\n<p>&nbsp;<\/p>\n<p><strong>RUSSAS<\/strong><\/p>\n<hr \/>\n<p><strong>EEMTI Professor Walquer Calvancante Maia<\/strong><\/p>\n<p>Travessa Pedro Ara\u00fajo, 175-Ipiranga \u2013 Russas, Cear\u00e1<\/p>\n<p>Diretor(a): Ronaldo Matoso Ferreira<\/p>\n<p>Contato: E-mail: eemti.walquercmaia@escola.ce.gov.br<\/p>\n<p>&nbsp;<\/p>\n<p><strong>EEMTI Maria de Lourdes Oliveira<\/strong><\/p>\n<p>Rua Jos\u00e9 Sabino Mendes, n\u00ba 2313-Flores \u2013 Russas, Cear\u00e1<\/p>\n<p>Diretor(a): Gilson Sales Mano<\/p>\n<p>Contato: 88) 3409-0289; E-mail: mariadelourdes@escola.ce.gov.br<\/p>\n<p>&nbsp;<\/p>\n<p><strong>S\u00c3O JO\u00c3O DO JAGUARIBE<br \/>\n<\/strong><\/p>\n<hr \/>\n<p><strong>EEMTI Francisco Guerreiro Chaves<\/strong><\/p>\n<p>Rua C\u00e2ndido Chaves, n\u00ba 572 \u2013 Bairro: Centro \u2013 S\u00e3o Jo\u00e3o do Jaguaribe, Cear\u00e1 \u2013 CEP: 62965-000<\/p>\n<p>Diretor(a): Rosenir Costa Peixoto<\/p>\n<p>Contato: (88) 3420-1638; E-mail: fguerreiro@escola.ce.gov.br<\/p>\n<p>&nbsp;<\/p>\n<p><strong>TABULEIRO DO NORTE<br \/>\n<\/strong><\/p>\n<hr \/>\n<p><strong>EEMTI Ant\u00f4nio Vidal Malveira<\/strong><\/p>\n<p>Rua do Com\u00e9rcio, n\u00ba 157 \u2013 Olho D&#8217;\u00e1gua da Bica, Tabuleiro do Norte, Cear\u00e1 \u2013 CEP: 62960-000<\/p>\n<p>Diretor(a): Valderino Aires de Oliveira<\/p>\n<p>Contato: (88)3424-3817; E-mail: antoniovidal@escola.ce.gov.br<\/p>\n<p>&nbsp;<\/p>\n<p><strong>EEMTI Francisco Moreira Filho<\/strong><\/p>\n<p>Rua Manoel Franklin, n\u00ba 4915 \u2013 Bairro: Centro, Tabuleiro do Norte, Cear\u00e1 \u2013 CEP: 62960-000<\/p>\n<p>Diretor(a): Maria Marcleide Maia Chaves<\/p>\n<p>Contato: (88) 3424-3810; E-mail: eefmfmoreira@escola.ce.gov.br<\/p>\n<p>&nbsp;<\/p>\n","protected":false},"excerpt":{"rendered":"<p>&nbsp; ARACATI EEMTI Bar\u00e3o de Aracati Endere\u00e7o: Pra\u00e7as dos Prazeres, n\u00ba 82 \u2013 Bairro: Centro \u2013 Aracati, Cear\u00e1. CEP:62800-000 Diretor(a): Francisca Val\u00e9ria Silva Melo Braga Contato: (88) 3446-2608; E-mail: baraoaracati@escola.ce.gov.br &nbsp; FORTIM EEMTI Helenita Lopes Gurgel Valente Endere\u00e7o: Rua Jorge Ferreira, n\u00ba 250 \u2013 Bairro: Vi\u00e7osa \u2013 Fortim, Cear\u00e1 \u2013 CEP: 62815-000 Diretor(a): Ana Leda [&hellip;]<\/p>\n","protected":false},"author":715,"featured_media":0,"parent":0,"menu_order":0,"comment_status":"closed","ping_status":"closed","template":"","meta":{"_acf_changed":false,"inline_featured_image":false,"footnotes":""},"class_list":["post-7159","page","type-page","status-publish","hentry"],"acf":[],"yoast_head":"<!-- This site is optimized with the Yoast SEO plugin v26.9 - https:\/\/yoast.com\/product\/yoast-seo-wordpress\/ -->\n<title>Ensino M\u00e9dio de Tempo Integral (EEMTI) - CREDE10-SEDUC<\/title>\n<meta name=\"robots\" content=\"index, follow, max-snippet:-1, max-image-preview:large, max-video-preview:-1\" \/>\n<link rel=\"canonical\" href=\"https:\/\/ww16.ce.gov.br\/crede10-seduc\/eemti\/\" \/>\n<meta property=\"og:locale\" content=\"pt_BR\" \/>\n<meta property=\"og:type\" content=\"article\" \/>\n<meta property=\"og:title\" content=\"Ensino M\u00e9dio de Tempo Integral (EEMTI) - CREDE10-SEDUC\" \/>\n<meta property=\"og:description\" content=\"&nbsp; ARACATI EEMTI Bar\u00e3o de Aracati Endere\u00e7o: Pra\u00e7as dos Prazeres, n\u00ba 82 \u2013 Bairro: Centro \u2013 Aracati, Cear\u00e1. CEP:62800-000 Diretor(a): Francisca Val\u00e9ria Silva Melo Braga Contato: (88) 3446-2608; E-mail: baraoaracati@escola.ce.gov.br &nbsp; FORTIM EEMTI Helenita Lopes Gurgel Valente Endere\u00e7o: Rua Jorge Ferreira, n\u00ba 250 \u2013 Bairro: Vi\u00e7osa \u2013 Fortim, Cear\u00e1 \u2013 CEP: 62815-000 Diretor(a): Ana Leda [&hellip;]\" \/>\n<meta property=\"og:url\" content=\"https:\/\/ww16.ce.gov.br\/crede10-seduc\/eemti\/\" \/>\n<meta property=\"og:site_name\" content=\"CREDE10-SEDUC\" \/>\n<meta property=\"article:modified_time\" content=\"2025-05-27T16:36:45+00:00\" \/>\n<meta name=\"twitter:card\" content=\"summary_large_image\" \/>\n<meta name=\"twitter:label1\" content=\"Est. reading time\" \/>\n\t<meta name=\"twitter:data1\" content=\"3 minutos\" \/>\n<script type=\"application\/ld+json\" class=\"yoast-schema-graph\">{\"@context\":\"https:\/\/schema.org\",\"@graph\":[{\"@type\":\"WebPage\",\"@id\":\"https:\/\/ww16.ce.gov.br\/crede10-seduc\/eemti\/\",\"url\":\"https:\/\/ww16.ce.gov.br\/crede10-seduc\/eemti\/\",\"name\":\"Ensino M\u00e9dio de Tempo Integral (EEMTI) - CREDE10-SEDUC\",\"isPartOf\":{\"@id\":\"https:\/\/ww16.ce.gov.br\/crede10-seduc\/#website\"},\"datePublished\":\"2021-09-15T19:11:25+00:00\",\"dateModified\":\"2025-05-27T16:36:45+00:00\",\"breadcrumb\":{\"@id\":\"https:\/\/ww16.ce.gov.br\/crede10-seduc\/eemti\/#breadcrumb\"},\"inLanguage\":\"pt-BR\",\"potentialAction\":[{\"@type\":\"ReadAction\",\"target\":[\"https:\/\/ww16.ce.gov.br\/crede10-seduc\/eemti\/\"]}]},{\"@type\":\"BreadcrumbList\",\"@id\":\"https:\/\/ww16.ce.gov.br\/crede10-seduc\/eemti\/#breadcrumb\",\"itemListElement\":[{\"@type\":\"ListItem\",\"position\":1,\"name\":\"In\u00edcio\",\"item\":\"https:\/\/ww16.ce.gov.br\/crede10-seduc\/\"},{\"@type\":\"ListItem\",\"position\":2,\"name\":\"Ensino M\u00e9dio de Tempo Integral (EEMTI)\"}]},{\"@type\":\"WebSite\",\"@id\":\"https:\/\/ww16.ce.gov.br\/crede10-seduc\/#website\",\"url\":\"https:\/\/ww16.ce.gov.br\/crede10-seduc\/\",\"name\":\"CREDE10-SEDUC\",\"description\":\"Portal CREDE10-SEDUC\",\"potentialAction\":[{\"@type\":\"SearchAction\",\"target\":{\"@type\":\"EntryPoint\",\"urlTemplate\":\"https:\/\/ww16.ce.gov.br\/crede10-seduc\/?s={search_term_string}\"},\"query-input\":{\"@type\":\"PropertyValueSpecification\",\"valueRequired\":true,\"valueName\":\"search_term_string\"}}],\"inLanguage\":\"pt-BR\"}]}<\/script>\n<!-- \/ Yoast SEO plugin. -->","yoast_head_json":{"title":"Ensino M\u00e9dio de Tempo Integral (EEMTI) - CREDE10-SEDUC","robots":{"index":"index","follow":"follow","max-snippet":"max-snippet:-1","max-image-preview":"max-image-preview:large","max-video-preview":"max-video-preview:-1"},"canonical":"https:\/\/ww16.ce.gov.br\/crede10-seduc\/eemti\/","og_locale":"pt_BR","og_type":"article","og_title":"Ensino M\u00e9dio de Tempo Integral (EEMTI) - CREDE10-SEDUC","og_description":"&nbsp; ARACATI EEMTI Bar\u00e3o de Aracati Endere\u00e7o: Pra\u00e7as dos Prazeres, n\u00ba 82 \u2013 Bairro: Centro \u2013 Aracati, Cear\u00e1. CEP:62800-000 Diretor(a): Francisca Val\u00e9ria Silva Melo Braga Contato: (88) 3446-2608; E-mail: baraoaracati@escola.ce.gov.br &nbsp; FORTIM EEMTI Helenita Lopes Gurgel Valente Endere\u00e7o: Rua Jorge Ferreira, n\u00ba 250 \u2013 Bairro: Vi\u00e7osa \u2013 Fortim, Cear\u00e1 \u2013 CEP: 62815-000 Diretor(a): Ana Leda [&hellip;]","og_url":"https:\/\/ww16.ce.gov.br\/crede10-seduc\/eemti\/","og_site_name":"CREDE10-SEDUC","article_modified_time":"2025-05-27T16:36:45+00:00","twitter_card":"summary_large_image","twitter_misc":{"Est. reading time":"3 minutos"},"schema":{"@context":"https:\/\/schema.org","@graph":[{"@type":"WebPage","@id":"https:\/\/ww16.ce.gov.br\/crede10-seduc\/eemti\/","url":"https:\/\/ww16.ce.gov.br\/crede10-seduc\/eemti\/","name":"Ensino M\u00e9dio de Tempo Integral (EEMTI) - CREDE10-SEDUC","isPartOf":{"@id":"https:\/\/ww16.ce.gov.br\/crede10-seduc\/#website"},"datePublished":"2021-09-15T19:11:25+00:00","dateModified":"2025-05-27T16:36:45+00:00","breadcrumb":{"@id":"https:\/\/ww16.ce.gov.br\/crede10-seduc\/eemti\/#breadcrumb"},"inLanguage":"pt-BR","potentialAction":[{"@type":"ReadAction","target":["https:\/\/ww16.ce.gov.br\/crede10-seduc\/eemti\/"]}]},{"@type":"BreadcrumbList","@id":"https:\/\/ww16.ce.gov.br\/crede10-seduc\/eemti\/#breadcrumb","itemListElement":[{"@type":"ListItem","position":1,"name":"In\u00edcio","item":"https:\/\/ww16.ce.gov.br\/crede10-seduc\/"},{"@type":"ListItem","position":2,"name":"Ensino M\u00e9dio de Tempo Integral (EEMTI)"}]},{"@type":"WebSite","@id":"https:\/\/ww16.ce.gov.br\/crede10-seduc\/#website","url":"https:\/\/ww16.ce.gov.br\/crede10-seduc\/","name":"CREDE10-SEDUC","description":"Portal CREDE10-SEDUC","potentialAction":[{"@type":"SearchAction","target":{"@type":"EntryPoint","urlTemplate":"https:\/\/ww16.ce.gov.br\/crede10-seduc\/?s={search_term_string}"},"query-input":{"@type":"PropertyValueSpecification","valueRequired":true,"valueName":"search_term_string"}}],"inLanguage":"pt-BR"}]}},"_links":{"self":[{"href":"https:\/\/ww16.ce.gov.br\/crede10-seduc\/wp-json\/wp\/v2\/pages\/7159","targetHints":{"allow":["GET"]}}],"collection":[{"href":"https:\/\/ww16.ce.gov.br\/crede10-seduc\/wp-json\/wp\/v2\/pages"}],"about":[{"href":"https:\/\/ww16.ce.gov.br\/crede10-seduc\/wp-json\/wp\/v2\/types\/page"}],"author":[{"embeddable":true,"href":"https:\/\/ww16.ce.gov.br\/crede10-seduc\/wp-json\/wp\/v2\/users\/715"}],"replies":[{"embeddable":true,"href":"https:\/\/ww16.ce.gov.br\/crede10-seduc\/wp-json\/wp\/v2\/comments?post=7159"}],"version-history":[{"count":16,"href":"https:\/\/ww16.ce.gov.br\/crede10-seduc\/wp-json\/wp\/v2\/pages\/7159\/revisions"}],"predecessor-version":[{"id":11577,"href":"https:\/\/ww16.ce.gov.br\/crede10-seduc\/wp-json\/wp\/v2\/pages\/7159\/revisions\/11577"}],"wp:attachment":[{"href":"https:\/\/ww16.ce.gov.br\/crede10-seduc\/wp-json\/wp\/v2\/media?parent=7159"}],"curies":[{"name":"wp","href":"https:\/\/api.w.org\/{rel}","templated":true}]}}