{"id":7157,"date":"2021-09-15T16:09:34","date_gmt":"2021-09-15T19:09:34","guid":{"rendered":"http:\/\/www.crede10.seduc.ce.gov.br\/?page_id=7157"},"modified":"2025-05-27T14:14:27","modified_gmt":"2025-05-27T17:14:27","slug":"eeep","status":"publish","type":"page","link":"https:\/\/ww16.ce.gov.br\/crede10-seduc\/eeep\/","title":{"rendered":"Ensino M\u00e9dio T\u00e9cnico Profissionalizante (EEEP)"},"content":{"rendered":"<p>&nbsp;<\/p>\n<p><strong>ALTO SANTO<\/strong><\/p>\n<hr \/>\n<p><strong>\u2022 ESCOLA ESTADUAL DE EDUCA\u00c7\u00c3O PROFISSIONAL VEREADOR JOS\u00c9 BATISTA FILHO &#8211; ZEZINHO<\/strong><br \/>\nEndere\u00e7o: Rua Dom Pompeu Bessa S\/N, \u2013 Bairro: Dom Pompeu\u00a0 \u2013 Alto Santo\u00a0 \u2013 CE \u2013 CEP 62970-000.<br \/>\nDiretora: Cristiano Silva da Rocha Di\u00f3genes<br \/>\nContatos: Fone(88)<br \/>\nE-mail: eeepaltosanto@escola.ce.gov.br<\/p>\n<p>&nbsp;<\/p>\n<p><strong>ARACATI<br \/>\n<\/strong><\/p>\n<hr \/>\n<p><strong>\u2022\u00a0ESCOLA ESTADUAL DE EDUCA\u00c7\u00c3O PROFISSIONAL PROFESSORA ELSA MARIA PORTO COSTA LIMA\u00a0(INEP 23265426)<\/strong><br \/>\nEndere\u00e7o: Rua Jos\u00e9 de Alencar, 1930; Bairro \u2013 Nossa Senhora de Lourdes \u2013 Aracati, CE \u2013 CEP: 62800 \u2013 000<br \/>\nDiretor: M\u00e1rcia Viana Porto Vieira<br \/>\nContatos: Fone(88)3421-2149<br \/>\nE-mail:\u00a0eparacati@escola.ce.gov.br<\/p>\n<p>&nbsp;<\/p>\n<p><strong>ICAPU\u00cd<br \/>\n<\/strong><\/p>\n<hr \/>\n<p><strong>\u2022 ESCOLA ESTADUAL DE EDUCA\u00c7\u00c3O PROFISSIONAL JAIME DA CUNHA REBOU\u00c7AS<\/strong><br \/>\nEndere\u00e7o: CE 261, S\/N,\u00a0 Serra do Mar \u2013 Bairro: Mutamba\u00a0 \u2013 Icapu\u00ed\u00a0 \u2013 CE \u2013 CEP 62810-000.<br \/>\nDiretor: Francisca Edilene Fernandes da Silva<br \/>\nContatos: Fone(88)<br \/>\nE-mail: epicapui@escola.ce.gov.br<\/p>\n<p>&nbsp;<\/p>\n<p><strong>JAGUARUANA<br \/>\n<\/strong><\/p>\n<hr \/>\n<p><strong>\u2022\u00a0ESCOLA ESTADUAL DE EDUCA\u00c7\u00c3O PROFISSIONAL FRANCISCA ROCHA SILVA\u00a0(INEP 23236094)<\/strong><br \/>\nEndere\u00e7o: Jo\u00e3o Celed\u00f4nio Sobrinho, S\/N\u00ba \u2013 Alto da Caatinga\u00a0 \u2013 Jaguaruana\u00a0 \u2013 CE \u2013 CEP 62823-000.<br \/>\nDiretor: Francisco Leandro de Paula<br \/>\nContatos: Fone(88) 3418-1281<br \/>\nE-mail:\u00a0epjaguaruana@escola.ce.gov.br<\/p>\n<p>&nbsp;<\/p>\n<p><strong>LIMOEIRO DO NORTE<\/strong><\/p>\n<hr \/>\n<p><strong>\u2022 ESCOLA ESTADUAL DE EDUCA\u00c7\u00c3O PROFISSIONAL\u00a0 L\u00daCIA BALTAZAR COSTA<\/strong><br \/>\nEndere\u00e7o: Rua Gon\u00e7alves Pereira S\/N, CE 358 Conj. Habitacional Quadra B &#8211; Estrada de Flores \u2013 Bairro: Luiza A. de Freitas &#8211; \u00a0 \u2013 Limoeiro do Norte\u00a0 \u2013 CE \u2013 CEP 62930-000.<br \/>\nDiretor: Paulo S\u00e9rgio Bessa Salgado<br \/>\nContatos: Fone(88)<br \/>\nE-mail: eplimoeiro@escola.ce.gov.br<\/p>\n<p>&nbsp;<\/p>\n<p><strong>MORADA NOVA<br \/>\n<\/strong><\/p>\n<hr \/>\n<p><strong>\u2022\u00a0ESCOLA ESTADUAL DE EDUCA\u00c7\u00c3O PROFISSIONAL OSMIRA EDUARDO DE CASTRO\u00a0(INEP 23236078)<\/strong><br \/>\nEndere\u00e7o: Alu\u00edzio Gonzaga de Lima, S\/N\u00ba \u2013 Bairro: 2 de Agosto \u2013 Morada Nova \u2013 CE \u2013 CEP 62940 \u2013 000.<br \/>\nDiretor: Eliv\u00e2nio Moreira da Silva<br \/>\nContatos: Fone(88) 3422-1694<br \/>\nE-mail:\u00a0epmoradanova@escola.ce.gov.br<\/p>\n<p>&nbsp;<\/p>\n<p><strong>RUSSAS<br \/>\n<\/strong><\/p>\n<hr \/>\n<p><strong>\u2022 ESCOLA ESTADUAL DE EDUCA\u00c7\u00c3O PROFISSIONAL JEOV\u00c1 COSTA LIMA (INEP 23255528)<\/strong><br \/>\nEndere\u00e7o: Rua Jo\u00e3o Maciel Pereira, 3130 &#8211; Nossa Sra. de F\u00e1tima, Russas &#8211; CE, 62906-093<br \/>\nDiretor: Francisca Roberiana Martins de Oliveira<br \/>\nContatos: Fone(88) 3411 8508<br \/>\nE-mail:\u00a0eprussas@escola.ce.gov.br<\/p>\n<p>&nbsp;<\/p>\n<p><strong>TABULEIRO DO NORTE<\/strong><\/p>\n<hr \/>\n<p><strong>\u2022\u00a0ESCOLA ESTADUAL DE EDUCA\u00c7\u00c3O PROFISSIONAL AVELINO MAGALH\u00c3ES\u00a0(INEP 23133155)<\/strong><br \/>\nEndere\u00e7o: Rua Maria Alzenir Freitas, 4915. Bairro Jurandir Maia de Azevedo \u2013 Tabuleiro do Norte \u2013 Cear\u00e1 \u2013 CEP: 62960-000<br \/>\nDiretora: Maria Neide de Moura Targino<br \/>\nContatos: Fone (88) 3424-3815<br \/>\nE-mail:\u00a0avelinom@escola.ce.gov.br<\/p>\n<p>&nbsp;<\/p>\n","protected":false},"excerpt":{"rendered":"<p>&nbsp; ALTO SANTO \u2022 ESCOLA ESTADUAL DE EDUCA\u00c7\u00c3O PROFISSIONAL VEREADOR JOS\u00c9 BATISTA FILHO &#8211; ZEZINHO Endere\u00e7o: Rua Dom Pompeu Bessa S\/N, \u2013 Bairro: Dom Pompeu\u00a0 \u2013 Alto Santo\u00a0 \u2013 CE \u2013 CEP 62970-000. Diretora: Cristiano Silva da Rocha Di\u00f3genes Contatos: Fone(88) E-mail: eeepaltosanto@escola.ce.gov.br &nbsp; ARACATI \u2022\u00a0ESCOLA ESTADUAL DE EDUCA\u00c7\u00c3O PROFISSIONAL PROFESSORA ELSA MARIA PORTO COSTA [&hellip;]<\/p>\n","protected":false},"author":715,"featured_media":0,"parent":0,"menu_order":0,"comment_status":"closed","ping_status":"closed","template":"","meta":{"_acf_changed":false,"inline_featured_image":false,"footnotes":""},"class_list":["post-7157","page","type-page","status-publish","hentry"],"acf":[],"yoast_head":"<!-- This site is optimized with the Yoast SEO plugin v26.9 - https:\/\/yoast.com\/product\/yoast-seo-wordpress\/ -->\n<title>Ensino M\u00e9dio T\u00e9cnico Profissionalizante (EEEP) - CREDE10-SEDUC<\/title>\n<meta name=\"robots\" content=\"index, follow, max-snippet:-1, max-image-preview:large, max-video-preview:-1\" \/>\n<link rel=\"canonical\" href=\"https:\/\/ww16.ce.gov.br\/crede10-seduc\/eeep\/\" \/>\n<meta property=\"og:locale\" content=\"pt_BR\" \/>\n<meta property=\"og:type\" content=\"article\" \/>\n<meta property=\"og:title\" content=\"Ensino M\u00e9dio T\u00e9cnico Profissionalizante (EEEP) - CREDE10-SEDUC\" \/>\n<meta property=\"og:description\" content=\"&nbsp; ALTO SANTO \u2022 ESCOLA ESTADUAL DE EDUCA\u00c7\u00c3O PROFISSIONAL VEREADOR JOS\u00c9 BATISTA FILHO &#8211; ZEZINHO Endere\u00e7o: Rua Dom Pompeu Bessa S\/N, \u2013 Bairro: Dom Pompeu\u00a0 \u2013 Alto Santo\u00a0 \u2013 CE \u2013 CEP 62970-000. Diretora: Cristiano Silva da Rocha Di\u00f3genes Contatos: Fone(88) E-mail: eeepaltosanto@escola.ce.gov.br &nbsp; ARACATI \u2022\u00a0ESCOLA ESTADUAL DE EDUCA\u00c7\u00c3O PROFISSIONAL PROFESSORA ELSA MARIA PORTO COSTA [&hellip;]\" \/>\n<meta property=\"og:url\" content=\"https:\/\/ww16.ce.gov.br\/crede10-seduc\/eeep\/\" \/>\n<meta property=\"og:site_name\" content=\"CREDE10-SEDUC\" \/>\n<meta property=\"article:modified_time\" content=\"2025-05-27T17:14:27+00:00\" \/>\n<meta name=\"twitter:card\" content=\"summary_large_image\" \/>\n<meta name=\"twitter:label1\" content=\"Est. reading time\" \/>\n\t<meta name=\"twitter:data1\" content=\"2 minutos\" \/>\n<script type=\"application\/ld+json\" class=\"yoast-schema-graph\">{\"@context\":\"https:\/\/schema.org\",\"@graph\":[{\"@type\":\"WebPage\",\"@id\":\"https:\/\/ww16.ce.gov.br\/crede10-seduc\/eeep\/\",\"url\":\"https:\/\/ww16.ce.gov.br\/crede10-seduc\/eeep\/\",\"name\":\"Ensino M\u00e9dio T\u00e9cnico Profissionalizante (EEEP) - CREDE10-SEDUC\",\"isPartOf\":{\"@id\":\"https:\/\/ww16.ce.gov.br\/crede10-seduc\/#website\"},\"datePublished\":\"2021-09-15T19:09:34+00:00\",\"dateModified\":\"2025-05-27T17:14:27+00:00\",\"breadcrumb\":{\"@id\":\"https:\/\/ww16.ce.gov.br\/crede10-seduc\/eeep\/#breadcrumb\"},\"inLanguage\":\"pt-BR\",\"potentialAction\":[{\"@type\":\"ReadAction\",\"target\":[\"https:\/\/ww16.ce.gov.br\/crede10-seduc\/eeep\/\"]}]},{\"@type\":\"BreadcrumbList\",\"@id\":\"https:\/\/ww16.ce.gov.br\/crede10-seduc\/eeep\/#breadcrumb\",\"itemListElement\":[{\"@type\":\"ListItem\",\"position\":1,\"name\":\"In\u00edcio\",\"item\":\"https:\/\/ww16.ce.gov.br\/crede10-seduc\/\"},{\"@type\":\"ListItem\",\"position\":2,\"name\":\"Ensino M\u00e9dio T\u00e9cnico Profissionalizante (EEEP)\"}]},{\"@type\":\"WebSite\",\"@id\":\"https:\/\/ww16.ce.gov.br\/crede10-seduc\/#website\",\"url\":\"https:\/\/ww16.ce.gov.br\/crede10-seduc\/\",\"name\":\"CREDE10-SEDUC\",\"description\":\"Portal CREDE10-SEDUC\",\"potentialAction\":[{\"@type\":\"SearchAction\",\"target\":{\"@type\":\"EntryPoint\",\"urlTemplate\":\"https:\/\/ww16.ce.gov.br\/crede10-seduc\/?s={search_term_string}\"},\"query-input\":{\"@type\":\"PropertyValueSpecification\",\"valueRequired\":true,\"valueName\":\"search_term_string\"}}],\"inLanguage\":\"pt-BR\"}]}<\/script>\n<!-- \/ Yoast SEO plugin. -->","yoast_head_json":{"title":"Ensino M\u00e9dio T\u00e9cnico Profissionalizante (EEEP) - CREDE10-SEDUC","robots":{"index":"index","follow":"follow","max-snippet":"max-snippet:-1","max-image-preview":"max-image-preview:large","max-video-preview":"max-video-preview:-1"},"canonical":"https:\/\/ww16.ce.gov.br\/crede10-seduc\/eeep\/","og_locale":"pt_BR","og_type":"article","og_title":"Ensino M\u00e9dio T\u00e9cnico Profissionalizante (EEEP) - CREDE10-SEDUC","og_description":"&nbsp; ALTO SANTO \u2022 ESCOLA ESTADUAL DE EDUCA\u00c7\u00c3O PROFISSIONAL VEREADOR JOS\u00c9 BATISTA FILHO &#8211; ZEZINHO Endere\u00e7o: Rua Dom Pompeu Bessa S\/N, \u2013 Bairro: Dom Pompeu\u00a0 \u2013 Alto Santo\u00a0 \u2013 CE \u2013 CEP 62970-000. Diretora: Cristiano Silva da Rocha Di\u00f3genes Contatos: Fone(88) E-mail: eeepaltosanto@escola.ce.gov.br &nbsp; ARACATI \u2022\u00a0ESCOLA ESTADUAL DE EDUCA\u00c7\u00c3O PROFISSIONAL PROFESSORA ELSA MARIA PORTO COSTA [&hellip;]","og_url":"https:\/\/ww16.ce.gov.br\/crede10-seduc\/eeep\/","og_site_name":"CREDE10-SEDUC","article_modified_time":"2025-05-27T17:14:27+00:00","twitter_card":"summary_large_image","twitter_misc":{"Est. reading time":"2 minutos"},"schema":{"@context":"https:\/\/schema.org","@graph":[{"@type":"WebPage","@id":"https:\/\/ww16.ce.gov.br\/crede10-seduc\/eeep\/","url":"https:\/\/ww16.ce.gov.br\/crede10-seduc\/eeep\/","name":"Ensino M\u00e9dio T\u00e9cnico Profissionalizante (EEEP) - CREDE10-SEDUC","isPartOf":{"@id":"https:\/\/ww16.ce.gov.br\/crede10-seduc\/#website"},"datePublished":"2021-09-15T19:09:34+00:00","dateModified":"2025-05-27T17:14:27+00:00","breadcrumb":{"@id":"https:\/\/ww16.ce.gov.br\/crede10-seduc\/eeep\/#breadcrumb"},"inLanguage":"pt-BR","potentialAction":[{"@type":"ReadAction","target":["https:\/\/ww16.ce.gov.br\/crede10-seduc\/eeep\/"]}]},{"@type":"BreadcrumbList","@id":"https:\/\/ww16.ce.gov.br\/crede10-seduc\/eeep\/#breadcrumb","itemListElement":[{"@type":"ListItem","position":1,"name":"In\u00edcio","item":"https:\/\/ww16.ce.gov.br\/crede10-seduc\/"},{"@type":"ListItem","position":2,"name":"Ensino M\u00e9dio T\u00e9cnico Profissionalizante (EEEP)"}]},{"@type":"WebSite","@id":"https:\/\/ww16.ce.gov.br\/crede10-seduc\/#website","url":"https:\/\/ww16.ce.gov.br\/crede10-seduc\/","name":"CREDE10-SEDUC","description":"Portal CREDE10-SEDUC","potentialAction":[{"@type":"SearchAction","target":{"@type":"EntryPoint","urlTemplate":"https:\/\/ww16.ce.gov.br\/crede10-seduc\/?s={search_term_string}"},"query-input":{"@type":"PropertyValueSpecification","valueRequired":true,"valueName":"search_term_string"}}],"inLanguage":"pt-BR"}]}},"_links":{"self":[{"href":"https:\/\/ww16.ce.gov.br\/crede10-seduc\/wp-json\/wp\/v2\/pages\/7157","targetHints":{"allow":["GET"]}}],"collection":[{"href":"https:\/\/ww16.ce.gov.br\/crede10-seduc\/wp-json\/wp\/v2\/pages"}],"about":[{"href":"https:\/\/ww16.ce.gov.br\/crede10-seduc\/wp-json\/wp\/v2\/types\/page"}],"author":[{"embeddable":true,"href":"https:\/\/ww16.ce.gov.br\/crede10-seduc\/wp-json\/wp\/v2\/users\/715"}],"replies":[{"embeddable":true,"href":"https:\/\/ww16.ce.gov.br\/crede10-seduc\/wp-json\/wp\/v2\/comments?post=7157"}],"version-history":[{"count":19,"href":"https:\/\/ww16.ce.gov.br\/crede10-seduc\/wp-json\/wp\/v2\/pages\/7157\/revisions"}],"predecessor-version":[{"id":11579,"href":"https:\/\/ww16.ce.gov.br\/crede10-seduc\/wp-json\/wp\/v2\/pages\/7157\/revisions\/11579"}],"wp:attachment":[{"href":"https:\/\/ww16.ce.gov.br\/crede10-seduc\/wp-json\/wp\/v2\/media?parent=7157"}],"curies":[{"name":"wp","href":"https:\/\/api.w.org\/{rel}","templated":true}]}}