{"id":7147,"date":"2021-09-15T15:50:17","date_gmt":"2021-09-15T18:50:17","guid":{"rendered":"http:\/\/www.crede10.seduc.ce.gov.br\/?page_id=7147"},"modified":"2021-09-16T10:18:34","modified_gmt":"2021-09-16T13:18:34","slug":"identidade-organizacional","status":"publish","type":"page","link":"https:\/\/ww16.ce.gov.br\/crede10-seduc\/identidade-organizacional\/","title":{"rendered":"Identidade Organizacional"},"content":{"rendered":"<p><span style=\"font-family: OpenSans-Semibold, Helvetica, Arial, sans-serif;font-size: 16px\">Miss\u00e3o<\/span><\/p>\n<div class=\"SingleContent\">\n<p>Garantir educa\u00e7\u00e3o b\u00e1sica com equidade e foco no sucesso do aluno.<\/p>\n<hr \/>\n<p>&nbsp;<\/p>\n<h4>Vis\u00e3o<\/h4>\n<p>Ser uma organiza\u00e7\u00e3o eficaz que valoriza o desenvolvimento de pessoas, tendo como prioridade garantir o atendimento educacional de todas as crian\u00e7as e jovens de 04 a 18 anos, a melhoria dos resultados de aprendizagem em todos os n\u00edveis de ensino e a efetiva articula\u00e7\u00e3o do ensino m\u00e9dio \u00e0 educa\u00e7\u00e3o profissional e ao mundo do trabalho.<\/p>\n<hr \/>\n<p>&nbsp;<\/p>\n<h4>Valores<\/h4>\n<p>\u2022 Qualidade;<\/p>\n<p>\u2022 Transpar\u00eancia;<\/p>\n<p>\u2022 \u00c9tica;<\/p>\n<p>\u2022 Equidade;<\/p>\n<p>\u2022 Efici\u00eancia;<\/p>\n<p>\u2022 Participa\u00e7\u00e3o.<\/p>\n<p>&nbsp;<\/p>\n<\/div>\n<p>Art. 3\u00ba do Decreto n\u00ba 33376 \u2013 Regulamento Seduc, DOE de 02 de dezembro de 2019.<\/p>\n<div class=\"SingleContent\">\n<p>&nbsp;<\/p>\n<hr \/>\n<p>&nbsp;<\/p>\n<h4>Objetivos<\/h4>\n<p>1 \u2013 Fortalecer o regime de colabora\u00e7\u00e3o, com foco na alfabetiza\u00e7\u00e3o na idade certa e na melhoria da aprendizagem dos alunos at\u00e9 o 5\u00ba ano;<\/p>\n<p>2 \u2013 Garantir o acesso e a melhoria dos indicadores de perman\u00eancia, fluxo e desempenho dos alunos no Ensino M\u00e9dio.<\/p>\n<p>3 \u2013 Diversificar a oferta do Ensino M\u00e9dio, articulando-o com a educa\u00e7\u00e3o profissional, com o mundo do trabalho e com o ensino superior.<\/p>\n<p>4 \u2013 Promover o protagonismo e empreendedorismo estudantil como premissa da a\u00e7\u00e3o educativa.<\/p>\n<p>5 \u2013 Valorizar os profissionais da educa\u00e7\u00e3o, assegurando a melhoria das condi\u00e7\u00f5es de trabalho e oportunidades de desenvolvimento pessoal e profissional.<\/p>\n<p>6 \u2013 Consolidar modelos de gest\u00e3o focados na autonomia escolar e nos resultados de aprendizagem.<\/p>\n<p>7 \u2013 Fortalecer a escola como espa\u00e7o de inclus\u00e3o, de respeito \u00e0 diversidade e da promo\u00e7\u00e3o da cultura da paz.<\/p>\n<p>&nbsp;<\/p>\n<h4>Compet\u00eancias da Seduc<\/h4>\n<p>I-definir e coordenar pol\u00edticas e diretrizes educacionais para o sistema de ensino m\u00e9dio, comprometidas com o desenvolvimento social inclusivo e a forma\u00e7\u00e3o cidad\u00e3;<br \/>\nII-garantir, em estreita colabora\u00e7\u00e3o com os munic\u00edpios, a oferta da educa\u00e7\u00e3o b\u00e1sica de qualidade para crian\u00e7as, jovens e adultos residentes no territ\u00f3rio cearense;<br \/>\nIII-estimular a parceria institucional na formula\u00e7\u00e3o e implementa\u00e7\u00e3o de programas de educa\u00e7\u00e3o profissional para os jovens cearenses;<br \/>\nIV-assegurar o fortalecimento da pol\u00edtica de gest\u00e3o democr\u00e1tica, na rede p\u00fablica de ensino do Estado;<br \/>\nV-promover o desenvolvimento de pessoas para o sistema de ensino, garantindo qualidade na forma\u00e7\u00e3o e valoriza\u00e7\u00e3o profissional;<br \/>\nVI-estimular o di\u00e1logo com a sociedade civil e outras inst\u00e2ncias governamentais como instrumento de controle social e de integra\u00e7\u00e3o das pol\u00edticas educacionais;<br \/>\nVII-assegurar a manuten\u00e7\u00e3o e o funcionamento da Rede P\u00fablica de Ensino Estadual de acordo com padr\u00f5es b\u00e1sicos de qualidade;<br \/>\nVIII-desenvolver mecanismos de acompanhamento e avalia\u00e7\u00e3o do sistema de ensino p\u00fablico, com foco na melhoria de resultados educacionais;<br \/>\nIX-promover a realiza\u00e7\u00e3o de estudos e pesquisas para o aperfei\u00e7oamento do sistema educacional, estabelecendo parcerias com outros \u00f3rg\u00e3os e institui\u00e7\u00f5es p\u00fablicas e privadas, nacionais e internacionais;<br \/>\nX-exercer outras compet\u00eancias necess\u00e1rias ao cumprimento de suas finalidades nos termos do regulamento;<br \/>\nXI-garantir a liberdade de aprender, ensinar, pesquisar e divulgar o pensamento, a arte e o saber;<br \/>\nXII-garantir o pluralismo de ideias, de concep\u00e7\u00f5es pedag\u00f3gicas e de manifesta\u00e7\u00e3o de opini\u00f5es na rede p\u00fablica de ensino estadual.<\/p>\n<p>Art. 2\u00ba do Decreto n\u00ba 33376 \u2013 Regulamento Seduc, DOE de 02 de dezembro de 2019.<\/p>\n<p>&nbsp;<\/p>\n<h4>Compet\u00eancias Crede<\/h4>\n<p>I- coordenar a implementa\u00e7\u00e3o e a execu\u00e7\u00e3o das pol\u00edticas e diretrizes educacionais na sua abrang\u00eancia, voltadas para expans\u00e3o e melhoria da educa\u00e7\u00e3o da rede p\u00fablica de ensino;<br \/>\nII- fortalecer as a\u00e7\u00f5es compartilhadas entre Estado e munic\u00edpios e a gest\u00e3o efetiva das estrat\u00e9gias para funcionamento da rede p\u00fablica;<br \/>\nIII- promover a articula\u00e7\u00e3o e mobiliza\u00e7\u00e3o da sociedade civil na busca do desenvolvimento e alcance das metas e estrat\u00e9gias do governo;<br \/>\nIV- desenvolver mecanismos de acompanhamento e monitoramento da gest\u00e3o escolar que assegurem a moderniza\u00e7\u00e3o e a melhoria dos servi\u00e7os educacionais com foco no ensino-aprendizagem;<br \/>\nV- garantir a oferta e a qualidade dos servi\u00e7os p\u00fablicos educacionais, no \u00e2mbito da gest\u00e3o de pessoas, recursos financeiros, patrimoniais, em observ\u00e2ncia com a legisla\u00e7\u00e3o vigente;<br \/>\nVI- implementar e acompanhar a\u00e7\u00f5es de inova\u00e7\u00e3o e otimiza\u00e7\u00e3o de processos na Crede e nas unidades escolares de sua abrang\u00eancia;<br \/>\nVII- coordenar o processo de elei\u00e7\u00e3o de diretores, bem como realizar os demais processos inerentes \u00e0 sele\u00e7\u00e3o dos gestores;<br \/>\nVIII- realizar a gest\u00e3o financeira, de pessoal, administrativa e pedag\u00f3gica da Sede da Crede;<br \/>\nIX- planejar a rede de ensino para assegurar a matr\u00edcula de todos os alunos na idade pr\u00f3pria e \u00e0queles que n\u00e3o tiveram acesso na idade pr\u00f3pria;<br \/>\nX- coordenar os processos de avalia\u00e7\u00e3o externa;<br \/>\nXI- promover a forma\u00e7\u00e3o em servi\u00e7o dos servidores em parceria com a Seduc e o Centro de Forma\u00e7\u00e3o Docente e Ensino a Dist\u00e2ncia;<br \/>\nXII- promover a mobiliza\u00e7\u00e3o, a prepara\u00e7\u00e3o e a articula\u00e7\u00e3o de a\u00e7\u00f5es voltadas para o ingresso dos alunos no n\u00edvel superior;<br \/>\nXIII- coordenar e\/ou acompanhar, conforme o caso, os processos de lota\u00e7\u00e3o, remo\u00e7\u00e3o, desempenho e avalia\u00e7\u00e3o dos professores, efetivos e tempor\u00e1rios.<\/p>\n<p>Art. 70 do Decreto n\u00ba 33376 \u2013 Regulamento Seduc, DOE de 02 de dezembro de 2019.<\/p>\n<\/div>\n","protected":false},"excerpt":{"rendered":"<p>Miss\u00e3o Garantir educa\u00e7\u00e3o b\u00e1sica com equidade e foco no sucesso do aluno. &nbsp; Vis\u00e3o Ser uma organiza\u00e7\u00e3o eficaz que valoriza o desenvolvimento de pessoas, tendo como prioridade garantir o atendimento educacional de todas as crian\u00e7as e jovens de 04 a 18 anos, a melhoria dos resultados de aprendizagem em todos os n\u00edveis de ensino e [&hellip;]<\/p>\n","protected":false},"author":519,"featured_media":0,"parent":0,"menu_order":0,"comment_status":"closed","ping_status":"closed","template":"","meta":{"_acf_changed":false,"inline_featured_image":false,"footnotes":""},"class_list":["post-7147","page","type-page","status-publish","hentry"],"acf":[],"yoast_head":"<!-- This site is optimized with the Yoast SEO plugin v26.9 - https:\/\/yoast.com\/product\/yoast-seo-wordpress\/ -->\n<title>Identidade Organizacional - CREDE10-SEDUC<\/title>\n<meta name=\"robots\" content=\"index, follow, max-snippet:-1, max-image-preview:large, max-video-preview:-1\" \/>\n<link rel=\"canonical\" href=\"https:\/\/ww16.ce.gov.br\/crede10-seduc\/identidade-organizacional\/\" \/>\n<meta property=\"og:locale\" content=\"pt_BR\" \/>\n<meta property=\"og:type\" content=\"article\" \/>\n<meta property=\"og:title\" content=\"Identidade Organizacional - CREDE10-SEDUC\" \/>\n<meta property=\"og:description\" content=\"Miss\u00e3o Garantir educa\u00e7\u00e3o b\u00e1sica com equidade e foco no sucesso do aluno. &nbsp; Vis\u00e3o Ser uma organiza\u00e7\u00e3o eficaz que valoriza o desenvolvimento de pessoas, tendo como prioridade garantir o atendimento educacional de todas as crian\u00e7as e jovens de 04 a 18 anos, a melhoria dos resultados de aprendizagem em todos os n\u00edveis de ensino e [&hellip;]\" \/>\n<meta property=\"og:url\" content=\"https:\/\/ww16.ce.gov.br\/crede10-seduc\/identidade-organizacional\/\" \/>\n<meta property=\"og:site_name\" content=\"CREDE10-SEDUC\" \/>\n<meta property=\"article:modified_time\" content=\"2021-09-16T13:18:34+00:00\" \/>\n<meta name=\"twitter:card\" content=\"summary_large_image\" \/>\n<meta name=\"twitter:label1\" content=\"Est. reading time\" \/>\n\t<meta name=\"twitter:data1\" content=\"4 minutos\" \/>\n<script type=\"application\/ld+json\" class=\"yoast-schema-graph\">{\"@context\":\"https:\/\/schema.org\",\"@graph\":[{\"@type\":\"WebPage\",\"@id\":\"https:\/\/ww16.ce.gov.br\/crede10-seduc\/identidade-organizacional\/\",\"url\":\"https:\/\/ww16.ce.gov.br\/crede10-seduc\/identidade-organizacional\/\",\"name\":\"Identidade Organizacional - CREDE10-SEDUC\",\"isPartOf\":{\"@id\":\"https:\/\/ww16.ce.gov.br\/crede10-seduc\/#website\"},\"datePublished\":\"2021-09-15T18:50:17+00:00\",\"dateModified\":\"2021-09-16T13:18:34+00:00\",\"breadcrumb\":{\"@id\":\"https:\/\/ww16.ce.gov.br\/crede10-seduc\/identidade-organizacional\/#breadcrumb\"},\"inLanguage\":\"pt-BR\",\"potentialAction\":[{\"@type\":\"ReadAction\",\"target\":[\"https:\/\/ww16.ce.gov.br\/crede10-seduc\/identidade-organizacional\/\"]}]},{\"@type\":\"BreadcrumbList\",\"@id\":\"https:\/\/ww16.ce.gov.br\/crede10-seduc\/identidade-organizacional\/#breadcrumb\",\"itemListElement\":[{\"@type\":\"ListItem\",\"position\":1,\"name\":\"In\u00edcio\",\"item\":\"https:\/\/ww16.ce.gov.br\/crede10-seduc\/\"},{\"@type\":\"ListItem\",\"position\":2,\"name\":\"Identidade Organizacional\"}]},{\"@type\":\"WebSite\",\"@id\":\"https:\/\/ww16.ce.gov.br\/crede10-seduc\/#website\",\"url\":\"https:\/\/ww16.ce.gov.br\/crede10-seduc\/\",\"name\":\"CREDE10-SEDUC\",\"description\":\"Portal CREDE10-SEDUC\",\"potentialAction\":[{\"@type\":\"SearchAction\",\"target\":{\"@type\":\"EntryPoint\",\"urlTemplate\":\"https:\/\/ww16.ce.gov.br\/crede10-seduc\/?s={search_term_string}\"},\"query-input\":{\"@type\":\"PropertyValueSpecification\",\"valueRequired\":true,\"valueName\":\"search_term_string\"}}],\"inLanguage\":\"pt-BR\"}]}<\/script>\n<!-- \/ Yoast SEO plugin. -->","yoast_head_json":{"title":"Identidade Organizacional - CREDE10-SEDUC","robots":{"index":"index","follow":"follow","max-snippet":"max-snippet:-1","max-image-preview":"max-image-preview:large","max-video-preview":"max-video-preview:-1"},"canonical":"https:\/\/ww16.ce.gov.br\/crede10-seduc\/identidade-organizacional\/","og_locale":"pt_BR","og_type":"article","og_title":"Identidade Organizacional - CREDE10-SEDUC","og_description":"Miss\u00e3o Garantir educa\u00e7\u00e3o b\u00e1sica com equidade e foco no sucesso do aluno. &nbsp; Vis\u00e3o Ser uma organiza\u00e7\u00e3o eficaz que valoriza o desenvolvimento de pessoas, tendo como prioridade garantir o atendimento educacional de todas as crian\u00e7as e jovens de 04 a 18 anos, a melhoria dos resultados de aprendizagem em todos os n\u00edveis de ensino e [&hellip;]","og_url":"https:\/\/ww16.ce.gov.br\/crede10-seduc\/identidade-organizacional\/","og_site_name":"CREDE10-SEDUC","article_modified_time":"2021-09-16T13:18:34+00:00","twitter_card":"summary_large_image","twitter_misc":{"Est. reading time":"4 minutos"},"schema":{"@context":"https:\/\/schema.org","@graph":[{"@type":"WebPage","@id":"https:\/\/ww16.ce.gov.br\/crede10-seduc\/identidade-organizacional\/","url":"https:\/\/ww16.ce.gov.br\/crede10-seduc\/identidade-organizacional\/","name":"Identidade Organizacional - CREDE10-SEDUC","isPartOf":{"@id":"https:\/\/ww16.ce.gov.br\/crede10-seduc\/#website"},"datePublished":"2021-09-15T18:50:17+00:00","dateModified":"2021-09-16T13:18:34+00:00","breadcrumb":{"@id":"https:\/\/ww16.ce.gov.br\/crede10-seduc\/identidade-organizacional\/#breadcrumb"},"inLanguage":"pt-BR","potentialAction":[{"@type":"ReadAction","target":["https:\/\/ww16.ce.gov.br\/crede10-seduc\/identidade-organizacional\/"]}]},{"@type":"BreadcrumbList","@id":"https:\/\/ww16.ce.gov.br\/crede10-seduc\/identidade-organizacional\/#breadcrumb","itemListElement":[{"@type":"ListItem","position":1,"name":"In\u00edcio","item":"https:\/\/ww16.ce.gov.br\/crede10-seduc\/"},{"@type":"ListItem","position":2,"name":"Identidade Organizacional"}]},{"@type":"WebSite","@id":"https:\/\/ww16.ce.gov.br\/crede10-seduc\/#website","url":"https:\/\/ww16.ce.gov.br\/crede10-seduc\/","name":"CREDE10-SEDUC","description":"Portal CREDE10-SEDUC","potentialAction":[{"@type":"SearchAction","target":{"@type":"EntryPoint","urlTemplate":"https:\/\/ww16.ce.gov.br\/crede10-seduc\/?s={search_term_string}"},"query-input":{"@type":"PropertyValueSpecification","valueRequired":true,"valueName":"search_term_string"}}],"inLanguage":"pt-BR"}]}},"_links":{"self":[{"href":"https:\/\/ww16.ce.gov.br\/crede10-seduc\/wp-json\/wp\/v2\/pages\/7147","targetHints":{"allow":["GET"]}}],"collection":[{"href":"https:\/\/ww16.ce.gov.br\/crede10-seduc\/wp-json\/wp\/v2\/pages"}],"about":[{"href":"https:\/\/ww16.ce.gov.br\/crede10-seduc\/wp-json\/wp\/v2\/types\/page"}],"author":[{"embeddable":true,"href":"https:\/\/ww16.ce.gov.br\/crede10-seduc\/wp-json\/wp\/v2\/users\/519"}],"replies":[{"embeddable":true,"href":"https:\/\/ww16.ce.gov.br\/crede10-seduc\/wp-json\/wp\/v2\/comments?post=7147"}],"version-history":[{"count":3,"href":"https:\/\/ww16.ce.gov.br\/crede10-seduc\/wp-json\/wp\/v2\/pages\/7147\/revisions"}],"predecessor-version":[{"id":7213,"href":"https:\/\/ww16.ce.gov.br\/crede10-seduc\/wp-json\/wp\/v2\/pages\/7147\/revisions\/7213"}],"wp:attachment":[{"href":"https:\/\/ww16.ce.gov.br\/crede10-seduc\/wp-json\/wp\/v2\/media?parent=7147"}],"curies":[{"name":"wp","href":"https:\/\/api.w.org\/{rel}","templated":true}]}}