{"id":28,"date":"2017-11-20T12:57:39","date_gmt":"2017-11-20T14:57:39","guid":{"rendered":"http:\/\/www.ceara.gov.br\/crede10\/?page_id=28"},"modified":"2022-01-19T14:53:00","modified_gmt":"2022-01-19T17:53:00","slug":"ultimas-noticias","status":"publish","type":"page","link":"https:\/\/ww16.ce.gov.br\/crede10-seduc\/imprensa\/ultimas-noticias\/","title":{"rendered":"\u00daltimas Not\u00edcias"},"content":{"rendered":"\n<div class=\"ListagemManchetes row \">\n\n\n    <div class=\"  dt-8  \">\n\n        <div class=\"separador\">\n\n            \n        <\/div>\n\n            \n                    <div class=\"UltimasNoticias\">\n\n                                                    <h2 class=\"-SmallTitle\"> \u00daltimas Not\u00edcias <\/h2>\n                        \n                        <div class=\"SliderManchetes\">\n                            \n                                <figure class=\"frame\">\n                                    <img decoding=\"async\" src=\"https:\/\/ww16.ce.gov.br\/crede10-seduc\/wp-content\/uploads\/sites\/110\/2026\/01\/WhatsApp-Image-2026-01-29-at-14.00.17-e1769707104169.jpeg\" class=\"attachment-medio size-medio\" alt=\"CREDE 10 parabeniza 364 estudantes aprovados no Vestibular da UECE\" srcset=\"https:\/\/ww16.ce.gov.br\/crede10-seduc\/wp-content\/uploads\/sites\/110\/2026\/01\/WhatsApp-Image-2026-01-29-at-14.00.17-e1769707104169.jpeg 1080w, https:\/\/ww16.ce.gov.br\/crede10-seduc\/wp-content\/uploads\/sites\/110\/2026\/01\/WhatsApp-Image-2026-01-29-at-14.00.17-e1769707104169-600x352.jpeg 600w, https:\/\/ww16.ce.gov.br\/crede10-seduc\/wp-content\/uploads\/sites\/110\/2026\/01\/WhatsApp-Image-2026-01-29-at-14.00.17-e1769707104169-768x451.jpeg 768w\" sizes=\"(max-width: 1080px) 100vw, 1080px\" \/>                                    <figcaption>\n                                                                                    <a href=\"https:\/\/ww16.ce.gov.br\/crede10-seduc\/categoria\/destaque\/\" class=\"categoria\">Destaque<\/a>\n                                                                                <a href=\"https:\/\/ww16.ce.gov.br\/crede10-seduc\/2026\/01\/29\/crede-10-parabeniza-364-estudantes-aprovados-no-vestibular-da-uece\/\">\n                                            <h3 class=\"-bold\">CREDE 10 parabeniza 364 estudantes aprovados no Vestibular da UECE<\/h3>\n                                        <\/a>\n\n                                        <div class=\"actions\">\n                                                                                            <a href=\"https:\/\/ww16.ce.gov.br\/crede10-seduc\/2026\/01\/29\/crede-10-parabeniza-364-estudantes-aprovados-no-vestibular-da-uece\/\"><\/a>\n                                                                                                                                <\/div>\n                                    <\/figcaption>\n                                <\/figure>\n\n                            \n                                <figure class=\"frame\">\n                                    <img decoding=\"async\" src=\"https:\/\/ww16.ce.gov.br\/crede10-seduc\/wp-content\/uploads\/sites\/110\/2026\/01\/WhatsApp-Image-2026-01-28-at-08.56.061.jpeg\" class=\"attachment-medio size-medio\" alt=\"CREDE 10 realiza Jornada Pedag\u00f3gica para alinhar as Diretrizes Educacionais de 2026\" srcset=\"https:\/\/ww16.ce.gov.br\/crede10-seduc\/wp-content\/uploads\/sites\/110\/2026\/01\/WhatsApp-Image-2026-01-28-at-08.56.061.jpeg 1024w, https:\/\/ww16.ce.gov.br\/crede10-seduc\/wp-content\/uploads\/sites\/110\/2026\/01\/WhatsApp-Image-2026-01-28-at-08.56.061-600x900.jpeg 600w, https:\/\/ww16.ce.gov.br\/crede10-seduc\/wp-content\/uploads\/sites\/110\/2026\/01\/WhatsApp-Image-2026-01-28-at-08.56.061-768x1152.jpeg 768w\" sizes=\"(max-width: 1024px) 100vw, 1024px\" \/>                                    <figcaption>\n                                                                                    <a href=\"https:\/\/ww16.ce.gov.br\/crede10-seduc\/categoria\/destaque\/\" class=\"categoria\">Destaque<\/a>\n                                                                                <a href=\"https:\/\/ww16.ce.gov.br\/crede10-seduc\/2026\/01\/27\/crede-10-realiza-jornada-pedagogica-para-alinhar-as-diretrizes-educacionais-de-2026\/\">\n                                            <h3 class=\"-bold\">CREDE 10 realiza Jornada Pedag\u00f3gica para alinhar as Diretrizes Educacionais de 2026<\/h3>\n                                        <\/a>\n\n                                        <div class=\"actions\">\n                                                                                            <a href=\"https:\/\/ww16.ce.gov.br\/crede10-seduc\/2026\/01\/27\/crede-10-realiza-jornada-pedagogica-para-alinhar-as-diretrizes-educacionais-de-2026\/\"><\/a>\n                                                                                                                                <\/div>\n                                    <\/figcaption>\n                                <\/figure>\n\n                            \n                                <figure class=\"frame\">\n                                    <img decoding=\"async\" src=\"https:\/\/ww16.ce.gov.br\/crede10-seduc\/wp-content\/uploads\/sites\/110\/2026\/01\/Copia-de-banner-786x549-10.png\" class=\"attachment-medio size-medio\" alt=\"CRONOGRAMA DE MATR\u00cdCULAS\" srcset=\"https:\/\/ww16.ce.gov.br\/crede10-seduc\/wp-content\/uploads\/sites\/110\/2026\/01\/Copia-de-banner-786x549-10.png 786w, https:\/\/ww16.ce.gov.br\/crede10-seduc\/wp-content\/uploads\/sites\/110\/2026\/01\/Copia-de-banner-786x549-10-600x419.png 600w, https:\/\/ww16.ce.gov.br\/crede10-seduc\/wp-content\/uploads\/sites\/110\/2026\/01\/Copia-de-banner-786x549-10-768x536.png 768w\" sizes=\"(max-width: 786px) 100vw, 786px\" \/>                                    <figcaption>\n                                                                                    <a href=\"https:\/\/ww16.ce.gov.br\/crede10-seduc\/categoria\/destaque\/\" class=\"categoria\">Destaque<\/a>\n                                                                                <a href=\"\">\n                                            <h3 class=\"-bold\">CRONOGRAMA DE MATR\u00cdCULAS<\/h3>\n                                        <\/a>\n\n                                        <div class=\"actions\">\n                                                                                                                                <\/div>\n                                    <\/figcaption>\n                                <\/figure>\n\n                            \n                                <figure class=\"frame\">\n                                    <img decoding=\"async\" src=\"https:\/\/ww16.ce.gov.br\/crede10-seduc\/wp-content\/uploads\/sites\/110\/2026\/01\/Copia-de-banner-786x549-9.png\" class=\"attachment-medio size-medio\" alt=\"REMO\u00c7\u00c3O 2026 &#8211; NOVA EEEP DE ARACATI\" srcset=\"https:\/\/ww16.ce.gov.br\/crede10-seduc\/wp-content\/uploads\/sites\/110\/2026\/01\/Copia-de-banner-786x549-9.png 786w, https:\/\/ww16.ce.gov.br\/crede10-seduc\/wp-content\/uploads\/sites\/110\/2026\/01\/Copia-de-banner-786x549-9-600x419.png 600w, https:\/\/ww16.ce.gov.br\/crede10-seduc\/wp-content\/uploads\/sites\/110\/2026\/01\/Copia-de-banner-786x549-9-768x536.png 768w\" sizes=\"(max-width: 786px) 100vw, 786px\" \/>                                    <figcaption>\n                                                                                    <a href=\"https:\/\/ww16.ce.gov.br\/crede10-seduc\/categoria\/destaque\/\" class=\"categoria\">Destaque<\/a>\n                                                                                <a href=\"\">\n                                            <h3 class=\"-bold\">REMO\u00c7\u00c3O 2026 &#8211; NOVA EEEP DE ARACATI<\/h3>\n                                        <\/a>\n\n                                        <div class=\"actions\">\n                                                                                                                                <\/div>\n                                    <\/figcaption>\n                                <\/figure>\n\n                            \n                                <figure class=\"frame\">\n                                    <img decoding=\"async\" src=\"https:\/\/ww16.ce.gov.br\/crede10-seduc\/wp-content\/uploads\/sites\/110\/2026\/01\/WhatsApp-Image-2026-01-14-at-13.40.53.jpeg\" class=\"attachment-medio size-medio\" alt=\"CREDE 10 DIVULGA EDITAL DE VAGAS REMANESCENTES DA NOVA EEEP DE ARACATI PARA A 1\u00aa S\u00c9RIE DE 2026\" srcset=\"https:\/\/ww16.ce.gov.br\/crede10-seduc\/wp-content\/uploads\/sites\/110\/2026\/01\/WhatsApp-Image-2026-01-14-at-13.40.53.jpeg 786w, https:\/\/ww16.ce.gov.br\/crede10-seduc\/wp-content\/uploads\/sites\/110\/2026\/01\/WhatsApp-Image-2026-01-14-at-13.40.53-600x419.jpeg 600w, https:\/\/ww16.ce.gov.br\/crede10-seduc\/wp-content\/uploads\/sites\/110\/2026\/01\/WhatsApp-Image-2026-01-14-at-13.40.53-768x536.jpeg 768w\" sizes=\"(max-width: 786px) 100vw, 786px\" \/>                                    <figcaption>\n                                                                                    <a href=\"https:\/\/ww16.ce.gov.br\/crede10-seduc\/categoria\/destaque\/\" class=\"categoria\">Destaque<\/a>\n                                                                                <a href=\"https:\/\/ww16.ce.gov.br\/crede10-seduc\/2026\/01\/14\/crede-10-divulga-edital-de-vagas-remanescentes-da-nova-eeep-de-aracati-para-a-1a-serie-de-2026\/\">\n                                            <h3 class=\"-bold\">CREDE 10 DIVULGA EDITAL DE VAGAS REMANESCENTES DA NOVA EEEP DE ARACATI PARA A 1\u00aa S\u00c9RIE DE 2026<\/h3>\n                                        <\/a>\n\n                                        <div class=\"actions\">\n                                                                                            <a href=\"https:\/\/ww16.ce.gov.br\/crede10-seduc\/2026\/01\/14\/crede-10-divulga-edital-de-vagas-remanescentes-da-nova-eeep-de-aracati-para-a-1a-serie-de-2026\/\"><\/a>\n                                                                                                                                <\/div>\n                                    <\/figcaption>\n                                <\/figure>\n\n                                                    <\/div>\n\n                    <\/div>\n\n            \n\n\n    <\/div>\n\n    <div class=\"Side dt-4\">\n                    <a href=\"https:\/\/ww16.ce.gov.br\/crede10-seduc\/category\/chamada-publica\/\" style=\"display: block; margin-bottom: 0.9375rem;\">\n                <img decoding=\"async\" src=\"https:\/\/www.crede10.seduc.ce.gov.br\/wp-content\/uploads\/sites\/110\/2021\/09\/banne_editais_chamadas.png\" style=\"margin: 0; width: 100%;\">\n            <\/a>\n                                \n\n        <div class=\"destacado\">\n                    <a class=\"categoria\" href=\"https:\/\/ww16.ce.gov.br\/crede10-seduc\/categoria\/chamada-publica\/\">Chamada P\u00fablica<\/a>\n                <a href=\"https:\/\/ww16.ce.gov.br\/crede10-seduc\/2026\/03\/09\/selecao-publica-de-professores-para-atender-necessidades-temporarias-da-eeep-francisca-rocha-silva-6\/\">\n                        <h2 class=\"-bold\">SELE\u00c7\u00c3O P\u00daBLICA DE PROFESSORES PARA ATENDER NECESSIDADES TEMPOR\u00c1RIAS DA EEEP FRANCISCA ROCHA SILVA<\/h2>\n                    <\/a>\n    <\/div><hr \/>\n    \n\n        <div class=\"destacado\">\n                    <a class=\"categoria\" href=\"https:\/\/ww16.ce.gov.br\/crede10-seduc\/categoria\/chamada-publica\/\">Chamada P\u00fablica<\/a>\n                <a href=\"https:\/\/ww16.ce.gov.br\/crede10-seduc\/2026\/03\/06\/termo-de-prorrogacao-de-prazos-da-chamada-publica-no-002-2024\/\">\n                            <h3>Termo de Prorroga\u00e7\u00e3o de Prazos da Chamada P\u00fablica n\u00ba 002\/2024<\/h3>\n                    <\/a>\n    <\/div><hr \/>\n    \n\n        <div class=\"destacado\">\n                    <a class=\"categoria\" href=\"https:\/\/ww16.ce.gov.br\/crede10-seduc\/categoria\/sessao-de-noticias\/lista-de-noticias\/\">\u00daltimas Not\u00edcias<\/a>\n                <a href=\"https:\/\/ww16.ce.gov.br\/crede10-seduc\/2026\/03\/06\/escola-elsa-porto-brilha-em-brasilia-no-lancamento-do-programa-jovem-cientista-da-pesca-artesanal\/\">\n                            <h3>EEEP Elsa Porto brilha em Bras\u00edlia no lan\u00e7amento do Programa Jovem Cientista da Pesca<\/h3>\n                    <\/a>\n    <\/div><hr \/>\n    \n        \n    <\/div>\n\n<\/div>\n\n<span id=\"destaques\" class=\"ancora-vazia\"><\/span>\n<p>&nbsp;<\/p>\n","protected":false},"excerpt":{"rendered":"<p>&nbsp;<\/p>\n","protected":false},"author":38,"featured_media":0,"parent":121,"menu_order":0,"comment_status":"closed","ping_status":"closed","template":"","meta":{"_acf_changed":false,"inline_featured_image":false,"footnotes":""},"class_list":["post-28","page","type-page","status-publish","hentry"],"acf":[],"yoast_head":"<!-- This site is optimized with the Yoast SEO plugin v26.9 - https:\/\/yoast.com\/product\/yoast-seo-wordpress\/ -->\n<title>\u00daltimas Not\u00edcias - CREDE10-SEDUC<\/title>\n<meta name=\"robots\" content=\"index, follow, max-snippet:-1, max-image-preview:large, max-video-preview:-1\" \/>\n<link rel=\"canonical\" href=\"https:\/\/ww16.ce.gov.br\/crede10-seduc\/imprensa\/ultimas-noticias\/\" \/>\n<meta property=\"og:locale\" content=\"pt_BR\" \/>\n<meta property=\"og:type\" content=\"article\" \/>\n<meta property=\"og:title\" content=\"\u00daltimas Not\u00edcias - CREDE10-SEDUC\" \/>\n<meta property=\"og:description\" content=\"&nbsp;\" \/>\n<meta property=\"og:url\" content=\"https:\/\/ww16.ce.gov.br\/crede10-seduc\/imprensa\/ultimas-noticias\/\" \/>\n<meta property=\"og:site_name\" content=\"CREDE10-SEDUC\" \/>\n<meta property=\"article:modified_time\" content=\"2022-01-19T17:53:00+00:00\" \/>\n<meta name=\"twitter:card\" content=\"summary_large_image\" \/>\n<script type=\"application\/ld+json\" class=\"yoast-schema-graph\">{\"@context\":\"https:\/\/schema.org\",\"@graph\":[{\"@type\":\"WebPage\",\"@id\":\"https:\/\/ww16.ce.gov.br\/crede10-seduc\/imprensa\/ultimas-noticias\/\",\"url\":\"https:\/\/ww16.ce.gov.br\/crede10-seduc\/imprensa\/ultimas-noticias\/\",\"name\":\"\u00daltimas Not\u00edcias - CREDE10-SEDUC\",\"isPartOf\":{\"@id\":\"https:\/\/ww16.ce.gov.br\/crede10-seduc\/#website\"},\"datePublished\":\"2017-11-20T14:57:39+00:00\",\"dateModified\":\"2022-01-19T17:53:00+00:00\",\"breadcrumb\":{\"@id\":\"https:\/\/ww16.ce.gov.br\/crede10-seduc\/imprensa\/ultimas-noticias\/#breadcrumb\"},\"inLanguage\":\"pt-BR\",\"potentialAction\":[{\"@type\":\"ReadAction\",\"target\":[\"https:\/\/ww16.ce.gov.br\/crede10-seduc\/imprensa\/ultimas-noticias\/\"]}]},{\"@type\":\"BreadcrumbList\",\"@id\":\"https:\/\/ww16.ce.gov.br\/crede10-seduc\/imprensa\/ultimas-noticias\/#breadcrumb\",\"itemListElement\":[{\"@type\":\"ListItem\",\"position\":1,\"name\":\"In\u00edcio\",\"item\":\"https:\/\/ww16.ce.gov.br\/crede10-seduc\/\"},{\"@type\":\"ListItem\",\"position\":2,\"name\":\"Imprensa\",\"item\":\"https:\/\/ww16.ce.gov.br\/crede10-seduc\/\"},{\"@type\":\"ListItem\",\"position\":3,\"name\":\"\u00daltimas Not\u00edcias\"}]},{\"@type\":\"WebSite\",\"@id\":\"https:\/\/ww16.ce.gov.br\/crede10-seduc\/#website\",\"url\":\"https:\/\/ww16.ce.gov.br\/crede10-seduc\/\",\"name\":\"CREDE10-SEDUC\",\"description\":\"Portal CREDE10-SEDUC\",\"potentialAction\":[{\"@type\":\"SearchAction\",\"target\":{\"@type\":\"EntryPoint\",\"urlTemplate\":\"https:\/\/ww16.ce.gov.br\/crede10-seduc\/?s={search_term_string}\"},\"query-input\":{\"@type\":\"PropertyValueSpecification\",\"valueRequired\":true,\"valueName\":\"search_term_string\"}}],\"inLanguage\":\"pt-BR\"}]}<\/script>\n<!-- \/ Yoast SEO plugin. -->","yoast_head_json":{"title":"\u00daltimas Not\u00edcias - CREDE10-SEDUC","robots":{"index":"index","follow":"follow","max-snippet":"max-snippet:-1","max-image-preview":"max-image-preview:large","max-video-preview":"max-video-preview:-1"},"canonical":"https:\/\/ww16.ce.gov.br\/crede10-seduc\/imprensa\/ultimas-noticias\/","og_locale":"pt_BR","og_type":"article","og_title":"\u00daltimas Not\u00edcias - CREDE10-SEDUC","og_description":"&nbsp;","og_url":"https:\/\/ww16.ce.gov.br\/crede10-seduc\/imprensa\/ultimas-noticias\/","og_site_name":"CREDE10-SEDUC","article_modified_time":"2022-01-19T17:53:00+00:00","twitter_card":"summary_large_image","schema":{"@context":"https:\/\/schema.org","@graph":[{"@type":"WebPage","@id":"https:\/\/ww16.ce.gov.br\/crede10-seduc\/imprensa\/ultimas-noticias\/","url":"https:\/\/ww16.ce.gov.br\/crede10-seduc\/imprensa\/ultimas-noticias\/","name":"\u00daltimas Not\u00edcias - CREDE10-SEDUC","isPartOf":{"@id":"https:\/\/ww16.ce.gov.br\/crede10-seduc\/#website"},"datePublished":"2017-11-20T14:57:39+00:00","dateModified":"2022-01-19T17:53:00+00:00","breadcrumb":{"@id":"https:\/\/ww16.ce.gov.br\/crede10-seduc\/imprensa\/ultimas-noticias\/#breadcrumb"},"inLanguage":"pt-BR","potentialAction":[{"@type":"ReadAction","target":["https:\/\/ww16.ce.gov.br\/crede10-seduc\/imprensa\/ultimas-noticias\/"]}]},{"@type":"BreadcrumbList","@id":"https:\/\/ww16.ce.gov.br\/crede10-seduc\/imprensa\/ultimas-noticias\/#breadcrumb","itemListElement":[{"@type":"ListItem","position":1,"name":"In\u00edcio","item":"https:\/\/ww16.ce.gov.br\/crede10-seduc\/"},{"@type":"ListItem","position":2,"name":"Imprensa","item":"https:\/\/ww16.ce.gov.br\/crede10-seduc\/"},{"@type":"ListItem","position":3,"name":"\u00daltimas Not\u00edcias"}]},{"@type":"WebSite","@id":"https:\/\/ww16.ce.gov.br\/crede10-seduc\/#website","url":"https:\/\/ww16.ce.gov.br\/crede10-seduc\/","name":"CREDE10-SEDUC","description":"Portal CREDE10-SEDUC","potentialAction":[{"@type":"SearchAction","target":{"@type":"EntryPoint","urlTemplate":"https:\/\/ww16.ce.gov.br\/crede10-seduc\/?s={search_term_string}"},"query-input":{"@type":"PropertyValueSpecification","valueRequired":true,"valueName":"search_term_string"}}],"inLanguage":"pt-BR"}]}},"_links":{"self":[{"href":"https:\/\/ww16.ce.gov.br\/crede10-seduc\/wp-json\/wp\/v2\/pages\/28","targetHints":{"allow":["GET"]}}],"collection":[{"href":"https:\/\/ww16.ce.gov.br\/crede10-seduc\/wp-json\/wp\/v2\/pages"}],"about":[{"href":"https:\/\/ww16.ce.gov.br\/crede10-seduc\/wp-json\/wp\/v2\/types\/page"}],"author":[{"embeddable":true,"href":"https:\/\/ww16.ce.gov.br\/crede10-seduc\/wp-json\/wp\/v2\/users\/38"}],"replies":[{"embeddable":true,"href":"https:\/\/ww16.ce.gov.br\/crede10-seduc\/wp-json\/wp\/v2\/comments?post=28"}],"version-history":[{"count":29,"href":"https:\/\/ww16.ce.gov.br\/crede10-seduc\/wp-json\/wp\/v2\/pages\/28\/revisions"}],"predecessor-version":[{"id":7963,"href":"https:\/\/ww16.ce.gov.br\/crede10-seduc\/wp-json\/wp\/v2\/pages\/28\/revisions\/7963"}],"up":[{"embeddable":true,"href":"https:\/\/ww16.ce.gov.br\/crede10-seduc\/wp-json\/wp\/v2\/pages\/121"}],"wp:attachment":[{"href":"https:\/\/ww16.ce.gov.br\/crede10-seduc\/wp-json\/wp\/v2\/media?parent=28"}],"curies":[{"name":"wp","href":"https:\/\/api.w.org\/{rel}","templated":true}]}}